{"id":27387,"date":"2023-03-17T18:03:47","date_gmt":"2023-03-17T17:03:47","guid":{"rendered":"https:\/\/www.amstelprinting.nl\/datenschutzerklaerung\/"},"modified":"2026-03-03T22:35:37","modified_gmt":"2026-03-03T21:35:37","slug":"datenschutzerklaerung","status":"publish","type":"page","link":"https:\/\/www.amstelprinting.nl\/de\/datenschutzerklaerung\/","title":{"rendered":"Datenschutzerkl\u00e4rung"},"content":{"rendered":"<p>[et_pb_section fb_built=&#8220;1&#8243; _builder_version=&#8220;4.16&#8243; global_colors_info=&#8220;{}&#8220;][et_pb_row _builder_version=&#8220;4.16&#8243; background_size=&#8220;initial&#8220; background_position=&#8220;top_left&#8220; background_repeat=&#8220;repeat&#8220; global_colors_info=&#8220;{}&#8220;][et_pb_column type=&#8220;4_4&#8243; _builder_version=&#8220;4.16&#8243; custom_padding=&#8220;|||&#8220; global_colors_info=&#8220;{}&#8220; custom_padding__hover=&#8220;|||&#8220;][et_pb_text _builder_version=&#8220;4.27.5&#8243; background_size=&#8220;initial&#8220; background_position=&#8220;top_left&#8220; background_repeat=&#8220;repeat&#8220; hover_enabled=&#8220;0&#8243; global_colors_info=&#8220;{}&#8220; sticky_enabled=&#8220;0&#8243;]<\/p>\n<h1>Datenschutzerkl\u00e4rung<\/h1>\n<p><strong>Zuletzt aktualisiert:<\/strong> 1. Februar 2026<\/p>\n<p>\nWir sind uns bewusst, dass Sie uns Ihr Vertrauen schenken. Daher sehen wir es als unsere Verantwortung an, Ihre Privatsph\u00e4re zu sch\u00fctzen.<br \/>\nIn dieser Datenschutzerkl\u00e4rung erl\u00e4utern wir, welche personenbezogenen Daten wir erheben, warum wir diese erheben und wie wir damit umgehen.\n<\/p>\n<p>\nAmstel Printing respektiert die Privatsph\u00e4re aller Nutzer seiner Website und stellt sicher, dass die pers\u00f6nlichen Informationen, die Sie uns zur Verf\u00fcgung stellen, vertraulich behandelt werden.<br \/>\nWir empfehlen Ihnen, diese Seite regelm\u00e4\u00dfig zu \u00fcberpr\u00fcfen, um \u00fcber eventuelle \u00c4nderungen informiert zu bleiben.\n<\/p>\n<hr>\n<h2>Geltungsbereich<\/h2>\n<p>\nDiese Datenschutzerkl\u00e4rung gilt f\u00fcr alle personenbezogenen Daten, die wir verarbeiten. Dies betrifft insbesondere personenbezogene Daten, die Sie uns zur Verf\u00fcgung stellen, wenn Sie:\n<\/p>\n<ul>\n<li>uns \u00fcber <a href=\"mailto:info@amstelprinting.nl\">info@amstelprinting.nl<\/a> kontaktieren;<\/li>\n<li>unsere Dienstleistungen in Anspruch nehmen;<\/li>\n<li>unsere Website besuchen.<\/li>\n<\/ul>\n<p>\nWir verarbeiten personenbezogene Daten von (potenziellen) Kunden, Lieferanten und Website-Besuchern.\n<\/p>\n<hr>\n<h2>Verwendung der erhobenen Daten<\/h2>\n<h3>Nutzung unserer Dienstleistungen<\/h3>\n<p>\nWenn Sie sich f\u00fcr eine unserer Dienstleistungen anmelden oder eine Anfrage stellen, bitten wir Sie um die Angabe personenbezogener und\/oder unternehmensbezogener Daten.<br \/>\nDiese Daten verwenden wir ausschlie\u00dflich zur ordnungsgem\u00e4\u00dfen Erbringung unserer Dienstleistungen und zur Erf\u00fcllung unserer vertraglichen Verpflichtungen.\n<\/p>\n<p>\nDie Daten werden auf gesicherten Servern von amstelprinting.nl oder auf gesicherten Servern eines von uns beauftragten Dritten gespeichert.\n<\/p>\n<h3>Kommunikation<\/h3>\n<p>\nWenn Sie uns E-Mails oder andere Nachrichten senden, k\u00f6nnen wir diese aufbewahren. Gegebenenfalls bitten wir Sie um zus\u00e4tzliche personenbezogene Daten, die f\u00fcr die jeweilige Situation relevant sind.<br \/>\nDies erm\u00f6glicht es uns, Ihre Anfragen zu bearbeiten und angemessen zu beantworten.\n<\/p>\n<p>\nDiese Daten werden auf gesicherten Servern von amstelprinting.nl oder eines sorgf\u00e4ltig ausgew\u00e4hlten Dritten gespeichert.<br \/>\nWir f\u00fchren diese Daten nicht mit anderen uns vorliegenden personenbezogenen Daten zusammen, es sei denn, dies ist f\u00fcr unsere Dienstleistungen erforderlich.\n<\/p>\n<hr>\n<h2>Cookies<\/h2>\n<p>\nWir verwenden Cookies, um Einblicke in die Nutzung unserer Website zu erhalten und unsere Dienstleistungen zu verbessern.\n<\/p>\n<p>\nEin Cookie ist eine kleine Textdatei, die bei Ihrem ersten Besuch auf dieser Website auf Ihrem Computer, Tablet oder Smartphone gespeichert wird.<br \/>\nDie durch Cookies erzeugten Informationen \u00fcber Ihre Nutzung der Website k\u00f6nnen auf gesicherten Servern von amstelprinting.nl oder eines Dritten gespeichert werden.\n<\/p>\n<p>Wir verwenden diese Informationen, um:<\/p>\n<ul>\n<li>die Nutzung der Website zu analysieren;<\/li>\n<li>Berichte \u00fcber Website-Aktivit\u00e4ten zu erstellen;<\/li>\n<li>unsere Website und Dienstleistungen zu optimieren.<\/li>\n<\/ul>\n<hr>\n<h2>Zwecke der Datenverarbeitung<\/h2>\n<p>\nWir erheben und verwenden personenbezogene Daten ausschlie\u00dflich zu den in dieser Datenschutzerkl\u00e4rung beschriebenen Zwecken,<br \/>\nes sei denn, wir haben zuvor Ihre ausdr\u00fcckliche Einwilligung f\u00fcr einen anderen Zweck erhalten.\n<\/p>\n<hr>\n<h2>Welche personenbezogenen Daten verarbeiten wir?<\/h2>\n<ul>\n<li>Vor- und Nachname<\/li>\n<li>Adressdaten (sofern von Ihnen angegeben)<\/li>\n<li>E-Mail-Adresse<\/li>\n<li>Telefonnummer<\/li>\n<\/ul>\n<hr>\n<h2>Speicherdauer<\/h2>\n<p>\nWir speichern Ihre personenbezogenen Daten nicht l\u00e4nger als erforderlich f\u00fcr den Zweck, f\u00fcr den sie erhoben wurden,<br \/>\nsofern wir nicht gesetzlich zu einer l\u00e4ngeren Speicherung verpflichtet sind.\n<\/p>\n<p>\nWenn Sie einen Vertrag mit Amstel Printing abgeschlossen haben, gilt die gesetzliche steuerrechtliche Aufbewahrungsfrist von sieben Jahren.\n<\/p>\n<hr>\n<h2>Weitergabe an Dritte<\/h2>\n<p>\nWir geben Ihre personenbezogenen Daten nicht an Dritte weiter, es sei denn, dies ist zur Erf\u00fcllung unseres Vertrags mit Ihnen<br \/>\noder aufgrund einer gesetzlichen Verpflichtung erforderlich.\n<\/p>\n<p>\nIn bestimmten F\u00e4llen k\u00f6nnen Daten intern an Mitarbeiter weitergegeben werden.<br \/>\nUnsere Mitarbeiter sind verpflichtet, die Vertraulichkeit Ihrer Daten zu wahren.\n<\/p>\n<hr>\n<h2>Deaktivierung von Cookies<\/h2>\n<p>\nDie meisten Internetbrowser akzeptieren Cookies standardm\u00e4\u00dfig.<br \/>\nSie k\u00f6nnen Ihren Browser so einstellen, dass Cookies abgelehnt werden oder dass Sie benachrichtigt werden, wenn ein Cookie gesetzt wird.\n<\/p>\n<p>\nBitte beachten Sie, dass einige Funktionen der Website m\u00f6glicherweise nicht ordnungsgem\u00e4\u00df funktionieren, wenn Cookies deaktiviert sind.\n<\/p>\n<p>Wir verwenden folgende Arten von Cookies:<\/p>\n<ul>\n<li>Funktionale Cookies<\/li>\n<li>Analytische Cookies<\/li>\n<li>Google Analytics<\/li>\n<\/ul>\n<hr>\n<h2>Ihre Rechte<\/h2>\n<p>Sie haben das Recht auf:<\/p>\n<ul>\n<li>Auskunft \u00fcber Ihre personenbezogenen Daten;<\/li>\n<li>Berichtigung oder L\u00f6schung Ihrer Daten;<\/li>\n<li>Widerspruch gegen die Verarbeitung Ihrer personenbezogenen Daten;<\/li>\n<li>Widerruf Ihrer Einwilligung (sofern die Verarbeitung darauf beruht).<\/li>\n<\/ul>\n<p>\nBei Fragen zu dieser Datenschutzerkl\u00e4rung oder zur Aus\u00fcbung Ihrer Rechte k\u00f6nnen Sie uns kontaktieren unter:\n<\/p>\n<p>\n<strong>E-Mail:<\/strong> <a href=\"mailto:info@amstelprinting.nl\">info@amstelprinting.nl<\/a>\n<\/p>\n<p>[\/et_pb_text][\/et_pb_column][\/et_pb_row][\/et_pb_section]<\/p>\n","protected":false},"excerpt":{"rendered":"<p>Datenschutzerkl\u00e4rung Zuletzt aktualisiert: 1. Februar&#8230;<\/p>\n","protected":false},"author":1,"featured_media":0,"parent":0,"menu_order":0,"comment_status":"closed","ping_status":"closed","template":"","meta":{"_et_pb_use_builder":"on","_et_pb_old_content":"","_et_gb_content_width":"","footnotes":""},"categories":[],"class_list":["post-27387","page","type-page","status-publish","hentry"],"yoast_head":"<!-- This site is optimized with the Yoast SEO plugin v27.3 - https:\/\/yoast.com\/product\/yoast-seo-wordpress\/ -->\n<title>Datenschutzerkl\u00e4rung | Amstel Printing<\/title>\n<meta name=\"robots\" content=\"index, follow, max-snippet:-1, max-image-preview:large, max-video-preview:-1\" \/>\n<link rel=\"canonical\" href=\"https:\/\/www.amstelprinting.nl\/de\/datenschutzerklaerung\/\" \/>\n<meta property=\"og:locale\" content=\"de_DE\" \/>\n<meta property=\"og:type\" content=\"article\" \/>\n<meta property=\"og:title\" content=\"Datenschutzerkl\u00e4rung | Amstel Printing\" \/>\n<meta property=\"og:description\" content=\"Datenschutzerkl\u00e4rung Zuletzt aktualisiert: 1. Februar...\" \/>\n<meta property=\"og:url\" content=\"https:\/\/www.amstelprinting.nl\/de\/datenschutzerklaerung\/\" \/>\n<meta property=\"og:site_name\" content=\"Amstel Printing\" \/>\n<meta property=\"article:modified_time\" content=\"2026-03-03T21:35:37+00:00\" \/>\n<meta property=\"og:image\" content=\"https:\/\/www.amstelprinting.nl\/wp-content\/uploads\/amstel_printing_logo_clean.png\" \/>\n\t<meta property=\"og:image:width\" content=\"324\" \/>\n\t<meta property=\"og:image:height\" content=\"73\" \/>\n\t<meta property=\"og:image:type\" content=\"image\/png\" \/>\n<meta name=\"twitter:card\" content=\"summary_large_image\" \/>\n<meta name=\"twitter:label1\" content=\"Gesch\u00e4tzte Lesezeit\" \/>\n\t<meta name=\"twitter:data1\" content=\"3\u00a0Minuten\" \/>\n<script type=\"application\/ld+json\" class=\"yoast-schema-graph\">{\"@context\":\"https:\\\/\\\/schema.org\",\"@graph\":[{\"@type\":\"WebPage\",\"@id\":\"https:\\\/\\\/www.amstelprinting.nl\\\/de\\\/datenschutzerklaerung\\\/\",\"url\":\"https:\\\/\\\/www.amstelprinting.nl\\\/de\\\/datenschutzerklaerung\\\/\",\"name\":\"Datenschutzerkl\u00e4rung | Amstel Printing\",\"isPartOf\":{\"@id\":\"https:\\\/\\\/www.amstelprinting.nl\\\/de\\\/#website\"},\"datePublished\":\"2023-03-17T17:03:47+00:00\",\"dateModified\":\"2026-03-03T21:35:37+00:00\",\"breadcrumb\":{\"@id\":\"https:\\\/\\\/www.amstelprinting.nl\\\/de\\\/datenschutzerklaerung\\\/#breadcrumb\"},\"inLanguage\":\"de\",\"potentialAction\":[{\"@type\":\"ReadAction\",\"target\":[\"https:\\\/\\\/www.amstelprinting.nl\\\/de\\\/datenschutzerklaerung\\\/\"]}]},{\"@type\":\"BreadcrumbList\",\"@id\":\"https:\\\/\\\/www.amstelprinting.nl\\\/de\\\/datenschutzerklaerung\\\/#breadcrumb\",\"itemListElement\":[{\"@type\":\"ListItem\",\"position\":1,\"name\":\"\",\"item\":\"https:\\\/\\\/www.amstelprinting.nl\\\/de\\\/\"},{\"@type\":\"ListItem\",\"position\":2,\"name\":\"Datenschutzerkl\u00e4rung\"}]},{\"@type\":\"WebSite\",\"@id\":\"https:\\\/\\\/www.amstelprinting.nl\\\/de\\\/#website\",\"url\":\"https:\\\/\\\/www.amstelprinting.nl\\\/de\\\/\",\"name\":\"Amstel Printing\",\"description\":\"Creating Exposure\",\"publisher\":{\"@id\":\"https:\\\/\\\/www.amstelprinting.nl\\\/de\\\/#organization\"},\"potentialAction\":[{\"@type\":\"SearchAction\",\"target\":{\"@type\":\"EntryPoint\",\"urlTemplate\":\"https:\\\/\\\/www.amstelprinting.nl\\\/de\\\/?s={search_term_string}\"},\"query-input\":{\"@type\":\"PropertyValueSpecification\",\"valueRequired\":true,\"valueName\":\"search_term_string\"}}],\"inLanguage\":\"de\"},{\"@type\":\"Organization\",\"@id\":\"https:\\\/\\\/www.amstelprinting.nl\\\/de\\\/#organization\",\"name\":\"Amstel Printing\",\"url\":\"https:\\\/\\\/www.amstelprinting.nl\\\/de\\\/\",\"logo\":{\"@type\":\"ImageObject\",\"inLanguage\":\"de\",\"@id\":\"https:\\\/\\\/www.amstelprinting.nl\\\/de\\\/#\\\/schema\\\/logo\\\/image\\\/\",\"url\":\"https:\\\/\\\/www.amstelprinting.nl\\\/wp-content\\\/uploads\\\/amstel_printing_logo_clean.png\",\"contentUrl\":\"https:\\\/\\\/www.amstelprinting.nl\\\/wp-content\\\/uploads\\\/amstel_printing_logo_clean.png\",\"width\":324,\"height\":73,\"caption\":\"Amstel Printing\"},\"image\":{\"@id\":\"https:\\\/\\\/www.amstelprinting.nl\\\/de\\\/#\\\/schema\\\/logo\\\/image\\\/\"}}]}<\/script>\n<!-- \/ Yoast SEO plugin. -->","yoast_head_json":{"title":"Datenschutzerkl\u00e4rung | Amstel Printing","robots":{"index":"index","follow":"follow","max-snippet":"max-snippet:-1","max-image-preview":"max-image-preview:large","max-video-preview":"max-video-preview:-1"},"canonical":"https:\/\/www.amstelprinting.nl\/de\/datenschutzerklaerung\/","og_locale":"de_DE","og_type":"article","og_title":"Datenschutzerkl\u00e4rung | Amstel Printing","og_description":"Datenschutzerkl\u00e4rung Zuletzt aktualisiert: 1. Februar...","og_url":"https:\/\/www.amstelprinting.nl\/de\/datenschutzerklaerung\/","og_site_name":"Amstel Printing","article_modified_time":"2026-03-03T21:35:37+00:00","og_image":[{"width":324,"height":73,"url":"https:\/\/www.amstelprinting.nl\/wp-content\/uploads\/amstel_printing_logo_clean.png","type":"image\/png"}],"twitter_card":"summary_large_image","twitter_misc":{"Gesch\u00e4tzte Lesezeit":"3\u00a0Minuten"},"schema":{"@context":"https:\/\/schema.org","@graph":[{"@type":"WebPage","@id":"https:\/\/www.amstelprinting.nl\/de\/datenschutzerklaerung\/","url":"https:\/\/www.amstelprinting.nl\/de\/datenschutzerklaerung\/","name":"Datenschutzerkl\u00e4rung | Amstel Printing","isPartOf":{"@id":"https:\/\/www.amstelprinting.nl\/de\/#website"},"datePublished":"2023-03-17T17:03:47+00:00","dateModified":"2026-03-03T21:35:37+00:00","breadcrumb":{"@id":"https:\/\/www.amstelprinting.nl\/de\/datenschutzerklaerung\/#breadcrumb"},"inLanguage":"de","potentialAction":[{"@type":"ReadAction","target":["https:\/\/www.amstelprinting.nl\/de\/datenschutzerklaerung\/"]}]},{"@type":"BreadcrumbList","@id":"https:\/\/www.amstelprinting.nl\/de\/datenschutzerklaerung\/#breadcrumb","itemListElement":[{"@type":"ListItem","position":1,"name":"","item":"https:\/\/www.amstelprinting.nl\/de\/"},{"@type":"ListItem","position":2,"name":"Datenschutzerkl\u00e4rung"}]},{"@type":"WebSite","@id":"https:\/\/www.amstelprinting.nl\/de\/#website","url":"https:\/\/www.amstelprinting.nl\/de\/","name":"Amstel Printing","description":"Creating Exposure","publisher":{"@id":"https:\/\/www.amstelprinting.nl\/de\/#organization"},"potentialAction":[{"@type":"SearchAction","target":{"@type":"EntryPoint","urlTemplate":"https:\/\/www.amstelprinting.nl\/de\/?s={search_term_string}"},"query-input":{"@type":"PropertyValueSpecification","valueRequired":true,"valueName":"search_term_string"}}],"inLanguage":"de"},{"@type":"Organization","@id":"https:\/\/www.amstelprinting.nl\/de\/#organization","name":"Amstel Printing","url":"https:\/\/www.amstelprinting.nl\/de\/","logo":{"@type":"ImageObject","inLanguage":"de","@id":"https:\/\/www.amstelprinting.nl\/de\/#\/schema\/logo\/image\/","url":"https:\/\/www.amstelprinting.nl\/wp-content\/uploads\/amstel_printing_logo_clean.png","contentUrl":"https:\/\/www.amstelprinting.nl\/wp-content\/uploads\/amstel_printing_logo_clean.png","width":324,"height":73,"caption":"Amstel Printing"},"image":{"@id":"https:\/\/www.amstelprinting.nl\/de\/#\/schema\/logo\/image\/"}}]}},"_links":{"self":[{"href":"https:\/\/www.amstelprinting.nl\/de\/wp-json\/wp\/v2\/pages\/27387","targetHints":{"allow":["GET"]}}],"collection":[{"href":"https:\/\/www.amstelprinting.nl\/de\/wp-json\/wp\/v2\/pages"}],"about":[{"href":"https:\/\/www.amstelprinting.nl\/de\/wp-json\/wp\/v2\/types\/page"}],"author":[{"embeddable":true,"href":"https:\/\/www.amstelprinting.nl\/de\/wp-json\/wp\/v2\/users\/1"}],"replies":[{"embeddable":true,"href":"https:\/\/www.amstelprinting.nl\/de\/wp-json\/wp\/v2\/comments?post=27387"}],"version-history":[{"count":6,"href":"https:\/\/www.amstelprinting.nl\/de\/wp-json\/wp\/v2\/pages\/27387\/revisions"}],"predecessor-version":[{"id":27421,"href":"https:\/\/www.amstelprinting.nl\/de\/wp-json\/wp\/v2\/pages\/27387\/revisions\/27421"}],"wp:attachment":[{"href":"https:\/\/www.amstelprinting.nl\/de\/wp-json\/wp\/v2\/media?parent=27387"}],"wp:term":[{"taxonomy":"category","embeddable":true,"href":"https:\/\/www.amstelprinting.nl\/de\/wp-json\/wp\/v2\/categories?post=27387"}],"curies":[{"name":"wp","href":"https:\/\/api.w.org\/{rel}","templated":true}]}}