{"id":27460,"date":"2023-03-17T18:03:47","date_gmt":"2023-03-17T17:03:47","guid":{"rendered":"https:\/\/www.amstelprinting.nl\/haftungsausschluss\/"},"modified":"2026-03-05T10:42:49","modified_gmt":"2026-03-05T09:42:49","slug":"haftungsausschluss","status":"publish","type":"page","link":"https:\/\/www.amstelprinting.nl\/de\/haftungsausschluss\/","title":{"rendered":"Haftungsausschluss"},"content":{"rendered":"<p>[et_pb_section fb_built=&#8220;1&#8243; _builder_version=&#8220;4.16&#8243; global_colors_info=&#8220;{}&#8220;][et_pb_row _builder_version=&#8220;4.16&#8243; background_size=&#8220;initial&#8220; background_position=&#8220;top_left&#8220; background_repeat=&#8220;repeat&#8220; global_colors_info=&#8220;{}&#8220;][et_pb_column type=&#8220;4_4&#8243; _builder_version=&#8220;4.16&#8243; custom_padding=&#8220;|||&#8220; global_colors_info=&#8220;{}&#8220; custom_padding__hover=&#8220;|||&#8220;][et_pb_text _builder_version=&#8220;4.27.5&#8243; background_size=&#8220;initial&#8220; background_position=&#8220;top_left&#8220; background_repeat=&#8220;repeat&#8220; hover_enabled=&#8220;0&#8243; global_colors_info=&#8220;{}&#8220; sticky_enabled=&#8220;0&#8243;]<\/p>\n<h2 data-start=\"224\" data-end=\"260\">Haftungsausschluss f\u00fcr Amstel Printing<\/h2>\n<p data-start=\"262\" data-end=\"477\">Auf dieser Seite finden Sie den Haftungsausschluss von <strong data-start=\"303\" data-end=\"324\">amstelprinting.com, amstelprinting.nl, amstelprinting.de, amstelprinting.fr<\/strong>, <strong>amstelprinting.it<\/strong> und <strong>amstelprinting.es<\/strong>, wie von <strong data-start=\"357\" data-end=\"376\">Amstel Printing<\/strong> bereitgestellt. In diesem Haftungsausschluss geben wir an, unter welchen Vorbehalten wir die Informationen auf unserer Website anbieten.<\/p>\n<h3 data-start=\"479\" data-end=\"505\">Geistiges Eigentum<\/h3>\n<p data-start=\"506\" data-end=\"665\">Alle Rechte des geistigen Eigentums in Bezug auf diese Website und die darauf ver\u00f6ffentlichten Informationen liegen bei Amstel Printing, sofern nicht anders angegeben.<\/p>\n<p data-start=\"667\" data-end=\"951\">Die Nutzung der Informationen auf dieser Website ist kostenlos gestattet, sofern Sie diese Informationen nicht kopieren, verbreiten oder anderweitig verwenden oder missbrauchen. Die Wiederverwendung der Informationen auf dieser Website ist nur insoweit zul\u00e4ssig, wie dies nach zwingendem Recht erlaubt ist.<\/p>\n<p data-start=\"953\" data-end=\"1158\">Ohne vorherige schriftliche Genehmigung von Amstel Printing ist es nicht gestattet, Texte, Bildmaterial oder andere Inhalte dieser Website zu kopieren, zu verbreiten oder anderweitig zu verwenden.<\/p>\n<h3 data-start=\"1160\" data-end=\"1190\">Keine Gew\u00e4hr f\u00fcr Richtigkeit<\/h3>\n<p data-start=\"1191\" data-end=\"1453\">Wir bem\u00fchen uns, die Informationen auf unserer Website so vollst\u00e4ndig, korrekt und aktuell wie m\u00f6glich darzustellen.<br \/>In Bezug auf Preise und Informationen auf dieser Website streben wir eine m\u00f6glichst sorgf\u00e4ltige und realit\u00e4tsgetreue Darstellung der beabsichtigten Preise an.<\/p>\n<p data-start=\"1455\" data-end=\"1631\">Offensichtliche Fehler oder Irrt\u00fcmer, wie Programmier- oder Tippfehler, stellen jedoch niemals einen Grund dar, einen Vertrag mit Amstel Printing zu beanspruchen oder anzunehmen.<\/p>\n<p data-start=\"1633\" data-end=\"1797\">Trotz unserer Bem\u00fchungen kann es vorkommen, dass Informationen auf dieser Website unvollst\u00e4ndig oder unrichtig sind. Amstel Printing \u00fcbernimmt hierf\u00fcr keine Haftung.<\/p>\n<p data-start=\"1799\" data-end=\"2088\">Die Informationen und\/oder Produkte auf dieser Website werden ohne jegliche Garantie und ohne Anspruch auf Richtigkeit oder Vollst\u00e4ndigkeit bereitgestellt. Wir behalten uns das Recht vor, die Inhalte der Website ohne vorherige Ank\u00fcndigung zu \u00e4ndern, zu l\u00f6schen oder erneut zu ver\u00f6ffentlichen.<\/p>\n<p data-start=\"2090\" data-end=\"2206\">Amstel Printing \u00fcbernimmt keine Haftung f\u00fcr die Inhalte von Websites, auf die \u00fcber Hyperlinks verwiesen wird.<\/p>\n<h3 data-start=\"2208\" data-end=\"2223\">\u00c4nderungen<\/h3>\n<p data-start=\"2224\" data-end=\"2374\">Amstel Printing beh\u00e4lt sich das Recht vor, diesen Haftungsausschluss zu \u00e4ndern. Die jeweils aktuelle Version des Haftungsausschlusses ist stets auf dieser Seite zu finden.<\/p>\n<p>[\/et_pb_text][\/et_pb_column][\/et_pb_row][\/et_pb_section]<\/p>\n","protected":false},"excerpt":{"rendered":"<p>Haftungsausschluss f\u00fcr Amstel Printing Auf dieser&#8230;<\/p>\n","protected":false},"author":1,"featured_media":0,"parent":0,"menu_order":0,"comment_status":"closed","ping_status":"closed","template":"","meta":{"_et_pb_use_builder":"on","_et_pb_old_content":"","_et_gb_content_width":"","footnotes":""},"categories":[],"class_list":["post-27460","page","type-page","status-publish","hentry"],"yoast_head":"<!-- This site is optimized with the Yoast SEO plugin v27.3 - https:\/\/yoast.com\/product\/yoast-seo-wordpress\/ -->\n<title>Haftungsausschluss | Amstel Printing<\/title>\n<meta name=\"robots\" content=\"index, follow, max-snippet:-1, max-image-preview:large, max-video-preview:-1\" \/>\n<link rel=\"canonical\" href=\"https:\/\/www.amstelprinting.nl\/de\/haftungsausschluss\/\" \/>\n<meta property=\"og:locale\" content=\"de_DE\" \/>\n<meta property=\"og:type\" content=\"article\" \/>\n<meta property=\"og:title\" content=\"Haftungsausschluss | Amstel Printing\" \/>\n<meta property=\"og:description\" content=\"Haftungsausschluss f\u00fcr Amstel Printing Auf dieser...\" \/>\n<meta property=\"og:url\" content=\"https:\/\/www.amstelprinting.nl\/de\/haftungsausschluss\/\" \/>\n<meta property=\"og:site_name\" content=\"Amstel Printing\" \/>\n<meta property=\"article:modified_time\" content=\"2026-03-05T09:42:49+00:00\" \/>\n<meta property=\"og:image\" content=\"https:\/\/www.amstelprinting.nl\/wp-content\/uploads\/amstel_printing_logo_clean.png\" \/>\n\t<meta property=\"og:image:width\" content=\"324\" \/>\n\t<meta property=\"og:image:height\" content=\"73\" \/>\n\t<meta property=\"og:image:type\" content=\"image\/png\" \/>\n<meta name=\"twitter:card\" content=\"summary_large_image\" \/>\n<meta name=\"twitter:label1\" content=\"Gesch\u00e4tzte Lesezeit\" \/>\n\t<meta name=\"twitter:data1\" content=\"2\u00a0Minuten\" \/>\n<script type=\"application\/ld+json\" class=\"yoast-schema-graph\">{\"@context\":\"https:\\\/\\\/schema.org\",\"@graph\":[{\"@type\":\"WebPage\",\"@id\":\"https:\\\/\\\/www.amstelprinting.nl\\\/de\\\/haftungsausschluss\\\/\",\"url\":\"https:\\\/\\\/www.amstelprinting.nl\\\/de\\\/haftungsausschluss\\\/\",\"name\":\"Haftungsausschluss | Amstel Printing\",\"isPartOf\":{\"@id\":\"https:\\\/\\\/www.amstelprinting.nl\\\/de\\\/#website\"},\"datePublished\":\"2023-03-17T17:03:47+00:00\",\"dateModified\":\"2026-03-05T09:42:49+00:00\",\"breadcrumb\":{\"@id\":\"https:\\\/\\\/www.amstelprinting.nl\\\/de\\\/haftungsausschluss\\\/#breadcrumb\"},\"inLanguage\":\"de\",\"potentialAction\":[{\"@type\":\"ReadAction\",\"target\":[\"https:\\\/\\\/www.amstelprinting.nl\\\/de\\\/haftungsausschluss\\\/\"]}]},{\"@type\":\"BreadcrumbList\",\"@id\":\"https:\\\/\\\/www.amstelprinting.nl\\\/de\\\/haftungsausschluss\\\/#breadcrumb\",\"itemListElement\":[{\"@type\":\"ListItem\",\"position\":1,\"name\":\"\",\"item\":\"https:\\\/\\\/www.amstelprinting.nl\\\/de\\\/\"},{\"@type\":\"ListItem\",\"position\":2,\"name\":\"Haftungsausschluss\"}]},{\"@type\":\"WebSite\",\"@id\":\"https:\\\/\\\/www.amstelprinting.nl\\\/de\\\/#website\",\"url\":\"https:\\\/\\\/www.amstelprinting.nl\\\/de\\\/\",\"name\":\"Amstel Printing\",\"description\":\"Creating Exposure\",\"publisher\":{\"@id\":\"https:\\\/\\\/www.amstelprinting.nl\\\/de\\\/#organization\"},\"potentialAction\":[{\"@type\":\"SearchAction\",\"target\":{\"@type\":\"EntryPoint\",\"urlTemplate\":\"https:\\\/\\\/www.amstelprinting.nl\\\/de\\\/?s={search_term_string}\"},\"query-input\":{\"@type\":\"PropertyValueSpecification\",\"valueRequired\":true,\"valueName\":\"search_term_string\"}}],\"inLanguage\":\"de\"},{\"@type\":\"Organization\",\"@id\":\"https:\\\/\\\/www.amstelprinting.nl\\\/de\\\/#organization\",\"name\":\"Amstel Printing\",\"url\":\"https:\\\/\\\/www.amstelprinting.nl\\\/de\\\/\",\"logo\":{\"@type\":\"ImageObject\",\"inLanguage\":\"de\",\"@id\":\"https:\\\/\\\/www.amstelprinting.nl\\\/de\\\/#\\\/schema\\\/logo\\\/image\\\/\",\"url\":\"https:\\\/\\\/www.amstelprinting.nl\\\/wp-content\\\/uploads\\\/amstel_printing_logo_clean.png\",\"contentUrl\":\"https:\\\/\\\/www.amstelprinting.nl\\\/wp-content\\\/uploads\\\/amstel_printing_logo_clean.png\",\"width\":324,\"height\":73,\"caption\":\"Amstel Printing\"},\"image\":{\"@id\":\"https:\\\/\\\/www.amstelprinting.nl\\\/de\\\/#\\\/schema\\\/logo\\\/image\\\/\"}}]}<\/script>\n<!-- \/ Yoast SEO plugin. -->","yoast_head_json":{"title":"Haftungsausschluss | Amstel Printing","robots":{"index":"index","follow":"follow","max-snippet":"max-snippet:-1","max-image-preview":"max-image-preview:large","max-video-preview":"max-video-preview:-1"},"canonical":"https:\/\/www.amstelprinting.nl\/de\/haftungsausschluss\/","og_locale":"de_DE","og_type":"article","og_title":"Haftungsausschluss | Amstel Printing","og_description":"Haftungsausschluss f\u00fcr Amstel Printing Auf dieser...","og_url":"https:\/\/www.amstelprinting.nl\/de\/haftungsausschluss\/","og_site_name":"Amstel Printing","article_modified_time":"2026-03-05T09:42:49+00:00","og_image":[{"width":324,"height":73,"url":"https:\/\/www.amstelprinting.nl\/wp-content\/uploads\/amstel_printing_logo_clean.png","type":"image\/png"}],"twitter_card":"summary_large_image","twitter_misc":{"Gesch\u00e4tzte Lesezeit":"2\u00a0Minuten"},"schema":{"@context":"https:\/\/schema.org","@graph":[{"@type":"WebPage","@id":"https:\/\/www.amstelprinting.nl\/de\/haftungsausschluss\/","url":"https:\/\/www.amstelprinting.nl\/de\/haftungsausschluss\/","name":"Haftungsausschluss | Amstel Printing","isPartOf":{"@id":"https:\/\/www.amstelprinting.nl\/de\/#website"},"datePublished":"2023-03-17T17:03:47+00:00","dateModified":"2026-03-05T09:42:49+00:00","breadcrumb":{"@id":"https:\/\/www.amstelprinting.nl\/de\/haftungsausschluss\/#breadcrumb"},"inLanguage":"de","potentialAction":[{"@type":"ReadAction","target":["https:\/\/www.amstelprinting.nl\/de\/haftungsausschluss\/"]}]},{"@type":"BreadcrumbList","@id":"https:\/\/www.amstelprinting.nl\/de\/haftungsausschluss\/#breadcrumb","itemListElement":[{"@type":"ListItem","position":1,"name":"","item":"https:\/\/www.amstelprinting.nl\/de\/"},{"@type":"ListItem","position":2,"name":"Haftungsausschluss"}]},{"@type":"WebSite","@id":"https:\/\/www.amstelprinting.nl\/de\/#website","url":"https:\/\/www.amstelprinting.nl\/de\/","name":"Amstel Printing","description":"Creating Exposure","publisher":{"@id":"https:\/\/www.amstelprinting.nl\/de\/#organization"},"potentialAction":[{"@type":"SearchAction","target":{"@type":"EntryPoint","urlTemplate":"https:\/\/www.amstelprinting.nl\/de\/?s={search_term_string}"},"query-input":{"@type":"PropertyValueSpecification","valueRequired":true,"valueName":"search_term_string"}}],"inLanguage":"de"},{"@type":"Organization","@id":"https:\/\/www.amstelprinting.nl\/de\/#organization","name":"Amstel Printing","url":"https:\/\/www.amstelprinting.nl\/de\/","logo":{"@type":"ImageObject","inLanguage":"de","@id":"https:\/\/www.amstelprinting.nl\/de\/#\/schema\/logo\/image\/","url":"https:\/\/www.amstelprinting.nl\/wp-content\/uploads\/amstel_printing_logo_clean.png","contentUrl":"https:\/\/www.amstelprinting.nl\/wp-content\/uploads\/amstel_printing_logo_clean.png","width":324,"height":73,"caption":"Amstel Printing"},"image":{"@id":"https:\/\/www.amstelprinting.nl\/de\/#\/schema\/logo\/image\/"}}]}},"_links":{"self":[{"href":"https:\/\/www.amstelprinting.nl\/de\/wp-json\/wp\/v2\/pages\/27460","targetHints":{"allow":["GET"]}}],"collection":[{"href":"https:\/\/www.amstelprinting.nl\/de\/wp-json\/wp\/v2\/pages"}],"about":[{"href":"https:\/\/www.amstelprinting.nl\/de\/wp-json\/wp\/v2\/types\/page"}],"author":[{"embeddable":true,"href":"https:\/\/www.amstelprinting.nl\/de\/wp-json\/wp\/v2\/users\/1"}],"replies":[{"embeddable":true,"href":"https:\/\/www.amstelprinting.nl\/de\/wp-json\/wp\/v2\/comments?post=27460"}],"version-history":[{"count":3,"href":"https:\/\/www.amstelprinting.nl\/de\/wp-json\/wp\/v2\/pages\/27460\/revisions"}],"predecessor-version":[{"id":27491,"href":"https:\/\/www.amstelprinting.nl\/de\/wp-json\/wp\/v2\/pages\/27460\/revisions\/27491"}],"wp:attachment":[{"href":"https:\/\/www.amstelprinting.nl\/de\/wp-json\/wp\/v2\/media?parent=27460"}],"wp:term":[{"taxonomy":"category","embeddable":true,"href":"https:\/\/www.amstelprinting.nl\/de\/wp-json\/wp\/v2\/categories?post=27460"}],"curies":[{"name":"wp","href":"https:\/\/api.w.org\/{rel}","templated":true}]}}