{"id":27482,"date":"2023-03-17T18:03:47","date_gmt":"2023-03-17T17:03:47","guid":{"rendered":"https:\/\/www.amstelprinting.nl\/sitemap\/"},"modified":"2026-03-04T14:20:51","modified_gmt":"2026-03-04T13:20:51","slug":"sitemap","status":"publish","type":"page","link":"https:\/\/www.amstelprinting.nl\/de\/sitemap\/","title":{"rendered":"Sitemap"},"content":{"rendered":"<p>[et_pb_section fb_built=&#8220;1&#8243; _builder_version=&#8220;4.16&#8243; global_colors_info=&#8220;{}&#8220;][et_pb_row _builder_version=&#8220;4.16&#8243; background_size=&#8220;initial&#8220; background_position=&#8220;top_left&#8220; background_repeat=&#8220;repeat&#8220; global_colors_info=&#8220;{}&#8220;][et_pb_column type=&#8220;4_4&#8243; _builder_version=&#8220;4.16&#8243; custom_padding=&#8220;|||&#8220; global_colors_info=&#8220;{}&#8220; custom_padding__hover=&#8220;|||&#8220;][et_pb_text _builder_version=&#8220;4.27.5&#8243; background_size=&#8220;initial&#8220; background_position=&#8220;top_left&#8220; background_repeat=&#8220;repeat&#8220; hover_enabled=&#8220;0&#8243; global_colors_info=&#8220;{}&#8220; sticky_enabled=&#8220;0&#8243;]<\/p>\n<h1 data-start=\"0\" data-end=\"31\"><strong data-start=\"0\" data-end=\"31\">Sitemap von Amstel Printing<\/strong><\/h1>\n<p><\/p>\n<p data-start=\"33\" data-end=\"550\">Willkommen auf der Sitemap von <strong data-start=\"64\" data-end=\"83\">Amstel Printing<\/strong>. Auf dieser Seite finden Sie eine \u00dcbersicht der wichtigsten Bereiche von <strong data-start=\"157\" data-end=\"255\">amstelprinting.com, amstelprinting.nl, amstelprinting.de, amstelprinting.fr, amstelprinting.it<\/strong> und <strong data-start=\"260\" data-end=\"281\">amstelprinting.es<\/strong>, wie zum Beispiel unsere Druckdienstleistungen, Informationsseiten und Kontaktm\u00f6glichkeiten. Mit dieser Sitemap k\u00f6nnen Sie schnell zur gew\u00fcnschten Seite navigieren, zum Beispiel wenn Sie mehr \u00fcber Druckprodukte, Druckl\u00f6sungen oder unsere Arbeitsweise erfahren m\u00f6chten.<\/p>\n<p><\/p>\n<p data-start=\"552\" data-end=\"829\" data-is-last-node=\"\" data-is-only-node=\"\">Suchen Sie eine bestimmte Seite? Nutzen Sie die untenstehenden Kategorien, um schnell durch die Website zu navigieren. Wenn Sie nicht finden, wonach Sie suchen, oder wenn Sie Fragen zu Ihrem Druckauftrag haben, k\u00f6nnen Sie uns gerne kontaktieren \u2014 wir helfen Ihnen gerne weiter.<\/p>\n<p><\/p>\n<p data-start=\"552\" data-end=\"829\" data-is-last-node=\"\" data-is-only-node=\"\">\n\t\t<h2>Seiten<\/h2>\n\t\t<ul class=\"sitemap-list\">\n\t\t\t<li class=\"page_item page-item-8617\"><a href=\"https:\/\/www.amstelprinting.nl\/de\/geschaeft\/\">Amstel Printing<\/a><\/li>\n<li class=\"page_item page-item-24544\"><a href=\"https:\/\/www.amstelprinting.nl\/de\/ueber-uns\/\">\u00dcber uns<\/a><\/li>\n<li class=\"page_item page-item-27439\"><a href=\"https:\/\/www.amstelprinting.nl\/de\/cookie-richtlinie\/\">Cookie-Richtlinie<\/a><\/li>\n<li class=\"page_item page-item-27387\"><a href=\"https:\/\/www.amstelprinting.nl\/de\/datenschutzerklaerung\/\">Datenschutzerkl\u00e4rung<\/a><\/li>\n<li class=\"page_item page-item-16085\"><a href=\"https:\/\/www.amstelprinting.nl\/de\/\">Druckpartner in Marketing &#038; Procurement &#8211; Amstel Printing<\/a><\/li>\n<li class=\"page_item page-item-27460\"><a href=\"https:\/\/www.amstelprinting.nl\/de\/haftungsausschluss\/\">Haftungsausschluss<\/a><\/li>\n<li class=\"page_item page-item-8619\"><a href=\"https:\/\/www.amstelprinting.nl\/de\/kasse\/\">Kasse<\/a><\/li>\n<li class=\"page_item page-item-24407\"><a href=\"https:\/\/www.amstelprinting.nl\/de\/kontakt\/\">Kontakt<\/a><\/li>\n<li class=\"page_item page-item-24334\"><a href=\"https:\/\/www.amstelprinting.nl\/de\/kundenservice\/\">Kundenservice<\/a><\/li>\n<li class=\"page_item page-item-24124\"><a href=\"https:\/\/www.amstelprinting.nl\/de\/lagerverwaltung-order-fulfillment\/\">Lagerverwaltung &#038; Order Fulfillment<\/a><\/li>\n<li class=\"page_item page-item-8620\"><a href=\"https:\/\/www.amstelprinting.nl\/de\/mein-konto\/\">Mein Konto<\/a><\/li>\n<li class=\"page_item page-item-24195\"><a href=\"https:\/\/www.amstelprinting.nl\/de\/procurement-loesungen-integrationen\/\">Procurement-L\u00f6sungen &#038; Integrationen<\/a><\/li>\n<li class=\"page_item page-item-27653\"><a href=\"https:\/\/www.amstelprinting.nl\/de\/rueckgabebedingungen\/\">R\u00fcckgabebedingungen<\/a><\/li>\n<li class=\"page_item page-item-27482\"><a href=\"https:\/\/www.amstelprinting.nl\/de\/sitemap\/\">Sitemap<\/a><\/li>\n<li class=\"page_item page-item-27547\"><a href=\"https:\/\/www.amstelprinting.nl\/de\/versandrichtlinie\/\">Versandrichtlinie<\/a><\/li>\n<li class=\"page_item page-item-8618\"><a href=\"https:\/\/www.amstelprinting.nl\/de\/warenkorb\/\">Warenkorb<\/a><\/li>\n<li class=\"page_item page-item-23998 current_page_parent\"><a href=\"https:\/\/www.amstelprinting.nl\/de\/wissensdatenbank\/\">Wissensdatenbank<\/a><\/li>\n<li class=\"page_item page-item-25837\"><a href=\"https:\/\/www.amstelprinting.nl\/de\/wunschliste\/\">Wunschliste<\/a><\/li>\n<li class=\"page_item page-item-27528\"><a href=\"https:\/\/www.amstelprinting.nl\/de\/zahlungsmoeglichkeiten\/\">Zahlungsm\u00f6glichkeiten<\/a><\/li>\n\t\t<\/ul>\n\t\t<\/p>\n<p>[\/et_pb_text][\/et_pb_column][\/et_pb_row][\/et_pb_section]<\/p>\n","protected":false},"excerpt":{"rendered":"<p>Sitemap von Amstel Printing Willkommen auf der&#8230;<\/p>\n","protected":false},"author":1,"featured_media":0,"parent":0,"menu_order":0,"comment_status":"closed","ping_status":"closed","template":"","meta":{"_et_pb_use_builder":"on","_et_pb_old_content":"","_et_gb_content_width":"","footnotes":""},"categories":[],"class_list":["post-27482","page","type-page","status-publish","hentry"],"yoast_head":"<!-- This site is optimized with the Yoast SEO plugin v27.3 - https:\/\/yoast.com\/product\/yoast-seo-wordpress\/ -->\n<title>Sitemap | Amstel Printing<\/title>\n<meta name=\"robots\" content=\"index, follow, max-snippet:-1, max-image-preview:large, max-video-preview:-1\" \/>\n<link rel=\"canonical\" href=\"https:\/\/www.amstelprinting.nl\/de\/sitemap\/\" \/>\n<meta property=\"og:locale\" content=\"de_DE\" \/>\n<meta property=\"og:type\" content=\"article\" \/>\n<meta property=\"og:title\" content=\"Sitemap | Amstel Printing\" \/>\n<meta property=\"og:description\" content=\"Sitemap von Amstel Printing Willkommen auf der...\" \/>\n<meta property=\"og:url\" content=\"https:\/\/www.amstelprinting.nl\/de\/sitemap\/\" \/>\n<meta property=\"og:site_name\" content=\"Amstel Printing\" \/>\n<meta property=\"article:modified_time\" content=\"2026-03-04T13:20:51+00:00\" \/>\n<meta property=\"og:image\" content=\"https:\/\/www.amstelprinting.nl\/wp-content\/uploads\/amstel_printing_logo_clean.png\" \/>\n\t<meta property=\"og:image:width\" content=\"324\" \/>\n\t<meta property=\"og:image:height\" content=\"73\" \/>\n\t<meta property=\"og:image:type\" content=\"image\/png\" \/>\n<meta name=\"twitter:card\" content=\"summary_large_image\" \/>\n<meta name=\"twitter:label1\" content=\"Gesch\u00e4tzte Lesezeit\" \/>\n\t<meta name=\"twitter:data1\" content=\"1\u00a0Minute\" \/>\n<script type=\"application\/ld+json\" class=\"yoast-schema-graph\">{\"@context\":\"https:\\\/\\\/schema.org\",\"@graph\":[{\"@type\":\"WebPage\",\"@id\":\"https:\\\/\\\/www.amstelprinting.nl\\\/de\\\/sitemap\\\/\",\"url\":\"https:\\\/\\\/www.amstelprinting.nl\\\/de\\\/sitemap\\\/\",\"name\":\"Sitemap | Amstel Printing\",\"isPartOf\":{\"@id\":\"https:\\\/\\\/www.amstelprinting.nl\\\/de\\\/#website\"},\"datePublished\":\"2023-03-17T17:03:47+00:00\",\"dateModified\":\"2026-03-04T13:20:51+00:00\",\"breadcrumb\":{\"@id\":\"https:\\\/\\\/www.amstelprinting.nl\\\/de\\\/sitemap\\\/#breadcrumb\"},\"inLanguage\":\"de\",\"potentialAction\":[{\"@type\":\"ReadAction\",\"target\":[\"https:\\\/\\\/www.amstelprinting.nl\\\/de\\\/sitemap\\\/\"]}]},{\"@type\":\"BreadcrumbList\",\"@id\":\"https:\\\/\\\/www.amstelprinting.nl\\\/de\\\/sitemap\\\/#breadcrumb\",\"itemListElement\":[{\"@type\":\"ListItem\",\"position\":1,\"name\":\"\",\"item\":\"https:\\\/\\\/www.amstelprinting.nl\\\/de\\\/\"},{\"@type\":\"ListItem\",\"position\":2,\"name\":\"Sitemap\"}]},{\"@type\":\"WebSite\",\"@id\":\"https:\\\/\\\/www.amstelprinting.nl\\\/de\\\/#website\",\"url\":\"https:\\\/\\\/www.amstelprinting.nl\\\/de\\\/\",\"name\":\"Amstel Printing\",\"description\":\"Creating Exposure\",\"publisher\":{\"@id\":\"https:\\\/\\\/www.amstelprinting.nl\\\/de\\\/#organization\"},\"potentialAction\":[{\"@type\":\"SearchAction\",\"target\":{\"@type\":\"EntryPoint\",\"urlTemplate\":\"https:\\\/\\\/www.amstelprinting.nl\\\/de\\\/?s={search_term_string}\"},\"query-input\":{\"@type\":\"PropertyValueSpecification\",\"valueRequired\":true,\"valueName\":\"search_term_string\"}}],\"inLanguage\":\"de\"},{\"@type\":\"Organization\",\"@id\":\"https:\\\/\\\/www.amstelprinting.nl\\\/de\\\/#organization\",\"name\":\"Amstel Printing\",\"url\":\"https:\\\/\\\/www.amstelprinting.nl\\\/de\\\/\",\"logo\":{\"@type\":\"ImageObject\",\"inLanguage\":\"de\",\"@id\":\"https:\\\/\\\/www.amstelprinting.nl\\\/de\\\/#\\\/schema\\\/logo\\\/image\\\/\",\"url\":\"https:\\\/\\\/www.amstelprinting.nl\\\/wp-content\\\/uploads\\\/amstel_printing_logo_clean.png\",\"contentUrl\":\"https:\\\/\\\/www.amstelprinting.nl\\\/wp-content\\\/uploads\\\/amstel_printing_logo_clean.png\",\"width\":324,\"height\":73,\"caption\":\"Amstel Printing\"},\"image\":{\"@id\":\"https:\\\/\\\/www.amstelprinting.nl\\\/de\\\/#\\\/schema\\\/logo\\\/image\\\/\"}}]}<\/script>\n<!-- \/ Yoast SEO plugin. -->","yoast_head_json":{"title":"Sitemap | Amstel Printing","robots":{"index":"index","follow":"follow","max-snippet":"max-snippet:-1","max-image-preview":"max-image-preview:large","max-video-preview":"max-video-preview:-1"},"canonical":"https:\/\/www.amstelprinting.nl\/de\/sitemap\/","og_locale":"de_DE","og_type":"article","og_title":"Sitemap | Amstel Printing","og_description":"Sitemap von Amstel Printing Willkommen auf der...","og_url":"https:\/\/www.amstelprinting.nl\/de\/sitemap\/","og_site_name":"Amstel Printing","article_modified_time":"2026-03-04T13:20:51+00:00","og_image":[{"width":324,"height":73,"url":"https:\/\/www.amstelprinting.nl\/wp-content\/uploads\/amstel_printing_logo_clean.png","type":"image\/png"}],"twitter_card":"summary_large_image","twitter_misc":{"Gesch\u00e4tzte Lesezeit":"1\u00a0Minute"},"schema":{"@context":"https:\/\/schema.org","@graph":[{"@type":"WebPage","@id":"https:\/\/www.amstelprinting.nl\/de\/sitemap\/","url":"https:\/\/www.amstelprinting.nl\/de\/sitemap\/","name":"Sitemap | Amstel Printing","isPartOf":{"@id":"https:\/\/www.amstelprinting.nl\/de\/#website"},"datePublished":"2023-03-17T17:03:47+00:00","dateModified":"2026-03-04T13:20:51+00:00","breadcrumb":{"@id":"https:\/\/www.amstelprinting.nl\/de\/sitemap\/#breadcrumb"},"inLanguage":"de","potentialAction":[{"@type":"ReadAction","target":["https:\/\/www.amstelprinting.nl\/de\/sitemap\/"]}]},{"@type":"BreadcrumbList","@id":"https:\/\/www.amstelprinting.nl\/de\/sitemap\/#breadcrumb","itemListElement":[{"@type":"ListItem","position":1,"name":"","item":"https:\/\/www.amstelprinting.nl\/de\/"},{"@type":"ListItem","position":2,"name":"Sitemap"}]},{"@type":"WebSite","@id":"https:\/\/www.amstelprinting.nl\/de\/#website","url":"https:\/\/www.amstelprinting.nl\/de\/","name":"Amstel Printing","description":"Creating Exposure","publisher":{"@id":"https:\/\/www.amstelprinting.nl\/de\/#organization"},"potentialAction":[{"@type":"SearchAction","target":{"@type":"EntryPoint","urlTemplate":"https:\/\/www.amstelprinting.nl\/de\/?s={search_term_string}"},"query-input":{"@type":"PropertyValueSpecification","valueRequired":true,"valueName":"search_term_string"}}],"inLanguage":"de"},{"@type":"Organization","@id":"https:\/\/www.amstelprinting.nl\/de\/#organization","name":"Amstel Printing","url":"https:\/\/www.amstelprinting.nl\/de\/","logo":{"@type":"ImageObject","inLanguage":"de","@id":"https:\/\/www.amstelprinting.nl\/de\/#\/schema\/logo\/image\/","url":"https:\/\/www.amstelprinting.nl\/wp-content\/uploads\/amstel_printing_logo_clean.png","contentUrl":"https:\/\/www.amstelprinting.nl\/wp-content\/uploads\/amstel_printing_logo_clean.png","width":324,"height":73,"caption":"Amstel Printing"},"image":{"@id":"https:\/\/www.amstelprinting.nl\/de\/#\/schema\/logo\/image\/"}}]}},"_links":{"self":[{"href":"https:\/\/www.amstelprinting.nl\/de\/wp-json\/wp\/v2\/pages\/27482","targetHints":{"allow":["GET"]}}],"collection":[{"href":"https:\/\/www.amstelprinting.nl\/de\/wp-json\/wp\/v2\/pages"}],"about":[{"href":"https:\/\/www.amstelprinting.nl\/de\/wp-json\/wp\/v2\/types\/page"}],"author":[{"embeddable":true,"href":"https:\/\/www.amstelprinting.nl\/de\/wp-json\/wp\/v2\/users\/1"}],"replies":[{"embeddable":true,"href":"https:\/\/www.amstelprinting.nl\/de\/wp-json\/wp\/v2\/comments?post=27482"}],"version-history":[{"count":4,"href":"https:\/\/www.amstelprinting.nl\/de\/wp-json\/wp\/v2\/pages\/27482\/revisions"}],"predecessor-version":[{"id":27486,"href":"https:\/\/www.amstelprinting.nl\/de\/wp-json\/wp\/v2\/pages\/27482\/revisions\/27486"}],"wp:attachment":[{"href":"https:\/\/www.amstelprinting.nl\/de\/wp-json\/wp\/v2\/media?parent=27482"}],"wp:term":[{"taxonomy":"category","embeddable":true,"href":"https:\/\/www.amstelprinting.nl\/de\/wp-json\/wp\/v2\/categories?post=27482"}],"curies":[{"name":"wp","href":"https:\/\/api.w.org\/{rel}","templated":true}]}}