{"id":27528,"date":"2026-03-09T12:13:30","date_gmt":"2026-03-09T11:13:30","guid":{"rendered":"https:\/\/www.amstelprinting.nl\/?page_id=27528"},"modified":"2026-03-09T14:06:06","modified_gmt":"2026-03-09T13:06:06","slug":"zahlungsmoeglichkeiten","status":"publish","type":"page","link":"https:\/\/www.amstelprinting.nl\/de\/zahlungsmoeglichkeiten\/","title":{"rendered":"Zahlungsm\u00f6glichkeiten"},"content":{"rendered":"<p>[et_pb_section fb_built=&#8220;1&#8243; _builder_version=&#8220;4.16&#8243; global_colors_info=&#8220;{}&#8220;][et_pb_row _builder_version=&#8220;4.16&#8243; background_size=&#8220;initial&#8220; background_position=&#8220;top_left&#8220; background_repeat=&#8220;repeat&#8220; global_colors_info=&#8220;{}&#8220;][et_pb_column type=&#8220;4_4&#8243; _builder_version=&#8220;4.16&#8243; custom_padding=&#8220;|||&#8220; global_colors_info=&#8220;{}&#8220; custom_padding__hover=&#8220;|||&#8220;][et_pb_text _builder_version=&#8220;4.27.5&#8243; background_size=&#8220;initial&#8220; background_position=&#8220;top_left&#8220; background_repeat=&#8220;repeat&#8220; hover_enabled=&#8220;0&#8243; global_colors_info=&#8220;{}&#8220; sticky_enabled=&#8220;0&#8243;]<\/p>\n<h1>Zahlungsm\u00f6glichkeiten<\/h1>\n<\/p>\n<p>Bei <strong>Amstel Printing<\/strong> k\u00f6nnen Sie sicher, schnell und einfach online mit verschiedenen nationalen und internationalen Zahlungsmethoden bezahlen. Ob Sie <strong>Flaggen bedrucken lassen, Beachflags bestellen oder Banner drucken lassen<\/strong> m\u00f6chten \u2013 Sie k\u00f6nnen jederzeit eine zuverl\u00e4ssige Zahlungsoption w\u00e4hlen.<\/p>\n<\/p>\n<p>Alle Zahlungen werden \u00fcber eine gesicherte SSL-Verbindung und einen zertifizierten Zahlungsanbieter abgewickelt. Dadurch werden Ihre Zahlungsdaten sicher verarbeitet und vor Missbrauch gesch\u00fctzt.<\/p>\n<h2>Sicher online bezahlen<\/h2>\n<\/p>\n<p>Wenn Sie eine Bestellung bei Amstel Printing aufgeben, wird die Zahlung \u00fcber eine sichere Zahlungsumgebung verarbeitet. Das bedeutet:<\/p>\n<\/p>\n<ul>\n<li>alle Daten werden verschl\u00fcsselt \u00fcber eine SSL-Verbindung \u00fcbertragen<\/li>\n<li>Zahlungen erfolgen \u00fcber einen zertifizierten Zahlungsanbieter<\/li>\n<li>Amstel Printing speichert keine vollst\u00e4ndigen Zahlungsdaten<\/li>\n<\/ul>\n<p>So k\u00f6nnen Sie mit Vertrauen online <strong>Flaggen, Beachflags, Banner und andere bedruckte Produkte bestellen<\/strong>.<\/p>\n<h2>Verf\u00fcgbare Zahlungsmethoden<\/h2>\n<h3>Pay by Bank<\/h3>\n<\/p>\n<p>Mit Pay by Bank k\u00f6nnen Sie direkt \u00fcber die Online-Banking-Umgebung Ihrer eigenen Bank bezahlen. Die Zahlung wird sofort verarbeitet, sodass die Produktion Ihrer Bestellung schnell starten kann.<\/p>\n<h3>Kreditkarte<\/h3>\n<\/p>\n<p>Wir akzeptieren Zahlungen mit verschiedenen Kreditkarten, wie Visa und Mastercard. Kreditkartenzahlungen werden \u00fcber eine sichere Zahlungsumgebung abgewickelt und bieten h\u00e4ufig zus\u00e4tzlichen K\u00e4uferschutz.<\/p>\n<h3>PayPal<\/h3>\n<\/p>\n<p>Mit PayPal k\u00f6nnen Sie einfach \u00fcber Ihr PayPal-Konto bezahlen. PayPal bietet zus\u00e4tzlichen K\u00e4uferschutz und eine schnelle Zahlungsabwicklung.<\/p>\n<h3>Bancontact<\/h3>\n<\/p>\n<p>Kunden aus Belgien k\u00f6nnen sicher \u00fcber Bancontact bezahlen. Diese Zahlungsmethode wird direkt \u00fcber die vertraute Bankumgebung abgewickelt.<\/p>\n<h3>KBC\/CBC-Zahlungsknopf<\/h3>\n<\/p>\n<p>Kunden von KBC und CBC k\u00f6nnen einfach online \u00fcber den KBC\/CBC-Zahlungsknopf bezahlen.<\/p>\n<h3>Belfius Pay Button<\/h3>\n<\/p>\n<p>Mit dem Belfius Pay Button k\u00f6nnen Kunden der Belfius Bank sicher online \u00fcber ihre eigene Bankumgebung bezahlen.<\/p>\n<h3>EPS<\/h3>\n<\/p>\n<p>EPS (Electronic Payment Standard) ist eine beliebte Zahlungsmethode in \u00d6sterreich und erm\u00f6glicht es, direkt \u00fcber Ihre Bank zu bezahlen.<\/p>\n<h3>Bancomat Pay<\/h3>\n<\/p>\n<p>Bancomat Pay wird in Italien h\u00e4ufig verwendet und erm\u00f6glicht Online-Zahlungen \u00fcber ein verkn\u00fcpftes Bankkonto.<\/p>\n<h3>Satispay<\/h3>\n<\/p>\n<p>Satispay ist eine mobile Zahlungsmethode, mit der Online-Zahlungen schnell und einfach durchgef\u00fchrt werden k\u00f6nnen.<\/p>\n<h3>Direkte Bank\u00fcberweisung<\/h3>\n<\/p>\n<p>Sie k\u00f6nnen auch eine direkte Bank\u00fcberweisung w\u00e4hlen. Nach dem Absenden Ihrer Bestellung erhalten Sie die Zahlungsdaten. Bitte beachten Sie eine Bearbeitungszeit von 1 bis 3 Werktagen.<\/p>\n<h2>Wann wird eine Bestellung bearbeitet?<\/h2>\n<\/p>\n<p>Die Produktion Ihrer Bestellung beginnt, sobald:<\/p>\n<\/p>\n<ul>\n<li>die Zahlung erfolgreich eingegangen ist<\/li>\n<li>eventuelle Druckdateien \u00fcberpr\u00fcft und freigegeben wurden<\/li>\n<\/ul>\n<p>Dies gilt f\u00fcr alle ma\u00dfgefertigten Produkte wie <strong>bedruckte Flaggen, Beachflags, Banner und andere Werbedruckprodukte<\/strong>.<\/p>\n<p>[\/et_pb_text][\/et_pb_column][\/et_pb_row][\/et_pb_section]<\/p>\n","protected":false},"excerpt":{"rendered":"<p>Zahlungsm\u00f6glichkeiten Bei Amstel Printing k\u00f6nnen Sie&#8230;<\/p>\n","protected":false},"author":4,"featured_media":0,"parent":0,"menu_order":0,"comment_status":"closed","ping_status":"closed","template":"","meta":{"_et_pb_use_builder":"on","_et_pb_old_content":"","_et_gb_content_width":"","footnotes":""},"categories":[],"class_list":["post-27528","page","type-page","status-publish","hentry"],"yoast_head":"<!-- This site is optimized with the Yoast SEO plugin v27.3 - https:\/\/yoast.com\/product\/yoast-seo-wordpress\/ -->\n<title>Zahlungsm\u00f6glichkeiten | Amstel Printing<\/title>\n<meta name=\"robots\" content=\"index, follow, max-snippet:-1, max-image-preview:large, max-video-preview:-1\" \/>\n<link rel=\"canonical\" href=\"https:\/\/www.amstelprinting.nl\/de\/zahlungsmoeglichkeiten\/\" \/>\n<meta property=\"og:locale\" content=\"de_DE\" \/>\n<meta property=\"og:type\" content=\"article\" \/>\n<meta property=\"og:title\" content=\"Zahlungsm\u00f6glichkeiten | Amstel Printing\" \/>\n<meta property=\"og:description\" content=\"Zahlungsm\u00f6glichkeiten Bei Amstel Printing k\u00f6nnen Sie...\" \/>\n<meta property=\"og:url\" content=\"https:\/\/www.amstelprinting.nl\/de\/zahlungsmoeglichkeiten\/\" \/>\n<meta property=\"og:site_name\" content=\"Amstel Printing\" \/>\n<meta property=\"article:modified_time\" content=\"2026-03-09T13:06:06+00:00\" \/>\n<meta property=\"og:image\" content=\"https:\/\/www.amstelprinting.nl\/wp-content\/uploads\/amstel_printing_logo_clean.png\" \/>\n\t<meta property=\"og:image:width\" content=\"324\" \/>\n\t<meta property=\"og:image:height\" content=\"73\" \/>\n\t<meta property=\"og:image:type\" content=\"image\/png\" \/>\n<meta name=\"twitter:card\" content=\"summary_large_image\" \/>\n<meta name=\"twitter:label1\" content=\"Gesch\u00e4tzte Lesezeit\" \/>\n\t<meta name=\"twitter:data1\" content=\"2\u00a0Minuten\" \/>\n<script type=\"application\/ld+json\" class=\"yoast-schema-graph\">{\"@context\":\"https:\\\/\\\/schema.org\",\"@graph\":[{\"@type\":\"WebPage\",\"@id\":\"https:\\\/\\\/www.amstelprinting.nl\\\/de\\\/zahlungsmoeglichkeiten\\\/\",\"url\":\"https:\\\/\\\/www.amstelprinting.nl\\\/de\\\/zahlungsmoeglichkeiten\\\/\",\"name\":\"Zahlungsm\u00f6glichkeiten | Amstel Printing\",\"isPartOf\":{\"@id\":\"https:\\\/\\\/www.amstelprinting.nl\\\/de\\\/#website\"},\"datePublished\":\"2026-03-09T11:13:30+00:00\",\"dateModified\":\"2026-03-09T13:06:06+00:00\",\"breadcrumb\":{\"@id\":\"https:\\\/\\\/www.amstelprinting.nl\\\/de\\\/zahlungsmoeglichkeiten\\\/#breadcrumb\"},\"inLanguage\":\"de\",\"potentialAction\":[{\"@type\":\"ReadAction\",\"target\":[\"https:\\\/\\\/www.amstelprinting.nl\\\/de\\\/zahlungsmoeglichkeiten\\\/\"]}]},{\"@type\":\"BreadcrumbList\",\"@id\":\"https:\\\/\\\/www.amstelprinting.nl\\\/de\\\/zahlungsmoeglichkeiten\\\/#breadcrumb\",\"itemListElement\":[{\"@type\":\"ListItem\",\"position\":1,\"name\":\"\",\"item\":\"https:\\\/\\\/www.amstelprinting.nl\\\/de\\\/\"},{\"@type\":\"ListItem\",\"position\":2,\"name\":\"Zahlungsm\u00f6glichkeiten\"}]},{\"@type\":\"WebSite\",\"@id\":\"https:\\\/\\\/www.amstelprinting.nl\\\/de\\\/#website\",\"url\":\"https:\\\/\\\/www.amstelprinting.nl\\\/de\\\/\",\"name\":\"Amstel Printing\",\"description\":\"Creating Exposure\",\"publisher\":{\"@id\":\"https:\\\/\\\/www.amstelprinting.nl\\\/de\\\/#organization\"},\"potentialAction\":[{\"@type\":\"SearchAction\",\"target\":{\"@type\":\"EntryPoint\",\"urlTemplate\":\"https:\\\/\\\/www.amstelprinting.nl\\\/de\\\/?s={search_term_string}\"},\"query-input\":{\"@type\":\"PropertyValueSpecification\",\"valueRequired\":true,\"valueName\":\"search_term_string\"}}],\"inLanguage\":\"de\"},{\"@type\":\"Organization\",\"@id\":\"https:\\\/\\\/www.amstelprinting.nl\\\/de\\\/#organization\",\"name\":\"Amstel Printing\",\"url\":\"https:\\\/\\\/www.amstelprinting.nl\\\/de\\\/\",\"logo\":{\"@type\":\"ImageObject\",\"inLanguage\":\"de\",\"@id\":\"https:\\\/\\\/www.amstelprinting.nl\\\/de\\\/#\\\/schema\\\/logo\\\/image\\\/\",\"url\":\"https:\\\/\\\/www.amstelprinting.nl\\\/wp-content\\\/uploads\\\/amstel_printing_logo_clean.png\",\"contentUrl\":\"https:\\\/\\\/www.amstelprinting.nl\\\/wp-content\\\/uploads\\\/amstel_printing_logo_clean.png\",\"width\":324,\"height\":73,\"caption\":\"Amstel Printing\"},\"image\":{\"@id\":\"https:\\\/\\\/www.amstelprinting.nl\\\/de\\\/#\\\/schema\\\/logo\\\/image\\\/\"}}]}<\/script>\n<!-- \/ Yoast SEO plugin. -->","yoast_head_json":{"title":"Zahlungsm\u00f6glichkeiten | Amstel Printing","robots":{"index":"index","follow":"follow","max-snippet":"max-snippet:-1","max-image-preview":"max-image-preview:large","max-video-preview":"max-video-preview:-1"},"canonical":"https:\/\/www.amstelprinting.nl\/de\/zahlungsmoeglichkeiten\/","og_locale":"de_DE","og_type":"article","og_title":"Zahlungsm\u00f6glichkeiten | Amstel Printing","og_description":"Zahlungsm\u00f6glichkeiten Bei Amstel Printing k\u00f6nnen Sie...","og_url":"https:\/\/www.amstelprinting.nl\/de\/zahlungsmoeglichkeiten\/","og_site_name":"Amstel Printing","article_modified_time":"2026-03-09T13:06:06+00:00","og_image":[{"width":324,"height":73,"url":"https:\/\/www.amstelprinting.nl\/wp-content\/uploads\/amstel_printing_logo_clean.png","type":"image\/png"}],"twitter_card":"summary_large_image","twitter_misc":{"Gesch\u00e4tzte Lesezeit":"2\u00a0Minuten"},"schema":{"@context":"https:\/\/schema.org","@graph":[{"@type":"WebPage","@id":"https:\/\/www.amstelprinting.nl\/de\/zahlungsmoeglichkeiten\/","url":"https:\/\/www.amstelprinting.nl\/de\/zahlungsmoeglichkeiten\/","name":"Zahlungsm\u00f6glichkeiten | Amstel Printing","isPartOf":{"@id":"https:\/\/www.amstelprinting.nl\/de\/#website"},"datePublished":"2026-03-09T11:13:30+00:00","dateModified":"2026-03-09T13:06:06+00:00","breadcrumb":{"@id":"https:\/\/www.amstelprinting.nl\/de\/zahlungsmoeglichkeiten\/#breadcrumb"},"inLanguage":"de","potentialAction":[{"@type":"ReadAction","target":["https:\/\/www.amstelprinting.nl\/de\/zahlungsmoeglichkeiten\/"]}]},{"@type":"BreadcrumbList","@id":"https:\/\/www.amstelprinting.nl\/de\/zahlungsmoeglichkeiten\/#breadcrumb","itemListElement":[{"@type":"ListItem","position":1,"name":"","item":"https:\/\/www.amstelprinting.nl\/de\/"},{"@type":"ListItem","position":2,"name":"Zahlungsm\u00f6glichkeiten"}]},{"@type":"WebSite","@id":"https:\/\/www.amstelprinting.nl\/de\/#website","url":"https:\/\/www.amstelprinting.nl\/de\/","name":"Amstel Printing","description":"Creating Exposure","publisher":{"@id":"https:\/\/www.amstelprinting.nl\/de\/#organization"},"potentialAction":[{"@type":"SearchAction","target":{"@type":"EntryPoint","urlTemplate":"https:\/\/www.amstelprinting.nl\/de\/?s={search_term_string}"},"query-input":{"@type":"PropertyValueSpecification","valueRequired":true,"valueName":"search_term_string"}}],"inLanguage":"de"},{"@type":"Organization","@id":"https:\/\/www.amstelprinting.nl\/de\/#organization","name":"Amstel Printing","url":"https:\/\/www.amstelprinting.nl\/de\/","logo":{"@type":"ImageObject","inLanguage":"de","@id":"https:\/\/www.amstelprinting.nl\/de\/#\/schema\/logo\/image\/","url":"https:\/\/www.amstelprinting.nl\/wp-content\/uploads\/amstel_printing_logo_clean.png","contentUrl":"https:\/\/www.amstelprinting.nl\/wp-content\/uploads\/amstel_printing_logo_clean.png","width":324,"height":73,"caption":"Amstel Printing"},"image":{"@id":"https:\/\/www.amstelprinting.nl\/de\/#\/schema\/logo\/image\/"}}]}},"_links":{"self":[{"href":"https:\/\/www.amstelprinting.nl\/de\/wp-json\/wp\/v2\/pages\/27528","targetHints":{"allow":["GET"]}}],"collection":[{"href":"https:\/\/www.amstelprinting.nl\/de\/wp-json\/wp\/v2\/pages"}],"about":[{"href":"https:\/\/www.amstelprinting.nl\/de\/wp-json\/wp\/v2\/types\/page"}],"author":[{"embeddable":true,"href":"https:\/\/www.amstelprinting.nl\/de\/wp-json\/wp\/v2\/users\/4"}],"replies":[{"embeddable":true,"href":"https:\/\/www.amstelprinting.nl\/de\/wp-json\/wp\/v2\/comments?post=27528"}],"version-history":[{"count":6,"href":"https:\/\/www.amstelprinting.nl\/de\/wp-json\/wp\/v2\/pages\/27528\/revisions"}],"predecessor-version":[{"id":27607,"href":"https:\/\/www.amstelprinting.nl\/de\/wp-json\/wp\/v2\/pages\/27528\/revisions\/27607"}],"wp:attachment":[{"href":"https:\/\/www.amstelprinting.nl\/de\/wp-json\/wp\/v2\/media?parent=27528"}],"wp:term":[{"taxonomy":"category","embeddable":true,"href":"https:\/\/www.amstelprinting.nl\/de\/wp-json\/wp\/v2\/categories?post=27528"}],"curies":[{"name":"wp","href":"https:\/\/api.w.org\/{rel}","templated":true}]}}