{"id":27547,"date":"2026-03-09T12:51:18","date_gmt":"2026-03-09T11:51:18","guid":{"rendered":"https:\/\/www.amstelprinting.nl\/?page_id=27547"},"modified":"2026-03-09T14:45:17","modified_gmt":"2026-03-09T13:45:17","slug":"versandrichtlinie","status":"publish","type":"page","link":"https:\/\/www.amstelprinting.nl\/de\/versandrichtlinie\/","title":{"rendered":"Versandrichtlinie"},"content":{"rendered":"<p>[et_pb_section fb_built=&#8220;1&#8243; _builder_version=&#8220;4.16&#8243; global_colors_info=&#8220;{}&#8220;][et_pb_row _builder_version=&#8220;4.16&#8243; background_size=&#8220;initial&#8220; background_position=&#8220;top_left&#8220; background_repeat=&#8220;repeat&#8220; global_colors_info=&#8220;{}&#8220;][et_pb_column type=&#8220;4_4&#8243; _builder_version=&#8220;4.16&#8243; custom_padding=&#8220;|||&#8220; global_colors_info=&#8220;{}&#8220; custom_padding__hover=&#8220;|||&#8220;][et_pb_text _builder_version=&#8220;4.27.5&#8243; background_size=&#8220;initial&#8220; background_position=&#8220;top_left&#8220; background_repeat=&#8220;repeat&#8220; hover_enabled=&#8220;0&#8243; global_colors_info=&#8220;{}&#8220; sticky_enabled=&#8220;0&#8243;]<\/p>\n<h1>Versandrichtlinie<\/h1>\n<p>Bei <strong>Amstel Printing<\/strong> werden viele Produkte speziell nach Ma\u00df gefertigt. Dazu geh\u00f6ren beispielsweise <strong>bedruckte Fahnen, Beachflags, Werbebanner und andere bedruckte Werbeprodukte<\/strong>.<\/p>\n<p>Die gesamte Lieferzeit setzt sich aus zwei Teilen zusammen:<\/p>\n<ul>\n<li>Produktionszeit<\/li>\n<li>Versandzeit<\/li>\n<\/ul>\n<h2>Produktion von ma\u00dfgefertigten Produkten<\/h2>\n<p>Viele Produkte in unserem Online-Shop werden erst nach Bestellung individuell produziert, zum Beispiel:<\/p>\n<ul>\n<li>Fahnen bedrucken<\/li>\n<li>Beachflags bestellen<\/li>\n<li>Werbebanner drucken lassen<\/li>\n<li>Werbedisplays<\/li>\n<li>bedruckte Textilprodukte<\/li>\n<\/ul>\n<p>Die Produktion beginnt, nachdem:<\/p>\n<ul>\n<li>die Zahlung eingegangen ist<\/li>\n<li>die Druckdaten \u00fcberpr\u00fcft wurden<\/li>\n<li>eventuelle Druckfreigaben erteilt wurden<\/li>\n<\/ul>\n<h2>Produktionszeit<\/h2>\n<p>Die durchschnittliche Produktionszeit betr\u00e4gt etwa <strong>5 bis 7 Werktage<\/strong>. Die genaue Produktionszeit kann variieren, abh\u00e4ngig von:<\/p>\n<ul>\n<li>der Art des Produkts<\/li>\n<li>dem Format<\/li>\n<li>der Bestellmenge<\/li>\n<li>der gew\u00e4hlten Verarbeitung<\/li>\n<\/ul>\n<h2>Eilproduktion<\/h2>\n<p>F\u00fcr einige Produkte ist eine Eilproduktion m\u00f6glich. Dadurch kann eine Bestellung schneller produziert und geliefert werden.<\/p>\n<p>In vielen F\u00e4llen kann die Lieferung innerhalb von <strong>2 bis 3 Werktagen<\/strong> nach Freigabe der Druckdaten erfolgen.<\/p>\n<h2>Versandpartner<\/h2>\n<p>Amstel Printing arbeitet mit zuverl\u00e4ssigen Versanddienstleistern und Logistikpartnern zusammen, um Bestellungen sicher zuzustellen.<\/p>\n<p>Je nach Bestellung erfolgt der Versand \u00fcber:<\/p>\n<ul>\n<li>Paketdienste<\/li>\n<li>Transportdienstleister<\/li>\n<li>Palettenversand bei gr\u00f6\u00dferen Bestellungen<\/li>\n<\/ul>\n<h2>Versandkosten<\/h2>\n<p>Die Versandkosten werden automatisch w\u00e4hrend des Bestellvorgangs berechnet. Diese h\u00e4ngen ab von:<\/p>\n<ul>\n<li>der Gr\u00f6\u00dfe des Produkts<\/li>\n<li>dem Gewicht der Bestellung<\/li>\n<li>der Lieferadresse<\/li>\n<li>dem Lieferland<\/li>\n<\/ul>\n<p>Die genauen Versandkosten werden immer angezeigt, bevor eine Bestellung endg\u00fcltig abgeschlossen wird.<\/p>\n<h2>Liefergebiete<\/h2>\n<p>Amstel Printing liefert Bestellungen in die Niederlande, nach Belgien sowie in verschiedene andere europ\u00e4ische L\u00e4nder.<\/p>\n<h2>Sendungsverfolgung<\/h2>\n<p>Sobald eine Bestellung versendet wurde, erhalten Sie \u2013 sofern verf\u00fcgbar \u2013 eine Sendungsnummer (Track &amp; Trace), mit der Sie den Versandstatus Ihrer Lieferung verfolgen k\u00f6nnen.<\/p>\n<h2>Kontrolle bei Erhalt<\/h2>\n<p>Bitte \u00fcberpr\u00fcfen Sie Ihre Bestellung direkt nach Erhalt und melden Sie eventuelle Sch\u00e4den oder Abweichungen so schnell wie m\u00f6glich unserem Kundenservice.<\/p>\n<p>[\/et_pb_text][\/et_pb_column][\/et_pb_row][\/et_pb_section]<\/p>\n","protected":false},"excerpt":{"rendered":"<p>Versandrichtlinie Bei Amstel Printing werden viele&#8230;<\/p>\n","protected":false},"author":4,"featured_media":0,"parent":0,"menu_order":0,"comment_status":"closed","ping_status":"closed","template":"","meta":{"_et_pb_use_builder":"on","_et_pb_old_content":"","_et_gb_content_width":"","footnotes":""},"categories":[],"class_list":["post-27547","page","type-page","status-publish","hentry"],"yoast_head":"<!-- This site is optimized with the Yoast SEO plugin v27.3 - https:\/\/yoast.com\/product\/yoast-seo-wordpress\/ -->\n<title>Versandrichtlinie | Amstel Printing<\/title>\n<meta name=\"robots\" content=\"index, follow, max-snippet:-1, max-image-preview:large, max-video-preview:-1\" \/>\n<link rel=\"canonical\" href=\"https:\/\/www.amstelprinting.nl\/de\/versandrichtlinie\/\" \/>\n<meta property=\"og:locale\" content=\"de_DE\" \/>\n<meta property=\"og:type\" content=\"article\" \/>\n<meta property=\"og:title\" content=\"Versandrichtlinie | Amstel Printing\" \/>\n<meta property=\"og:description\" content=\"Versandrichtlinie Bei Amstel Printing werden viele...\" \/>\n<meta property=\"og:url\" content=\"https:\/\/www.amstelprinting.nl\/de\/versandrichtlinie\/\" \/>\n<meta property=\"og:site_name\" content=\"Amstel Printing\" \/>\n<meta property=\"article:modified_time\" content=\"2026-03-09T13:45:17+00:00\" \/>\n<meta property=\"og:image\" content=\"https:\/\/www.amstelprinting.nl\/wp-content\/uploads\/amstel_printing_logo_clean.png\" \/>\n\t<meta property=\"og:image:width\" content=\"324\" \/>\n\t<meta property=\"og:image:height\" content=\"73\" \/>\n\t<meta property=\"og:image:type\" content=\"image\/png\" \/>\n<meta name=\"twitter:card\" content=\"summary_large_image\" \/>\n<meta name=\"twitter:label1\" content=\"Gesch\u00e4tzte Lesezeit\" \/>\n\t<meta name=\"twitter:data1\" content=\"2\u00a0Minuten\" \/>\n<script type=\"application\/ld+json\" class=\"yoast-schema-graph\">{\"@context\":\"https:\\\/\\\/schema.org\",\"@graph\":[{\"@type\":\"WebPage\",\"@id\":\"https:\\\/\\\/www.amstelprinting.nl\\\/de\\\/versandrichtlinie\\\/\",\"url\":\"https:\\\/\\\/www.amstelprinting.nl\\\/de\\\/versandrichtlinie\\\/\",\"name\":\"Versandrichtlinie | Amstel Printing\",\"isPartOf\":{\"@id\":\"https:\\\/\\\/www.amstelprinting.nl\\\/de\\\/#website\"},\"datePublished\":\"2026-03-09T11:51:18+00:00\",\"dateModified\":\"2026-03-09T13:45:17+00:00\",\"breadcrumb\":{\"@id\":\"https:\\\/\\\/www.amstelprinting.nl\\\/de\\\/versandrichtlinie\\\/#breadcrumb\"},\"inLanguage\":\"de\",\"potentialAction\":[{\"@type\":\"ReadAction\",\"target\":[\"https:\\\/\\\/www.amstelprinting.nl\\\/de\\\/versandrichtlinie\\\/\"]}]},{\"@type\":\"BreadcrumbList\",\"@id\":\"https:\\\/\\\/www.amstelprinting.nl\\\/de\\\/versandrichtlinie\\\/#breadcrumb\",\"itemListElement\":[{\"@type\":\"ListItem\",\"position\":1,\"name\":\"\",\"item\":\"https:\\\/\\\/www.amstelprinting.nl\\\/de\\\/\"},{\"@type\":\"ListItem\",\"position\":2,\"name\":\"Versandrichtlinie\"}]},{\"@type\":\"WebSite\",\"@id\":\"https:\\\/\\\/www.amstelprinting.nl\\\/de\\\/#website\",\"url\":\"https:\\\/\\\/www.amstelprinting.nl\\\/de\\\/\",\"name\":\"Amstel Printing\",\"description\":\"Creating Exposure\",\"publisher\":{\"@id\":\"https:\\\/\\\/www.amstelprinting.nl\\\/de\\\/#organization\"},\"potentialAction\":[{\"@type\":\"SearchAction\",\"target\":{\"@type\":\"EntryPoint\",\"urlTemplate\":\"https:\\\/\\\/www.amstelprinting.nl\\\/de\\\/?s={search_term_string}\"},\"query-input\":{\"@type\":\"PropertyValueSpecification\",\"valueRequired\":true,\"valueName\":\"search_term_string\"}}],\"inLanguage\":\"de\"},{\"@type\":\"Organization\",\"@id\":\"https:\\\/\\\/www.amstelprinting.nl\\\/de\\\/#organization\",\"name\":\"Amstel Printing\",\"url\":\"https:\\\/\\\/www.amstelprinting.nl\\\/de\\\/\",\"logo\":{\"@type\":\"ImageObject\",\"inLanguage\":\"de\",\"@id\":\"https:\\\/\\\/www.amstelprinting.nl\\\/de\\\/#\\\/schema\\\/logo\\\/image\\\/\",\"url\":\"https:\\\/\\\/www.amstelprinting.nl\\\/wp-content\\\/uploads\\\/amstel_printing_logo_clean.png\",\"contentUrl\":\"https:\\\/\\\/www.amstelprinting.nl\\\/wp-content\\\/uploads\\\/amstel_printing_logo_clean.png\",\"width\":324,\"height\":73,\"caption\":\"Amstel Printing\"},\"image\":{\"@id\":\"https:\\\/\\\/www.amstelprinting.nl\\\/de\\\/#\\\/schema\\\/logo\\\/image\\\/\"}}]}<\/script>\n<!-- \/ Yoast SEO plugin. -->","yoast_head_json":{"title":"Versandrichtlinie | Amstel Printing","robots":{"index":"index","follow":"follow","max-snippet":"max-snippet:-1","max-image-preview":"max-image-preview:large","max-video-preview":"max-video-preview:-1"},"canonical":"https:\/\/www.amstelprinting.nl\/de\/versandrichtlinie\/","og_locale":"de_DE","og_type":"article","og_title":"Versandrichtlinie | Amstel Printing","og_description":"Versandrichtlinie Bei Amstel Printing werden viele...","og_url":"https:\/\/www.amstelprinting.nl\/de\/versandrichtlinie\/","og_site_name":"Amstel Printing","article_modified_time":"2026-03-09T13:45:17+00:00","og_image":[{"width":324,"height":73,"url":"https:\/\/www.amstelprinting.nl\/wp-content\/uploads\/amstel_printing_logo_clean.png","type":"image\/png"}],"twitter_card":"summary_large_image","twitter_misc":{"Gesch\u00e4tzte Lesezeit":"2\u00a0Minuten"},"schema":{"@context":"https:\/\/schema.org","@graph":[{"@type":"WebPage","@id":"https:\/\/www.amstelprinting.nl\/de\/versandrichtlinie\/","url":"https:\/\/www.amstelprinting.nl\/de\/versandrichtlinie\/","name":"Versandrichtlinie | Amstel Printing","isPartOf":{"@id":"https:\/\/www.amstelprinting.nl\/de\/#website"},"datePublished":"2026-03-09T11:51:18+00:00","dateModified":"2026-03-09T13:45:17+00:00","breadcrumb":{"@id":"https:\/\/www.amstelprinting.nl\/de\/versandrichtlinie\/#breadcrumb"},"inLanguage":"de","potentialAction":[{"@type":"ReadAction","target":["https:\/\/www.amstelprinting.nl\/de\/versandrichtlinie\/"]}]},{"@type":"BreadcrumbList","@id":"https:\/\/www.amstelprinting.nl\/de\/versandrichtlinie\/#breadcrumb","itemListElement":[{"@type":"ListItem","position":1,"name":"","item":"https:\/\/www.amstelprinting.nl\/de\/"},{"@type":"ListItem","position":2,"name":"Versandrichtlinie"}]},{"@type":"WebSite","@id":"https:\/\/www.amstelprinting.nl\/de\/#website","url":"https:\/\/www.amstelprinting.nl\/de\/","name":"Amstel Printing","description":"Creating Exposure","publisher":{"@id":"https:\/\/www.amstelprinting.nl\/de\/#organization"},"potentialAction":[{"@type":"SearchAction","target":{"@type":"EntryPoint","urlTemplate":"https:\/\/www.amstelprinting.nl\/de\/?s={search_term_string}"},"query-input":{"@type":"PropertyValueSpecification","valueRequired":true,"valueName":"search_term_string"}}],"inLanguage":"de"},{"@type":"Organization","@id":"https:\/\/www.amstelprinting.nl\/de\/#organization","name":"Amstel Printing","url":"https:\/\/www.amstelprinting.nl\/de\/","logo":{"@type":"ImageObject","inLanguage":"de","@id":"https:\/\/www.amstelprinting.nl\/de\/#\/schema\/logo\/image\/","url":"https:\/\/www.amstelprinting.nl\/wp-content\/uploads\/amstel_printing_logo_clean.png","contentUrl":"https:\/\/www.amstelprinting.nl\/wp-content\/uploads\/amstel_printing_logo_clean.png","width":324,"height":73,"caption":"Amstel Printing"},"image":{"@id":"https:\/\/www.amstelprinting.nl\/de\/#\/schema\/logo\/image\/"}}]}},"_links":{"self":[{"href":"https:\/\/www.amstelprinting.nl\/de\/wp-json\/wp\/v2\/pages\/27547","targetHints":{"allow":["GET"]}}],"collection":[{"href":"https:\/\/www.amstelprinting.nl\/de\/wp-json\/wp\/v2\/pages"}],"about":[{"href":"https:\/\/www.amstelprinting.nl\/de\/wp-json\/wp\/v2\/types\/page"}],"author":[{"embeddable":true,"href":"https:\/\/www.amstelprinting.nl\/de\/wp-json\/wp\/v2\/users\/4"}],"replies":[{"embeddable":true,"href":"https:\/\/www.amstelprinting.nl\/de\/wp-json\/wp\/v2\/comments?post=27547"}],"version-history":[{"count":3,"href":"https:\/\/www.amstelprinting.nl\/de\/wp-json\/wp\/v2\/pages\/27547\/revisions"}],"predecessor-version":[{"id":27626,"href":"https:\/\/www.amstelprinting.nl\/de\/wp-json\/wp\/v2\/pages\/27547\/revisions\/27626"}],"wp:attachment":[{"href":"https:\/\/www.amstelprinting.nl\/de\/wp-json\/wp\/v2\/media?parent=27547"}],"wp:term":[{"taxonomy":"category","embeddable":true,"href":"https:\/\/www.amstelprinting.nl\/de\/wp-json\/wp\/v2\/categories?post=27547"}],"curies":[{"name":"wp","href":"https:\/\/api.w.org\/{rel}","templated":true}]}}