{"id":27653,"date":"2026-03-09T12:54:08","date_gmt":"2026-03-09T11:54:08","guid":{"rendered":"https:\/\/www.amstelprinting.nl\/rueckgabebedingungen\/"},"modified":"2026-03-09T15:03:00","modified_gmt":"2026-03-09T14:03:00","slug":"rueckgabebedingungen","status":"publish","type":"page","link":"https:\/\/www.amstelprinting.nl\/de\/rueckgabebedingungen\/","title":{"rendered":"R\u00fcckgabebedingungen"},"content":{"rendered":"<p>[et_pb_section fb_built=&#8220;1&#8243; _builder_version=&#8220;4.16&#8243; global_colors_info=&#8220;{}&#8220;][et_pb_row _builder_version=&#8220;4.16&#8243; background_size=&#8220;initial&#8220; background_position=&#8220;top_left&#8220; background_repeat=&#8220;repeat&#8220; global_colors_info=&#8220;{}&#8220;][et_pb_column type=&#8220;4_4&#8243; _builder_version=&#8220;4.16&#8243; custom_padding=&#8220;|||&#8220; global_colors_info=&#8220;{}&#8220; custom_padding__hover=&#8220;|||&#8220;][et_pb_text _builder_version=&#8220;4.27.5&#8243; background_size=&#8220;initial&#8220; background_position=&#8220;top_left&#8220; background_repeat=&#8220;repeat&#8220; hover_enabled=&#8220;0&#8243; global_colors_info=&#8220;{}&#8220; sticky_enabled=&#8220;0&#8243;]<\/p>\n<h1>R\u00fcckgabebedingungen<\/h1>\n<p><\/p>\n<p>Bei <strong>Amstel Printing<\/strong> werden viele Produkte individuell nach Ma\u00df gefertigt. Daher gelten besondere R\u00fcckgabebedingungen.<\/p>\n<p><\/p>\n<p>Diese R\u00fcckgaberichtlinie wurde gem\u00e4\u00df den niederl\u00e4ndischen und europ\u00e4ischen Vorschriften f\u00fcr den Online-Handel erstellt.<\/p>\n<h2>Widerrufsrecht bei ma\u00dfgefertigten Produkten<\/h2>\n<p><\/p>\n<p>Gem\u00e4\u00df der gesetzlichen Regelung gilt das 14-t\u00e4gige Widerrufsrecht nicht f\u00fcr Produkte, die speziell nach Kundenspezifikation angefertigt oder personalisiert wurden.<\/p>\n<p>Viele Produkte von Amstel Printing fallen in diese Kategorie, zum Beispiel:<\/p>\n<p><\/p>\n<ul>\n<li>bedruckte Fahnen<\/li>\n<li>Beachflags<\/li>\n<li>Banner<\/li>\n<li>personalisierte Druckprodukte<\/li>\n<li>ma\u00dfgefertigte Werbeprodukte<\/li>\n<\/ul>\n<p>Diese Produkte k\u00f6nnen daher nicht zur\u00fcckgegeben werden, wenn sie ordnungsgem\u00e4\u00df gem\u00e4\u00df der Bestellung produziert wurden.<\/p>\n<h2>Bitte \u00fcberpr\u00fcfen Sie Ihre Bestellung sorgf\u00e4ltig<\/h2>\n<p><\/p>\n<p>Wir empfehlen, vor dem Absenden einer Bestellung sorgf\u00e4ltig zu pr\u00fcfen:<\/p>\n<p><\/p>\n<ul>\n<li>das Design oder die Druckdatei<\/li>\n<li>die Gr\u00f6\u00dfe des Produkts<\/li>\n<li>die Bestellmenge<\/li>\n<li>die gew\u00e4hlten Optionen<\/li>\n<\/ul>\n<p>Nach Freigabe der Druckdatei beginnt die Produktion.<\/p>\n<h2>Besch\u00e4digte oder fehlerhafte Produkte<\/h2>\n<p><\/p>\n<p>Wenn eine Bestellung besch\u00e4digt geliefert wurde oder nicht korrekt produziert wurde, k\u00f6nnen Sie dies unserem Kundenservice melden.<\/p>\n<p>F\u00fcr eine schnelle Bearbeitung bitten wir um:<\/p>\n<p><\/p>\n<ul>\n<li>die Bestellnummer<\/li>\n<li>eine klare Beschreibung des Problems<\/li>\n<li>Fotos des Produkts<\/li>\n<\/ul>\n<h2>M\u00f6gliche L\u00f6sungen<\/h2>\n<p><\/p>\n<p>Wenn eine Reklamation berechtigt ist, kann Amstel Printing beispielsweise:<\/p>\n<p><\/p>\n<ul>\n<li>ein Ersatzprodukt produzieren<\/li>\n<li>eine teilweise oder vollst\u00e4ndige R\u00fcckerstattung anbieten<\/li>\n<li>eine andere passende L\u00f6sung vorschlagen<\/li>\n<\/ul>\n<p>[\/et_pb_text][\/et_pb_column][\/et_pb_row][\/et_pb_section]<\/p>\n","protected":false},"excerpt":{"rendered":"<p>R\u00fcckgabebedingungen Bei Amstel Printing werden viele&#8230;<\/p>\n","protected":false},"author":4,"featured_media":0,"parent":0,"menu_order":0,"comment_status":"closed","ping_status":"closed","template":"","meta":{"_et_pb_use_builder":"on","_et_pb_old_content":"","_et_gb_content_width":"","footnotes":""},"categories":[],"class_list":["post-27653","page","type-page","status-publish","hentry"],"yoast_head":"<!-- This site is optimized with the Yoast SEO plugin v27.3 - https:\/\/yoast.com\/product\/yoast-seo-wordpress\/ -->\n<title>R\u00fcckgabebedingungen | Amstel Printing<\/title>\n<meta name=\"robots\" content=\"index, follow, max-snippet:-1, max-image-preview:large, max-video-preview:-1\" \/>\n<link rel=\"canonical\" href=\"https:\/\/www.amstelprinting.nl\/de\/rueckgabebedingungen\/\" \/>\n<meta property=\"og:locale\" content=\"de_DE\" \/>\n<meta property=\"og:type\" content=\"article\" \/>\n<meta property=\"og:title\" content=\"R\u00fcckgabebedingungen | Amstel Printing\" \/>\n<meta property=\"og:description\" content=\"R\u00fcckgabebedingungen Bei Amstel Printing werden viele...\" \/>\n<meta property=\"og:url\" content=\"https:\/\/www.amstelprinting.nl\/de\/rueckgabebedingungen\/\" \/>\n<meta property=\"og:site_name\" content=\"Amstel Printing\" \/>\n<meta property=\"article:modified_time\" content=\"2026-03-09T14:03:00+00:00\" \/>\n<meta property=\"og:image\" content=\"https:\/\/www.amstelprinting.nl\/wp-content\/uploads\/amstel_printing_logo_clean.png\" \/>\n\t<meta property=\"og:image:width\" content=\"324\" \/>\n\t<meta property=\"og:image:height\" content=\"73\" \/>\n\t<meta property=\"og:image:type\" content=\"image\/png\" \/>\n<meta name=\"twitter:card\" content=\"summary_large_image\" \/>\n<meta name=\"twitter:label1\" content=\"Gesch\u00e4tzte Lesezeit\" \/>\n\t<meta name=\"twitter:data1\" content=\"1\u00a0Minute\" \/>\n<script type=\"application\/ld+json\" class=\"yoast-schema-graph\">{\"@context\":\"https:\\\/\\\/schema.org\",\"@graph\":[{\"@type\":\"WebPage\",\"@id\":\"https:\\\/\\\/www.amstelprinting.nl\\\/de\\\/rueckgabebedingungen\\\/\",\"url\":\"https:\\\/\\\/www.amstelprinting.nl\\\/de\\\/rueckgabebedingungen\\\/\",\"name\":\"R\u00fcckgabebedingungen | Amstel Printing\",\"isPartOf\":{\"@id\":\"https:\\\/\\\/www.amstelprinting.nl\\\/de\\\/#website\"},\"datePublished\":\"2026-03-09T11:54:08+00:00\",\"dateModified\":\"2026-03-09T14:03:00+00:00\",\"breadcrumb\":{\"@id\":\"https:\\\/\\\/www.amstelprinting.nl\\\/de\\\/rueckgabebedingungen\\\/#breadcrumb\"},\"inLanguage\":\"de\",\"potentialAction\":[{\"@type\":\"ReadAction\",\"target\":[\"https:\\\/\\\/www.amstelprinting.nl\\\/de\\\/rueckgabebedingungen\\\/\"]}]},{\"@type\":\"BreadcrumbList\",\"@id\":\"https:\\\/\\\/www.amstelprinting.nl\\\/de\\\/rueckgabebedingungen\\\/#breadcrumb\",\"itemListElement\":[{\"@type\":\"ListItem\",\"position\":1,\"name\":\"\",\"item\":\"https:\\\/\\\/www.amstelprinting.nl\\\/de\\\/\"},{\"@type\":\"ListItem\",\"position\":2,\"name\":\"R\u00fcckgabebedingungen\"}]},{\"@type\":\"WebSite\",\"@id\":\"https:\\\/\\\/www.amstelprinting.nl\\\/de\\\/#website\",\"url\":\"https:\\\/\\\/www.amstelprinting.nl\\\/de\\\/\",\"name\":\"Amstel Printing\",\"description\":\"Creating Exposure\",\"publisher\":{\"@id\":\"https:\\\/\\\/www.amstelprinting.nl\\\/de\\\/#organization\"},\"potentialAction\":[{\"@type\":\"SearchAction\",\"target\":{\"@type\":\"EntryPoint\",\"urlTemplate\":\"https:\\\/\\\/www.amstelprinting.nl\\\/de\\\/?s={search_term_string}\"},\"query-input\":{\"@type\":\"PropertyValueSpecification\",\"valueRequired\":true,\"valueName\":\"search_term_string\"}}],\"inLanguage\":\"de\"},{\"@type\":\"Organization\",\"@id\":\"https:\\\/\\\/www.amstelprinting.nl\\\/de\\\/#organization\",\"name\":\"Amstel Printing\",\"url\":\"https:\\\/\\\/www.amstelprinting.nl\\\/de\\\/\",\"logo\":{\"@type\":\"ImageObject\",\"inLanguage\":\"de\",\"@id\":\"https:\\\/\\\/www.amstelprinting.nl\\\/de\\\/#\\\/schema\\\/logo\\\/image\\\/\",\"url\":\"https:\\\/\\\/www.amstelprinting.nl\\\/wp-content\\\/uploads\\\/amstel_printing_logo_clean.png\",\"contentUrl\":\"https:\\\/\\\/www.amstelprinting.nl\\\/wp-content\\\/uploads\\\/amstel_printing_logo_clean.png\",\"width\":324,\"height\":73,\"caption\":\"Amstel Printing\"},\"image\":{\"@id\":\"https:\\\/\\\/www.amstelprinting.nl\\\/de\\\/#\\\/schema\\\/logo\\\/image\\\/\"}}]}<\/script>\n<!-- \/ Yoast SEO plugin. -->","yoast_head_json":{"title":"R\u00fcckgabebedingungen | Amstel Printing","robots":{"index":"index","follow":"follow","max-snippet":"max-snippet:-1","max-image-preview":"max-image-preview:large","max-video-preview":"max-video-preview:-1"},"canonical":"https:\/\/www.amstelprinting.nl\/de\/rueckgabebedingungen\/","og_locale":"de_DE","og_type":"article","og_title":"R\u00fcckgabebedingungen | Amstel Printing","og_description":"R\u00fcckgabebedingungen Bei Amstel Printing werden viele...","og_url":"https:\/\/www.amstelprinting.nl\/de\/rueckgabebedingungen\/","og_site_name":"Amstel Printing","article_modified_time":"2026-03-09T14:03:00+00:00","og_image":[{"width":324,"height":73,"url":"https:\/\/www.amstelprinting.nl\/wp-content\/uploads\/amstel_printing_logo_clean.png","type":"image\/png"}],"twitter_card":"summary_large_image","twitter_misc":{"Gesch\u00e4tzte Lesezeit":"1\u00a0Minute"},"schema":{"@context":"https:\/\/schema.org","@graph":[{"@type":"WebPage","@id":"https:\/\/www.amstelprinting.nl\/de\/rueckgabebedingungen\/","url":"https:\/\/www.amstelprinting.nl\/de\/rueckgabebedingungen\/","name":"R\u00fcckgabebedingungen | Amstel Printing","isPartOf":{"@id":"https:\/\/www.amstelprinting.nl\/de\/#website"},"datePublished":"2026-03-09T11:54:08+00:00","dateModified":"2026-03-09T14:03:00+00:00","breadcrumb":{"@id":"https:\/\/www.amstelprinting.nl\/de\/rueckgabebedingungen\/#breadcrumb"},"inLanguage":"de","potentialAction":[{"@type":"ReadAction","target":["https:\/\/www.amstelprinting.nl\/de\/rueckgabebedingungen\/"]}]},{"@type":"BreadcrumbList","@id":"https:\/\/www.amstelprinting.nl\/de\/rueckgabebedingungen\/#breadcrumb","itemListElement":[{"@type":"ListItem","position":1,"name":"","item":"https:\/\/www.amstelprinting.nl\/de\/"},{"@type":"ListItem","position":2,"name":"R\u00fcckgabebedingungen"}]},{"@type":"WebSite","@id":"https:\/\/www.amstelprinting.nl\/de\/#website","url":"https:\/\/www.amstelprinting.nl\/de\/","name":"Amstel Printing","description":"Creating Exposure","publisher":{"@id":"https:\/\/www.amstelprinting.nl\/de\/#organization"},"potentialAction":[{"@type":"SearchAction","target":{"@type":"EntryPoint","urlTemplate":"https:\/\/www.amstelprinting.nl\/de\/?s={search_term_string}"},"query-input":{"@type":"PropertyValueSpecification","valueRequired":true,"valueName":"search_term_string"}}],"inLanguage":"de"},{"@type":"Organization","@id":"https:\/\/www.amstelprinting.nl\/de\/#organization","name":"Amstel Printing","url":"https:\/\/www.amstelprinting.nl\/de\/","logo":{"@type":"ImageObject","inLanguage":"de","@id":"https:\/\/www.amstelprinting.nl\/de\/#\/schema\/logo\/image\/","url":"https:\/\/www.amstelprinting.nl\/wp-content\/uploads\/amstel_printing_logo_clean.png","contentUrl":"https:\/\/www.amstelprinting.nl\/wp-content\/uploads\/amstel_printing_logo_clean.png","width":324,"height":73,"caption":"Amstel Printing"},"image":{"@id":"https:\/\/www.amstelprinting.nl\/de\/#\/schema\/logo\/image\/"}}]}},"_links":{"self":[{"href":"https:\/\/www.amstelprinting.nl\/de\/wp-json\/wp\/v2\/pages\/27653","targetHints":{"allow":["GET"]}}],"collection":[{"href":"https:\/\/www.amstelprinting.nl\/de\/wp-json\/wp\/v2\/pages"}],"about":[{"href":"https:\/\/www.amstelprinting.nl\/de\/wp-json\/wp\/v2\/types\/page"}],"author":[{"embeddable":true,"href":"https:\/\/www.amstelprinting.nl\/de\/wp-json\/wp\/v2\/users\/4"}],"replies":[{"embeddable":true,"href":"https:\/\/www.amstelprinting.nl\/de\/wp-json\/wp\/v2\/comments?post=27653"}],"version-history":[{"count":4,"href":"https:\/\/www.amstelprinting.nl\/de\/wp-json\/wp\/v2\/pages\/27653\/revisions"}],"predecessor-version":[{"id":27657,"href":"https:\/\/www.amstelprinting.nl\/de\/wp-json\/wp\/v2\/pages\/27653\/revisions\/27657"}],"wp:attachment":[{"href":"https:\/\/www.amstelprinting.nl\/de\/wp-json\/wp\/v2\/media?parent=27653"}],"wp:term":[{"taxonomy":"category","embeddable":true,"href":"https:\/\/www.amstelprinting.nl\/de\/wp-json\/wp\/v2\/categories?post=27653"}],"curies":[{"name":"wp","href":"https:\/\/api.w.org\/{rel}","templated":true}]}}