{"id":13534,"date":"2025-02-03T13:44:01","date_gmt":"2025-02-03T12:44:01","guid":{"rendered":"https:\/\/www.amstelprinting.nl\/winkel\/unkategorisiert\/vloerbeschermer\/"},"modified":"2026-02-18T12:53:30","modified_gmt":"2026-02-18T11:53:30","slug":"bodenschutzmatte","status":"publish","type":"product","link":"https:\/\/www.amstelprinting.nl\/de\/gesch\u00e4ft\/innere\/bodendekoration\/bodenschutzmatte\/","title":{"rendered":"Bodenschutzmatte"},"content":{"rendered":"<h3>Eigenschaften<\/h3>\n<ul>\n<li>100 % recyceltes und recycelbares Material<\/li>\n<li>Wahlweise mit gl\u00e4nzender oder matter Optik<\/li>\n<li>Rutschfeste Deckschicht f\u00fcr zus\u00e4tzliche Sicherheit und Stabilit\u00e4t<\/li>\n<li>Wasserabweisend, wodurch die Bodenschutzmatte leicht zu reinigen ist<\/li>\n<li>Einfach zu bewegen und wiederzuverwenden<\/li>\n<li>Feuerhemmend, geeignet f\u00fcr den Einsatz in \u00f6ffentlichen R\u00e4umen<\/li>\n<li>In jeder gew\u00fcnschten Form erh\u00e4ltlich<\/li>\n<li>Langlebig und vielseitig<\/li>\n<\/ul>\n<p>&nbsp;<\/p>\n<h3>Bodenschutzmatten: eine nachhaltige Wahl f\u00fcr Boden und Umwelt<\/h3>\n<p>Unsere Bodenschutzmatte bietet nicht nur Schutz, sondern ist auch eine umweltfreundliche Wahl. Das Sign Again Material (das allererste 100 % recycelte Plattenmaterial) macht sie zu einer innovativen und nachhaltigen L\u00f6sung. Die harte Deckschicht mit Rutschfestigkeit sorgt f\u00fcr einen sicheren und stabilen Untergrund, w\u00e4hrend die wasserabweisende Eigenschaft daf\u00fcr sorgt, dass Sie die Bodenschutzmatte einfach reinigen k\u00f6nnen.<\/p>\n<h3>Wei\u00dfe Standardbeschichtung<\/h3>\n<p>Die Bodenschutzmatte wird standardm\u00e4\u00dfig mit einer wei\u00dfen Beschichtung geliefert, die Ihrem Druck ein klares, gleichm\u00e4\u00dfiges Aussehen verleiht. Bitte beachten Sie, dass es sich um recyceltes Material handelt und daher leichte Spuren des Recyclingprozesses sichtbar sein k\u00f6nnen, was die einzigartige Ausstrahlung des Produkts unterstreicht. Ob f\u00fcr zu Hause, im B\u00fcro oder in \u00f6ffentlichen R\u00e4umen \u2013 diese Bodenschutzmatte bietet eine praktische und verantwortungsbewusste Wahl f\u00fcr den Bodenschutz.<\/p>\n","protected":false},"excerpt":{"rendered":"<h3>H\u00e4lt B\u00f6den sch\u00f6n und frei von Kratzern.<\/h3>\n<p>Unsere Bodenschutzmatte ist die ideale L\u00f6sung zum Schutz Ihres Bodens. Hergestellt aus 100 % recyceltem und recycelbarem Sign Again Material. Dieser Bodenschutz ist mit einer rutschfesten Deckschicht versehen. Dank der wasserabweisenden Eigenschaft l\u00e4sst sich die Bodenschutzmatte schnell reinigen. In verschiedenen Formen erh\u00e4ltlich. Mit gl\u00e4nzender oder marter Oberfl\u00e4che bestellbar.<\/p>\n","protected":false},"featured_media":13535,"template":"","meta":{"_et_pb_use_builder":"","_et_pb_old_content":"","_et_gb_content_width":""},"product_brand":[],"product_cat":[943,931,907,947],"product_tag":[],"class_list":{"0":"post-13534","1":"product","2":"type-product","3":"status-publish","4":"has-post-thumbnail","6":"product_cat-bodendekoration","7":"product_cat-einzelhandel","8":"product_cat-innenwerbung","9":"product_cat-innere","11":"first","12":"instock","13":"taxable","14":"shipping-taxable","15":"purchasable","16":"product-type-simple"},"yoast_head":"<!-- This site is optimized with the Yoast SEO plugin v27.3 - https:\/\/yoast.com\/product\/yoast-seo-wordpress\/ -->\n<title>Bodenschutzmatte | Amstel Printing<\/title>\n<meta name=\"description\" content=\"Sch\u00fctzen Sie Ihren Boden mit unserer langlebigen Bodenschutzmatte aus 100 % recyceltem Material. W\u00e4hlen Sie zwischen einer gl\u00e4nzenden oder matten Oberfl\u00e4che, mit rutschfester Deckschicht f\u00fcr Sicherheit. Wasserabweisend, leicht zu reinigen, feuerhemmend und f\u00fcr \u00f6ffentliche R\u00e4ume geeignet. In jeder gew\u00fcnschten Form erh\u00e4ltlich.\" \/>\n<meta name=\"robots\" content=\"index, follow, max-snippet:-1, max-image-preview:large, max-video-preview:-1\" \/>\n<link rel=\"canonical\" href=\"https:\/\/www.amstelprinting.nl\/de\/gesch\u00e4ft\/innere\/bodendekoration\/bodenschutzmatte\/\" \/>\n<meta property=\"og:locale\" content=\"de_DE\" \/>\n<meta property=\"og:type\" content=\"article\" \/>\n<meta property=\"og:title\" content=\"Bodenschutzmatte | Amstel Printing\" \/>\n<meta property=\"og:description\" content=\"Sch\u00fctzen Sie Ihren Boden mit unserer langlebigen Bodenschutzmatte aus 100 % recyceltem Material. W\u00e4hlen Sie zwischen einer gl\u00e4nzenden oder matten Oberfl\u00e4che, mit rutschfester Deckschicht f\u00fcr Sicherheit. Wasserabweisend, leicht zu reinigen, feuerhemmend und f\u00fcr \u00f6ffentliche R\u00e4ume geeignet. In jeder gew\u00fcnschten Form erh\u00e4ltlich.\" \/>\n<meta property=\"og:url\" content=\"https:\/\/www.amstelprinting.nl\/de\/gesch\u00e4ft\/innere\/bodendekoration\/bodenschutzmatte\/\" \/>\n<meta property=\"og:site_name\" content=\"Amstel Printing\" \/>\n<meta property=\"article:modified_time\" content=\"2026-02-18T11:53:30+00:00\" \/>\n<meta property=\"og:image\" content=\"https:\/\/www.amstelprinting.nl\/wp-content\/uploads\/vloerbeschermer-bedrukken.jpg\" \/>\n\t<meta property=\"og:image:width\" content=\"700\" \/>\n\t<meta property=\"og:image:height\" content=\"467\" \/>\n\t<meta property=\"og:image:type\" content=\"image\/jpeg\" \/>\n<meta name=\"twitter:card\" content=\"summary_large_image\" \/>\n<meta name=\"twitter:label1\" content=\"Gesch\u00e4tzte Lesezeit\" \/>\n\t<meta name=\"twitter:data1\" content=\"1\u00a0Minute\" \/>\n<script type=\"application\/ld+json\" class=\"yoast-schema-graph\">{\"@context\":\"https:\\\/\\\/schema.org\",\"@graph\":[{\"@type\":\"WebPage\",\"@id\":\"https:\\\/\\\/www.amstelprinting.nl\\\/de\\\/gesch\u00e4ft\\\/innere\\\/bodendekoration\\\/bodenschutzmatte\\\/\",\"url\":\"https:\\\/\\\/www.amstelprinting.nl\\\/de\\\/gesch\u00e4ft\\\/innere\\\/bodendekoration\\\/bodenschutzmatte\\\/\",\"name\":\"Bodenschutzmatte | Amstel Printing\",\"isPartOf\":{\"@id\":\"https:\\\/\\\/www.amstelprinting.nl\\\/de\\\/#website\"},\"primaryImageOfPage\":{\"@id\":\"https:\\\/\\\/www.amstelprinting.nl\\\/de\\\/gesch\u00e4ft\\\/innere\\\/bodendekoration\\\/bodenschutzmatte\\\/#primaryimage\"},\"image\":{\"@id\":\"https:\\\/\\\/www.amstelprinting.nl\\\/de\\\/gesch\u00e4ft\\\/innere\\\/bodendekoration\\\/bodenschutzmatte\\\/#primaryimage\"},\"thumbnailUrl\":\"https:\\\/\\\/www.amstelprinting.nl\\\/wp-content\\\/uploads\\\/vloerbeschermer-bedrukken.jpg\",\"datePublished\":\"2025-02-03T12:44:01+00:00\",\"dateModified\":\"2026-02-18T11:53:30+00:00\",\"description\":\"Sch\u00fctzen Sie Ihren Boden mit unserer langlebigen Bodenschutzmatte aus 100 % recyceltem Material. W\u00e4hlen Sie zwischen einer gl\u00e4nzenden oder matten Oberfl\u00e4che, mit rutschfester Deckschicht f\u00fcr Sicherheit. Wasserabweisend, leicht zu reinigen, feuerhemmend und f\u00fcr \u00f6ffentliche R\u00e4ume geeignet. In jeder gew\u00fcnschten Form erh\u00e4ltlich.\",\"breadcrumb\":{\"@id\":\"https:\\\/\\\/www.amstelprinting.nl\\\/de\\\/gesch\u00e4ft\\\/innere\\\/bodendekoration\\\/bodenschutzmatte\\\/#breadcrumb\"},\"inLanguage\":\"de\",\"potentialAction\":[{\"@type\":\"ReadAction\",\"target\":[\"https:\\\/\\\/www.amstelprinting.nl\\\/de\\\/gesch\u00e4ft\\\/innere\\\/bodendekoration\\\/bodenschutzmatte\\\/\"]}]},{\"@type\":\"ImageObject\",\"inLanguage\":\"de\",\"@id\":\"https:\\\/\\\/www.amstelprinting.nl\\\/de\\\/gesch\u00e4ft\\\/innere\\\/bodendekoration\\\/bodenschutzmatte\\\/#primaryimage\",\"url\":\"https:\\\/\\\/www.amstelprinting.nl\\\/wp-content\\\/uploads\\\/vloerbeschermer-bedrukken.jpg\",\"contentUrl\":\"https:\\\/\\\/www.amstelprinting.nl\\\/wp-content\\\/uploads\\\/vloerbeschermer-bedrukken.jpg\",\"width\":700,\"height\":467},{\"@type\":\"BreadcrumbList\",\"@id\":\"https:\\\/\\\/www.amstelprinting.nl\\\/de\\\/gesch\u00e4ft\\\/innere\\\/bodendekoration\\\/bodenschutzmatte\\\/#breadcrumb\",\"itemListElement\":[{\"@type\":\"ListItem\",\"position\":1,\"name\":\"\",\"item\":\"https:\\\/\\\/www.amstelprinting.nl\\\/de\\\/\"},{\"@type\":\"ListItem\",\"position\":2,\"name\":\"Amstel Printing\",\"item\":\"https:\\\/\\\/www.amstelprinting.nl\\\/de\\\/geschaeft\\\/\"},{\"@type\":\"ListItem\",\"position\":3,\"name\":\"Innere\",\"item\":\"https:\\\/\\\/www.amstelprinting.nl\\\/de\\\/kategorie\\\/innere\\\/\"},{\"@type\":\"ListItem\",\"position\":4,\"name\":\"Bodendekoration\",\"item\":\"https:\\\/\\\/www.amstelprinting.nl\\\/de\\\/kategorie\\\/innere\\\/bodendekoration\\\/\"},{\"@type\":\"ListItem\",\"position\":5,\"name\":\"Bodenschutzmatte\"}]},{\"@type\":\"WebSite\",\"@id\":\"https:\\\/\\\/www.amstelprinting.nl\\\/de\\\/#website\",\"url\":\"https:\\\/\\\/www.amstelprinting.nl\\\/de\\\/\",\"name\":\"Amstel Printing\",\"description\":\"Creating Exposure\",\"publisher\":{\"@id\":\"https:\\\/\\\/www.amstelprinting.nl\\\/de\\\/#organization\"},\"potentialAction\":[{\"@type\":\"SearchAction\",\"target\":{\"@type\":\"EntryPoint\",\"urlTemplate\":\"https:\\\/\\\/www.amstelprinting.nl\\\/de\\\/?s={search_term_string}\"},\"query-input\":{\"@type\":\"PropertyValueSpecification\",\"valueRequired\":true,\"valueName\":\"search_term_string\"}}],\"inLanguage\":\"de\"},{\"@type\":\"Organization\",\"@id\":\"https:\\\/\\\/www.amstelprinting.nl\\\/de\\\/#organization\",\"name\":\"Amstel Printing\",\"url\":\"https:\\\/\\\/www.amstelprinting.nl\\\/de\\\/\",\"logo\":{\"@type\":\"ImageObject\",\"inLanguage\":\"de\",\"@id\":\"https:\\\/\\\/www.amstelprinting.nl\\\/de\\\/#\\\/schema\\\/logo\\\/image\\\/\",\"url\":\"https:\\\/\\\/www.amstelprinting.nl\\\/wp-content\\\/uploads\\\/amstel_printing_logo_clean.png\",\"contentUrl\":\"https:\\\/\\\/www.amstelprinting.nl\\\/wp-content\\\/uploads\\\/amstel_printing_logo_clean.png\",\"width\":324,\"height\":73,\"caption\":\"Amstel Printing\"},\"image\":{\"@id\":\"https:\\\/\\\/www.amstelprinting.nl\\\/de\\\/#\\\/schema\\\/logo\\\/image\\\/\"}}]}<\/script>\n<!-- \/ Yoast SEO plugin. -->","yoast_head_json":{"title":"Bodenschutzmatte | Amstel Printing","description":"Sch\u00fctzen Sie Ihren Boden mit unserer langlebigen Bodenschutzmatte aus 100 % recyceltem Material. W\u00e4hlen Sie zwischen einer gl\u00e4nzenden oder matten Oberfl\u00e4che, mit rutschfester Deckschicht f\u00fcr Sicherheit. Wasserabweisend, leicht zu reinigen, feuerhemmend und f\u00fcr \u00f6ffentliche R\u00e4ume geeignet. In jeder gew\u00fcnschten Form erh\u00e4ltlich.","robots":{"index":"index","follow":"follow","max-snippet":"max-snippet:-1","max-image-preview":"max-image-preview:large","max-video-preview":"max-video-preview:-1"},"canonical":"https:\/\/www.amstelprinting.nl\/de\/gesch\u00e4ft\/innere\/bodendekoration\/bodenschutzmatte\/","og_locale":"de_DE","og_type":"article","og_title":"Bodenschutzmatte | Amstel Printing","og_description":"Sch\u00fctzen Sie Ihren Boden mit unserer langlebigen Bodenschutzmatte aus 100 % recyceltem Material. W\u00e4hlen Sie zwischen einer gl\u00e4nzenden oder matten Oberfl\u00e4che, mit rutschfester Deckschicht f\u00fcr Sicherheit. Wasserabweisend, leicht zu reinigen, feuerhemmend und f\u00fcr \u00f6ffentliche R\u00e4ume geeignet. In jeder gew\u00fcnschten Form erh\u00e4ltlich.","og_url":"https:\/\/www.amstelprinting.nl\/de\/gesch\u00e4ft\/innere\/bodendekoration\/bodenschutzmatte\/","og_site_name":"Amstel Printing","article_modified_time":"2026-02-18T11:53:30+00:00","og_image":[{"width":700,"height":467,"url":"https:\/\/www.amstelprinting.nl\/wp-content\/uploads\/vloerbeschermer-bedrukken.jpg","type":"image\/jpeg"}],"twitter_card":"summary_large_image","twitter_misc":{"Gesch\u00e4tzte Lesezeit":"1\u00a0Minute"},"schema":{"@context":"https:\/\/schema.org","@graph":[{"@type":"WebPage","@id":"https:\/\/www.amstelprinting.nl\/de\/gesch\u00e4ft\/innere\/bodendekoration\/bodenschutzmatte\/","url":"https:\/\/www.amstelprinting.nl\/de\/gesch\u00e4ft\/innere\/bodendekoration\/bodenschutzmatte\/","name":"Bodenschutzmatte | Amstel Printing","isPartOf":{"@id":"https:\/\/www.amstelprinting.nl\/de\/#website"},"primaryImageOfPage":{"@id":"https:\/\/www.amstelprinting.nl\/de\/gesch\u00e4ft\/innere\/bodendekoration\/bodenschutzmatte\/#primaryimage"},"image":{"@id":"https:\/\/www.amstelprinting.nl\/de\/gesch\u00e4ft\/innere\/bodendekoration\/bodenschutzmatte\/#primaryimage"},"thumbnailUrl":"https:\/\/www.amstelprinting.nl\/wp-content\/uploads\/vloerbeschermer-bedrukken.jpg","datePublished":"2025-02-03T12:44:01+00:00","dateModified":"2026-02-18T11:53:30+00:00","description":"Sch\u00fctzen Sie Ihren Boden mit unserer langlebigen Bodenschutzmatte aus 100 % recyceltem Material. W\u00e4hlen Sie zwischen einer gl\u00e4nzenden oder matten Oberfl\u00e4che, mit rutschfester Deckschicht f\u00fcr Sicherheit. Wasserabweisend, leicht zu reinigen, feuerhemmend und f\u00fcr \u00f6ffentliche R\u00e4ume geeignet. In jeder gew\u00fcnschten Form erh\u00e4ltlich.","breadcrumb":{"@id":"https:\/\/www.amstelprinting.nl\/de\/gesch\u00e4ft\/innere\/bodendekoration\/bodenschutzmatte\/#breadcrumb"},"inLanguage":"de","potentialAction":[{"@type":"ReadAction","target":["https:\/\/www.amstelprinting.nl\/de\/gesch\u00e4ft\/innere\/bodendekoration\/bodenschutzmatte\/"]}]},{"@type":"ImageObject","inLanguage":"de","@id":"https:\/\/www.amstelprinting.nl\/de\/gesch\u00e4ft\/innere\/bodendekoration\/bodenschutzmatte\/#primaryimage","url":"https:\/\/www.amstelprinting.nl\/wp-content\/uploads\/vloerbeschermer-bedrukken.jpg","contentUrl":"https:\/\/www.amstelprinting.nl\/wp-content\/uploads\/vloerbeschermer-bedrukken.jpg","width":700,"height":467},{"@type":"BreadcrumbList","@id":"https:\/\/www.amstelprinting.nl\/de\/gesch\u00e4ft\/innere\/bodendekoration\/bodenschutzmatte\/#breadcrumb","itemListElement":[{"@type":"ListItem","position":1,"name":"","item":"https:\/\/www.amstelprinting.nl\/de\/"},{"@type":"ListItem","position":2,"name":"Amstel Printing","item":"https:\/\/www.amstelprinting.nl\/de\/geschaeft\/"},{"@type":"ListItem","position":3,"name":"Innere","item":"https:\/\/www.amstelprinting.nl\/de\/kategorie\/innere\/"},{"@type":"ListItem","position":4,"name":"Bodendekoration","item":"https:\/\/www.amstelprinting.nl\/de\/kategorie\/innere\/bodendekoration\/"},{"@type":"ListItem","position":5,"name":"Bodenschutzmatte"}]},{"@type":"WebSite","@id":"https:\/\/www.amstelprinting.nl\/de\/#website","url":"https:\/\/www.amstelprinting.nl\/de\/","name":"Amstel Printing","description":"Creating Exposure","publisher":{"@id":"https:\/\/www.amstelprinting.nl\/de\/#organization"},"potentialAction":[{"@type":"SearchAction","target":{"@type":"EntryPoint","urlTemplate":"https:\/\/www.amstelprinting.nl\/de\/?s={search_term_string}"},"query-input":{"@type":"PropertyValueSpecification","valueRequired":true,"valueName":"search_term_string"}}],"inLanguage":"de"},{"@type":"Organization","@id":"https:\/\/www.amstelprinting.nl\/de\/#organization","name":"Amstel Printing","url":"https:\/\/www.amstelprinting.nl\/de\/","logo":{"@type":"ImageObject","inLanguage":"de","@id":"https:\/\/www.amstelprinting.nl\/de\/#\/schema\/logo\/image\/","url":"https:\/\/www.amstelprinting.nl\/wp-content\/uploads\/amstel_printing_logo_clean.png","contentUrl":"https:\/\/www.amstelprinting.nl\/wp-content\/uploads\/amstel_printing_logo_clean.png","width":324,"height":73,"caption":"Amstel Printing"},"image":{"@id":"https:\/\/www.amstelprinting.nl\/de\/#\/schema\/logo\/image\/"}}]}},"_links":{"self":[{"href":"https:\/\/www.amstelprinting.nl\/de\/wp-json\/wp\/v2\/product\/13534","targetHints":{"allow":["GET"]}}],"collection":[{"href":"https:\/\/www.amstelprinting.nl\/de\/wp-json\/wp\/v2\/product"}],"about":[{"href":"https:\/\/www.amstelprinting.nl\/de\/wp-json\/wp\/v2\/types\/product"}],"wp:featuredmedia":[{"embeddable":true,"href":"https:\/\/www.amstelprinting.nl\/de\/wp-json\/wp\/v2\/media\/13535"}],"wp:attachment":[{"href":"https:\/\/www.amstelprinting.nl\/de\/wp-json\/wp\/v2\/media?parent=13534"}],"wp:term":[{"taxonomy":"product_brand","embeddable":true,"href":"https:\/\/www.amstelprinting.nl\/de\/wp-json\/wp\/v2\/product_brand?post=13534"},{"taxonomy":"product_cat","embeddable":true,"href":"https:\/\/www.amstelprinting.nl\/de\/wp-json\/wp\/v2\/product_cat?post=13534"},{"taxonomy":"product_tag","embeddable":true,"href":"https:\/\/www.amstelprinting.nl\/de\/wp-json\/wp\/v2\/product_tag?post=13534"}],"curies":[{"name":"wp","href":"https:\/\/api.w.org\/{rel}","templated":true}]}}