{"id":13544,"date":"2025-02-03T13:35:59","date_gmt":"2025-02-03T12:35:59","guid":{"rendered":"https:\/\/www.amstelprinting.nl\/winkel\/unkategorisiert\/vrijstaand-textielframe\/"},"modified":"2026-02-18T12:53:31","modified_gmt":"2026-02-18T11:53:31","slug":"freistehender-textilrahmen-2","status":"publish","type":"product","link":"https:\/\/www.amstelprinting.nl\/de\/gesch\u00e4ft\/messe-event\/ausstellungswande\/freistehender-textilrahmen-2\/","title":{"rendered":"Freistehender Textilrahmen"},"content":{"rendered":"<h3>Freistehenden Textilrahmen bestellen<\/h3>\n<p>Erwecken Sie Ihre Botschaft zum Leben mit dem freistehenden Textilrahmen. Die ideale L\u00f6sung f\u00fcr jede Pr\u00e4sentation oder Veranstaltung. Dieser elegante und multifunktionale Aluminiumrahmen bietet Ihnen die M\u00f6glichkeit, Ihre Marke auf professionelle Weise zu pr\u00e4sentieren. Mit einer Auswahl an hochwertigen Materialien und ma\u00dfgeschneiderten Optionen (Farbe und Dicke des Rahmens) k\u00f6nnen Sie den freistehenden Textilrahmen ganz nach Wunsch zusammenstellen. In Zukunft ein anderes Design? In diesem Fall k\u00f6nnen Sie einfach einen losen Druck nachbestellen.<\/p>\n<h3>Vorteile<\/h3>\n<ul>\n<li>Wahlweise silberner, wei\u00dfer oder schwarzer Aluminiumrahmen<\/li>\n<li>Nahtloses und glattes Ergebnis (Befestigung mittels Keder)<\/li>\n<li>Erh\u00e4ltlich in sieben Tuchmaterialien<\/li>\n<li>Eigenes Design oder bestehendes Muster<\/li>\n<li>Ausgestattet mit einem doppelseitigen Druck (2 T\u00fccher)<\/li>\n<li>Inklusive zugeh\u00f6rigem Zubeh\u00f6r<\/li>\n<li>Einfache Montage (und Demontage)<\/li>\n<\/ul>\n<p>&nbsp;<\/p>\n<h3>Formate und Materialien<\/h3>\n<p>W\u00e4hlen Sie aus verschiedenen Farben f\u00fcr den Rahmen: silbernes, wei\u00dfes oder schwarzes Aluminium. Zudem werden die Rahmen komplett nach Ma\u00df gefertigt, sodass Sie das Format selbst bestimmen k\u00f6nnen. Sie haben die Wahl zwischen einer Rahmendicke von 44 mm oder 80 mm f\u00fcr zus\u00e4tzliche Stabilit\u00e4t. Unsere Textilrahmen sind mit verschiedenen hochwertigen Tuchmaterialien erh\u00e4ltlich, jedes mit einzigartigen Eigenschaften:<\/p>\n<ul>\n<li><strong>Dekostof<\/strong>: Dieser geschmeidige Polyesterstoff hat eine feine Struktur und eine kraftvolle Ausstrahlung, perfekt f\u00fcr einen professionellen Look.<\/li>\n<li><strong>Dekostof Blockout<\/strong>: Lichtblockierendes Polyester mit einer schwarzen R\u00fcckseite und B1-Zertifikat, ideal f\u00fcr Anwendungen, bei denen die Lichtsteuerung wichtig ist.<\/li>\n<li><strong>Structex<\/strong>: Dieser strukturierte Stoff aus schwerer Polyesterqualit\u00e4t hat einen Baumwoll-Look, wodurch er ein luxuri\u00f6ses Erscheinungsbild bietet.<\/li>\n<li><strong>Velours<\/strong>: Hochwertiges Polyester mit kurzem Flor, das f\u00fcr eine samtweiche Ausstrahlung sorgt, perfekt f\u00fcr eine elegante Pr\u00e4sentation.<\/li>\n<li><strong>Blackback Soft<\/strong>: Polyester-Blockout-Stoff mit schwarzer R\u00fcckseite und B1-Zertifikat, ideal f\u00fcr den Einsatz in verschiedenen Umgebungen.<\/li>\n<li><strong>Blackback XL<\/strong>: Dieser Stoff ist perfekt f\u00fcr Gro\u00dfformatanwendungen und bietet die gleichen Vorteile wie der Blackback Soft, mit einer schwarzen R\u00fcckseite und B1-Zertifikat.<\/li>\n<li><strong>Decotex UV<\/strong>: Dieser geschmeidige Polyesterstoff ist perfekt f\u00fcr gro\u00dfe Formate und bietet eine kraftvolle Ausstrahlung, ideal f\u00fcr den Au\u00dfeneinsatz.<\/li>\n<\/ul>\n<p>&nbsp;<\/p>\n<h3>Einseitig oder doppelseitig bedruckken<\/h3>\n<p>Unsere Textilrahmen k\u00f6nnen sowohl einseitig als auch doppelseitig bedruckt werden, wodurch Sie maximale Sichtbarkeit erhalten. Sie k\u00f6nnen sich f\u00fcr ein eigenes Design entscheiden, das perfekt zu Ihrer Marke passt, oder ein bestehendes Muster verwenden.<\/p>\n<h3>Zubeh\u00f6r<\/h3>\n<p>Vervollst\u00e4ndigen Sie Ihren freistehenden Textilrahmen mit einem praktischen E-Locktool, das f\u00fcr eine einfache Montage und Demontage des Tuches sorgt.<\/p>\n<p>Mit unserem freistehenden Textilrahmen erhalten Sie eine vielseitige und stilvolle L\u00f6sung, die Ihre Pr\u00e4sentation auf ein h\u00f6heres Niveau hebt. Ob Sie sich f\u00fcr ein einzigartiges Design oder ein bestehendes Muster entscheiden, dieser Rahmen sorgt daf\u00fcr, dass Ihre Botschaft auff\u00e4llt und Eindruck macht. Dank der hochwertigen Materialien und Ma\u00dfarbeitsoptionen k\u00f6nnen Sie ihn perfekt auf Ihre Bed\u00fcrfnisse abstimmen.<\/p>\n","protected":false},"excerpt":{"rendered":"<h3>Komplette Pr\u00e4sentationswand f\u00fcr eine Messe oder Veranstaltung<\/h3>\n<p>Ein wundersch\u00f6ner (freistehender) Textilrahmen, der ganz nach Wunsch zusammengestellt werden kann. So k\u00f6nnen Sie den Rahmen in drei verschiedenen Farben (Wei\u00df, Schwarz oder Silber) bestellen. Ihr Design wird gestochen scharf gedruckt und ist zudem auf beiden Seiten des Rahmens sichtbar. Das Format w\u00e4hlen Sie ebenfalls selbst! Stellen Sie unten in wenigen Schritten den freistehenden Textilrahmen zusammen.<\/p>\n","protected":false},"featured_media":13545,"template":"","meta":{"_et_pb_use_builder":"","_et_pb_old_content":"","_et_gb_content_width":""},"product_brand":[],"product_cat":[911,899],"product_tag":[],"class_list":{"0":"post-13544","1":"product","2":"type-product","3":"status-publish","4":"has-post-thumbnail","6":"product_cat-ausstellungswande","7":"product_cat-messe-event","9":"first","10":"instock","11":"featured","12":"taxable","13":"shipping-taxable","14":"purchasable","15":"product-type-simple"},"yoast_head":"<!-- This site is optimized with the Yoast SEO plugin v27.3 - https:\/\/yoast.com\/product\/yoast-seo-wordpress\/ -->\n<title>Freistehender Textilrahmen - Flexible Pr\u00e4sentationswand nach Ma\u00df<\/title>\n<meta name=\"description\" content=\"Eine kraftvolle Pr\u00e4sentation mit unserem vollst\u00e4ndig anpassbaren freistehenden Textilrahmen. Diverse Farben &amp; hochwertige Materialien, auch f\u00fcr doppelseitige Drucke.\" \/>\n<meta name=\"robots\" content=\"index, follow, max-snippet:-1, max-image-preview:large, max-video-preview:-1\" \/>\n<link rel=\"canonical\" href=\"https:\/\/www.amstelprinting.nl\/de\/gesch\u00e4ft\/messe-event\/ausstellungswande\/freistehender-textilrahmen-2\/\" \/>\n<meta property=\"og:locale\" content=\"de_DE\" \/>\n<meta property=\"og:type\" content=\"article\" \/>\n<meta property=\"og:title\" content=\"Freistehender Textilrahmen - Flexible Pr\u00e4sentationswand nach Ma\u00df\" \/>\n<meta property=\"og:description\" content=\"Eine kraftvolle Pr\u00e4sentation mit unserem vollst\u00e4ndig anpassbaren freistehenden Textilrahmen. Diverse Farben &amp; hochwertige Materialien, auch f\u00fcr doppelseitige Drucke.\" \/>\n<meta property=\"og:url\" content=\"https:\/\/www.amstelprinting.nl\/de\/gesch\u00e4ft\/messe-event\/ausstellungswande\/freistehender-textilrahmen-2\/\" \/>\n<meta property=\"og:site_name\" content=\"Amstel Printing\" \/>\n<meta property=\"article:modified_time\" content=\"2026-02-18T11:53:31+00:00\" \/>\n<meta property=\"og:image\" content=\"https:\/\/www.amstelprinting.nl\/wp-content\/uploads\/vrijstaand-textielframe-bedrukken2.png\" \/>\n\t<meta property=\"og:image:width\" content=\"900\" \/>\n\t<meta property=\"og:image:height\" content=\"900\" \/>\n\t<meta property=\"og:image:type\" content=\"image\/png\" \/>\n<meta name=\"twitter:card\" content=\"summary_large_image\" \/>\n<meta name=\"twitter:label1\" content=\"Gesch\u00e4tzte Lesezeit\" \/>\n\t<meta name=\"twitter:data1\" content=\"2\u00a0Minuten\" \/>\n<script type=\"application\/ld+json\" class=\"yoast-schema-graph\">{\"@context\":\"https:\\\/\\\/schema.org\",\"@graph\":[{\"@type\":\"WebPage\",\"@id\":\"https:\\\/\\\/www.amstelprinting.nl\\\/de\\\/gesch\u00e4ft\\\/messe-event\\\/ausstellungswande\\\/freistehender-textilrahmen-2\\\/\",\"url\":\"https:\\\/\\\/www.amstelprinting.nl\\\/de\\\/gesch\u00e4ft\\\/messe-event\\\/ausstellungswande\\\/freistehender-textilrahmen-2\\\/\",\"name\":\"Freistehender Textilrahmen - Flexible Pr\u00e4sentationswand nach Ma\u00df\",\"isPartOf\":{\"@id\":\"https:\\\/\\\/www.amstelprinting.nl\\\/de\\\/#website\"},\"primaryImageOfPage\":{\"@id\":\"https:\\\/\\\/www.amstelprinting.nl\\\/de\\\/gesch\u00e4ft\\\/messe-event\\\/ausstellungswande\\\/freistehender-textilrahmen-2\\\/#primaryimage\"},\"image\":{\"@id\":\"https:\\\/\\\/www.amstelprinting.nl\\\/de\\\/gesch\u00e4ft\\\/messe-event\\\/ausstellungswande\\\/freistehender-textilrahmen-2\\\/#primaryimage\"},\"thumbnailUrl\":\"https:\\\/\\\/www.amstelprinting.nl\\\/wp-content\\\/uploads\\\/vrijstaand-textielframe-bedrukken2.png\",\"datePublished\":\"2025-02-03T12:35:59+00:00\",\"dateModified\":\"2026-02-18T11:53:31+00:00\",\"description\":\"Eine kraftvolle Pr\u00e4sentation mit unserem vollst\u00e4ndig anpassbaren freistehenden Textilrahmen. Diverse Farben & hochwertige Materialien, auch f\u00fcr doppelseitige Drucke.\",\"breadcrumb\":{\"@id\":\"https:\\\/\\\/www.amstelprinting.nl\\\/de\\\/gesch\u00e4ft\\\/messe-event\\\/ausstellungswande\\\/freistehender-textilrahmen-2\\\/#breadcrumb\"},\"inLanguage\":\"de\",\"potentialAction\":[{\"@type\":\"ReadAction\",\"target\":[\"https:\\\/\\\/www.amstelprinting.nl\\\/de\\\/gesch\u00e4ft\\\/messe-event\\\/ausstellungswande\\\/freistehender-textilrahmen-2\\\/\"]}]},{\"@type\":\"ImageObject\",\"inLanguage\":\"de\",\"@id\":\"https:\\\/\\\/www.amstelprinting.nl\\\/de\\\/gesch\u00e4ft\\\/messe-event\\\/ausstellungswande\\\/freistehender-textilrahmen-2\\\/#primaryimage\",\"url\":\"https:\\\/\\\/www.amstelprinting.nl\\\/wp-content\\\/uploads\\\/vrijstaand-textielframe-bedrukken2.png\",\"contentUrl\":\"https:\\\/\\\/www.amstelprinting.nl\\\/wp-content\\\/uploads\\\/vrijstaand-textielframe-bedrukken2.png\",\"width\":900,\"height\":900},{\"@type\":\"BreadcrumbList\",\"@id\":\"https:\\\/\\\/www.amstelprinting.nl\\\/de\\\/gesch\u00e4ft\\\/messe-event\\\/ausstellungswande\\\/freistehender-textilrahmen-2\\\/#breadcrumb\",\"itemListElement\":[{\"@type\":\"ListItem\",\"position\":1,\"name\":\"\",\"item\":\"https:\\\/\\\/www.amstelprinting.nl\\\/de\\\/\"},{\"@type\":\"ListItem\",\"position\":2,\"name\":\"Amstel Printing\",\"item\":\"https:\\\/\\\/www.amstelprinting.nl\\\/de\\\/geschaeft\\\/\"},{\"@type\":\"ListItem\",\"position\":3,\"name\":\"Messe &amp; Event\",\"item\":\"https:\\\/\\\/www.amstelprinting.nl\\\/de\\\/kategorie\\\/messe-event\\\/\"},{\"@type\":\"ListItem\",\"position\":4,\"name\":\"Ausstellungsw\u00e4nde\",\"item\":\"https:\\\/\\\/www.amstelprinting.nl\\\/de\\\/kategorie\\\/messe-event\\\/ausstellungswande\\\/\"},{\"@type\":\"ListItem\",\"position\":5,\"name\":\"Freistehender Textilrahmen\"}]},{\"@type\":\"WebSite\",\"@id\":\"https:\\\/\\\/www.amstelprinting.nl\\\/de\\\/#website\",\"url\":\"https:\\\/\\\/www.amstelprinting.nl\\\/de\\\/\",\"name\":\"Amstel Printing\",\"description\":\"Creating Exposure\",\"publisher\":{\"@id\":\"https:\\\/\\\/www.amstelprinting.nl\\\/de\\\/#organization\"},\"potentialAction\":[{\"@type\":\"SearchAction\",\"target\":{\"@type\":\"EntryPoint\",\"urlTemplate\":\"https:\\\/\\\/www.amstelprinting.nl\\\/de\\\/?s={search_term_string}\"},\"query-input\":{\"@type\":\"PropertyValueSpecification\",\"valueRequired\":true,\"valueName\":\"search_term_string\"}}],\"inLanguage\":\"de\"},{\"@type\":\"Organization\",\"@id\":\"https:\\\/\\\/www.amstelprinting.nl\\\/de\\\/#organization\",\"name\":\"Amstel Printing\",\"url\":\"https:\\\/\\\/www.amstelprinting.nl\\\/de\\\/\",\"logo\":{\"@type\":\"ImageObject\",\"inLanguage\":\"de\",\"@id\":\"https:\\\/\\\/www.amstelprinting.nl\\\/de\\\/#\\\/schema\\\/logo\\\/image\\\/\",\"url\":\"https:\\\/\\\/www.amstelprinting.nl\\\/wp-content\\\/uploads\\\/amstel_printing_logo_clean.png\",\"contentUrl\":\"https:\\\/\\\/www.amstelprinting.nl\\\/wp-content\\\/uploads\\\/amstel_printing_logo_clean.png\",\"width\":324,\"height\":73,\"caption\":\"Amstel Printing\"},\"image\":{\"@id\":\"https:\\\/\\\/www.amstelprinting.nl\\\/de\\\/#\\\/schema\\\/logo\\\/image\\\/\"}}]}<\/script>\n<!-- \/ Yoast SEO plugin. -->","yoast_head_json":{"title":"Freistehender Textilrahmen - Flexible Pr\u00e4sentationswand nach Ma\u00df","description":"Eine kraftvolle Pr\u00e4sentation mit unserem vollst\u00e4ndig anpassbaren freistehenden Textilrahmen. Diverse Farben & hochwertige Materialien, auch f\u00fcr doppelseitige Drucke.","robots":{"index":"index","follow":"follow","max-snippet":"max-snippet:-1","max-image-preview":"max-image-preview:large","max-video-preview":"max-video-preview:-1"},"canonical":"https:\/\/www.amstelprinting.nl\/de\/gesch\u00e4ft\/messe-event\/ausstellungswande\/freistehender-textilrahmen-2\/","og_locale":"de_DE","og_type":"article","og_title":"Freistehender Textilrahmen - Flexible Pr\u00e4sentationswand nach Ma\u00df","og_description":"Eine kraftvolle Pr\u00e4sentation mit unserem vollst\u00e4ndig anpassbaren freistehenden Textilrahmen. Diverse Farben & hochwertige Materialien, auch f\u00fcr doppelseitige Drucke.","og_url":"https:\/\/www.amstelprinting.nl\/de\/gesch\u00e4ft\/messe-event\/ausstellungswande\/freistehender-textilrahmen-2\/","og_site_name":"Amstel Printing","article_modified_time":"2026-02-18T11:53:31+00:00","og_image":[{"width":900,"height":900,"url":"https:\/\/www.amstelprinting.nl\/wp-content\/uploads\/vrijstaand-textielframe-bedrukken2.png","type":"image\/png"}],"twitter_card":"summary_large_image","twitter_misc":{"Gesch\u00e4tzte Lesezeit":"2\u00a0Minuten"},"schema":{"@context":"https:\/\/schema.org","@graph":[{"@type":"WebPage","@id":"https:\/\/www.amstelprinting.nl\/de\/gesch\u00e4ft\/messe-event\/ausstellungswande\/freistehender-textilrahmen-2\/","url":"https:\/\/www.amstelprinting.nl\/de\/gesch\u00e4ft\/messe-event\/ausstellungswande\/freistehender-textilrahmen-2\/","name":"Freistehender Textilrahmen - Flexible Pr\u00e4sentationswand nach Ma\u00df","isPartOf":{"@id":"https:\/\/www.amstelprinting.nl\/de\/#website"},"primaryImageOfPage":{"@id":"https:\/\/www.amstelprinting.nl\/de\/gesch\u00e4ft\/messe-event\/ausstellungswande\/freistehender-textilrahmen-2\/#primaryimage"},"image":{"@id":"https:\/\/www.amstelprinting.nl\/de\/gesch\u00e4ft\/messe-event\/ausstellungswande\/freistehender-textilrahmen-2\/#primaryimage"},"thumbnailUrl":"https:\/\/www.amstelprinting.nl\/wp-content\/uploads\/vrijstaand-textielframe-bedrukken2.png","datePublished":"2025-02-03T12:35:59+00:00","dateModified":"2026-02-18T11:53:31+00:00","description":"Eine kraftvolle Pr\u00e4sentation mit unserem vollst\u00e4ndig anpassbaren freistehenden Textilrahmen. Diverse Farben & hochwertige Materialien, auch f\u00fcr doppelseitige Drucke.","breadcrumb":{"@id":"https:\/\/www.amstelprinting.nl\/de\/gesch\u00e4ft\/messe-event\/ausstellungswande\/freistehender-textilrahmen-2\/#breadcrumb"},"inLanguage":"de","potentialAction":[{"@type":"ReadAction","target":["https:\/\/www.amstelprinting.nl\/de\/gesch\u00e4ft\/messe-event\/ausstellungswande\/freistehender-textilrahmen-2\/"]}]},{"@type":"ImageObject","inLanguage":"de","@id":"https:\/\/www.amstelprinting.nl\/de\/gesch\u00e4ft\/messe-event\/ausstellungswande\/freistehender-textilrahmen-2\/#primaryimage","url":"https:\/\/www.amstelprinting.nl\/wp-content\/uploads\/vrijstaand-textielframe-bedrukken2.png","contentUrl":"https:\/\/www.amstelprinting.nl\/wp-content\/uploads\/vrijstaand-textielframe-bedrukken2.png","width":900,"height":900},{"@type":"BreadcrumbList","@id":"https:\/\/www.amstelprinting.nl\/de\/gesch\u00e4ft\/messe-event\/ausstellungswande\/freistehender-textilrahmen-2\/#breadcrumb","itemListElement":[{"@type":"ListItem","position":1,"name":"","item":"https:\/\/www.amstelprinting.nl\/de\/"},{"@type":"ListItem","position":2,"name":"Amstel Printing","item":"https:\/\/www.amstelprinting.nl\/de\/geschaeft\/"},{"@type":"ListItem","position":3,"name":"Messe &amp; Event","item":"https:\/\/www.amstelprinting.nl\/de\/kategorie\/messe-event\/"},{"@type":"ListItem","position":4,"name":"Ausstellungsw\u00e4nde","item":"https:\/\/www.amstelprinting.nl\/de\/kategorie\/messe-event\/ausstellungswande\/"},{"@type":"ListItem","position":5,"name":"Freistehender Textilrahmen"}]},{"@type":"WebSite","@id":"https:\/\/www.amstelprinting.nl\/de\/#website","url":"https:\/\/www.amstelprinting.nl\/de\/","name":"Amstel Printing","description":"Creating Exposure","publisher":{"@id":"https:\/\/www.amstelprinting.nl\/de\/#organization"},"potentialAction":[{"@type":"SearchAction","target":{"@type":"EntryPoint","urlTemplate":"https:\/\/www.amstelprinting.nl\/de\/?s={search_term_string}"},"query-input":{"@type":"PropertyValueSpecification","valueRequired":true,"valueName":"search_term_string"}}],"inLanguage":"de"},{"@type":"Organization","@id":"https:\/\/www.amstelprinting.nl\/de\/#organization","name":"Amstel Printing","url":"https:\/\/www.amstelprinting.nl\/de\/","logo":{"@type":"ImageObject","inLanguage":"de","@id":"https:\/\/www.amstelprinting.nl\/de\/#\/schema\/logo\/image\/","url":"https:\/\/www.amstelprinting.nl\/wp-content\/uploads\/amstel_printing_logo_clean.png","contentUrl":"https:\/\/www.amstelprinting.nl\/wp-content\/uploads\/amstel_printing_logo_clean.png","width":324,"height":73,"caption":"Amstel Printing"},"image":{"@id":"https:\/\/www.amstelprinting.nl\/de\/#\/schema\/logo\/image\/"}}]}},"_links":{"self":[{"href":"https:\/\/www.amstelprinting.nl\/de\/wp-json\/wp\/v2\/product\/13544","targetHints":{"allow":["GET"]}}],"collection":[{"href":"https:\/\/www.amstelprinting.nl\/de\/wp-json\/wp\/v2\/product"}],"about":[{"href":"https:\/\/www.amstelprinting.nl\/de\/wp-json\/wp\/v2\/types\/product"}],"wp:featuredmedia":[{"embeddable":true,"href":"https:\/\/www.amstelprinting.nl\/de\/wp-json\/wp\/v2\/media\/13545"}],"wp:attachment":[{"href":"https:\/\/www.amstelprinting.nl\/de\/wp-json\/wp\/v2\/media?parent=13544"}],"wp:term":[{"taxonomy":"product_brand","embeddable":true,"href":"https:\/\/www.amstelprinting.nl\/de\/wp-json\/wp\/v2\/product_brand?post=13544"},{"taxonomy":"product_cat","embeddable":true,"href":"https:\/\/www.amstelprinting.nl\/de\/wp-json\/wp\/v2\/product_cat?post=13544"},{"taxonomy":"product_tag","embeddable":true,"href":"https:\/\/www.amstelprinting.nl\/de\/wp-json\/wp\/v2\/product_tag?post=13544"}],"curies":[{"name":"wp","href":"https:\/\/api.w.org\/{rel}","templated":true}]}}