{"id":13554,"date":"2025-02-03T13:35:37","date_gmt":"2025-02-03T12:35:37","guid":{"rendered":"https:\/\/www.amstelprinting.nl\/winkel\/unkategorisiert\/rechte-pop-up-wand\/"},"modified":"2026-02-18T12:53:31","modified_gmt":"2026-02-18T11:53:31","slug":"gerade-pop-up-wand","status":"publish","type":"product","link":"https:\/\/www.amstelprinting.nl\/de\/gesch\u00e4ft\/messe-event\/ausstellungswande\/gerade-pop-up-wand\/","title":{"rendered":"Gerade Pop-up Wand"},"content":{"rendered":"<h3>Messewand bedrucken<\/h3>\n<p>Lassen Sie Ihre Marke oder Botschaft auf jeder Messe mit unserer geraden Pop-up Wand erstrahlen. Entwickelt f\u00fcr maximale Wirkung und hohen Bedienkomfort. Dank des benutzerfreundlichen Designs l\u00e4sst sich unsere Pop-up Wand m\u00fchelos auf- und abbauen. W\u00e4hlen Sie zwischen einem Komplettset mit sowohl Tuch als auch Rahmen oder bestellen Sie ein einzelnes Tuch. Erstellen Sie Ihr eigenes Design oder w\u00e4hlen Sie aus einem der bestehenden Muster.<\/p>\n<h3>Vorteile der Bestellung einer Messewand<\/h3>\n<ul>\n<li>Komplette Lieferung inklusive Trolleytasche<\/li>\n<li>Ihr Design wird gestochen scharf gedruckt<\/li>\n<li>Wahl aus zwei Formaten und zwei Materialien<\/li>\n<li>Innerhalb von 1 Werktag produziert<\/li>\n<\/ul>\n<p>&nbsp;<\/p>\n<h3>Druck auf der Vorderseite und den Seiten<\/h3>\n<p>Hinweis: Die R\u00fcckseite der Messewand bleibt unbedruckt.<\/p>\n<h3>Formate der Messew\u00e4nde<\/h3>\n<p>Sie haben die Wahl zwischen zwei Formaten: Medium (M) und Large (L). Gr\u00f6\u00dfe M hat einen Gesamtdruck von 294 cm x 225 cm, wovon das Sichtma\u00df 224 cm x 30 cm x 225 cm betr\u00e4gt. Gr\u00f6\u00dfe L hat einen Gesamtdruck von 367 cm x 225 cm, mit einem Sichtma\u00df von 297 cm x 30 cm x 225 cm.<\/p>\n<h3>Materialien<\/h3>\n<p>Unsere gerade Pop-up Messewand ist in zwei Materialarten erh\u00e4ltlich: Dekostoff und Blackback Soft. Dekostoff ist ein geschmeidiges Polyestergewebe mit feiner Struktur und kr\u00e4ftigen Farben. In einem (hell) beleuchteten Raum kann es vorkommen, dass das Gestell durch den Stoff scheint. Blackback Soft bietet hierf\u00fcr eine L\u00f6sung. Dies ist ein Polyester-Blockout-Gewebe mit einer schwarzen R\u00fcckseite. Es ist geruchlos, faltbar und verf\u00fcgt zudem \u00fcber ein B1-Zertifikat f\u00fcr Brandschutz. Veredeln Sie Ihre gerade Pop-up Wand mit wei\u00dfem oder schwarzem Garn.<\/p>\n<h3>Zubeh\u00f6r f\u00fcr die Messewand<\/h3>\n<p>Die gerade Pop-up Wand wird mit einer praktischen fahrbaren Trolleytasche geliefert (siehe Fotos). Damit verstauen Sie die komplette Messewand (einschlie\u00dflich Tuch) ordentlich und transportieren sie zu Ihrem n\u00e4chsten Event oder Ihrer n\u00e4chsten Messe. Dar\u00fcber hinaus sind verschiedene Zubeh\u00f6rteile erh\u00e4ltlich, darunter LED-Beleuchtung f\u00fcr optimale Sichtbarkeit.<\/p>\n<p>W\u00e4hlen Sie Qualit\u00e4t und Benutzerfreundlichkeit. Bestellen Sie noch heute Ihre gerade Pop-up Wand und machen Sie Ihre n\u00e4chste Messe oder Veranstaltung zu einem Erfolg. Beginnen Sie sofort mit der Erstellung Ihres eigenen Designs dank unserer benutzerfreundlichen Vorlagen, die im Download-Bereich verf\u00fcgbar sind.<\/p>\n","protected":false},"excerpt":{"rendered":"<h3>Unverzichtbar f\u00fcr eine erfolgreiche Messe<\/h3>\n<p>Gerade Pop-up Wand: Diese Messewand hat ein elegantes, modernes Aussehen und eignet sich hervorragend f\u00fcr gerade Aufstellungen. W\u00e4hlen Sie Dekostoff oder Blackback Soft (gegen Durchscheinen) als Material. Die Aufbewahrung kann in der mitgelieferten Trolleytasche erfolgen. Hinweis: Das Motiv umfasst die Vorderseite sowie die linke und rechte Seite. Die R\u00fcckseite bleibt unbedruckt (!).<\/p>\n","protected":false},"featured_media":25260,"template":"","meta":{"_et_pb_use_builder":"","_et_pb_old_content":"","_et_gb_content_width":""},"product_brand":[],"product_cat":[911,899],"product_tag":[],"class_list":{"0":"post-13554","1":"product","2":"type-product","3":"status-publish","4":"has-post-thumbnail","6":"product_cat-ausstellungswande","7":"product_cat-messe-event","9":"first","10":"instock","11":"featured","12":"taxable","13":"shipping-taxable","14":"purchasable","15":"product-type-simple"},"yoast_head":"<!-- This site is optimized with the Yoast SEO plugin v27.3 - https:\/\/yoast.com\/product\/yoast-seo-wordpress\/ -->\n<title>Professionelle gerade Pop-up Wand \u2013 Schnelle &amp; gestochen scharfe Messew\u00e4nde<\/title>\n<meta name=\"description\" content=\"Bestellen Sie Ihre gerade Pop-up Wand mit gestochen scharfem Full-Color-Druck und schneller Lieferung innerhalb von 1 Werktag. Beeindrucken Sie auf jedem Event.\" \/>\n<meta name=\"robots\" content=\"index, follow, max-snippet:-1, max-image-preview:large, max-video-preview:-1\" \/>\n<link rel=\"canonical\" href=\"https:\/\/www.amstelprinting.nl\/de\/gesch\u00e4ft\/messe-event\/ausstellungswande\/gerade-pop-up-wand\/\" \/>\n<meta property=\"og:locale\" content=\"de_DE\" \/>\n<meta property=\"og:type\" content=\"article\" \/>\n<meta property=\"og:title\" content=\"Professionelle gerade Pop-up Wand \u2013 Schnelle &amp; gestochen scharfe Messew\u00e4nde\" \/>\n<meta property=\"og:description\" content=\"Bestellen Sie Ihre gerade Pop-up Wand mit gestochen scharfem Full-Color-Druck und schneller Lieferung innerhalb von 1 Werktag. Beeindrucken Sie auf jedem Event.\" \/>\n<meta property=\"og:url\" content=\"https:\/\/www.amstelprinting.nl\/de\/gesch\u00e4ft\/messe-event\/ausstellungswande\/gerade-pop-up-wand\/\" \/>\n<meta property=\"og:site_name\" content=\"Amstel Printing\" \/>\n<meta property=\"article:modified_time\" content=\"2026-02-18T11:53:31+00:00\" \/>\n<meta property=\"og:image\" content=\"https:\/\/www.amstelprinting.nl\/wp-content\/uploads\/rechte-pop-up-wand-bedrukken.webp\" \/>\n\t<meta property=\"og:image:width\" content=\"900\" \/>\n\t<meta property=\"og:image:height\" content=\"900\" \/>\n\t<meta property=\"og:image:type\" content=\"image\/webp\" \/>\n<meta name=\"twitter:card\" content=\"summary_large_image\" \/>\n<meta name=\"twitter:label1\" content=\"Gesch\u00e4tzte Lesezeit\" \/>\n\t<meta name=\"twitter:data1\" content=\"2\u00a0Minuten\" \/>\n<script type=\"application\/ld+json\" class=\"yoast-schema-graph\">{\"@context\":\"https:\\\/\\\/schema.org\",\"@graph\":[{\"@type\":\"WebPage\",\"@id\":\"https:\\\/\\\/www.amstelprinting.nl\\\/de\\\/gesch\u00e4ft\\\/messe-event\\\/ausstellungswande\\\/gerade-pop-up-wand\\\/\",\"url\":\"https:\\\/\\\/www.amstelprinting.nl\\\/de\\\/gesch\u00e4ft\\\/messe-event\\\/ausstellungswande\\\/gerade-pop-up-wand\\\/\",\"name\":\"Professionelle gerade Pop-up Wand \u2013 Schnelle & gestochen scharfe Messew\u00e4nde\",\"isPartOf\":{\"@id\":\"https:\\\/\\\/www.amstelprinting.nl\\\/de\\\/#website\"},\"primaryImageOfPage\":{\"@id\":\"https:\\\/\\\/www.amstelprinting.nl\\\/de\\\/gesch\u00e4ft\\\/messe-event\\\/ausstellungswande\\\/gerade-pop-up-wand\\\/#primaryimage\"},\"image\":{\"@id\":\"https:\\\/\\\/www.amstelprinting.nl\\\/de\\\/gesch\u00e4ft\\\/messe-event\\\/ausstellungswande\\\/gerade-pop-up-wand\\\/#primaryimage\"},\"thumbnailUrl\":\"https:\\\/\\\/www.amstelprinting.nl\\\/wp-content\\\/uploads\\\/rechte-pop-up-wand-bedrukken.webp\",\"datePublished\":\"2025-02-03T12:35:37+00:00\",\"dateModified\":\"2026-02-18T11:53:31+00:00\",\"description\":\"Bestellen Sie Ihre gerade Pop-up Wand mit gestochen scharfem Full-Color-Druck und schneller Lieferung innerhalb von 1 Werktag. Beeindrucken Sie auf jedem Event.\",\"breadcrumb\":{\"@id\":\"https:\\\/\\\/www.amstelprinting.nl\\\/de\\\/gesch\u00e4ft\\\/messe-event\\\/ausstellungswande\\\/gerade-pop-up-wand\\\/#breadcrumb\"},\"inLanguage\":\"de\",\"potentialAction\":[{\"@type\":\"ReadAction\",\"target\":[\"https:\\\/\\\/www.amstelprinting.nl\\\/de\\\/gesch\u00e4ft\\\/messe-event\\\/ausstellungswande\\\/gerade-pop-up-wand\\\/\"]}]},{\"@type\":\"ImageObject\",\"inLanguage\":\"de\",\"@id\":\"https:\\\/\\\/www.amstelprinting.nl\\\/de\\\/gesch\u00e4ft\\\/messe-event\\\/ausstellungswande\\\/gerade-pop-up-wand\\\/#primaryimage\",\"url\":\"https:\\\/\\\/www.amstelprinting.nl\\\/wp-content\\\/uploads\\\/rechte-pop-up-wand-bedrukken.webp\",\"contentUrl\":\"https:\\\/\\\/www.amstelprinting.nl\\\/wp-content\\\/uploads\\\/rechte-pop-up-wand-bedrukken.webp\",\"width\":900,\"height\":900},{\"@type\":\"BreadcrumbList\",\"@id\":\"https:\\\/\\\/www.amstelprinting.nl\\\/de\\\/gesch\u00e4ft\\\/messe-event\\\/ausstellungswande\\\/gerade-pop-up-wand\\\/#breadcrumb\",\"itemListElement\":[{\"@type\":\"ListItem\",\"position\":1,\"name\":\"\",\"item\":\"https:\\\/\\\/www.amstelprinting.nl\\\/de\\\/\"},{\"@type\":\"ListItem\",\"position\":2,\"name\":\"Amstel Printing\",\"item\":\"https:\\\/\\\/www.amstelprinting.nl\\\/de\\\/geschaeft\\\/\"},{\"@type\":\"ListItem\",\"position\":3,\"name\":\"Messe &amp; Event\",\"item\":\"https:\\\/\\\/www.amstelprinting.nl\\\/de\\\/kategorie\\\/messe-event\\\/\"},{\"@type\":\"ListItem\",\"position\":4,\"name\":\"Ausstellungsw\u00e4nde\",\"item\":\"https:\\\/\\\/www.amstelprinting.nl\\\/de\\\/kategorie\\\/messe-event\\\/ausstellungswande\\\/\"},{\"@type\":\"ListItem\",\"position\":5,\"name\":\"Gerade Pop-up Wand\"}]},{\"@type\":\"WebSite\",\"@id\":\"https:\\\/\\\/www.amstelprinting.nl\\\/de\\\/#website\",\"url\":\"https:\\\/\\\/www.amstelprinting.nl\\\/de\\\/\",\"name\":\"Amstel Printing\",\"description\":\"Creating Exposure\",\"publisher\":{\"@id\":\"https:\\\/\\\/www.amstelprinting.nl\\\/de\\\/#organization\"},\"potentialAction\":[{\"@type\":\"SearchAction\",\"target\":{\"@type\":\"EntryPoint\",\"urlTemplate\":\"https:\\\/\\\/www.amstelprinting.nl\\\/de\\\/?s={search_term_string}\"},\"query-input\":{\"@type\":\"PropertyValueSpecification\",\"valueRequired\":true,\"valueName\":\"search_term_string\"}}],\"inLanguage\":\"de\"},{\"@type\":\"Organization\",\"@id\":\"https:\\\/\\\/www.amstelprinting.nl\\\/de\\\/#organization\",\"name\":\"Amstel Printing\",\"url\":\"https:\\\/\\\/www.amstelprinting.nl\\\/de\\\/\",\"logo\":{\"@type\":\"ImageObject\",\"inLanguage\":\"de\",\"@id\":\"https:\\\/\\\/www.amstelprinting.nl\\\/de\\\/#\\\/schema\\\/logo\\\/image\\\/\",\"url\":\"https:\\\/\\\/www.amstelprinting.nl\\\/wp-content\\\/uploads\\\/amstel_printing_logo_clean.png\",\"contentUrl\":\"https:\\\/\\\/www.amstelprinting.nl\\\/wp-content\\\/uploads\\\/amstel_printing_logo_clean.png\",\"width\":324,\"height\":73,\"caption\":\"Amstel Printing\"},\"image\":{\"@id\":\"https:\\\/\\\/www.amstelprinting.nl\\\/de\\\/#\\\/schema\\\/logo\\\/image\\\/\"}}]}<\/script>\n<!-- \/ Yoast SEO plugin. -->","yoast_head_json":{"title":"Professionelle gerade Pop-up Wand \u2013 Schnelle & gestochen scharfe Messew\u00e4nde","description":"Bestellen Sie Ihre gerade Pop-up Wand mit gestochen scharfem Full-Color-Druck und schneller Lieferung innerhalb von 1 Werktag. Beeindrucken Sie auf jedem Event.","robots":{"index":"index","follow":"follow","max-snippet":"max-snippet:-1","max-image-preview":"max-image-preview:large","max-video-preview":"max-video-preview:-1"},"canonical":"https:\/\/www.amstelprinting.nl\/de\/gesch\u00e4ft\/messe-event\/ausstellungswande\/gerade-pop-up-wand\/","og_locale":"de_DE","og_type":"article","og_title":"Professionelle gerade Pop-up Wand \u2013 Schnelle & gestochen scharfe Messew\u00e4nde","og_description":"Bestellen Sie Ihre gerade Pop-up Wand mit gestochen scharfem Full-Color-Druck und schneller Lieferung innerhalb von 1 Werktag. Beeindrucken Sie auf jedem Event.","og_url":"https:\/\/www.amstelprinting.nl\/de\/gesch\u00e4ft\/messe-event\/ausstellungswande\/gerade-pop-up-wand\/","og_site_name":"Amstel Printing","article_modified_time":"2026-02-18T11:53:31+00:00","og_image":[{"width":900,"height":900,"url":"https:\/\/www.amstelprinting.nl\/wp-content\/uploads\/rechte-pop-up-wand-bedrukken.webp","type":"image\/webp"}],"twitter_card":"summary_large_image","twitter_misc":{"Gesch\u00e4tzte Lesezeit":"2\u00a0Minuten"},"schema":{"@context":"https:\/\/schema.org","@graph":[{"@type":"WebPage","@id":"https:\/\/www.amstelprinting.nl\/de\/gesch\u00e4ft\/messe-event\/ausstellungswande\/gerade-pop-up-wand\/","url":"https:\/\/www.amstelprinting.nl\/de\/gesch\u00e4ft\/messe-event\/ausstellungswande\/gerade-pop-up-wand\/","name":"Professionelle gerade Pop-up Wand \u2013 Schnelle & gestochen scharfe Messew\u00e4nde","isPartOf":{"@id":"https:\/\/www.amstelprinting.nl\/de\/#website"},"primaryImageOfPage":{"@id":"https:\/\/www.amstelprinting.nl\/de\/gesch\u00e4ft\/messe-event\/ausstellungswande\/gerade-pop-up-wand\/#primaryimage"},"image":{"@id":"https:\/\/www.amstelprinting.nl\/de\/gesch\u00e4ft\/messe-event\/ausstellungswande\/gerade-pop-up-wand\/#primaryimage"},"thumbnailUrl":"https:\/\/www.amstelprinting.nl\/wp-content\/uploads\/rechte-pop-up-wand-bedrukken.webp","datePublished":"2025-02-03T12:35:37+00:00","dateModified":"2026-02-18T11:53:31+00:00","description":"Bestellen Sie Ihre gerade Pop-up Wand mit gestochen scharfem Full-Color-Druck und schneller Lieferung innerhalb von 1 Werktag. Beeindrucken Sie auf jedem Event.","breadcrumb":{"@id":"https:\/\/www.amstelprinting.nl\/de\/gesch\u00e4ft\/messe-event\/ausstellungswande\/gerade-pop-up-wand\/#breadcrumb"},"inLanguage":"de","potentialAction":[{"@type":"ReadAction","target":["https:\/\/www.amstelprinting.nl\/de\/gesch\u00e4ft\/messe-event\/ausstellungswande\/gerade-pop-up-wand\/"]}]},{"@type":"ImageObject","inLanguage":"de","@id":"https:\/\/www.amstelprinting.nl\/de\/gesch\u00e4ft\/messe-event\/ausstellungswande\/gerade-pop-up-wand\/#primaryimage","url":"https:\/\/www.amstelprinting.nl\/wp-content\/uploads\/rechte-pop-up-wand-bedrukken.webp","contentUrl":"https:\/\/www.amstelprinting.nl\/wp-content\/uploads\/rechte-pop-up-wand-bedrukken.webp","width":900,"height":900},{"@type":"BreadcrumbList","@id":"https:\/\/www.amstelprinting.nl\/de\/gesch\u00e4ft\/messe-event\/ausstellungswande\/gerade-pop-up-wand\/#breadcrumb","itemListElement":[{"@type":"ListItem","position":1,"name":"","item":"https:\/\/www.amstelprinting.nl\/de\/"},{"@type":"ListItem","position":2,"name":"Amstel Printing","item":"https:\/\/www.amstelprinting.nl\/de\/geschaeft\/"},{"@type":"ListItem","position":3,"name":"Messe &amp; Event","item":"https:\/\/www.amstelprinting.nl\/de\/kategorie\/messe-event\/"},{"@type":"ListItem","position":4,"name":"Ausstellungsw\u00e4nde","item":"https:\/\/www.amstelprinting.nl\/de\/kategorie\/messe-event\/ausstellungswande\/"},{"@type":"ListItem","position":5,"name":"Gerade Pop-up Wand"}]},{"@type":"WebSite","@id":"https:\/\/www.amstelprinting.nl\/de\/#website","url":"https:\/\/www.amstelprinting.nl\/de\/","name":"Amstel Printing","description":"Creating Exposure","publisher":{"@id":"https:\/\/www.amstelprinting.nl\/de\/#organization"},"potentialAction":[{"@type":"SearchAction","target":{"@type":"EntryPoint","urlTemplate":"https:\/\/www.amstelprinting.nl\/de\/?s={search_term_string}"},"query-input":{"@type":"PropertyValueSpecification","valueRequired":true,"valueName":"search_term_string"}}],"inLanguage":"de"},{"@type":"Organization","@id":"https:\/\/www.amstelprinting.nl\/de\/#organization","name":"Amstel Printing","url":"https:\/\/www.amstelprinting.nl\/de\/","logo":{"@type":"ImageObject","inLanguage":"de","@id":"https:\/\/www.amstelprinting.nl\/de\/#\/schema\/logo\/image\/","url":"https:\/\/www.amstelprinting.nl\/wp-content\/uploads\/amstel_printing_logo_clean.png","contentUrl":"https:\/\/www.amstelprinting.nl\/wp-content\/uploads\/amstel_printing_logo_clean.png","width":324,"height":73,"caption":"Amstel Printing"},"image":{"@id":"https:\/\/www.amstelprinting.nl\/de\/#\/schema\/logo\/image\/"}}]}},"_links":{"self":[{"href":"https:\/\/www.amstelprinting.nl\/de\/wp-json\/wp\/v2\/product\/13554","targetHints":{"allow":["GET"]}}],"collection":[{"href":"https:\/\/www.amstelprinting.nl\/de\/wp-json\/wp\/v2\/product"}],"about":[{"href":"https:\/\/www.amstelprinting.nl\/de\/wp-json\/wp\/v2\/types\/product"}],"wp:featuredmedia":[{"embeddable":true,"href":"https:\/\/www.amstelprinting.nl\/de\/wp-json\/wp\/v2\/media\/25260"}],"wp:attachment":[{"href":"https:\/\/www.amstelprinting.nl\/de\/wp-json\/wp\/v2\/media?parent=13554"}],"wp:term":[{"taxonomy":"product_brand","embeddable":true,"href":"https:\/\/www.amstelprinting.nl\/de\/wp-json\/wp\/v2\/product_brand?post=13554"},{"taxonomy":"product_cat","embeddable":true,"href":"https:\/\/www.amstelprinting.nl\/de\/wp-json\/wp\/v2\/product_cat?post=13554"},{"taxonomy":"product_tag","embeddable":true,"href":"https:\/\/www.amstelprinting.nl\/de\/wp-json\/wp\/v2\/product_tag?post=13554"}],"curies":[{"name":"wp","href":"https:\/\/api.w.org\/{rel}","templated":true}]}}