{"id":13564,"date":"2025-02-02T12:36:34","date_gmt":"2025-02-02T11:36:34","guid":{"rendered":"https:\/\/www.amstelprinting.nl\/winkel\/unkategorisiert\/outdoor-roll-up-banner\/"},"modified":"2026-02-10T12:28:29","modified_gmt":"2026-02-10T11:28:29","slug":"outdoor-roll-up-banner","status":"publish","type":"product","link":"https:\/\/www.amstelprinting.nl\/de\/gesch\u00e4ft\/innenwerbung\/prasentation\/outdoor-roll-up-banner\/","title":{"rendered":"Outdoor-Roll-Up-Banner"},"content":{"rendered":"<h3>Outdoor doppelseitiger Roll-Up-Banner<\/h3>\n<p>Dieser Roll-Up-Banner ist perfekt f\u00fcr Aktionen, Messen oder Veranstaltungen im Freien. Dank der beidseitigen, gestochen scharfen Drucke k\u00f6nnen gleichzeitig zwei verschiedene Motive pr\u00e4sentiert werden. Ideal f\u00fcr Situationen, in denen Personen um den Banner herumgehen.<\/p>\n<h3>Zusammensetzung<\/h3>\n<p>Der Outdoor-Roll-Up-Banner besteht aus zwei Planen, die einfach mit einem Klebestreifen an der Stange befestigt werden k\u00f6nnen. Das Produkt ist als Komplettset, Einzeldruck oder Kassette erh\u00e4ltlich.<\/p>\n<h3>Aufstellen des Outdoor-Roll-Up-Banners<\/h3>\n<p>Die Kassette hat ein h\u00f6heres Gewicht und ist mit l\u00e4ngeren F\u00fc\u00dfen und Aussparungen ausgestattet, wodurch sie mit den mitgelieferten Heringen fest im Boden verankert werden kann. So bleibt der Banner stabil und die Botschaft Ihres Kunden ist immer gut sichtbar. Der Aufbau erfolgt durch einfaches Hinstellen und Herausziehen beider Banner aus der Kassette. Sie ben\u00f6tigen also kein Werkzeug.<\/p>\n<h3>Materialien Outdoor-Roll-Up-Banner<\/h3>\n<p>Sie k\u00f6nnen aus zwei hochwertigen Materialien w\u00e4hlen: Banner 510 oder Schwarz-Wei\u00df-Banner, die beide in Breiten von 85 cm oder 100 cm erh\u00e4ltlich sind. Der Outdoor-Roll-Up-Banner wird mit einer praktischen Transporttasche geliefert, damit Sie ihn einfach und kompakt verstauen und mitnehmen k\u00f6nnen.<\/p>\n<h3>Unterschied Banner 510 und Schwarz-Wei\u00df-Banner<\/h3>\n<p><strong>Banner 510<\/strong> &#8211; Am h\u00e4ufigsten gew\u00e4hlte Option f\u00fcr den Outdoor-Roll-Up-Banner. PVC-Plane mit gl\u00e4nzendem Erscheinungsbild f\u00fcr den Innen- und Au\u00dfenbereich. 100 % europ\u00e4ische Qualit\u00e4t und B1-zertifiziert (schwer entflammbares Material).<\/p>\n<p><strong>Schwarz-Wei\u00df-Banner<\/strong> &#8211; PVC-Blockout-Plane mit schwarzer R\u00fcckseite. Die schwarze R\u00fcckseite sorgt f\u00fcr einen Blockout-Effekt (l\u00e4sst also kein Licht durch). Der Schwarz-Wei\u00df-Banner ist zudem wie Banner 510 sowohl f\u00fcr den Innen- als auch f\u00fcr den Au\u00dfenbereich geeignet und verf\u00fcgt ebenfalls \u00fcber ein B1-Zertifikat (schwer entflammbares Material).<\/p>\n<p>Mehr Informationen \u00fcber die Verwendung von Roll-Up-Bannern im Au\u00dfenbereich finden Sie in unserem <a href=\"https:\/\/www.amstelprinting.nl\/de\/wissensdatenbank\/\">Leitfaden f\u00fcr die richtige Wahl eines Banners f\u00fcr den Innen- oder Au\u00dfenbereich.\u00a0<\/a><\/p>\n<p>Weitere Informationen \u00fcber die Verwendung von <a href=\"https:\/\/www.amstelprinting.nl\/de\/wissensdatenbank\/outdoor-vs-indoor-roll-up-banner-keuze-evenement\/\">Roll-Up-Bannern bei verschiedenen Wetterbedingungen lesen Sie in diesem Artikel<\/a>.<\/p>\n","protected":false},"excerpt":{"rendered":"<h3>Roll-Up-Banner f\u00fcr den Au\u00dfenbereich. Beidseitig bedruckt.<\/h3>\n<p>Outdoor-Roll-Up-Banner-System, geeignet f\u00fcr den (wie der Name schon sagt) Au\u00dfenbereich. Dies ist eine schwerere Kassette mit l\u00e4ngeren F\u00fc\u00dfen. Diesen Outdoor-Roll-Up-Banner k\u00f6nnen Sie zudem (f\u00fcr zus\u00e4tzliche Stabilit\u00e4t) mit den mitgelieferten Heringen im Boden verankern. Der Outdoor-Roll-Up-Banner wird inklusive Tragetasche f\u00fcr kompakten Transport und staubfreie Aufbewahrung geliefert.<\/p>\n","protected":false},"featured_media":13565,"template":"","meta":{"_et_pb_use_builder":"","_et_pb_old_content":"","_et_gb_content_width":""},"product_brand":[],"product_cat":[905,907,899,910],"product_tag":[],"class_list":{"0":"post-13564","1":"product","2":"type-product","3":"status-publish","4":"has-post-thumbnail","6":"product_cat-banner-aufrollen","7":"product_cat-innenwerbung","8":"product_cat-messe-event","9":"product_cat-prasentation","11":"first","12":"instock","13":"taxable","14":"shipping-taxable","15":"purchasable","16":"product-type-simple"},"yoast_head":"<!-- This site is optimized with the Yoast SEO plugin v27.3 - https:\/\/yoast.com\/product\/yoast-seo-wordpress\/ -->\n<title>Robuster Outdoor-Roll-Up-Banner - Doppelseitig &amp; Windfest<\/title>\n<meta name=\"description\" content=\"Bestellen Sie jetzt und erhalten Sie morgen Ihren Outdoor-Roll-Up-Banner. Doppelseitig bedruckt, extra schwer und stabil. Ideal f\u00fcr Veranstaltungen und Werbeaktionen im Freien.\" \/>\n<meta name=\"robots\" content=\"index, follow, max-snippet:-1, max-image-preview:large, max-video-preview:-1\" \/>\n<link rel=\"canonical\" href=\"https:\/\/www.amstelprinting.nl\/de\/gesch\u00e4ft\/innenwerbung\/prasentation\/outdoor-roll-up-banner\/\" \/>\n<meta property=\"og:locale\" content=\"de_DE\" \/>\n<meta property=\"og:type\" content=\"article\" \/>\n<meta property=\"og:title\" content=\"Robuster Outdoor-Roll-Up-Banner - Doppelseitig &amp; Windfest\" \/>\n<meta property=\"og:description\" content=\"Bestellen Sie jetzt und erhalten Sie morgen Ihren Outdoor-Roll-Up-Banner. Doppelseitig bedruckt, extra schwer und stabil. Ideal f\u00fcr Veranstaltungen und Werbeaktionen im Freien.\" \/>\n<meta property=\"og:url\" content=\"https:\/\/www.amstelprinting.nl\/de\/gesch\u00e4ft\/innenwerbung\/prasentation\/outdoor-roll-up-banner\/\" \/>\n<meta property=\"og:site_name\" content=\"Amstel Printing\" \/>\n<meta property=\"article:modified_time\" content=\"2026-02-10T11:28:29+00:00\" \/>\n<meta property=\"og:image\" content=\"https:\/\/www.amstelprinting.nl\/wp-content\/uploads\/outdoor-roll-up-banner-bedrukken.png\" \/>\n\t<meta property=\"og:image:width\" content=\"700\" \/>\n\t<meta property=\"og:image:height\" content=\"700\" \/>\n\t<meta property=\"og:image:type\" content=\"image\/png\" \/>\n<meta name=\"twitter:card\" content=\"summary_large_image\" \/>\n<meta name=\"twitter:label1\" content=\"Gesch\u00e4tzte Lesezeit\" \/>\n\t<meta name=\"twitter:data1\" content=\"2\u00a0Minuten\" \/>\n<script type=\"application\/ld+json\" class=\"yoast-schema-graph\">{\"@context\":\"https:\\\/\\\/schema.org\",\"@graph\":[{\"@type\":\"WebPage\",\"@id\":\"https:\\\/\\\/www.amstelprinting.nl\\\/de\\\/gesch\u00e4ft\\\/innenwerbung\\\/prasentation\\\/outdoor-roll-up-banner\\\/\",\"url\":\"https:\\\/\\\/www.amstelprinting.nl\\\/de\\\/gesch\u00e4ft\\\/innenwerbung\\\/prasentation\\\/outdoor-roll-up-banner\\\/\",\"name\":\"Robuster Outdoor-Roll-Up-Banner - Doppelseitig & Windfest\",\"isPartOf\":{\"@id\":\"https:\\\/\\\/www.amstelprinting.nl\\\/de\\\/#website\"},\"primaryImageOfPage\":{\"@id\":\"https:\\\/\\\/www.amstelprinting.nl\\\/de\\\/gesch\u00e4ft\\\/innenwerbung\\\/prasentation\\\/outdoor-roll-up-banner\\\/#primaryimage\"},\"image\":{\"@id\":\"https:\\\/\\\/www.amstelprinting.nl\\\/de\\\/gesch\u00e4ft\\\/innenwerbung\\\/prasentation\\\/outdoor-roll-up-banner\\\/#primaryimage\"},\"thumbnailUrl\":\"https:\\\/\\\/www.amstelprinting.nl\\\/wp-content\\\/uploads\\\/outdoor-roll-up-banner-bedrukken.png\",\"datePublished\":\"2025-02-02T11:36:34+00:00\",\"dateModified\":\"2026-02-10T11:28:29+00:00\",\"description\":\"Bestellen Sie jetzt und erhalten Sie morgen Ihren Outdoor-Roll-Up-Banner. Doppelseitig bedruckt, extra schwer und stabil. Ideal f\u00fcr Veranstaltungen und Werbeaktionen im Freien.\",\"breadcrumb\":{\"@id\":\"https:\\\/\\\/www.amstelprinting.nl\\\/de\\\/gesch\u00e4ft\\\/innenwerbung\\\/prasentation\\\/outdoor-roll-up-banner\\\/#breadcrumb\"},\"inLanguage\":\"de\",\"potentialAction\":[{\"@type\":\"ReadAction\",\"target\":[\"https:\\\/\\\/www.amstelprinting.nl\\\/de\\\/gesch\u00e4ft\\\/innenwerbung\\\/prasentation\\\/outdoor-roll-up-banner\\\/\"]}]},{\"@type\":\"ImageObject\",\"inLanguage\":\"de\",\"@id\":\"https:\\\/\\\/www.amstelprinting.nl\\\/de\\\/gesch\u00e4ft\\\/innenwerbung\\\/prasentation\\\/outdoor-roll-up-banner\\\/#primaryimage\",\"url\":\"https:\\\/\\\/www.amstelprinting.nl\\\/wp-content\\\/uploads\\\/outdoor-roll-up-banner-bedrukken.png\",\"contentUrl\":\"https:\\\/\\\/www.amstelprinting.nl\\\/wp-content\\\/uploads\\\/outdoor-roll-up-banner-bedrukken.png\",\"width\":700,\"height\":700},{\"@type\":\"BreadcrumbList\",\"@id\":\"https:\\\/\\\/www.amstelprinting.nl\\\/de\\\/gesch\u00e4ft\\\/innenwerbung\\\/prasentation\\\/outdoor-roll-up-banner\\\/#breadcrumb\",\"itemListElement\":[{\"@type\":\"ListItem\",\"position\":1,\"name\":\"\",\"item\":\"https:\\\/\\\/www.amstelprinting.nl\\\/de\\\/\"},{\"@type\":\"ListItem\",\"position\":2,\"name\":\"Amstel Printing\",\"item\":\"https:\\\/\\\/www.amstelprinting.nl\\\/de\\\/geschaeft\\\/\"},{\"@type\":\"ListItem\",\"position\":3,\"name\":\"Messe &amp; Event\",\"item\":\"https:\\\/\\\/www.amstelprinting.nl\\\/de\\\/kategorie\\\/messe-event\\\/\"},{\"@type\":\"ListItem\",\"position\":4,\"name\":\"Banner aufrollen\",\"item\":\"https:\\\/\\\/www.amstelprinting.nl\\\/de\\\/kategorie\\\/messe-event\\\/banner-aufrollen\\\/\"},{\"@type\":\"ListItem\",\"position\":5,\"name\":\"Outdoor-Roll-Up-Banner\"}]},{\"@type\":\"WebSite\",\"@id\":\"https:\\\/\\\/www.amstelprinting.nl\\\/de\\\/#website\",\"url\":\"https:\\\/\\\/www.amstelprinting.nl\\\/de\\\/\",\"name\":\"Amstel Printing\",\"description\":\"Creating Exposure\",\"publisher\":{\"@id\":\"https:\\\/\\\/www.amstelprinting.nl\\\/de\\\/#organization\"},\"potentialAction\":[{\"@type\":\"SearchAction\",\"target\":{\"@type\":\"EntryPoint\",\"urlTemplate\":\"https:\\\/\\\/www.amstelprinting.nl\\\/de\\\/?s={search_term_string}\"},\"query-input\":{\"@type\":\"PropertyValueSpecification\",\"valueRequired\":true,\"valueName\":\"search_term_string\"}}],\"inLanguage\":\"de\"},{\"@type\":\"Organization\",\"@id\":\"https:\\\/\\\/www.amstelprinting.nl\\\/de\\\/#organization\",\"name\":\"Amstel Printing\",\"url\":\"https:\\\/\\\/www.amstelprinting.nl\\\/de\\\/\",\"logo\":{\"@type\":\"ImageObject\",\"inLanguage\":\"de\",\"@id\":\"https:\\\/\\\/www.amstelprinting.nl\\\/de\\\/#\\\/schema\\\/logo\\\/image\\\/\",\"url\":\"https:\\\/\\\/www.amstelprinting.nl\\\/wp-content\\\/uploads\\\/amstel_printing_logo_clean.png\",\"contentUrl\":\"https:\\\/\\\/www.amstelprinting.nl\\\/wp-content\\\/uploads\\\/amstel_printing_logo_clean.png\",\"width\":324,\"height\":73,\"caption\":\"Amstel Printing\"},\"image\":{\"@id\":\"https:\\\/\\\/www.amstelprinting.nl\\\/de\\\/#\\\/schema\\\/logo\\\/image\\\/\"}}]}<\/script>\n<!-- \/ Yoast SEO plugin. -->","yoast_head_json":{"title":"Robuster Outdoor-Roll-Up-Banner - Doppelseitig & Windfest","description":"Bestellen Sie jetzt und erhalten Sie morgen Ihren Outdoor-Roll-Up-Banner. Doppelseitig bedruckt, extra schwer und stabil. Ideal f\u00fcr Veranstaltungen und Werbeaktionen im Freien.","robots":{"index":"index","follow":"follow","max-snippet":"max-snippet:-1","max-image-preview":"max-image-preview:large","max-video-preview":"max-video-preview:-1"},"canonical":"https:\/\/www.amstelprinting.nl\/de\/gesch\u00e4ft\/innenwerbung\/prasentation\/outdoor-roll-up-banner\/","og_locale":"de_DE","og_type":"article","og_title":"Robuster Outdoor-Roll-Up-Banner - Doppelseitig & Windfest","og_description":"Bestellen Sie jetzt und erhalten Sie morgen Ihren Outdoor-Roll-Up-Banner. Doppelseitig bedruckt, extra schwer und stabil. Ideal f\u00fcr Veranstaltungen und Werbeaktionen im Freien.","og_url":"https:\/\/www.amstelprinting.nl\/de\/gesch\u00e4ft\/innenwerbung\/prasentation\/outdoor-roll-up-banner\/","og_site_name":"Amstel Printing","article_modified_time":"2026-02-10T11:28:29+00:00","og_image":[{"width":700,"height":700,"url":"https:\/\/www.amstelprinting.nl\/wp-content\/uploads\/outdoor-roll-up-banner-bedrukken.png","type":"image\/png"}],"twitter_card":"summary_large_image","twitter_misc":{"Gesch\u00e4tzte Lesezeit":"2\u00a0Minuten"},"schema":{"@context":"https:\/\/schema.org","@graph":[{"@type":"WebPage","@id":"https:\/\/www.amstelprinting.nl\/de\/gesch\u00e4ft\/innenwerbung\/prasentation\/outdoor-roll-up-banner\/","url":"https:\/\/www.amstelprinting.nl\/de\/gesch\u00e4ft\/innenwerbung\/prasentation\/outdoor-roll-up-banner\/","name":"Robuster Outdoor-Roll-Up-Banner - Doppelseitig & Windfest","isPartOf":{"@id":"https:\/\/www.amstelprinting.nl\/de\/#website"},"primaryImageOfPage":{"@id":"https:\/\/www.amstelprinting.nl\/de\/gesch\u00e4ft\/innenwerbung\/prasentation\/outdoor-roll-up-banner\/#primaryimage"},"image":{"@id":"https:\/\/www.amstelprinting.nl\/de\/gesch\u00e4ft\/innenwerbung\/prasentation\/outdoor-roll-up-banner\/#primaryimage"},"thumbnailUrl":"https:\/\/www.amstelprinting.nl\/wp-content\/uploads\/outdoor-roll-up-banner-bedrukken.png","datePublished":"2025-02-02T11:36:34+00:00","dateModified":"2026-02-10T11:28:29+00:00","description":"Bestellen Sie jetzt und erhalten Sie morgen Ihren Outdoor-Roll-Up-Banner. Doppelseitig bedruckt, extra schwer und stabil. Ideal f\u00fcr Veranstaltungen und Werbeaktionen im Freien.","breadcrumb":{"@id":"https:\/\/www.amstelprinting.nl\/de\/gesch\u00e4ft\/innenwerbung\/prasentation\/outdoor-roll-up-banner\/#breadcrumb"},"inLanguage":"de","potentialAction":[{"@type":"ReadAction","target":["https:\/\/www.amstelprinting.nl\/de\/gesch\u00e4ft\/innenwerbung\/prasentation\/outdoor-roll-up-banner\/"]}]},{"@type":"ImageObject","inLanguage":"de","@id":"https:\/\/www.amstelprinting.nl\/de\/gesch\u00e4ft\/innenwerbung\/prasentation\/outdoor-roll-up-banner\/#primaryimage","url":"https:\/\/www.amstelprinting.nl\/wp-content\/uploads\/outdoor-roll-up-banner-bedrukken.png","contentUrl":"https:\/\/www.amstelprinting.nl\/wp-content\/uploads\/outdoor-roll-up-banner-bedrukken.png","width":700,"height":700},{"@type":"BreadcrumbList","@id":"https:\/\/www.amstelprinting.nl\/de\/gesch\u00e4ft\/innenwerbung\/prasentation\/outdoor-roll-up-banner\/#breadcrumb","itemListElement":[{"@type":"ListItem","position":1,"name":"","item":"https:\/\/www.amstelprinting.nl\/de\/"},{"@type":"ListItem","position":2,"name":"Amstel Printing","item":"https:\/\/www.amstelprinting.nl\/de\/geschaeft\/"},{"@type":"ListItem","position":3,"name":"Messe &amp; Event","item":"https:\/\/www.amstelprinting.nl\/de\/kategorie\/messe-event\/"},{"@type":"ListItem","position":4,"name":"Banner aufrollen","item":"https:\/\/www.amstelprinting.nl\/de\/kategorie\/messe-event\/banner-aufrollen\/"},{"@type":"ListItem","position":5,"name":"Outdoor-Roll-Up-Banner"}]},{"@type":"WebSite","@id":"https:\/\/www.amstelprinting.nl\/de\/#website","url":"https:\/\/www.amstelprinting.nl\/de\/","name":"Amstel Printing","description":"Creating Exposure","publisher":{"@id":"https:\/\/www.amstelprinting.nl\/de\/#organization"},"potentialAction":[{"@type":"SearchAction","target":{"@type":"EntryPoint","urlTemplate":"https:\/\/www.amstelprinting.nl\/de\/?s={search_term_string}"},"query-input":{"@type":"PropertyValueSpecification","valueRequired":true,"valueName":"search_term_string"}}],"inLanguage":"de"},{"@type":"Organization","@id":"https:\/\/www.amstelprinting.nl\/de\/#organization","name":"Amstel Printing","url":"https:\/\/www.amstelprinting.nl\/de\/","logo":{"@type":"ImageObject","inLanguage":"de","@id":"https:\/\/www.amstelprinting.nl\/de\/#\/schema\/logo\/image\/","url":"https:\/\/www.amstelprinting.nl\/wp-content\/uploads\/amstel_printing_logo_clean.png","contentUrl":"https:\/\/www.amstelprinting.nl\/wp-content\/uploads\/amstel_printing_logo_clean.png","width":324,"height":73,"caption":"Amstel Printing"},"image":{"@id":"https:\/\/www.amstelprinting.nl\/de\/#\/schema\/logo\/image\/"}}]}},"_links":{"self":[{"href":"https:\/\/www.amstelprinting.nl\/de\/wp-json\/wp\/v2\/product\/13564","targetHints":{"allow":["GET"]}}],"collection":[{"href":"https:\/\/www.amstelprinting.nl\/de\/wp-json\/wp\/v2\/product"}],"about":[{"href":"https:\/\/www.amstelprinting.nl\/de\/wp-json\/wp\/v2\/types\/product"}],"wp:featuredmedia":[{"embeddable":true,"href":"https:\/\/www.amstelprinting.nl\/de\/wp-json\/wp\/v2\/media\/13565"}],"wp:attachment":[{"href":"https:\/\/www.amstelprinting.nl\/de\/wp-json\/wp\/v2\/media?parent=13564"}],"wp:term":[{"taxonomy":"product_brand","embeddable":true,"href":"https:\/\/www.amstelprinting.nl\/de\/wp-json\/wp\/v2\/product_brand?post=13564"},{"taxonomy":"product_cat","embeddable":true,"href":"https:\/\/www.amstelprinting.nl\/de\/wp-json\/wp\/v2\/product_cat?post=13564"},{"taxonomy":"product_tag","embeddable":true,"href":"https:\/\/www.amstelprinting.nl\/de\/wp-json\/wp\/v2\/product_tag?post=13564"}],"curies":[{"name":"wp","href":"https:\/\/api.w.org\/{rel}","templated":true}]}}