{"id":13576,"date":"2025-01-26T12:33:45","date_gmt":"2025-01-26T11:33:45","guid":{"rendered":"https:\/\/www.amstelprinting.nl\/winkel\/unkategorisiert\/stickers-op-vel\/"},"modified":"2026-02-18T12:53:32","modified_gmt":"2026-02-18T11:53:32","slug":"sticker-auf-bogen","status":"publish","type":"product","link":"https:\/\/www.amstelprinting.nl\/de\/gesch\u00e4ft\/aufkleber-und-druck\/kleine-aufkleber\/sticker-auf-bogen\/","title":{"rendered":"Sticker auf Bogen"},"content":{"rendered":"<h3>Warum Sticker auf Bogen bestellen?<\/h3>\n<p>\\n<\/p>\n<ul>\\n  <\/p>\n<li>Sticker werden auf einem Bogen von 33,3 x 26,5 cm wiederholt<\/li>\n<p>\\n  <\/p>\n<li>Ultrahohe Aufl\u00f6sung dank des Durst Tau 330<\/li>\n<p>\\n  <\/p>\n<li>Wahl aus 4 beliebten Materialien und 2 Klebstoffarten<\/li>\n<p>\\n  <\/p>\n<li>Bestellen ab 1 St\u00fcck, ohne Einrichtungskosten durch Digitaldruck<\/li>\n<p>\\n  <\/p>\n<li>W\u00e4hlen Sie aus 3 Laminaten f\u00fcr zus\u00e4tzlichen Schutz Ihres Drucks<\/li>\n<p>\\n<\/ul>\n<p>\\n&nbsp;\\n<\/p>\n<h3>Materialien<\/h3>\n<p>\\n<\/p>\n<ul>\\n  <\/p>\n<li><strong>Wei\u00dfe Folie (PP) &#8211; Permanent<\/strong>: Diese wei\u00dfe, PVC-freie Folie eignet sich sowohl f\u00fcr Innen- als auch f\u00fcr Au\u00dfenanwendungen und bietet eine langanhaltende Haftung.<\/li>\n<p>\\n  <\/p>\n<li><strong>Papier<\/strong>: Erh\u00e4ltlich in matt oder gl\u00e4nzend mit einer permanenten Klebeschicht. Dieses selbstklebende, FSC-zertifizierte Papier ist ideal f\u00fcr nachhaltige Anwendungen.<\/li>\n<p>\\n  <\/p>\n<li><strong>Transparente Folie &#8211; Permanent<\/strong>: Eine transparente, PVC-freie Folie, die f\u00fcr Innen- und Au\u00dfenanwendungen geeignet ist. Sie k\u00f6nnen zwischen normalem oder gespiegeltem Druck w\u00e4hlen.<\/li>\n<p>\\n<\/ul>\n<p>\\n&nbsp;\\n<\/p>\n<h3>Veredelung<\/h3>\n<p>\\nBei transparenter Folie k\u00f6nnen Sie zwischen einer Schicht Full Color oder Full Color mit einer Schicht Wei\u00df f\u00fcr zus\u00e4tzliche Helligkeit w\u00e4hlen. Sch\u00fctzen Sie Ihre Sticker mit einem optionalen Laminat in Glanz, UV-best\u00e4ndig oder Matt, erh\u00e4ltlich f\u00fcr sowohl wei\u00dfe als auch transparente Folie. Dar\u00fcber hinaus sind die Sticker in quadratischen, rechteckigen oder runden Formen erh\u00e4ltlich, und Sie k\u00f6nnen auch benutzerdefinierte Konturen oder mehrere Konturen auf demselben Bogen w\u00e4hlen.\\n\\nHinweis: Es kann vorkommen, dass Ihr Produkt eine kleine Abweichung von bis zu 1,5 mm von der Mitte der Datei aufweist. Sie k\u00f6nnen diesen Effekt minimieren, indem Sie keine unn\u00f6tig d\u00fcnnen Rahmen um Ihre Datei legen.\\n<\/p>\n<h3>H\u00e4ufig gestellte Fragen<\/h3>\n<p>\\n<strong>Was ist der Unterschied zwischen Aufkleberb\u00f6gen und Stickern auf Bogen?<\/strong>\\nSticker auf Bogen werden standardm\u00e4\u00dfig auf B\u00f6gen von 30 x 26 cm geliefert. Bei Aufkleberb\u00f6gen haben Sie die Flexibilit\u00e4t, das Format Ihres Bogens selbst zu bestimmen.<\/p>\n","protected":false},"excerpt":{"rendered":"<h3>Sticker auf einem festen Bogenformat von 33,3 x 26,5 cm<\/h3>\n<p>\\nLassen Sie Ihrer Kreativit\u00e4t mit unseren Stickern auf Bogen freien Lauf. Mit unseren flexiblen Optionen k\u00f6nnen Sie Ihre Sticker personalisieren, indem Sie aus verschiedenen Materialien und Veredelungen w\u00e4hlen. Wir bestimmen die g\u00fcnstigste Anordnung auf dem Bogen f\u00fcr Sie, sodass Sie immer das Maximum aus Ihrem Aufkleberbogen herausholen. Zudem liefern wir Ihre Sticker auf Bogen bereits ab einer Auflage von einem St\u00fcck, was ideal f\u00fcr kleine Auflagen und Probedrucke ist.<\/p>\n","protected":false},"featured_media":13578,"template":"","meta":{"_et_pb_use_builder":"","_et_pb_old_content":"","_et_gb_content_width":""},"product_brand":[],"product_cat":[313,954,951],"product_tag":[],"class_list":{"0":"post-13576","1":"product","2":"type-product","3":"status-publish","4":"has-post-thumbnail","6":"product_cat-aufkleber-und-druck","7":"product_cat-aufkleberbogen","8":"product_cat-kleine-aufkleber","10":"first","11":"instock","12":"taxable","13":"shipping-taxable","14":"purchasable","15":"product-type-simple"},"yoast_head":"<!-- This site is optimized with the Yoast SEO plugin v27.3 - https:\/\/yoast.com\/product\/yoast-seo-wordpress\/ -->\n<title>Sticker auf Bogen bestellen \u2013 Langlebig, pr\u00e4zise und ab 1 St\u00fcck<\/title>\n<meta name=\"description\" content=\"Bestellen Sie professionelle Sticker auf Bogen mit gestochen scharfen Drucken und flexiblen Formen. Ideal f\u00fcr kleine Auflagen und Prototypen.\" \/>\n<meta name=\"robots\" content=\"index, follow, max-snippet:-1, max-image-preview:large, max-video-preview:-1\" \/>\n<link rel=\"canonical\" href=\"https:\/\/www.amstelprinting.nl\/de\/gesch\u00e4ft\/aufkleber-und-druck\/kleine-aufkleber\/sticker-auf-bogen\/\" \/>\n<meta property=\"og:locale\" content=\"de_DE\" \/>\n<meta property=\"og:type\" content=\"article\" \/>\n<meta property=\"og:title\" content=\"Sticker auf Bogen bestellen \u2013 Langlebig, pr\u00e4zise und ab 1 St\u00fcck\" \/>\n<meta property=\"og:description\" content=\"Bestellen Sie professionelle Sticker auf Bogen mit gestochen scharfen Drucken und flexiblen Formen. Ideal f\u00fcr kleine Auflagen und Prototypen.\" \/>\n<meta property=\"og:url\" content=\"https:\/\/www.amstelprinting.nl\/de\/gesch\u00e4ft\/aufkleber-und-druck\/kleine-aufkleber\/sticker-auf-bogen\/\" \/>\n<meta property=\"og:site_name\" content=\"Amstel Printing\" \/>\n<meta property=\"article:modified_time\" content=\"2026-02-18T11:53:32+00:00\" \/>\n<meta property=\"og:image\" content=\"https:\/\/www.amstelprinting.nl\/wp-content\/uploads\/Stickers-op-vel.jpg\" \/>\n\t<meta property=\"og:image:width\" content=\"700\" \/>\n\t<meta property=\"og:image:height\" content=\"700\" \/>\n\t<meta property=\"og:image:type\" content=\"image\/jpeg\" \/>\n<meta name=\"twitter:card\" content=\"summary_large_image\" \/>\n<meta name=\"twitter:label1\" content=\"Gesch\u00e4tzte Lesezeit\" \/>\n\t<meta name=\"twitter:data1\" content=\"2\u00a0Minuten\" \/>\n<script type=\"application\/ld+json\" class=\"yoast-schema-graph\">{\"@context\":\"https:\\\/\\\/schema.org\",\"@graph\":[{\"@type\":\"WebPage\",\"@id\":\"https:\\\/\\\/www.amstelprinting.nl\\\/de\\\/gesch\u00e4ft\\\/aufkleber-und-druck\\\/kleine-aufkleber\\\/sticker-auf-bogen\\\/\",\"url\":\"https:\\\/\\\/www.amstelprinting.nl\\\/de\\\/gesch\u00e4ft\\\/aufkleber-und-druck\\\/kleine-aufkleber\\\/sticker-auf-bogen\\\/\",\"name\":\"Sticker auf Bogen bestellen \u2013 Langlebig, pr\u00e4zise und ab 1 St\u00fcck\",\"isPartOf\":{\"@id\":\"https:\\\/\\\/www.amstelprinting.nl\\\/de\\\/#website\"},\"primaryImageOfPage\":{\"@id\":\"https:\\\/\\\/www.amstelprinting.nl\\\/de\\\/gesch\u00e4ft\\\/aufkleber-und-druck\\\/kleine-aufkleber\\\/sticker-auf-bogen\\\/#primaryimage\"},\"image\":{\"@id\":\"https:\\\/\\\/www.amstelprinting.nl\\\/de\\\/gesch\u00e4ft\\\/aufkleber-und-druck\\\/kleine-aufkleber\\\/sticker-auf-bogen\\\/#primaryimage\"},\"thumbnailUrl\":\"https:\\\/\\\/www.amstelprinting.nl\\\/wp-content\\\/uploads\\\/Stickers-op-vel.jpg\",\"datePublished\":\"2025-01-26T11:33:45+00:00\",\"dateModified\":\"2026-02-18T11:53:32+00:00\",\"description\":\"Bestellen Sie professionelle Sticker auf Bogen mit gestochen scharfen Drucken und flexiblen Formen. Ideal f\u00fcr kleine Auflagen und Prototypen.\",\"breadcrumb\":{\"@id\":\"https:\\\/\\\/www.amstelprinting.nl\\\/de\\\/gesch\u00e4ft\\\/aufkleber-und-druck\\\/kleine-aufkleber\\\/sticker-auf-bogen\\\/#breadcrumb\"},\"inLanguage\":\"de\",\"potentialAction\":[{\"@type\":\"ReadAction\",\"target\":[\"https:\\\/\\\/www.amstelprinting.nl\\\/de\\\/gesch\u00e4ft\\\/aufkleber-und-druck\\\/kleine-aufkleber\\\/sticker-auf-bogen\\\/\"]}]},{\"@type\":\"ImageObject\",\"inLanguage\":\"de\",\"@id\":\"https:\\\/\\\/www.amstelprinting.nl\\\/de\\\/gesch\u00e4ft\\\/aufkleber-und-druck\\\/kleine-aufkleber\\\/sticker-auf-bogen\\\/#primaryimage\",\"url\":\"https:\\\/\\\/www.amstelprinting.nl\\\/wp-content\\\/uploads\\\/Stickers-op-vel.jpg\",\"contentUrl\":\"https:\\\/\\\/www.amstelprinting.nl\\\/wp-content\\\/uploads\\\/Stickers-op-vel.jpg\",\"width\":700,\"height\":700},{\"@type\":\"BreadcrumbList\",\"@id\":\"https:\\\/\\\/www.amstelprinting.nl\\\/de\\\/gesch\u00e4ft\\\/aufkleber-und-druck\\\/kleine-aufkleber\\\/sticker-auf-bogen\\\/#breadcrumb\",\"itemListElement\":[{\"@type\":\"ListItem\",\"position\":1,\"name\":\"\",\"item\":\"https:\\\/\\\/www.amstelprinting.nl\\\/de\\\/\"},{\"@type\":\"ListItem\",\"position\":2,\"name\":\"Amstel Printing\",\"item\":\"https:\\\/\\\/www.amstelprinting.nl\\\/de\\\/geschaeft\\\/\"},{\"@type\":\"ListItem\",\"position\":3,\"name\":\"Aufkleber und Druck\",\"item\":\"https:\\\/\\\/www.amstelprinting.nl\\\/de\\\/kategorie\\\/aufkleber-und-druck\\\/\"},{\"@type\":\"ListItem\",\"position\":4,\"name\":\"Kleine Aufkleber\",\"item\":\"https:\\\/\\\/www.amstelprinting.nl\\\/de\\\/kategorie\\\/aufkleber-und-druck\\\/kleine-aufkleber\\\/\"},{\"@type\":\"ListItem\",\"position\":5,\"name\":\"Sticker auf Bogen\"}]},{\"@type\":\"WebSite\",\"@id\":\"https:\\\/\\\/www.amstelprinting.nl\\\/de\\\/#website\",\"url\":\"https:\\\/\\\/www.amstelprinting.nl\\\/de\\\/\",\"name\":\"Amstel Printing\",\"description\":\"Creating Exposure\",\"publisher\":{\"@id\":\"https:\\\/\\\/www.amstelprinting.nl\\\/de\\\/#organization\"},\"potentialAction\":[{\"@type\":\"SearchAction\",\"target\":{\"@type\":\"EntryPoint\",\"urlTemplate\":\"https:\\\/\\\/www.amstelprinting.nl\\\/de\\\/?s={search_term_string}\"},\"query-input\":{\"@type\":\"PropertyValueSpecification\",\"valueRequired\":true,\"valueName\":\"search_term_string\"}}],\"inLanguage\":\"de\"},{\"@type\":\"Organization\",\"@id\":\"https:\\\/\\\/www.amstelprinting.nl\\\/de\\\/#organization\",\"name\":\"Amstel Printing\",\"url\":\"https:\\\/\\\/www.amstelprinting.nl\\\/de\\\/\",\"logo\":{\"@type\":\"ImageObject\",\"inLanguage\":\"de\",\"@id\":\"https:\\\/\\\/www.amstelprinting.nl\\\/de\\\/#\\\/schema\\\/logo\\\/image\\\/\",\"url\":\"https:\\\/\\\/www.amstelprinting.nl\\\/wp-content\\\/uploads\\\/amstel_printing_logo_clean.png\",\"contentUrl\":\"https:\\\/\\\/www.amstelprinting.nl\\\/wp-content\\\/uploads\\\/amstel_printing_logo_clean.png\",\"width\":324,\"height\":73,\"caption\":\"Amstel Printing\"},\"image\":{\"@id\":\"https:\\\/\\\/www.amstelprinting.nl\\\/de\\\/#\\\/schema\\\/logo\\\/image\\\/\"}}]}<\/script>\n<!-- \/ Yoast SEO plugin. -->","yoast_head_json":{"title":"Sticker auf Bogen bestellen \u2013 Langlebig, pr\u00e4zise und ab 1 St\u00fcck","description":"Bestellen Sie professionelle Sticker auf Bogen mit gestochen scharfen Drucken und flexiblen Formen. Ideal f\u00fcr kleine Auflagen und Prototypen.","robots":{"index":"index","follow":"follow","max-snippet":"max-snippet:-1","max-image-preview":"max-image-preview:large","max-video-preview":"max-video-preview:-1"},"canonical":"https:\/\/www.amstelprinting.nl\/de\/gesch\u00e4ft\/aufkleber-und-druck\/kleine-aufkleber\/sticker-auf-bogen\/","og_locale":"de_DE","og_type":"article","og_title":"Sticker auf Bogen bestellen \u2013 Langlebig, pr\u00e4zise und ab 1 St\u00fcck","og_description":"Bestellen Sie professionelle Sticker auf Bogen mit gestochen scharfen Drucken und flexiblen Formen. Ideal f\u00fcr kleine Auflagen und Prototypen.","og_url":"https:\/\/www.amstelprinting.nl\/de\/gesch\u00e4ft\/aufkleber-und-druck\/kleine-aufkleber\/sticker-auf-bogen\/","og_site_name":"Amstel Printing","article_modified_time":"2026-02-18T11:53:32+00:00","og_image":[{"width":700,"height":700,"url":"https:\/\/www.amstelprinting.nl\/wp-content\/uploads\/Stickers-op-vel.jpg","type":"image\/jpeg"}],"twitter_card":"summary_large_image","twitter_misc":{"Gesch\u00e4tzte Lesezeit":"2\u00a0Minuten"},"schema":{"@context":"https:\/\/schema.org","@graph":[{"@type":"WebPage","@id":"https:\/\/www.amstelprinting.nl\/de\/gesch\u00e4ft\/aufkleber-und-druck\/kleine-aufkleber\/sticker-auf-bogen\/","url":"https:\/\/www.amstelprinting.nl\/de\/gesch\u00e4ft\/aufkleber-und-druck\/kleine-aufkleber\/sticker-auf-bogen\/","name":"Sticker auf Bogen bestellen \u2013 Langlebig, pr\u00e4zise und ab 1 St\u00fcck","isPartOf":{"@id":"https:\/\/www.amstelprinting.nl\/de\/#website"},"primaryImageOfPage":{"@id":"https:\/\/www.amstelprinting.nl\/de\/gesch\u00e4ft\/aufkleber-und-druck\/kleine-aufkleber\/sticker-auf-bogen\/#primaryimage"},"image":{"@id":"https:\/\/www.amstelprinting.nl\/de\/gesch\u00e4ft\/aufkleber-und-druck\/kleine-aufkleber\/sticker-auf-bogen\/#primaryimage"},"thumbnailUrl":"https:\/\/www.amstelprinting.nl\/wp-content\/uploads\/Stickers-op-vel.jpg","datePublished":"2025-01-26T11:33:45+00:00","dateModified":"2026-02-18T11:53:32+00:00","description":"Bestellen Sie professionelle Sticker auf Bogen mit gestochen scharfen Drucken und flexiblen Formen. Ideal f\u00fcr kleine Auflagen und Prototypen.","breadcrumb":{"@id":"https:\/\/www.amstelprinting.nl\/de\/gesch\u00e4ft\/aufkleber-und-druck\/kleine-aufkleber\/sticker-auf-bogen\/#breadcrumb"},"inLanguage":"de","potentialAction":[{"@type":"ReadAction","target":["https:\/\/www.amstelprinting.nl\/de\/gesch\u00e4ft\/aufkleber-und-druck\/kleine-aufkleber\/sticker-auf-bogen\/"]}]},{"@type":"ImageObject","inLanguage":"de","@id":"https:\/\/www.amstelprinting.nl\/de\/gesch\u00e4ft\/aufkleber-und-druck\/kleine-aufkleber\/sticker-auf-bogen\/#primaryimage","url":"https:\/\/www.amstelprinting.nl\/wp-content\/uploads\/Stickers-op-vel.jpg","contentUrl":"https:\/\/www.amstelprinting.nl\/wp-content\/uploads\/Stickers-op-vel.jpg","width":700,"height":700},{"@type":"BreadcrumbList","@id":"https:\/\/www.amstelprinting.nl\/de\/gesch\u00e4ft\/aufkleber-und-druck\/kleine-aufkleber\/sticker-auf-bogen\/#breadcrumb","itemListElement":[{"@type":"ListItem","position":1,"name":"","item":"https:\/\/www.amstelprinting.nl\/de\/"},{"@type":"ListItem","position":2,"name":"Amstel Printing","item":"https:\/\/www.amstelprinting.nl\/de\/geschaeft\/"},{"@type":"ListItem","position":3,"name":"Aufkleber und Druck","item":"https:\/\/www.amstelprinting.nl\/de\/kategorie\/aufkleber-und-druck\/"},{"@type":"ListItem","position":4,"name":"Kleine Aufkleber","item":"https:\/\/www.amstelprinting.nl\/de\/kategorie\/aufkleber-und-druck\/kleine-aufkleber\/"},{"@type":"ListItem","position":5,"name":"Sticker auf Bogen"}]},{"@type":"WebSite","@id":"https:\/\/www.amstelprinting.nl\/de\/#website","url":"https:\/\/www.amstelprinting.nl\/de\/","name":"Amstel Printing","description":"Creating Exposure","publisher":{"@id":"https:\/\/www.amstelprinting.nl\/de\/#organization"},"potentialAction":[{"@type":"SearchAction","target":{"@type":"EntryPoint","urlTemplate":"https:\/\/www.amstelprinting.nl\/de\/?s={search_term_string}"},"query-input":{"@type":"PropertyValueSpecification","valueRequired":true,"valueName":"search_term_string"}}],"inLanguage":"de"},{"@type":"Organization","@id":"https:\/\/www.amstelprinting.nl\/de\/#organization","name":"Amstel Printing","url":"https:\/\/www.amstelprinting.nl\/de\/","logo":{"@type":"ImageObject","inLanguage":"de","@id":"https:\/\/www.amstelprinting.nl\/de\/#\/schema\/logo\/image\/","url":"https:\/\/www.amstelprinting.nl\/wp-content\/uploads\/amstel_printing_logo_clean.png","contentUrl":"https:\/\/www.amstelprinting.nl\/wp-content\/uploads\/amstel_printing_logo_clean.png","width":324,"height":73,"caption":"Amstel Printing"},"image":{"@id":"https:\/\/www.amstelprinting.nl\/de\/#\/schema\/logo\/image\/"}}]}},"_links":{"self":[{"href":"https:\/\/www.amstelprinting.nl\/de\/wp-json\/wp\/v2\/product\/13576","targetHints":{"allow":["GET"]}}],"collection":[{"href":"https:\/\/www.amstelprinting.nl\/de\/wp-json\/wp\/v2\/product"}],"about":[{"href":"https:\/\/www.amstelprinting.nl\/de\/wp-json\/wp\/v2\/types\/product"}],"wp:featuredmedia":[{"embeddable":true,"href":"https:\/\/www.amstelprinting.nl\/de\/wp-json\/wp\/v2\/media\/13578"}],"wp:attachment":[{"href":"https:\/\/www.amstelprinting.nl\/de\/wp-json\/wp\/v2\/media?parent=13576"}],"wp:term":[{"taxonomy":"product_brand","embeddable":true,"href":"https:\/\/www.amstelprinting.nl\/de\/wp-json\/wp\/v2\/product_brand?post=13576"},{"taxonomy":"product_cat","embeddable":true,"href":"https:\/\/www.amstelprinting.nl\/de\/wp-json\/wp\/v2\/product_cat?post=13576"},{"taxonomy":"product_tag","embeddable":true,"href":"https:\/\/www.amstelprinting.nl\/de\/wp-json\/wp\/v2\/product_tag?post=13576"}],"curies":[{"name":"wp","href":"https:\/\/api.w.org\/{rel}","templated":true}]}}