{"id":13591,"date":"2025-01-24T14:03:33","date_gmt":"2025-01-24T13:03:33","guid":{"rendered":"https:\/\/www.amstelprinting.nl\/winkel\/unkategorisiert\/acousticpro-bureauscherm\/"},"modified":"2026-02-18T12:53:33","modified_gmt":"2026-02-18T11:53:33","slug":"acousticpro-tischtrennwand","status":"publish","type":"product","link":"https:\/\/www.amstelprinting.nl\/de\/gesch\u00e4ft\/innere\/buro\/acousticpro-tischtrennwand\/","title":{"rendered":"AcousticPro\u00ae Tischtrennwand"},"content":{"rendered":"<h3>Warum AcousticPro\u00ae Tischtrennwand?<\/h3>\n<ul>\n<li>AcousticPro\u00ae Deskdivider beidseitig personalisiert<\/li>\n<li>Effektiv f\u00fcr Schalld\u00e4mmung und -absorption<\/li>\n<li>Komplett montierter Rahmen geliefert<\/li>\n<\/ul>\n<p>&nbsp;<\/p>\n<h3>AcousticPro\u00ae Tischtrennwand<\/h3>\n<p>AcousticPro\u00ae Deskdivider sorgen f\u00fcr den idealen Arbeitsplatz. Diese akustischen Tischtrennw\u00e4nde reduzieren den Nachhall in R\u00e4umen, was besonders in Gro\u00dfraumb\u00fcros einen enormen Mehrwert bietet. Wo Schall normalerweise zwischen Arbeitspl\u00e4tzen hin- und hergeworfen wird, d\u00e4mpfen die Tischtrennw\u00e4nde den Schall und f\u00f6rdern so die Konzentration und Produktivit\u00e4t der Mitarbeiter.<\/p>\n<h3>Personalisiertes und funktionales Interieur<\/h3>\n<p>Eine angenehme Akustik spielt eine wichtige Rolle f\u00fcr die Produktivit\u00e4t im B\u00fcro. Der Schall wird im abgeschirmten Raum ged\u00e4mpft, was f\u00fcr ein ruhiges Arbeitsumfeld sorgt. Dank der M\u00f6glichkeit, die Tischtrennw\u00e4nde beidseitig zu personalisieren, k\u00f6nnen Innenarchitekten ihrer Kreativit\u00e4t freien Lauf lassen und eine einzigartige Atmosph\u00e4re schaffen.<\/p>\n<h3>Hochwertige Schallabsorption<\/h3>\n<p>Das akustische Material besteht zu 90 % aus recycelten Baumwollfasern, haupts\u00e4chlich von Jeans. Diese langen Fasern absorbieren effektiv Schallwellen und reduzieren so den Nachhall. Dank des Aufbaus und der Materialkombination hat die Trennwand einen \u03b1-Wert von 0,7 im Sprachbereich (500-1000 Hz).<\/p>\n<h3>Komplett montierter Rahmen<\/h3>\n<p>Die AcousticPro\u00ae Tischtrennwand wird mit einem schwarz oder wei\u00df pulverbeschichteten Aluminiumrahmen mit Ecksch\u00fctzern geliefert. Die Beschichtung sorgt f\u00fcr zus\u00e4tzliche Haltbarkeit. Die Drucke sind dauerhaft verklebt, und das Set wird mit einfach zu montierenden F\u00fc\u00dfen oder Tischklemmen geliefert. Die Verbinder zur Kopplung k\u00f6nnen separat bestellt werden.<\/p>\n<h3>Fordern Sie ein Muster an<\/h3>\n<p>Testen und erleben Sie das Material selbst! Gestalten Sie Ihre eigenen AcousticPro\u00ae Muster mit einem Firmenlogo oder nutzen Sie unsere praktischen Vorlagen. Ihr Muster wird mit einem schwarzen Rahmen geliefert, perfekt f\u00fcr Verkaufsgespr\u00e4che.<\/p>\n","protected":false},"excerpt":{"rendered":"<h3>Deskdivider: Praktisch und schalld\u00e4mmend f\u00fcr Arbeitspl\u00e4tze.<\/h3>\n<p>Die AcousticPro\u00ae Tischtrennw\u00e4nde bieten eine clevere und stilvolle L\u00f6sung zur Verbesserung der Akustik in Gro\u00dfraumb\u00fcros und anderen Arbeitsbereichen. Diese Deskdivider sorgen f\u00fcr Schalld\u00e4mmung und -absorption. Dadurch wird der Arbeitsplatz ruhiger und die Produktivit\u00e4t steigt. Hergestellt aus 90 % recyceltem Baumwollmaterial. Die Tischtrennw\u00e4nde k\u00f6nnen vollst\u00e4ndig personalisiert werden. W\u00e4hlen Sie zwischen einer gl\u00e4nzenden oder matten Ausf\u00fchrung. Diese wundersch\u00f6nen Deskdivider werden komplett montiert geliefert (mit einem pulverbeschichteten Aluminiumrahmen).<\/p>\n","protected":false},"featured_media":13593,"template":"","meta":{"_et_pb_use_builder":"","_et_pb_old_content":"","_et_gb_content_width":""},"product_brand":[],"product_cat":[944,947],"product_tag":[],"class_list":{"0":"post-13591","1":"product","2":"type-product","3":"status-publish","4":"has-post-thumbnail","6":"product_cat-buro","7":"product_cat-innere","9":"first","10":"instock","11":"taxable","12":"shipping-taxable","13":"purchasable","14":"product-type-simple"},"yoast_head":"<!-- This site is optimized with the Yoast SEO plugin v27.3 - https:\/\/yoast.com\/product\/yoast-seo-wordpress\/ -->\n<title>AcousticPro\u00ae Tischtrennwand | Amstel Printing<\/title>\n<meta name=\"robots\" content=\"index, follow, max-snippet:-1, max-image-preview:large, max-video-preview:-1\" \/>\n<link rel=\"canonical\" href=\"https:\/\/www.amstelprinting.nl\/de\/gesch\u00e4ft\/innere\/buro\/acousticpro-tischtrennwand\/\" \/>\n<meta property=\"og:locale\" content=\"de_DE\" \/>\n<meta property=\"og:type\" content=\"article\" \/>\n<meta property=\"og:title\" content=\"AcousticPro\u00ae Tischtrennwand | Amstel Printing\" \/>\n<meta property=\"og:description\" content=\"Deskdivider: Praktisch und schalld\u00e4mmend f\u00fcr Arbeitspl\u00e4tze. Die AcousticPro\u00ae Tischtrennw\u00e4nde bieten eine clevere und stilvolle L\u00f6sung zur Verbesserung der Akustik in Gro\u00dfraumb\u00fcros und anderen Arbeitsbereichen. Diese Deskdivider sorgen f\u00fcr Schalld\u00e4mmung und -absorption. Dadurch wird der Arbeitsplatz ruhiger und die Produktivit\u00e4t steigt. Hergestellt aus 90 % recyceltem Baumwollmaterial. Die Tischtrennw\u00e4nde k\u00f6nnen vollst\u00e4ndig personalisiert werden. W\u00e4hlen Sie zwischen einer gl\u00e4nzenden oder matten Ausf\u00fchrung. Diese wundersch\u00f6nen Deskdivider werden komplett montiert geliefert (mit einem pulverbeschichteten Aluminiumrahmen).\" \/>\n<meta property=\"og:url\" content=\"https:\/\/www.amstelprinting.nl\/de\/gesch\u00e4ft\/innere\/buro\/acousticpro-tischtrennwand\/\" \/>\n<meta property=\"og:site_name\" content=\"Amstel Printing\" \/>\n<meta property=\"article:modified_time\" content=\"2026-02-18T11:53:33+00:00\" \/>\n<meta property=\"og:image\" content=\"https:\/\/www.amstelprinting.nl\/wp-content\/uploads\/AcousticPro\u00ae-bureauscherm.jpg\" \/>\n\t<meta property=\"og:image:width\" content=\"700\" \/>\n\t<meta property=\"og:image:height\" content=\"700\" \/>\n\t<meta property=\"og:image:type\" content=\"image\/jpeg\" \/>\n<meta name=\"twitter:card\" content=\"summary_large_image\" \/>\n<meta name=\"twitter:label1\" content=\"Gesch\u00e4tzte Lesezeit\" \/>\n\t<meta name=\"twitter:data1\" content=\"1\u00a0Minute\" \/>\n<script type=\"application\/ld+json\" class=\"yoast-schema-graph\">{\"@context\":\"https:\\\/\\\/schema.org\",\"@graph\":[{\"@type\":\"WebPage\",\"@id\":\"https:\\\/\\\/www.amstelprinting.nl\\\/de\\\/gesch\u00e4ft\\\/innere\\\/buro\\\/acousticpro-tischtrennwand\\\/\",\"url\":\"https:\\\/\\\/www.amstelprinting.nl\\\/de\\\/gesch\u00e4ft\\\/innere\\\/buro\\\/acousticpro-tischtrennwand\\\/\",\"name\":\"AcousticPro\u00ae Tischtrennwand | Amstel Printing\",\"isPartOf\":{\"@id\":\"https:\\\/\\\/www.amstelprinting.nl\\\/de\\\/#website\"},\"primaryImageOfPage\":{\"@id\":\"https:\\\/\\\/www.amstelprinting.nl\\\/de\\\/gesch\u00e4ft\\\/innere\\\/buro\\\/acousticpro-tischtrennwand\\\/#primaryimage\"},\"image\":{\"@id\":\"https:\\\/\\\/www.amstelprinting.nl\\\/de\\\/gesch\u00e4ft\\\/innere\\\/buro\\\/acousticpro-tischtrennwand\\\/#primaryimage\"},\"thumbnailUrl\":\"https:\\\/\\\/www.amstelprinting.nl\\\/wp-content\\\/uploads\\\/AcousticPro\u00ae-bureauscherm.jpg\",\"datePublished\":\"2025-01-24T13:03:33+00:00\",\"dateModified\":\"2026-02-18T11:53:33+00:00\",\"breadcrumb\":{\"@id\":\"https:\\\/\\\/www.amstelprinting.nl\\\/de\\\/gesch\u00e4ft\\\/innere\\\/buro\\\/acousticpro-tischtrennwand\\\/#breadcrumb\"},\"inLanguage\":\"de\",\"potentialAction\":[{\"@type\":\"ReadAction\",\"target\":[\"https:\\\/\\\/www.amstelprinting.nl\\\/de\\\/gesch\u00e4ft\\\/innere\\\/buro\\\/acousticpro-tischtrennwand\\\/\"]}]},{\"@type\":\"ImageObject\",\"inLanguage\":\"de\",\"@id\":\"https:\\\/\\\/www.amstelprinting.nl\\\/de\\\/gesch\u00e4ft\\\/innere\\\/buro\\\/acousticpro-tischtrennwand\\\/#primaryimage\",\"url\":\"https:\\\/\\\/www.amstelprinting.nl\\\/wp-content\\\/uploads\\\/AcousticPro\u00ae-bureauscherm.jpg\",\"contentUrl\":\"https:\\\/\\\/www.amstelprinting.nl\\\/wp-content\\\/uploads\\\/AcousticPro\u00ae-bureauscherm.jpg\",\"width\":700,\"height\":700},{\"@type\":\"BreadcrumbList\",\"@id\":\"https:\\\/\\\/www.amstelprinting.nl\\\/de\\\/gesch\u00e4ft\\\/innere\\\/buro\\\/acousticpro-tischtrennwand\\\/#breadcrumb\",\"itemListElement\":[{\"@type\":\"ListItem\",\"position\":1,\"name\":\"\",\"item\":\"https:\\\/\\\/www.amstelprinting.nl\\\/de\\\/\"},{\"@type\":\"ListItem\",\"position\":2,\"name\":\"Amstel Printing\",\"item\":\"https:\\\/\\\/www.amstelprinting.nl\\\/de\\\/geschaeft\\\/\"},{\"@type\":\"ListItem\",\"position\":3,\"name\":\"Innere\",\"item\":\"https:\\\/\\\/www.amstelprinting.nl\\\/de\\\/kategorie\\\/innere\\\/\"},{\"@type\":\"ListItem\",\"position\":4,\"name\":\"B\u00fcro\",\"item\":\"https:\\\/\\\/www.amstelprinting.nl\\\/de\\\/kategorie\\\/innere\\\/buro\\\/\"},{\"@type\":\"ListItem\",\"position\":5,\"name\":\"AcousticPro\u00ae Tischtrennwand\"}]},{\"@type\":\"WebSite\",\"@id\":\"https:\\\/\\\/www.amstelprinting.nl\\\/de\\\/#website\",\"url\":\"https:\\\/\\\/www.amstelprinting.nl\\\/de\\\/\",\"name\":\"Amstel Printing\",\"description\":\"Creating Exposure\",\"publisher\":{\"@id\":\"https:\\\/\\\/www.amstelprinting.nl\\\/de\\\/#organization\"},\"potentialAction\":[{\"@type\":\"SearchAction\",\"target\":{\"@type\":\"EntryPoint\",\"urlTemplate\":\"https:\\\/\\\/www.amstelprinting.nl\\\/de\\\/?s={search_term_string}\"},\"query-input\":{\"@type\":\"PropertyValueSpecification\",\"valueRequired\":true,\"valueName\":\"search_term_string\"}}],\"inLanguage\":\"de\"},{\"@type\":\"Organization\",\"@id\":\"https:\\\/\\\/www.amstelprinting.nl\\\/de\\\/#organization\",\"name\":\"Amstel Printing\",\"url\":\"https:\\\/\\\/www.amstelprinting.nl\\\/de\\\/\",\"logo\":{\"@type\":\"ImageObject\",\"inLanguage\":\"de\",\"@id\":\"https:\\\/\\\/www.amstelprinting.nl\\\/de\\\/#\\\/schema\\\/logo\\\/image\\\/\",\"url\":\"https:\\\/\\\/www.amstelprinting.nl\\\/wp-content\\\/uploads\\\/amstel_printing_logo_clean.png\",\"contentUrl\":\"https:\\\/\\\/www.amstelprinting.nl\\\/wp-content\\\/uploads\\\/amstel_printing_logo_clean.png\",\"width\":324,\"height\":73,\"caption\":\"Amstel Printing\"},\"image\":{\"@id\":\"https:\\\/\\\/www.amstelprinting.nl\\\/de\\\/#\\\/schema\\\/logo\\\/image\\\/\"}}]}<\/script>\n<!-- \/ Yoast SEO plugin. -->","yoast_head_json":{"title":"AcousticPro\u00ae Tischtrennwand | Amstel Printing","robots":{"index":"index","follow":"follow","max-snippet":"max-snippet:-1","max-image-preview":"max-image-preview:large","max-video-preview":"max-video-preview:-1"},"canonical":"https:\/\/www.amstelprinting.nl\/de\/gesch\u00e4ft\/innere\/buro\/acousticpro-tischtrennwand\/","og_locale":"de_DE","og_type":"article","og_title":"AcousticPro\u00ae Tischtrennwand | Amstel Printing","og_description":"Deskdivider: Praktisch und schalld\u00e4mmend f\u00fcr Arbeitspl\u00e4tze. Die AcousticPro\u00ae Tischtrennw\u00e4nde bieten eine clevere und stilvolle L\u00f6sung zur Verbesserung der Akustik in Gro\u00dfraumb\u00fcros und anderen Arbeitsbereichen. Diese Deskdivider sorgen f\u00fcr Schalld\u00e4mmung und -absorption. Dadurch wird der Arbeitsplatz ruhiger und die Produktivit\u00e4t steigt. Hergestellt aus 90 % recyceltem Baumwollmaterial. Die Tischtrennw\u00e4nde k\u00f6nnen vollst\u00e4ndig personalisiert werden. W\u00e4hlen Sie zwischen einer gl\u00e4nzenden oder matten Ausf\u00fchrung. Diese wundersch\u00f6nen Deskdivider werden komplett montiert geliefert (mit einem pulverbeschichteten Aluminiumrahmen).","og_url":"https:\/\/www.amstelprinting.nl\/de\/gesch\u00e4ft\/innere\/buro\/acousticpro-tischtrennwand\/","og_site_name":"Amstel Printing","article_modified_time":"2026-02-18T11:53:33+00:00","og_image":[{"width":700,"height":700,"url":"https:\/\/www.amstelprinting.nl\/wp-content\/uploads\/AcousticPro\u00ae-bureauscherm.jpg","type":"image\/jpeg"}],"twitter_card":"summary_large_image","twitter_misc":{"Gesch\u00e4tzte Lesezeit":"1\u00a0Minute"},"schema":{"@context":"https:\/\/schema.org","@graph":[{"@type":"WebPage","@id":"https:\/\/www.amstelprinting.nl\/de\/gesch\u00e4ft\/innere\/buro\/acousticpro-tischtrennwand\/","url":"https:\/\/www.amstelprinting.nl\/de\/gesch\u00e4ft\/innere\/buro\/acousticpro-tischtrennwand\/","name":"AcousticPro\u00ae Tischtrennwand | Amstel Printing","isPartOf":{"@id":"https:\/\/www.amstelprinting.nl\/de\/#website"},"primaryImageOfPage":{"@id":"https:\/\/www.amstelprinting.nl\/de\/gesch\u00e4ft\/innere\/buro\/acousticpro-tischtrennwand\/#primaryimage"},"image":{"@id":"https:\/\/www.amstelprinting.nl\/de\/gesch\u00e4ft\/innere\/buro\/acousticpro-tischtrennwand\/#primaryimage"},"thumbnailUrl":"https:\/\/www.amstelprinting.nl\/wp-content\/uploads\/AcousticPro\u00ae-bureauscherm.jpg","datePublished":"2025-01-24T13:03:33+00:00","dateModified":"2026-02-18T11:53:33+00:00","breadcrumb":{"@id":"https:\/\/www.amstelprinting.nl\/de\/gesch\u00e4ft\/innere\/buro\/acousticpro-tischtrennwand\/#breadcrumb"},"inLanguage":"de","potentialAction":[{"@type":"ReadAction","target":["https:\/\/www.amstelprinting.nl\/de\/gesch\u00e4ft\/innere\/buro\/acousticpro-tischtrennwand\/"]}]},{"@type":"ImageObject","inLanguage":"de","@id":"https:\/\/www.amstelprinting.nl\/de\/gesch\u00e4ft\/innere\/buro\/acousticpro-tischtrennwand\/#primaryimage","url":"https:\/\/www.amstelprinting.nl\/wp-content\/uploads\/AcousticPro\u00ae-bureauscherm.jpg","contentUrl":"https:\/\/www.amstelprinting.nl\/wp-content\/uploads\/AcousticPro\u00ae-bureauscherm.jpg","width":700,"height":700},{"@type":"BreadcrumbList","@id":"https:\/\/www.amstelprinting.nl\/de\/gesch\u00e4ft\/innere\/buro\/acousticpro-tischtrennwand\/#breadcrumb","itemListElement":[{"@type":"ListItem","position":1,"name":"","item":"https:\/\/www.amstelprinting.nl\/de\/"},{"@type":"ListItem","position":2,"name":"Amstel Printing","item":"https:\/\/www.amstelprinting.nl\/de\/geschaeft\/"},{"@type":"ListItem","position":3,"name":"Innere","item":"https:\/\/www.amstelprinting.nl\/de\/kategorie\/innere\/"},{"@type":"ListItem","position":4,"name":"B\u00fcro","item":"https:\/\/www.amstelprinting.nl\/de\/kategorie\/innere\/buro\/"},{"@type":"ListItem","position":5,"name":"AcousticPro\u00ae Tischtrennwand"}]},{"@type":"WebSite","@id":"https:\/\/www.amstelprinting.nl\/de\/#website","url":"https:\/\/www.amstelprinting.nl\/de\/","name":"Amstel Printing","description":"Creating Exposure","publisher":{"@id":"https:\/\/www.amstelprinting.nl\/de\/#organization"},"potentialAction":[{"@type":"SearchAction","target":{"@type":"EntryPoint","urlTemplate":"https:\/\/www.amstelprinting.nl\/de\/?s={search_term_string}"},"query-input":{"@type":"PropertyValueSpecification","valueRequired":true,"valueName":"search_term_string"}}],"inLanguage":"de"},{"@type":"Organization","@id":"https:\/\/www.amstelprinting.nl\/de\/#organization","name":"Amstel Printing","url":"https:\/\/www.amstelprinting.nl\/de\/","logo":{"@type":"ImageObject","inLanguage":"de","@id":"https:\/\/www.amstelprinting.nl\/de\/#\/schema\/logo\/image\/","url":"https:\/\/www.amstelprinting.nl\/wp-content\/uploads\/amstel_printing_logo_clean.png","contentUrl":"https:\/\/www.amstelprinting.nl\/wp-content\/uploads\/amstel_printing_logo_clean.png","width":324,"height":73,"caption":"Amstel Printing"},"image":{"@id":"https:\/\/www.amstelprinting.nl\/de\/#\/schema\/logo\/image\/"}}]}},"_links":{"self":[{"href":"https:\/\/www.amstelprinting.nl\/de\/wp-json\/wp\/v2\/product\/13591","targetHints":{"allow":["GET"]}}],"collection":[{"href":"https:\/\/www.amstelprinting.nl\/de\/wp-json\/wp\/v2\/product"}],"about":[{"href":"https:\/\/www.amstelprinting.nl\/de\/wp-json\/wp\/v2\/types\/product"}],"wp:featuredmedia":[{"embeddable":true,"href":"https:\/\/www.amstelprinting.nl\/de\/wp-json\/wp\/v2\/media\/13593"}],"wp:attachment":[{"href":"https:\/\/www.amstelprinting.nl\/de\/wp-json\/wp\/v2\/media?parent=13591"}],"wp:term":[{"taxonomy":"product_brand","embeddable":true,"href":"https:\/\/www.amstelprinting.nl\/de\/wp-json\/wp\/v2\/product_brand?post=13591"},{"taxonomy":"product_cat","embeddable":true,"href":"https:\/\/www.amstelprinting.nl\/de\/wp-json\/wp\/v2\/product_cat?post=13591"},{"taxonomy":"product_tag","embeddable":true,"href":"https:\/\/www.amstelprinting.nl\/de\/wp-json\/wp\/v2\/product_tag?post=13591"}],"curies":[{"name":"wp","href":"https:\/\/api.w.org\/{rel}","templated":true}]}}