{"id":13606,"date":"2025-01-24T14:02:31","date_gmt":"2025-01-24T13:02:31","guid":{"rendered":"https:\/\/www.amstelprinting.nl\/winkel\/unkategorisiert\/acousticpro-roomdivider\/"},"modified":"2026-02-18T12:53:33","modified_gmt":"2026-02-18T11:53:33","slug":"acousticpro-raumteiler","status":"publish","type":"product","link":"https:\/\/www.amstelprinting.nl\/de\/gesch\u00e4ft\/innere\/buro\/acousticpro-raumteiler\/","title":{"rendered":"AcousticPro\u00ae Raumteiler"},"content":{"rendered":"<h3>Vorteile<\/h3>\n<ul>\n<li>Raumteiler beidseitig personalisiert<\/li>\n<li>Erh\u00e4ltlich in stehender oder fahrbarer Ausf\u00fchrung<\/li>\n<li>Bestimmen Sie das Format selbst<\/li>\n<li>F\u00fcr Schalld\u00e4mmung und -absorption<\/li>\n<li>Vollst\u00e4ndig montierter Rahmen<\/li>\n<\/ul>\n<p>&nbsp;<\/p>\n<h3>AcousticPro\u00ae Raumteiler<\/h3>\n<p>Die AcousticPro\u00ae Raumteiler sind die ideale L\u00f6sung f\u00fcr die Schaffung eines ruhigen und privaten Arbeits- oder Besprechungsbereichs. Ein \u201ehartes\u201c Interieur kann unerw\u00fcnschten Nachhall verursachen, was zu Reizungen und M\u00fcdigkeit f\u00fchren kann. Mit den AcousticPro\u00ae Trennw\u00e4nden reduzieren Sie die L\u00e4rmbel\u00e4stigung und sorgen f\u00fcr mehr Privatsph\u00e4re. Dar\u00fcber hinaus k\u00f6nnen Sie diese Trennw\u00e4nde beidseitig vollst\u00e4ndig personalisieren, was sie nicht nur funktional, sondern auch zu einer stilvollen Erg\u00e4nzung Ihrer Inneneinrichtung macht.<\/p>\n<h3>F\u00fcr ein personalisiertes und funktionales Interieur<\/h3>\n<p>Eine gute Akustik tr\u00e4gt zu einer angenehmen Arbeitsumgebung bei und steigert die Produktivit\u00e4t. Ob Sie einen Raum in einem B\u00fcro unterteilen oder einen Arbeitsplatz f\u00fcr mehr Privatsph\u00e4re abschirmen m\u00f6chten, AcousticPro\u00ae Raumteiler bieten die perfekte L\u00f6sung. Auch in \u00f6ffentlichen R\u00e4umen wie Restaurants, Museen oder Theatern sorgen diese Trennw\u00e4nde f\u00fcr eine bessere Akustik, was den Komfort der Besucher erh\u00f6ht. Ger\u00e4usche bleiben im abgeschirmten Bereich und werden effektiv ged\u00e4mpft.<\/p>\n<h3>Stehend oder fahrbar, in jeder gew\u00fcnschten Gr\u00f6\u00dfe<\/h3>\n<p>W\u00e4hlen Sie stehende oder fahrbare Trennw\u00e4nde mit einer maximalen Gr\u00f6\u00dfe von 125 x 230 cm. Die stehenden Paneele sind koppelbar, sodass Sie einen gr\u00f6\u00dferen Raum unterteilen k\u00f6nnen. Wir sorgen daf\u00fcr, dass die Trennw\u00e4nde perfekt aneinander anschlie\u00dfen. Verbindungsst\u00fccke (gerade, Eck- oder T-Form) k\u00f6nnen Sie einfach separat bestellen.<\/p>\n<h3>Hohe Schallabsorption<\/h3>\n<p>Unsere Raumteiler bestehen aus einem akustischen Material, das zu 90 % aus recycelten Baumwollfasern von Jeanshosen besteht. Diese langen Fasern absorbieren Schallwellen, was den Nachhall erheblich reduziert. Dank der Materialien und des Aufbaus der Trennw\u00e4nde haben sie im Sprachbereich (500-1000 Hz) einen \u03b1-Wert von 0,7, was f\u00fcr eine hervorragende Schallabsorption sorgt.<\/p>\n","protected":false},"excerpt":{"rendered":"<h3>Raumteiler &#8211; Privatsph\u00e4re f\u00fcr den Arbeits- oder Wohnbereich.<\/h3>\n<p>Die AcousticPro\u00ae Raumteiler bieten eine innovative L\u00f6sung zur Verbesserung der Akustik und zur Schaffung von Privatsph\u00e4re in Ihrem Arbeits- oder Wohnbereich. Hergestellt aus recyceltem Baumwollmaterial, bieten diese Trennw\u00e4nde sowohl Schalld\u00e4mmung als auch ein stilvolles, personalisiertes Finish auf beiden Seiten. Erh\u00e4ltlich in stehender oder fahrbarer Ausf\u00fchrung und in verschiedenen Gr\u00f6\u00dfen. Perfekt f\u00fcr B\u00fcros und \u00f6ffentliche R\u00e4ume. Dank der hohen Schallabsorption und der M\u00f6glichkeit, R\u00e4ume nach Ma\u00df einzuteilen, tr\u00e4gt dieses Produkt zu einer ruhigen, produktiven und angenehmen Umgebung bei.<\/p>\n","protected":false},"featured_media":13608,"template":"","meta":{"_et_pb_use_builder":"","_et_pb_old_content":"","_et_gb_content_width":""},"product_brand":[],"product_cat":[944,947],"product_tag":[],"class_list":{"0":"post-13606","1":"product","2":"type-product","3":"status-publish","4":"has-post-thumbnail","6":"product_cat-buro","7":"product_cat-innere","9":"first","10":"instock","11":"taxable","12":"shipping-taxable","13":"purchasable","14":"product-type-simple"},"yoast_head":"<!-- This site is optimized with the Yoast SEO plugin v27.3 - https:\/\/yoast.com\/product\/yoast-seo-wordpress\/ -->\n<title>AcousticPro\u00ae Raumteiler | Amstel Printing<\/title>\n<meta name=\"robots\" content=\"index, follow, max-snippet:-1, max-image-preview:large, max-video-preview:-1\" \/>\n<link rel=\"canonical\" href=\"https:\/\/www.amstelprinting.nl\/de\/gesch\u00e4ft\/innere\/buro\/acousticpro-raumteiler\/\" \/>\n<meta property=\"og:locale\" content=\"de_DE\" \/>\n<meta property=\"og:type\" content=\"article\" \/>\n<meta property=\"og:title\" content=\"AcousticPro\u00ae Raumteiler | Amstel Printing\" \/>\n<meta property=\"og:description\" content=\"Raumteiler - Privatsph\u00e4re f\u00fcr den Arbeits- oder Wohnbereich. Die AcousticPro\u00ae Raumteiler bieten eine innovative L\u00f6sung zur Verbesserung der Akustik und zur Schaffung von Privatsph\u00e4re in Ihrem Arbeits- oder Wohnbereich. Hergestellt aus recyceltem Baumwollmaterial, bieten diese Trennw\u00e4nde sowohl Schalld\u00e4mmung als auch ein stilvolles, personalisiertes Finish auf beiden Seiten. Erh\u00e4ltlich in stehender oder fahrbarer Ausf\u00fchrung und in verschiedenen Gr\u00f6\u00dfen. Perfekt f\u00fcr B\u00fcros und \u00f6ffentliche R\u00e4ume. Dank der hohen Schallabsorption und der M\u00f6glichkeit, R\u00e4ume nach Ma\u00df einzuteilen, tr\u00e4gt dieses Produkt zu einer ruhigen, produktiven und angenehmen Umgebung bei.\" \/>\n<meta property=\"og:url\" content=\"https:\/\/www.amstelprinting.nl\/de\/gesch\u00e4ft\/innere\/buro\/acousticpro-raumteiler\/\" \/>\n<meta property=\"og:site_name\" content=\"Amstel Printing\" \/>\n<meta property=\"article:modified_time\" content=\"2026-02-18T11:53:33+00:00\" \/>\n<meta property=\"og:image\" content=\"https:\/\/www.amstelprinting.nl\/wp-content\/uploads\/AcousticPro\u00ae-roomdivider8.jpg\" \/>\n\t<meta property=\"og:image:width\" content=\"700\" \/>\n\t<meta property=\"og:image:height\" content=\"700\" \/>\n\t<meta property=\"og:image:type\" content=\"image\/jpeg\" \/>\n<meta name=\"twitter:card\" content=\"summary_large_image\" \/>\n<meta name=\"twitter:label1\" content=\"Gesch\u00e4tzte Lesezeit\" \/>\n\t<meta name=\"twitter:data1\" content=\"2\u00a0Minuten\" \/>\n<script type=\"application\/ld+json\" class=\"yoast-schema-graph\">{\"@context\":\"https:\\\/\\\/schema.org\",\"@graph\":[{\"@type\":\"WebPage\",\"@id\":\"https:\\\/\\\/www.amstelprinting.nl\\\/de\\\/gesch\u00e4ft\\\/innere\\\/buro\\\/acousticpro-raumteiler\\\/\",\"url\":\"https:\\\/\\\/www.amstelprinting.nl\\\/de\\\/gesch\u00e4ft\\\/innere\\\/buro\\\/acousticpro-raumteiler\\\/\",\"name\":\"AcousticPro\u00ae Raumteiler | Amstel Printing\",\"isPartOf\":{\"@id\":\"https:\\\/\\\/www.amstelprinting.nl\\\/de\\\/#website\"},\"primaryImageOfPage\":{\"@id\":\"https:\\\/\\\/www.amstelprinting.nl\\\/de\\\/gesch\u00e4ft\\\/innere\\\/buro\\\/acousticpro-raumteiler\\\/#primaryimage\"},\"image\":{\"@id\":\"https:\\\/\\\/www.amstelprinting.nl\\\/de\\\/gesch\u00e4ft\\\/innere\\\/buro\\\/acousticpro-raumteiler\\\/#primaryimage\"},\"thumbnailUrl\":\"https:\\\/\\\/www.amstelprinting.nl\\\/wp-content\\\/uploads\\\/AcousticPro\u00ae-roomdivider8.jpg\",\"datePublished\":\"2025-01-24T13:02:31+00:00\",\"dateModified\":\"2026-02-18T11:53:33+00:00\",\"breadcrumb\":{\"@id\":\"https:\\\/\\\/www.amstelprinting.nl\\\/de\\\/gesch\u00e4ft\\\/innere\\\/buro\\\/acousticpro-raumteiler\\\/#breadcrumb\"},\"inLanguage\":\"de\",\"potentialAction\":[{\"@type\":\"ReadAction\",\"target\":[\"https:\\\/\\\/www.amstelprinting.nl\\\/de\\\/gesch\u00e4ft\\\/innere\\\/buro\\\/acousticpro-raumteiler\\\/\"]}]},{\"@type\":\"ImageObject\",\"inLanguage\":\"de\",\"@id\":\"https:\\\/\\\/www.amstelprinting.nl\\\/de\\\/gesch\u00e4ft\\\/innere\\\/buro\\\/acousticpro-raumteiler\\\/#primaryimage\",\"url\":\"https:\\\/\\\/www.amstelprinting.nl\\\/wp-content\\\/uploads\\\/AcousticPro\u00ae-roomdivider8.jpg\",\"contentUrl\":\"https:\\\/\\\/www.amstelprinting.nl\\\/wp-content\\\/uploads\\\/AcousticPro\u00ae-roomdivider8.jpg\",\"width\":700,\"height\":700},{\"@type\":\"BreadcrumbList\",\"@id\":\"https:\\\/\\\/www.amstelprinting.nl\\\/de\\\/gesch\u00e4ft\\\/innere\\\/buro\\\/acousticpro-raumteiler\\\/#breadcrumb\",\"itemListElement\":[{\"@type\":\"ListItem\",\"position\":1,\"name\":\"\",\"item\":\"https:\\\/\\\/www.amstelprinting.nl\\\/de\\\/\"},{\"@type\":\"ListItem\",\"position\":2,\"name\":\"Amstel Printing\",\"item\":\"https:\\\/\\\/www.amstelprinting.nl\\\/de\\\/geschaeft\\\/\"},{\"@type\":\"ListItem\",\"position\":3,\"name\":\"Innere\",\"item\":\"https:\\\/\\\/www.amstelprinting.nl\\\/de\\\/kategorie\\\/innere\\\/\"},{\"@type\":\"ListItem\",\"position\":4,\"name\":\"B\u00fcro\",\"item\":\"https:\\\/\\\/www.amstelprinting.nl\\\/de\\\/kategorie\\\/innere\\\/buro\\\/\"},{\"@type\":\"ListItem\",\"position\":5,\"name\":\"AcousticPro\u00ae Raumteiler\"}]},{\"@type\":\"WebSite\",\"@id\":\"https:\\\/\\\/www.amstelprinting.nl\\\/de\\\/#website\",\"url\":\"https:\\\/\\\/www.amstelprinting.nl\\\/de\\\/\",\"name\":\"Amstel Printing\",\"description\":\"Creating Exposure\",\"publisher\":{\"@id\":\"https:\\\/\\\/www.amstelprinting.nl\\\/de\\\/#organization\"},\"potentialAction\":[{\"@type\":\"SearchAction\",\"target\":{\"@type\":\"EntryPoint\",\"urlTemplate\":\"https:\\\/\\\/www.amstelprinting.nl\\\/de\\\/?s={search_term_string}\"},\"query-input\":{\"@type\":\"PropertyValueSpecification\",\"valueRequired\":true,\"valueName\":\"search_term_string\"}}],\"inLanguage\":\"de\"},{\"@type\":\"Organization\",\"@id\":\"https:\\\/\\\/www.amstelprinting.nl\\\/de\\\/#organization\",\"name\":\"Amstel Printing\",\"url\":\"https:\\\/\\\/www.amstelprinting.nl\\\/de\\\/\",\"logo\":{\"@type\":\"ImageObject\",\"inLanguage\":\"de\",\"@id\":\"https:\\\/\\\/www.amstelprinting.nl\\\/de\\\/#\\\/schema\\\/logo\\\/image\\\/\",\"url\":\"https:\\\/\\\/www.amstelprinting.nl\\\/wp-content\\\/uploads\\\/amstel_printing_logo_clean.png\",\"contentUrl\":\"https:\\\/\\\/www.amstelprinting.nl\\\/wp-content\\\/uploads\\\/amstel_printing_logo_clean.png\",\"width\":324,\"height\":73,\"caption\":\"Amstel Printing\"},\"image\":{\"@id\":\"https:\\\/\\\/www.amstelprinting.nl\\\/de\\\/#\\\/schema\\\/logo\\\/image\\\/\"}}]}<\/script>\n<!-- \/ Yoast SEO plugin. -->","yoast_head_json":{"title":"AcousticPro\u00ae Raumteiler | Amstel Printing","robots":{"index":"index","follow":"follow","max-snippet":"max-snippet:-1","max-image-preview":"max-image-preview:large","max-video-preview":"max-video-preview:-1"},"canonical":"https:\/\/www.amstelprinting.nl\/de\/gesch\u00e4ft\/innere\/buro\/acousticpro-raumteiler\/","og_locale":"de_DE","og_type":"article","og_title":"AcousticPro\u00ae Raumteiler | Amstel Printing","og_description":"Raumteiler - Privatsph\u00e4re f\u00fcr den Arbeits- oder Wohnbereich. Die AcousticPro\u00ae Raumteiler bieten eine innovative L\u00f6sung zur Verbesserung der Akustik und zur Schaffung von Privatsph\u00e4re in Ihrem Arbeits- oder Wohnbereich. Hergestellt aus recyceltem Baumwollmaterial, bieten diese Trennw\u00e4nde sowohl Schalld\u00e4mmung als auch ein stilvolles, personalisiertes Finish auf beiden Seiten. Erh\u00e4ltlich in stehender oder fahrbarer Ausf\u00fchrung und in verschiedenen Gr\u00f6\u00dfen. Perfekt f\u00fcr B\u00fcros und \u00f6ffentliche R\u00e4ume. Dank der hohen Schallabsorption und der M\u00f6glichkeit, R\u00e4ume nach Ma\u00df einzuteilen, tr\u00e4gt dieses Produkt zu einer ruhigen, produktiven und angenehmen Umgebung bei.","og_url":"https:\/\/www.amstelprinting.nl\/de\/gesch\u00e4ft\/innere\/buro\/acousticpro-raumteiler\/","og_site_name":"Amstel Printing","article_modified_time":"2026-02-18T11:53:33+00:00","og_image":[{"width":700,"height":700,"url":"https:\/\/www.amstelprinting.nl\/wp-content\/uploads\/AcousticPro\u00ae-roomdivider8.jpg","type":"image\/jpeg"}],"twitter_card":"summary_large_image","twitter_misc":{"Gesch\u00e4tzte Lesezeit":"2\u00a0Minuten"},"schema":{"@context":"https:\/\/schema.org","@graph":[{"@type":"WebPage","@id":"https:\/\/www.amstelprinting.nl\/de\/gesch\u00e4ft\/innere\/buro\/acousticpro-raumteiler\/","url":"https:\/\/www.amstelprinting.nl\/de\/gesch\u00e4ft\/innere\/buro\/acousticpro-raumteiler\/","name":"AcousticPro\u00ae Raumteiler | Amstel Printing","isPartOf":{"@id":"https:\/\/www.amstelprinting.nl\/de\/#website"},"primaryImageOfPage":{"@id":"https:\/\/www.amstelprinting.nl\/de\/gesch\u00e4ft\/innere\/buro\/acousticpro-raumteiler\/#primaryimage"},"image":{"@id":"https:\/\/www.amstelprinting.nl\/de\/gesch\u00e4ft\/innere\/buro\/acousticpro-raumteiler\/#primaryimage"},"thumbnailUrl":"https:\/\/www.amstelprinting.nl\/wp-content\/uploads\/AcousticPro\u00ae-roomdivider8.jpg","datePublished":"2025-01-24T13:02:31+00:00","dateModified":"2026-02-18T11:53:33+00:00","breadcrumb":{"@id":"https:\/\/www.amstelprinting.nl\/de\/gesch\u00e4ft\/innere\/buro\/acousticpro-raumteiler\/#breadcrumb"},"inLanguage":"de","potentialAction":[{"@type":"ReadAction","target":["https:\/\/www.amstelprinting.nl\/de\/gesch\u00e4ft\/innere\/buro\/acousticpro-raumteiler\/"]}]},{"@type":"ImageObject","inLanguage":"de","@id":"https:\/\/www.amstelprinting.nl\/de\/gesch\u00e4ft\/innere\/buro\/acousticpro-raumteiler\/#primaryimage","url":"https:\/\/www.amstelprinting.nl\/wp-content\/uploads\/AcousticPro\u00ae-roomdivider8.jpg","contentUrl":"https:\/\/www.amstelprinting.nl\/wp-content\/uploads\/AcousticPro\u00ae-roomdivider8.jpg","width":700,"height":700},{"@type":"BreadcrumbList","@id":"https:\/\/www.amstelprinting.nl\/de\/gesch\u00e4ft\/innere\/buro\/acousticpro-raumteiler\/#breadcrumb","itemListElement":[{"@type":"ListItem","position":1,"name":"","item":"https:\/\/www.amstelprinting.nl\/de\/"},{"@type":"ListItem","position":2,"name":"Amstel Printing","item":"https:\/\/www.amstelprinting.nl\/de\/geschaeft\/"},{"@type":"ListItem","position":3,"name":"Innere","item":"https:\/\/www.amstelprinting.nl\/de\/kategorie\/innere\/"},{"@type":"ListItem","position":4,"name":"B\u00fcro","item":"https:\/\/www.amstelprinting.nl\/de\/kategorie\/innere\/buro\/"},{"@type":"ListItem","position":5,"name":"AcousticPro\u00ae Raumteiler"}]},{"@type":"WebSite","@id":"https:\/\/www.amstelprinting.nl\/de\/#website","url":"https:\/\/www.amstelprinting.nl\/de\/","name":"Amstel Printing","description":"Creating Exposure","publisher":{"@id":"https:\/\/www.amstelprinting.nl\/de\/#organization"},"potentialAction":[{"@type":"SearchAction","target":{"@type":"EntryPoint","urlTemplate":"https:\/\/www.amstelprinting.nl\/de\/?s={search_term_string}"},"query-input":{"@type":"PropertyValueSpecification","valueRequired":true,"valueName":"search_term_string"}}],"inLanguage":"de"},{"@type":"Organization","@id":"https:\/\/www.amstelprinting.nl\/de\/#organization","name":"Amstel Printing","url":"https:\/\/www.amstelprinting.nl\/de\/","logo":{"@type":"ImageObject","inLanguage":"de","@id":"https:\/\/www.amstelprinting.nl\/de\/#\/schema\/logo\/image\/","url":"https:\/\/www.amstelprinting.nl\/wp-content\/uploads\/amstel_printing_logo_clean.png","contentUrl":"https:\/\/www.amstelprinting.nl\/wp-content\/uploads\/amstel_printing_logo_clean.png","width":324,"height":73,"caption":"Amstel Printing"},"image":{"@id":"https:\/\/www.amstelprinting.nl\/de\/#\/schema\/logo\/image\/"}}]}},"_links":{"self":[{"href":"https:\/\/www.amstelprinting.nl\/de\/wp-json\/wp\/v2\/product\/13606","targetHints":{"allow":["GET"]}}],"collection":[{"href":"https:\/\/www.amstelprinting.nl\/de\/wp-json\/wp\/v2\/product"}],"about":[{"href":"https:\/\/www.amstelprinting.nl\/de\/wp-json\/wp\/v2\/types\/product"}],"wp:featuredmedia":[{"embeddable":true,"href":"https:\/\/www.amstelprinting.nl\/de\/wp-json\/wp\/v2\/media\/13608"}],"wp:attachment":[{"href":"https:\/\/www.amstelprinting.nl\/de\/wp-json\/wp\/v2\/media?parent=13606"}],"wp:term":[{"taxonomy":"product_brand","embeddable":true,"href":"https:\/\/www.amstelprinting.nl\/de\/wp-json\/wp\/v2\/product_brand?post=13606"},{"taxonomy":"product_cat","embeddable":true,"href":"https:\/\/www.amstelprinting.nl\/de\/wp-json\/wp\/v2\/product_cat?post=13606"},{"taxonomy":"product_tag","embeddable":true,"href":"https:\/\/www.amstelprinting.nl\/de\/wp-json\/wp\/v2\/product_tag?post=13606"}],"curies":[{"name":"wp","href":"https:\/\/api.w.org\/{rel}","templated":true}]}}