{"id":13619,"date":"2025-01-24T12:27:04","date_gmt":"2025-01-24T11:27:04","guid":{"rendered":"https:\/\/www.amstelprinting.nl\/winkel\/unkategorisiert\/bouwhekdoek-eigen-formaat\/"},"modified":"2026-02-18T12:53:34","modified_gmt":"2026-02-18T11:53:34","slug":"bauzaunplane-eigenes-format","status":"publish","type":"product","link":"https:\/\/www.amstelprinting.nl\/de\/gesch\u00e4ft\/ausenwerbung\/banner\/bauzaunplane-eigenes-format\/","title":{"rendered":"Bauzaunplane &#8211; eigenes Format"},"content":{"rendered":"<h3>W\u00e4hlen Sie das richtige Material<\/h3>\n<p>Unsere Bauzaunplanen sind in sechs verschiedenen Materialien erh\u00e4ltlich:<\/p>\n<ul>\n<li><strong>Banner 510<\/strong>: PVC-Plane mit gl\u00e4nzender Optik, geeignet f\u00fcr den Innen- und Au\u00dfenbereich.<\/li>\n<li><strong>Mesh-Gewebe<\/strong>: Luftdurchl\u00e4ssige PVC-Plane mit netzartiger Struktur, ideal f\u00fcr Standorte mit viel Wind.<\/li>\n<li><strong>ProPES Outdoor<\/strong>: Leichtes Polyester-Textilgewebe mit wasserabweisender Beschichtung, perfekt f\u00fcr den langfristigen Au\u00dfeneinsatz.<\/li>\n<li><strong>ProPES FR<\/strong>: Polyester-Textilgewebe mit flammhemmender Beschichtung, sorgt f\u00fcr Sicherheit in jeder Situation.<\/li>\n<li><strong>Flag<\/strong>: Polyestergewebe mit hoher Durchsichtigkeit, ideal f\u00fcr tempor\u00e4re Anwendungen mit einer Lebensdauer von bis zu vier Monaten.<\/li>\n<li><strong>Flag PET<\/strong>: Umweltfreundliche Option aus 100 % recycelten PET-Flaschen.<\/li>\n<\/ul>\n<p>&nbsp;<\/p>\n<h3>Bauzaunplanen-Befestigungsmaterial<\/h3>\n<p>Um Ihre Bauzaunplane fachgerecht (und stilvoll) zu befestigen, k\u00f6nnen Sie optional Befestigungsmaterial mitbestellen.<\/p>\n<h3>H\u00e4ufig gestellte Fragen zu Bauzaunplanen im eigenen Format<\/h3>\n<p><strong>Wie wird die ma\u00dfgeschneiderte Bauzaunplane verpackt?<\/strong><br \/>\nBauzaunplanen werden auf Rolle verpackt. Zum Schutz des Materials wird die Bauzaunplane in Luftpolsterfolie und Kraftpapier eingerollt.<\/p>\n<p><strong>Welches Material h\u00e4lt am l\u00e4ngsten?<br \/>\n<\/strong>Alle unsere Materialien sind f\u00fcr den Au\u00dfeneinsatz konzipiert. Wenn Sie ein Material ben\u00f6tigen, das windbest\u00e4ndig ist, empfehlen wir Mesh-Gewebe. Dies ist ein perforiertes Material, durch das der Wind leicht hindurchwehen kann.<\/p>\n<p><strong>Wie reinigt man eine Bauzaunplane am besten?<\/strong><br \/>\nBauzaunplanen lassen sich am besten mit warmem Wasser und einem Mikrofasertuch reinigen. Von der Verwendung von Reinigungsmitteln wird abgeraten, da diese die Tinte besch\u00e4digen k\u00f6nnen.<\/p>\n","protected":false},"excerpt":{"rendered":"<p>Entdecken Sie unsere vielseitigen Bauzaunplanen, perfekt f\u00fcr die Abgrenzung von Bereichen und die effektive Vermittlung Ihrer Botschaft. Ideal f\u00fcr Baustellen oder Veranstaltungen bieten diese Planen eine hervorragende Kombination aus Funktionalit\u00e4t und visueller Wirkung. W\u00e4hlen Sie eine Breite zwischen 330 und 340 cm und eine H\u00f6he zwischen 170 und 178 cm. Die Bauzaunplane ist alle 50 cm mit \u00d6sen f\u00fcr eine einfache Befestigung und Stabilit\u00e4t versehen.<\/p>\n","protected":false},"featured_media":13620,"template":"","meta":{"_et_pb_use_builder":"","_et_pb_old_content":"","_et_gb_content_width":""},"product_brand":[],"product_cat":[929,924,928],"product_tag":[],"class_list":{"0":"post-13619","1":"product","2":"type-product","3":"status-publish","4":"has-post-thumbnail","6":"product_cat-ausenwerbung","7":"product_cat-banner","8":"product_cat-bau-eigentum","10":"first","11":"instock","12":"taxable","13":"shipping-taxable","14":"purchasable","15":"product-type-simple"},"yoast_head":"<!-- This site is optimized with the Yoast SEO plugin v27.3 - https:\/\/yoast.com\/product\/yoast-seo-wordpress\/ -->\n<title>Bauzaunplane - eigenes Format | Amstel Printing<\/title>\n<meta name=\"robots\" content=\"index, follow, max-snippet:-1, max-image-preview:large, max-video-preview:-1\" \/>\n<link rel=\"canonical\" href=\"https:\/\/www.amstelprinting.nl\/de\/gesch\u00e4ft\/ausenwerbung\/banner\/bauzaunplane-eigenes-format\/\" \/>\n<meta property=\"og:locale\" content=\"de_DE\" \/>\n<meta property=\"og:type\" content=\"article\" \/>\n<meta property=\"og:title\" content=\"Bauzaunplane - eigenes Format | Amstel Printing\" \/>\n<meta property=\"og:description\" content=\"Entdecken Sie unsere vielseitigen Bauzaunplanen, perfekt f\u00fcr die Abgrenzung von Bereichen und die effektive Vermittlung Ihrer Botschaft. Ideal f\u00fcr Baustellen oder Veranstaltungen bieten diese Planen eine hervorragende Kombination aus Funktionalit\u00e4t und visueller Wirkung. W\u00e4hlen Sie eine Breite zwischen 330 und 340 cm und eine H\u00f6he zwischen 170 und 178 cm. Die Bauzaunplane ist alle 50 cm mit \u00d6sen f\u00fcr eine einfache Befestigung und Stabilit\u00e4t versehen.\" \/>\n<meta property=\"og:url\" content=\"https:\/\/www.amstelprinting.nl\/de\/gesch\u00e4ft\/ausenwerbung\/banner\/bauzaunplane-eigenes-format\/\" \/>\n<meta property=\"og:site_name\" content=\"Amstel Printing\" \/>\n<meta property=\"article:modified_time\" content=\"2026-02-18T11:53:34+00:00\" \/>\n<meta property=\"og:image\" content=\"https:\/\/www.amstelprinting.nl\/wp-content\/uploads\/bouwhekdoek-bedrukken-3.png\" \/>\n\t<meta property=\"og:image:width\" content=\"900\" \/>\n\t<meta property=\"og:image:height\" content=\"900\" \/>\n\t<meta property=\"og:image:type\" content=\"image\/png\" \/>\n<meta name=\"twitter:card\" content=\"summary_large_image\" \/>\n<meta name=\"twitter:label1\" content=\"Gesch\u00e4tzte Lesezeit\" \/>\n\t<meta name=\"twitter:data1\" content=\"1\u00a0Minute\" \/>\n<script type=\"application\/ld+json\" class=\"yoast-schema-graph\">{\"@context\":\"https:\\\/\\\/schema.org\",\"@graph\":[{\"@type\":\"WebPage\",\"@id\":\"https:\\\/\\\/www.amstelprinting.nl\\\/de\\\/gesch\u00e4ft\\\/ausenwerbung\\\/banner\\\/bauzaunplane-eigenes-format\\\/\",\"url\":\"https:\\\/\\\/www.amstelprinting.nl\\\/de\\\/gesch\u00e4ft\\\/ausenwerbung\\\/banner\\\/bauzaunplane-eigenes-format\\\/\",\"name\":\"Bauzaunplane - eigenes Format | Amstel Printing\",\"isPartOf\":{\"@id\":\"https:\\\/\\\/www.amstelprinting.nl\\\/de\\\/#website\"},\"primaryImageOfPage\":{\"@id\":\"https:\\\/\\\/www.amstelprinting.nl\\\/de\\\/gesch\u00e4ft\\\/ausenwerbung\\\/banner\\\/bauzaunplane-eigenes-format\\\/#primaryimage\"},\"image\":{\"@id\":\"https:\\\/\\\/www.amstelprinting.nl\\\/de\\\/gesch\u00e4ft\\\/ausenwerbung\\\/banner\\\/bauzaunplane-eigenes-format\\\/#primaryimage\"},\"thumbnailUrl\":\"https:\\\/\\\/www.amstelprinting.nl\\\/wp-content\\\/uploads\\\/bouwhekdoek-bedrukken-3.png\",\"datePublished\":\"2025-01-24T11:27:04+00:00\",\"dateModified\":\"2026-02-18T11:53:34+00:00\",\"breadcrumb\":{\"@id\":\"https:\\\/\\\/www.amstelprinting.nl\\\/de\\\/gesch\u00e4ft\\\/ausenwerbung\\\/banner\\\/bauzaunplane-eigenes-format\\\/#breadcrumb\"},\"inLanguage\":\"de\",\"potentialAction\":[{\"@type\":\"ReadAction\",\"target\":[\"https:\\\/\\\/www.amstelprinting.nl\\\/de\\\/gesch\u00e4ft\\\/ausenwerbung\\\/banner\\\/bauzaunplane-eigenes-format\\\/\"]}]},{\"@type\":\"ImageObject\",\"inLanguage\":\"de\",\"@id\":\"https:\\\/\\\/www.amstelprinting.nl\\\/de\\\/gesch\u00e4ft\\\/ausenwerbung\\\/banner\\\/bauzaunplane-eigenes-format\\\/#primaryimage\",\"url\":\"https:\\\/\\\/www.amstelprinting.nl\\\/wp-content\\\/uploads\\\/bouwhekdoek-bedrukken-3.png\",\"contentUrl\":\"https:\\\/\\\/www.amstelprinting.nl\\\/wp-content\\\/uploads\\\/bouwhekdoek-bedrukken-3.png\",\"width\":900,\"height\":900},{\"@type\":\"BreadcrumbList\",\"@id\":\"https:\\\/\\\/www.amstelprinting.nl\\\/de\\\/gesch\u00e4ft\\\/ausenwerbung\\\/banner\\\/bauzaunplane-eigenes-format\\\/#breadcrumb\",\"itemListElement\":[{\"@type\":\"ListItem\",\"position\":1,\"name\":\"\",\"item\":\"https:\\\/\\\/www.amstelprinting.nl\\\/de\\\/\"},{\"@type\":\"ListItem\",\"position\":2,\"name\":\"Amstel Printing\",\"item\":\"https:\\\/\\\/www.amstelprinting.nl\\\/de\\\/geschaeft\\\/\"},{\"@type\":\"ListItem\",\"position\":3,\"name\":\"Au\u00dfenwerbung\",\"item\":\"https:\\\/\\\/www.amstelprinting.nl\\\/de\\\/kategorie\\\/ausenwerbung\\\/\"},{\"@type\":\"ListItem\",\"position\":4,\"name\":\"Bau &amp; Eigentum\",\"item\":\"https:\\\/\\\/www.amstelprinting.nl\\\/de\\\/kategorie\\\/ausenwerbung\\\/bau-eigentum\\\/\"},{\"@type\":\"ListItem\",\"position\":5,\"name\":\"Bauzaunplane &#8211; eigenes Format\"}]},{\"@type\":\"WebSite\",\"@id\":\"https:\\\/\\\/www.amstelprinting.nl\\\/de\\\/#website\",\"url\":\"https:\\\/\\\/www.amstelprinting.nl\\\/de\\\/\",\"name\":\"Amstel Printing\",\"description\":\"Creating Exposure\",\"publisher\":{\"@id\":\"https:\\\/\\\/www.amstelprinting.nl\\\/de\\\/#organization\"},\"potentialAction\":[{\"@type\":\"SearchAction\",\"target\":{\"@type\":\"EntryPoint\",\"urlTemplate\":\"https:\\\/\\\/www.amstelprinting.nl\\\/de\\\/?s={search_term_string}\"},\"query-input\":{\"@type\":\"PropertyValueSpecification\",\"valueRequired\":true,\"valueName\":\"search_term_string\"}}],\"inLanguage\":\"de\"},{\"@type\":\"Organization\",\"@id\":\"https:\\\/\\\/www.amstelprinting.nl\\\/de\\\/#organization\",\"name\":\"Amstel Printing\",\"url\":\"https:\\\/\\\/www.amstelprinting.nl\\\/de\\\/\",\"logo\":{\"@type\":\"ImageObject\",\"inLanguage\":\"de\",\"@id\":\"https:\\\/\\\/www.amstelprinting.nl\\\/de\\\/#\\\/schema\\\/logo\\\/image\\\/\",\"url\":\"https:\\\/\\\/www.amstelprinting.nl\\\/wp-content\\\/uploads\\\/amstel_printing_logo_clean.png\",\"contentUrl\":\"https:\\\/\\\/www.amstelprinting.nl\\\/wp-content\\\/uploads\\\/amstel_printing_logo_clean.png\",\"width\":324,\"height\":73,\"caption\":\"Amstel Printing\"},\"image\":{\"@id\":\"https:\\\/\\\/www.amstelprinting.nl\\\/de\\\/#\\\/schema\\\/logo\\\/image\\\/\"}}]}<\/script>\n<!-- \/ Yoast SEO plugin. -->","yoast_head_json":{"title":"Bauzaunplane - eigenes Format | Amstel Printing","robots":{"index":"index","follow":"follow","max-snippet":"max-snippet:-1","max-image-preview":"max-image-preview:large","max-video-preview":"max-video-preview:-1"},"canonical":"https:\/\/www.amstelprinting.nl\/de\/gesch\u00e4ft\/ausenwerbung\/banner\/bauzaunplane-eigenes-format\/","og_locale":"de_DE","og_type":"article","og_title":"Bauzaunplane - eigenes Format | Amstel Printing","og_description":"Entdecken Sie unsere vielseitigen Bauzaunplanen, perfekt f\u00fcr die Abgrenzung von Bereichen und die effektive Vermittlung Ihrer Botschaft. Ideal f\u00fcr Baustellen oder Veranstaltungen bieten diese Planen eine hervorragende Kombination aus Funktionalit\u00e4t und visueller Wirkung. W\u00e4hlen Sie eine Breite zwischen 330 und 340 cm und eine H\u00f6he zwischen 170 und 178 cm. Die Bauzaunplane ist alle 50 cm mit \u00d6sen f\u00fcr eine einfache Befestigung und Stabilit\u00e4t versehen.","og_url":"https:\/\/www.amstelprinting.nl\/de\/gesch\u00e4ft\/ausenwerbung\/banner\/bauzaunplane-eigenes-format\/","og_site_name":"Amstel Printing","article_modified_time":"2026-02-18T11:53:34+00:00","og_image":[{"width":900,"height":900,"url":"https:\/\/www.amstelprinting.nl\/wp-content\/uploads\/bouwhekdoek-bedrukken-3.png","type":"image\/png"}],"twitter_card":"summary_large_image","twitter_misc":{"Gesch\u00e4tzte Lesezeit":"1\u00a0Minute"},"schema":{"@context":"https:\/\/schema.org","@graph":[{"@type":"WebPage","@id":"https:\/\/www.amstelprinting.nl\/de\/gesch\u00e4ft\/ausenwerbung\/banner\/bauzaunplane-eigenes-format\/","url":"https:\/\/www.amstelprinting.nl\/de\/gesch\u00e4ft\/ausenwerbung\/banner\/bauzaunplane-eigenes-format\/","name":"Bauzaunplane - eigenes Format | Amstel Printing","isPartOf":{"@id":"https:\/\/www.amstelprinting.nl\/de\/#website"},"primaryImageOfPage":{"@id":"https:\/\/www.amstelprinting.nl\/de\/gesch\u00e4ft\/ausenwerbung\/banner\/bauzaunplane-eigenes-format\/#primaryimage"},"image":{"@id":"https:\/\/www.amstelprinting.nl\/de\/gesch\u00e4ft\/ausenwerbung\/banner\/bauzaunplane-eigenes-format\/#primaryimage"},"thumbnailUrl":"https:\/\/www.amstelprinting.nl\/wp-content\/uploads\/bouwhekdoek-bedrukken-3.png","datePublished":"2025-01-24T11:27:04+00:00","dateModified":"2026-02-18T11:53:34+00:00","breadcrumb":{"@id":"https:\/\/www.amstelprinting.nl\/de\/gesch\u00e4ft\/ausenwerbung\/banner\/bauzaunplane-eigenes-format\/#breadcrumb"},"inLanguage":"de","potentialAction":[{"@type":"ReadAction","target":["https:\/\/www.amstelprinting.nl\/de\/gesch\u00e4ft\/ausenwerbung\/banner\/bauzaunplane-eigenes-format\/"]}]},{"@type":"ImageObject","inLanguage":"de","@id":"https:\/\/www.amstelprinting.nl\/de\/gesch\u00e4ft\/ausenwerbung\/banner\/bauzaunplane-eigenes-format\/#primaryimage","url":"https:\/\/www.amstelprinting.nl\/wp-content\/uploads\/bouwhekdoek-bedrukken-3.png","contentUrl":"https:\/\/www.amstelprinting.nl\/wp-content\/uploads\/bouwhekdoek-bedrukken-3.png","width":900,"height":900},{"@type":"BreadcrumbList","@id":"https:\/\/www.amstelprinting.nl\/de\/gesch\u00e4ft\/ausenwerbung\/banner\/bauzaunplane-eigenes-format\/#breadcrumb","itemListElement":[{"@type":"ListItem","position":1,"name":"","item":"https:\/\/www.amstelprinting.nl\/de\/"},{"@type":"ListItem","position":2,"name":"Amstel Printing","item":"https:\/\/www.amstelprinting.nl\/de\/geschaeft\/"},{"@type":"ListItem","position":3,"name":"Au\u00dfenwerbung","item":"https:\/\/www.amstelprinting.nl\/de\/kategorie\/ausenwerbung\/"},{"@type":"ListItem","position":4,"name":"Bau &amp; Eigentum","item":"https:\/\/www.amstelprinting.nl\/de\/kategorie\/ausenwerbung\/bau-eigentum\/"},{"@type":"ListItem","position":5,"name":"Bauzaunplane &#8211; eigenes Format"}]},{"@type":"WebSite","@id":"https:\/\/www.amstelprinting.nl\/de\/#website","url":"https:\/\/www.amstelprinting.nl\/de\/","name":"Amstel Printing","description":"Creating Exposure","publisher":{"@id":"https:\/\/www.amstelprinting.nl\/de\/#organization"},"potentialAction":[{"@type":"SearchAction","target":{"@type":"EntryPoint","urlTemplate":"https:\/\/www.amstelprinting.nl\/de\/?s={search_term_string}"},"query-input":{"@type":"PropertyValueSpecification","valueRequired":true,"valueName":"search_term_string"}}],"inLanguage":"de"},{"@type":"Organization","@id":"https:\/\/www.amstelprinting.nl\/de\/#organization","name":"Amstel Printing","url":"https:\/\/www.amstelprinting.nl\/de\/","logo":{"@type":"ImageObject","inLanguage":"de","@id":"https:\/\/www.amstelprinting.nl\/de\/#\/schema\/logo\/image\/","url":"https:\/\/www.amstelprinting.nl\/wp-content\/uploads\/amstel_printing_logo_clean.png","contentUrl":"https:\/\/www.amstelprinting.nl\/wp-content\/uploads\/amstel_printing_logo_clean.png","width":324,"height":73,"caption":"Amstel Printing"},"image":{"@id":"https:\/\/www.amstelprinting.nl\/de\/#\/schema\/logo\/image\/"}}]}},"_links":{"self":[{"href":"https:\/\/www.amstelprinting.nl\/de\/wp-json\/wp\/v2\/product\/13619","targetHints":{"allow":["GET"]}}],"collection":[{"href":"https:\/\/www.amstelprinting.nl\/de\/wp-json\/wp\/v2\/product"}],"about":[{"href":"https:\/\/www.amstelprinting.nl\/de\/wp-json\/wp\/v2\/types\/product"}],"wp:featuredmedia":[{"embeddable":true,"href":"https:\/\/www.amstelprinting.nl\/de\/wp-json\/wp\/v2\/media\/13620"}],"wp:attachment":[{"href":"https:\/\/www.amstelprinting.nl\/de\/wp-json\/wp\/v2\/media?parent=13619"}],"wp:term":[{"taxonomy":"product_brand","embeddable":true,"href":"https:\/\/www.amstelprinting.nl\/de\/wp-json\/wp\/v2\/product_brand?post=13619"},{"taxonomy":"product_cat","embeddable":true,"href":"https:\/\/www.amstelprinting.nl\/de\/wp-json\/wp\/v2\/product_cat?post=13619"},{"taxonomy":"product_tag","embeddable":true,"href":"https:\/\/www.amstelprinting.nl\/de\/wp-json\/wp\/v2\/product_tag?post=13619"}],"curies":[{"name":"wp","href":"https:\/\/api.w.org\/{rel}","templated":true}]}}