{"id":13629,"date":"2025-01-24T12:26:58","date_gmt":"2025-01-24T11:26:58","guid":{"rendered":"https:\/\/www.amstelprinting.nl\/winkel\/unkategorisiert\/bouwhekdoek\/"},"modified":"2026-02-18T12:53:34","modified_gmt":"2026-02-18T11:53:34","slug":"bauzaunplane","status":"publish","type":"product","link":"https:\/\/www.amstelprinting.nl\/de\/gesch\u00e4ft\/ausenwerbung\/banner\/bauzaunplane\/","title":{"rendered":"Bauzaunplane"},"content":{"rendered":"<h3>Materialien Bauzaunplane<\/h3>\n<p>Bauzaunplanen sind in sechs verschiedenen Materialien erh\u00e4ltlich.<\/p>\n<ul>\n<li><strong>Banner 510<\/strong>: PVC-Plane mit gl\u00e4nzender Optik, sowohl f\u00fcr den Innen- als auch f\u00fcr den Au\u00dfeneinsatz geeignet.<\/li>\n<li><strong>Mesh-Banner<\/strong>: Luftdurchl\u00e4ssige PVC-Plane mit netzartiger Struktur, ideal f\u00fcr Standorte mit viel Wind.<\/li>\n<li><strong>ProPES Outdoor<\/strong>: Leichtes Polyester-Textilgewebe mit wasserabweisender Beschichtung, perfekt f\u00fcr den langfristigen Au\u00dfeneinsatz.<\/li>\n<li><strong>ProPES FR<\/strong>: Polyester-Textilgewebe mit feuerhemmender Beschichtung, garantiert Sicherheit unter allen Bedingungen.<\/li>\n<li><strong>Flag<\/strong>: Polyestergewebe mit hoher Transparenz, ideal f\u00fcr tempor\u00e4re Anwendungen mit einer Lebensdauer von bis zu vier Monaten.<\/li>\n<li><strong>Flag PET<\/strong>: Umweltfreundliche Option aus 100 % recycelten PET-Flaschen.<\/li>\n<\/ul>\n<p>&nbsp;<\/p>\n<h3>Zubeh\u00f6r Bauzaunplane<\/h3>\n<p>Um Ihre Bauzaunplane fachgerecht (und stilvoll) zu befestigen, k\u00f6nnen Sie optionales Befestigungsmaterial mitbestellen.<\/p>\n<p>St\u00e4rken Sie Ihr Unternehmen oder Ihre Botschaft mit unseren Bauzaunplanen. Entscheiden Sie sich f\u00fcr Qualit\u00e4t, Ma\u00dfarbeit und praktische L\u00f6sungen mit unseren vielf\u00e4ltigen Materialien und Zubeh\u00f6rteilen. Lassen Sie Ihre Projekte mit unseren hochwertigen Bauzaunplanen auffallen, bei denen kein Detail \u00fcbersehen wird.<\/p>\n<h3>Abweichendes Format?<\/h3>\n<p>Ben\u00f6tigen Sie ein abweichendes Format? Kein Problem, wir bieten Ma\u00dfarbeit an, um all Ihren spezifischen Anforderungen gerecht zu werden.<\/p>\n<h3>H\u00e4ufig gestellte Fragen zu Bauzaunplanen<\/h3>\n<p><strong>Wie werden Bauzaunplanen verpackt?<\/strong><br \/>\nBauzaunplanen werden auf Rolle verpackt. Um das Material zu sch\u00fctzen, wird die Plane in Luftpolsterfolie und Kraftpapier aufgerollt.<\/p>\n<p><strong>Kann diese Bauzaunplane in einem anderen Format bestellt werden?<\/strong><br \/>\nSie k\u00f6nnen \u00fcber Bauzaunplane &#8211; eigenes Format Ihr gew\u00fcnschtes Format f\u00fcr eine Bauzaunplane w\u00e4hlen.<\/p>\n<p><strong>Welches Material h\u00e4lt am l\u00e4ngsten?<\/strong><br \/>\nAlle unsere Materialien sind f\u00fcr den Au\u00dfeneinsatz konzipiert. Wenn Sie Bauzaunplanen-Material ben\u00f6tigen, das windbest\u00e4ndig ist, empfehlen wir Mesh-Banner. Dies ist ein perforiertes Material, durch das der Wind leicht hindurchwehen kann.<\/p>\n<p><strong>Wie l\u00e4sst sich eine Bauzaunplane am besten reinigen?<\/strong><br \/>\nDie Plane wird am besten mit warmem Wasser und einem Fasertuch gereinigt. Die Verwendung von Reinigungsmitteln wird nicht empfohlen, da dies die Tinte besch\u00e4digen kann.<\/p>\n","protected":false},"excerpt":{"rendered":"<p><span style=\"font-weight: 400;\">Entdecken Sie unsere vielseitigen Bauzaunplanen zur Abgrenzung von Gel\u00e4nde und zur \u00dcbermittlung Ihrer Botschaft. Ideal f\u00fcr Baustellen oder Veranstaltungen. Die Bauzaunplane hat ein festes Format von 335 x 175 cm und ist alle 50 cm mit \u00d6sen zur einfachen Befestigung versehen.<\/span><\/p>\n","protected":false},"featured_media":25253,"template":"","meta":{"_et_pb_use_builder":"","_et_pb_old_content":"","_et_gb_content_width":""},"product_brand":[],"product_cat":[929,924,928,904,899],"product_tag":[],"class_list":{"0":"post-13629","1":"product","2":"type-product","3":"status-publish","4":"has-post-thumbnail","6":"product_cat-ausenwerbung","7":"product_cat-banner","8":"product_cat-bau-eigentum","9":"product_cat-festivaltucher","10":"product_cat-messe-event","12":"first","13":"instock","14":"featured","15":"taxable","16":"shipping-taxable","17":"purchasable","18":"product-type-simple"},"yoast_head":"<!-- This site is optimized with the Yoast SEO plugin v27.3 - https:\/\/yoast.com\/product\/yoast-seo-wordpress\/ -->\n<title>Bauzaunplane bestellen \u2013 Schnelle Lieferung &amp; hochwertiges Material<\/title>\n<meta name=\"description\" content=\"Machen Sie Ihre Baustelle oder Ihr Event auff\u00e4llig mit unseren langlebigen Bauzaunplanen. W\u00e4hlen Sie aus sechs starken Materialien, inklusive Ma\u00dfarbeitsoptionen.\" \/>\n<meta name=\"robots\" content=\"index, follow, max-snippet:-1, max-image-preview:large, max-video-preview:-1\" \/>\n<link rel=\"canonical\" href=\"https:\/\/www.amstelprinting.nl\/de\/gesch\u00e4ft\/ausenwerbung\/banner\/bauzaunplane\/\" \/>\n<meta property=\"og:locale\" content=\"de_DE\" \/>\n<meta property=\"og:type\" content=\"article\" \/>\n<meta property=\"og:title\" content=\"Bauzaunplane bestellen \u2013 Schnelle Lieferung &amp; hochwertiges Material\" \/>\n<meta property=\"og:description\" content=\"Machen Sie Ihre Baustelle oder Ihr Event auff\u00e4llig mit unseren langlebigen Bauzaunplanen. W\u00e4hlen Sie aus sechs starken Materialien, inklusive Ma\u00dfarbeitsoptionen.\" \/>\n<meta property=\"og:url\" content=\"https:\/\/www.amstelprinting.nl\/de\/gesch\u00e4ft\/ausenwerbung\/banner\/bauzaunplane\/\" \/>\n<meta property=\"og:site_name\" content=\"Amstel Printing\" \/>\n<meta property=\"article:modified_time\" content=\"2026-02-18T11:53:34+00:00\" \/>\n<meta property=\"og:image\" content=\"https:\/\/www.amstelprinting.nl\/wp-content\/uploads\/bouwhekdoek-bedrukken-2.webp\" \/>\n\t<meta property=\"og:image:width\" content=\"900\" \/>\n\t<meta property=\"og:image:height\" content=\"900\" \/>\n\t<meta property=\"og:image:type\" content=\"image\/webp\" \/>\n<meta name=\"twitter:card\" content=\"summary_large_image\" \/>\n<meta name=\"twitter:label1\" content=\"Gesch\u00e4tzte Lesezeit\" \/>\n\t<meta name=\"twitter:data1\" content=\"2\u00a0Minuten\" \/>\n<script type=\"application\/ld+json\" class=\"yoast-schema-graph\">{\"@context\":\"https:\\\/\\\/schema.org\",\"@graph\":[{\"@type\":\"WebPage\",\"@id\":\"https:\\\/\\\/www.amstelprinting.nl\\\/de\\\/gesch\u00e4ft\\\/ausenwerbung\\\/banner\\\/bauzaunplane\\\/\",\"url\":\"https:\\\/\\\/www.amstelprinting.nl\\\/de\\\/gesch\u00e4ft\\\/ausenwerbung\\\/banner\\\/bauzaunplane\\\/\",\"name\":\"Bauzaunplane bestellen \u2013 Schnelle Lieferung & hochwertiges Material\",\"isPartOf\":{\"@id\":\"https:\\\/\\\/www.amstelprinting.nl\\\/de\\\/#website\"},\"primaryImageOfPage\":{\"@id\":\"https:\\\/\\\/www.amstelprinting.nl\\\/de\\\/gesch\u00e4ft\\\/ausenwerbung\\\/banner\\\/bauzaunplane\\\/#primaryimage\"},\"image\":{\"@id\":\"https:\\\/\\\/www.amstelprinting.nl\\\/de\\\/gesch\u00e4ft\\\/ausenwerbung\\\/banner\\\/bauzaunplane\\\/#primaryimage\"},\"thumbnailUrl\":\"https:\\\/\\\/www.amstelprinting.nl\\\/wp-content\\\/uploads\\\/bouwhekdoek-bedrukken-2.webp\",\"datePublished\":\"2025-01-24T11:26:58+00:00\",\"dateModified\":\"2026-02-18T11:53:34+00:00\",\"description\":\"Machen Sie Ihre Baustelle oder Ihr Event auff\u00e4llig mit unseren langlebigen Bauzaunplanen. W\u00e4hlen Sie aus sechs starken Materialien, inklusive Ma\u00dfarbeitsoptionen.\",\"breadcrumb\":{\"@id\":\"https:\\\/\\\/www.amstelprinting.nl\\\/de\\\/gesch\u00e4ft\\\/ausenwerbung\\\/banner\\\/bauzaunplane\\\/#breadcrumb\"},\"inLanguage\":\"de\",\"potentialAction\":[{\"@type\":\"ReadAction\",\"target\":[\"https:\\\/\\\/www.amstelprinting.nl\\\/de\\\/gesch\u00e4ft\\\/ausenwerbung\\\/banner\\\/bauzaunplane\\\/\"]}]},{\"@type\":\"ImageObject\",\"inLanguage\":\"de\",\"@id\":\"https:\\\/\\\/www.amstelprinting.nl\\\/de\\\/gesch\u00e4ft\\\/ausenwerbung\\\/banner\\\/bauzaunplane\\\/#primaryimage\",\"url\":\"https:\\\/\\\/www.amstelprinting.nl\\\/wp-content\\\/uploads\\\/bouwhekdoek-bedrukken-2.webp\",\"contentUrl\":\"https:\\\/\\\/www.amstelprinting.nl\\\/wp-content\\\/uploads\\\/bouwhekdoek-bedrukken-2.webp\",\"width\":900,\"height\":900},{\"@type\":\"BreadcrumbList\",\"@id\":\"https:\\\/\\\/www.amstelprinting.nl\\\/de\\\/gesch\u00e4ft\\\/ausenwerbung\\\/banner\\\/bauzaunplane\\\/#breadcrumb\",\"itemListElement\":[{\"@type\":\"ListItem\",\"position\":1,\"name\":\"\",\"item\":\"https:\\\/\\\/www.amstelprinting.nl\\\/de\\\/\"},{\"@type\":\"ListItem\",\"position\":2,\"name\":\"Amstel Printing\",\"item\":\"https:\\\/\\\/www.amstelprinting.nl\\\/de\\\/geschaeft\\\/\"},{\"@type\":\"ListItem\",\"position\":3,\"name\":\"Au\u00dfenwerbung\",\"item\":\"https:\\\/\\\/www.amstelprinting.nl\\\/de\\\/kategorie\\\/ausenwerbung\\\/\"},{\"@type\":\"ListItem\",\"position\":4,\"name\":\"Bau &amp; Eigentum\",\"item\":\"https:\\\/\\\/www.amstelprinting.nl\\\/de\\\/kategorie\\\/ausenwerbung\\\/bau-eigentum\\\/\"},{\"@type\":\"ListItem\",\"position\":5,\"name\":\"Bauzaunplane\"}]},{\"@type\":\"WebSite\",\"@id\":\"https:\\\/\\\/www.amstelprinting.nl\\\/de\\\/#website\",\"url\":\"https:\\\/\\\/www.amstelprinting.nl\\\/de\\\/\",\"name\":\"Amstel Printing\",\"description\":\"Creating Exposure\",\"publisher\":{\"@id\":\"https:\\\/\\\/www.amstelprinting.nl\\\/de\\\/#organization\"},\"potentialAction\":[{\"@type\":\"SearchAction\",\"target\":{\"@type\":\"EntryPoint\",\"urlTemplate\":\"https:\\\/\\\/www.amstelprinting.nl\\\/de\\\/?s={search_term_string}\"},\"query-input\":{\"@type\":\"PropertyValueSpecification\",\"valueRequired\":true,\"valueName\":\"search_term_string\"}}],\"inLanguage\":\"de\"},{\"@type\":\"Organization\",\"@id\":\"https:\\\/\\\/www.amstelprinting.nl\\\/de\\\/#organization\",\"name\":\"Amstel Printing\",\"url\":\"https:\\\/\\\/www.amstelprinting.nl\\\/de\\\/\",\"logo\":{\"@type\":\"ImageObject\",\"inLanguage\":\"de\",\"@id\":\"https:\\\/\\\/www.amstelprinting.nl\\\/de\\\/#\\\/schema\\\/logo\\\/image\\\/\",\"url\":\"https:\\\/\\\/www.amstelprinting.nl\\\/wp-content\\\/uploads\\\/amstel_printing_logo_clean.png\",\"contentUrl\":\"https:\\\/\\\/www.amstelprinting.nl\\\/wp-content\\\/uploads\\\/amstel_printing_logo_clean.png\",\"width\":324,\"height\":73,\"caption\":\"Amstel Printing\"},\"image\":{\"@id\":\"https:\\\/\\\/www.amstelprinting.nl\\\/de\\\/#\\\/schema\\\/logo\\\/image\\\/\"}}]}<\/script>\n<!-- \/ Yoast SEO plugin. -->","yoast_head_json":{"title":"Bauzaunplane bestellen \u2013 Schnelle Lieferung & hochwertiges Material","description":"Machen Sie Ihre Baustelle oder Ihr Event auff\u00e4llig mit unseren langlebigen Bauzaunplanen. W\u00e4hlen Sie aus sechs starken Materialien, inklusive Ma\u00dfarbeitsoptionen.","robots":{"index":"index","follow":"follow","max-snippet":"max-snippet:-1","max-image-preview":"max-image-preview:large","max-video-preview":"max-video-preview:-1"},"canonical":"https:\/\/www.amstelprinting.nl\/de\/gesch\u00e4ft\/ausenwerbung\/banner\/bauzaunplane\/","og_locale":"de_DE","og_type":"article","og_title":"Bauzaunplane bestellen \u2013 Schnelle Lieferung & hochwertiges Material","og_description":"Machen Sie Ihre Baustelle oder Ihr Event auff\u00e4llig mit unseren langlebigen Bauzaunplanen. W\u00e4hlen Sie aus sechs starken Materialien, inklusive Ma\u00dfarbeitsoptionen.","og_url":"https:\/\/www.amstelprinting.nl\/de\/gesch\u00e4ft\/ausenwerbung\/banner\/bauzaunplane\/","og_site_name":"Amstel Printing","article_modified_time":"2026-02-18T11:53:34+00:00","og_image":[{"width":900,"height":900,"url":"https:\/\/www.amstelprinting.nl\/wp-content\/uploads\/bouwhekdoek-bedrukken-2.webp","type":"image\/webp"}],"twitter_card":"summary_large_image","twitter_misc":{"Gesch\u00e4tzte Lesezeit":"2\u00a0Minuten"},"schema":{"@context":"https:\/\/schema.org","@graph":[{"@type":"WebPage","@id":"https:\/\/www.amstelprinting.nl\/de\/gesch\u00e4ft\/ausenwerbung\/banner\/bauzaunplane\/","url":"https:\/\/www.amstelprinting.nl\/de\/gesch\u00e4ft\/ausenwerbung\/banner\/bauzaunplane\/","name":"Bauzaunplane bestellen \u2013 Schnelle Lieferung & hochwertiges Material","isPartOf":{"@id":"https:\/\/www.amstelprinting.nl\/de\/#website"},"primaryImageOfPage":{"@id":"https:\/\/www.amstelprinting.nl\/de\/gesch\u00e4ft\/ausenwerbung\/banner\/bauzaunplane\/#primaryimage"},"image":{"@id":"https:\/\/www.amstelprinting.nl\/de\/gesch\u00e4ft\/ausenwerbung\/banner\/bauzaunplane\/#primaryimage"},"thumbnailUrl":"https:\/\/www.amstelprinting.nl\/wp-content\/uploads\/bouwhekdoek-bedrukken-2.webp","datePublished":"2025-01-24T11:26:58+00:00","dateModified":"2026-02-18T11:53:34+00:00","description":"Machen Sie Ihre Baustelle oder Ihr Event auff\u00e4llig mit unseren langlebigen Bauzaunplanen. W\u00e4hlen Sie aus sechs starken Materialien, inklusive Ma\u00dfarbeitsoptionen.","breadcrumb":{"@id":"https:\/\/www.amstelprinting.nl\/de\/gesch\u00e4ft\/ausenwerbung\/banner\/bauzaunplane\/#breadcrumb"},"inLanguage":"de","potentialAction":[{"@type":"ReadAction","target":["https:\/\/www.amstelprinting.nl\/de\/gesch\u00e4ft\/ausenwerbung\/banner\/bauzaunplane\/"]}]},{"@type":"ImageObject","inLanguage":"de","@id":"https:\/\/www.amstelprinting.nl\/de\/gesch\u00e4ft\/ausenwerbung\/banner\/bauzaunplane\/#primaryimage","url":"https:\/\/www.amstelprinting.nl\/wp-content\/uploads\/bouwhekdoek-bedrukken-2.webp","contentUrl":"https:\/\/www.amstelprinting.nl\/wp-content\/uploads\/bouwhekdoek-bedrukken-2.webp","width":900,"height":900},{"@type":"BreadcrumbList","@id":"https:\/\/www.amstelprinting.nl\/de\/gesch\u00e4ft\/ausenwerbung\/banner\/bauzaunplane\/#breadcrumb","itemListElement":[{"@type":"ListItem","position":1,"name":"","item":"https:\/\/www.amstelprinting.nl\/de\/"},{"@type":"ListItem","position":2,"name":"Amstel Printing","item":"https:\/\/www.amstelprinting.nl\/de\/geschaeft\/"},{"@type":"ListItem","position":3,"name":"Au\u00dfenwerbung","item":"https:\/\/www.amstelprinting.nl\/de\/kategorie\/ausenwerbung\/"},{"@type":"ListItem","position":4,"name":"Bau &amp; Eigentum","item":"https:\/\/www.amstelprinting.nl\/de\/kategorie\/ausenwerbung\/bau-eigentum\/"},{"@type":"ListItem","position":5,"name":"Bauzaunplane"}]},{"@type":"WebSite","@id":"https:\/\/www.amstelprinting.nl\/de\/#website","url":"https:\/\/www.amstelprinting.nl\/de\/","name":"Amstel Printing","description":"Creating Exposure","publisher":{"@id":"https:\/\/www.amstelprinting.nl\/de\/#organization"},"potentialAction":[{"@type":"SearchAction","target":{"@type":"EntryPoint","urlTemplate":"https:\/\/www.amstelprinting.nl\/de\/?s={search_term_string}"},"query-input":{"@type":"PropertyValueSpecification","valueRequired":true,"valueName":"search_term_string"}}],"inLanguage":"de"},{"@type":"Organization","@id":"https:\/\/www.amstelprinting.nl\/de\/#organization","name":"Amstel Printing","url":"https:\/\/www.amstelprinting.nl\/de\/","logo":{"@type":"ImageObject","inLanguage":"de","@id":"https:\/\/www.amstelprinting.nl\/de\/#\/schema\/logo\/image\/","url":"https:\/\/www.amstelprinting.nl\/wp-content\/uploads\/amstel_printing_logo_clean.png","contentUrl":"https:\/\/www.amstelprinting.nl\/wp-content\/uploads\/amstel_printing_logo_clean.png","width":324,"height":73,"caption":"Amstel Printing"},"image":{"@id":"https:\/\/www.amstelprinting.nl\/de\/#\/schema\/logo\/image\/"}}]}},"_links":{"self":[{"href":"https:\/\/www.amstelprinting.nl\/de\/wp-json\/wp\/v2\/product\/13629","targetHints":{"allow":["GET"]}}],"collection":[{"href":"https:\/\/www.amstelprinting.nl\/de\/wp-json\/wp\/v2\/product"}],"about":[{"href":"https:\/\/www.amstelprinting.nl\/de\/wp-json\/wp\/v2\/types\/product"}],"wp:featuredmedia":[{"embeddable":true,"href":"https:\/\/www.amstelprinting.nl\/de\/wp-json\/wp\/v2\/media\/25253"}],"wp:attachment":[{"href":"https:\/\/www.amstelprinting.nl\/de\/wp-json\/wp\/v2\/media?parent=13629"}],"wp:term":[{"taxonomy":"product_brand","embeddable":true,"href":"https:\/\/www.amstelprinting.nl\/de\/wp-json\/wp\/v2\/product_brand?post=13629"},{"taxonomy":"product_cat","embeddable":true,"href":"https:\/\/www.amstelprinting.nl\/de\/wp-json\/wp\/v2\/product_cat?post=13629"},{"taxonomy":"product_tag","embeddable":true,"href":"https:\/\/www.amstelprinting.nl\/de\/wp-json\/wp\/v2\/product_tag?post=13629"}],"curies":[{"name":"wp","href":"https:\/\/api.w.org\/{rel}","templated":true}]}}