{"id":13641,"date":"2025-01-24T11:35:41","date_gmt":"2025-01-24T10:35:41","guid":{"rendered":"https:\/\/www.amstelprinting.nl\/winkel\/unkategorisiert\/makelaarsbord\/"},"modified":"2026-02-18T12:53:35","modified_gmt":"2026-02-18T11:53:35","slug":"maklerschild","status":"publish","type":"product","link":"https:\/\/www.amstelprinting.nl\/de\/gesch\u00e4ft\/ausenwerbung\/werbetafeln\/maklerschild\/","title":{"rendered":"Maklerschild"},"content":{"rendered":"<h3>G\u00fcnstige Fensterschilder bestellen<\/h3>\n<p>Bei Amstel Printing bestellen Sie g\u00fcnstig und schnell bedruckte V-Schilder (auch Maklerschilder oder Fensterschilder genannt). W\u00e4hlen Sie aus einer der Standardabmessungen oder teilen Sie uns Ihre eigene Abmessung mit.<\/p>\n<h3>Fensterschild in eigener Form<\/h3>\n<p>Entscheiden Sie sich f\u00fcr die klassisch gerade V-Form? Oder m\u00f6chten Sie das Fensterschild in einer eigenen Form bedrucken lassen? W\u00e4hlen Sie in diesem Fall die Option Konturschnitt. Zus\u00e4tzlich finden Sie unter der Rubrik Downloads Standardvorlagen, in die Sie Ihr Design einf\u00fcgen k\u00f6nnen.<\/p>\n<ul>\n<li>Vorlage mit Dach<\/li>\n<li>Vorlage konturgeschnitten<\/li>\n<li>Vorlage konturgeschnitten mit Bohrl\u00f6chern<\/li>\n<li>Vorlage Haus gefaltetes Dach<\/li>\n<li>Vorlage Haus gefaltetes Dach Bohrl\u00f6cher<\/li>\n<li>Vorlage Fensterschild 100&#215;70<\/li>\n<li>Vorlage Fensterschild 140&#215;50<\/li>\n<li>Vorlage Fensterschild 140&#215;100<\/li>\n<\/ul>\n<p>&nbsp;<\/p>\n<h3>Befestigung<\/h3>\n<p>Maklerschilder sind Fensterschilder, die an der Au\u00dfenseite jedes Fenstertyps befestigt werden k\u00f6nnen. Sie k\u00f6nnen das Fensterschild auf drei verschiedene Arten befestigen. Bei der Bestellung des Maklerschildes im Konfigurator erhalten Sie die folgenden drei Optionen:<\/p>\n<p><strong>Einschneiden und Bohrl\u00f6cher<\/strong><br \/>\nWir versehen das bedruckte Maklerschild ausschlie\u00dflich mit Bohrl\u00f6chern. Die Saugn\u00e4pfe sind nicht im Lieferumfang enthalten.<\/p>\n<p><strong>Doppelseitiges Klebeband<\/strong><br \/>\nF\u00fcr den vor\u00fcbergehenden Gebrauch empfehlen wir die Option \u201edoppelseitiges Klebeband\u201c.<\/p>\n<p><strong>Einschneiden, Bohrl\u00f6cher und Saugn\u00e4pfe<\/strong><br \/>\nDie beste Wahl, wenn Sie das Maklerschild langfristig einsetzen m\u00f6chten. Dank der mitgelieferten (4 St\u00fcck) Saugn\u00e4pfe ist das Maklerschild einfach zu befestigen und zu entfernen.<\/p>\n<h3>Fensterschilder sind vielseitig einsetzbar<\/h3>\n<p>Makler: Zur Bewerbung von zum Verkauf oder zur Vermietung stehenden Immobilien. Unsere Fensterschilder garantieren maximale Aufmerksamkeit von potenziellen K\u00e4ufern oder Mietern.<br \/>\nUnternehmen: Perfekt f\u00fcr die Ank\u00fcndigung von Sonderangeboten, \u00d6ffnungszeiten oder Veranstaltungen.<br \/>\nPrivatpersonen: Nutzen Sie unsere Fensterschilder f\u00fcr Ank\u00fcndigungen wie eine Geburt, eine (Garten-)Party oder einen anderen pers\u00f6nlichen Anlass.<\/p>\n<h3>Umweltfreundliches und vollst\u00e4ndig recycelbares Material<\/h3>\n<p>Unsere Fensterschilder werden aus 3,5 mm Hohlkammerplatten hergestellt. Dieses Material ist wetterfest und vollst\u00e4ndig recycelbar. Dar\u00fcber hinaus sind unsere Fensterschilder flammhemmend (mit einem B1-Zertifikat versehen), dadurch sicher im Gebrauch und somit auch f\u00fcr \u00f6ffentliche Orte geeignet.<\/p>\n","protected":false},"excerpt":{"rendered":"<h3>Bedrucktes Fensterschild (Befestigung mit Saugnapf oder Klebeband)<\/h3>\n<p>Maklerschilder werden auch als V-Schilder oder Fensterschilder bezeichnet. Ein g\u00fcnstiges, aber sehr effektives Werbemittel. Lieferung inklusive Saugn\u00e4pfe oder Klebeband.<\/p>\n","protected":false},"featured_media":13643,"template":"","meta":{"_et_pb_use_builder":"","_et_pb_old_content":"","_et_gb_content_width":""},"product_brand":[],"product_cat":[929,928,925],"product_tag":[],"class_list":{"0":"post-13641","1":"product","2":"type-product","3":"status-publish","4":"has-post-thumbnail","6":"product_cat-ausenwerbung","7":"product_cat-bau-eigentum","8":"product_cat-werbetafeln","10":"first","11":"instock","12":"taxable","13":"shipping-taxable","14":"purchasable","15":"product-type-simple"},"yoast_head":"<!-- This site is optimized with the Yoast SEO plugin v27.3 - https:\/\/yoast.com\/product\/yoast-seo-wordpress\/ -->\n<title>Maklerschild | Amstel Printing<\/title>\n<meta name=\"robots\" content=\"index, follow, max-snippet:-1, max-image-preview:large, max-video-preview:-1\" \/>\n<link rel=\"canonical\" href=\"https:\/\/www.amstelprinting.nl\/de\/gesch\u00e4ft\/ausenwerbung\/werbetafeln\/maklerschild\/\" \/>\n<meta property=\"og:locale\" content=\"de_DE\" \/>\n<meta property=\"og:type\" content=\"article\" \/>\n<meta property=\"og:title\" content=\"Maklerschild | Amstel Printing\" \/>\n<meta property=\"og:description\" content=\"Bedrucktes Fensterschild (Befestigung mit Saugnapf oder Klebeband) Maklerschilder werden auch als V-Schilder oder Fensterschilder bezeichnet. Ein g\u00fcnstiges, aber sehr effektives Werbemittel. Lieferung inklusive Saugn\u00e4pfe oder Klebeband.\" \/>\n<meta property=\"og:url\" content=\"https:\/\/www.amstelprinting.nl\/de\/gesch\u00e4ft\/ausenwerbung\/werbetafeln\/maklerschild\/\" \/>\n<meta property=\"og:site_name\" content=\"Amstel Printing\" \/>\n<meta property=\"article:modified_time\" content=\"2026-02-18T11:53:35+00:00\" \/>\n<meta property=\"og:image\" content=\"https:\/\/www.amstelprinting.nl\/wp-content\/uploads\/makelaarsbord-bedrukken-1024x1024.png\" \/>\n\t<meta property=\"og:image:width\" content=\"1024\" \/>\n\t<meta property=\"og:image:height\" content=\"1024\" \/>\n\t<meta property=\"og:image:type\" content=\"image\/png\" \/>\n<meta name=\"twitter:card\" content=\"summary_large_image\" \/>\n<meta name=\"twitter:label1\" content=\"Gesch\u00e4tzte Lesezeit\" \/>\n\t<meta name=\"twitter:data1\" content=\"2\u00a0Minuten\" \/>\n<script type=\"application\/ld+json\" class=\"yoast-schema-graph\">{\"@context\":\"https:\\\/\\\/schema.org\",\"@graph\":[{\"@type\":\"WebPage\",\"@id\":\"https:\\\/\\\/www.amstelprinting.nl\\\/de\\\/gesch\u00e4ft\\\/ausenwerbung\\\/werbetafeln\\\/maklerschild\\\/\",\"url\":\"https:\\\/\\\/www.amstelprinting.nl\\\/de\\\/gesch\u00e4ft\\\/ausenwerbung\\\/werbetafeln\\\/maklerschild\\\/\",\"name\":\"Maklerschild | Amstel Printing\",\"isPartOf\":{\"@id\":\"https:\\\/\\\/www.amstelprinting.nl\\\/de\\\/#website\"},\"primaryImageOfPage\":{\"@id\":\"https:\\\/\\\/www.amstelprinting.nl\\\/de\\\/gesch\u00e4ft\\\/ausenwerbung\\\/werbetafeln\\\/maklerschild\\\/#primaryimage\"},\"image\":{\"@id\":\"https:\\\/\\\/www.amstelprinting.nl\\\/de\\\/gesch\u00e4ft\\\/ausenwerbung\\\/werbetafeln\\\/maklerschild\\\/#primaryimage\"},\"thumbnailUrl\":\"https:\\\/\\\/www.amstelprinting.nl\\\/wp-content\\\/uploads\\\/makelaarsbord-bedrukken.png\",\"datePublished\":\"2025-01-24T10:35:41+00:00\",\"dateModified\":\"2026-02-18T11:53:35+00:00\",\"breadcrumb\":{\"@id\":\"https:\\\/\\\/www.amstelprinting.nl\\\/de\\\/gesch\u00e4ft\\\/ausenwerbung\\\/werbetafeln\\\/maklerschild\\\/#breadcrumb\"},\"inLanguage\":\"de\",\"potentialAction\":[{\"@type\":\"ReadAction\",\"target\":[\"https:\\\/\\\/www.amstelprinting.nl\\\/de\\\/gesch\u00e4ft\\\/ausenwerbung\\\/werbetafeln\\\/maklerschild\\\/\"]}]},{\"@type\":\"ImageObject\",\"inLanguage\":\"de\",\"@id\":\"https:\\\/\\\/www.amstelprinting.nl\\\/de\\\/gesch\u00e4ft\\\/ausenwerbung\\\/werbetafeln\\\/maklerschild\\\/#primaryimage\",\"url\":\"https:\\\/\\\/www.amstelprinting.nl\\\/wp-content\\\/uploads\\\/makelaarsbord-bedrukken.png\",\"contentUrl\":\"https:\\\/\\\/www.amstelprinting.nl\\\/wp-content\\\/uploads\\\/makelaarsbord-bedrukken.png\",\"width\":4578,\"height\":4578},{\"@type\":\"BreadcrumbList\",\"@id\":\"https:\\\/\\\/www.amstelprinting.nl\\\/de\\\/gesch\u00e4ft\\\/ausenwerbung\\\/werbetafeln\\\/maklerschild\\\/#breadcrumb\",\"itemListElement\":[{\"@type\":\"ListItem\",\"position\":1,\"name\":\"\",\"item\":\"https:\\\/\\\/www.amstelprinting.nl\\\/de\\\/\"},{\"@type\":\"ListItem\",\"position\":2,\"name\":\"Amstel Printing\",\"item\":\"https:\\\/\\\/www.amstelprinting.nl\\\/de\\\/geschaeft\\\/\"},{\"@type\":\"ListItem\",\"position\":3,\"name\":\"Au\u00dfenwerbung\",\"item\":\"https:\\\/\\\/www.amstelprinting.nl\\\/de\\\/kategorie\\\/ausenwerbung\\\/\"},{\"@type\":\"ListItem\",\"position\":4,\"name\":\"Bau &amp; Eigentum\",\"item\":\"https:\\\/\\\/www.amstelprinting.nl\\\/de\\\/kategorie\\\/ausenwerbung\\\/bau-eigentum\\\/\"},{\"@type\":\"ListItem\",\"position\":5,\"name\":\"Maklerschild\"}]},{\"@type\":\"WebSite\",\"@id\":\"https:\\\/\\\/www.amstelprinting.nl\\\/de\\\/#website\",\"url\":\"https:\\\/\\\/www.amstelprinting.nl\\\/de\\\/\",\"name\":\"Amstel Printing\",\"description\":\"Creating Exposure\",\"publisher\":{\"@id\":\"https:\\\/\\\/www.amstelprinting.nl\\\/de\\\/#organization\"},\"potentialAction\":[{\"@type\":\"SearchAction\",\"target\":{\"@type\":\"EntryPoint\",\"urlTemplate\":\"https:\\\/\\\/www.amstelprinting.nl\\\/de\\\/?s={search_term_string}\"},\"query-input\":{\"@type\":\"PropertyValueSpecification\",\"valueRequired\":true,\"valueName\":\"search_term_string\"}}],\"inLanguage\":\"de\"},{\"@type\":\"Organization\",\"@id\":\"https:\\\/\\\/www.amstelprinting.nl\\\/de\\\/#organization\",\"name\":\"Amstel Printing\",\"url\":\"https:\\\/\\\/www.amstelprinting.nl\\\/de\\\/\",\"logo\":{\"@type\":\"ImageObject\",\"inLanguage\":\"de\",\"@id\":\"https:\\\/\\\/www.amstelprinting.nl\\\/de\\\/#\\\/schema\\\/logo\\\/image\\\/\",\"url\":\"https:\\\/\\\/www.amstelprinting.nl\\\/wp-content\\\/uploads\\\/amstel_printing_logo_clean.png\",\"contentUrl\":\"https:\\\/\\\/www.amstelprinting.nl\\\/wp-content\\\/uploads\\\/amstel_printing_logo_clean.png\",\"width\":324,\"height\":73,\"caption\":\"Amstel Printing\"},\"image\":{\"@id\":\"https:\\\/\\\/www.amstelprinting.nl\\\/de\\\/#\\\/schema\\\/logo\\\/image\\\/\"}}]}<\/script>\n<!-- \/ Yoast SEO plugin. -->","yoast_head_json":{"title":"Maklerschild | Amstel Printing","robots":{"index":"index","follow":"follow","max-snippet":"max-snippet:-1","max-image-preview":"max-image-preview:large","max-video-preview":"max-video-preview:-1"},"canonical":"https:\/\/www.amstelprinting.nl\/de\/gesch\u00e4ft\/ausenwerbung\/werbetafeln\/maklerschild\/","og_locale":"de_DE","og_type":"article","og_title":"Maklerschild | Amstel Printing","og_description":"Bedrucktes Fensterschild (Befestigung mit Saugnapf oder Klebeband) Maklerschilder werden auch als V-Schilder oder Fensterschilder bezeichnet. Ein g\u00fcnstiges, aber sehr effektives Werbemittel. Lieferung inklusive Saugn\u00e4pfe oder Klebeband.","og_url":"https:\/\/www.amstelprinting.nl\/de\/gesch\u00e4ft\/ausenwerbung\/werbetafeln\/maklerschild\/","og_site_name":"Amstel Printing","article_modified_time":"2026-02-18T11:53:35+00:00","og_image":[{"width":1024,"height":1024,"url":"https:\/\/www.amstelprinting.nl\/wp-content\/uploads\/makelaarsbord-bedrukken-1024x1024.png","type":"image\/png"}],"twitter_card":"summary_large_image","twitter_misc":{"Gesch\u00e4tzte Lesezeit":"2\u00a0Minuten"},"schema":{"@context":"https:\/\/schema.org","@graph":[{"@type":"WebPage","@id":"https:\/\/www.amstelprinting.nl\/de\/gesch\u00e4ft\/ausenwerbung\/werbetafeln\/maklerschild\/","url":"https:\/\/www.amstelprinting.nl\/de\/gesch\u00e4ft\/ausenwerbung\/werbetafeln\/maklerschild\/","name":"Maklerschild | Amstel Printing","isPartOf":{"@id":"https:\/\/www.amstelprinting.nl\/de\/#website"},"primaryImageOfPage":{"@id":"https:\/\/www.amstelprinting.nl\/de\/gesch\u00e4ft\/ausenwerbung\/werbetafeln\/maklerschild\/#primaryimage"},"image":{"@id":"https:\/\/www.amstelprinting.nl\/de\/gesch\u00e4ft\/ausenwerbung\/werbetafeln\/maklerschild\/#primaryimage"},"thumbnailUrl":"https:\/\/www.amstelprinting.nl\/wp-content\/uploads\/makelaarsbord-bedrukken.png","datePublished":"2025-01-24T10:35:41+00:00","dateModified":"2026-02-18T11:53:35+00:00","breadcrumb":{"@id":"https:\/\/www.amstelprinting.nl\/de\/gesch\u00e4ft\/ausenwerbung\/werbetafeln\/maklerschild\/#breadcrumb"},"inLanguage":"de","potentialAction":[{"@type":"ReadAction","target":["https:\/\/www.amstelprinting.nl\/de\/gesch\u00e4ft\/ausenwerbung\/werbetafeln\/maklerschild\/"]}]},{"@type":"ImageObject","inLanguage":"de","@id":"https:\/\/www.amstelprinting.nl\/de\/gesch\u00e4ft\/ausenwerbung\/werbetafeln\/maklerschild\/#primaryimage","url":"https:\/\/www.amstelprinting.nl\/wp-content\/uploads\/makelaarsbord-bedrukken.png","contentUrl":"https:\/\/www.amstelprinting.nl\/wp-content\/uploads\/makelaarsbord-bedrukken.png","width":4578,"height":4578},{"@type":"BreadcrumbList","@id":"https:\/\/www.amstelprinting.nl\/de\/gesch\u00e4ft\/ausenwerbung\/werbetafeln\/maklerschild\/#breadcrumb","itemListElement":[{"@type":"ListItem","position":1,"name":"","item":"https:\/\/www.amstelprinting.nl\/de\/"},{"@type":"ListItem","position":2,"name":"Amstel Printing","item":"https:\/\/www.amstelprinting.nl\/de\/geschaeft\/"},{"@type":"ListItem","position":3,"name":"Au\u00dfenwerbung","item":"https:\/\/www.amstelprinting.nl\/de\/kategorie\/ausenwerbung\/"},{"@type":"ListItem","position":4,"name":"Bau &amp; Eigentum","item":"https:\/\/www.amstelprinting.nl\/de\/kategorie\/ausenwerbung\/bau-eigentum\/"},{"@type":"ListItem","position":5,"name":"Maklerschild"}]},{"@type":"WebSite","@id":"https:\/\/www.amstelprinting.nl\/de\/#website","url":"https:\/\/www.amstelprinting.nl\/de\/","name":"Amstel Printing","description":"Creating Exposure","publisher":{"@id":"https:\/\/www.amstelprinting.nl\/de\/#organization"},"potentialAction":[{"@type":"SearchAction","target":{"@type":"EntryPoint","urlTemplate":"https:\/\/www.amstelprinting.nl\/de\/?s={search_term_string}"},"query-input":{"@type":"PropertyValueSpecification","valueRequired":true,"valueName":"search_term_string"}}],"inLanguage":"de"},{"@type":"Organization","@id":"https:\/\/www.amstelprinting.nl\/de\/#organization","name":"Amstel Printing","url":"https:\/\/www.amstelprinting.nl\/de\/","logo":{"@type":"ImageObject","inLanguage":"de","@id":"https:\/\/www.amstelprinting.nl\/de\/#\/schema\/logo\/image\/","url":"https:\/\/www.amstelprinting.nl\/wp-content\/uploads\/amstel_printing_logo_clean.png","contentUrl":"https:\/\/www.amstelprinting.nl\/wp-content\/uploads\/amstel_printing_logo_clean.png","width":324,"height":73,"caption":"Amstel Printing"},"image":{"@id":"https:\/\/www.amstelprinting.nl\/de\/#\/schema\/logo\/image\/"}}]}},"_links":{"self":[{"href":"https:\/\/www.amstelprinting.nl\/de\/wp-json\/wp\/v2\/product\/13641","targetHints":{"allow":["GET"]}}],"collection":[{"href":"https:\/\/www.amstelprinting.nl\/de\/wp-json\/wp\/v2\/product"}],"about":[{"href":"https:\/\/www.amstelprinting.nl\/de\/wp-json\/wp\/v2\/types\/product"}],"wp:featuredmedia":[{"embeddable":true,"href":"https:\/\/www.amstelprinting.nl\/de\/wp-json\/wp\/v2\/media\/13643"}],"wp:attachment":[{"href":"https:\/\/www.amstelprinting.nl\/de\/wp-json\/wp\/v2\/media?parent=13641"}],"wp:term":[{"taxonomy":"product_brand","embeddable":true,"href":"https:\/\/www.amstelprinting.nl\/de\/wp-json\/wp\/v2\/product_brand?post=13641"},{"taxonomy":"product_cat","embeddable":true,"href":"https:\/\/www.amstelprinting.nl\/de\/wp-json\/wp\/v2\/product_cat?post=13641"},{"taxonomy":"product_tag","embeddable":true,"href":"https:\/\/www.amstelprinting.nl\/de\/wp-json\/wp\/v2\/product_tag?post=13641"}],"curies":[{"name":"wp","href":"https:\/\/api.w.org\/{rel}","templated":true}]}}