{"id":13664,"date":"2025-01-24T11:35:28","date_gmt":"2025-01-24T10:35:28","guid":{"rendered":"https:\/\/www.amstelprinting.nl\/winkel\/unkategorisiert\/stoepborden\/"},"modified":"2026-02-18T12:53:36","modified_gmt":"2026-02-18T11:53:36","slug":"kundenstopper","status":"publish","type":"product","link":"https:\/\/www.amstelprinting.nl\/de\/gesch\u00e4ft\/ausenwerbung\/gehwegschilder\/kundenstopper\/","title":{"rendered":"Kundenstopper"},"content":{"rendered":"<h3>Kundenstopper f\u00fcr A0 oder A1 Poster<\/h3>\n<p>Der Kundenstopper ist aus dem st\u00e4dtischen Stra\u00dfenbild nicht mehr wegzudenken. Und daf\u00fcr gibt es einen Grund; Kundenstopper sind dank der relativ gro\u00dfen Werbefl\u00e4che (A0 oder A1 Format Poster) \u00e4u\u00dferst effektiv. Dank der Klapprahmen sind Kundenstopper langlebig im Gebrauch. Bei einer neuen Aktion oder Anzeige k\u00f6nnen Sie einfach und kosteng\u00fcnstig die Poster Ihres Kundenstoppers wechseln.<\/p>\n<p>Wir liefern Kundenstopper f\u00fcr jedes Budget. Nachfolgend die Unterschiede pro Typ Kundenstopper.<\/p>\n<h3>Klappaufsteller<\/h3>\n<ul>\n<li>Budgetfreundliche Variante<\/li>\n<li>Spritzwassergesch\u00fctzt<\/li>\n<li>Nur A1-Format<\/li>\n<li>Zweiseitiger Klapprahmen (f\u00fcr 2x A1 Poster)<\/li>\n<\/ul>\n<p>&nbsp;<\/p>\n<h3>Kundenstopper mit Wassertank<\/h3>\n<ul>\n<li>Bef\u00fcllbarer Standfu\u00df f\u00fcr zus\u00e4tzliche Stabilit\u00e4t<\/li>\n<li>100% wasserdicht<\/li>\n<li>A0 oder A1 Format<\/li>\n<li>Zweiseitiger Klapprahmen (f\u00fcr 2x A1 oder A0 Poster)<\/li>\n<\/ul>\n<p>&nbsp;<\/p>\n<h3>Kundenstopper mit Schwingfu\u00df<\/h3>\n<ul>\n<li>Spritzwassergesch\u00fctzt<\/li>\n<li>A0 of A1 Format<\/li>\n<li>Zweiseitiger Klapprahmen (f\u00fcr 2x A1 of A0 Poster)<\/li>\n<\/ul>\n","protected":false},"excerpt":{"rendered":"<p>Unsere Kundenstopper sind spritzwassergesch\u00fctzte Displays, geeignet f\u00fcr A0 oder A1 Poster.<\/p>\n","protected":false},"featured_media":13665,"template":"","meta":{"_et_pb_use_builder":"","_et_pb_old_content":"","_et_gb_content_width":""},"product_brand":[],"product_cat":[929,922,925],"product_tag":[],"class_list":{"0":"post-13664","1":"product","2":"type-product","3":"status-publish","4":"has-post-thumbnail","6":"product_cat-ausenwerbung","7":"product_cat-gehwegschilder","8":"product_cat-werbetafeln","10":"first","11":"instock","12":"taxable","13":"shipping-taxable","14":"purchasable","15":"product-type-simple"},"yoast_head":"<!-- This site is optimized with the Yoast SEO plugin v27.3 - https:\/\/yoast.com\/product\/yoast-seo-wordpress\/ -->\n<title>Kundenstopper | Amstel Printing<\/title>\n<meta name=\"robots\" content=\"index, follow, max-snippet:-1, max-image-preview:large, max-video-preview:-1\" \/>\n<link rel=\"canonical\" href=\"https:\/\/www.amstelprinting.nl\/de\/gesch\u00e4ft\/ausenwerbung\/gehwegschilder\/kundenstopper\/\" \/>\n<meta property=\"og:locale\" content=\"de_DE\" \/>\n<meta property=\"og:type\" content=\"article\" \/>\n<meta property=\"og:title\" content=\"Kundenstopper | Amstel Printing\" \/>\n<meta property=\"og:description\" content=\"Unsere Kundenstopper sind spritzwassergesch\u00fctzte Displays, geeignet f\u00fcr A0 oder A1 Poster.\" \/>\n<meta property=\"og:url\" content=\"https:\/\/www.amstelprinting.nl\/de\/gesch\u00e4ft\/ausenwerbung\/gehwegschilder\/kundenstopper\/\" \/>\n<meta property=\"og:site_name\" content=\"Amstel Printing\" \/>\n<meta property=\"article:modified_time\" content=\"2026-02-18T11:53:36+00:00\" \/>\n<meta property=\"og:image\" content=\"https:\/\/www.amstelprinting.nl\/wp-content\/uploads\/stoepborden-algemeen.png\" \/>\n\t<meta property=\"og:image:width\" content=\"700\" \/>\n\t<meta property=\"og:image:height\" content=\"700\" \/>\n\t<meta property=\"og:image:type\" content=\"image\/png\" \/>\n<meta name=\"twitter:card\" content=\"summary_large_image\" \/>\n<meta name=\"twitter:label1\" content=\"Gesch\u00e4tzte Lesezeit\" \/>\n\t<meta name=\"twitter:data1\" content=\"1\u00a0Minute\" \/>\n<script type=\"application\/ld+json\" class=\"yoast-schema-graph\">{\"@context\":\"https:\\\/\\\/schema.org\",\"@graph\":[{\"@type\":\"WebPage\",\"@id\":\"https:\\\/\\\/www.amstelprinting.nl\\\/de\\\/gesch\u00e4ft\\\/ausenwerbung\\\/gehwegschilder\\\/kundenstopper\\\/\",\"url\":\"https:\\\/\\\/www.amstelprinting.nl\\\/de\\\/gesch\u00e4ft\\\/ausenwerbung\\\/gehwegschilder\\\/kundenstopper\\\/\",\"name\":\"Kundenstopper | Amstel Printing\",\"isPartOf\":{\"@id\":\"https:\\\/\\\/www.amstelprinting.nl\\\/de\\\/#website\"},\"primaryImageOfPage\":{\"@id\":\"https:\\\/\\\/www.amstelprinting.nl\\\/de\\\/gesch\u00e4ft\\\/ausenwerbung\\\/gehwegschilder\\\/kundenstopper\\\/#primaryimage\"},\"image\":{\"@id\":\"https:\\\/\\\/www.amstelprinting.nl\\\/de\\\/gesch\u00e4ft\\\/ausenwerbung\\\/gehwegschilder\\\/kundenstopper\\\/#primaryimage\"},\"thumbnailUrl\":\"https:\\\/\\\/www.amstelprinting.nl\\\/wp-content\\\/uploads\\\/stoepborden-algemeen.png\",\"datePublished\":\"2025-01-24T10:35:28+00:00\",\"dateModified\":\"2026-02-18T11:53:36+00:00\",\"breadcrumb\":{\"@id\":\"https:\\\/\\\/www.amstelprinting.nl\\\/de\\\/gesch\u00e4ft\\\/ausenwerbung\\\/gehwegschilder\\\/kundenstopper\\\/#breadcrumb\"},\"inLanguage\":\"de\",\"potentialAction\":[{\"@type\":\"ReadAction\",\"target\":[\"https:\\\/\\\/www.amstelprinting.nl\\\/de\\\/gesch\u00e4ft\\\/ausenwerbung\\\/gehwegschilder\\\/kundenstopper\\\/\"]}]},{\"@type\":\"ImageObject\",\"inLanguage\":\"de\",\"@id\":\"https:\\\/\\\/www.amstelprinting.nl\\\/de\\\/gesch\u00e4ft\\\/ausenwerbung\\\/gehwegschilder\\\/kundenstopper\\\/#primaryimage\",\"url\":\"https:\\\/\\\/www.amstelprinting.nl\\\/wp-content\\\/uploads\\\/stoepborden-algemeen.png\",\"contentUrl\":\"https:\\\/\\\/www.amstelprinting.nl\\\/wp-content\\\/uploads\\\/stoepborden-algemeen.png\",\"width\":700,\"height\":700},{\"@type\":\"BreadcrumbList\",\"@id\":\"https:\\\/\\\/www.amstelprinting.nl\\\/de\\\/gesch\u00e4ft\\\/ausenwerbung\\\/gehwegschilder\\\/kundenstopper\\\/#breadcrumb\",\"itemListElement\":[{\"@type\":\"ListItem\",\"position\":1,\"name\":\"\",\"item\":\"https:\\\/\\\/www.amstelprinting.nl\\\/de\\\/\"},{\"@type\":\"ListItem\",\"position\":2,\"name\":\"Amstel Printing\",\"item\":\"https:\\\/\\\/www.amstelprinting.nl\\\/de\\\/geschaeft\\\/\"},{\"@type\":\"ListItem\",\"position\":3,\"name\":\"Au\u00dfenwerbung\",\"item\":\"https:\\\/\\\/www.amstelprinting.nl\\\/de\\\/kategorie\\\/ausenwerbung\\\/\"},{\"@type\":\"ListItem\",\"position\":4,\"name\":\"Werbetafeln\",\"item\":\"https:\\\/\\\/www.amstelprinting.nl\\\/de\\\/kategorie\\\/ausenwerbung\\\/werbetafeln\\\/\"},{\"@type\":\"ListItem\",\"position\":5,\"name\":\"Kundenstopper\"}]},{\"@type\":\"WebSite\",\"@id\":\"https:\\\/\\\/www.amstelprinting.nl\\\/de\\\/#website\",\"url\":\"https:\\\/\\\/www.amstelprinting.nl\\\/de\\\/\",\"name\":\"Amstel Printing\",\"description\":\"Creating Exposure\",\"publisher\":{\"@id\":\"https:\\\/\\\/www.amstelprinting.nl\\\/de\\\/#organization\"},\"potentialAction\":[{\"@type\":\"SearchAction\",\"target\":{\"@type\":\"EntryPoint\",\"urlTemplate\":\"https:\\\/\\\/www.amstelprinting.nl\\\/de\\\/?s={search_term_string}\"},\"query-input\":{\"@type\":\"PropertyValueSpecification\",\"valueRequired\":true,\"valueName\":\"search_term_string\"}}],\"inLanguage\":\"de\"},{\"@type\":\"Organization\",\"@id\":\"https:\\\/\\\/www.amstelprinting.nl\\\/de\\\/#organization\",\"name\":\"Amstel Printing\",\"url\":\"https:\\\/\\\/www.amstelprinting.nl\\\/de\\\/\",\"logo\":{\"@type\":\"ImageObject\",\"inLanguage\":\"de\",\"@id\":\"https:\\\/\\\/www.amstelprinting.nl\\\/de\\\/#\\\/schema\\\/logo\\\/image\\\/\",\"url\":\"https:\\\/\\\/www.amstelprinting.nl\\\/wp-content\\\/uploads\\\/amstel_printing_logo_clean.png\",\"contentUrl\":\"https:\\\/\\\/www.amstelprinting.nl\\\/wp-content\\\/uploads\\\/amstel_printing_logo_clean.png\",\"width\":324,\"height\":73,\"caption\":\"Amstel Printing\"},\"image\":{\"@id\":\"https:\\\/\\\/www.amstelprinting.nl\\\/de\\\/#\\\/schema\\\/logo\\\/image\\\/\"}}]}<\/script>\n<!-- \/ Yoast SEO plugin. -->","yoast_head_json":{"title":"Kundenstopper | Amstel Printing","robots":{"index":"index","follow":"follow","max-snippet":"max-snippet:-1","max-image-preview":"max-image-preview:large","max-video-preview":"max-video-preview:-1"},"canonical":"https:\/\/www.amstelprinting.nl\/de\/gesch\u00e4ft\/ausenwerbung\/gehwegschilder\/kundenstopper\/","og_locale":"de_DE","og_type":"article","og_title":"Kundenstopper | Amstel Printing","og_description":"Unsere Kundenstopper sind spritzwassergesch\u00fctzte Displays, geeignet f\u00fcr A0 oder A1 Poster.","og_url":"https:\/\/www.amstelprinting.nl\/de\/gesch\u00e4ft\/ausenwerbung\/gehwegschilder\/kundenstopper\/","og_site_name":"Amstel Printing","article_modified_time":"2026-02-18T11:53:36+00:00","og_image":[{"width":700,"height":700,"url":"https:\/\/www.amstelprinting.nl\/wp-content\/uploads\/stoepborden-algemeen.png","type":"image\/png"}],"twitter_card":"summary_large_image","twitter_misc":{"Gesch\u00e4tzte Lesezeit":"1\u00a0Minute"},"schema":{"@context":"https:\/\/schema.org","@graph":[{"@type":"WebPage","@id":"https:\/\/www.amstelprinting.nl\/de\/gesch\u00e4ft\/ausenwerbung\/gehwegschilder\/kundenstopper\/","url":"https:\/\/www.amstelprinting.nl\/de\/gesch\u00e4ft\/ausenwerbung\/gehwegschilder\/kundenstopper\/","name":"Kundenstopper | Amstel Printing","isPartOf":{"@id":"https:\/\/www.amstelprinting.nl\/de\/#website"},"primaryImageOfPage":{"@id":"https:\/\/www.amstelprinting.nl\/de\/gesch\u00e4ft\/ausenwerbung\/gehwegschilder\/kundenstopper\/#primaryimage"},"image":{"@id":"https:\/\/www.amstelprinting.nl\/de\/gesch\u00e4ft\/ausenwerbung\/gehwegschilder\/kundenstopper\/#primaryimage"},"thumbnailUrl":"https:\/\/www.amstelprinting.nl\/wp-content\/uploads\/stoepborden-algemeen.png","datePublished":"2025-01-24T10:35:28+00:00","dateModified":"2026-02-18T11:53:36+00:00","breadcrumb":{"@id":"https:\/\/www.amstelprinting.nl\/de\/gesch\u00e4ft\/ausenwerbung\/gehwegschilder\/kundenstopper\/#breadcrumb"},"inLanguage":"de","potentialAction":[{"@type":"ReadAction","target":["https:\/\/www.amstelprinting.nl\/de\/gesch\u00e4ft\/ausenwerbung\/gehwegschilder\/kundenstopper\/"]}]},{"@type":"ImageObject","inLanguage":"de","@id":"https:\/\/www.amstelprinting.nl\/de\/gesch\u00e4ft\/ausenwerbung\/gehwegschilder\/kundenstopper\/#primaryimage","url":"https:\/\/www.amstelprinting.nl\/wp-content\/uploads\/stoepborden-algemeen.png","contentUrl":"https:\/\/www.amstelprinting.nl\/wp-content\/uploads\/stoepborden-algemeen.png","width":700,"height":700},{"@type":"BreadcrumbList","@id":"https:\/\/www.amstelprinting.nl\/de\/gesch\u00e4ft\/ausenwerbung\/gehwegschilder\/kundenstopper\/#breadcrumb","itemListElement":[{"@type":"ListItem","position":1,"name":"","item":"https:\/\/www.amstelprinting.nl\/de\/"},{"@type":"ListItem","position":2,"name":"Amstel Printing","item":"https:\/\/www.amstelprinting.nl\/de\/geschaeft\/"},{"@type":"ListItem","position":3,"name":"Au\u00dfenwerbung","item":"https:\/\/www.amstelprinting.nl\/de\/kategorie\/ausenwerbung\/"},{"@type":"ListItem","position":4,"name":"Werbetafeln","item":"https:\/\/www.amstelprinting.nl\/de\/kategorie\/ausenwerbung\/werbetafeln\/"},{"@type":"ListItem","position":5,"name":"Kundenstopper"}]},{"@type":"WebSite","@id":"https:\/\/www.amstelprinting.nl\/de\/#website","url":"https:\/\/www.amstelprinting.nl\/de\/","name":"Amstel Printing","description":"Creating Exposure","publisher":{"@id":"https:\/\/www.amstelprinting.nl\/de\/#organization"},"potentialAction":[{"@type":"SearchAction","target":{"@type":"EntryPoint","urlTemplate":"https:\/\/www.amstelprinting.nl\/de\/?s={search_term_string}"},"query-input":{"@type":"PropertyValueSpecification","valueRequired":true,"valueName":"search_term_string"}}],"inLanguage":"de"},{"@type":"Organization","@id":"https:\/\/www.amstelprinting.nl\/de\/#organization","name":"Amstel Printing","url":"https:\/\/www.amstelprinting.nl\/de\/","logo":{"@type":"ImageObject","inLanguage":"de","@id":"https:\/\/www.amstelprinting.nl\/de\/#\/schema\/logo\/image\/","url":"https:\/\/www.amstelprinting.nl\/wp-content\/uploads\/amstel_printing_logo_clean.png","contentUrl":"https:\/\/www.amstelprinting.nl\/wp-content\/uploads\/amstel_printing_logo_clean.png","width":324,"height":73,"caption":"Amstel Printing"},"image":{"@id":"https:\/\/www.amstelprinting.nl\/de\/#\/schema\/logo\/image\/"}}]}},"_links":{"self":[{"href":"https:\/\/www.amstelprinting.nl\/de\/wp-json\/wp\/v2\/product\/13664","targetHints":{"allow":["GET"]}}],"collection":[{"href":"https:\/\/www.amstelprinting.nl\/de\/wp-json\/wp\/v2\/product"}],"about":[{"href":"https:\/\/www.amstelprinting.nl\/de\/wp-json\/wp\/v2\/types\/product"}],"wp:featuredmedia":[{"embeddable":true,"href":"https:\/\/www.amstelprinting.nl\/de\/wp-json\/wp\/v2\/media\/13665"}],"wp:attachment":[{"href":"https:\/\/www.amstelprinting.nl\/de\/wp-json\/wp\/v2\/media?parent=13664"}],"wp:term":[{"taxonomy":"product_brand","embeddable":true,"href":"https:\/\/www.amstelprinting.nl\/de\/wp-json\/wp\/v2\/product_brand?post=13664"},{"taxonomy":"product_cat","embeddable":true,"href":"https:\/\/www.amstelprinting.nl\/de\/wp-json\/wp\/v2\/product_cat?post=13664"},{"taxonomy":"product_tag","embeddable":true,"href":"https:\/\/www.amstelprinting.nl\/de\/wp-json\/wp\/v2\/product_tag?post=13664"}],"curies":[{"name":"wp","href":"https:\/\/api.w.org\/{rel}","templated":true}]}}