{"id":13694,"date":"2025-01-24T11:35:04","date_gmt":"2025-01-24T10:35:04","guid":{"rendered":"https:\/\/www.amstelprinting.nl\/winkel\/unkategorisiert\/bouwbord\/"},"modified":"2026-02-18T12:53:37","modified_gmt":"2026-02-18T11:53:37","slug":"bauschild","status":"publish","type":"product","link":"https:\/\/www.amstelprinting.nl\/de\/gesch\u00e4ft\/ausenwerbung\/werbetafeln\/bauschild\/","title":{"rendered":"Bauschild"},"content":{"rendered":"<p>Bedruckte Bauschilder sind bei renommierten Bauprojekten unverzichtbar. Informieren oder bewerben Sie Ihr Bauprojekt oder Ihre Renovierungspl\u00e4ne mit einem klaren und robusten Bauschild von hoher Qualit\u00e4t.<\/p>\n<h3>Bauschild: W\u00e4hlen Sie das richtige Material<\/h3>\n<p>Unsere Bauschilder werden aus Forex\u00ae, Dibond\u00ae, Stegplatten oder HPL-Platten gefertigt. Jedes Material hat unterschiedliche Produkteigenschaften. Im Folgenden finden Sie eine zusammenfassende \u00dcbersicht, damit Sie ganz einfach das richtige Bauschild bestellen k\u00f6nnen.<\/p>\n<ul>\n<li><strong>Forex\u00ae<\/strong> &#8211; Leichte Platte aus gesch\u00e4umtem PVC, ideal f\u00fcr den Innenbereich.<\/li>\n<li><strong>Dibond\u00ae<\/strong> &#8211; Platte mit Aluminiumkern und wei\u00dfer Deckschicht. Formstabil, f\u00fcr den Innen- und Au\u00dfenbereich.<\/li>\n<li><strong>Dibond\u00ae XL<\/strong> &#8211; Dibond 3 mm f\u00fcr extra gro\u00dfe Platten aus einem St\u00fcck (max. 196 x 400 cm).<\/li>\n<li><strong>Stegplatte<\/strong> &#8211; Kunststoff-Stegplatte f\u00fcr den Innen- und Au\u00dfenbereich. Auch zum Falten geeignet.<\/li>\n<\/ul>\n<p>&nbsp;<\/p>\n<h3>Nachhaltige Materialien<\/h3>\n<ul>\n<li><strong>Sign Again\u00ae <\/strong>&#8211; Kreislauff\u00e4higes Material, hergestellt aus gebrauchten Bannern und Schnittabf\u00e4llen. Geeignet f\u00fcr den Innen- und Au\u00dfenbereich, schlagfest und biegbar.<\/li>\n<li><strong>Easyprint<\/strong> &#8211; Leichtes und robustes Plattenmaterial aus Polypropylen<\/li>\n<li><strong>HPL<\/strong> &#8211; Sehr starke HPL-Platte mit braunem Kern und wei\u00dfer Deckschicht. F\u00fcr den Innen- und Au\u00dfenbereich.<\/li>\n<\/ul>\n","protected":false},"excerpt":{"rendered":"<h3>Gro\u00dfformat-Werbeschild f\u00fcr den Au\u00dfenbereich<\/h3>\n<p>Suchen Sie als Bauunternehmer, Makler oder Projektentwickler ein Bauschild?<br \/>\nInformieren Sie die Umgebung \u00fcber Ihr Bauprojekt mit einem bedruckten Bauschild. Stellen Sie unten in wenigen Schritten Ihr bedrucktes Bauschild zusammen.<\/p>\n","protected":false},"featured_media":25248,"template":"","meta":{"_et_pb_use_builder":"","_et_pb_old_content":"","_et_gb_content_width":""},"product_brand":[],"product_cat":[929,928,925],"product_tag":[],"class_list":{"0":"post-13694","1":"product","2":"type-product","3":"status-publish","4":"has-post-thumbnail","6":"product_cat-ausenwerbung","7":"product_cat-bau-eigentum","8":"product_cat-werbetafeln","10":"first","11":"instock","12":"featured","13":"taxable","14":"shipping-taxable","15":"purchasable","16":"product-type-simple"},"yoast_head":"<!-- This site is optimized with the Yoast SEO plugin v27.3 - https:\/\/yoast.com\/product\/yoast-seo-wordpress\/ -->\n<title>Bauschild | Amstel Printing<\/title>\n<meta name=\"robots\" content=\"index, follow, max-snippet:-1, max-image-preview:large, max-video-preview:-1\" \/>\n<link rel=\"canonical\" href=\"https:\/\/www.amstelprinting.nl\/de\/gesch\u00e4ft\/ausenwerbung\/werbetafeln\/bauschild\/\" \/>\n<meta property=\"og:locale\" content=\"de_DE\" \/>\n<meta property=\"og:type\" content=\"article\" \/>\n<meta property=\"og:title\" content=\"Bauschild | Amstel Printing\" \/>\n<meta property=\"og:description\" content=\"Gro\u00dfformat-Werbeschild f\u00fcr den Au\u00dfenbereich Suchen Sie als Bauunternehmer, Makler oder Projektentwickler ein Bauschild? Informieren Sie die Umgebung \u00fcber Ihr Bauprojekt mit einem bedruckten Bauschild. Stellen Sie unten in wenigen Schritten Ihr bedrucktes Bauschild zusammen.\" \/>\n<meta property=\"og:url\" content=\"https:\/\/www.amstelprinting.nl\/de\/gesch\u00e4ft\/ausenwerbung\/werbetafeln\/bauschild\/\" \/>\n<meta property=\"og:site_name\" content=\"Amstel Printing\" \/>\n<meta property=\"article:modified_time\" content=\"2026-02-18T11:53:37+00:00\" \/>\n<meta property=\"og:image\" content=\"https:\/\/www.amstelprinting.nl\/wp-content\/uploads\/bouwbord-bedrukken.webp\" \/>\n\t<meta property=\"og:image:width\" content=\"900\" \/>\n\t<meta property=\"og:image:height\" content=\"900\" \/>\n\t<meta property=\"og:image:type\" content=\"image\/webp\" \/>\n<meta name=\"twitter:card\" content=\"summary_large_image\" \/>\n<meta name=\"twitter:label1\" content=\"Gesch\u00e4tzte Lesezeit\" \/>\n\t<meta name=\"twitter:data1\" content=\"1\u00a0Minute\" \/>\n<script type=\"application\/ld+json\" class=\"yoast-schema-graph\">{\"@context\":\"https:\\\/\\\/schema.org\",\"@graph\":[{\"@type\":\"WebPage\",\"@id\":\"https:\\\/\\\/www.amstelprinting.nl\\\/de\\\/gesch\u00e4ft\\\/ausenwerbung\\\/werbetafeln\\\/bauschild\\\/\",\"url\":\"https:\\\/\\\/www.amstelprinting.nl\\\/de\\\/gesch\u00e4ft\\\/ausenwerbung\\\/werbetafeln\\\/bauschild\\\/\",\"name\":\"Bauschild | Amstel Printing\",\"isPartOf\":{\"@id\":\"https:\\\/\\\/www.amstelprinting.nl\\\/de\\\/#website\"},\"primaryImageOfPage\":{\"@id\":\"https:\\\/\\\/www.amstelprinting.nl\\\/de\\\/gesch\u00e4ft\\\/ausenwerbung\\\/werbetafeln\\\/bauschild\\\/#primaryimage\"},\"image\":{\"@id\":\"https:\\\/\\\/www.amstelprinting.nl\\\/de\\\/gesch\u00e4ft\\\/ausenwerbung\\\/werbetafeln\\\/bauschild\\\/#primaryimage\"},\"thumbnailUrl\":\"https:\\\/\\\/www.amstelprinting.nl\\\/wp-content\\\/uploads\\\/bouwbord-bedrukken.webp\",\"datePublished\":\"2025-01-24T10:35:04+00:00\",\"dateModified\":\"2026-02-18T11:53:37+00:00\",\"breadcrumb\":{\"@id\":\"https:\\\/\\\/www.amstelprinting.nl\\\/de\\\/gesch\u00e4ft\\\/ausenwerbung\\\/werbetafeln\\\/bauschild\\\/#breadcrumb\"},\"inLanguage\":\"de\",\"potentialAction\":[{\"@type\":\"ReadAction\",\"target\":[\"https:\\\/\\\/www.amstelprinting.nl\\\/de\\\/gesch\u00e4ft\\\/ausenwerbung\\\/werbetafeln\\\/bauschild\\\/\"]}]},{\"@type\":\"ImageObject\",\"inLanguage\":\"de\",\"@id\":\"https:\\\/\\\/www.amstelprinting.nl\\\/de\\\/gesch\u00e4ft\\\/ausenwerbung\\\/werbetafeln\\\/bauschild\\\/#primaryimage\",\"url\":\"https:\\\/\\\/www.amstelprinting.nl\\\/wp-content\\\/uploads\\\/bouwbord-bedrukken.webp\",\"contentUrl\":\"https:\\\/\\\/www.amstelprinting.nl\\\/wp-content\\\/uploads\\\/bouwbord-bedrukken.webp\",\"width\":900,\"height\":900},{\"@type\":\"BreadcrumbList\",\"@id\":\"https:\\\/\\\/www.amstelprinting.nl\\\/de\\\/gesch\u00e4ft\\\/ausenwerbung\\\/werbetafeln\\\/bauschild\\\/#breadcrumb\",\"itemListElement\":[{\"@type\":\"ListItem\",\"position\":1,\"name\":\"\",\"item\":\"https:\\\/\\\/www.amstelprinting.nl\\\/de\\\/\"},{\"@type\":\"ListItem\",\"position\":2,\"name\":\"Amstel Printing\",\"item\":\"https:\\\/\\\/www.amstelprinting.nl\\\/de\\\/geschaeft\\\/\"},{\"@type\":\"ListItem\",\"position\":3,\"name\":\"Au\u00dfenwerbung\",\"item\":\"https:\\\/\\\/www.amstelprinting.nl\\\/de\\\/kategorie\\\/ausenwerbung\\\/\"},{\"@type\":\"ListItem\",\"position\":4,\"name\":\"Bau &amp; Eigentum\",\"item\":\"https:\\\/\\\/www.amstelprinting.nl\\\/de\\\/kategorie\\\/ausenwerbung\\\/bau-eigentum\\\/\"},{\"@type\":\"ListItem\",\"position\":5,\"name\":\"Bauschild\"}]},{\"@type\":\"WebSite\",\"@id\":\"https:\\\/\\\/www.amstelprinting.nl\\\/de\\\/#website\",\"url\":\"https:\\\/\\\/www.amstelprinting.nl\\\/de\\\/\",\"name\":\"Amstel Printing\",\"description\":\"Creating Exposure\",\"publisher\":{\"@id\":\"https:\\\/\\\/www.amstelprinting.nl\\\/de\\\/#organization\"},\"potentialAction\":[{\"@type\":\"SearchAction\",\"target\":{\"@type\":\"EntryPoint\",\"urlTemplate\":\"https:\\\/\\\/www.amstelprinting.nl\\\/de\\\/?s={search_term_string}\"},\"query-input\":{\"@type\":\"PropertyValueSpecification\",\"valueRequired\":true,\"valueName\":\"search_term_string\"}}],\"inLanguage\":\"de\"},{\"@type\":\"Organization\",\"@id\":\"https:\\\/\\\/www.amstelprinting.nl\\\/de\\\/#organization\",\"name\":\"Amstel Printing\",\"url\":\"https:\\\/\\\/www.amstelprinting.nl\\\/de\\\/\",\"logo\":{\"@type\":\"ImageObject\",\"inLanguage\":\"de\",\"@id\":\"https:\\\/\\\/www.amstelprinting.nl\\\/de\\\/#\\\/schema\\\/logo\\\/image\\\/\",\"url\":\"https:\\\/\\\/www.amstelprinting.nl\\\/wp-content\\\/uploads\\\/amstel_printing_logo_clean.png\",\"contentUrl\":\"https:\\\/\\\/www.amstelprinting.nl\\\/wp-content\\\/uploads\\\/amstel_printing_logo_clean.png\",\"width\":324,\"height\":73,\"caption\":\"Amstel Printing\"},\"image\":{\"@id\":\"https:\\\/\\\/www.amstelprinting.nl\\\/de\\\/#\\\/schema\\\/logo\\\/image\\\/\"}}]}<\/script>\n<!-- \/ Yoast SEO plugin. -->","yoast_head_json":{"title":"Bauschild | Amstel Printing","robots":{"index":"index","follow":"follow","max-snippet":"max-snippet:-1","max-image-preview":"max-image-preview:large","max-video-preview":"max-video-preview:-1"},"canonical":"https:\/\/www.amstelprinting.nl\/de\/gesch\u00e4ft\/ausenwerbung\/werbetafeln\/bauschild\/","og_locale":"de_DE","og_type":"article","og_title":"Bauschild | Amstel Printing","og_description":"Gro\u00dfformat-Werbeschild f\u00fcr den Au\u00dfenbereich Suchen Sie als Bauunternehmer, Makler oder Projektentwickler ein Bauschild? Informieren Sie die Umgebung \u00fcber Ihr Bauprojekt mit einem bedruckten Bauschild. Stellen Sie unten in wenigen Schritten Ihr bedrucktes Bauschild zusammen.","og_url":"https:\/\/www.amstelprinting.nl\/de\/gesch\u00e4ft\/ausenwerbung\/werbetafeln\/bauschild\/","og_site_name":"Amstel Printing","article_modified_time":"2026-02-18T11:53:37+00:00","og_image":[{"width":900,"height":900,"url":"https:\/\/www.amstelprinting.nl\/wp-content\/uploads\/bouwbord-bedrukken.webp","type":"image\/webp"}],"twitter_card":"summary_large_image","twitter_misc":{"Gesch\u00e4tzte Lesezeit":"1\u00a0Minute"},"schema":{"@context":"https:\/\/schema.org","@graph":[{"@type":"WebPage","@id":"https:\/\/www.amstelprinting.nl\/de\/gesch\u00e4ft\/ausenwerbung\/werbetafeln\/bauschild\/","url":"https:\/\/www.amstelprinting.nl\/de\/gesch\u00e4ft\/ausenwerbung\/werbetafeln\/bauschild\/","name":"Bauschild | Amstel Printing","isPartOf":{"@id":"https:\/\/www.amstelprinting.nl\/de\/#website"},"primaryImageOfPage":{"@id":"https:\/\/www.amstelprinting.nl\/de\/gesch\u00e4ft\/ausenwerbung\/werbetafeln\/bauschild\/#primaryimage"},"image":{"@id":"https:\/\/www.amstelprinting.nl\/de\/gesch\u00e4ft\/ausenwerbung\/werbetafeln\/bauschild\/#primaryimage"},"thumbnailUrl":"https:\/\/www.amstelprinting.nl\/wp-content\/uploads\/bouwbord-bedrukken.webp","datePublished":"2025-01-24T10:35:04+00:00","dateModified":"2026-02-18T11:53:37+00:00","breadcrumb":{"@id":"https:\/\/www.amstelprinting.nl\/de\/gesch\u00e4ft\/ausenwerbung\/werbetafeln\/bauschild\/#breadcrumb"},"inLanguage":"de","potentialAction":[{"@type":"ReadAction","target":["https:\/\/www.amstelprinting.nl\/de\/gesch\u00e4ft\/ausenwerbung\/werbetafeln\/bauschild\/"]}]},{"@type":"ImageObject","inLanguage":"de","@id":"https:\/\/www.amstelprinting.nl\/de\/gesch\u00e4ft\/ausenwerbung\/werbetafeln\/bauschild\/#primaryimage","url":"https:\/\/www.amstelprinting.nl\/wp-content\/uploads\/bouwbord-bedrukken.webp","contentUrl":"https:\/\/www.amstelprinting.nl\/wp-content\/uploads\/bouwbord-bedrukken.webp","width":900,"height":900},{"@type":"BreadcrumbList","@id":"https:\/\/www.amstelprinting.nl\/de\/gesch\u00e4ft\/ausenwerbung\/werbetafeln\/bauschild\/#breadcrumb","itemListElement":[{"@type":"ListItem","position":1,"name":"","item":"https:\/\/www.amstelprinting.nl\/de\/"},{"@type":"ListItem","position":2,"name":"Amstel Printing","item":"https:\/\/www.amstelprinting.nl\/de\/geschaeft\/"},{"@type":"ListItem","position":3,"name":"Au\u00dfenwerbung","item":"https:\/\/www.amstelprinting.nl\/de\/kategorie\/ausenwerbung\/"},{"@type":"ListItem","position":4,"name":"Bau &amp; Eigentum","item":"https:\/\/www.amstelprinting.nl\/de\/kategorie\/ausenwerbung\/bau-eigentum\/"},{"@type":"ListItem","position":5,"name":"Bauschild"}]},{"@type":"WebSite","@id":"https:\/\/www.amstelprinting.nl\/de\/#website","url":"https:\/\/www.amstelprinting.nl\/de\/","name":"Amstel Printing","description":"Creating Exposure","publisher":{"@id":"https:\/\/www.amstelprinting.nl\/de\/#organization"},"potentialAction":[{"@type":"SearchAction","target":{"@type":"EntryPoint","urlTemplate":"https:\/\/www.amstelprinting.nl\/de\/?s={search_term_string}"},"query-input":{"@type":"PropertyValueSpecification","valueRequired":true,"valueName":"search_term_string"}}],"inLanguage":"de"},{"@type":"Organization","@id":"https:\/\/www.amstelprinting.nl\/de\/#organization","name":"Amstel Printing","url":"https:\/\/www.amstelprinting.nl\/de\/","logo":{"@type":"ImageObject","inLanguage":"de","@id":"https:\/\/www.amstelprinting.nl\/de\/#\/schema\/logo\/image\/","url":"https:\/\/www.amstelprinting.nl\/wp-content\/uploads\/amstel_printing_logo_clean.png","contentUrl":"https:\/\/www.amstelprinting.nl\/wp-content\/uploads\/amstel_printing_logo_clean.png","width":324,"height":73,"caption":"Amstel Printing"},"image":{"@id":"https:\/\/www.amstelprinting.nl\/de\/#\/schema\/logo\/image\/"}}]}},"_links":{"self":[{"href":"https:\/\/www.amstelprinting.nl\/de\/wp-json\/wp\/v2\/product\/13694","targetHints":{"allow":["GET"]}}],"collection":[{"href":"https:\/\/www.amstelprinting.nl\/de\/wp-json\/wp\/v2\/product"}],"about":[{"href":"https:\/\/www.amstelprinting.nl\/de\/wp-json\/wp\/v2\/types\/product"}],"wp:featuredmedia":[{"embeddable":true,"href":"https:\/\/www.amstelprinting.nl\/de\/wp-json\/wp\/v2\/media\/25248"}],"wp:attachment":[{"href":"https:\/\/www.amstelprinting.nl\/de\/wp-json\/wp\/v2\/media?parent=13694"}],"wp:term":[{"taxonomy":"product_brand","embeddable":true,"href":"https:\/\/www.amstelprinting.nl\/de\/wp-json\/wp\/v2\/product_brand?post=13694"},{"taxonomy":"product_cat","embeddable":true,"href":"https:\/\/www.amstelprinting.nl\/de\/wp-json\/wp\/v2\/product_cat?post=13694"},{"taxonomy":"product_tag","embeddable":true,"href":"https:\/\/www.amstelprinting.nl\/de\/wp-json\/wp\/v2\/product_tag?post=13694"}],"curies":[{"name":"wp","href":"https:\/\/api.w.org\/{rel}","templated":true}]}}