{"id":13704,"date":"2025-01-24T11:34:57","date_gmt":"2025-01-24T10:34:57","guid":{"rendered":"https:\/\/www.amstelprinting.nl\/winkel\/unkategorisiert\/raamstickers\/"},"modified":"2026-02-18T12:53:38","modified_gmt":"2026-02-18T11:53:38","slug":"fensteraufkleber","status":"publish","type":"product","link":"https:\/\/www.amstelprinting.nl\/de\/gesch\u00e4ft\/ausenwerbung\/fassadenwerbung\/fensteraufkleber\/","title":{"rendered":"Fensteraufkleber"},"content":{"rendered":"<h3>Fensteraufkleber bestellen<\/h3>\n<p>Unsere Fensteraufkleber sind in verschiedenen Stilen erh\u00e4ltlich, um all Ihren W\u00fcnschen gerecht zu werden:<\/p>\n<ul>\n<li><strong>Wei\u00df<\/strong>: F\u00fcr eine klare und auff\u00e4llige Pr\u00e4sentation.<\/li>\n<li><strong>Transparent<\/strong>: F\u00fcr einen dezenten und eleganten Look.<\/li>\n<li><strong>Glasklar<\/strong>: F\u00fcr ein fast unsichtbares Finish, das dennoch Ihre Botschaft vermittelt.<\/li>\n<li><strong>Sandstrahl-Optik (Milchglas)<\/strong>: F\u00fcr ein luxuri\u00f6ses, mattiertes Finish, das Privatsph\u00e4re bietet.<\/li>\n<li><strong>One-Way-Vision<\/strong>: F\u00fcr Privatsph\u00e4re im Innenbereich, w\u00e4hrend Sie weiterhin nach drau\u00dfen schauen k\u00f6nnen.<\/li>\n<\/ul>\n<p>&nbsp;<\/p>\n<h3>Einfache Anbringung<\/h3>\n<p>Das Anbringen unserer Fensteraufkleber ist dank der benutzerfreundlichen Qualit\u00e4tsfolien sehr einfach. Sie k\u00f6nnen schnell und m\u00fchelos ein professionelles Erscheinungsbild erzielen.<\/p>\n<h3>Zubeh\u00f6r<\/h3>\n<p>Um das Anbringen und die Endbearbeitung Ihrer Fensteraufkleber noch einfacher zu gestalten, bieten wir diverses Zubeh\u00f6r an. Dieses hilft Ihnen, ein perfektes Ergebnis zu erzielen und sorgt daf\u00fcr, dass Ihre Fensteraufkleber professionell aussehen.<\/p>\n<h3>H\u00e4ufig gestellte Fragen zu Fensteraufklebern<\/h3>\n<p><strong>Wann muss ich die Datei spiegeln?<\/strong><br \/>\nSpiegeln Sie das Design, wenn Sie einen transparenten Aufkleber auf der Innenseite des Fensters anbringen m\u00f6chten und das Bild von au\u00dfen lesbar sein soll.<\/p>\n<p><strong>Kann ich auch doppelseitige Aufkleber bestellen?<\/strong><br \/>\nDies ist leider (noch) nicht m\u00f6glich.<\/p>\n<p><strong>Wie klebe ich meinen Fensteraufkleber auf?<\/strong><br \/>\nStellen Sie sicher, dass der Untergrund sauber und fettfrei ist. Wenn die Klebeschicht f\u00fcr die Nassverklebung der Folie geeignet ist, befeuchten Sie sowohl die Oberfl\u00e4che als auch die Klebeschicht mit Applikationsfl\u00fcssigkeit, bevor Sie die Folie positionieren. Fixieren Sie die Folie fest und rakeln Sie die Feuchtigkeit langsam und gleichm\u00e4\u00dfig unter dem Aufkleber heraus. Wenn eine Nassverklebung nicht m\u00f6glich ist, positionieren Sie den Aufkleber von oben und arbeiten Sie sich schrittweise nach unten vor. Seien Sie vorsichtig, da bei Trockenverklebung das Neupositionieren schwierig ist und Luftblasen auf der Oberfl\u00e4che glattgestrichen werden m\u00fcssen.<\/p>\n<p>Verwijder het schutvel gemakkelijk door de folie met de printzijde tegen het natte raam te plaatsen. Bij het gebruik van Lintec, gebruik het schutvel als extra bescherming tussen de folie en de rakel om schade aan de print te voorkomen en om extra druk uit te kunnen oefenen tijdens het rakelen.<\/p>\n","protected":false},"excerpt":{"rendered":"<p><span style=\"font-weight: 400;\">Verleihen Sie Ihren Fenstern ganz einfach ein neues Aussehen mit unseren hochwertigen Fensteraufklebern. Hergestellt aus Qualit\u00e4tsfolien von 3M\u2122, Orajet\u00ae und Avery Dennison bieten diese Aufkleber sowohl \u00e4sthetische als auch praktische Vorteile. Je nach Ihren spezifischen Anforderungen, ob f\u00fcr den Innen- oder Au\u00dfenbereich, k\u00f6nnen Sie aus verschiedenen Qualit\u00e4ten und Oberfl\u00e4chen w\u00e4hlen.<\/span><\/p>\n","protected":false},"featured_media":13705,"template":"","meta":{"_et_pb_use_builder":"","_et_pb_old_content":"","_et_gb_content_width":""},"product_brand":[],"product_cat":[929,313,926,932],"product_tag":[],"class_list":{"0":"post-13704","1":"product","2":"type-product","3":"status-publish","4":"has-post-thumbnail","6":"product_cat-ausenwerbung","7":"product_cat-aufkleber-und-druck","8":"product_cat-fassadenwerbung","9":"product_cat-grose-aufkleber","11":"first","12":"instock","13":"taxable","14":"shipping-taxable","15":"purchasable","16":"product-type-simple"},"yoast_head":"<!-- This site is optimized with the Yoast SEO plugin v27.3 - https:\/\/yoast.com\/product\/yoast-seo-wordpress\/ -->\n<title>Fensteraufkleber nach Ma\u00df - Schnell geliefert &amp; professionell<\/title>\n<meta name=\"description\" content=\"Fensteraufkleber nach Ma\u00df. W\u00e4hlen Sie aus verschiedenen Materialien und Effekten, bestellen Sie heute und erhalten Sie sie morgen. Einfach anzubringen und f\u00fcr den Innen- und Au\u00dfenbereich geeignet.\" \/>\n<meta name=\"robots\" content=\"index, follow, max-snippet:-1, max-image-preview:large, max-video-preview:-1\" \/>\n<link rel=\"canonical\" href=\"https:\/\/www.amstelprinting.nl\/de\/gesch\u00e4ft\/ausenwerbung\/fassadenwerbung\/fensteraufkleber\/\" \/>\n<meta property=\"og:locale\" content=\"de_DE\" \/>\n<meta property=\"og:type\" content=\"article\" \/>\n<meta property=\"og:title\" content=\"Fensteraufkleber nach Ma\u00df - Schnell geliefert &amp; professionell\" \/>\n<meta property=\"og:description\" content=\"Fensteraufkleber nach Ma\u00df. W\u00e4hlen Sie aus verschiedenen Materialien und Effekten, bestellen Sie heute und erhalten Sie sie morgen. Einfach anzubringen und f\u00fcr den Innen- und Au\u00dfenbereich geeignet.\" \/>\n<meta property=\"og:url\" content=\"https:\/\/www.amstelprinting.nl\/de\/gesch\u00e4ft\/ausenwerbung\/fassadenwerbung\/fensteraufkleber\/\" \/>\n<meta property=\"og:site_name\" content=\"Amstel Printing\" \/>\n<meta property=\"article:modified_time\" content=\"2026-02-18T11:53:38+00:00\" \/>\n<meta property=\"og:image\" content=\"https:\/\/www.amstelprinting.nl\/wp-content\/uploads\/raamsticker-bedrukken-2.png\" \/>\n\t<meta property=\"og:image:width\" content=\"900\" \/>\n\t<meta property=\"og:image:height\" content=\"900\" \/>\n\t<meta property=\"og:image:type\" content=\"image\/png\" \/>\n<meta name=\"twitter:card\" content=\"summary_large_image\" \/>\n<meta name=\"twitter:label1\" content=\"Gesch\u00e4tzte Lesezeit\" \/>\n\t<meta name=\"twitter:data1\" content=\"2\u00a0Minuten\" \/>\n<script type=\"application\/ld+json\" class=\"yoast-schema-graph\">{\"@context\":\"https:\\\/\\\/schema.org\",\"@graph\":[{\"@type\":\"WebPage\",\"@id\":\"https:\\\/\\\/www.amstelprinting.nl\\\/de\\\/gesch\u00e4ft\\\/ausenwerbung\\\/fassadenwerbung\\\/fensteraufkleber\\\/\",\"url\":\"https:\\\/\\\/www.amstelprinting.nl\\\/de\\\/gesch\u00e4ft\\\/ausenwerbung\\\/fassadenwerbung\\\/fensteraufkleber\\\/\",\"name\":\"Fensteraufkleber nach Ma\u00df - Schnell geliefert & professionell\",\"isPartOf\":{\"@id\":\"https:\\\/\\\/www.amstelprinting.nl\\\/de\\\/#website\"},\"primaryImageOfPage\":{\"@id\":\"https:\\\/\\\/www.amstelprinting.nl\\\/de\\\/gesch\u00e4ft\\\/ausenwerbung\\\/fassadenwerbung\\\/fensteraufkleber\\\/#primaryimage\"},\"image\":{\"@id\":\"https:\\\/\\\/www.amstelprinting.nl\\\/de\\\/gesch\u00e4ft\\\/ausenwerbung\\\/fassadenwerbung\\\/fensteraufkleber\\\/#primaryimage\"},\"thumbnailUrl\":\"https:\\\/\\\/www.amstelprinting.nl\\\/wp-content\\\/uploads\\\/raamsticker-bedrukken-2.png\",\"datePublished\":\"2025-01-24T10:34:57+00:00\",\"dateModified\":\"2026-02-18T11:53:38+00:00\",\"description\":\"Fensteraufkleber nach Ma\u00df. W\u00e4hlen Sie aus verschiedenen Materialien und Effekten, bestellen Sie heute und erhalten Sie sie morgen. Einfach anzubringen und f\u00fcr den Innen- und Au\u00dfenbereich geeignet.\",\"breadcrumb\":{\"@id\":\"https:\\\/\\\/www.amstelprinting.nl\\\/de\\\/gesch\u00e4ft\\\/ausenwerbung\\\/fassadenwerbung\\\/fensteraufkleber\\\/#breadcrumb\"},\"inLanguage\":\"de\",\"potentialAction\":[{\"@type\":\"ReadAction\",\"target\":[\"https:\\\/\\\/www.amstelprinting.nl\\\/de\\\/gesch\u00e4ft\\\/ausenwerbung\\\/fassadenwerbung\\\/fensteraufkleber\\\/\"]}]},{\"@type\":\"ImageObject\",\"inLanguage\":\"de\",\"@id\":\"https:\\\/\\\/www.amstelprinting.nl\\\/de\\\/gesch\u00e4ft\\\/ausenwerbung\\\/fassadenwerbung\\\/fensteraufkleber\\\/#primaryimage\",\"url\":\"https:\\\/\\\/www.amstelprinting.nl\\\/wp-content\\\/uploads\\\/raamsticker-bedrukken-2.png\",\"contentUrl\":\"https:\\\/\\\/www.amstelprinting.nl\\\/wp-content\\\/uploads\\\/raamsticker-bedrukken-2.png\",\"width\":900,\"height\":900},{\"@type\":\"BreadcrumbList\",\"@id\":\"https:\\\/\\\/www.amstelprinting.nl\\\/de\\\/gesch\u00e4ft\\\/ausenwerbung\\\/fassadenwerbung\\\/fensteraufkleber\\\/#breadcrumb\",\"itemListElement\":[{\"@type\":\"ListItem\",\"position\":1,\"name\":\"\",\"item\":\"https:\\\/\\\/www.amstelprinting.nl\\\/de\\\/\"},{\"@type\":\"ListItem\",\"position\":2,\"name\":\"Amstel Printing\",\"item\":\"https:\\\/\\\/www.amstelprinting.nl\\\/de\\\/geschaeft\\\/\"},{\"@type\":\"ListItem\",\"position\":3,\"name\":\"Au\u00dfenwerbung\",\"item\":\"https:\\\/\\\/www.amstelprinting.nl\\\/de\\\/kategorie\\\/ausenwerbung\\\/\"},{\"@type\":\"ListItem\",\"position\":4,\"name\":\"Fassadenwerbung\",\"item\":\"https:\\\/\\\/www.amstelprinting.nl\\\/de\\\/kategorie\\\/ausenwerbung\\\/fassadenwerbung\\\/\"},{\"@type\":\"ListItem\",\"position\":5,\"name\":\"Fensteraufkleber\"}]},{\"@type\":\"WebSite\",\"@id\":\"https:\\\/\\\/www.amstelprinting.nl\\\/de\\\/#website\",\"url\":\"https:\\\/\\\/www.amstelprinting.nl\\\/de\\\/\",\"name\":\"Amstel Printing\",\"description\":\"Creating Exposure\",\"publisher\":{\"@id\":\"https:\\\/\\\/www.amstelprinting.nl\\\/de\\\/#organization\"},\"potentialAction\":[{\"@type\":\"SearchAction\",\"target\":{\"@type\":\"EntryPoint\",\"urlTemplate\":\"https:\\\/\\\/www.amstelprinting.nl\\\/de\\\/?s={search_term_string}\"},\"query-input\":{\"@type\":\"PropertyValueSpecification\",\"valueRequired\":true,\"valueName\":\"search_term_string\"}}],\"inLanguage\":\"de\"},{\"@type\":\"Organization\",\"@id\":\"https:\\\/\\\/www.amstelprinting.nl\\\/de\\\/#organization\",\"name\":\"Amstel Printing\",\"url\":\"https:\\\/\\\/www.amstelprinting.nl\\\/de\\\/\",\"logo\":{\"@type\":\"ImageObject\",\"inLanguage\":\"de\",\"@id\":\"https:\\\/\\\/www.amstelprinting.nl\\\/de\\\/#\\\/schema\\\/logo\\\/image\\\/\",\"url\":\"https:\\\/\\\/www.amstelprinting.nl\\\/wp-content\\\/uploads\\\/amstel_printing_logo_clean.png\",\"contentUrl\":\"https:\\\/\\\/www.amstelprinting.nl\\\/wp-content\\\/uploads\\\/amstel_printing_logo_clean.png\",\"width\":324,\"height\":73,\"caption\":\"Amstel Printing\"},\"image\":{\"@id\":\"https:\\\/\\\/www.amstelprinting.nl\\\/de\\\/#\\\/schema\\\/logo\\\/image\\\/\"}}]}<\/script>\n<!-- \/ Yoast SEO plugin. -->","yoast_head_json":{"title":"Fensteraufkleber nach Ma\u00df - Schnell geliefert & professionell","description":"Fensteraufkleber nach Ma\u00df. W\u00e4hlen Sie aus verschiedenen Materialien und Effekten, bestellen Sie heute und erhalten Sie sie morgen. Einfach anzubringen und f\u00fcr den Innen- und Au\u00dfenbereich geeignet.","robots":{"index":"index","follow":"follow","max-snippet":"max-snippet:-1","max-image-preview":"max-image-preview:large","max-video-preview":"max-video-preview:-1"},"canonical":"https:\/\/www.amstelprinting.nl\/de\/gesch\u00e4ft\/ausenwerbung\/fassadenwerbung\/fensteraufkleber\/","og_locale":"de_DE","og_type":"article","og_title":"Fensteraufkleber nach Ma\u00df - Schnell geliefert & professionell","og_description":"Fensteraufkleber nach Ma\u00df. W\u00e4hlen Sie aus verschiedenen Materialien und Effekten, bestellen Sie heute und erhalten Sie sie morgen. Einfach anzubringen und f\u00fcr den Innen- und Au\u00dfenbereich geeignet.","og_url":"https:\/\/www.amstelprinting.nl\/de\/gesch\u00e4ft\/ausenwerbung\/fassadenwerbung\/fensteraufkleber\/","og_site_name":"Amstel Printing","article_modified_time":"2026-02-18T11:53:38+00:00","og_image":[{"width":900,"height":900,"url":"https:\/\/www.amstelprinting.nl\/wp-content\/uploads\/raamsticker-bedrukken-2.png","type":"image\/png"}],"twitter_card":"summary_large_image","twitter_misc":{"Gesch\u00e4tzte Lesezeit":"2\u00a0Minuten"},"schema":{"@context":"https:\/\/schema.org","@graph":[{"@type":"WebPage","@id":"https:\/\/www.amstelprinting.nl\/de\/gesch\u00e4ft\/ausenwerbung\/fassadenwerbung\/fensteraufkleber\/","url":"https:\/\/www.amstelprinting.nl\/de\/gesch\u00e4ft\/ausenwerbung\/fassadenwerbung\/fensteraufkleber\/","name":"Fensteraufkleber nach Ma\u00df - Schnell geliefert & professionell","isPartOf":{"@id":"https:\/\/www.amstelprinting.nl\/de\/#website"},"primaryImageOfPage":{"@id":"https:\/\/www.amstelprinting.nl\/de\/gesch\u00e4ft\/ausenwerbung\/fassadenwerbung\/fensteraufkleber\/#primaryimage"},"image":{"@id":"https:\/\/www.amstelprinting.nl\/de\/gesch\u00e4ft\/ausenwerbung\/fassadenwerbung\/fensteraufkleber\/#primaryimage"},"thumbnailUrl":"https:\/\/www.amstelprinting.nl\/wp-content\/uploads\/raamsticker-bedrukken-2.png","datePublished":"2025-01-24T10:34:57+00:00","dateModified":"2026-02-18T11:53:38+00:00","description":"Fensteraufkleber nach Ma\u00df. W\u00e4hlen Sie aus verschiedenen Materialien und Effekten, bestellen Sie heute und erhalten Sie sie morgen. Einfach anzubringen und f\u00fcr den Innen- und Au\u00dfenbereich geeignet.","breadcrumb":{"@id":"https:\/\/www.amstelprinting.nl\/de\/gesch\u00e4ft\/ausenwerbung\/fassadenwerbung\/fensteraufkleber\/#breadcrumb"},"inLanguage":"de","potentialAction":[{"@type":"ReadAction","target":["https:\/\/www.amstelprinting.nl\/de\/gesch\u00e4ft\/ausenwerbung\/fassadenwerbung\/fensteraufkleber\/"]}]},{"@type":"ImageObject","inLanguage":"de","@id":"https:\/\/www.amstelprinting.nl\/de\/gesch\u00e4ft\/ausenwerbung\/fassadenwerbung\/fensteraufkleber\/#primaryimage","url":"https:\/\/www.amstelprinting.nl\/wp-content\/uploads\/raamsticker-bedrukken-2.png","contentUrl":"https:\/\/www.amstelprinting.nl\/wp-content\/uploads\/raamsticker-bedrukken-2.png","width":900,"height":900},{"@type":"BreadcrumbList","@id":"https:\/\/www.amstelprinting.nl\/de\/gesch\u00e4ft\/ausenwerbung\/fassadenwerbung\/fensteraufkleber\/#breadcrumb","itemListElement":[{"@type":"ListItem","position":1,"name":"","item":"https:\/\/www.amstelprinting.nl\/de\/"},{"@type":"ListItem","position":2,"name":"Amstel Printing","item":"https:\/\/www.amstelprinting.nl\/de\/geschaeft\/"},{"@type":"ListItem","position":3,"name":"Au\u00dfenwerbung","item":"https:\/\/www.amstelprinting.nl\/de\/kategorie\/ausenwerbung\/"},{"@type":"ListItem","position":4,"name":"Fassadenwerbung","item":"https:\/\/www.amstelprinting.nl\/de\/kategorie\/ausenwerbung\/fassadenwerbung\/"},{"@type":"ListItem","position":5,"name":"Fensteraufkleber"}]},{"@type":"WebSite","@id":"https:\/\/www.amstelprinting.nl\/de\/#website","url":"https:\/\/www.amstelprinting.nl\/de\/","name":"Amstel Printing","description":"Creating Exposure","publisher":{"@id":"https:\/\/www.amstelprinting.nl\/de\/#organization"},"potentialAction":[{"@type":"SearchAction","target":{"@type":"EntryPoint","urlTemplate":"https:\/\/www.amstelprinting.nl\/de\/?s={search_term_string}"},"query-input":{"@type":"PropertyValueSpecification","valueRequired":true,"valueName":"search_term_string"}}],"inLanguage":"de"},{"@type":"Organization","@id":"https:\/\/www.amstelprinting.nl\/de\/#organization","name":"Amstel Printing","url":"https:\/\/www.amstelprinting.nl\/de\/","logo":{"@type":"ImageObject","inLanguage":"de","@id":"https:\/\/www.amstelprinting.nl\/de\/#\/schema\/logo\/image\/","url":"https:\/\/www.amstelprinting.nl\/wp-content\/uploads\/amstel_printing_logo_clean.png","contentUrl":"https:\/\/www.amstelprinting.nl\/wp-content\/uploads\/amstel_printing_logo_clean.png","width":324,"height":73,"caption":"Amstel Printing"},"image":{"@id":"https:\/\/www.amstelprinting.nl\/de\/#\/schema\/logo\/image\/"}}]}},"_links":{"self":[{"href":"https:\/\/www.amstelprinting.nl\/de\/wp-json\/wp\/v2\/product\/13704","targetHints":{"allow":["GET"]}}],"collection":[{"href":"https:\/\/www.amstelprinting.nl\/de\/wp-json\/wp\/v2\/product"}],"about":[{"href":"https:\/\/www.amstelprinting.nl\/de\/wp-json\/wp\/v2\/types\/product"}],"wp:featuredmedia":[{"embeddable":true,"href":"https:\/\/www.amstelprinting.nl\/de\/wp-json\/wp\/v2\/media\/13705"}],"wp:attachment":[{"href":"https:\/\/www.amstelprinting.nl\/de\/wp-json\/wp\/v2\/media?parent=13704"}],"wp:term":[{"taxonomy":"product_brand","embeddable":true,"href":"https:\/\/www.amstelprinting.nl\/de\/wp-json\/wp\/v2\/product_brand?post=13704"},{"taxonomy":"product_cat","embeddable":true,"href":"https:\/\/www.amstelprinting.nl\/de\/wp-json\/wp\/v2\/product_cat?post=13704"},{"taxonomy":"product_tag","embeddable":true,"href":"https:\/\/www.amstelprinting.nl\/de\/wp-json\/wp\/v2\/product_tag?post=13704"}],"curies":[{"name":"wp","href":"https:\/\/api.w.org\/{rel}","templated":true}]}}