{"id":13714,"date":"2025-01-24T11:34:51","date_gmt":"2025-01-24T10:34:51","guid":{"rendered":"https:\/\/www.amstelprinting.nl\/winkel\/unkategorisiert\/aluminium-bord\/"},"modified":"2026-02-18T12:53:38","modified_gmt":"2026-02-18T11:53:38","slug":"aluminiumschild","status":"publish","type":"product","link":"https:\/\/www.amstelprinting.nl\/de\/gesch\u00e4ft\/innere\/fotoprodukte\/aluminiumschild\/","title":{"rendered":"Aluminiumschild"},"content":{"rendered":"<h3>Material<\/h3>\n<p>Unsere Aluminiumschilder sind aus hochwertigem Dibond\u00ae gefertigt, das in verschiedenen Varianten erh\u00e4ltlich ist:<\/p>\n<ul>\n<li><strong>Dibond\u00ae Budget<\/strong>: Die preiswerteste Variante, ideal f\u00fcr Low-Budget-Projekte.<\/li>\n<li><strong>Dibond\u00ae Premium<\/strong>: Bietet eine konstante Grundfarbe und stellt den perfekten Mittelweg zwischen Preis und Qualit\u00e4t dar.<\/li>\n<li><strong>Dibond\u00ae Digital<\/strong>: Hat eine konstante Grundfarbe und ist f\u00fcr maximale Vielseitigkeit doppelseitig bedruckbar.<\/li>\n<li><strong>Dibond\u00ae XL<\/strong>: F\u00fcr Gro\u00dfformate bis zu 400 x 196 cm, perfekt f\u00fcr umfassende Werbebotschaften und Paneele.<\/li>\n<\/ul>\n<p>&nbsp;<\/p>\n<h3>Format und Beschichtung<\/h3>\n<p>Bestellen Sie Aluminiumschilder in jedem gew\u00fcnschten Format bis zu 300 x 146 cm aus einem St\u00fcck, mit automatischer Aufteilung f\u00fcr gr\u00f6\u00dfere Schilder. Fr\u00e4sen, Konturschneiden und Bohrl\u00f6cher sind als individuelle Optionen auf der Produktseite verf\u00fcgbar. Verleihen Sie Ihrer Dibond\u00ae-Platte zudem eine gl\u00e4nzende oder matte Beschichtung. Dies sorgt f\u00fcr zus\u00e4tzlichen Schutz des Drucks und bietet eine intensivere Farbwiedergabe Ihres Designs. Sie haben die Option, bei Dibond\u00ae Premium und Digital eine Beschichtung zu w\u00e4hlen.<\/p>\n<h3>Zubeh\u00f6r<\/h3>\n<p>W\u00e4hlen Sie aus einer Reihe von Zubeh\u00f6rteilen, um Ihr Aluminiumschild freistehend aufzustellen oder an die Wand zu h\u00e4ngen, einschlie\u00dflich Optionen f\u00fcr eine gl\u00e4nzende oder matte Beschichtung f\u00fcr zus\u00e4tzlichen Schutz.<br \/>\nMit unserer fortschrittlichen Technologie und der breiten Auswahl an Optionen erstellen Sie m\u00fchelos ein personalisiertes Aluminiumschild, das perfekt Ihren Anforderungen und Spezifikationen entspricht.<\/p>\n<h3>H\u00e4ufig gestellte Fragen<\/h3>\n<p><strong>Kann ein Wei\u00dfdruck auf geb\u00fcrstetem Aluminium erfolgen?<\/strong><br \/>\nDieses Material ist nur mit Full-Color-Druck verf\u00fcgbar. Wei\u00dfe Teile in Ihrer Datei werden nicht gedruckt.<\/p>\n<p><strong>Wie l\u00e4sst sich das Aluminiumschild am besten reinigen?<\/strong><br \/>\nSie k\u00f6nnen die Paneele problemlos mit einem milden Reinigungsmittel reinigen. Die UV-Drucktechnik sorgt daf\u00fcr, dass die Tinte auf dem Material liegt. Seien Sie daher vorsichtig bei der Reinigung, um Besch\u00e4digungen der Oberfl\u00e4che und der Tinte zu vermeiden. Erw\u00e4gen Sie das Aufbringen einer Beschichtung auf Dibond\u00ae-Paneelen f\u00fcr zus\u00e4tzlichen kratzfesten Schutz.<\/p>\n<p><strong>Was ist der Vorteil einer Beschichtung?<\/strong><br \/>\nIndem Sie Ihr Plattenmaterial mit einer Beschichtung versehen, verbessern Sie die Farbintensit\u00e4t und bieten Ihrem Druck besseren Schutz vor Umwelteinfl\u00fcssen (Wetter, Wind, Regen etc.).<\/p>\n","protected":false},"excerpt":{"rendered":"<p>Verleihen Sie Ihrer Botschaft die Kraft von Nachhaltigkeit und Stil mit unseren personalisierten Aluminiumschildern. Unsere Aluminiumschilder sind nicht nur leicht, sondern auch au\u00dfergew\u00f6hnlich stark, ideal f\u00fcr verschiedene Anwendungen wie Paneele in Rahmen, Werbeschilder an Fassaden oder als Fotopaneele. Ob im Innen- oder Au\u00dfenbereich, unsere Schilder bieten Ihnen eine vielseitige L\u00f6sung, die perfekt auf Ihre Bed\u00fcrfnisse zugeschnitten ist.<\/p>\n","protected":false},"featured_media":13715,"template":"","meta":{"_et_pb_use_builder":"","_et_pb_old_content":"","_et_gb_content_width":""},"product_brand":[],"product_cat":[929,926,947,950],"product_tag":[],"class_list":{"0":"post-13714","1":"product","2":"type-product","3":"status-publish","4":"has-post-thumbnail","6":"product_cat-ausenwerbung","7":"product_cat-fassadenwerbung","8":"product_cat-innere","9":"product_cat-fotoprodukte","11":"first","12":"instock","13":"taxable","14":"shipping-taxable","15":"purchasable","16":"product-type-simple"},"yoast_head":"<!-- This site is optimized with the Yoast SEO plugin v27.0 - https:\/\/yoast.com\/product\/yoast-seo-wordpress\/ -->\n<title>Aluminiumschild | Amstel Printing<\/title>\n<meta name=\"robots\" content=\"index, follow, max-snippet:-1, max-image-preview:large, max-video-preview:-1\" \/>\n<link rel=\"canonical\" href=\"https:\/\/www.amstelprinting.nl\/de\/gesch\u00e4ft\/innere\/fotoprodukte\/aluminiumschild\/\" \/>\n<meta property=\"og:locale\" content=\"de_DE\" \/>\n<meta property=\"og:type\" content=\"article\" \/>\n<meta property=\"og:title\" content=\"Aluminiumschild | Amstel Printing\" \/>\n<meta property=\"og:description\" content=\"Verleihen Sie Ihrer Botschaft die Kraft von Nachhaltigkeit und Stil mit unseren personalisierten Aluminiumschildern. Unsere Aluminiumschilder sind nicht nur leicht, sondern auch au\u00dfergew\u00f6hnlich stark, ideal f\u00fcr verschiedene Anwendungen wie Paneele in Rahmen, Werbeschilder an Fassaden oder als Fotopaneele. Ob im Innen- oder Au\u00dfenbereich, unsere Schilder bieten Ihnen eine vielseitige L\u00f6sung, die perfekt auf Ihre Bed\u00fcrfnisse zugeschnitten ist.\" \/>\n<meta property=\"og:url\" content=\"https:\/\/www.amstelprinting.nl\/de\/gesch\u00e4ft\/innere\/fotoprodukte\/aluminiumschild\/\" \/>\n<meta property=\"og:site_name\" content=\"Amstel Printing\" \/>\n<meta property=\"article:modified_time\" content=\"2026-02-18T11:53:38+00:00\" \/>\n<meta property=\"og:image\" content=\"https:\/\/www.amstelprinting.nl\/wp-content\/uploads\/aluminiumbord-bedrukken1.png\" \/>\n\t<meta property=\"og:image:width\" content=\"900\" \/>\n\t<meta property=\"og:image:height\" content=\"900\" \/>\n\t<meta property=\"og:image:type\" content=\"image\/png\" \/>\n<meta name=\"twitter:card\" content=\"summary_large_image\" \/>\n<meta name=\"twitter:label1\" content=\"Gesch\u00e4tzte Lesezeit\" \/>\n\t<meta name=\"twitter:data1\" content=\"2\u00a0Minuten\" \/>\n<script type=\"application\/ld+json\" class=\"yoast-schema-graph\">{\"@context\":\"https:\/\/schema.org\",\"@graph\":[{\"@type\":\"WebPage\",\"@id\":\"https:\/\/www.amstelprinting.nl\/de\/gesch\u00e4ft\/innere\/fotoprodukte\/aluminiumschild\/\",\"url\":\"https:\/\/www.amstelprinting.nl\/de\/gesch\u00e4ft\/innere\/fotoprodukte\/aluminiumschild\/\",\"name\":\"Aluminiumschild | Amstel Printing\",\"isPartOf\":{\"@id\":\"https:\/\/www.amstelprinting.nl\/de\/#website\"},\"primaryImageOfPage\":{\"@id\":\"https:\/\/www.amstelprinting.nl\/de\/gesch\u00e4ft\/innere\/fotoprodukte\/aluminiumschild\/#primaryimage\"},\"image\":{\"@id\":\"https:\/\/www.amstelprinting.nl\/de\/gesch\u00e4ft\/innere\/fotoprodukte\/aluminiumschild\/#primaryimage\"},\"thumbnailUrl\":\"https:\/\/www.amstelprinting.nl\/wp-content\/uploads\/aluminiumbord-bedrukken1.png\",\"datePublished\":\"2025-01-24T10:34:51+00:00\",\"dateModified\":\"2026-02-18T11:53:38+00:00\",\"breadcrumb\":{\"@id\":\"https:\/\/www.amstelprinting.nl\/de\/gesch\u00e4ft\/innere\/fotoprodukte\/aluminiumschild\/#breadcrumb\"},\"inLanguage\":\"de\",\"potentialAction\":[{\"@type\":\"ReadAction\",\"target\":[\"https:\/\/www.amstelprinting.nl\/de\/gesch\u00e4ft\/innere\/fotoprodukte\/aluminiumschild\/\"]}]},{\"@type\":\"ImageObject\",\"inLanguage\":\"de\",\"@id\":\"https:\/\/www.amstelprinting.nl\/de\/gesch\u00e4ft\/innere\/fotoprodukte\/aluminiumschild\/#primaryimage\",\"url\":\"https:\/\/www.amstelprinting.nl\/wp-content\/uploads\/aluminiumbord-bedrukken1.png\",\"contentUrl\":\"https:\/\/www.amstelprinting.nl\/wp-content\/uploads\/aluminiumbord-bedrukken1.png\",\"width\":900,\"height\":900},{\"@type\":\"BreadcrumbList\",\"@id\":\"https:\/\/www.amstelprinting.nl\/de\/gesch\u00e4ft\/innere\/fotoprodukte\/aluminiumschild\/#breadcrumb\",\"itemListElement\":[{\"@type\":\"ListItem\",\"position\":1,\"name\":\"\",\"item\":\"https:\/\/www.amstelprinting.nl\/de\/\"},{\"@type\":\"ListItem\",\"position\":2,\"name\":\"Amstel Printing\",\"item\":\"https:\/\/www.amstelprinting.nl\/de\/geschaeft\/\"},{\"@type\":\"ListItem\",\"position\":3,\"name\":\"Au\u00dfenwerbung\",\"item\":\"https:\/\/www.amstelprinting.nl\/de\/kategorie\/ausenwerbung\/\"},{\"@type\":\"ListItem\",\"position\":4,\"name\":\"Fassadenwerbung\",\"item\":\"https:\/\/www.amstelprinting.nl\/de\/kategorie\/ausenwerbung\/fassadenwerbung\/\"},{\"@type\":\"ListItem\",\"position\":5,\"name\":\"Aluminiumschild\"}]},{\"@type\":\"WebSite\",\"@id\":\"https:\/\/www.amstelprinting.nl\/de\/#website\",\"url\":\"https:\/\/www.amstelprinting.nl\/de\/\",\"name\":\"Amstel Printing\",\"description\":\"Creating Exposure\",\"publisher\":{\"@id\":\"https:\/\/www.amstelprinting.nl\/de\/#organization\"},\"potentialAction\":[{\"@type\":\"SearchAction\",\"target\":{\"@type\":\"EntryPoint\",\"urlTemplate\":\"https:\/\/www.amstelprinting.nl\/de\/?s={search_term_string}\"},\"query-input\":{\"@type\":\"PropertyValueSpecification\",\"valueRequired\":true,\"valueName\":\"search_term_string\"}}],\"inLanguage\":\"de\"},{\"@type\":\"Organization\",\"@id\":\"https:\/\/www.amstelprinting.nl\/de\/#organization\",\"name\":\"Amstel Printing\",\"url\":\"https:\/\/www.amstelprinting.nl\/de\/\",\"logo\":{\"@type\":\"ImageObject\",\"inLanguage\":\"de\",\"@id\":\"https:\/\/www.amstelprinting.nl\/de\/#\/schema\/logo\/image\/\",\"url\":\"https:\/\/www.amstelprinting.nl\/wp-content\/uploads\/amstel_printing_logo_clean.png\",\"contentUrl\":\"https:\/\/www.amstelprinting.nl\/wp-content\/uploads\/amstel_printing_logo_clean.png\",\"width\":324,\"height\":73,\"caption\":\"Amstel Printing\"},\"image\":{\"@id\":\"https:\/\/www.amstelprinting.nl\/de\/#\/schema\/logo\/image\/\"}}]}<\/script>\n<!-- \/ Yoast SEO plugin. -->","yoast_head_json":{"title":"Aluminiumschild | Amstel Printing","robots":{"index":"index","follow":"follow","max-snippet":"max-snippet:-1","max-image-preview":"max-image-preview:large","max-video-preview":"max-video-preview:-1"},"canonical":"https:\/\/www.amstelprinting.nl\/de\/gesch\u00e4ft\/innere\/fotoprodukte\/aluminiumschild\/","og_locale":"de_DE","og_type":"article","og_title":"Aluminiumschild | Amstel Printing","og_description":"Verleihen Sie Ihrer Botschaft die Kraft von Nachhaltigkeit und Stil mit unseren personalisierten Aluminiumschildern. Unsere Aluminiumschilder sind nicht nur leicht, sondern auch au\u00dfergew\u00f6hnlich stark, ideal f\u00fcr verschiedene Anwendungen wie Paneele in Rahmen, Werbeschilder an Fassaden oder als Fotopaneele. Ob im Innen- oder Au\u00dfenbereich, unsere Schilder bieten Ihnen eine vielseitige L\u00f6sung, die perfekt auf Ihre Bed\u00fcrfnisse zugeschnitten ist.","og_url":"https:\/\/www.amstelprinting.nl\/de\/gesch\u00e4ft\/innere\/fotoprodukte\/aluminiumschild\/","og_site_name":"Amstel Printing","article_modified_time":"2026-02-18T11:53:38+00:00","og_image":[{"width":900,"height":900,"url":"https:\/\/www.amstelprinting.nl\/wp-content\/uploads\/aluminiumbord-bedrukken1.png","type":"image\/png"}],"twitter_card":"summary_large_image","twitter_misc":{"Gesch\u00e4tzte Lesezeit":"2\u00a0Minuten"},"schema":{"@context":"https:\/\/schema.org","@graph":[{"@type":"WebPage","@id":"https:\/\/www.amstelprinting.nl\/de\/gesch\u00e4ft\/innere\/fotoprodukte\/aluminiumschild\/","url":"https:\/\/www.amstelprinting.nl\/de\/gesch\u00e4ft\/innere\/fotoprodukte\/aluminiumschild\/","name":"Aluminiumschild | Amstel Printing","isPartOf":{"@id":"https:\/\/www.amstelprinting.nl\/de\/#website"},"primaryImageOfPage":{"@id":"https:\/\/www.amstelprinting.nl\/de\/gesch\u00e4ft\/innere\/fotoprodukte\/aluminiumschild\/#primaryimage"},"image":{"@id":"https:\/\/www.amstelprinting.nl\/de\/gesch\u00e4ft\/innere\/fotoprodukte\/aluminiumschild\/#primaryimage"},"thumbnailUrl":"https:\/\/www.amstelprinting.nl\/wp-content\/uploads\/aluminiumbord-bedrukken1.png","datePublished":"2025-01-24T10:34:51+00:00","dateModified":"2026-02-18T11:53:38+00:00","breadcrumb":{"@id":"https:\/\/www.amstelprinting.nl\/de\/gesch\u00e4ft\/innere\/fotoprodukte\/aluminiumschild\/#breadcrumb"},"inLanguage":"de","potentialAction":[{"@type":"ReadAction","target":["https:\/\/www.amstelprinting.nl\/de\/gesch\u00e4ft\/innere\/fotoprodukte\/aluminiumschild\/"]}]},{"@type":"ImageObject","inLanguage":"de","@id":"https:\/\/www.amstelprinting.nl\/de\/gesch\u00e4ft\/innere\/fotoprodukte\/aluminiumschild\/#primaryimage","url":"https:\/\/www.amstelprinting.nl\/wp-content\/uploads\/aluminiumbord-bedrukken1.png","contentUrl":"https:\/\/www.amstelprinting.nl\/wp-content\/uploads\/aluminiumbord-bedrukken1.png","width":900,"height":900},{"@type":"BreadcrumbList","@id":"https:\/\/www.amstelprinting.nl\/de\/gesch\u00e4ft\/innere\/fotoprodukte\/aluminiumschild\/#breadcrumb","itemListElement":[{"@type":"ListItem","position":1,"name":"","item":"https:\/\/www.amstelprinting.nl\/de\/"},{"@type":"ListItem","position":2,"name":"Amstel Printing","item":"https:\/\/www.amstelprinting.nl\/de\/geschaeft\/"},{"@type":"ListItem","position":3,"name":"Au\u00dfenwerbung","item":"https:\/\/www.amstelprinting.nl\/de\/kategorie\/ausenwerbung\/"},{"@type":"ListItem","position":4,"name":"Fassadenwerbung","item":"https:\/\/www.amstelprinting.nl\/de\/kategorie\/ausenwerbung\/fassadenwerbung\/"},{"@type":"ListItem","position":5,"name":"Aluminiumschild"}]},{"@type":"WebSite","@id":"https:\/\/www.amstelprinting.nl\/de\/#website","url":"https:\/\/www.amstelprinting.nl\/de\/","name":"Amstel Printing","description":"Creating Exposure","publisher":{"@id":"https:\/\/www.amstelprinting.nl\/de\/#organization"},"potentialAction":[{"@type":"SearchAction","target":{"@type":"EntryPoint","urlTemplate":"https:\/\/www.amstelprinting.nl\/de\/?s={search_term_string}"},"query-input":{"@type":"PropertyValueSpecification","valueRequired":true,"valueName":"search_term_string"}}],"inLanguage":"de"},{"@type":"Organization","@id":"https:\/\/www.amstelprinting.nl\/de\/#organization","name":"Amstel Printing","url":"https:\/\/www.amstelprinting.nl\/de\/","logo":{"@type":"ImageObject","inLanguage":"de","@id":"https:\/\/www.amstelprinting.nl\/de\/#\/schema\/logo\/image\/","url":"https:\/\/www.amstelprinting.nl\/wp-content\/uploads\/amstel_printing_logo_clean.png","contentUrl":"https:\/\/www.amstelprinting.nl\/wp-content\/uploads\/amstel_printing_logo_clean.png","width":324,"height":73,"caption":"Amstel Printing"},"image":{"@id":"https:\/\/www.amstelprinting.nl\/de\/#\/schema\/logo\/image\/"}}]}},"_links":{"self":[{"href":"https:\/\/www.amstelprinting.nl\/de\/wp-json\/wp\/v2\/product\/13714","targetHints":{"allow":["GET"]}}],"collection":[{"href":"https:\/\/www.amstelprinting.nl\/de\/wp-json\/wp\/v2\/product"}],"about":[{"href":"https:\/\/www.amstelprinting.nl\/de\/wp-json\/wp\/v2\/types\/product"}],"wp:featuredmedia":[{"embeddable":true,"href":"https:\/\/www.amstelprinting.nl\/de\/wp-json\/wp\/v2\/media\/13715"}],"wp:attachment":[{"href":"https:\/\/www.amstelprinting.nl\/de\/wp-json\/wp\/v2\/media?parent=13714"}],"wp:term":[{"taxonomy":"product_brand","embeddable":true,"href":"https:\/\/www.amstelprinting.nl\/de\/wp-json\/wp\/v2\/product_brand?post=13714"},{"taxonomy":"product_cat","embeddable":true,"href":"https:\/\/www.amstelprinting.nl\/de\/wp-json\/wp\/v2\/product_cat?post=13714"},{"taxonomy":"product_tag","embeddable":true,"href":"https:\/\/www.amstelprinting.nl\/de\/wp-json\/wp\/v2\/product_tag?post=13714"}],"curies":[{"name":"wp","href":"https:\/\/api.w.org\/{rel}","templated":true}]}}