{"id":13724,"date":"2025-01-24T11:34:44","date_gmt":"2025-01-24T10:34:44","guid":{"rendered":"https:\/\/www.amstelprinting.nl\/winkel\/unkategorisiert\/freesletters\/"},"modified":"2026-02-18T12:53:39","modified_gmt":"2026-02-18T11:53:39","slug":"frasbuchstaben","status":"publish","type":"product","link":"https:\/\/www.amstelprinting.nl\/de\/gesch\u00e4ft\/innere\/buro\/frasbuchstaben\/","title":{"rendered":"Fr\u00e4sbuchstaben"},"content":{"rendered":"<h3>Fr\u00e4sbuchstaben: in verschiedenen Materialien lieferbar<\/h3>\n<p>Wir bieten eine breite Palette an Materialien an:<\/p>\n<ul>\n<li><strong>Dibond\u00ae<\/strong>: Eine Platte mit einem Aluminiumkern und einer wei\u00dfen Deckschicht, geeignet f\u00fcr den Innen- und Au\u00dfenbereich.<\/li>\n<li><strong>Dibond\u00ae Butler Finish<\/strong>: Eine Aluminium-Verbundplatte mit einem schwarzen Kern und einer geb\u00fcrsteten Edelstahloptik, geeignet f\u00fcr den Innen- und Au\u00dfenbereich.<\/li>\n<li><strong>Forex\u00ae<\/strong>: Leichtes PVC-Hartschaum, ideal f\u00fcr den Innenbereich.<\/li>\n<li><strong>Plexiglas<\/strong>: Transparentes Material mit moderner Optik, geeignet f\u00fcr den Innen- und Au\u00dfenbereich, jedoch kratzempfindlich.<\/li>\n<li><strong>Easyprint<\/strong>: Leichtes und stabiles Polypropylen-Plattenmaterial f\u00fcr hochwertige Druckergebnisse.<\/li>\n<li><strong>Multiplex<\/strong>: Umweltfreundliches Pappelholz mit nat\u00fcrlicher Ausstrahlung, geeignet f\u00fcr den Innenbereich.<\/li>\n<li><strong>Re-board<\/strong>: Eine Sandwichkonstruktion aus Karton mit einer wei\u00dfen Deckschicht, steif und leicht, umweltfreundlich und f\u00fcr den Innenbereich geeignet.<\/li>\n<li><strong>Sign Again<\/strong>: Zirkul\u00e4res Material aus recycelten Bannern und Schnittabf\u00e4llen, geeignet f\u00fcr den Innen- und Au\u00dfenbereich, schlagfest und biegsam.<\/li>\n<\/ul>\n<p>&nbsp;<\/p>\n<h3>Zubeh\u00f6r<\/h3>\n<p>Entdecken Sie unsere umfangreiche Auswahl an Zubeh\u00f6r, das die Installation und den Gebrauch vereinfacht.<\/p>\n<h3>Tipps zur Montage<\/h3>\n<p>Die Montage von Fr\u00e4sbuchstaben ist mit Abstandhaltern einfach und sorgt f\u00fcr eine stilvolle und effektive Befestigung an Ihrer Wand oder Firmenfassade. W\u00e4hrend des Bestellvorgangs werden alle m\u00f6glichen Montageoptionen und Zubeh\u00f6rteile \u00fcbersichtlich angezeigt. So k\u00f6nnen die Fr\u00e4sbuchstaben problemlos installiert werden. W\u00e4hlen Sie Fr\u00e4sbuchstaben, um Ihre visuelle Identit\u00e4t mit hochwertigen Materialien und einem professionellen Erscheinungsbild zu st\u00e4rken, perfekt f\u00fcr jede gesch\u00e4ftliche oder werbliche Anwendung.<\/p>\n","protected":false},"excerpt":{"rendered":"<p>Fr\u00e4sbuchstaben bieten eine starke M\u00f6glichkeit, Ihre Botschaft oder Ihren Markennamen auf eine einzigartige Weise zu pr\u00e4sentieren. Bei uns finden Sie zwei Arten von Fr\u00e4sbuchstaben: einzelne oder ausgesparte Buchstaben und Zahlen, die beide perfekt f\u00fcr auff\u00e4llige Displays und Beschilderungen geeignet sind.<\/p>\n","protected":false},"featured_media":13725,"template":"","meta":{"_et_pb_use_builder":"","_et_pb_old_content":"","_et_gb_content_width":""},"product_brand":[],"product_cat":[929,944,926,907,947,930],"product_tag":[],"class_list":{"0":"post-13724","1":"product","2":"type-product","3":"status-publish","4":"has-post-thumbnail","6":"product_cat-ausenwerbung","7":"product_cat-buro","8":"product_cat-fassadenwerbung","9":"product_cat-innenwerbung","10":"product_cat-innere","11":"product_cat-wandwerbung","13":"first","14":"instock","15":"taxable","16":"shipping-taxable","17":"purchasable","18":"product-type-simple"},"yoast_head":"<!-- This site is optimized with the Yoast SEO plugin v27.3 - https:\/\/yoast.com\/product\/yoast-seo-wordpress\/ -->\n<title>Fr\u00e4sbuchstaben | Amstel Printing<\/title>\n<meta name=\"robots\" content=\"index, follow, max-snippet:-1, max-image-preview:large, max-video-preview:-1\" \/>\n<link rel=\"canonical\" href=\"https:\/\/www.amstelprinting.nl\/de\/gesch\u00e4ft\/innere\/buro\/frasbuchstaben\/\" \/>\n<meta property=\"og:locale\" content=\"de_DE\" \/>\n<meta property=\"og:type\" content=\"article\" \/>\n<meta property=\"og:title\" content=\"Fr\u00e4sbuchstaben | Amstel Printing\" \/>\n<meta property=\"og:description\" content=\"Fr\u00e4sbuchstaben bieten eine starke M\u00f6glichkeit, Ihre Botschaft oder Ihren Markennamen auf eine einzigartige Weise zu pr\u00e4sentieren. Bei uns finden Sie zwei Arten von Fr\u00e4sbuchstaben: einzelne oder ausgesparte Buchstaben und Zahlen, die beide perfekt f\u00fcr auff\u00e4llige Displays und Beschilderungen geeignet sind.\" \/>\n<meta property=\"og:url\" content=\"https:\/\/www.amstelprinting.nl\/de\/gesch\u00e4ft\/innere\/buro\/frasbuchstaben\/\" \/>\n<meta property=\"og:site_name\" content=\"Amstel Printing\" \/>\n<meta property=\"article:modified_time\" content=\"2026-02-18T11:53:39+00:00\" \/>\n<meta property=\"og:image\" content=\"https:\/\/www.amstelprinting.nl\/wp-content\/uploads\/Freesletters.jpg\" \/>\n\t<meta property=\"og:image:width\" content=\"700\" \/>\n\t<meta property=\"og:image:height\" content=\"700\" \/>\n\t<meta property=\"og:image:type\" content=\"image\/jpeg\" \/>\n<meta name=\"twitter:card\" content=\"summary_large_image\" \/>\n<meta name=\"twitter:label1\" content=\"Gesch\u00e4tzte Lesezeit\" \/>\n\t<meta name=\"twitter:data1\" content=\"1\u00a0Minute\" \/>\n<script type=\"application\/ld+json\" class=\"yoast-schema-graph\">{\"@context\":\"https:\\\/\\\/schema.org\",\"@graph\":[{\"@type\":\"WebPage\",\"@id\":\"https:\\\/\\\/www.amstelprinting.nl\\\/de\\\/gesch\u00e4ft\\\/innere\\\/buro\\\/frasbuchstaben\\\/\",\"url\":\"https:\\\/\\\/www.amstelprinting.nl\\\/de\\\/gesch\u00e4ft\\\/innere\\\/buro\\\/frasbuchstaben\\\/\",\"name\":\"Fr\u00e4sbuchstaben | Amstel Printing\",\"isPartOf\":{\"@id\":\"https:\\\/\\\/www.amstelprinting.nl\\\/de\\\/#website\"},\"primaryImageOfPage\":{\"@id\":\"https:\\\/\\\/www.amstelprinting.nl\\\/de\\\/gesch\u00e4ft\\\/innere\\\/buro\\\/frasbuchstaben\\\/#primaryimage\"},\"image\":{\"@id\":\"https:\\\/\\\/www.amstelprinting.nl\\\/de\\\/gesch\u00e4ft\\\/innere\\\/buro\\\/frasbuchstaben\\\/#primaryimage\"},\"thumbnailUrl\":\"https:\\\/\\\/www.amstelprinting.nl\\\/wp-content\\\/uploads\\\/Freesletters.jpg\",\"datePublished\":\"2025-01-24T10:34:44+00:00\",\"dateModified\":\"2026-02-18T11:53:39+00:00\",\"breadcrumb\":{\"@id\":\"https:\\\/\\\/www.amstelprinting.nl\\\/de\\\/gesch\u00e4ft\\\/innere\\\/buro\\\/frasbuchstaben\\\/#breadcrumb\"},\"inLanguage\":\"de\",\"potentialAction\":[{\"@type\":\"ReadAction\",\"target\":[\"https:\\\/\\\/www.amstelprinting.nl\\\/de\\\/gesch\u00e4ft\\\/innere\\\/buro\\\/frasbuchstaben\\\/\"]}]},{\"@type\":\"ImageObject\",\"inLanguage\":\"de\",\"@id\":\"https:\\\/\\\/www.amstelprinting.nl\\\/de\\\/gesch\u00e4ft\\\/innere\\\/buro\\\/frasbuchstaben\\\/#primaryimage\",\"url\":\"https:\\\/\\\/www.amstelprinting.nl\\\/wp-content\\\/uploads\\\/Freesletters.jpg\",\"contentUrl\":\"https:\\\/\\\/www.amstelprinting.nl\\\/wp-content\\\/uploads\\\/Freesletters.jpg\",\"width\":700,\"height\":700},{\"@type\":\"BreadcrumbList\",\"@id\":\"https:\\\/\\\/www.amstelprinting.nl\\\/de\\\/gesch\u00e4ft\\\/innere\\\/buro\\\/frasbuchstaben\\\/#breadcrumb\",\"itemListElement\":[{\"@type\":\"ListItem\",\"position\":1,\"name\":\"\",\"item\":\"https:\\\/\\\/www.amstelprinting.nl\\\/de\\\/\"},{\"@type\":\"ListItem\",\"position\":2,\"name\":\"Amstel Printing\",\"item\":\"https:\\\/\\\/www.amstelprinting.nl\\\/de\\\/geschaeft\\\/\"},{\"@type\":\"ListItem\",\"position\":3,\"name\":\"Innenwerbung\",\"item\":\"https:\\\/\\\/www.amstelprinting.nl\\\/de\\\/kategorie\\\/innenwerbung\\\/\"},{\"@type\":\"ListItem\",\"position\":4,\"name\":\"Wandwerbung\",\"item\":\"https:\\\/\\\/www.amstelprinting.nl\\\/de\\\/kategorie\\\/innenwerbung\\\/wandwerbung\\\/\"},{\"@type\":\"ListItem\",\"position\":5,\"name\":\"Fr\u00e4sbuchstaben\"}]},{\"@type\":\"WebSite\",\"@id\":\"https:\\\/\\\/www.amstelprinting.nl\\\/de\\\/#website\",\"url\":\"https:\\\/\\\/www.amstelprinting.nl\\\/de\\\/\",\"name\":\"Amstel Printing\",\"description\":\"Creating Exposure\",\"publisher\":{\"@id\":\"https:\\\/\\\/www.amstelprinting.nl\\\/de\\\/#organization\"},\"potentialAction\":[{\"@type\":\"SearchAction\",\"target\":{\"@type\":\"EntryPoint\",\"urlTemplate\":\"https:\\\/\\\/www.amstelprinting.nl\\\/de\\\/?s={search_term_string}\"},\"query-input\":{\"@type\":\"PropertyValueSpecification\",\"valueRequired\":true,\"valueName\":\"search_term_string\"}}],\"inLanguage\":\"de\"},{\"@type\":\"Organization\",\"@id\":\"https:\\\/\\\/www.amstelprinting.nl\\\/de\\\/#organization\",\"name\":\"Amstel Printing\",\"url\":\"https:\\\/\\\/www.amstelprinting.nl\\\/de\\\/\",\"logo\":{\"@type\":\"ImageObject\",\"inLanguage\":\"de\",\"@id\":\"https:\\\/\\\/www.amstelprinting.nl\\\/de\\\/#\\\/schema\\\/logo\\\/image\\\/\",\"url\":\"https:\\\/\\\/www.amstelprinting.nl\\\/wp-content\\\/uploads\\\/amstel_printing_logo_clean.png\",\"contentUrl\":\"https:\\\/\\\/www.amstelprinting.nl\\\/wp-content\\\/uploads\\\/amstel_printing_logo_clean.png\",\"width\":324,\"height\":73,\"caption\":\"Amstel Printing\"},\"image\":{\"@id\":\"https:\\\/\\\/www.amstelprinting.nl\\\/de\\\/#\\\/schema\\\/logo\\\/image\\\/\"}}]}<\/script>\n<!-- \/ Yoast SEO plugin. -->","yoast_head_json":{"title":"Fr\u00e4sbuchstaben | Amstel Printing","robots":{"index":"index","follow":"follow","max-snippet":"max-snippet:-1","max-image-preview":"max-image-preview:large","max-video-preview":"max-video-preview:-1"},"canonical":"https:\/\/www.amstelprinting.nl\/de\/gesch\u00e4ft\/innere\/buro\/frasbuchstaben\/","og_locale":"de_DE","og_type":"article","og_title":"Fr\u00e4sbuchstaben | Amstel Printing","og_description":"Fr\u00e4sbuchstaben bieten eine starke M\u00f6glichkeit, Ihre Botschaft oder Ihren Markennamen auf eine einzigartige Weise zu pr\u00e4sentieren. Bei uns finden Sie zwei Arten von Fr\u00e4sbuchstaben: einzelne oder ausgesparte Buchstaben und Zahlen, die beide perfekt f\u00fcr auff\u00e4llige Displays und Beschilderungen geeignet sind.","og_url":"https:\/\/www.amstelprinting.nl\/de\/gesch\u00e4ft\/innere\/buro\/frasbuchstaben\/","og_site_name":"Amstel Printing","article_modified_time":"2026-02-18T11:53:39+00:00","og_image":[{"width":700,"height":700,"url":"https:\/\/www.amstelprinting.nl\/wp-content\/uploads\/Freesletters.jpg","type":"image\/jpeg"}],"twitter_card":"summary_large_image","twitter_misc":{"Gesch\u00e4tzte Lesezeit":"1\u00a0Minute"},"schema":{"@context":"https:\/\/schema.org","@graph":[{"@type":"WebPage","@id":"https:\/\/www.amstelprinting.nl\/de\/gesch\u00e4ft\/innere\/buro\/frasbuchstaben\/","url":"https:\/\/www.amstelprinting.nl\/de\/gesch\u00e4ft\/innere\/buro\/frasbuchstaben\/","name":"Fr\u00e4sbuchstaben | Amstel Printing","isPartOf":{"@id":"https:\/\/www.amstelprinting.nl\/de\/#website"},"primaryImageOfPage":{"@id":"https:\/\/www.amstelprinting.nl\/de\/gesch\u00e4ft\/innere\/buro\/frasbuchstaben\/#primaryimage"},"image":{"@id":"https:\/\/www.amstelprinting.nl\/de\/gesch\u00e4ft\/innere\/buro\/frasbuchstaben\/#primaryimage"},"thumbnailUrl":"https:\/\/www.amstelprinting.nl\/wp-content\/uploads\/Freesletters.jpg","datePublished":"2025-01-24T10:34:44+00:00","dateModified":"2026-02-18T11:53:39+00:00","breadcrumb":{"@id":"https:\/\/www.amstelprinting.nl\/de\/gesch\u00e4ft\/innere\/buro\/frasbuchstaben\/#breadcrumb"},"inLanguage":"de","potentialAction":[{"@type":"ReadAction","target":["https:\/\/www.amstelprinting.nl\/de\/gesch\u00e4ft\/innere\/buro\/frasbuchstaben\/"]}]},{"@type":"ImageObject","inLanguage":"de","@id":"https:\/\/www.amstelprinting.nl\/de\/gesch\u00e4ft\/innere\/buro\/frasbuchstaben\/#primaryimage","url":"https:\/\/www.amstelprinting.nl\/wp-content\/uploads\/Freesletters.jpg","contentUrl":"https:\/\/www.amstelprinting.nl\/wp-content\/uploads\/Freesletters.jpg","width":700,"height":700},{"@type":"BreadcrumbList","@id":"https:\/\/www.amstelprinting.nl\/de\/gesch\u00e4ft\/innere\/buro\/frasbuchstaben\/#breadcrumb","itemListElement":[{"@type":"ListItem","position":1,"name":"","item":"https:\/\/www.amstelprinting.nl\/de\/"},{"@type":"ListItem","position":2,"name":"Amstel Printing","item":"https:\/\/www.amstelprinting.nl\/de\/geschaeft\/"},{"@type":"ListItem","position":3,"name":"Innenwerbung","item":"https:\/\/www.amstelprinting.nl\/de\/kategorie\/innenwerbung\/"},{"@type":"ListItem","position":4,"name":"Wandwerbung","item":"https:\/\/www.amstelprinting.nl\/de\/kategorie\/innenwerbung\/wandwerbung\/"},{"@type":"ListItem","position":5,"name":"Fr\u00e4sbuchstaben"}]},{"@type":"WebSite","@id":"https:\/\/www.amstelprinting.nl\/de\/#website","url":"https:\/\/www.amstelprinting.nl\/de\/","name":"Amstel Printing","description":"Creating Exposure","publisher":{"@id":"https:\/\/www.amstelprinting.nl\/de\/#organization"},"potentialAction":[{"@type":"SearchAction","target":{"@type":"EntryPoint","urlTemplate":"https:\/\/www.amstelprinting.nl\/de\/?s={search_term_string}"},"query-input":{"@type":"PropertyValueSpecification","valueRequired":true,"valueName":"search_term_string"}}],"inLanguage":"de"},{"@type":"Organization","@id":"https:\/\/www.amstelprinting.nl\/de\/#organization","name":"Amstel Printing","url":"https:\/\/www.amstelprinting.nl\/de\/","logo":{"@type":"ImageObject","inLanguage":"de","@id":"https:\/\/www.amstelprinting.nl\/de\/#\/schema\/logo\/image\/","url":"https:\/\/www.amstelprinting.nl\/wp-content\/uploads\/amstel_printing_logo_clean.png","contentUrl":"https:\/\/www.amstelprinting.nl\/wp-content\/uploads\/amstel_printing_logo_clean.png","width":324,"height":73,"caption":"Amstel Printing"},"image":{"@id":"https:\/\/www.amstelprinting.nl\/de\/#\/schema\/logo\/image\/"}}]}},"_links":{"self":[{"href":"https:\/\/www.amstelprinting.nl\/de\/wp-json\/wp\/v2\/product\/13724","targetHints":{"allow":["GET"]}}],"collection":[{"href":"https:\/\/www.amstelprinting.nl\/de\/wp-json\/wp\/v2\/product"}],"about":[{"href":"https:\/\/www.amstelprinting.nl\/de\/wp-json\/wp\/v2\/types\/product"}],"wp:featuredmedia":[{"embeddable":true,"href":"https:\/\/www.amstelprinting.nl\/de\/wp-json\/wp\/v2\/media\/13725"}],"wp:attachment":[{"href":"https:\/\/www.amstelprinting.nl\/de\/wp-json\/wp\/v2\/media?parent=13724"}],"wp:term":[{"taxonomy":"product_brand","embeddable":true,"href":"https:\/\/www.amstelprinting.nl\/de\/wp-json\/wp\/v2\/product_brand?post=13724"},{"taxonomy":"product_cat","embeddable":true,"href":"https:\/\/www.amstelprinting.nl\/de\/wp-json\/wp\/v2\/product_cat?post=13724"},{"taxonomy":"product_tag","embeddable":true,"href":"https:\/\/www.amstelprinting.nl\/de\/wp-json\/wp\/v2\/product_tag?post=13724"}],"curies":[{"name":"wp","href":"https:\/\/api.w.org\/{rel}","templated":true}]}}