{"id":13734,"date":"2025-01-24T11:34:38","date_gmt":"2025-01-24T10:34:38","guid":{"rendered":"https:\/\/www.amstelprinting.nl\/winkel\/unkategorisiert\/gevelbord\/"},"modified":"2026-02-18T12:53:39","modified_gmt":"2026-02-18T11:53:39","slug":"fassadenschild","status":"publish","type":"product","link":"https:\/\/www.amstelprinting.nl\/de\/gesch\u00e4ft\/ausenwerbung\/fassadenwerbung\/fassadenschild\/","title":{"rendered":"Fassadenschild"},"content":{"rendered":"<h3>Materialien<\/h3>\n<p>Das Fassadenschild kann auf dem Material bedruckt werden, das am besten zu Ihren W\u00fcnschen passt. Im Folgenden erl\u00e4utern wir kurz die Unterschiede der einzelnen Materialarten.<\/p>\n<ul>\n<li><strong>Forex\u00ae<\/strong>: Leichtgewichtiger PVC-Hartschaum, ideal f\u00fcr den Innenbereich.<\/li>\n<li><strong>HPL<\/strong>: Langlebiges High Pressure Laminate, sowohl f\u00fcr den Innen- als auch f\u00fcr den Au\u00dfenbereich geeignet.<\/li>\n<li><strong>Sign Again\u00ae<\/strong>: Zirkul\u00e4res Material aus recycelten Bannern und Schnittabf\u00e4llen, robust und f\u00fcr Innen- und Au\u00dfenanwendungen geeignet.<\/li>\n<li><strong>Dibond\u00ae<\/strong>: Aluminium-Verbundplatte mit einem Polyethylen-Kern, aufgrund ihrer St\u00e4rke und Langlebigkeit hervorragend f\u00fcr den Innen- und Au\u00dfenbereich geeignet.<\/li>\n<\/ul>\n<p>&nbsp;<\/p>\n<h3>Beidseitiger Druck<\/h3>\n<p>Forex, HPL und Dibond\u00ae k\u00f6nnen f\u00fcr maximale Sichtbarkeit sowohl einseitig als auch beidseitig bedruckt werden.<\/p>\n<h3>Veredelung<\/h3>\n<p>Personalisieren Sie Ihr bedrucktes Fassadenschild mit verschiedenen Veredelungsm\u00f6glichkeiten. W\u00e4hlen Sie bei HPL, Sign Again\u00ae und Dibond\u00ae eine gl\u00e4nzende oder matte Beschichtung. Optimieren Sie die Optik durch Fr\u00e4s- oder Konturschnitt und geben Sie einfach an, wie viele Bohrl\u00f6cher Sie anbringen lassen m\u00f6chten.<\/p>\n<h3>Zubeh\u00f6r<\/h3>\n<p>Vervollst\u00e4ndigen Sie Ihr Fassadenschild mit Zubeh\u00f6r Ihrer Wahl, wie z. B. Aufh\u00e4ngeplatten, doppelseitigem Klebeband oder Klebestreifen. Alle Optionen lassen sich w\u00e4hrend des Bestellvorgangs einfach ausw\u00e4hlen, sodass Ihr bedrucktes Fassadenschild sofort einsatzbereit (montagefertig) ist.<\/p>\n<h3>H\u00e4ufig gestellte Fragen<\/h3>\n<p><strong>Was sind die Vorteile einer Beschichtung?<\/strong><br \/>\nIndem das Fassadenschild mit einer Beschichtung versehen wird, erhalten Sie eine erh\u00f6hte Farbintensit\u00e4t und Ihr Druck wird besser vor Umwelteinfl\u00fcssen gesch\u00fctzt.<\/p>\n<p><strong>Welche Beschichtungsoptionen sind verf\u00fcgbar?<\/strong><br \/>\nSie haben die Wahl zwischen einer gl\u00e4nzenden und einer matten Beschichtung.<\/p>\n<p><strong>Was ist der Unterschied im Erscheinungsbild zwischen einer gl\u00e4nzenden und einer matten Beschichtung?<\/strong><br \/>\nEine gl\u00e4nzende Beschichtung sorgt f\u00fcr helle und kr\u00e4ftige Farben mit einem leichten Glanz. Eine matte Beschichtung sorgt f\u00fcr ein etwas mattes Finish, verbessert jedoch die Lesbarkeit von Texten.<\/p>\n<p><strong>Wie wird das Produkt geliefert, wenn es gr\u00f6\u00dfer als die maximale Druckbreite ist?<\/strong><br \/>\nWir teilen Ihre Datei automatisch in Paneele auf. Selbst wenn Sie Bohrl\u00f6cher in den Ecken w\u00e4hlen, werden diese gem\u00e4\u00df Ihren Spezifikationen automatisch in jedem Paneel platziert.<\/p>\n","protected":false},"excerpt":{"rendered":"<p>F\u00fcr einen beeindruckenden ersten Eindruck Ihres Unternehmens! Das Fassadenschild ist mit einem gestochen scharfen Druck Ihres Logos oder Designs versehen. Stellen Sie unten in wenigen Schritten Ihr Fassadenschild mit dem gew\u00fcnschten Druck zusammen. W\u00e4hlen Sie eine Gr\u00f6\u00dfe und die gew\u00fcnschte Materialart.<\/p>\n","protected":false},"featured_media":13735,"template":"","meta":{"_et_pb_use_builder":"","_et_pb_old_content":"","_et_gb_content_width":""},"product_brand":[],"product_cat":[929,926],"product_tag":[],"class_list":{"0":"post-13734","1":"product","2":"type-product","3":"status-publish","4":"has-post-thumbnail","6":"product_cat-ausenwerbung","7":"product_cat-fassadenwerbung","9":"first","10":"instock","11":"taxable","12":"shipping-taxable","13":"purchasable","14":"product-type-simple"},"yoast_head":"<!-- This site is optimized with the Yoast SEO plugin v27.3 - https:\/\/yoast.com\/product\/yoast-seo-wordpress\/ -->\n<title>Professionelles Fassadenschild nach Ma\u00df \u2013 Langlebig und schnell geliefert<\/title>\n<meta name=\"description\" content=\"Sorgen Sie f\u00fcr einen starken ersten Eindruck mit einem ma\u00dfgeschneiderten Fassadenschild. Bestellen Sie heute f\u00fcr eine schnelle Lieferung und flexible Montageoptionen.\" \/>\n<meta name=\"robots\" content=\"index, follow, max-snippet:-1, max-image-preview:large, max-video-preview:-1\" \/>\n<link rel=\"canonical\" href=\"https:\/\/www.amstelprinting.nl\/de\/gesch\u00e4ft\/ausenwerbung\/fassadenwerbung\/fassadenschild\/\" \/>\n<meta property=\"og:locale\" content=\"de_DE\" \/>\n<meta property=\"og:type\" content=\"article\" \/>\n<meta property=\"og:title\" content=\"Professionelles Fassadenschild nach Ma\u00df \u2013 Langlebig und schnell geliefert\" \/>\n<meta property=\"og:description\" content=\"Sorgen Sie f\u00fcr einen starken ersten Eindruck mit einem ma\u00dfgeschneiderten Fassadenschild. Bestellen Sie heute f\u00fcr eine schnelle Lieferung und flexible Montageoptionen.\" \/>\n<meta property=\"og:url\" content=\"https:\/\/www.amstelprinting.nl\/de\/gesch\u00e4ft\/ausenwerbung\/fassadenwerbung\/fassadenschild\/\" \/>\n<meta property=\"og:site_name\" content=\"Amstel Printing\" \/>\n<meta property=\"article:modified_time\" content=\"2026-02-18T11:53:39+00:00\" \/>\n<meta property=\"og:image\" content=\"https:\/\/www.amstelprinting.nl\/wp-content\/uploads\/gevelbord-bedrukken.png\" \/>\n\t<meta property=\"og:image:width\" content=\"900\" \/>\n\t<meta property=\"og:image:height\" content=\"900\" \/>\n\t<meta property=\"og:image:type\" content=\"image\/png\" \/>\n<meta name=\"twitter:card\" content=\"summary_large_image\" \/>\n<meta name=\"twitter:label1\" content=\"Gesch\u00e4tzte Lesezeit\" \/>\n\t<meta name=\"twitter:data1\" content=\"2\u00a0Minuten\" \/>\n<script type=\"application\/ld+json\" class=\"yoast-schema-graph\">{\"@context\":\"https:\\\/\\\/schema.org\",\"@graph\":[{\"@type\":\"WebPage\",\"@id\":\"https:\\\/\\\/www.amstelprinting.nl\\\/de\\\/gesch\u00e4ft\\\/ausenwerbung\\\/fassadenwerbung\\\/fassadenschild\\\/\",\"url\":\"https:\\\/\\\/www.amstelprinting.nl\\\/de\\\/gesch\u00e4ft\\\/ausenwerbung\\\/fassadenwerbung\\\/fassadenschild\\\/\",\"name\":\"Professionelles Fassadenschild nach Ma\u00df \u2013 Langlebig und schnell geliefert\",\"isPartOf\":{\"@id\":\"https:\\\/\\\/www.amstelprinting.nl\\\/de\\\/#website\"},\"primaryImageOfPage\":{\"@id\":\"https:\\\/\\\/www.amstelprinting.nl\\\/de\\\/gesch\u00e4ft\\\/ausenwerbung\\\/fassadenwerbung\\\/fassadenschild\\\/#primaryimage\"},\"image\":{\"@id\":\"https:\\\/\\\/www.amstelprinting.nl\\\/de\\\/gesch\u00e4ft\\\/ausenwerbung\\\/fassadenwerbung\\\/fassadenschild\\\/#primaryimage\"},\"thumbnailUrl\":\"https:\\\/\\\/www.amstelprinting.nl\\\/wp-content\\\/uploads\\\/gevelbord-bedrukken.png\",\"datePublished\":\"2025-01-24T10:34:38+00:00\",\"dateModified\":\"2026-02-18T11:53:39+00:00\",\"description\":\"Sorgen Sie f\u00fcr einen starken ersten Eindruck mit einem ma\u00dfgeschneiderten Fassadenschild. Bestellen Sie heute f\u00fcr eine schnelle Lieferung und flexible Montageoptionen.\",\"breadcrumb\":{\"@id\":\"https:\\\/\\\/www.amstelprinting.nl\\\/de\\\/gesch\u00e4ft\\\/ausenwerbung\\\/fassadenwerbung\\\/fassadenschild\\\/#breadcrumb\"},\"inLanguage\":\"de\",\"potentialAction\":[{\"@type\":\"ReadAction\",\"target\":[\"https:\\\/\\\/www.amstelprinting.nl\\\/de\\\/gesch\u00e4ft\\\/ausenwerbung\\\/fassadenwerbung\\\/fassadenschild\\\/\"]}]},{\"@type\":\"ImageObject\",\"inLanguage\":\"de\",\"@id\":\"https:\\\/\\\/www.amstelprinting.nl\\\/de\\\/gesch\u00e4ft\\\/ausenwerbung\\\/fassadenwerbung\\\/fassadenschild\\\/#primaryimage\",\"url\":\"https:\\\/\\\/www.amstelprinting.nl\\\/wp-content\\\/uploads\\\/gevelbord-bedrukken.png\",\"contentUrl\":\"https:\\\/\\\/www.amstelprinting.nl\\\/wp-content\\\/uploads\\\/gevelbord-bedrukken.png\",\"width\":900,\"height\":900},{\"@type\":\"BreadcrumbList\",\"@id\":\"https:\\\/\\\/www.amstelprinting.nl\\\/de\\\/gesch\u00e4ft\\\/ausenwerbung\\\/fassadenwerbung\\\/fassadenschild\\\/#breadcrumb\",\"itemListElement\":[{\"@type\":\"ListItem\",\"position\":1,\"name\":\"\",\"item\":\"https:\\\/\\\/www.amstelprinting.nl\\\/de\\\/\"},{\"@type\":\"ListItem\",\"position\":2,\"name\":\"Amstel Printing\",\"item\":\"https:\\\/\\\/www.amstelprinting.nl\\\/de\\\/geschaeft\\\/\"},{\"@type\":\"ListItem\",\"position\":3,\"name\":\"Au\u00dfenwerbung\",\"item\":\"https:\\\/\\\/www.amstelprinting.nl\\\/de\\\/kategorie\\\/ausenwerbung\\\/\"},{\"@type\":\"ListItem\",\"position\":4,\"name\":\"Fassadenwerbung\",\"item\":\"https:\\\/\\\/www.amstelprinting.nl\\\/de\\\/kategorie\\\/ausenwerbung\\\/fassadenwerbung\\\/\"},{\"@type\":\"ListItem\",\"position\":5,\"name\":\"Fassadenschild\"}]},{\"@type\":\"WebSite\",\"@id\":\"https:\\\/\\\/www.amstelprinting.nl\\\/de\\\/#website\",\"url\":\"https:\\\/\\\/www.amstelprinting.nl\\\/de\\\/\",\"name\":\"Amstel Printing\",\"description\":\"Creating Exposure\",\"publisher\":{\"@id\":\"https:\\\/\\\/www.amstelprinting.nl\\\/de\\\/#organization\"},\"potentialAction\":[{\"@type\":\"SearchAction\",\"target\":{\"@type\":\"EntryPoint\",\"urlTemplate\":\"https:\\\/\\\/www.amstelprinting.nl\\\/de\\\/?s={search_term_string}\"},\"query-input\":{\"@type\":\"PropertyValueSpecification\",\"valueRequired\":true,\"valueName\":\"search_term_string\"}}],\"inLanguage\":\"de\"},{\"@type\":\"Organization\",\"@id\":\"https:\\\/\\\/www.amstelprinting.nl\\\/de\\\/#organization\",\"name\":\"Amstel Printing\",\"url\":\"https:\\\/\\\/www.amstelprinting.nl\\\/de\\\/\",\"logo\":{\"@type\":\"ImageObject\",\"inLanguage\":\"de\",\"@id\":\"https:\\\/\\\/www.amstelprinting.nl\\\/de\\\/#\\\/schema\\\/logo\\\/image\\\/\",\"url\":\"https:\\\/\\\/www.amstelprinting.nl\\\/wp-content\\\/uploads\\\/amstel_printing_logo_clean.png\",\"contentUrl\":\"https:\\\/\\\/www.amstelprinting.nl\\\/wp-content\\\/uploads\\\/amstel_printing_logo_clean.png\",\"width\":324,\"height\":73,\"caption\":\"Amstel Printing\"},\"image\":{\"@id\":\"https:\\\/\\\/www.amstelprinting.nl\\\/de\\\/#\\\/schema\\\/logo\\\/image\\\/\"}}]}<\/script>\n<!-- \/ Yoast SEO plugin. -->","yoast_head_json":{"title":"Professionelles Fassadenschild nach Ma\u00df \u2013 Langlebig und schnell geliefert","description":"Sorgen Sie f\u00fcr einen starken ersten Eindruck mit einem ma\u00dfgeschneiderten Fassadenschild. Bestellen Sie heute f\u00fcr eine schnelle Lieferung und flexible Montageoptionen.","robots":{"index":"index","follow":"follow","max-snippet":"max-snippet:-1","max-image-preview":"max-image-preview:large","max-video-preview":"max-video-preview:-1"},"canonical":"https:\/\/www.amstelprinting.nl\/de\/gesch\u00e4ft\/ausenwerbung\/fassadenwerbung\/fassadenschild\/","og_locale":"de_DE","og_type":"article","og_title":"Professionelles Fassadenschild nach Ma\u00df \u2013 Langlebig und schnell geliefert","og_description":"Sorgen Sie f\u00fcr einen starken ersten Eindruck mit einem ma\u00dfgeschneiderten Fassadenschild. Bestellen Sie heute f\u00fcr eine schnelle Lieferung und flexible Montageoptionen.","og_url":"https:\/\/www.amstelprinting.nl\/de\/gesch\u00e4ft\/ausenwerbung\/fassadenwerbung\/fassadenschild\/","og_site_name":"Amstel Printing","article_modified_time":"2026-02-18T11:53:39+00:00","og_image":[{"width":900,"height":900,"url":"https:\/\/www.amstelprinting.nl\/wp-content\/uploads\/gevelbord-bedrukken.png","type":"image\/png"}],"twitter_card":"summary_large_image","twitter_misc":{"Gesch\u00e4tzte Lesezeit":"2\u00a0Minuten"},"schema":{"@context":"https:\/\/schema.org","@graph":[{"@type":"WebPage","@id":"https:\/\/www.amstelprinting.nl\/de\/gesch\u00e4ft\/ausenwerbung\/fassadenwerbung\/fassadenschild\/","url":"https:\/\/www.amstelprinting.nl\/de\/gesch\u00e4ft\/ausenwerbung\/fassadenwerbung\/fassadenschild\/","name":"Professionelles Fassadenschild nach Ma\u00df \u2013 Langlebig und schnell geliefert","isPartOf":{"@id":"https:\/\/www.amstelprinting.nl\/de\/#website"},"primaryImageOfPage":{"@id":"https:\/\/www.amstelprinting.nl\/de\/gesch\u00e4ft\/ausenwerbung\/fassadenwerbung\/fassadenschild\/#primaryimage"},"image":{"@id":"https:\/\/www.amstelprinting.nl\/de\/gesch\u00e4ft\/ausenwerbung\/fassadenwerbung\/fassadenschild\/#primaryimage"},"thumbnailUrl":"https:\/\/www.amstelprinting.nl\/wp-content\/uploads\/gevelbord-bedrukken.png","datePublished":"2025-01-24T10:34:38+00:00","dateModified":"2026-02-18T11:53:39+00:00","description":"Sorgen Sie f\u00fcr einen starken ersten Eindruck mit einem ma\u00dfgeschneiderten Fassadenschild. Bestellen Sie heute f\u00fcr eine schnelle Lieferung und flexible Montageoptionen.","breadcrumb":{"@id":"https:\/\/www.amstelprinting.nl\/de\/gesch\u00e4ft\/ausenwerbung\/fassadenwerbung\/fassadenschild\/#breadcrumb"},"inLanguage":"de","potentialAction":[{"@type":"ReadAction","target":["https:\/\/www.amstelprinting.nl\/de\/gesch\u00e4ft\/ausenwerbung\/fassadenwerbung\/fassadenschild\/"]}]},{"@type":"ImageObject","inLanguage":"de","@id":"https:\/\/www.amstelprinting.nl\/de\/gesch\u00e4ft\/ausenwerbung\/fassadenwerbung\/fassadenschild\/#primaryimage","url":"https:\/\/www.amstelprinting.nl\/wp-content\/uploads\/gevelbord-bedrukken.png","contentUrl":"https:\/\/www.amstelprinting.nl\/wp-content\/uploads\/gevelbord-bedrukken.png","width":900,"height":900},{"@type":"BreadcrumbList","@id":"https:\/\/www.amstelprinting.nl\/de\/gesch\u00e4ft\/ausenwerbung\/fassadenwerbung\/fassadenschild\/#breadcrumb","itemListElement":[{"@type":"ListItem","position":1,"name":"","item":"https:\/\/www.amstelprinting.nl\/de\/"},{"@type":"ListItem","position":2,"name":"Amstel Printing","item":"https:\/\/www.amstelprinting.nl\/de\/geschaeft\/"},{"@type":"ListItem","position":3,"name":"Au\u00dfenwerbung","item":"https:\/\/www.amstelprinting.nl\/de\/kategorie\/ausenwerbung\/"},{"@type":"ListItem","position":4,"name":"Fassadenwerbung","item":"https:\/\/www.amstelprinting.nl\/de\/kategorie\/ausenwerbung\/fassadenwerbung\/"},{"@type":"ListItem","position":5,"name":"Fassadenschild"}]},{"@type":"WebSite","@id":"https:\/\/www.amstelprinting.nl\/de\/#website","url":"https:\/\/www.amstelprinting.nl\/de\/","name":"Amstel Printing","description":"Creating Exposure","publisher":{"@id":"https:\/\/www.amstelprinting.nl\/de\/#organization"},"potentialAction":[{"@type":"SearchAction","target":{"@type":"EntryPoint","urlTemplate":"https:\/\/www.amstelprinting.nl\/de\/?s={search_term_string}"},"query-input":{"@type":"PropertyValueSpecification","valueRequired":true,"valueName":"search_term_string"}}],"inLanguage":"de"},{"@type":"Organization","@id":"https:\/\/www.amstelprinting.nl\/de\/#organization","name":"Amstel Printing","url":"https:\/\/www.amstelprinting.nl\/de\/","logo":{"@type":"ImageObject","inLanguage":"de","@id":"https:\/\/www.amstelprinting.nl\/de\/#\/schema\/logo\/image\/","url":"https:\/\/www.amstelprinting.nl\/wp-content\/uploads\/amstel_printing_logo_clean.png","contentUrl":"https:\/\/www.amstelprinting.nl\/wp-content\/uploads\/amstel_printing_logo_clean.png","width":324,"height":73,"caption":"Amstel Printing"},"image":{"@id":"https:\/\/www.amstelprinting.nl\/de\/#\/schema\/logo\/image\/"}}]}},"_links":{"self":[{"href":"https:\/\/www.amstelprinting.nl\/de\/wp-json\/wp\/v2\/product\/13734","targetHints":{"allow":["GET"]}}],"collection":[{"href":"https:\/\/www.amstelprinting.nl\/de\/wp-json\/wp\/v2\/product"}],"about":[{"href":"https:\/\/www.amstelprinting.nl\/de\/wp-json\/wp\/v2\/types\/product"}],"wp:featuredmedia":[{"embeddable":true,"href":"https:\/\/www.amstelprinting.nl\/de\/wp-json\/wp\/v2\/media\/13735"}],"wp:attachment":[{"href":"https:\/\/www.amstelprinting.nl\/de\/wp-json\/wp\/v2\/media?parent=13734"}],"wp:term":[{"taxonomy":"product_brand","embeddable":true,"href":"https:\/\/www.amstelprinting.nl\/de\/wp-json\/wp\/v2\/product_brand?post=13734"},{"taxonomy":"product_cat","embeddable":true,"href":"https:\/\/www.amstelprinting.nl\/de\/wp-json\/wp\/v2\/product_cat?post=13734"},{"taxonomy":"product_tag","embeddable":true,"href":"https:\/\/www.amstelprinting.nl\/de\/wp-json\/wp\/v2\/product_tag?post=13734"}],"curies":[{"name":"wp","href":"https:\/\/api.w.org\/{rel}","templated":true}]}}