{"id":13744,"date":"2025-01-24T11:34:32","date_gmt":"2025-01-24T10:34:32","guid":{"rendered":"https:\/\/www.amstelprinting.nl\/winkel\/unkategorisiert\/kioskvlag\/"},"modified":"2026-02-18T12:53:39","modified_gmt":"2026-02-18T11:53:39","slug":"kioskfahne","status":"publish","type":"product","link":"https:\/\/www.amstelprinting.nl\/de\/gesch\u00e4ft\/alle-flaggen\/fassadenfahnen\/kioskfahne\/","title":{"rendered":"Kioskfahne"},"content":{"rendered":"<h3>W\u00e4hlen Sie das richtige Material<\/h3>\n<p>Die Kioskfahne kann sowohl ein- als auch doppelseitig bedruckt werden. Beim einseitigen Druck wird das Material Longlife verwendet. Dieser extra starke Stoff hat eine spezielle Struktur, die das Ausfransen reduziert und so f\u00fcr eine l\u00e4ngere Lebensdauer sorgt. Auf der R\u00fcckseite der Kioskfahne ist das Design spiegelverkehrt zu sehen. Beim doppelseitigen Druck wird mit Banner 610 gearbeitet. Dies ist ein Material mit einer Blockout-Funktion, wodurch der Druck nicht auf der anderen Seite durchscheint. Bitte beachten Sie, dass es bei diesem Druck vorkommen kann, dass beide Seiten nicht vollkommen identisch sind.<\/p>\n<h3>Formate der Kioskfahne<\/h3>\n<p>Die Kioskfahne ist in drei Formaten erh\u00e4ltlich:<\/p>\n<ul>\n<li>50 x 100 x 150 cm<\/li>\n<li>68 x 68 x 136 cm<\/li>\n<li>75 x 75 x 150 cm<\/li>\n<\/ul>\n<p>&nbsp;<\/p>\n<h3>Verarbeitung der Kioskfahne<\/h3>\n<p>Die Fahne kann mit einem Band, einer Kordel und einer Schlaufe an der linken oder rechten Seite Ihrer Kioskfahne versehen werden. Zudem k\u00f6nnen verschiedene Zubeh\u00f6rteile optional mitbestellt werden (wie Fassadenstangen und Halterungen in verschiedenen Farben).<\/p>\n<h3>H\u00e4ufig gestellte Fragen zu Kioskfahnen<\/h3>\n<p><strong>Wie erhalte ich die Qualit\u00e4t der Fahne am besten?<\/strong><br \/>\nEs wird empfohlen, die Fahne abends und bei starkem Wind einzuholen. Rollen Sie die Fahne auf oder bewahren Sie sie flach auf, aber nicht gefaltet(!). So verringern Sie das Schadensrisiko und die Kioskfahne h\u00e4lt l\u00e4nger.<\/p>\n<p><strong>Wussten Sie, dass Sie die Fahnen auch in der Waschmaschine waschen k\u00f6nnen?<\/strong><br \/>\nEs ist m\u00f6glich, die Fahnen bei maximal 30 Grad Celsius zu wassen. Verwenden Sie hierf\u00fcr ausschlie\u00dflich Feinwaschmittel.<\/p>\n<p><strong>Was ist der Unterschied zwischen Banner 610 und Longlife?<\/strong><br \/>\nBanner 610 ist ein PVC-Gewebe mit einer sehr hohen und robusten Qualit\u00e4t. Es ist ein langlebiges Material, auf dem Drucke hervorragend zur Geltung kommen. Dieses Gewebe hat eine matte Optik und kann beidseitig bedruckt werden. Flag Longlife ist ein stabiles Polyestergewebe mit einer groben Textur. Das Material ist leicht perforiert und franst daher kaum aus. Dieses Gewebe wird ausschlie\u00dflich einseitig bedruckt. Durch die Struktur schl\u00e4gt der Druck auf die R\u00fcckseite des Materials durch, wobei etwa 90 % bis 95 % des Drucks spiegelverkehrt sichtbar sind.<\/p>\n","protected":false},"excerpt":{"rendered":"<p>Eine Kioskfahne ist perfekt als auff\u00e4lliges Aush\u00e4ngeschild f\u00fcr Ihr Gesch\u00e4ft, Ihr B\u00fcro oder Ihren Marktplatzstand geeignet. Mit einer doppelseitig bedruckten Kioskfahne ziehen Sie garantiert die Aufmerksamkeit potenzieller Kunden auf sich. W\u00e4hlen Sie aus 3 verschiedenen Formaten und bestellen Sie optional die Fassadenstange und die Halterung gleich mit. Preiswert und innerhalb von 3 Werktagen geliefert. Stellen Sie hier unten Ihre Kioskfahne zusammen.<\/p>\n","protected":false},"featured_media":13745,"template":"","meta":{"_et_pb_use_builder":"","_et_pb_old_content":"","_et_gb_content_width":""},"product_brand":[],"product_cat":[929,1001,926,999],"product_tag":[],"class_list":{"0":"post-13744","1":"product","2":"type-product","3":"status-publish","4":"has-post-thumbnail","6":"product_cat-ausenwerbung","7":"product_cat-fassadenfahnen","8":"product_cat-fassadenwerbung","9":"product_cat-alle-flaggen","11":"first","12":"instock","13":"taxable","14":"shipping-taxable","15":"purchasable","16":"product-type-simple"},"yoast_head":"<!-- This site is optimized with the Yoast SEO plugin v27.3 - https:\/\/yoast.com\/product\/yoast-seo-wordpress\/ -->\n<title>Kioskfahne kaufen? Preiswerte, langlebige und schnell lieferbare Fahnen<\/title>\n<meta name=\"description\" content=\"Fallen Sie mit einer professionellen Kioskfahne f\u00fcr Ihr Gesch\u00e4ft oder B\u00fcro auf. W\u00e4hlen Sie aus langlebigen Materialien und Formaten. Schnelle Lieferung innerhalb von 3 Werktagen.\" \/>\n<meta name=\"robots\" content=\"index, follow, max-snippet:-1, max-image-preview:large, max-video-preview:-1\" \/>\n<link rel=\"canonical\" href=\"https:\/\/www.amstelprinting.nl\/de\/gesch\u00e4ft\/alle-flaggen\/fassadenfahnen\/kioskfahne\/\" \/>\n<meta property=\"og:locale\" content=\"de_DE\" \/>\n<meta property=\"og:type\" content=\"article\" \/>\n<meta property=\"og:title\" content=\"Kioskfahne kaufen? Preiswerte, langlebige und schnell lieferbare Fahnen\" \/>\n<meta property=\"og:description\" content=\"Fallen Sie mit einer professionellen Kioskfahne f\u00fcr Ihr Gesch\u00e4ft oder B\u00fcro auf. W\u00e4hlen Sie aus langlebigen Materialien und Formaten. Schnelle Lieferung innerhalb von 3 Werktagen.\" \/>\n<meta property=\"og:url\" content=\"https:\/\/www.amstelprinting.nl\/de\/gesch\u00e4ft\/alle-flaggen\/fassadenfahnen\/kioskfahne\/\" \/>\n<meta property=\"og:site_name\" content=\"Amstel Printing\" \/>\n<meta property=\"article:modified_time\" content=\"2026-02-18T11:53:39+00:00\" \/>\n<meta property=\"og:image\" content=\"https:\/\/www.amstelprinting.nl\/wp-content\/uploads\/kioskvlag-bedrukken-2.png\" \/>\n\t<meta property=\"og:image:width\" content=\"900\" \/>\n\t<meta property=\"og:image:height\" content=\"900\" \/>\n\t<meta property=\"og:image:type\" content=\"image\/png\" \/>\n<meta name=\"twitter:card\" content=\"summary_large_image\" \/>\n<meta name=\"twitter:label1\" content=\"Gesch\u00e4tzte Lesezeit\" \/>\n\t<meta name=\"twitter:data1\" content=\"2\u00a0Minuten\" \/>\n<script type=\"application\/ld+json\" class=\"yoast-schema-graph\">{\"@context\":\"https:\\\/\\\/schema.org\",\"@graph\":[{\"@type\":\"WebPage\",\"@id\":\"https:\\\/\\\/www.amstelprinting.nl\\\/de\\\/gesch\u00e4ft\\\/alle-flaggen\\\/fassadenfahnen\\\/kioskfahne\\\/\",\"url\":\"https:\\\/\\\/www.amstelprinting.nl\\\/de\\\/gesch\u00e4ft\\\/alle-flaggen\\\/fassadenfahnen\\\/kioskfahne\\\/\",\"name\":\"Kioskfahne kaufen? Preiswerte, langlebige und schnell lieferbare Fahnen\",\"isPartOf\":{\"@id\":\"https:\\\/\\\/www.amstelprinting.nl\\\/de\\\/#website\"},\"primaryImageOfPage\":{\"@id\":\"https:\\\/\\\/www.amstelprinting.nl\\\/de\\\/gesch\u00e4ft\\\/alle-flaggen\\\/fassadenfahnen\\\/kioskfahne\\\/#primaryimage\"},\"image\":{\"@id\":\"https:\\\/\\\/www.amstelprinting.nl\\\/de\\\/gesch\u00e4ft\\\/alle-flaggen\\\/fassadenfahnen\\\/kioskfahne\\\/#primaryimage\"},\"thumbnailUrl\":\"https:\\\/\\\/www.amstelprinting.nl\\\/wp-content\\\/uploads\\\/kioskvlag-bedrukken-2.png\",\"datePublished\":\"2025-01-24T10:34:32+00:00\",\"dateModified\":\"2026-02-18T11:53:39+00:00\",\"description\":\"Fallen Sie mit einer professionellen Kioskfahne f\u00fcr Ihr Gesch\u00e4ft oder B\u00fcro auf. W\u00e4hlen Sie aus langlebigen Materialien und Formaten. Schnelle Lieferung innerhalb von 3 Werktagen.\",\"breadcrumb\":{\"@id\":\"https:\\\/\\\/www.amstelprinting.nl\\\/de\\\/gesch\u00e4ft\\\/alle-flaggen\\\/fassadenfahnen\\\/kioskfahne\\\/#breadcrumb\"},\"inLanguage\":\"de\",\"potentialAction\":[{\"@type\":\"ReadAction\",\"target\":[\"https:\\\/\\\/www.amstelprinting.nl\\\/de\\\/gesch\u00e4ft\\\/alle-flaggen\\\/fassadenfahnen\\\/kioskfahne\\\/\"]}]},{\"@type\":\"ImageObject\",\"inLanguage\":\"de\",\"@id\":\"https:\\\/\\\/www.amstelprinting.nl\\\/de\\\/gesch\u00e4ft\\\/alle-flaggen\\\/fassadenfahnen\\\/kioskfahne\\\/#primaryimage\",\"url\":\"https:\\\/\\\/www.amstelprinting.nl\\\/wp-content\\\/uploads\\\/kioskvlag-bedrukken-2.png\",\"contentUrl\":\"https:\\\/\\\/www.amstelprinting.nl\\\/wp-content\\\/uploads\\\/kioskvlag-bedrukken-2.png\",\"width\":900,\"height\":900},{\"@type\":\"BreadcrumbList\",\"@id\":\"https:\\\/\\\/www.amstelprinting.nl\\\/de\\\/gesch\u00e4ft\\\/alle-flaggen\\\/fassadenfahnen\\\/kioskfahne\\\/#breadcrumb\",\"itemListElement\":[{\"@type\":\"ListItem\",\"position\":1,\"name\":\"\",\"item\":\"https:\\\/\\\/www.amstelprinting.nl\\\/de\\\/\"},{\"@type\":\"ListItem\",\"position\":2,\"name\":\"Amstel Printing\",\"item\":\"https:\\\/\\\/www.amstelprinting.nl\\\/de\\\/geschaeft\\\/\"},{\"@type\":\"ListItem\",\"position\":3,\"name\":\"Au\u00dfenwerbung\",\"item\":\"https:\\\/\\\/www.amstelprinting.nl\\\/de\\\/kategorie\\\/ausenwerbung\\\/\"},{\"@type\":\"ListItem\",\"position\":4,\"name\":\"Fassadenwerbung\",\"item\":\"https:\\\/\\\/www.amstelprinting.nl\\\/de\\\/kategorie\\\/ausenwerbung\\\/fassadenwerbung\\\/\"},{\"@type\":\"ListItem\",\"position\":5,\"name\":\"Kioskfahne\"}]},{\"@type\":\"WebSite\",\"@id\":\"https:\\\/\\\/www.amstelprinting.nl\\\/de\\\/#website\",\"url\":\"https:\\\/\\\/www.amstelprinting.nl\\\/de\\\/\",\"name\":\"Amstel Printing\",\"description\":\"Creating Exposure\",\"publisher\":{\"@id\":\"https:\\\/\\\/www.amstelprinting.nl\\\/de\\\/#organization\"},\"potentialAction\":[{\"@type\":\"SearchAction\",\"target\":{\"@type\":\"EntryPoint\",\"urlTemplate\":\"https:\\\/\\\/www.amstelprinting.nl\\\/de\\\/?s={search_term_string}\"},\"query-input\":{\"@type\":\"PropertyValueSpecification\",\"valueRequired\":true,\"valueName\":\"search_term_string\"}}],\"inLanguage\":\"de\"},{\"@type\":\"Organization\",\"@id\":\"https:\\\/\\\/www.amstelprinting.nl\\\/de\\\/#organization\",\"name\":\"Amstel Printing\",\"url\":\"https:\\\/\\\/www.amstelprinting.nl\\\/de\\\/\",\"logo\":{\"@type\":\"ImageObject\",\"inLanguage\":\"de\",\"@id\":\"https:\\\/\\\/www.amstelprinting.nl\\\/de\\\/#\\\/schema\\\/logo\\\/image\\\/\",\"url\":\"https:\\\/\\\/www.amstelprinting.nl\\\/wp-content\\\/uploads\\\/amstel_printing_logo_clean.png\",\"contentUrl\":\"https:\\\/\\\/www.amstelprinting.nl\\\/wp-content\\\/uploads\\\/amstel_printing_logo_clean.png\",\"width\":324,\"height\":73,\"caption\":\"Amstel Printing\"},\"image\":{\"@id\":\"https:\\\/\\\/www.amstelprinting.nl\\\/de\\\/#\\\/schema\\\/logo\\\/image\\\/\"}}]}<\/script>\n<!-- \/ Yoast SEO plugin. -->","yoast_head_json":{"title":"Kioskfahne kaufen? Preiswerte, langlebige und schnell lieferbare Fahnen","description":"Fallen Sie mit einer professionellen Kioskfahne f\u00fcr Ihr Gesch\u00e4ft oder B\u00fcro auf. W\u00e4hlen Sie aus langlebigen Materialien und Formaten. Schnelle Lieferung innerhalb von 3 Werktagen.","robots":{"index":"index","follow":"follow","max-snippet":"max-snippet:-1","max-image-preview":"max-image-preview:large","max-video-preview":"max-video-preview:-1"},"canonical":"https:\/\/www.amstelprinting.nl\/de\/gesch\u00e4ft\/alle-flaggen\/fassadenfahnen\/kioskfahne\/","og_locale":"de_DE","og_type":"article","og_title":"Kioskfahne kaufen? Preiswerte, langlebige und schnell lieferbare Fahnen","og_description":"Fallen Sie mit einer professionellen Kioskfahne f\u00fcr Ihr Gesch\u00e4ft oder B\u00fcro auf. W\u00e4hlen Sie aus langlebigen Materialien und Formaten. Schnelle Lieferung innerhalb von 3 Werktagen.","og_url":"https:\/\/www.amstelprinting.nl\/de\/gesch\u00e4ft\/alle-flaggen\/fassadenfahnen\/kioskfahne\/","og_site_name":"Amstel Printing","article_modified_time":"2026-02-18T11:53:39+00:00","og_image":[{"width":900,"height":900,"url":"https:\/\/www.amstelprinting.nl\/wp-content\/uploads\/kioskvlag-bedrukken-2.png","type":"image\/png"}],"twitter_card":"summary_large_image","twitter_misc":{"Gesch\u00e4tzte Lesezeit":"2\u00a0Minuten"},"schema":{"@context":"https:\/\/schema.org","@graph":[{"@type":"WebPage","@id":"https:\/\/www.amstelprinting.nl\/de\/gesch\u00e4ft\/alle-flaggen\/fassadenfahnen\/kioskfahne\/","url":"https:\/\/www.amstelprinting.nl\/de\/gesch\u00e4ft\/alle-flaggen\/fassadenfahnen\/kioskfahne\/","name":"Kioskfahne kaufen? Preiswerte, langlebige und schnell lieferbare Fahnen","isPartOf":{"@id":"https:\/\/www.amstelprinting.nl\/de\/#website"},"primaryImageOfPage":{"@id":"https:\/\/www.amstelprinting.nl\/de\/gesch\u00e4ft\/alle-flaggen\/fassadenfahnen\/kioskfahne\/#primaryimage"},"image":{"@id":"https:\/\/www.amstelprinting.nl\/de\/gesch\u00e4ft\/alle-flaggen\/fassadenfahnen\/kioskfahne\/#primaryimage"},"thumbnailUrl":"https:\/\/www.amstelprinting.nl\/wp-content\/uploads\/kioskvlag-bedrukken-2.png","datePublished":"2025-01-24T10:34:32+00:00","dateModified":"2026-02-18T11:53:39+00:00","description":"Fallen Sie mit einer professionellen Kioskfahne f\u00fcr Ihr Gesch\u00e4ft oder B\u00fcro auf. W\u00e4hlen Sie aus langlebigen Materialien und Formaten. Schnelle Lieferung innerhalb von 3 Werktagen.","breadcrumb":{"@id":"https:\/\/www.amstelprinting.nl\/de\/gesch\u00e4ft\/alle-flaggen\/fassadenfahnen\/kioskfahne\/#breadcrumb"},"inLanguage":"de","potentialAction":[{"@type":"ReadAction","target":["https:\/\/www.amstelprinting.nl\/de\/gesch\u00e4ft\/alle-flaggen\/fassadenfahnen\/kioskfahne\/"]}]},{"@type":"ImageObject","inLanguage":"de","@id":"https:\/\/www.amstelprinting.nl\/de\/gesch\u00e4ft\/alle-flaggen\/fassadenfahnen\/kioskfahne\/#primaryimage","url":"https:\/\/www.amstelprinting.nl\/wp-content\/uploads\/kioskvlag-bedrukken-2.png","contentUrl":"https:\/\/www.amstelprinting.nl\/wp-content\/uploads\/kioskvlag-bedrukken-2.png","width":900,"height":900},{"@type":"BreadcrumbList","@id":"https:\/\/www.amstelprinting.nl\/de\/gesch\u00e4ft\/alle-flaggen\/fassadenfahnen\/kioskfahne\/#breadcrumb","itemListElement":[{"@type":"ListItem","position":1,"name":"","item":"https:\/\/www.amstelprinting.nl\/de\/"},{"@type":"ListItem","position":2,"name":"Amstel Printing","item":"https:\/\/www.amstelprinting.nl\/de\/geschaeft\/"},{"@type":"ListItem","position":3,"name":"Au\u00dfenwerbung","item":"https:\/\/www.amstelprinting.nl\/de\/kategorie\/ausenwerbung\/"},{"@type":"ListItem","position":4,"name":"Fassadenwerbung","item":"https:\/\/www.amstelprinting.nl\/de\/kategorie\/ausenwerbung\/fassadenwerbung\/"},{"@type":"ListItem","position":5,"name":"Kioskfahne"}]},{"@type":"WebSite","@id":"https:\/\/www.amstelprinting.nl\/de\/#website","url":"https:\/\/www.amstelprinting.nl\/de\/","name":"Amstel Printing","description":"Creating Exposure","publisher":{"@id":"https:\/\/www.amstelprinting.nl\/de\/#organization"},"potentialAction":[{"@type":"SearchAction","target":{"@type":"EntryPoint","urlTemplate":"https:\/\/www.amstelprinting.nl\/de\/?s={search_term_string}"},"query-input":{"@type":"PropertyValueSpecification","valueRequired":true,"valueName":"search_term_string"}}],"inLanguage":"de"},{"@type":"Organization","@id":"https:\/\/www.amstelprinting.nl\/de\/#organization","name":"Amstel Printing","url":"https:\/\/www.amstelprinting.nl\/de\/","logo":{"@type":"ImageObject","inLanguage":"de","@id":"https:\/\/www.amstelprinting.nl\/de\/#\/schema\/logo\/image\/","url":"https:\/\/www.amstelprinting.nl\/wp-content\/uploads\/amstel_printing_logo_clean.png","contentUrl":"https:\/\/www.amstelprinting.nl\/wp-content\/uploads\/amstel_printing_logo_clean.png","width":324,"height":73,"caption":"Amstel Printing"},"image":{"@id":"https:\/\/www.amstelprinting.nl\/de\/#\/schema\/logo\/image\/"}}]}},"_links":{"self":[{"href":"https:\/\/www.amstelprinting.nl\/de\/wp-json\/wp\/v2\/product\/13744","targetHints":{"allow":["GET"]}}],"collection":[{"href":"https:\/\/www.amstelprinting.nl\/de\/wp-json\/wp\/v2\/product"}],"about":[{"href":"https:\/\/www.amstelprinting.nl\/de\/wp-json\/wp\/v2\/types\/product"}],"wp:featuredmedia":[{"embeddable":true,"href":"https:\/\/www.amstelprinting.nl\/de\/wp-json\/wp\/v2\/media\/13745"}],"wp:attachment":[{"href":"https:\/\/www.amstelprinting.nl\/de\/wp-json\/wp\/v2\/media?parent=13744"}],"wp:term":[{"taxonomy":"product_brand","embeddable":true,"href":"https:\/\/www.amstelprinting.nl\/de\/wp-json\/wp\/v2\/product_brand?post=13744"},{"taxonomy":"product_cat","embeddable":true,"href":"https:\/\/www.amstelprinting.nl\/de\/wp-json\/wp\/v2\/product_cat?post=13744"},{"taxonomy":"product_tag","embeddable":true,"href":"https:\/\/www.amstelprinting.nl\/de\/wp-json\/wp\/v2\/product_tag?post=13744"}],"curies":[{"name":"wp","href":"https:\/\/api.w.org\/{rel}","templated":true}]}}