{"id":13754,"date":"2025-01-24T11:34:26","date_gmt":"2025-01-24T10:34:26","guid":{"rendered":"https:\/\/www.amstelprinting.nl\/winkel\/unkategorisiert\/banier\/"},"modified":"2026-02-18T12:53:40","modified_gmt":"2026-02-18T11:53:40","slug":"banner","status":"publish","type":"product","link":"https:\/\/www.amstelprinting.nl\/de\/gesch\u00e4ft\/alle-flaggen\/fassadenfahnen\/banner\/","title":{"rendered":"Banner"},"content":{"rendered":"<h3>Was ist ein Banner?<\/h3>\n<p>Ein Banner ist ein l\u00e4ngliches Tuch, das mit einem Design, Logo oder einer Botschaft Ihrer Wahl bedruckt wird. Amstel Printing liefert 3 verschiedene Banner:<\/p>\n<ol>\n<li>Innenbanner (einseitig bedruckt)<\/li>\n<li>Fassadenbanner (doppelseitig bedruckt)<\/li>\n<li>Bannerfahnen (f\u00fcr den Fahnenmast)<\/li>\n<\/ol>\n<p>&nbsp;<\/p>\n<h3><strong>Innenbanner<\/strong> &#8211; f\u00fcr den Innenbereich<\/h3>\n<p>Ein einseitiges Innenbanner ist ideal f\u00fcr Gesch\u00e4fte und Showrooms. Diese Banner sind in zwei Stoffarten erh\u00e4ltlich:<\/p>\n<ul>\n<li><strong>Transparentes Flag<\/strong>: Ideal f\u00fcr ein luftiges und durchsichtiges Erscheinungsbild.<\/li>\n<li><strong>Blickdichter Dekostoff<\/strong>: F\u00fcr eine stabile und blickdichte Darstellung.<\/li>\n<\/ul>\n<p>Innenbanner sind in Breiten von 60, 80 und 100 cm erh\u00e4ltlich und haben eine unbegrenzte L\u00e4nge, sodass sie perfekt zu Ihrem Raum und Ihren W\u00fcnschen passen. Au\u00dferdem k\u00f6nnen Sie ein Aufh\u00e4ngesystem hinzuf\u00fcgen, um das Innenbanner direkt aufzuh\u00e4ngen.<\/p>\n<h3><strong>Fassadenbanner<\/strong> &#8211; zur Befestigung an der Fassade<\/h3>\n<p>Fassadenbanner werden aus dem langlebigen Material Banner 610 hergestellt. Dies ist ein Material mit Blockout-Funktion, sodass der Druck nicht auf die andere Seite durchscheint. Bitte beachten Sie, dass es bei diesem Druck vorkommen kann, dass beide Seiten nicht vollkommen identisch sind.<\/p>\n<p>Sie sind in den Breiten 60 cm oder 80 cm mit einer maximalen H\u00f6he von 2,5 m oder 3 m erh\u00e4ltlich. Vervollst\u00e4ndigen Sie Ihre Wahl mit der rechtwinkligen Bannerhalterung, einem robusten Aufh\u00e4ngesystem aus Edelstahl mit einer 304-Legierung f\u00fcr zus\u00e4tzliche Haltbarkeit. Spannen Sie das Tuch einfach mit den Schrauben auf beiden Seiten straff f\u00fcr eine ordentliche und professionelle Pr\u00e4sentation.<\/p>\n<h3><strong>Bannerfahnen<\/strong> &#8211; f\u00fcr den Fahnenmast<\/h3>\n<p>Eine dritte Variante des bedruckten Banners ist die Bannerfahne. Die Bannerfahne eignet sich f\u00fcr permanente Fahnenmasten mit einem Ausleger an der Oberseite. Eine Bannerfahne wird auch als Hochformatflagge, vertikales Banner oder Stehflagge bezeichnet. Der gro\u00dfe Vorteil gegen\u00fcber einer Standard-Rechteckflagge ist, dass eine Bannerfahne auch bei wenig Wind immer gut sichtbar ist. Der Ausleger an der Oberseite eines Fahnenmasts sorgt daf\u00fcr, dass die Bannerfahne nicht schlaff am Fahnenmast h\u00e4ngt. Hier k\u00f6nnen Sie die Bannerfahne zusammenstellen.<\/p>\n<p>Egal, ob Sie sich f\u00fcr ein Innenbanner, ein Fassadenbanner oder doch eine Bannerfahne entscheiden, unsere Produkte bieten eine auff\u00e4llige und stilvolle M\u00f6glichkeit, Ihre Botschaft oder Marke zu pr\u00e4sentieren.<\/p>\n","protected":false},"excerpt":{"rendered":"<p>Banner sind l\u00e4ngliche T\u00fccher, die mit einem Druck nach Wunsch bedruckt sind. W\u00e4hlen Sie zwischen einem Innenbanner (einseitiger Druck) oder einem Fassadenbanner (doppelseitiger Druck). Oft bereits innerhalb von 1 Werktag geliefert. Stellen Sie unten Ihr Banner in wenigen Schritten zusammen!<\/p>\n","protected":false},"featured_media":13755,"template":"","meta":{"_et_pb_use_builder":"","_et_pb_old_content":"","_et_gb_content_width":""},"product_brand":[],"product_cat":[929,931,1001,926,999,907],"product_tag":[],"class_list":{"0":"post-13754","1":"product","2":"type-product","3":"status-publish","4":"has-post-thumbnail","6":"product_cat-ausenwerbung","7":"product_cat-einzelhandel","8":"product_cat-fassadenfahnen","9":"product_cat-fassadenwerbung","10":"product_cat-alle-flaggen","11":"product_cat-innenwerbung","13":"first","14":"instock","15":"taxable","16":"shipping-taxable","17":"purchasable","18":"product-type-simple"},"yoast_head":"<!-- This site is optimized with the Yoast SEO plugin v27.3 - https:\/\/yoast.com\/product\/yoast-seo-wordpress\/ -->\n<title>Schnelle Lieferung von Bannern - Innen- und Fassadenbanner nach Ma\u00df<\/title>\n<meta name=\"description\" content=\"Bestellen Sie ein Banner mit schneller Lieferung innerhalb von 1 Werktag. W\u00e4hlen Sie aus Innenbannern, Fassadenbannern oder Bannerfahnen. Jetzt zusammenstellen &amp; Marke sichtbar machen!\" \/>\n<meta name=\"robots\" content=\"index, follow, max-snippet:-1, max-image-preview:large, max-video-preview:-1\" \/>\n<link rel=\"canonical\" href=\"https:\/\/www.amstelprinting.nl\/de\/gesch\u00e4ft\/alle-flaggen\/fassadenfahnen\/banner\/\" \/>\n<meta property=\"og:locale\" content=\"de_DE\" \/>\n<meta property=\"og:type\" content=\"article\" \/>\n<meta property=\"og:title\" content=\"Schnelle Lieferung von Bannern - Innen- und Fassadenbanner nach Ma\u00df\" \/>\n<meta property=\"og:description\" content=\"Bestellen Sie ein Banner mit schneller Lieferung innerhalb von 1 Werktag. W\u00e4hlen Sie aus Innenbannern, Fassadenbannern oder Bannerfahnen. Jetzt zusammenstellen &amp; Marke sichtbar machen!\" \/>\n<meta property=\"og:url\" content=\"https:\/\/www.amstelprinting.nl\/de\/gesch\u00e4ft\/alle-flaggen\/fassadenfahnen\/banner\/\" \/>\n<meta property=\"og:site_name\" content=\"Amstel Printing\" \/>\n<meta property=\"article:modified_time\" content=\"2026-02-18T11:53:40+00:00\" \/>\n<meta property=\"og:image\" content=\"https:\/\/www.amstelprinting.nl\/wp-content\/uploads\/banier-bedrukken.png\" \/>\n\t<meta property=\"og:image:width\" content=\"900\" \/>\n\t<meta property=\"og:image:height\" content=\"900\" \/>\n\t<meta property=\"og:image:type\" content=\"image\/png\" \/>\n<meta name=\"twitter:card\" content=\"summary_large_image\" \/>\n<meta name=\"twitter:label1\" content=\"Gesch\u00e4tzte Lesezeit\" \/>\n\t<meta name=\"twitter:data1\" content=\"2\u00a0Minuten\" \/>\n<script type=\"application\/ld+json\" class=\"yoast-schema-graph\">{\"@context\":\"https:\\\/\\\/schema.org\",\"@graph\":[{\"@type\":\"WebPage\",\"@id\":\"https:\\\/\\\/www.amstelprinting.nl\\\/de\\\/gesch\u00e4ft\\\/alle-flaggen\\\/fassadenfahnen\\\/banner\\\/\",\"url\":\"https:\\\/\\\/www.amstelprinting.nl\\\/de\\\/gesch\u00e4ft\\\/alle-flaggen\\\/fassadenfahnen\\\/banner\\\/\",\"name\":\"Schnelle Lieferung von Bannern - Innen- und Fassadenbanner nach Ma\u00df\",\"isPartOf\":{\"@id\":\"https:\\\/\\\/www.amstelprinting.nl\\\/de\\\/#website\"},\"primaryImageOfPage\":{\"@id\":\"https:\\\/\\\/www.amstelprinting.nl\\\/de\\\/gesch\u00e4ft\\\/alle-flaggen\\\/fassadenfahnen\\\/banner\\\/#primaryimage\"},\"image\":{\"@id\":\"https:\\\/\\\/www.amstelprinting.nl\\\/de\\\/gesch\u00e4ft\\\/alle-flaggen\\\/fassadenfahnen\\\/banner\\\/#primaryimage\"},\"thumbnailUrl\":\"https:\\\/\\\/www.amstelprinting.nl\\\/wp-content\\\/uploads\\\/banier-bedrukken.png\",\"datePublished\":\"2025-01-24T10:34:26+00:00\",\"dateModified\":\"2026-02-18T11:53:40+00:00\",\"description\":\"Bestellen Sie ein Banner mit schneller Lieferung innerhalb von 1 Werktag. W\u00e4hlen Sie aus Innenbannern, Fassadenbannern oder Bannerfahnen. Jetzt zusammenstellen & Marke sichtbar machen!\",\"breadcrumb\":{\"@id\":\"https:\\\/\\\/www.amstelprinting.nl\\\/de\\\/gesch\u00e4ft\\\/alle-flaggen\\\/fassadenfahnen\\\/banner\\\/#breadcrumb\"},\"inLanguage\":\"de\",\"potentialAction\":[{\"@type\":\"ReadAction\",\"target\":[\"https:\\\/\\\/www.amstelprinting.nl\\\/de\\\/gesch\u00e4ft\\\/alle-flaggen\\\/fassadenfahnen\\\/banner\\\/\"]}]},{\"@type\":\"ImageObject\",\"inLanguage\":\"de\",\"@id\":\"https:\\\/\\\/www.amstelprinting.nl\\\/de\\\/gesch\u00e4ft\\\/alle-flaggen\\\/fassadenfahnen\\\/banner\\\/#primaryimage\",\"url\":\"https:\\\/\\\/www.amstelprinting.nl\\\/wp-content\\\/uploads\\\/banier-bedrukken.png\",\"contentUrl\":\"https:\\\/\\\/www.amstelprinting.nl\\\/wp-content\\\/uploads\\\/banier-bedrukken.png\",\"width\":900,\"height\":900},{\"@type\":\"BreadcrumbList\",\"@id\":\"https:\\\/\\\/www.amstelprinting.nl\\\/de\\\/gesch\u00e4ft\\\/alle-flaggen\\\/fassadenfahnen\\\/banner\\\/#breadcrumb\",\"itemListElement\":[{\"@type\":\"ListItem\",\"position\":1,\"name\":\"\",\"item\":\"https:\\\/\\\/www.amstelprinting.nl\\\/de\\\/\"},{\"@type\":\"ListItem\",\"position\":2,\"name\":\"Amstel Printing\",\"item\":\"https:\\\/\\\/www.amstelprinting.nl\\\/de\\\/geschaeft\\\/\"},{\"@type\":\"ListItem\",\"position\":3,\"name\":\"Innenwerbung\",\"item\":\"https:\\\/\\\/www.amstelprinting.nl\\\/de\\\/kategorie\\\/innenwerbung\\\/\"},{\"@type\":\"ListItem\",\"position\":4,\"name\":\"Einzelhandel\",\"item\":\"https:\\\/\\\/www.amstelprinting.nl\\\/de\\\/kategorie\\\/innenwerbung\\\/einzelhandel\\\/\"},{\"@type\":\"ListItem\",\"position\":5,\"name\":\"Banner\"}]},{\"@type\":\"WebSite\",\"@id\":\"https:\\\/\\\/www.amstelprinting.nl\\\/de\\\/#website\",\"url\":\"https:\\\/\\\/www.amstelprinting.nl\\\/de\\\/\",\"name\":\"Amstel Printing\",\"description\":\"Creating Exposure\",\"publisher\":{\"@id\":\"https:\\\/\\\/www.amstelprinting.nl\\\/de\\\/#organization\"},\"potentialAction\":[{\"@type\":\"SearchAction\",\"target\":{\"@type\":\"EntryPoint\",\"urlTemplate\":\"https:\\\/\\\/www.amstelprinting.nl\\\/de\\\/?s={search_term_string}\"},\"query-input\":{\"@type\":\"PropertyValueSpecification\",\"valueRequired\":true,\"valueName\":\"search_term_string\"}}],\"inLanguage\":\"de\"},{\"@type\":\"Organization\",\"@id\":\"https:\\\/\\\/www.amstelprinting.nl\\\/de\\\/#organization\",\"name\":\"Amstel Printing\",\"url\":\"https:\\\/\\\/www.amstelprinting.nl\\\/de\\\/\",\"logo\":{\"@type\":\"ImageObject\",\"inLanguage\":\"de\",\"@id\":\"https:\\\/\\\/www.amstelprinting.nl\\\/de\\\/#\\\/schema\\\/logo\\\/image\\\/\",\"url\":\"https:\\\/\\\/www.amstelprinting.nl\\\/wp-content\\\/uploads\\\/amstel_printing_logo_clean.png\",\"contentUrl\":\"https:\\\/\\\/www.amstelprinting.nl\\\/wp-content\\\/uploads\\\/amstel_printing_logo_clean.png\",\"width\":324,\"height\":73,\"caption\":\"Amstel Printing\"},\"image\":{\"@id\":\"https:\\\/\\\/www.amstelprinting.nl\\\/de\\\/#\\\/schema\\\/logo\\\/image\\\/\"}}]}<\/script>\n<!-- \/ Yoast SEO plugin. -->","yoast_head_json":{"title":"Schnelle Lieferung von Bannern - Innen- und Fassadenbanner nach Ma\u00df","description":"Bestellen Sie ein Banner mit schneller Lieferung innerhalb von 1 Werktag. W\u00e4hlen Sie aus Innenbannern, Fassadenbannern oder Bannerfahnen. Jetzt zusammenstellen & Marke sichtbar machen!","robots":{"index":"index","follow":"follow","max-snippet":"max-snippet:-1","max-image-preview":"max-image-preview:large","max-video-preview":"max-video-preview:-1"},"canonical":"https:\/\/www.amstelprinting.nl\/de\/gesch\u00e4ft\/alle-flaggen\/fassadenfahnen\/banner\/","og_locale":"de_DE","og_type":"article","og_title":"Schnelle Lieferung von Bannern - Innen- und Fassadenbanner nach Ma\u00df","og_description":"Bestellen Sie ein Banner mit schneller Lieferung innerhalb von 1 Werktag. W\u00e4hlen Sie aus Innenbannern, Fassadenbannern oder Bannerfahnen. Jetzt zusammenstellen & Marke sichtbar machen!","og_url":"https:\/\/www.amstelprinting.nl\/de\/gesch\u00e4ft\/alle-flaggen\/fassadenfahnen\/banner\/","og_site_name":"Amstel Printing","article_modified_time":"2026-02-18T11:53:40+00:00","og_image":[{"width":900,"height":900,"url":"https:\/\/www.amstelprinting.nl\/wp-content\/uploads\/banier-bedrukken.png","type":"image\/png"}],"twitter_card":"summary_large_image","twitter_misc":{"Gesch\u00e4tzte Lesezeit":"2\u00a0Minuten"},"schema":{"@context":"https:\/\/schema.org","@graph":[{"@type":"WebPage","@id":"https:\/\/www.amstelprinting.nl\/de\/gesch\u00e4ft\/alle-flaggen\/fassadenfahnen\/banner\/","url":"https:\/\/www.amstelprinting.nl\/de\/gesch\u00e4ft\/alle-flaggen\/fassadenfahnen\/banner\/","name":"Schnelle Lieferung von Bannern - Innen- und Fassadenbanner nach Ma\u00df","isPartOf":{"@id":"https:\/\/www.amstelprinting.nl\/de\/#website"},"primaryImageOfPage":{"@id":"https:\/\/www.amstelprinting.nl\/de\/gesch\u00e4ft\/alle-flaggen\/fassadenfahnen\/banner\/#primaryimage"},"image":{"@id":"https:\/\/www.amstelprinting.nl\/de\/gesch\u00e4ft\/alle-flaggen\/fassadenfahnen\/banner\/#primaryimage"},"thumbnailUrl":"https:\/\/www.amstelprinting.nl\/wp-content\/uploads\/banier-bedrukken.png","datePublished":"2025-01-24T10:34:26+00:00","dateModified":"2026-02-18T11:53:40+00:00","description":"Bestellen Sie ein Banner mit schneller Lieferung innerhalb von 1 Werktag. W\u00e4hlen Sie aus Innenbannern, Fassadenbannern oder Bannerfahnen. Jetzt zusammenstellen & Marke sichtbar machen!","breadcrumb":{"@id":"https:\/\/www.amstelprinting.nl\/de\/gesch\u00e4ft\/alle-flaggen\/fassadenfahnen\/banner\/#breadcrumb"},"inLanguage":"de","potentialAction":[{"@type":"ReadAction","target":["https:\/\/www.amstelprinting.nl\/de\/gesch\u00e4ft\/alle-flaggen\/fassadenfahnen\/banner\/"]}]},{"@type":"ImageObject","inLanguage":"de","@id":"https:\/\/www.amstelprinting.nl\/de\/gesch\u00e4ft\/alle-flaggen\/fassadenfahnen\/banner\/#primaryimage","url":"https:\/\/www.amstelprinting.nl\/wp-content\/uploads\/banier-bedrukken.png","contentUrl":"https:\/\/www.amstelprinting.nl\/wp-content\/uploads\/banier-bedrukken.png","width":900,"height":900},{"@type":"BreadcrumbList","@id":"https:\/\/www.amstelprinting.nl\/de\/gesch\u00e4ft\/alle-flaggen\/fassadenfahnen\/banner\/#breadcrumb","itemListElement":[{"@type":"ListItem","position":1,"name":"","item":"https:\/\/www.amstelprinting.nl\/de\/"},{"@type":"ListItem","position":2,"name":"Amstel Printing","item":"https:\/\/www.amstelprinting.nl\/de\/geschaeft\/"},{"@type":"ListItem","position":3,"name":"Innenwerbung","item":"https:\/\/www.amstelprinting.nl\/de\/kategorie\/innenwerbung\/"},{"@type":"ListItem","position":4,"name":"Einzelhandel","item":"https:\/\/www.amstelprinting.nl\/de\/kategorie\/innenwerbung\/einzelhandel\/"},{"@type":"ListItem","position":5,"name":"Banner"}]},{"@type":"WebSite","@id":"https:\/\/www.amstelprinting.nl\/de\/#website","url":"https:\/\/www.amstelprinting.nl\/de\/","name":"Amstel Printing","description":"Creating Exposure","publisher":{"@id":"https:\/\/www.amstelprinting.nl\/de\/#organization"},"potentialAction":[{"@type":"SearchAction","target":{"@type":"EntryPoint","urlTemplate":"https:\/\/www.amstelprinting.nl\/de\/?s={search_term_string}"},"query-input":{"@type":"PropertyValueSpecification","valueRequired":true,"valueName":"search_term_string"}}],"inLanguage":"de"},{"@type":"Organization","@id":"https:\/\/www.amstelprinting.nl\/de\/#organization","name":"Amstel Printing","url":"https:\/\/www.amstelprinting.nl\/de\/","logo":{"@type":"ImageObject","inLanguage":"de","@id":"https:\/\/www.amstelprinting.nl\/de\/#\/schema\/logo\/image\/","url":"https:\/\/www.amstelprinting.nl\/wp-content\/uploads\/amstel_printing_logo_clean.png","contentUrl":"https:\/\/www.amstelprinting.nl\/wp-content\/uploads\/amstel_printing_logo_clean.png","width":324,"height":73,"caption":"Amstel Printing"},"image":{"@id":"https:\/\/www.amstelprinting.nl\/de\/#\/schema\/logo\/image\/"}}]}},"_links":{"self":[{"href":"https:\/\/www.amstelprinting.nl\/de\/wp-json\/wp\/v2\/product\/13754","targetHints":{"allow":["GET"]}}],"collection":[{"href":"https:\/\/www.amstelprinting.nl\/de\/wp-json\/wp\/v2\/product"}],"about":[{"href":"https:\/\/www.amstelprinting.nl\/de\/wp-json\/wp\/v2\/types\/product"}],"wp:featuredmedia":[{"embeddable":true,"href":"https:\/\/www.amstelprinting.nl\/de\/wp-json\/wp\/v2\/media\/13755"}],"wp:attachment":[{"href":"https:\/\/www.amstelprinting.nl\/de\/wp-json\/wp\/v2\/media?parent=13754"}],"wp:term":[{"taxonomy":"product_brand","embeddable":true,"href":"https:\/\/www.amstelprinting.nl\/de\/wp-json\/wp\/v2\/product_brand?post=13754"},{"taxonomy":"product_cat","embeddable":true,"href":"https:\/\/www.amstelprinting.nl\/de\/wp-json\/wp\/v2\/product_cat?post=13754"},{"taxonomy":"product_tag","embeddable":true,"href":"https:\/\/www.amstelprinting.nl\/de\/wp-json\/wp\/v2\/product_tag?post=13754"}],"curies":[{"name":"wp","href":"https:\/\/api.w.org\/{rel}","templated":true}]}}