{"id":13764,"date":"2025-01-24T11:34:20","date_gmt":"2025-01-24T10:34:20","guid":{"rendered":"https:\/\/www.amstelprinting.nl\/winkel\/unkategorisiert\/raamvlag\/"},"modified":"2026-02-18T12:53:41","modified_gmt":"2026-02-18T11:53:41","slug":"fensterfahne","status":"publish","type":"product","link":"https:\/\/www.amstelprinting.nl\/de\/gesch\u00e4ft\/alle-flaggen\/fassadenfahnen\/fensterfahne\/","title":{"rendered":"Fensterfahne"},"content":{"rendered":"<h3>Format und Material<\/h3>\n<p>Unsere Fensterfahnen haben ein Format von 55 x 80 x 59,5 cm und sind beidseitig bedruckt, sodass Ihre Botschaft auf beiden Seiten gut sichtbar ist. Die Fahnen bestehen aus Banner 610, einer hochwertigen und robusten PVC-Gewebeart, die blickdicht ist. Dies stellt sicher, dass Ihre Botschaft oder Ihr Logo unabh\u00e4ngig von den Lichtverh\u00e4ltnissen immer scharf und klar bleibt. Sie k\u00f6nnen sowohl die Fahne einzeln bestellen als auch mit einem Fahnenmast und Aufh\u00e4ngesystem mit Saugnapf. Des Weiteren haben Sie bei der Verarbeitung der Fahne die Wahl zwischen wei\u00dfem oder schwarzem Garn.<\/p>\n<h3>Befestigung<\/h3>\n<p>Dank der praktischen Fensterfahnen-St\u00e4be und Saugn\u00e4pfe bleibt die Fensterfahne fest an ihrem Platz. Der Saugnapf haftet auf jedem Glasuntergrund, was die Montage und Demontage einfach macht. Dadurch sind L\u00f6cher in der Wand f\u00fcr einen Fahnenmasthalter nicht mehr erforderlich, und Sie k\u00f6nnen die Fensterfahne einfach versetzen oder entfernen, wenn dies n\u00f6tig ist. Bestellen Sie noch heute Ihre Fensterfahne und machen Sie Ihre Botschaft auf jedem Glasuntergrund sichtbar!<\/p>\n","protected":false},"excerpt":{"rendered":"<p><span style=\"font-weight: 400;\">Fensterfahnen sind die ideale L\u00f6sung f\u00fcr eine auff\u00e4llige und stabile Pr\u00e4sentation auf jedem Glasuntergrund. Mit dem separat bestellbaren Saugnapf befestigen Sie die Fensterfahne ganz einfach, ohne L\u00f6cher in die Wand bohren zu m\u00fcssen. Inklusive beidseitigem Druck! Geliefert innerhalb von 4 Werktagen.<\/span><\/p>\n","protected":false},"featured_media":13765,"template":"","meta":{"_et_pb_use_builder":"","_et_pb_old_content":"","_et_gb_content_width":""},"product_brand":[],"product_cat":[929,1001,926,999],"product_tag":[],"class_list":{"0":"post-13764","1":"product","2":"type-product","3":"status-publish","4":"has-post-thumbnail","6":"product_cat-ausenwerbung","7":"product_cat-fassadenfahnen","8":"product_cat-fassadenwerbung","9":"product_cat-alle-flaggen","11":"first","12":"instock","13":"taxable","14":"shipping-taxable","15":"purchasable","16":"product-type-simple"},"yoast_head":"<!-- This site is optimized with the Yoast SEO plugin v27.3 - https:\/\/yoast.com\/product\/yoast-seo-wordpress\/ -->\n<title>Fensterfahne \u2013 Beidseitige Sichtbarkeit &amp; einfache Befestigung<\/title>\n<meta name=\"description\" content=\"Erregen Sie sofort Aufmerksamkeit mit einer langlebigen Fensterfahne aus hochwertigem Bannergewebe. Lieferung innerhalb von 4 Werktagen. Lieferung in ganz Europa\" \/>\n<meta name=\"robots\" content=\"index, follow, max-snippet:-1, max-image-preview:large, max-video-preview:-1\" \/>\n<link rel=\"canonical\" href=\"https:\/\/www.amstelprinting.nl\/de\/gesch\u00e4ft\/alle-flaggen\/fassadenfahnen\/fensterfahne\/\" \/>\n<meta property=\"og:locale\" content=\"de_DE\" \/>\n<meta property=\"og:type\" content=\"article\" \/>\n<meta property=\"og:title\" content=\"Fensterfahne \u2013 Beidseitige Sichtbarkeit &amp; einfache Befestigung\" \/>\n<meta property=\"og:description\" content=\"Erregen Sie sofort Aufmerksamkeit mit einer langlebigen Fensterfahne aus hochwertigem Bannergewebe. Lieferung innerhalb von 4 Werktagen. Lieferung in ganz Europa\" \/>\n<meta property=\"og:url\" content=\"https:\/\/www.amstelprinting.nl\/de\/gesch\u00e4ft\/alle-flaggen\/fassadenfahnen\/fensterfahne\/\" \/>\n<meta property=\"og:site_name\" content=\"Amstel Printing\" \/>\n<meta property=\"article:modified_time\" content=\"2026-02-18T11:53:41+00:00\" \/>\n<meta property=\"og:image\" content=\"https:\/\/www.amstelprinting.nl\/wp-content\/uploads\/raamvlag-bedrukken.png\" \/>\n\t<meta property=\"og:image:width\" content=\"900\" \/>\n\t<meta property=\"og:image:height\" content=\"900\" \/>\n\t<meta property=\"og:image:type\" content=\"image\/png\" \/>\n<meta name=\"twitter:card\" content=\"summary_large_image\" \/>\n<meta name=\"twitter:label1\" content=\"Gesch\u00e4tzte Lesezeit\" \/>\n\t<meta name=\"twitter:data1\" content=\"1\u00a0Minute\" \/>\n<script type=\"application\/ld+json\" class=\"yoast-schema-graph\">{\"@context\":\"https:\\\/\\\/schema.org\",\"@graph\":[{\"@type\":\"WebPage\",\"@id\":\"https:\\\/\\\/www.amstelprinting.nl\\\/de\\\/gesch\u00e4ft\\\/alle-flaggen\\\/fassadenfahnen\\\/fensterfahne\\\/\",\"url\":\"https:\\\/\\\/www.amstelprinting.nl\\\/de\\\/gesch\u00e4ft\\\/alle-flaggen\\\/fassadenfahnen\\\/fensterfahne\\\/\",\"name\":\"Fensterfahne \u2013 Beidseitige Sichtbarkeit & einfache Befestigung\",\"isPartOf\":{\"@id\":\"https:\\\/\\\/www.amstelprinting.nl\\\/de\\\/#website\"},\"primaryImageOfPage\":{\"@id\":\"https:\\\/\\\/www.amstelprinting.nl\\\/de\\\/gesch\u00e4ft\\\/alle-flaggen\\\/fassadenfahnen\\\/fensterfahne\\\/#primaryimage\"},\"image\":{\"@id\":\"https:\\\/\\\/www.amstelprinting.nl\\\/de\\\/gesch\u00e4ft\\\/alle-flaggen\\\/fassadenfahnen\\\/fensterfahne\\\/#primaryimage\"},\"thumbnailUrl\":\"https:\\\/\\\/www.amstelprinting.nl\\\/wp-content\\\/uploads\\\/raamvlag-bedrukken.png\",\"datePublished\":\"2025-01-24T10:34:20+00:00\",\"dateModified\":\"2026-02-18T11:53:41+00:00\",\"description\":\"Erregen Sie sofort Aufmerksamkeit mit einer langlebigen Fensterfahne aus hochwertigem Bannergewebe. Lieferung innerhalb von 4 Werktagen. Lieferung in ganz Europa\",\"breadcrumb\":{\"@id\":\"https:\\\/\\\/www.amstelprinting.nl\\\/de\\\/gesch\u00e4ft\\\/alle-flaggen\\\/fassadenfahnen\\\/fensterfahne\\\/#breadcrumb\"},\"inLanguage\":\"de\",\"potentialAction\":[{\"@type\":\"ReadAction\",\"target\":[\"https:\\\/\\\/www.amstelprinting.nl\\\/de\\\/gesch\u00e4ft\\\/alle-flaggen\\\/fassadenfahnen\\\/fensterfahne\\\/\"]}]},{\"@type\":\"ImageObject\",\"inLanguage\":\"de\",\"@id\":\"https:\\\/\\\/www.amstelprinting.nl\\\/de\\\/gesch\u00e4ft\\\/alle-flaggen\\\/fassadenfahnen\\\/fensterfahne\\\/#primaryimage\",\"url\":\"https:\\\/\\\/www.amstelprinting.nl\\\/wp-content\\\/uploads\\\/raamvlag-bedrukken.png\",\"contentUrl\":\"https:\\\/\\\/www.amstelprinting.nl\\\/wp-content\\\/uploads\\\/raamvlag-bedrukken.png\",\"width\":900,\"height\":900},{\"@type\":\"BreadcrumbList\",\"@id\":\"https:\\\/\\\/www.amstelprinting.nl\\\/de\\\/gesch\u00e4ft\\\/alle-flaggen\\\/fassadenfahnen\\\/fensterfahne\\\/#breadcrumb\",\"itemListElement\":[{\"@type\":\"ListItem\",\"position\":1,\"name\":\"\",\"item\":\"https:\\\/\\\/www.amstelprinting.nl\\\/de\\\/\"},{\"@type\":\"ListItem\",\"position\":2,\"name\":\"Amstel Printing\",\"item\":\"https:\\\/\\\/www.amstelprinting.nl\\\/de\\\/geschaeft\\\/\"},{\"@type\":\"ListItem\",\"position\":3,\"name\":\"Au\u00dfenwerbung\",\"item\":\"https:\\\/\\\/www.amstelprinting.nl\\\/de\\\/kategorie\\\/ausenwerbung\\\/\"},{\"@type\":\"ListItem\",\"position\":4,\"name\":\"Fassadenwerbung\",\"item\":\"https:\\\/\\\/www.amstelprinting.nl\\\/de\\\/kategorie\\\/ausenwerbung\\\/fassadenwerbung\\\/\"},{\"@type\":\"ListItem\",\"position\":5,\"name\":\"Fensterfahne\"}]},{\"@type\":\"WebSite\",\"@id\":\"https:\\\/\\\/www.amstelprinting.nl\\\/de\\\/#website\",\"url\":\"https:\\\/\\\/www.amstelprinting.nl\\\/de\\\/\",\"name\":\"Amstel Printing\",\"description\":\"Creating Exposure\",\"publisher\":{\"@id\":\"https:\\\/\\\/www.amstelprinting.nl\\\/de\\\/#organization\"},\"potentialAction\":[{\"@type\":\"SearchAction\",\"target\":{\"@type\":\"EntryPoint\",\"urlTemplate\":\"https:\\\/\\\/www.amstelprinting.nl\\\/de\\\/?s={search_term_string}\"},\"query-input\":{\"@type\":\"PropertyValueSpecification\",\"valueRequired\":true,\"valueName\":\"search_term_string\"}}],\"inLanguage\":\"de\"},{\"@type\":\"Organization\",\"@id\":\"https:\\\/\\\/www.amstelprinting.nl\\\/de\\\/#organization\",\"name\":\"Amstel Printing\",\"url\":\"https:\\\/\\\/www.amstelprinting.nl\\\/de\\\/\",\"logo\":{\"@type\":\"ImageObject\",\"inLanguage\":\"de\",\"@id\":\"https:\\\/\\\/www.amstelprinting.nl\\\/de\\\/#\\\/schema\\\/logo\\\/image\\\/\",\"url\":\"https:\\\/\\\/www.amstelprinting.nl\\\/wp-content\\\/uploads\\\/amstel_printing_logo_clean.png\",\"contentUrl\":\"https:\\\/\\\/www.amstelprinting.nl\\\/wp-content\\\/uploads\\\/amstel_printing_logo_clean.png\",\"width\":324,\"height\":73,\"caption\":\"Amstel Printing\"},\"image\":{\"@id\":\"https:\\\/\\\/www.amstelprinting.nl\\\/de\\\/#\\\/schema\\\/logo\\\/image\\\/\"}}]}<\/script>\n<!-- \/ Yoast SEO plugin. -->","yoast_head_json":{"title":"Fensterfahne \u2013 Beidseitige Sichtbarkeit & einfache Befestigung","description":"Erregen Sie sofort Aufmerksamkeit mit einer langlebigen Fensterfahne aus hochwertigem Bannergewebe. Lieferung innerhalb von 4 Werktagen. Lieferung in ganz Europa","robots":{"index":"index","follow":"follow","max-snippet":"max-snippet:-1","max-image-preview":"max-image-preview:large","max-video-preview":"max-video-preview:-1"},"canonical":"https:\/\/www.amstelprinting.nl\/de\/gesch\u00e4ft\/alle-flaggen\/fassadenfahnen\/fensterfahne\/","og_locale":"de_DE","og_type":"article","og_title":"Fensterfahne \u2013 Beidseitige Sichtbarkeit & einfache Befestigung","og_description":"Erregen Sie sofort Aufmerksamkeit mit einer langlebigen Fensterfahne aus hochwertigem Bannergewebe. Lieferung innerhalb von 4 Werktagen. Lieferung in ganz Europa","og_url":"https:\/\/www.amstelprinting.nl\/de\/gesch\u00e4ft\/alle-flaggen\/fassadenfahnen\/fensterfahne\/","og_site_name":"Amstel Printing","article_modified_time":"2026-02-18T11:53:41+00:00","og_image":[{"width":900,"height":900,"url":"https:\/\/www.amstelprinting.nl\/wp-content\/uploads\/raamvlag-bedrukken.png","type":"image\/png"}],"twitter_card":"summary_large_image","twitter_misc":{"Gesch\u00e4tzte Lesezeit":"1\u00a0Minute"},"schema":{"@context":"https:\/\/schema.org","@graph":[{"@type":"WebPage","@id":"https:\/\/www.amstelprinting.nl\/de\/gesch\u00e4ft\/alle-flaggen\/fassadenfahnen\/fensterfahne\/","url":"https:\/\/www.amstelprinting.nl\/de\/gesch\u00e4ft\/alle-flaggen\/fassadenfahnen\/fensterfahne\/","name":"Fensterfahne \u2013 Beidseitige Sichtbarkeit & einfache Befestigung","isPartOf":{"@id":"https:\/\/www.amstelprinting.nl\/de\/#website"},"primaryImageOfPage":{"@id":"https:\/\/www.amstelprinting.nl\/de\/gesch\u00e4ft\/alle-flaggen\/fassadenfahnen\/fensterfahne\/#primaryimage"},"image":{"@id":"https:\/\/www.amstelprinting.nl\/de\/gesch\u00e4ft\/alle-flaggen\/fassadenfahnen\/fensterfahne\/#primaryimage"},"thumbnailUrl":"https:\/\/www.amstelprinting.nl\/wp-content\/uploads\/raamvlag-bedrukken.png","datePublished":"2025-01-24T10:34:20+00:00","dateModified":"2026-02-18T11:53:41+00:00","description":"Erregen Sie sofort Aufmerksamkeit mit einer langlebigen Fensterfahne aus hochwertigem Bannergewebe. Lieferung innerhalb von 4 Werktagen. Lieferung in ganz Europa","breadcrumb":{"@id":"https:\/\/www.amstelprinting.nl\/de\/gesch\u00e4ft\/alle-flaggen\/fassadenfahnen\/fensterfahne\/#breadcrumb"},"inLanguage":"de","potentialAction":[{"@type":"ReadAction","target":["https:\/\/www.amstelprinting.nl\/de\/gesch\u00e4ft\/alle-flaggen\/fassadenfahnen\/fensterfahne\/"]}]},{"@type":"ImageObject","inLanguage":"de","@id":"https:\/\/www.amstelprinting.nl\/de\/gesch\u00e4ft\/alle-flaggen\/fassadenfahnen\/fensterfahne\/#primaryimage","url":"https:\/\/www.amstelprinting.nl\/wp-content\/uploads\/raamvlag-bedrukken.png","contentUrl":"https:\/\/www.amstelprinting.nl\/wp-content\/uploads\/raamvlag-bedrukken.png","width":900,"height":900},{"@type":"BreadcrumbList","@id":"https:\/\/www.amstelprinting.nl\/de\/gesch\u00e4ft\/alle-flaggen\/fassadenfahnen\/fensterfahne\/#breadcrumb","itemListElement":[{"@type":"ListItem","position":1,"name":"","item":"https:\/\/www.amstelprinting.nl\/de\/"},{"@type":"ListItem","position":2,"name":"Amstel Printing","item":"https:\/\/www.amstelprinting.nl\/de\/geschaeft\/"},{"@type":"ListItem","position":3,"name":"Au\u00dfenwerbung","item":"https:\/\/www.amstelprinting.nl\/de\/kategorie\/ausenwerbung\/"},{"@type":"ListItem","position":4,"name":"Fassadenwerbung","item":"https:\/\/www.amstelprinting.nl\/de\/kategorie\/ausenwerbung\/fassadenwerbung\/"},{"@type":"ListItem","position":5,"name":"Fensterfahne"}]},{"@type":"WebSite","@id":"https:\/\/www.amstelprinting.nl\/de\/#website","url":"https:\/\/www.amstelprinting.nl\/de\/","name":"Amstel Printing","description":"Creating Exposure","publisher":{"@id":"https:\/\/www.amstelprinting.nl\/de\/#organization"},"potentialAction":[{"@type":"SearchAction","target":{"@type":"EntryPoint","urlTemplate":"https:\/\/www.amstelprinting.nl\/de\/?s={search_term_string}"},"query-input":{"@type":"PropertyValueSpecification","valueRequired":true,"valueName":"search_term_string"}}],"inLanguage":"de"},{"@type":"Organization","@id":"https:\/\/www.amstelprinting.nl\/de\/#organization","name":"Amstel Printing","url":"https:\/\/www.amstelprinting.nl\/de\/","logo":{"@type":"ImageObject","inLanguage":"de","@id":"https:\/\/www.amstelprinting.nl\/de\/#\/schema\/logo\/image\/","url":"https:\/\/www.amstelprinting.nl\/wp-content\/uploads\/amstel_printing_logo_clean.png","contentUrl":"https:\/\/www.amstelprinting.nl\/wp-content\/uploads\/amstel_printing_logo_clean.png","width":324,"height":73,"caption":"Amstel Printing"},"image":{"@id":"https:\/\/www.amstelprinting.nl\/de\/#\/schema\/logo\/image\/"}}]}},"_links":{"self":[{"href":"https:\/\/www.amstelprinting.nl\/de\/wp-json\/wp\/v2\/product\/13764","targetHints":{"allow":["GET"]}}],"collection":[{"href":"https:\/\/www.amstelprinting.nl\/de\/wp-json\/wp\/v2\/product"}],"about":[{"href":"https:\/\/www.amstelprinting.nl\/de\/wp-json\/wp\/v2\/types\/product"}],"wp:featuredmedia":[{"embeddable":true,"href":"https:\/\/www.amstelprinting.nl\/de\/wp-json\/wp\/v2\/media\/13765"}],"wp:attachment":[{"href":"https:\/\/www.amstelprinting.nl\/de\/wp-json\/wp\/v2\/media?parent=13764"}],"wp:term":[{"taxonomy":"product_brand","embeddable":true,"href":"https:\/\/www.amstelprinting.nl\/de\/wp-json\/wp\/v2\/product_brand?post=13764"},{"taxonomy":"product_cat","embeddable":true,"href":"https:\/\/www.amstelprinting.nl\/de\/wp-json\/wp\/v2\/product_cat?post=13764"},{"taxonomy":"product_tag","embeddable":true,"href":"https:\/\/www.amstelprinting.nl\/de\/wp-json\/wp\/v2\/product_tag?post=13764"}],"curies":[{"name":"wp","href":"https:\/\/api.w.org\/{rel}","templated":true}]}}