{"id":13774,"date":"2025-01-24T11:34:12","date_gmt":"2025-01-24T10:34:12","guid":{"rendered":"https:\/\/www.amstelprinting.nl\/winkel\/unkategorisiert\/lichtbak\/"},"modified":"2026-02-18T12:53:41","modified_gmt":"2026-02-18T11:53:41","slug":"leuchtkasten","status":"publish","type":"product","link":"https:\/\/www.amstelprinting.nl\/de\/gesch\u00e4ft\/ausenwerbung\/neonwerbung\/leuchtkasten\/","title":{"rendered":"Leuchtkasten"},"content":{"rendered":"<h3>Material und Ausf\u00fchrungen<\/h3>\n<p>Der Rahmen des Leuchtkastens ist aus Aluminium mit silberner Oberfl\u00e4che gefertigt. Der Kabelanschluss kann an der linken, mittleren oder rechten Seite des Rahmens platziert werden. Die \u00d6ffnung des Rahmens ist anpassbar und kann sich an der linken, rechten, oberen oder unteren Seite befinden.<\/p>\n<p>Die Platte des Leuchtkastens wird auf Plexiglas Opal hergestellt, was f\u00fcr eine gleichm\u00e4\u00dfige Lichtverteilung sorgt. Zudem wird der Druck mit einem 200% Full-Color-Druck versehen, was bei Hintergrundbeleuchtung zu lebendigen Farben f\u00fchrt. Dank der doppelten Tintenschicht bleiben die Farben auch bei ausgeschalteter LED-Beleuchtung gut sichtbar. Die Platte kann in Abmessungen bis maximal 3 x 2 Meter (aus einem St\u00fcck) gefertigt werden.<\/p>\n<p>Der Rahmen ist mit einer Dibond\u00ae-R\u00fcckplatte integriert. Auf dieser Platte werden die LED-Streifen montiert, wodurch das Licht gleichm\u00e4\u00dfig von der R\u00fcckseite verteilt wird. Dies f\u00fchrt zu einer starken und auff\u00e4lligen Darstellung des Drucks.<\/p>\n<p>Dieser Leuchtkasten wurde f\u00fcr Au\u00dfenanwendungen entwickelt und ist vollst\u00e4ndig wasserdicht. F\u00fcr zus\u00e4tzliche Sicherheit sind an der Unterseite kleine L\u00f6cher angebracht, um eventuell eingedrungenes Wasser abzulassen.<\/p>\n<h3>Montage<\/h3>\n<p>Bei der Montage ist das einfache \u00d6ffnungssystem des Rahmens zu beachten. Die Platte wird durch diese \u00d6ffnung in den Rahmen geschoben. Bei der Bestellung k\u00f6nnen Sie angeben, an welcher Seite Sie diese \u00d6ffnung w\u00fcnschen.<\/p>\n<p>Das Profil des Rahmens ist mit einer Dibond\u00ae-R\u00fcckplatte kombiniert, um Stabilit\u00e4t zu gew\u00e4hrleisten. Um sicherzustellen, dass die Platte auch bei schwierigen Wetterbedingungen fest sitzt, ist ein Aufh\u00e4ngeprofil aus Plexiglas standardm\u00e4\u00dfig im Lieferumfang enthalten. Dieses Profil muss mit dem mitgelieferten Kleber selbst an der Oberseite der Platte montiert werden.<\/p>\n","protected":false},"excerpt":{"rendered":"<p>Eine auff\u00e4llige Art, Ihre Botschaft Tag und Nacht erstrahlen zu lassen. Unsere Leuchtk\u00e4sten kombinieren stilvolles Design mit fortschrittlicher LED-Beleuchtung, perfekt f\u00fcr den Innen- und Au\u00dfenbereich. Mit einem eleganten Aluminiumrahmen und einer individuell bedruckten Plexiglas-Opalplatte bieten unsere Leuchtk\u00e4sten maximale Sichtbarkeit und Wirkung, unabh\u00e4ngig von der Tageszeit. Ausgestattet mit zwei Jahren Garantie auf den Rahmen und die LED-Beleuchtung. Stellen Sie Ihren Leuchtkasten in wenigen Schritten zusammen!<\/p>\n","protected":false},"featured_media":13775,"template":"","meta":{"_et_pb_use_builder":"","_et_pb_old_content":"","_et_gb_content_width":""},"product_brand":[],"product_cat":[929,927],"product_tag":[],"class_list":{"0":"post-13774","1":"product","2":"type-product","3":"status-publish","4":"has-post-thumbnail","6":"product_cat-ausenwerbung","7":"product_cat-neonwerbung","9":"first","10":"instock","11":"taxable","12":"shipping-taxable","13":"purchasable","14":"product-type-simple"},"yoast_head":"<!-- This site is optimized with the Yoast SEO plugin v27.3 - https:\/\/yoast.com\/product\/yoast-seo-wordpress\/ -->\n<title>Leuchtkasten mit LED-Beleuchtung - Nachhaltige &amp; helle Au\u00dfenwerbung<\/title>\n<meta name=\"description\" content=\"Leuchtkasten mit LED-Beleuchtung und klarer Plexiglas-Opalplatte. Gestalten Sie ihn jetzt und r\u00fccken Sie Ihre Botschaft Tag und Nacht wirkungsvoll ins Rampenlicht.\" \/>\n<meta name=\"robots\" content=\"index, follow, max-snippet:-1, max-image-preview:large, max-video-preview:-1\" \/>\n<link rel=\"canonical\" href=\"https:\/\/www.amstelprinting.nl\/de\/gesch\u00e4ft\/ausenwerbung\/neonwerbung\/leuchtkasten\/\" \/>\n<meta property=\"og:locale\" content=\"de_DE\" \/>\n<meta property=\"og:type\" content=\"article\" \/>\n<meta property=\"og:title\" content=\"Leuchtkasten mit LED-Beleuchtung - Nachhaltige &amp; helle Au\u00dfenwerbung\" \/>\n<meta property=\"og:description\" content=\"Leuchtkasten mit LED-Beleuchtung und klarer Plexiglas-Opalplatte. Gestalten Sie ihn jetzt und r\u00fccken Sie Ihre Botschaft Tag und Nacht wirkungsvoll ins Rampenlicht.\" \/>\n<meta property=\"og:url\" content=\"https:\/\/www.amstelprinting.nl\/de\/gesch\u00e4ft\/ausenwerbung\/neonwerbung\/leuchtkasten\/\" \/>\n<meta property=\"og:site_name\" content=\"Amstel Printing\" \/>\n<meta property=\"article:modified_time\" content=\"2026-02-18T11:53:41+00:00\" \/>\n<meta property=\"og:image\" content=\"https:\/\/www.amstelprinting.nl\/wp-content\/uploads\/Lichtbak-bedrukken1.png\" \/>\n\t<meta property=\"og:image:width\" content=\"700\" \/>\n\t<meta property=\"og:image:height\" content=\"700\" \/>\n\t<meta property=\"og:image:type\" content=\"image\/png\" \/>\n<meta name=\"twitter:card\" content=\"summary_large_image\" \/>\n<meta name=\"twitter:label1\" content=\"Gesch\u00e4tzte Lesezeit\" \/>\n\t<meta name=\"twitter:data1\" content=\"1\u00a0Minute\" \/>\n<script type=\"application\/ld+json\" class=\"yoast-schema-graph\">{\"@context\":\"https:\\\/\\\/schema.org\",\"@graph\":[{\"@type\":\"WebPage\",\"@id\":\"https:\\\/\\\/www.amstelprinting.nl\\\/de\\\/gesch\u00e4ft\\\/ausenwerbung\\\/neonwerbung\\\/leuchtkasten\\\/\",\"url\":\"https:\\\/\\\/www.amstelprinting.nl\\\/de\\\/gesch\u00e4ft\\\/ausenwerbung\\\/neonwerbung\\\/leuchtkasten\\\/\",\"name\":\"Leuchtkasten mit LED-Beleuchtung - Nachhaltige & helle Au\u00dfenwerbung\",\"isPartOf\":{\"@id\":\"https:\\\/\\\/www.amstelprinting.nl\\\/de\\\/#website\"},\"primaryImageOfPage\":{\"@id\":\"https:\\\/\\\/www.amstelprinting.nl\\\/de\\\/gesch\u00e4ft\\\/ausenwerbung\\\/neonwerbung\\\/leuchtkasten\\\/#primaryimage\"},\"image\":{\"@id\":\"https:\\\/\\\/www.amstelprinting.nl\\\/de\\\/gesch\u00e4ft\\\/ausenwerbung\\\/neonwerbung\\\/leuchtkasten\\\/#primaryimage\"},\"thumbnailUrl\":\"https:\\\/\\\/www.amstelprinting.nl\\\/wp-content\\\/uploads\\\/Lichtbak-bedrukken1.png\",\"datePublished\":\"2025-01-24T10:34:12+00:00\",\"dateModified\":\"2026-02-18T11:53:41+00:00\",\"description\":\"Leuchtkasten mit LED-Beleuchtung und klarer Plexiglas-Opalplatte. Gestalten Sie ihn jetzt und r\u00fccken Sie Ihre Botschaft Tag und Nacht wirkungsvoll ins Rampenlicht.\",\"breadcrumb\":{\"@id\":\"https:\\\/\\\/www.amstelprinting.nl\\\/de\\\/gesch\u00e4ft\\\/ausenwerbung\\\/neonwerbung\\\/leuchtkasten\\\/#breadcrumb\"},\"inLanguage\":\"de\",\"potentialAction\":[{\"@type\":\"ReadAction\",\"target\":[\"https:\\\/\\\/www.amstelprinting.nl\\\/de\\\/gesch\u00e4ft\\\/ausenwerbung\\\/neonwerbung\\\/leuchtkasten\\\/\"]}]},{\"@type\":\"ImageObject\",\"inLanguage\":\"de\",\"@id\":\"https:\\\/\\\/www.amstelprinting.nl\\\/de\\\/gesch\u00e4ft\\\/ausenwerbung\\\/neonwerbung\\\/leuchtkasten\\\/#primaryimage\",\"url\":\"https:\\\/\\\/www.amstelprinting.nl\\\/wp-content\\\/uploads\\\/Lichtbak-bedrukken1.png\",\"contentUrl\":\"https:\\\/\\\/www.amstelprinting.nl\\\/wp-content\\\/uploads\\\/Lichtbak-bedrukken1.png\",\"width\":700,\"height\":700},{\"@type\":\"BreadcrumbList\",\"@id\":\"https:\\\/\\\/www.amstelprinting.nl\\\/de\\\/gesch\u00e4ft\\\/ausenwerbung\\\/neonwerbung\\\/leuchtkasten\\\/#breadcrumb\",\"itemListElement\":[{\"@type\":\"ListItem\",\"position\":1,\"name\":\"\",\"item\":\"https:\\\/\\\/www.amstelprinting.nl\\\/de\\\/\"},{\"@type\":\"ListItem\",\"position\":2,\"name\":\"Amstel Printing\",\"item\":\"https:\\\/\\\/www.amstelprinting.nl\\\/de\\\/geschaeft\\\/\"},{\"@type\":\"ListItem\",\"position\":3,\"name\":\"Au\u00dfenwerbung\",\"item\":\"https:\\\/\\\/www.amstelprinting.nl\\\/de\\\/kategorie\\\/ausenwerbung\\\/\"},{\"@type\":\"ListItem\",\"position\":4,\"name\":\"Neonwerbung\",\"item\":\"https:\\\/\\\/www.amstelprinting.nl\\\/de\\\/kategorie\\\/ausenwerbung\\\/neonwerbung\\\/\"},{\"@type\":\"ListItem\",\"position\":5,\"name\":\"Leuchtkasten\"}]},{\"@type\":\"WebSite\",\"@id\":\"https:\\\/\\\/www.amstelprinting.nl\\\/de\\\/#website\",\"url\":\"https:\\\/\\\/www.amstelprinting.nl\\\/de\\\/\",\"name\":\"Amstel Printing\",\"description\":\"Creating Exposure\",\"publisher\":{\"@id\":\"https:\\\/\\\/www.amstelprinting.nl\\\/de\\\/#organization\"},\"potentialAction\":[{\"@type\":\"SearchAction\",\"target\":{\"@type\":\"EntryPoint\",\"urlTemplate\":\"https:\\\/\\\/www.amstelprinting.nl\\\/de\\\/?s={search_term_string}\"},\"query-input\":{\"@type\":\"PropertyValueSpecification\",\"valueRequired\":true,\"valueName\":\"search_term_string\"}}],\"inLanguage\":\"de\"},{\"@type\":\"Organization\",\"@id\":\"https:\\\/\\\/www.amstelprinting.nl\\\/de\\\/#organization\",\"name\":\"Amstel Printing\",\"url\":\"https:\\\/\\\/www.amstelprinting.nl\\\/de\\\/\",\"logo\":{\"@type\":\"ImageObject\",\"inLanguage\":\"de\",\"@id\":\"https:\\\/\\\/www.amstelprinting.nl\\\/de\\\/#\\\/schema\\\/logo\\\/image\\\/\",\"url\":\"https:\\\/\\\/www.amstelprinting.nl\\\/wp-content\\\/uploads\\\/amstel_printing_logo_clean.png\",\"contentUrl\":\"https:\\\/\\\/www.amstelprinting.nl\\\/wp-content\\\/uploads\\\/amstel_printing_logo_clean.png\",\"width\":324,\"height\":73,\"caption\":\"Amstel Printing\"},\"image\":{\"@id\":\"https:\\\/\\\/www.amstelprinting.nl\\\/de\\\/#\\\/schema\\\/logo\\\/image\\\/\"}}]}<\/script>\n<!-- \/ Yoast SEO plugin. -->","yoast_head_json":{"title":"Leuchtkasten mit LED-Beleuchtung - Nachhaltige & helle Au\u00dfenwerbung","description":"Leuchtkasten mit LED-Beleuchtung und klarer Plexiglas-Opalplatte. Gestalten Sie ihn jetzt und r\u00fccken Sie Ihre Botschaft Tag und Nacht wirkungsvoll ins Rampenlicht.","robots":{"index":"index","follow":"follow","max-snippet":"max-snippet:-1","max-image-preview":"max-image-preview:large","max-video-preview":"max-video-preview:-1"},"canonical":"https:\/\/www.amstelprinting.nl\/de\/gesch\u00e4ft\/ausenwerbung\/neonwerbung\/leuchtkasten\/","og_locale":"de_DE","og_type":"article","og_title":"Leuchtkasten mit LED-Beleuchtung - Nachhaltige & helle Au\u00dfenwerbung","og_description":"Leuchtkasten mit LED-Beleuchtung und klarer Plexiglas-Opalplatte. Gestalten Sie ihn jetzt und r\u00fccken Sie Ihre Botschaft Tag und Nacht wirkungsvoll ins Rampenlicht.","og_url":"https:\/\/www.amstelprinting.nl\/de\/gesch\u00e4ft\/ausenwerbung\/neonwerbung\/leuchtkasten\/","og_site_name":"Amstel Printing","article_modified_time":"2026-02-18T11:53:41+00:00","og_image":[{"width":700,"height":700,"url":"https:\/\/www.amstelprinting.nl\/wp-content\/uploads\/Lichtbak-bedrukken1.png","type":"image\/png"}],"twitter_card":"summary_large_image","twitter_misc":{"Gesch\u00e4tzte Lesezeit":"1\u00a0Minute"},"schema":{"@context":"https:\/\/schema.org","@graph":[{"@type":"WebPage","@id":"https:\/\/www.amstelprinting.nl\/de\/gesch\u00e4ft\/ausenwerbung\/neonwerbung\/leuchtkasten\/","url":"https:\/\/www.amstelprinting.nl\/de\/gesch\u00e4ft\/ausenwerbung\/neonwerbung\/leuchtkasten\/","name":"Leuchtkasten mit LED-Beleuchtung - Nachhaltige & helle Au\u00dfenwerbung","isPartOf":{"@id":"https:\/\/www.amstelprinting.nl\/de\/#website"},"primaryImageOfPage":{"@id":"https:\/\/www.amstelprinting.nl\/de\/gesch\u00e4ft\/ausenwerbung\/neonwerbung\/leuchtkasten\/#primaryimage"},"image":{"@id":"https:\/\/www.amstelprinting.nl\/de\/gesch\u00e4ft\/ausenwerbung\/neonwerbung\/leuchtkasten\/#primaryimage"},"thumbnailUrl":"https:\/\/www.amstelprinting.nl\/wp-content\/uploads\/Lichtbak-bedrukken1.png","datePublished":"2025-01-24T10:34:12+00:00","dateModified":"2026-02-18T11:53:41+00:00","description":"Leuchtkasten mit LED-Beleuchtung und klarer Plexiglas-Opalplatte. Gestalten Sie ihn jetzt und r\u00fccken Sie Ihre Botschaft Tag und Nacht wirkungsvoll ins Rampenlicht.","breadcrumb":{"@id":"https:\/\/www.amstelprinting.nl\/de\/gesch\u00e4ft\/ausenwerbung\/neonwerbung\/leuchtkasten\/#breadcrumb"},"inLanguage":"de","potentialAction":[{"@type":"ReadAction","target":["https:\/\/www.amstelprinting.nl\/de\/gesch\u00e4ft\/ausenwerbung\/neonwerbung\/leuchtkasten\/"]}]},{"@type":"ImageObject","inLanguage":"de","@id":"https:\/\/www.amstelprinting.nl\/de\/gesch\u00e4ft\/ausenwerbung\/neonwerbung\/leuchtkasten\/#primaryimage","url":"https:\/\/www.amstelprinting.nl\/wp-content\/uploads\/Lichtbak-bedrukken1.png","contentUrl":"https:\/\/www.amstelprinting.nl\/wp-content\/uploads\/Lichtbak-bedrukken1.png","width":700,"height":700},{"@type":"BreadcrumbList","@id":"https:\/\/www.amstelprinting.nl\/de\/gesch\u00e4ft\/ausenwerbung\/neonwerbung\/leuchtkasten\/#breadcrumb","itemListElement":[{"@type":"ListItem","position":1,"name":"","item":"https:\/\/www.amstelprinting.nl\/de\/"},{"@type":"ListItem","position":2,"name":"Amstel Printing","item":"https:\/\/www.amstelprinting.nl\/de\/geschaeft\/"},{"@type":"ListItem","position":3,"name":"Au\u00dfenwerbung","item":"https:\/\/www.amstelprinting.nl\/de\/kategorie\/ausenwerbung\/"},{"@type":"ListItem","position":4,"name":"Neonwerbung","item":"https:\/\/www.amstelprinting.nl\/de\/kategorie\/ausenwerbung\/neonwerbung\/"},{"@type":"ListItem","position":5,"name":"Leuchtkasten"}]},{"@type":"WebSite","@id":"https:\/\/www.amstelprinting.nl\/de\/#website","url":"https:\/\/www.amstelprinting.nl\/de\/","name":"Amstel Printing","description":"Creating Exposure","publisher":{"@id":"https:\/\/www.amstelprinting.nl\/de\/#organization"},"potentialAction":[{"@type":"SearchAction","target":{"@type":"EntryPoint","urlTemplate":"https:\/\/www.amstelprinting.nl\/de\/?s={search_term_string}"},"query-input":{"@type":"PropertyValueSpecification","valueRequired":true,"valueName":"search_term_string"}}],"inLanguage":"de"},{"@type":"Organization","@id":"https:\/\/www.amstelprinting.nl\/de\/#organization","name":"Amstel Printing","url":"https:\/\/www.amstelprinting.nl\/de\/","logo":{"@type":"ImageObject","inLanguage":"de","@id":"https:\/\/www.amstelprinting.nl\/de\/#\/schema\/logo\/image\/","url":"https:\/\/www.amstelprinting.nl\/wp-content\/uploads\/amstel_printing_logo_clean.png","contentUrl":"https:\/\/www.amstelprinting.nl\/wp-content\/uploads\/amstel_printing_logo_clean.png","width":324,"height":73,"caption":"Amstel Printing"},"image":{"@id":"https:\/\/www.amstelprinting.nl\/de\/#\/schema\/logo\/image\/"}}]}},"_links":{"self":[{"href":"https:\/\/www.amstelprinting.nl\/de\/wp-json\/wp\/v2\/product\/13774","targetHints":{"allow":["GET"]}}],"collection":[{"href":"https:\/\/www.amstelprinting.nl\/de\/wp-json\/wp\/v2\/product"}],"about":[{"href":"https:\/\/www.amstelprinting.nl\/de\/wp-json\/wp\/v2\/types\/product"}],"wp:featuredmedia":[{"embeddable":true,"href":"https:\/\/www.amstelprinting.nl\/de\/wp-json\/wp\/v2\/media\/13775"}],"wp:attachment":[{"href":"https:\/\/www.amstelprinting.nl\/de\/wp-json\/wp\/v2\/media?parent=13774"}],"wp:term":[{"taxonomy":"product_brand","embeddable":true,"href":"https:\/\/www.amstelprinting.nl\/de\/wp-json\/wp\/v2\/product_brand?post=13774"},{"taxonomy":"product_cat","embeddable":true,"href":"https:\/\/www.amstelprinting.nl\/de\/wp-json\/wp\/v2\/product_cat?post=13774"},{"taxonomy":"product_tag","embeddable":true,"href":"https:\/\/www.amstelprinting.nl\/de\/wp-json\/wp\/v2\/product_tag?post=13774"}],"curies":[{"name":"wp","href":"https:\/\/api.w.org\/{rel}","templated":true}]}}