{"id":13784,"date":"2025-01-24T11:34:08","date_gmt":"2025-01-24T10:34:08","guid":{"rendered":"https:\/\/www.amstelprinting.nl\/winkel\/unkategorisiert\/outdoor-led-frame-2\/"},"modified":"2026-02-18T12:53:42","modified_gmt":"2026-02-18T11:53:42","slug":"outdoor-led-rahmen","status":"publish","type":"product","link":"https:\/\/www.amstelprinting.nl\/de\/gesch\u00e4ft\/ausenwerbung\/bannerrahmen\/outdoor-led-rahmen\/","title":{"rendered":"Outdoor LED-Rahmen"},"content":{"rendered":"<h3>Material und Ausf\u00fchrungen<\/h3>\n<p>Der Outdoor LED-Rahmen hat dank des silbernen Aluminiumdesigns ein modernes Aussehen. Die flexiblen Nuten bieten Platz f\u00fcr den Flachkeder des Tuchs, was eine einfache Anpassung in verschiedenen Formaten erm\u00f6glicht. Der Rahmen ist robust und wasserdicht und verf\u00fcgt \u00fcber Entw\u00e4sserungsl\u00f6cher an der Unterseite, um \u00fcbersch\u00fcssiges Wasser abzuleiten.<\/p>\n<p><strong>Netzkabel<\/strong> &#8211; Sie k\u00f6nnen aus verschiedenen Platzierungsm\u00f6glichkeiten f\u00fcr den Stromanschluss w\u00e4hlen: links, in der Mitte oder rechts, wodurch der Rahmen flexibel f\u00fcr Ihre spezifischen Anforderungen einsetzbar ist.<\/p>\n<p><strong>Tuch<\/strong> &#8211; Mit einem kr\u00e4ftigen 200% Full-Color-Druck auf wasserabweisendem Backlit-Tuch sind Ihnen lebendige Farben garantiert, auch bei beleuchteten Anwendungen. Die Dibond\u00ae-R\u00fcckplatte mit montierten LED-Streifen sorgt f\u00fcr eine gleichm\u00e4\u00dfige Lichtverteilung, wodurch Ihre Botschaft effektiv und auff\u00e4llig pr\u00e4sentiert wird.<\/p>\n<h3>Flexibel zusammenstellen und nachbestellen<\/h3>\n<p>W\u00e4hlen Sie ein Komplettset inklusive montiertem Rahmen oder w\u00e4hlen Sie einzelne T\u00fccher oder Rahmen nach Wunsch.<\/p>\n<h3>H\u00e4ufig gestellte Fragen<\/h3>\n<p><strong>Bis zu welcher Gr\u00f6\u00dfe kann dieses Produkt maximal bestellt werden?<\/strong><br \/>\nSie k\u00f6nnen dieses Produkt bis zu einer beeindruckenden Gr\u00f6\u00dfe von nicht weniger als 300 cm x 1000 cm bestellen. Ben\u00f6tigen Sie ein gr\u00f6\u00dferes Format oder w\u00fcnschen Sie eine andere Farbe? Fordern Sie einfach ein Angebot f\u00fcr eine Ma\u00dfanfertigung an.<\/p>\n<p><strong>Welche anderen Rahmenfarben sind m\u00f6glich?<\/strong><br \/>\nDer Outdoor LED-Rahmen ist standardm\u00e4\u00dfig in silbernem Aluminium erh\u00e4ltlich. Wenn Sie eine andere Farbe bevorzugen, k\u00f6nnen Sie uns einfach den RAL-Farbcode mitteilen. Wir sorgen daf\u00fcr, dass der Rahmen in der von Ihnen gew\u00e4hlten Farbe pulverbeschichtet wird. Bitte beachten Sie, dass dies die Lieferzeit um ca. 2 Wochen verl\u00e4ngern kann.<\/p>\n<p><strong>Was ist die erwartete Lebensdauer von Backlit?<\/strong><br \/>\nBacklit hat bei Verwendung im Innenbereich eine lange Lebensdauer von mehreren Jahren. Bei Verwendung im Au\u00dfenbereich wird die Lebensdauer auf etwa 1 Jahr gesch\u00e4tzt. Verschiedene Faktoren wie UV-Licht und Wetterbedingungen k\u00f6nnen die Lebensdauer beeinflussen.<\/p>\n<p><strong>Welche Produktionstechnik wird f\u00fcr dieses Material verwendet?<\/strong><br \/>\nWir verwenden UV-Drucktechnologie zum Bedrucken dieses Materials. Diese Technik sorgt f\u00fcr eine kratzfeste Tinte, die Langlebigkeit garantiert. Bitte beachten Sie, dass der Druck zu Beginn nicht v\u00f6llig geruchlos ist, dieser Geruch jedoch mit der Zeit verschwindet.<\/p>\n","protected":false},"excerpt":{"rendered":"<p>Entdecken Sie unseren Outdoor LED-Rahmen, der speziell entwickelt wurde, um Ihre Botschaft auch in anspruchsvollen Au\u00dfenumgebungen effektiv zur Geltung zu bringen. Ihr Druck wird wundersch\u00f6n intensiv beleuchtet. Ausgestattet mit 2 Jahren Garantie auf den Rahmen und die LED-Beleuchtung. Konfigurieren Sie unten Ihren Outdoor LED-Rahmen in wenigen Schritten ganz nach Ihren W\u00fcnschen.<\/p>\n","protected":false},"featured_media":13785,"template":"","meta":{"_et_pb_use_builder":"","_et_pb_old_content":"","_et_gb_content_width":""},"product_brand":[],"product_cat":[929,923,927],"product_tag":[],"class_list":{"0":"post-13784","1":"product","2":"type-product","3":"status-publish","4":"has-post-thumbnail","6":"product_cat-ausenwerbung","7":"product_cat-bannerrahmen","8":"product_cat-neonwerbung","10":"first","11":"instock","12":"taxable","13":"shipping-taxable","14":"purchasable","15":"product-type-simple"},"yoast_head":"<!-- This site is optimized with the Yoast SEO plugin v27.3 - https:\/\/yoast.com\/product\/yoast-seo-wordpress\/ -->\n<title>Outdoor LED-Rahmen \u2013 Robuste, wasserdichte Werbebeleuchtung<\/title>\n<meta name=\"description\" content=\"Outdoor LED-Rahmen: intensiv gleichm\u00e4\u00dfige Beleuchtung, wasserabweisendes Backlit-Tuch und flexible Installation. Perfekt f\u00fcr nachhaltige Au\u00dfenwerbung mit 2 Jahren Garantie.\" \/>\n<meta name=\"robots\" content=\"index, follow, max-snippet:-1, max-image-preview:large, max-video-preview:-1\" \/>\n<link rel=\"canonical\" href=\"https:\/\/www.amstelprinting.nl\/de\/gesch\u00e4ft\/ausenwerbung\/bannerrahmen\/outdoor-led-rahmen\/\" \/>\n<meta property=\"og:locale\" content=\"de_DE\" \/>\n<meta property=\"og:type\" content=\"article\" \/>\n<meta property=\"og:title\" content=\"Outdoor LED-Rahmen \u2013 Robuste, wasserdichte Werbebeleuchtung\" \/>\n<meta property=\"og:description\" content=\"Outdoor LED-Rahmen: intensiv gleichm\u00e4\u00dfige Beleuchtung, wasserabweisendes Backlit-Tuch und flexible Installation. Perfekt f\u00fcr nachhaltige Au\u00dfenwerbung mit 2 Jahren Garantie.\" \/>\n<meta property=\"og:url\" content=\"https:\/\/www.amstelprinting.nl\/de\/gesch\u00e4ft\/ausenwerbung\/bannerrahmen\/outdoor-led-rahmen\/\" \/>\n<meta property=\"og:site_name\" content=\"Amstel Printing\" \/>\n<meta property=\"article:modified_time\" content=\"2026-02-18T11:53:42+00:00\" \/>\n<meta property=\"og:image\" content=\"https:\/\/www.amstelprinting.nl\/wp-content\/uploads\/outdoor-led-frame-bedrukken-1.png\" \/>\n\t<meta property=\"og:image:width\" content=\"700\" \/>\n\t<meta property=\"og:image:height\" content=\"700\" \/>\n\t<meta property=\"og:image:type\" content=\"image\/png\" \/>\n<meta name=\"twitter:card\" content=\"summary_large_image\" \/>\n<meta name=\"twitter:label1\" content=\"Gesch\u00e4tzte Lesezeit\" \/>\n\t<meta name=\"twitter:data1\" content=\"2\u00a0Minuten\" \/>\n<script type=\"application\/ld+json\" class=\"yoast-schema-graph\">{\"@context\":\"https:\\\/\\\/schema.org\",\"@graph\":[{\"@type\":\"WebPage\",\"@id\":\"https:\\\/\\\/www.amstelprinting.nl\\\/de\\\/gesch\u00e4ft\\\/ausenwerbung\\\/bannerrahmen\\\/outdoor-led-rahmen\\\/\",\"url\":\"https:\\\/\\\/www.amstelprinting.nl\\\/de\\\/gesch\u00e4ft\\\/ausenwerbung\\\/bannerrahmen\\\/outdoor-led-rahmen\\\/\",\"name\":\"Outdoor LED-Rahmen \u2013 Robuste, wasserdichte Werbebeleuchtung\",\"isPartOf\":{\"@id\":\"https:\\\/\\\/www.amstelprinting.nl\\\/de\\\/#website\"},\"primaryImageOfPage\":{\"@id\":\"https:\\\/\\\/www.amstelprinting.nl\\\/de\\\/gesch\u00e4ft\\\/ausenwerbung\\\/bannerrahmen\\\/outdoor-led-rahmen\\\/#primaryimage\"},\"image\":{\"@id\":\"https:\\\/\\\/www.amstelprinting.nl\\\/de\\\/gesch\u00e4ft\\\/ausenwerbung\\\/bannerrahmen\\\/outdoor-led-rahmen\\\/#primaryimage\"},\"thumbnailUrl\":\"https:\\\/\\\/www.amstelprinting.nl\\\/wp-content\\\/uploads\\\/outdoor-led-frame-bedrukken-1.png\",\"datePublished\":\"2025-01-24T10:34:08+00:00\",\"dateModified\":\"2026-02-18T11:53:42+00:00\",\"description\":\"Outdoor LED-Rahmen: intensiv gleichm\u00e4\u00dfige Beleuchtung, wasserabweisendes Backlit-Tuch und flexible Installation. Perfekt f\u00fcr nachhaltige Au\u00dfenwerbung mit 2 Jahren Garantie.\",\"breadcrumb\":{\"@id\":\"https:\\\/\\\/www.amstelprinting.nl\\\/de\\\/gesch\u00e4ft\\\/ausenwerbung\\\/bannerrahmen\\\/outdoor-led-rahmen\\\/#breadcrumb\"},\"inLanguage\":\"de\",\"potentialAction\":[{\"@type\":\"ReadAction\",\"target\":[\"https:\\\/\\\/www.amstelprinting.nl\\\/de\\\/gesch\u00e4ft\\\/ausenwerbung\\\/bannerrahmen\\\/outdoor-led-rahmen\\\/\"]}]},{\"@type\":\"ImageObject\",\"inLanguage\":\"de\",\"@id\":\"https:\\\/\\\/www.amstelprinting.nl\\\/de\\\/gesch\u00e4ft\\\/ausenwerbung\\\/bannerrahmen\\\/outdoor-led-rahmen\\\/#primaryimage\",\"url\":\"https:\\\/\\\/www.amstelprinting.nl\\\/wp-content\\\/uploads\\\/outdoor-led-frame-bedrukken-1.png\",\"contentUrl\":\"https:\\\/\\\/www.amstelprinting.nl\\\/wp-content\\\/uploads\\\/outdoor-led-frame-bedrukken-1.png\",\"width\":700,\"height\":700},{\"@type\":\"BreadcrumbList\",\"@id\":\"https:\\\/\\\/www.amstelprinting.nl\\\/de\\\/gesch\u00e4ft\\\/ausenwerbung\\\/bannerrahmen\\\/outdoor-led-rahmen\\\/#breadcrumb\",\"itemListElement\":[{\"@type\":\"ListItem\",\"position\":1,\"name\":\"\",\"item\":\"https:\\\/\\\/www.amstelprinting.nl\\\/de\\\/\"},{\"@type\":\"ListItem\",\"position\":2,\"name\":\"Amstel Printing\",\"item\":\"https:\\\/\\\/www.amstelprinting.nl\\\/de\\\/geschaeft\\\/\"},{\"@type\":\"ListItem\",\"position\":3,\"name\":\"Au\u00dfenwerbung\",\"item\":\"https:\\\/\\\/www.amstelprinting.nl\\\/de\\\/kategorie\\\/ausenwerbung\\\/\"},{\"@type\":\"ListItem\",\"position\":4,\"name\":\"Neonwerbung\",\"item\":\"https:\\\/\\\/www.amstelprinting.nl\\\/de\\\/kategorie\\\/ausenwerbung\\\/neonwerbung\\\/\"},{\"@type\":\"ListItem\",\"position\":5,\"name\":\"Outdoor LED-Rahmen\"}]},{\"@type\":\"WebSite\",\"@id\":\"https:\\\/\\\/www.amstelprinting.nl\\\/de\\\/#website\",\"url\":\"https:\\\/\\\/www.amstelprinting.nl\\\/de\\\/\",\"name\":\"Amstel Printing\",\"description\":\"Creating Exposure\",\"publisher\":{\"@id\":\"https:\\\/\\\/www.amstelprinting.nl\\\/de\\\/#organization\"},\"potentialAction\":[{\"@type\":\"SearchAction\",\"target\":{\"@type\":\"EntryPoint\",\"urlTemplate\":\"https:\\\/\\\/www.amstelprinting.nl\\\/de\\\/?s={search_term_string}\"},\"query-input\":{\"@type\":\"PropertyValueSpecification\",\"valueRequired\":true,\"valueName\":\"search_term_string\"}}],\"inLanguage\":\"de\"},{\"@type\":\"Organization\",\"@id\":\"https:\\\/\\\/www.amstelprinting.nl\\\/de\\\/#organization\",\"name\":\"Amstel Printing\",\"url\":\"https:\\\/\\\/www.amstelprinting.nl\\\/de\\\/\",\"logo\":{\"@type\":\"ImageObject\",\"inLanguage\":\"de\",\"@id\":\"https:\\\/\\\/www.amstelprinting.nl\\\/de\\\/#\\\/schema\\\/logo\\\/image\\\/\",\"url\":\"https:\\\/\\\/www.amstelprinting.nl\\\/wp-content\\\/uploads\\\/amstel_printing_logo_clean.png\",\"contentUrl\":\"https:\\\/\\\/www.amstelprinting.nl\\\/wp-content\\\/uploads\\\/amstel_printing_logo_clean.png\",\"width\":324,\"height\":73,\"caption\":\"Amstel Printing\"},\"image\":{\"@id\":\"https:\\\/\\\/www.amstelprinting.nl\\\/de\\\/#\\\/schema\\\/logo\\\/image\\\/\"}}]}<\/script>\n<!-- \/ Yoast SEO plugin. -->","yoast_head_json":{"title":"Outdoor LED-Rahmen \u2013 Robuste, wasserdichte Werbebeleuchtung","description":"Outdoor LED-Rahmen: intensiv gleichm\u00e4\u00dfige Beleuchtung, wasserabweisendes Backlit-Tuch und flexible Installation. Perfekt f\u00fcr nachhaltige Au\u00dfenwerbung mit 2 Jahren Garantie.","robots":{"index":"index","follow":"follow","max-snippet":"max-snippet:-1","max-image-preview":"max-image-preview:large","max-video-preview":"max-video-preview:-1"},"canonical":"https:\/\/www.amstelprinting.nl\/de\/gesch\u00e4ft\/ausenwerbung\/bannerrahmen\/outdoor-led-rahmen\/","og_locale":"de_DE","og_type":"article","og_title":"Outdoor LED-Rahmen \u2013 Robuste, wasserdichte Werbebeleuchtung","og_description":"Outdoor LED-Rahmen: intensiv gleichm\u00e4\u00dfige Beleuchtung, wasserabweisendes Backlit-Tuch und flexible Installation. Perfekt f\u00fcr nachhaltige Au\u00dfenwerbung mit 2 Jahren Garantie.","og_url":"https:\/\/www.amstelprinting.nl\/de\/gesch\u00e4ft\/ausenwerbung\/bannerrahmen\/outdoor-led-rahmen\/","og_site_name":"Amstel Printing","article_modified_time":"2026-02-18T11:53:42+00:00","og_image":[{"width":700,"height":700,"url":"https:\/\/www.amstelprinting.nl\/wp-content\/uploads\/outdoor-led-frame-bedrukken-1.png","type":"image\/png"}],"twitter_card":"summary_large_image","twitter_misc":{"Gesch\u00e4tzte Lesezeit":"2\u00a0Minuten"},"schema":{"@context":"https:\/\/schema.org","@graph":[{"@type":"WebPage","@id":"https:\/\/www.amstelprinting.nl\/de\/gesch\u00e4ft\/ausenwerbung\/bannerrahmen\/outdoor-led-rahmen\/","url":"https:\/\/www.amstelprinting.nl\/de\/gesch\u00e4ft\/ausenwerbung\/bannerrahmen\/outdoor-led-rahmen\/","name":"Outdoor LED-Rahmen \u2013 Robuste, wasserdichte Werbebeleuchtung","isPartOf":{"@id":"https:\/\/www.amstelprinting.nl\/de\/#website"},"primaryImageOfPage":{"@id":"https:\/\/www.amstelprinting.nl\/de\/gesch\u00e4ft\/ausenwerbung\/bannerrahmen\/outdoor-led-rahmen\/#primaryimage"},"image":{"@id":"https:\/\/www.amstelprinting.nl\/de\/gesch\u00e4ft\/ausenwerbung\/bannerrahmen\/outdoor-led-rahmen\/#primaryimage"},"thumbnailUrl":"https:\/\/www.amstelprinting.nl\/wp-content\/uploads\/outdoor-led-frame-bedrukken-1.png","datePublished":"2025-01-24T10:34:08+00:00","dateModified":"2026-02-18T11:53:42+00:00","description":"Outdoor LED-Rahmen: intensiv gleichm\u00e4\u00dfige Beleuchtung, wasserabweisendes Backlit-Tuch und flexible Installation. Perfekt f\u00fcr nachhaltige Au\u00dfenwerbung mit 2 Jahren Garantie.","breadcrumb":{"@id":"https:\/\/www.amstelprinting.nl\/de\/gesch\u00e4ft\/ausenwerbung\/bannerrahmen\/outdoor-led-rahmen\/#breadcrumb"},"inLanguage":"de","potentialAction":[{"@type":"ReadAction","target":["https:\/\/www.amstelprinting.nl\/de\/gesch\u00e4ft\/ausenwerbung\/bannerrahmen\/outdoor-led-rahmen\/"]}]},{"@type":"ImageObject","inLanguage":"de","@id":"https:\/\/www.amstelprinting.nl\/de\/gesch\u00e4ft\/ausenwerbung\/bannerrahmen\/outdoor-led-rahmen\/#primaryimage","url":"https:\/\/www.amstelprinting.nl\/wp-content\/uploads\/outdoor-led-frame-bedrukken-1.png","contentUrl":"https:\/\/www.amstelprinting.nl\/wp-content\/uploads\/outdoor-led-frame-bedrukken-1.png","width":700,"height":700},{"@type":"BreadcrumbList","@id":"https:\/\/www.amstelprinting.nl\/de\/gesch\u00e4ft\/ausenwerbung\/bannerrahmen\/outdoor-led-rahmen\/#breadcrumb","itemListElement":[{"@type":"ListItem","position":1,"name":"","item":"https:\/\/www.amstelprinting.nl\/de\/"},{"@type":"ListItem","position":2,"name":"Amstel Printing","item":"https:\/\/www.amstelprinting.nl\/de\/geschaeft\/"},{"@type":"ListItem","position":3,"name":"Au\u00dfenwerbung","item":"https:\/\/www.amstelprinting.nl\/de\/kategorie\/ausenwerbung\/"},{"@type":"ListItem","position":4,"name":"Neonwerbung","item":"https:\/\/www.amstelprinting.nl\/de\/kategorie\/ausenwerbung\/neonwerbung\/"},{"@type":"ListItem","position":5,"name":"Outdoor LED-Rahmen"}]},{"@type":"WebSite","@id":"https:\/\/www.amstelprinting.nl\/de\/#website","url":"https:\/\/www.amstelprinting.nl\/de\/","name":"Amstel Printing","description":"Creating Exposure","publisher":{"@id":"https:\/\/www.amstelprinting.nl\/de\/#organization"},"potentialAction":[{"@type":"SearchAction","target":{"@type":"EntryPoint","urlTemplate":"https:\/\/www.amstelprinting.nl\/de\/?s={search_term_string}"},"query-input":{"@type":"PropertyValueSpecification","valueRequired":true,"valueName":"search_term_string"}}],"inLanguage":"de"},{"@type":"Organization","@id":"https:\/\/www.amstelprinting.nl\/de\/#organization","name":"Amstel Printing","url":"https:\/\/www.amstelprinting.nl\/de\/","logo":{"@type":"ImageObject","inLanguage":"de","@id":"https:\/\/www.amstelprinting.nl\/de\/#\/schema\/logo\/image\/","url":"https:\/\/www.amstelprinting.nl\/wp-content\/uploads\/amstel_printing_logo_clean.png","contentUrl":"https:\/\/www.amstelprinting.nl\/wp-content\/uploads\/amstel_printing_logo_clean.png","width":324,"height":73,"caption":"Amstel Printing"},"image":{"@id":"https:\/\/www.amstelprinting.nl\/de\/#\/schema\/logo\/image\/"}}]}},"_links":{"self":[{"href":"https:\/\/www.amstelprinting.nl\/de\/wp-json\/wp\/v2\/product\/13784","targetHints":{"allow":["GET"]}}],"collection":[{"href":"https:\/\/www.amstelprinting.nl\/de\/wp-json\/wp\/v2\/product"}],"about":[{"href":"https:\/\/www.amstelprinting.nl\/de\/wp-json\/wp\/v2\/types\/product"}],"wp:featuredmedia":[{"embeddable":true,"href":"https:\/\/www.amstelprinting.nl\/de\/wp-json\/wp\/v2\/media\/13785"}],"wp:attachment":[{"href":"https:\/\/www.amstelprinting.nl\/de\/wp-json\/wp\/v2\/media?parent=13784"}],"wp:term":[{"taxonomy":"product_brand","embeddable":true,"href":"https:\/\/www.amstelprinting.nl\/de\/wp-json\/wp\/v2\/product_brand?post=13784"},{"taxonomy":"product_cat","embeddable":true,"href":"https:\/\/www.amstelprinting.nl\/de\/wp-json\/wp\/v2\/product_cat?post=13784"},{"taxonomy":"product_tag","embeddable":true,"href":"https:\/\/www.amstelprinting.nl\/de\/wp-json\/wp\/v2\/product_tag?post=13784"}],"curies":[{"name":"wp","href":"https:\/\/api.w.org\/{rel}","templated":true}]}}