{"id":13794,"date":"2025-01-24T11:34:03","date_gmt":"2025-01-24T10:34:03","guid":{"rendered":"https:\/\/www.amstelprinting.nl\/winkel\/unkategorisiert\/lichtbakposter\/"},"modified":"2026-02-18T12:53:42","modified_gmt":"2026-02-18T11:53:42","slug":"leuchtkasten-poster","status":"publish","type":"product","link":"https:\/\/www.amstelprinting.nl\/de\/gesch\u00e4ft\/ausenwerbung\/neonwerbung\/leuchtkasten-poster\/","title":{"rendered":"Leuchtkasten-Poster"},"content":{"rendered":"<h3>Formate<\/h3>\n<p>Unsere Leuchtkasten-Poster sind in neun verschiedenen Formaten erh\u00e4ltlich, von kleineren Abri-Formaten bis hin zu gr\u00f6\u00dferen B2-Formaten, was sie ideal f\u00fcr verschiedene Anwendungen macht. <\/p>\n<h3>Materialien<\/h3>\n<p>Die Leuchtkasten-Poster werden aus Backlit-Polyester hergestellt, einer gl\u00e4nzenden Folie mit einer Dicke von 0,21 mm. Diese spezielle Folie bietet eine hervorragende Lichtdiffusion, was zu einer hellen und gleichm\u00e4\u00dfigen Ausleuchtung des Drucks f\u00fchrt. Mit einer wasserfesten Beschichtung von 275 g\/m\u00b2 auf der Vorderseite sind unsere Leuchtkasten-Poster perfekt f\u00fcr den Innen- und Au\u00dfenbereich geeignet.<\/p>\n<p>Entscheiden Sie sich f\u00fcr die luxuri\u00f6se Ausstrahlung und Langlebigkeit von Backlit-Polyester und vertrauen Sie auf ein Produkt, das jede Display-Umgebung aufwertet und Ihre Botschaft effektiv zur Geltung bringt.<\/p>\n","protected":false},"excerpt":{"rendered":"<p><span style=\"font-weight: 400;\">Ein echter Blickfang f\u00fcr die Bushaltestelle (Abri) oder das rotierende Billboard. Mit diesem Leuchtkasten-Poster f\u00e4llt Ihr Unternehmen oder Ihre Botschaft auf den ersten Blick auf! Wasserfest und daher f\u00fcr den Innen- und Au\u00dfenbereich geeignet. In 9 Standardformaten erh\u00e4ltlich. G\u00fcnstig und bereits innerhalb von 4 Werktagen geliefert.<\/span><\/p>\n","protected":false},"featured_media":13795,"template":"","meta":{"_et_pb_use_builder":"","_et_pb_old_content":"","_et_gb_content_width":""},"product_brand":[],"product_cat":[929,313,927,952],"product_tag":[],"class_list":{"0":"post-13794","1":"product","2":"type-product","3":"status-publish","4":"has-post-thumbnail","6":"product_cat-ausenwerbung","7":"product_cat-aufkleber-und-druck","8":"product_cat-neonwerbung","9":"product_cat-poster","11":"first","12":"instock","13":"taxable","14":"shipping-taxable","15":"purchasable","16":"product-type-simple"},"yoast_head":"<!-- This site is optimized with the Yoast SEO plugin v27.3 - https:\/\/yoast.com\/product\/yoast-seo-wordpress\/ -->\n<title>Leuchtkasten-Poster kaufen - Langlebig, wasserfest und schnell geliefert<\/title>\n<meta name=\"description\" content=\"Lassen Sie Ihre Botschaft mit unserem Leuchtkasten-Poster strahlen, ideal f\u00fcr den Innen- und Au\u00dfenbereich. Lieferung innerhalb von 4 Werktagen f\u00fcr maximale Wirkung.\" \/>\n<meta name=\"robots\" content=\"index, follow, max-snippet:-1, max-image-preview:large, max-video-preview:-1\" \/>\n<link rel=\"canonical\" href=\"https:\/\/www.amstelprinting.nl\/de\/gesch\u00e4ft\/ausenwerbung\/neonwerbung\/leuchtkasten-poster\/\" \/>\n<meta property=\"og:locale\" content=\"de_DE\" \/>\n<meta property=\"og:type\" content=\"article\" \/>\n<meta property=\"og:title\" content=\"Leuchtkasten-Poster kaufen - Langlebig, wasserfest und schnell geliefert\" \/>\n<meta property=\"og:description\" content=\"Lassen Sie Ihre Botschaft mit unserem Leuchtkasten-Poster strahlen, ideal f\u00fcr den Innen- und Au\u00dfenbereich. Lieferung innerhalb von 4 Werktagen f\u00fcr maximale Wirkung.\" \/>\n<meta property=\"og:url\" content=\"https:\/\/www.amstelprinting.nl\/de\/gesch\u00e4ft\/ausenwerbung\/neonwerbung\/leuchtkasten-poster\/\" \/>\n<meta property=\"og:site_name\" content=\"Amstel Printing\" \/>\n<meta property=\"article:modified_time\" content=\"2026-02-18T11:53:42+00:00\" \/>\n<meta property=\"og:image\" content=\"https:\/\/www.amstelprinting.nl\/wp-content\/uploads\/lichtbakposter-bedrukken-2.png\" \/>\n\t<meta property=\"og:image:width\" content=\"900\" \/>\n\t<meta property=\"og:image:height\" content=\"900\" \/>\n\t<meta property=\"og:image:type\" content=\"image\/png\" \/>\n<meta name=\"twitter:card\" content=\"summary_large_image\" \/>\n<meta name=\"twitter:label1\" content=\"Gesch\u00e4tzte Lesezeit\" \/>\n\t<meta name=\"twitter:data1\" content=\"1\u00a0Minute\" \/>\n<script type=\"application\/ld+json\" class=\"yoast-schema-graph\">{\"@context\":\"https:\\\/\\\/schema.org\",\"@graph\":[{\"@type\":\"WebPage\",\"@id\":\"https:\\\/\\\/www.amstelprinting.nl\\\/de\\\/gesch\u00e4ft\\\/ausenwerbung\\\/neonwerbung\\\/leuchtkasten-poster\\\/\",\"url\":\"https:\\\/\\\/www.amstelprinting.nl\\\/de\\\/gesch\u00e4ft\\\/ausenwerbung\\\/neonwerbung\\\/leuchtkasten-poster\\\/\",\"name\":\"Leuchtkasten-Poster kaufen - Langlebig, wasserfest und schnell geliefert\",\"isPartOf\":{\"@id\":\"https:\\\/\\\/www.amstelprinting.nl\\\/de\\\/#website\"},\"primaryImageOfPage\":{\"@id\":\"https:\\\/\\\/www.amstelprinting.nl\\\/de\\\/gesch\u00e4ft\\\/ausenwerbung\\\/neonwerbung\\\/leuchtkasten-poster\\\/#primaryimage\"},\"image\":{\"@id\":\"https:\\\/\\\/www.amstelprinting.nl\\\/de\\\/gesch\u00e4ft\\\/ausenwerbung\\\/neonwerbung\\\/leuchtkasten-poster\\\/#primaryimage\"},\"thumbnailUrl\":\"https:\\\/\\\/www.amstelprinting.nl\\\/wp-content\\\/uploads\\\/lichtbakposter-bedrukken-2.png\",\"datePublished\":\"2025-01-24T10:34:03+00:00\",\"dateModified\":\"2026-02-18T11:53:42+00:00\",\"description\":\"Lassen Sie Ihre Botschaft mit unserem Leuchtkasten-Poster strahlen, ideal f\u00fcr den Innen- und Au\u00dfenbereich. Lieferung innerhalb von 4 Werktagen f\u00fcr maximale Wirkung.\",\"breadcrumb\":{\"@id\":\"https:\\\/\\\/www.amstelprinting.nl\\\/de\\\/gesch\u00e4ft\\\/ausenwerbung\\\/neonwerbung\\\/leuchtkasten-poster\\\/#breadcrumb\"},\"inLanguage\":\"de\",\"potentialAction\":[{\"@type\":\"ReadAction\",\"target\":[\"https:\\\/\\\/www.amstelprinting.nl\\\/de\\\/gesch\u00e4ft\\\/ausenwerbung\\\/neonwerbung\\\/leuchtkasten-poster\\\/\"]}]},{\"@type\":\"ImageObject\",\"inLanguage\":\"de\",\"@id\":\"https:\\\/\\\/www.amstelprinting.nl\\\/de\\\/gesch\u00e4ft\\\/ausenwerbung\\\/neonwerbung\\\/leuchtkasten-poster\\\/#primaryimage\",\"url\":\"https:\\\/\\\/www.amstelprinting.nl\\\/wp-content\\\/uploads\\\/lichtbakposter-bedrukken-2.png\",\"contentUrl\":\"https:\\\/\\\/www.amstelprinting.nl\\\/wp-content\\\/uploads\\\/lichtbakposter-bedrukken-2.png\",\"width\":900,\"height\":900},{\"@type\":\"BreadcrumbList\",\"@id\":\"https:\\\/\\\/www.amstelprinting.nl\\\/de\\\/gesch\u00e4ft\\\/ausenwerbung\\\/neonwerbung\\\/leuchtkasten-poster\\\/#breadcrumb\",\"itemListElement\":[{\"@type\":\"ListItem\",\"position\":1,\"name\":\"\",\"item\":\"https:\\\/\\\/www.amstelprinting.nl\\\/de\\\/\"},{\"@type\":\"ListItem\",\"position\":2,\"name\":\"Amstel Printing\",\"item\":\"https:\\\/\\\/www.amstelprinting.nl\\\/de\\\/geschaeft\\\/\"},{\"@type\":\"ListItem\",\"position\":3,\"name\":\"Au\u00dfenwerbung\",\"item\":\"https:\\\/\\\/www.amstelprinting.nl\\\/de\\\/kategorie\\\/ausenwerbung\\\/\"},{\"@type\":\"ListItem\",\"position\":4,\"name\":\"Neonwerbung\",\"item\":\"https:\\\/\\\/www.amstelprinting.nl\\\/de\\\/kategorie\\\/ausenwerbung\\\/neonwerbung\\\/\"},{\"@type\":\"ListItem\",\"position\":5,\"name\":\"Leuchtkasten-Poster\"}]},{\"@type\":\"WebSite\",\"@id\":\"https:\\\/\\\/www.amstelprinting.nl\\\/de\\\/#website\",\"url\":\"https:\\\/\\\/www.amstelprinting.nl\\\/de\\\/\",\"name\":\"Amstel Printing\",\"description\":\"Creating Exposure\",\"publisher\":{\"@id\":\"https:\\\/\\\/www.amstelprinting.nl\\\/de\\\/#organization\"},\"potentialAction\":[{\"@type\":\"SearchAction\",\"target\":{\"@type\":\"EntryPoint\",\"urlTemplate\":\"https:\\\/\\\/www.amstelprinting.nl\\\/de\\\/?s={search_term_string}\"},\"query-input\":{\"@type\":\"PropertyValueSpecification\",\"valueRequired\":true,\"valueName\":\"search_term_string\"}}],\"inLanguage\":\"de\"},{\"@type\":\"Organization\",\"@id\":\"https:\\\/\\\/www.amstelprinting.nl\\\/de\\\/#organization\",\"name\":\"Amstel Printing\",\"url\":\"https:\\\/\\\/www.amstelprinting.nl\\\/de\\\/\",\"logo\":{\"@type\":\"ImageObject\",\"inLanguage\":\"de\",\"@id\":\"https:\\\/\\\/www.amstelprinting.nl\\\/de\\\/#\\\/schema\\\/logo\\\/image\\\/\",\"url\":\"https:\\\/\\\/www.amstelprinting.nl\\\/wp-content\\\/uploads\\\/amstel_printing_logo_clean.png\",\"contentUrl\":\"https:\\\/\\\/www.amstelprinting.nl\\\/wp-content\\\/uploads\\\/amstel_printing_logo_clean.png\",\"width\":324,\"height\":73,\"caption\":\"Amstel Printing\"},\"image\":{\"@id\":\"https:\\\/\\\/www.amstelprinting.nl\\\/de\\\/#\\\/schema\\\/logo\\\/image\\\/\"}}]}<\/script>\n<!-- \/ Yoast SEO plugin. -->","yoast_head_json":{"title":"Leuchtkasten-Poster kaufen - Langlebig, wasserfest und schnell geliefert","description":"Lassen Sie Ihre Botschaft mit unserem Leuchtkasten-Poster strahlen, ideal f\u00fcr den Innen- und Au\u00dfenbereich. Lieferung innerhalb von 4 Werktagen f\u00fcr maximale Wirkung.","robots":{"index":"index","follow":"follow","max-snippet":"max-snippet:-1","max-image-preview":"max-image-preview:large","max-video-preview":"max-video-preview:-1"},"canonical":"https:\/\/www.amstelprinting.nl\/de\/gesch\u00e4ft\/ausenwerbung\/neonwerbung\/leuchtkasten-poster\/","og_locale":"de_DE","og_type":"article","og_title":"Leuchtkasten-Poster kaufen - Langlebig, wasserfest und schnell geliefert","og_description":"Lassen Sie Ihre Botschaft mit unserem Leuchtkasten-Poster strahlen, ideal f\u00fcr den Innen- und Au\u00dfenbereich. Lieferung innerhalb von 4 Werktagen f\u00fcr maximale Wirkung.","og_url":"https:\/\/www.amstelprinting.nl\/de\/gesch\u00e4ft\/ausenwerbung\/neonwerbung\/leuchtkasten-poster\/","og_site_name":"Amstel Printing","article_modified_time":"2026-02-18T11:53:42+00:00","og_image":[{"width":900,"height":900,"url":"https:\/\/www.amstelprinting.nl\/wp-content\/uploads\/lichtbakposter-bedrukken-2.png","type":"image\/png"}],"twitter_card":"summary_large_image","twitter_misc":{"Gesch\u00e4tzte Lesezeit":"1\u00a0Minute"},"schema":{"@context":"https:\/\/schema.org","@graph":[{"@type":"WebPage","@id":"https:\/\/www.amstelprinting.nl\/de\/gesch\u00e4ft\/ausenwerbung\/neonwerbung\/leuchtkasten-poster\/","url":"https:\/\/www.amstelprinting.nl\/de\/gesch\u00e4ft\/ausenwerbung\/neonwerbung\/leuchtkasten-poster\/","name":"Leuchtkasten-Poster kaufen - Langlebig, wasserfest und schnell geliefert","isPartOf":{"@id":"https:\/\/www.amstelprinting.nl\/de\/#website"},"primaryImageOfPage":{"@id":"https:\/\/www.amstelprinting.nl\/de\/gesch\u00e4ft\/ausenwerbung\/neonwerbung\/leuchtkasten-poster\/#primaryimage"},"image":{"@id":"https:\/\/www.amstelprinting.nl\/de\/gesch\u00e4ft\/ausenwerbung\/neonwerbung\/leuchtkasten-poster\/#primaryimage"},"thumbnailUrl":"https:\/\/www.amstelprinting.nl\/wp-content\/uploads\/lichtbakposter-bedrukken-2.png","datePublished":"2025-01-24T10:34:03+00:00","dateModified":"2026-02-18T11:53:42+00:00","description":"Lassen Sie Ihre Botschaft mit unserem Leuchtkasten-Poster strahlen, ideal f\u00fcr den Innen- und Au\u00dfenbereich. Lieferung innerhalb von 4 Werktagen f\u00fcr maximale Wirkung.","breadcrumb":{"@id":"https:\/\/www.amstelprinting.nl\/de\/gesch\u00e4ft\/ausenwerbung\/neonwerbung\/leuchtkasten-poster\/#breadcrumb"},"inLanguage":"de","potentialAction":[{"@type":"ReadAction","target":["https:\/\/www.amstelprinting.nl\/de\/gesch\u00e4ft\/ausenwerbung\/neonwerbung\/leuchtkasten-poster\/"]}]},{"@type":"ImageObject","inLanguage":"de","@id":"https:\/\/www.amstelprinting.nl\/de\/gesch\u00e4ft\/ausenwerbung\/neonwerbung\/leuchtkasten-poster\/#primaryimage","url":"https:\/\/www.amstelprinting.nl\/wp-content\/uploads\/lichtbakposter-bedrukken-2.png","contentUrl":"https:\/\/www.amstelprinting.nl\/wp-content\/uploads\/lichtbakposter-bedrukken-2.png","width":900,"height":900},{"@type":"BreadcrumbList","@id":"https:\/\/www.amstelprinting.nl\/de\/gesch\u00e4ft\/ausenwerbung\/neonwerbung\/leuchtkasten-poster\/#breadcrumb","itemListElement":[{"@type":"ListItem","position":1,"name":"","item":"https:\/\/www.amstelprinting.nl\/de\/"},{"@type":"ListItem","position":2,"name":"Amstel Printing","item":"https:\/\/www.amstelprinting.nl\/de\/geschaeft\/"},{"@type":"ListItem","position":3,"name":"Au\u00dfenwerbung","item":"https:\/\/www.amstelprinting.nl\/de\/kategorie\/ausenwerbung\/"},{"@type":"ListItem","position":4,"name":"Neonwerbung","item":"https:\/\/www.amstelprinting.nl\/de\/kategorie\/ausenwerbung\/neonwerbung\/"},{"@type":"ListItem","position":5,"name":"Leuchtkasten-Poster"}]},{"@type":"WebSite","@id":"https:\/\/www.amstelprinting.nl\/de\/#website","url":"https:\/\/www.amstelprinting.nl\/de\/","name":"Amstel Printing","description":"Creating Exposure","publisher":{"@id":"https:\/\/www.amstelprinting.nl\/de\/#organization"},"potentialAction":[{"@type":"SearchAction","target":{"@type":"EntryPoint","urlTemplate":"https:\/\/www.amstelprinting.nl\/de\/?s={search_term_string}"},"query-input":{"@type":"PropertyValueSpecification","valueRequired":true,"valueName":"search_term_string"}}],"inLanguage":"de"},{"@type":"Organization","@id":"https:\/\/www.amstelprinting.nl\/de\/#organization","name":"Amstel Printing","url":"https:\/\/www.amstelprinting.nl\/de\/","logo":{"@type":"ImageObject","inLanguage":"de","@id":"https:\/\/www.amstelprinting.nl\/de\/#\/schema\/logo\/image\/","url":"https:\/\/www.amstelprinting.nl\/wp-content\/uploads\/amstel_printing_logo_clean.png","contentUrl":"https:\/\/www.amstelprinting.nl\/wp-content\/uploads\/amstel_printing_logo_clean.png","width":324,"height":73,"caption":"Amstel Printing"},"image":{"@id":"https:\/\/www.amstelprinting.nl\/de\/#\/schema\/logo\/image\/"}}]}},"_links":{"self":[{"href":"https:\/\/www.amstelprinting.nl\/de\/wp-json\/wp\/v2\/product\/13794","targetHints":{"allow":["GET"]}}],"collection":[{"href":"https:\/\/www.amstelprinting.nl\/de\/wp-json\/wp\/v2\/product"}],"about":[{"href":"https:\/\/www.amstelprinting.nl\/de\/wp-json\/wp\/v2\/types\/product"}],"wp:featuredmedia":[{"embeddable":true,"href":"https:\/\/www.amstelprinting.nl\/de\/wp-json\/wp\/v2\/media\/13795"}],"wp:attachment":[{"href":"https:\/\/www.amstelprinting.nl\/de\/wp-json\/wp\/v2\/media?parent=13794"}],"wp:term":[{"taxonomy":"product_brand","embeddable":true,"href":"https:\/\/www.amstelprinting.nl\/de\/wp-json\/wp\/v2\/product_brand?post=13794"},{"taxonomy":"product_cat","embeddable":true,"href":"https:\/\/www.amstelprinting.nl\/de\/wp-json\/wp\/v2\/product_cat?post=13794"},{"taxonomy":"product_tag","embeddable":true,"href":"https:\/\/www.amstelprinting.nl\/de\/wp-json\/wp\/v2\/product_tag?post=13794"}],"curies":[{"name":"wp","href":"https:\/\/api.w.org\/{rel}","templated":true}]}}