{"id":13804,"date":"2025-01-24T11:33:58","date_gmt":"2025-01-24T10:33:58","guid":{"rendered":"https:\/\/www.amstelprinting.nl\/winkel\/unkategorisiert\/spandoek-vast-formaat\/"},"modified":"2026-02-18T12:53:43","modified_gmt":"2026-02-18T11:53:43","slug":"banner-festes-format","status":"publish","type":"product","link":"https:\/\/www.amstelprinting.nl\/de\/gesch\u00e4ft\/ausenwerbung\/banner\/banner-festes-format\/","title":{"rendered":"Banner &#8211; festes Format"},"content":{"rendered":"<h3>Materialien<\/h3>\n<p>Unsere Banner sind in Banner 510 und Mesh-Gewebe erh\u00e4ltlich. Banner 510 ist eine PVC-Plane mit gl\u00e4nzendem Finish, ideal f\u00fcr lebendige Drucke und dank der wasserabweisenden Eigenschaften f\u00fcr den Au\u00dfenbereich geeignet. Mesh-Gewebe ist eine luftdurchl\u00e4ssige PVC-Plane mit einer netzartigen Struktur, perfekt f\u00fcr Standorte mit viel Wind.<\/p>\n<h3>Verarbeitungen<\/h3>\n<p>Die Standard-Banner k\u00f6nnen mit S\u00e4umen oder mit S\u00e4umen und \u00d6sen f\u00fcr eine einfache Befestigung verarbeitet werden. W\u00e4hlen Sie S\u00e4ume an den R\u00e4ndern f\u00fcr zus\u00e4tzliche Stabilit\u00e4t und Langlebigkeit, w\u00e4hrend \u00d6sen das Aufh\u00e4ngen vereinfachen. Ob Sie eine Werbebotschaft vermitteln oder eine Veranstaltung ank\u00fcndigen m\u00f6chten, unsere Banner bieten die perfekte Kombination aus Qualit\u00e4t, Funktionalit\u00e4t und Vielseitigkeit.<\/p>\n<h3>H\u00e4ufig gestellte Fragen<\/h3>\n<p><strong>Wie wird ein Banner verpackt?<\/strong><br \/>\nBanner werden auf Rollen verpackt. Um das Material zu sch\u00fctzen, wird die Plane in Luftpolsterfolie und Kraftpapier gerollt.<\/p>\n<p><strong>Wann wird eine Plane geteilt?<\/strong><br \/>\nDies wird durch die maximale Druckbreite bestimmt. Dies variiert je nach Material. In den Spezifikationen finden Sie die maximale Druckbreite f\u00fcr jedes Material. Wichtig zu wissen: Sie k\u00f6nnen die gesamte Fl\u00e4che einfach in einer Datei anliefern. Wir teilen die Datei nach Ihren W\u00fcnschen auf.<\/p>\n<p><strong>Gibt es ein Maximalformat?<\/strong><br \/>\nZ\u00f6gern Sie nicht beim Format: Dank einer speziellen Schwei\u00dftechnik k\u00f6nnen wir die gr\u00f6\u00dften Planen f\u00fcr Sie aneinandersetzen. Sie k\u00f6nnen die gesamte Fl\u00e4che einfach in einer Datei bestellen und anliefern. Wir sorgen daf\u00fcr, dass die Datei anschlie\u00dfend so aufgeteilt wird, wie Sie es w\u00fcnschen.<\/p>\n<p><strong>Ist dieses Produkt windfest?<\/strong><br \/>\nDie Materialien sind so konzipiert, dass sie Windb\u00f6en standhalten k\u00f6nnen. Wenn Sie ein Material ben\u00f6tigen, das sehr windbest\u00e4ndig ist, empfehlen wir Mesh-Gewebe. Dies ist ein perforiertes Material, durch das der Wind leicht hindurchwehen kann.<\/p>\n<p><strong>Wie l\u00e4sst sich ein Banner am besten reinigen?<\/strong><br \/>\nDas Banner l\u00e4sst sich am besten mit warmem Wasser und einem Fasertuch reinigen. Von der Verwendung von Reinigungsmitteln wird abgeraten, da dies die Tinte besch\u00e4digen kann.<\/p>\n","protected":false},"excerpt":{"rendered":"<p>Lassen Sie Ihre Botschaft mit unseren vielseitigen Bannern gro\u00df und hell erstrahlen. Bedruckte Banner sind perfekt f\u00fcr jeden Anlass und jede Umgebung. Die Banner auf dieser Produktseite sind dank der festen Formate besonders g\u00fcnstig. Stellen Sie unten Ihr Banner mit Druck nach Ihren W\u00fcnschen zusammen. Sie k\u00f6nnen mit einem gestochen scharfen Druck &amp; Preis rechnen!<\/p>\n","protected":false},"featured_media":25995,"template":"","meta":{"_et_pb_use_builder":"","_et_pb_old_content":"","_et_gb_content_width":""},"product_brand":[],"product_cat":[929,924],"product_tag":[],"class_list":{"0":"post-13804","1":"product","2":"type-product","3":"status-publish","4":"has-post-thumbnail","6":"product_cat-ausenwerbung","7":"product_cat-banner","9":"first","10":"instock","11":"featured","12":"taxable","13":"shipping-taxable","14":"purchasable","15":"product-type-simple"},"yoast_head":"<!-- This site is optimized with the Yoast SEO plugin v27.3 - https:\/\/yoast.com\/product\/yoast-seo-wordpress\/ -->\n<title>Banner - festes Format | Amstel Printing<\/title>\n<meta name=\"robots\" content=\"index, follow, max-snippet:-1, max-image-preview:large, max-video-preview:-1\" \/>\n<link rel=\"canonical\" href=\"https:\/\/www.amstelprinting.nl\/de\/gesch\u00e4ft\/ausenwerbung\/banner\/banner-festes-format\/\" \/>\n<meta property=\"og:locale\" content=\"de_DE\" \/>\n<meta property=\"og:type\" content=\"article\" \/>\n<meta property=\"og:title\" content=\"Banner - festes Format | Amstel Printing\" \/>\n<meta property=\"og:description\" content=\"Lassen Sie Ihre Botschaft mit unseren vielseitigen Bannern gro\u00df und hell erstrahlen. Bedruckte Banner sind perfekt f\u00fcr jeden Anlass und jede Umgebung. Die Banner auf dieser Produktseite sind dank der festen Formate besonders g\u00fcnstig. Stellen Sie unten Ihr Banner mit Druck nach Ihren W\u00fcnschen zusammen. Sie k\u00f6nnen mit einem gestochen scharfen Druck &amp; Preis rechnen!\" \/>\n<meta property=\"og:url\" content=\"https:\/\/www.amstelprinting.nl\/de\/gesch\u00e4ft\/ausenwerbung\/banner\/banner-festes-format\/\" \/>\n<meta property=\"og:site_name\" content=\"Amstel Printing\" \/>\n<meta property=\"article:modified_time\" content=\"2026-02-18T11:53:43+00:00\" \/>\n<meta property=\"og:image\" content=\"https:\/\/www.amstelprinting.nl\/wp-content\/uploads\/spandoek-bedrukken-4.webp\" \/>\n\t<meta property=\"og:image:width\" content=\"900\" \/>\n\t<meta property=\"og:image:height\" content=\"900\" \/>\n\t<meta property=\"og:image:type\" content=\"image\/webp\" \/>\n<meta name=\"twitter:card\" content=\"summary_large_image\" \/>\n<meta name=\"twitter:label1\" content=\"Gesch\u00e4tzte Lesezeit\" \/>\n\t<meta name=\"twitter:data1\" content=\"2\u00a0Minuten\" \/>\n<script type=\"application\/ld+json\" class=\"yoast-schema-graph\">{\"@context\":\"https:\\\/\\\/schema.org\",\"@graph\":[{\"@type\":\"WebPage\",\"@id\":\"https:\\\/\\\/www.amstelprinting.nl\\\/de\\\/gesch\u00e4ft\\\/ausenwerbung\\\/banner\\\/banner-festes-format\\\/\",\"url\":\"https:\\\/\\\/www.amstelprinting.nl\\\/de\\\/gesch\u00e4ft\\\/ausenwerbung\\\/banner\\\/banner-festes-format\\\/\",\"name\":\"Banner - festes Format | Amstel Printing\",\"isPartOf\":{\"@id\":\"https:\\\/\\\/www.amstelprinting.nl\\\/de\\\/#website\"},\"primaryImageOfPage\":{\"@id\":\"https:\\\/\\\/www.amstelprinting.nl\\\/de\\\/gesch\u00e4ft\\\/ausenwerbung\\\/banner\\\/banner-festes-format\\\/#primaryimage\"},\"image\":{\"@id\":\"https:\\\/\\\/www.amstelprinting.nl\\\/de\\\/gesch\u00e4ft\\\/ausenwerbung\\\/banner\\\/banner-festes-format\\\/#primaryimage\"},\"thumbnailUrl\":\"https:\\\/\\\/www.amstelprinting.nl\\\/wp-content\\\/uploads\\\/spandoek-bedrukken-4.webp\",\"datePublished\":\"2025-01-24T10:33:58+00:00\",\"dateModified\":\"2026-02-18T11:53:43+00:00\",\"breadcrumb\":{\"@id\":\"https:\\\/\\\/www.amstelprinting.nl\\\/de\\\/gesch\u00e4ft\\\/ausenwerbung\\\/banner\\\/banner-festes-format\\\/#breadcrumb\"},\"inLanguage\":\"de\",\"potentialAction\":[{\"@type\":\"ReadAction\",\"target\":[\"https:\\\/\\\/www.amstelprinting.nl\\\/de\\\/gesch\u00e4ft\\\/ausenwerbung\\\/banner\\\/banner-festes-format\\\/\"]}]},{\"@type\":\"ImageObject\",\"inLanguage\":\"de\",\"@id\":\"https:\\\/\\\/www.amstelprinting.nl\\\/de\\\/gesch\u00e4ft\\\/ausenwerbung\\\/banner\\\/banner-festes-format\\\/#primaryimage\",\"url\":\"https:\\\/\\\/www.amstelprinting.nl\\\/wp-content\\\/uploads\\\/spandoek-bedrukken-4.webp\",\"contentUrl\":\"https:\\\/\\\/www.amstelprinting.nl\\\/wp-content\\\/uploads\\\/spandoek-bedrukken-4.webp\",\"width\":900,\"height\":900},{\"@type\":\"BreadcrumbList\",\"@id\":\"https:\\\/\\\/www.amstelprinting.nl\\\/de\\\/gesch\u00e4ft\\\/ausenwerbung\\\/banner\\\/banner-festes-format\\\/#breadcrumb\",\"itemListElement\":[{\"@type\":\"ListItem\",\"position\":1,\"name\":\"\",\"item\":\"https:\\\/\\\/www.amstelprinting.nl\\\/de\\\/\"},{\"@type\":\"ListItem\",\"position\":2,\"name\":\"Amstel Printing\",\"item\":\"https:\\\/\\\/www.amstelprinting.nl\\\/de\\\/geschaeft\\\/\"},{\"@type\":\"ListItem\",\"position\":3,\"name\":\"Au\u00dfenwerbung\",\"item\":\"https:\\\/\\\/www.amstelprinting.nl\\\/de\\\/kategorie\\\/ausenwerbung\\\/\"},{\"@type\":\"ListItem\",\"position\":4,\"name\":\"Banner\",\"item\":\"https:\\\/\\\/www.amstelprinting.nl\\\/de\\\/kategorie\\\/ausenwerbung\\\/banner\\\/\"},{\"@type\":\"ListItem\",\"position\":5,\"name\":\"Banner &#8211; festes Format\"}]},{\"@type\":\"WebSite\",\"@id\":\"https:\\\/\\\/www.amstelprinting.nl\\\/de\\\/#website\",\"url\":\"https:\\\/\\\/www.amstelprinting.nl\\\/de\\\/\",\"name\":\"Amstel Printing\",\"description\":\"Creating Exposure\",\"publisher\":{\"@id\":\"https:\\\/\\\/www.amstelprinting.nl\\\/de\\\/#organization\"},\"potentialAction\":[{\"@type\":\"SearchAction\",\"target\":{\"@type\":\"EntryPoint\",\"urlTemplate\":\"https:\\\/\\\/www.amstelprinting.nl\\\/de\\\/?s={search_term_string}\"},\"query-input\":{\"@type\":\"PropertyValueSpecification\",\"valueRequired\":true,\"valueName\":\"search_term_string\"}}],\"inLanguage\":\"de\"},{\"@type\":\"Organization\",\"@id\":\"https:\\\/\\\/www.amstelprinting.nl\\\/de\\\/#organization\",\"name\":\"Amstel Printing\",\"url\":\"https:\\\/\\\/www.amstelprinting.nl\\\/de\\\/\",\"logo\":{\"@type\":\"ImageObject\",\"inLanguage\":\"de\",\"@id\":\"https:\\\/\\\/www.amstelprinting.nl\\\/de\\\/#\\\/schema\\\/logo\\\/image\\\/\",\"url\":\"https:\\\/\\\/www.amstelprinting.nl\\\/wp-content\\\/uploads\\\/amstel_printing_logo_clean.png\",\"contentUrl\":\"https:\\\/\\\/www.amstelprinting.nl\\\/wp-content\\\/uploads\\\/amstel_printing_logo_clean.png\",\"width\":324,\"height\":73,\"caption\":\"Amstel Printing\"},\"image\":{\"@id\":\"https:\\\/\\\/www.amstelprinting.nl\\\/de\\\/#\\\/schema\\\/logo\\\/image\\\/\"}}]}<\/script>\n<!-- \/ Yoast SEO plugin. -->","yoast_head_json":{"title":"Banner - festes Format | Amstel Printing","robots":{"index":"index","follow":"follow","max-snippet":"max-snippet:-1","max-image-preview":"max-image-preview:large","max-video-preview":"max-video-preview:-1"},"canonical":"https:\/\/www.amstelprinting.nl\/de\/gesch\u00e4ft\/ausenwerbung\/banner\/banner-festes-format\/","og_locale":"de_DE","og_type":"article","og_title":"Banner - festes Format | Amstel Printing","og_description":"Lassen Sie Ihre Botschaft mit unseren vielseitigen Bannern gro\u00df und hell erstrahlen. Bedruckte Banner sind perfekt f\u00fcr jeden Anlass und jede Umgebung. Die Banner auf dieser Produktseite sind dank der festen Formate besonders g\u00fcnstig. Stellen Sie unten Ihr Banner mit Druck nach Ihren W\u00fcnschen zusammen. Sie k\u00f6nnen mit einem gestochen scharfen Druck &amp; Preis rechnen!","og_url":"https:\/\/www.amstelprinting.nl\/de\/gesch\u00e4ft\/ausenwerbung\/banner\/banner-festes-format\/","og_site_name":"Amstel Printing","article_modified_time":"2026-02-18T11:53:43+00:00","og_image":[{"width":900,"height":900,"url":"https:\/\/www.amstelprinting.nl\/wp-content\/uploads\/spandoek-bedrukken-4.webp","type":"image\/webp"}],"twitter_card":"summary_large_image","twitter_misc":{"Gesch\u00e4tzte Lesezeit":"2\u00a0Minuten"},"schema":{"@context":"https:\/\/schema.org","@graph":[{"@type":"WebPage","@id":"https:\/\/www.amstelprinting.nl\/de\/gesch\u00e4ft\/ausenwerbung\/banner\/banner-festes-format\/","url":"https:\/\/www.amstelprinting.nl\/de\/gesch\u00e4ft\/ausenwerbung\/banner\/banner-festes-format\/","name":"Banner - festes Format | Amstel Printing","isPartOf":{"@id":"https:\/\/www.amstelprinting.nl\/de\/#website"},"primaryImageOfPage":{"@id":"https:\/\/www.amstelprinting.nl\/de\/gesch\u00e4ft\/ausenwerbung\/banner\/banner-festes-format\/#primaryimage"},"image":{"@id":"https:\/\/www.amstelprinting.nl\/de\/gesch\u00e4ft\/ausenwerbung\/banner\/banner-festes-format\/#primaryimage"},"thumbnailUrl":"https:\/\/www.amstelprinting.nl\/wp-content\/uploads\/spandoek-bedrukken-4.webp","datePublished":"2025-01-24T10:33:58+00:00","dateModified":"2026-02-18T11:53:43+00:00","breadcrumb":{"@id":"https:\/\/www.amstelprinting.nl\/de\/gesch\u00e4ft\/ausenwerbung\/banner\/banner-festes-format\/#breadcrumb"},"inLanguage":"de","potentialAction":[{"@type":"ReadAction","target":["https:\/\/www.amstelprinting.nl\/de\/gesch\u00e4ft\/ausenwerbung\/banner\/banner-festes-format\/"]}]},{"@type":"ImageObject","inLanguage":"de","@id":"https:\/\/www.amstelprinting.nl\/de\/gesch\u00e4ft\/ausenwerbung\/banner\/banner-festes-format\/#primaryimage","url":"https:\/\/www.amstelprinting.nl\/wp-content\/uploads\/spandoek-bedrukken-4.webp","contentUrl":"https:\/\/www.amstelprinting.nl\/wp-content\/uploads\/spandoek-bedrukken-4.webp","width":900,"height":900},{"@type":"BreadcrumbList","@id":"https:\/\/www.amstelprinting.nl\/de\/gesch\u00e4ft\/ausenwerbung\/banner\/banner-festes-format\/#breadcrumb","itemListElement":[{"@type":"ListItem","position":1,"name":"","item":"https:\/\/www.amstelprinting.nl\/de\/"},{"@type":"ListItem","position":2,"name":"Amstel Printing","item":"https:\/\/www.amstelprinting.nl\/de\/geschaeft\/"},{"@type":"ListItem","position":3,"name":"Au\u00dfenwerbung","item":"https:\/\/www.amstelprinting.nl\/de\/kategorie\/ausenwerbung\/"},{"@type":"ListItem","position":4,"name":"Banner","item":"https:\/\/www.amstelprinting.nl\/de\/kategorie\/ausenwerbung\/banner\/"},{"@type":"ListItem","position":5,"name":"Banner &#8211; festes Format"}]},{"@type":"WebSite","@id":"https:\/\/www.amstelprinting.nl\/de\/#website","url":"https:\/\/www.amstelprinting.nl\/de\/","name":"Amstel Printing","description":"Creating Exposure","publisher":{"@id":"https:\/\/www.amstelprinting.nl\/de\/#organization"},"potentialAction":[{"@type":"SearchAction","target":{"@type":"EntryPoint","urlTemplate":"https:\/\/www.amstelprinting.nl\/de\/?s={search_term_string}"},"query-input":{"@type":"PropertyValueSpecification","valueRequired":true,"valueName":"search_term_string"}}],"inLanguage":"de"},{"@type":"Organization","@id":"https:\/\/www.amstelprinting.nl\/de\/#organization","name":"Amstel Printing","url":"https:\/\/www.amstelprinting.nl\/de\/","logo":{"@type":"ImageObject","inLanguage":"de","@id":"https:\/\/www.amstelprinting.nl\/de\/#\/schema\/logo\/image\/","url":"https:\/\/www.amstelprinting.nl\/wp-content\/uploads\/amstel_printing_logo_clean.png","contentUrl":"https:\/\/www.amstelprinting.nl\/wp-content\/uploads\/amstel_printing_logo_clean.png","width":324,"height":73,"caption":"Amstel Printing"},"image":{"@id":"https:\/\/www.amstelprinting.nl\/de\/#\/schema\/logo\/image\/"}}]}},"_links":{"self":[{"href":"https:\/\/www.amstelprinting.nl\/de\/wp-json\/wp\/v2\/product\/13804","targetHints":{"allow":["GET"]}}],"collection":[{"href":"https:\/\/www.amstelprinting.nl\/de\/wp-json\/wp\/v2\/product"}],"about":[{"href":"https:\/\/www.amstelprinting.nl\/de\/wp-json\/wp\/v2\/types\/product"}],"wp:featuredmedia":[{"embeddable":true,"href":"https:\/\/www.amstelprinting.nl\/de\/wp-json\/wp\/v2\/media\/25995"}],"wp:attachment":[{"href":"https:\/\/www.amstelprinting.nl\/de\/wp-json\/wp\/v2\/media?parent=13804"}],"wp:term":[{"taxonomy":"product_brand","embeddable":true,"href":"https:\/\/www.amstelprinting.nl\/de\/wp-json\/wp\/v2\/product_brand?post=13804"},{"taxonomy":"product_cat","embeddable":true,"href":"https:\/\/www.amstelprinting.nl\/de\/wp-json\/wp\/v2\/product_cat?post=13804"},{"taxonomy":"product_tag","embeddable":true,"href":"https:\/\/www.amstelprinting.nl\/de\/wp-json\/wp\/v2\/product_tag?post=13804"}],"curies":[{"name":"wp","href":"https:\/\/api.w.org\/{rel}","templated":true}]}}