{"id":13814,"date":"2025-01-24T11:33:53","date_gmt":"2025-01-24T10:33:53","guid":{"rendered":"https:\/\/www.amstelprinting.nl\/winkel\/unkategorisiert\/spandoekframe\/"},"modified":"2026-02-18T12:53:43","modified_gmt":"2026-02-18T11:53:43","slug":"bannerrahmen","status":"publish","type":"product","link":"https:\/\/www.amstelprinting.nl\/de\/gesch\u00e4ft\/ausenwerbung\/bannerrahmen\/bannerrahmen\/","title":{"rendered":"Bannerrahmen"},"content":{"rendered":"<h3>Bannerrahmen bestellen<\/h3>\n<p>\\nBei uns bestimmen Sie das Format Ihres Bannerrahmens selbst. Bis zu 500 cm produzieren wir aus einem St\u00fcck, was Ihnen eine nahtlose Pr\u00e4sentation erm\u00f6glicht. Bitte beachten Sie bei der Angabe des Rahmenformats, dass das Tuch an allen Seiten 10 cm kleiner ist. Ein Bannerrahmen von 200 cm mal 200 cm hat ein Tuch von 180 cm mal 180 cm. Sie haben die Option, ein komplettes Set zu bestellen oder Tuch und Rahmen separat zu w\u00e4hlen.\\n<\/p>\n<h3>Materialien<\/h3>\n<p>\\nSie k\u00f6nnen aus verschiedenen Materialien w\u00e4hlen, wie ProPES Outdoor f\u00fcr Langlebigkeit, Banner 510 f\u00fcr ein gl\u00e4nzendes Finish, Banner 610 f\u00fcr beidseitige Verwendung und Mesh-Gewebe f\u00fcr Luftdurchl\u00e4ssigkeit.\\n\\nUnsere Bannerrahmen sind aus Aluminium gefertigt, was f\u00fcr Stabilit\u00e4t und Langlebigkeit sorgt. Neben Langlebigkeit und Stabilit\u00e4t bietet der Aluminiumrahmen dank seines modernen und schlichten Designs auch ein professionelles Erscheinungsbild. Das Material ist leicht, was die Installation und das Umsetzen bei Bedarf vereinfacht.\\n<\/p>\n<h3>Befestigung<\/h3>\n<p>\\nSie k\u00f6nnen den Rahmen je nach Standort und Vorliebe einfach an einer Trapezblechwand oder einer Steinmauer montieren.\\n<\/p>\n<h3>Zubeh\u00f6r<\/h3>\n<p>\\nW\u00e4hlen Sie aus Spannern mit Haken f\u00fcr eine feste Befestigung oder Stormfix f\u00fcr zus\u00e4tzliche Stabilit\u00e4t, damit Ihr Banner immer straff und sicher h\u00e4ngt.\\n<\/p>\n<h3>Alternative Produkte<\/h3>\n<p>\\nWeitere verwandte Alternativen zum Bannerrahmen auf dieser Produktseite sind: runder Bannerrahmen, Outdoor-Textilrahmen und blind montierter Bannerrahmen.\\n<\/p>\n<h3>H\u00e4ufig gestellte Fragen<\/h3>\n<p>\\n<strong>Wie l\u00e4sst sich der Bannerrahmen am besten montieren?<\/strong>\\nUnter den Downloads auf dieser Seite finden Sie eine Montageanleitung. Dort erkl\u00e4ren wir es Ihnen gerne.\\n\\n<strong>Was wird mit einem Bannerrahmen geliefert?<\/strong>\\nSie haben die Wahl zwischen einem kompletten Set, nur einem Rahmen oder nur einem Tuch. Bei einem kompletten Set werden Rahmen und Tuch geliefert. Bitte beachten Sie: Spanner sind nicht im Lieferumfang enthalten.<\/p>\n","protected":false},"excerpt":{"rendered":"<p><span style=\\\"font-weight: 400;\\\">Ein Bannerrahmen, der nicht nur funktional ist, sondern auch Ihre Botschaft sowohl im Innen- als auch im Au\u00dfenbereich kraftvoll vermittelt. Entdecken Sie unsere robusten und vielseitigen Rahmen, die darauf ausgelegt sind, Ihre Visuals zu verst\u00e4rken und einen bleibenden Eindruck zu hinterlassen.<\/span><\/p>\n","protected":false},"featured_media":13815,"template":"","meta":{"_et_pb_use_builder":"","_et_pb_old_content":"","_et_gb_content_width":""},"product_brand":[],"product_cat":[929,924,923],"product_tag":[],"class_list":{"0":"post-13814","1":"product","2":"type-product","3":"status-publish","4":"has-post-thumbnail","6":"product_cat-ausenwerbung","7":"product_cat-banner","8":"product_cat-bannerrahmen","10":"first","11":"instock","12":"taxable","13":"shipping-taxable","14":"purchasable","15":"product-type-simple"},"yoast_head":"<!-- This site is optimized with the Yoast SEO plugin v27.0 - https:\/\/yoast.com\/product\/yoast-seo-wordpress\/ -->\n<title>Bannerrahmen | Amstel Printing<\/title>\n<meta name=\"robots\" content=\"index, follow, max-snippet:-1, max-image-preview:large, max-video-preview:-1\" \/>\n<link rel=\"canonical\" href=\"https:\/\/www.amstelprinting.nl\/de\/gesch\u00e4ft\/ausenwerbung\/bannerrahmen\/bannerrahmen\/\" \/>\n<meta property=\"og:locale\" content=\"de_DE\" \/>\n<meta property=\"og:type\" content=\"article\" \/>\n<meta property=\"og:title\" content=\"Bannerrahmen | Amstel Printing\" \/>\n<meta property=\"og:description\" content=\"Ein Bannerrahmen, der nicht nur funktional ist, sondern auch Ihre Botschaft sowohl im Innen- als auch im Au\u00dfenbereich kraftvoll vermittelt. Entdecken Sie unsere robusten und vielseitigen Rahmen, die darauf ausgelegt sind, Ihre Visuals zu verst\u00e4rken und einen bleibenden Eindruck zu hinterlassen.\" \/>\n<meta property=\"og:url\" content=\"https:\/\/www.amstelprinting.nl\/de\/gesch\u00e4ft\/ausenwerbung\/bannerrahmen\/bannerrahmen\/\" \/>\n<meta property=\"og:site_name\" content=\"Amstel Printing\" \/>\n<meta property=\"article:modified_time\" content=\"2026-02-18T11:53:43+00:00\" \/>\n<meta property=\"og:image\" content=\"https:\/\/www.amstelprinting.nl\/wp-content\/uploads\/spandoekframe-bedrukken-3.png\" \/>\n\t<meta property=\"og:image:width\" content=\"900\" \/>\n\t<meta property=\"og:image:height\" content=\"900\" \/>\n\t<meta property=\"og:image:type\" content=\"image\/png\" \/>\n<meta name=\"twitter:card\" content=\"summary_large_image\" \/>\n<meta name=\"twitter:label1\" content=\"Gesch\u00e4tzte Lesezeit\" \/>\n\t<meta name=\"twitter:data1\" content=\"1\u00a0Minute\" \/>\n<script type=\"application\/ld+json\" class=\"yoast-schema-graph\">{\"@context\":\"https:\/\/schema.org\",\"@graph\":[{\"@type\":\"WebPage\",\"@id\":\"https:\/\/www.amstelprinting.nl\/de\/gesch\u00e4ft\/ausenwerbung\/bannerrahmen\/bannerrahmen\/\",\"url\":\"https:\/\/www.amstelprinting.nl\/de\/gesch\u00e4ft\/ausenwerbung\/bannerrahmen\/bannerrahmen\/\",\"name\":\"Bannerrahmen | Amstel Printing\",\"isPartOf\":{\"@id\":\"https:\/\/www.amstelprinting.nl\/de\/#website\"},\"primaryImageOfPage\":{\"@id\":\"https:\/\/www.amstelprinting.nl\/de\/gesch\u00e4ft\/ausenwerbung\/bannerrahmen\/bannerrahmen\/#primaryimage\"},\"image\":{\"@id\":\"https:\/\/www.amstelprinting.nl\/de\/gesch\u00e4ft\/ausenwerbung\/bannerrahmen\/bannerrahmen\/#primaryimage\"},\"thumbnailUrl\":\"https:\/\/www.amstelprinting.nl\/wp-content\/uploads\/spandoekframe-bedrukken-3.png\",\"datePublished\":\"2025-01-24T10:33:53+00:00\",\"dateModified\":\"2026-02-18T11:53:43+00:00\",\"breadcrumb\":{\"@id\":\"https:\/\/www.amstelprinting.nl\/de\/gesch\u00e4ft\/ausenwerbung\/bannerrahmen\/bannerrahmen\/#breadcrumb\"},\"inLanguage\":\"de\",\"potentialAction\":[{\"@type\":\"ReadAction\",\"target\":[\"https:\/\/www.amstelprinting.nl\/de\/gesch\u00e4ft\/ausenwerbung\/bannerrahmen\/bannerrahmen\/\"]}]},{\"@type\":\"ImageObject\",\"inLanguage\":\"de\",\"@id\":\"https:\/\/www.amstelprinting.nl\/de\/gesch\u00e4ft\/ausenwerbung\/bannerrahmen\/bannerrahmen\/#primaryimage\",\"url\":\"https:\/\/www.amstelprinting.nl\/wp-content\/uploads\/spandoekframe-bedrukken-3.png\",\"contentUrl\":\"https:\/\/www.amstelprinting.nl\/wp-content\/uploads\/spandoekframe-bedrukken-3.png\",\"width\":900,\"height\":900},{\"@type\":\"BreadcrumbList\",\"@id\":\"https:\/\/www.amstelprinting.nl\/de\/gesch\u00e4ft\/ausenwerbung\/bannerrahmen\/bannerrahmen\/#breadcrumb\",\"itemListElement\":[{\"@type\":\"ListItem\",\"position\":1,\"name\":\"\",\"item\":\"https:\/\/www.amstelprinting.nl\/de\/\"},{\"@type\":\"ListItem\",\"position\":2,\"name\":\"Amstel Printing\",\"item\":\"https:\/\/www.amstelprinting.nl\/de\/geschaeft\/\"},{\"@type\":\"ListItem\",\"position\":3,\"name\":\"Au\u00dfenwerbung\",\"item\":\"https:\/\/www.amstelprinting.nl\/de\/kategorie\/ausenwerbung\/\"},{\"@type\":\"ListItem\",\"position\":4,\"name\":\"Banner\",\"item\":\"https:\/\/www.amstelprinting.nl\/de\/kategorie\/ausenwerbung\/banner\/\"},{\"@type\":\"ListItem\",\"position\":5,\"name\":\"Bannerrahmen\"}]},{\"@type\":\"WebSite\",\"@id\":\"https:\/\/www.amstelprinting.nl\/de\/#website\",\"url\":\"https:\/\/www.amstelprinting.nl\/de\/\",\"name\":\"Amstel Printing\",\"description\":\"Creating Exposure\",\"publisher\":{\"@id\":\"https:\/\/www.amstelprinting.nl\/de\/#organization\"},\"potentialAction\":[{\"@type\":\"SearchAction\",\"target\":{\"@type\":\"EntryPoint\",\"urlTemplate\":\"https:\/\/www.amstelprinting.nl\/de\/?s={search_term_string}\"},\"query-input\":{\"@type\":\"PropertyValueSpecification\",\"valueRequired\":true,\"valueName\":\"search_term_string\"}}],\"inLanguage\":\"de\"},{\"@type\":\"Organization\",\"@id\":\"https:\/\/www.amstelprinting.nl\/de\/#organization\",\"name\":\"Amstel Printing\",\"url\":\"https:\/\/www.amstelprinting.nl\/de\/\",\"logo\":{\"@type\":\"ImageObject\",\"inLanguage\":\"de\",\"@id\":\"https:\/\/www.amstelprinting.nl\/de\/#\/schema\/logo\/image\/\",\"url\":\"https:\/\/www.amstelprinting.nl\/wp-content\/uploads\/amstel_printing_logo_clean.png\",\"contentUrl\":\"https:\/\/www.amstelprinting.nl\/wp-content\/uploads\/amstel_printing_logo_clean.png\",\"width\":324,\"height\":73,\"caption\":\"Amstel Printing\"},\"image\":{\"@id\":\"https:\/\/www.amstelprinting.nl\/de\/#\/schema\/logo\/image\/\"}}]}<\/script>\n<!-- \/ Yoast SEO plugin. -->","yoast_head_json":{"title":"Bannerrahmen | Amstel Printing","robots":{"index":"index","follow":"follow","max-snippet":"max-snippet:-1","max-image-preview":"max-image-preview:large","max-video-preview":"max-video-preview:-1"},"canonical":"https:\/\/www.amstelprinting.nl\/de\/gesch\u00e4ft\/ausenwerbung\/bannerrahmen\/bannerrahmen\/","og_locale":"de_DE","og_type":"article","og_title":"Bannerrahmen | Amstel Printing","og_description":"Ein Bannerrahmen, der nicht nur funktional ist, sondern auch Ihre Botschaft sowohl im Innen- als auch im Au\u00dfenbereich kraftvoll vermittelt. Entdecken Sie unsere robusten und vielseitigen Rahmen, die darauf ausgelegt sind, Ihre Visuals zu verst\u00e4rken und einen bleibenden Eindruck zu hinterlassen.","og_url":"https:\/\/www.amstelprinting.nl\/de\/gesch\u00e4ft\/ausenwerbung\/bannerrahmen\/bannerrahmen\/","og_site_name":"Amstel Printing","article_modified_time":"2026-02-18T11:53:43+00:00","og_image":[{"width":900,"height":900,"url":"https:\/\/www.amstelprinting.nl\/wp-content\/uploads\/spandoekframe-bedrukken-3.png","type":"image\/png"}],"twitter_card":"summary_large_image","twitter_misc":{"Gesch\u00e4tzte Lesezeit":"1\u00a0Minute"},"schema":{"@context":"https:\/\/schema.org","@graph":[{"@type":"WebPage","@id":"https:\/\/www.amstelprinting.nl\/de\/gesch\u00e4ft\/ausenwerbung\/bannerrahmen\/bannerrahmen\/","url":"https:\/\/www.amstelprinting.nl\/de\/gesch\u00e4ft\/ausenwerbung\/bannerrahmen\/bannerrahmen\/","name":"Bannerrahmen | Amstel Printing","isPartOf":{"@id":"https:\/\/www.amstelprinting.nl\/de\/#website"},"primaryImageOfPage":{"@id":"https:\/\/www.amstelprinting.nl\/de\/gesch\u00e4ft\/ausenwerbung\/bannerrahmen\/bannerrahmen\/#primaryimage"},"image":{"@id":"https:\/\/www.amstelprinting.nl\/de\/gesch\u00e4ft\/ausenwerbung\/bannerrahmen\/bannerrahmen\/#primaryimage"},"thumbnailUrl":"https:\/\/www.amstelprinting.nl\/wp-content\/uploads\/spandoekframe-bedrukken-3.png","datePublished":"2025-01-24T10:33:53+00:00","dateModified":"2026-02-18T11:53:43+00:00","breadcrumb":{"@id":"https:\/\/www.amstelprinting.nl\/de\/gesch\u00e4ft\/ausenwerbung\/bannerrahmen\/bannerrahmen\/#breadcrumb"},"inLanguage":"de","potentialAction":[{"@type":"ReadAction","target":["https:\/\/www.amstelprinting.nl\/de\/gesch\u00e4ft\/ausenwerbung\/bannerrahmen\/bannerrahmen\/"]}]},{"@type":"ImageObject","inLanguage":"de","@id":"https:\/\/www.amstelprinting.nl\/de\/gesch\u00e4ft\/ausenwerbung\/bannerrahmen\/bannerrahmen\/#primaryimage","url":"https:\/\/www.amstelprinting.nl\/wp-content\/uploads\/spandoekframe-bedrukken-3.png","contentUrl":"https:\/\/www.amstelprinting.nl\/wp-content\/uploads\/spandoekframe-bedrukken-3.png","width":900,"height":900},{"@type":"BreadcrumbList","@id":"https:\/\/www.amstelprinting.nl\/de\/gesch\u00e4ft\/ausenwerbung\/bannerrahmen\/bannerrahmen\/#breadcrumb","itemListElement":[{"@type":"ListItem","position":1,"name":"","item":"https:\/\/www.amstelprinting.nl\/de\/"},{"@type":"ListItem","position":2,"name":"Amstel Printing","item":"https:\/\/www.amstelprinting.nl\/de\/geschaeft\/"},{"@type":"ListItem","position":3,"name":"Au\u00dfenwerbung","item":"https:\/\/www.amstelprinting.nl\/de\/kategorie\/ausenwerbung\/"},{"@type":"ListItem","position":4,"name":"Banner","item":"https:\/\/www.amstelprinting.nl\/de\/kategorie\/ausenwerbung\/banner\/"},{"@type":"ListItem","position":5,"name":"Bannerrahmen"}]},{"@type":"WebSite","@id":"https:\/\/www.amstelprinting.nl\/de\/#website","url":"https:\/\/www.amstelprinting.nl\/de\/","name":"Amstel Printing","description":"Creating Exposure","publisher":{"@id":"https:\/\/www.amstelprinting.nl\/de\/#organization"},"potentialAction":[{"@type":"SearchAction","target":{"@type":"EntryPoint","urlTemplate":"https:\/\/www.amstelprinting.nl\/de\/?s={search_term_string}"},"query-input":{"@type":"PropertyValueSpecification","valueRequired":true,"valueName":"search_term_string"}}],"inLanguage":"de"},{"@type":"Organization","@id":"https:\/\/www.amstelprinting.nl\/de\/#organization","name":"Amstel Printing","url":"https:\/\/www.amstelprinting.nl\/de\/","logo":{"@type":"ImageObject","inLanguage":"de","@id":"https:\/\/www.amstelprinting.nl\/de\/#\/schema\/logo\/image\/","url":"https:\/\/www.amstelprinting.nl\/wp-content\/uploads\/amstel_printing_logo_clean.png","contentUrl":"https:\/\/www.amstelprinting.nl\/wp-content\/uploads\/amstel_printing_logo_clean.png","width":324,"height":73,"caption":"Amstel Printing"},"image":{"@id":"https:\/\/www.amstelprinting.nl\/de\/#\/schema\/logo\/image\/"}}]}},"_links":{"self":[{"href":"https:\/\/www.amstelprinting.nl\/de\/wp-json\/wp\/v2\/product\/13814","targetHints":{"allow":["GET"]}}],"collection":[{"href":"https:\/\/www.amstelprinting.nl\/de\/wp-json\/wp\/v2\/product"}],"about":[{"href":"https:\/\/www.amstelprinting.nl\/de\/wp-json\/wp\/v2\/types\/product"}],"wp:featuredmedia":[{"embeddable":true,"href":"https:\/\/www.amstelprinting.nl\/de\/wp-json\/wp\/v2\/media\/13815"}],"wp:attachment":[{"href":"https:\/\/www.amstelprinting.nl\/de\/wp-json\/wp\/v2\/media?parent=13814"}],"wp:term":[{"taxonomy":"product_brand","embeddable":true,"href":"https:\/\/www.amstelprinting.nl\/de\/wp-json\/wp\/v2\/product_brand?post=13814"},{"taxonomy":"product_cat","embeddable":true,"href":"https:\/\/www.amstelprinting.nl\/de\/wp-json\/wp\/v2\/product_cat?post=13814"},{"taxonomy":"product_tag","embeddable":true,"href":"https:\/\/www.amstelprinting.nl\/de\/wp-json\/wp\/v2\/product_tag?post=13814"}],"curies":[{"name":"wp","href":"https:\/\/api.w.org\/{rel}","templated":true}]}}