{"id":13824,"date":"2025-01-24T11:33:37","date_gmt":"2025-01-24T10:33:37","guid":{"rendered":"https:\/\/www.amstelprinting.nl\/winkel\/unkategorisiert\/spandoek\/"},"modified":"2026-02-18T12:53:44","modified_gmt":"2026-02-18T11:53:44","slug":"banner-2","status":"publish","type":"product","link":"https:\/\/www.amstelprinting.nl\/de\/gesch\u00e4ft\/ausenwerbung\/banner\/banner-2\/","title":{"rendered":"Banner"},"content":{"rendered":"<h3>Bannermaterialien<\/h3>\n<p>Unsere Banner sind in sieben verschiedenen Materialien erh\u00e4ltlich.<\/p>\n<ul>\n<li><strong>Banner 510<\/strong>: PVC-Plane mit gl\u00e4nzender Optik, geeignet f\u00fcr den Innen- und Au\u00dfenbereich.<\/li>\n<li><strong>Banner 610 (auch beidseitig)<\/strong>: Blockout-PVC-Plane, geeignet f\u00fcr innen und au\u00dfen.<\/li>\n<li><strong>Mesh-Gewebe<\/strong>: Luftdurchl\u00e4ssige PVC-Plane mit netzartiger Struktur, ideal f\u00fcr windige Standorte.<\/li>\n<li><strong>ProPES Outdoor<\/strong>: Einzigartiges und leichtgewichtiges Polyester-Textilgewebe mit wasserabweisender Beschichtung.<\/li>\n<li><strong>Budget-Banner<\/strong>: Preiswertes Banner aus PVC und Polyester, perfekt f\u00fcr kurzzeitige Anwendungen.<\/li>\n<li><strong>ProPES FR<\/strong>: Leichtgewichtiges Polyester-Textilgewebe mit flammhemmender Beschichtung.<\/li>\n<li><strong>Schwarz-Wei\u00df-Banner<\/strong>: PVC-Blockout-Plane mit schwarzer R\u00fcckseite, geeignet f\u00fcr innen und au\u00dfen.<\/li>\n<li><strong>Soundmesh<\/strong>: Luft- und schalldurchl\u00e4ssige PVC-Plane mit einem Gewicht von 180 g\/m\u00b2, ideal f\u00fcr ger\u00e4uschempfindliche Umgebungen.<\/li>\n<\/ul>\n<p>&nbsp;<\/p>\n<h3>Verarbeitungen<\/h3>\n<p>W\u00e4hlen Sie Gleichm\u00e4\u00dfigkeit oder Variation bei der Verarbeitung der Seiten rundherum. F\u00fcr die Konfektionierung Ihres Banners haben Sie die Wahl zwischen verschiedenen Stilen: Schneiden, \u00d6sen, S\u00e4umen, S\u00e4umen und \u00d6sen, Hohlsaum, Rundkeder oder Klettband.<\/p>\n<p>Setzen Sie auf Gr\u00f6\u00dfe mit unserer einzigartigen Methode, gr\u00f6\u00dfte Banner miteinander zu verschwei\u00dfen. Bestellen Sie das gew\u00fcnschte Format und liefern Sie es als eine Datei an. Wir k\u00fcmmern uns um die pr\u00e4zise Aufteilung nach Ihren W\u00fcnschen. Mit unseren Bannern k\u00f6nnen Sie sich auf ein Produkt verlassen, das nicht nur Ihre Botschaft klar kommuniziert, sondern dank der gro\u00dfen Materialauswahl auch den Elementen standh\u00e4lt.<\/p>\n<h3>H\u00e4ufig gestellte Fragen<\/h3>\n<p><strong>Wie wird dieses Produkt verpackt?<\/strong><br \/>\nDie Banner werden auf Rollen verpackt. Zum Schutz des Materials wird die Plane in Luftpolsterfolie und Kraftpapier eingerollt.<\/p>\n<p><strong>Wann wird eine Plane aufgeteilt?<\/strong><br \/>\nDies wird durch die maximale Druckbreite bestimmt. Diese variiert je nach Material. In den Spezifikationen finden Sie die maximale Druckbreite f\u00fcr jedes Material. Wichtig zu wissen: Sie k\u00f6nnen die gesamte Fl\u00e4che ganz einfach in einer Datei anliefern. Wir teilen die Datei nach Ihren W\u00fcnschen auf.<\/p>\n<p><strong>Gibt es ein Maximalformat?<\/strong><br \/>\nZ\u00f6gern Sie nicht beim Format: Dank einer speziellen Schwei\u00dftechnik k\u00f6nnen wir die gr\u00f6\u00dften Planen f\u00fcr Sie aneinandersetzen. Sie k\u00f6nnen die gesamte Fl\u00e4che einfach in einer Datei bestellen und anliefern. Wir sorgen daf\u00fcr, dass die Datei anschlie\u00dfend so aufgeteilt wird, wie Sie es w\u00fcnschen.<\/p>\n<p><strong>Ist dieses Produkt windbest\u00e4ndig?<\/strong><br \/>\nAlle unsere Materialien sind so konzipiert, dass sie Windb\u00f6en standhalten k\u00f6nnen. Wenn Sie ein Material ben\u00f6tigen, das besonders windbest\u00e4ndig ist, empfehlen wir Mesh-Gewebe. Dies ist ein perforiertes Material, das dem Wind weniger Angriffsfl\u00e4che bietet.<\/p>\n<p><strong>Wie l\u00e4sst sich ein Banner am besten reinigen?<\/strong><br \/>\nDas Banner l\u00e4sst sich am besten mit warmem Wasser und einem Mikrofasertuch reinigen. Von der Verwendung von Reinigungsmitteln wird abgeraten, da diese die Tinte besch\u00e4digen k\u00f6nnen.<\/p>\n","protected":false},"excerpt":{"rendered":"<p>Entdecken Sie die vielf\u00e4ltigen M\u00f6glichkeiten von Bannern. Vollst\u00e4ndig personalisierbar mit gestochen scharfem Druck in einer Ausf\u00fchrung Ihrer Wahl. Perfekt f\u00fcr Veranstaltungen, Promotionen und Pr\u00e4sentationen. Unsere bedruckten Banner ziehen garantiert die Aufmerksamkeit auf Ihr Unternehmen oder Ihre Botschaft. Mit lebendigen Farben und langlebigen Materialien sorgen wir daf\u00fcr, dass Ihre Botschaft \u00fcberall und jederzeit deutlich sichtbar ist, sowohl im Innen- als auch im Au\u00dfenbereich.<\/p>\n","protected":false},"featured_media":13825,"template":"","meta":{"_et_pb_use_builder":"","_et_pb_old_content":"","_et_gb_content_width":""},"product_brand":[],"product_cat":[929,924],"product_tag":[],"class_list":{"0":"post-13824","1":"product","2":"type-product","3":"status-publish","4":"has-post-thumbnail","6":"product_cat-ausenwerbung","7":"product_cat-banner","9":"first","10":"instock","11":"taxable","12":"shipping-taxable","13":"purchasable","14":"product-type-simple"},"yoast_head":"<!-- This site is optimized with the Yoast SEO plugin v27.3 - https:\/\/yoast.com\/product\/yoast-seo-wordpress\/ -->\n<title>Banner | Amstel Printing<\/title>\n<meta name=\"robots\" content=\"index, follow, max-snippet:-1, max-image-preview:large, max-video-preview:-1\" \/>\n<link rel=\"canonical\" href=\"https:\/\/www.amstelprinting.nl\/de\/gesch\u00e4ft\/ausenwerbung\/banner\/banner-2\/\" \/>\n<meta property=\"og:locale\" content=\"de_DE\" \/>\n<meta property=\"og:type\" content=\"article\" \/>\n<meta property=\"og:title\" content=\"Banner | Amstel Printing\" \/>\n<meta property=\"og:description\" content=\"Entdecken Sie die vielf\u00e4ltigen M\u00f6glichkeiten von Bannern. Vollst\u00e4ndig personalisierbar mit gestochen scharfem Druck in einer Ausf\u00fchrung Ihrer Wahl. Perfekt f\u00fcr Veranstaltungen, Promotionen und Pr\u00e4sentationen. Unsere bedruckten Banner ziehen garantiert die Aufmerksamkeit auf Ihr Unternehmen oder Ihre Botschaft. Mit lebendigen Farben und langlebigen Materialien sorgen wir daf\u00fcr, dass Ihre Botschaft \u00fcberall und jederzeit deutlich sichtbar ist, sowohl im Innen- als auch im Au\u00dfenbereich.\" \/>\n<meta property=\"og:url\" content=\"https:\/\/www.amstelprinting.nl\/de\/gesch\u00e4ft\/ausenwerbung\/banner\/banner-2\/\" \/>\n<meta property=\"og:site_name\" content=\"Amstel Printing\" \/>\n<meta property=\"article:modified_time\" content=\"2026-02-18T11:53:44+00:00\" \/>\n<meta property=\"og:image\" content=\"https:\/\/www.amstelprinting.nl\/wp-content\/uploads\/spandoek-bedrukken-3.png\" \/>\n\t<meta property=\"og:image:width\" content=\"900\" \/>\n\t<meta property=\"og:image:height\" content=\"900\" \/>\n\t<meta property=\"og:image:type\" content=\"image\/png\" \/>\n<meta name=\"twitter:card\" content=\"summary_large_image\" \/>\n<meta name=\"twitter:label1\" content=\"Gesch\u00e4tzte Lesezeit\" \/>\n\t<meta name=\"twitter:data1\" content=\"2\u00a0Minuten\" \/>\n<script type=\"application\/ld+json\" class=\"yoast-schema-graph\">{\"@context\":\"https:\\\/\\\/schema.org\",\"@graph\":[{\"@type\":\"WebPage\",\"@id\":\"https:\\\/\\\/www.amstelprinting.nl\\\/de\\\/gesch\u00e4ft\\\/ausenwerbung\\\/banner\\\/banner-2\\\/\",\"url\":\"https:\\\/\\\/www.amstelprinting.nl\\\/de\\\/gesch\u00e4ft\\\/ausenwerbung\\\/banner\\\/banner-2\\\/\",\"name\":\"Banner | Amstel Printing\",\"isPartOf\":{\"@id\":\"https:\\\/\\\/www.amstelprinting.nl\\\/de\\\/#website\"},\"primaryImageOfPage\":{\"@id\":\"https:\\\/\\\/www.amstelprinting.nl\\\/de\\\/gesch\u00e4ft\\\/ausenwerbung\\\/banner\\\/banner-2\\\/#primaryimage\"},\"image\":{\"@id\":\"https:\\\/\\\/www.amstelprinting.nl\\\/de\\\/gesch\u00e4ft\\\/ausenwerbung\\\/banner\\\/banner-2\\\/#primaryimage\"},\"thumbnailUrl\":\"https:\\\/\\\/www.amstelprinting.nl\\\/wp-content\\\/uploads\\\/spandoek-bedrukken-3.png\",\"datePublished\":\"2025-01-24T10:33:37+00:00\",\"dateModified\":\"2026-02-18T11:53:44+00:00\",\"breadcrumb\":{\"@id\":\"https:\\\/\\\/www.amstelprinting.nl\\\/de\\\/gesch\u00e4ft\\\/ausenwerbung\\\/banner\\\/banner-2\\\/#breadcrumb\"},\"inLanguage\":\"de\",\"potentialAction\":[{\"@type\":\"ReadAction\",\"target\":[\"https:\\\/\\\/www.amstelprinting.nl\\\/de\\\/gesch\u00e4ft\\\/ausenwerbung\\\/banner\\\/banner-2\\\/\"]}]},{\"@type\":\"ImageObject\",\"inLanguage\":\"de\",\"@id\":\"https:\\\/\\\/www.amstelprinting.nl\\\/de\\\/gesch\u00e4ft\\\/ausenwerbung\\\/banner\\\/banner-2\\\/#primaryimage\",\"url\":\"https:\\\/\\\/www.amstelprinting.nl\\\/wp-content\\\/uploads\\\/spandoek-bedrukken-3.png\",\"contentUrl\":\"https:\\\/\\\/www.amstelprinting.nl\\\/wp-content\\\/uploads\\\/spandoek-bedrukken-3.png\",\"width\":900,\"height\":900},{\"@type\":\"BreadcrumbList\",\"@id\":\"https:\\\/\\\/www.amstelprinting.nl\\\/de\\\/gesch\u00e4ft\\\/ausenwerbung\\\/banner\\\/banner-2\\\/#breadcrumb\",\"itemListElement\":[{\"@type\":\"ListItem\",\"position\":1,\"name\":\"\",\"item\":\"https:\\\/\\\/www.amstelprinting.nl\\\/de\\\/\"},{\"@type\":\"ListItem\",\"position\":2,\"name\":\"Amstel Printing\",\"item\":\"https:\\\/\\\/www.amstelprinting.nl\\\/de\\\/geschaeft\\\/\"},{\"@type\":\"ListItem\",\"position\":3,\"name\":\"Au\u00dfenwerbung\",\"item\":\"https:\\\/\\\/www.amstelprinting.nl\\\/de\\\/kategorie\\\/ausenwerbung\\\/\"},{\"@type\":\"ListItem\",\"position\":4,\"name\":\"Banner\",\"item\":\"https:\\\/\\\/www.amstelprinting.nl\\\/de\\\/kategorie\\\/ausenwerbung\\\/banner\\\/\"},{\"@type\":\"ListItem\",\"position\":5,\"name\":\"Banner\"}]},{\"@type\":\"WebSite\",\"@id\":\"https:\\\/\\\/www.amstelprinting.nl\\\/de\\\/#website\",\"url\":\"https:\\\/\\\/www.amstelprinting.nl\\\/de\\\/\",\"name\":\"Amstel Printing\",\"description\":\"Creating Exposure\",\"publisher\":{\"@id\":\"https:\\\/\\\/www.amstelprinting.nl\\\/de\\\/#organization\"},\"potentialAction\":[{\"@type\":\"SearchAction\",\"target\":{\"@type\":\"EntryPoint\",\"urlTemplate\":\"https:\\\/\\\/www.amstelprinting.nl\\\/de\\\/?s={search_term_string}\"},\"query-input\":{\"@type\":\"PropertyValueSpecification\",\"valueRequired\":true,\"valueName\":\"search_term_string\"}}],\"inLanguage\":\"de\"},{\"@type\":\"Organization\",\"@id\":\"https:\\\/\\\/www.amstelprinting.nl\\\/de\\\/#organization\",\"name\":\"Amstel Printing\",\"url\":\"https:\\\/\\\/www.amstelprinting.nl\\\/de\\\/\",\"logo\":{\"@type\":\"ImageObject\",\"inLanguage\":\"de\",\"@id\":\"https:\\\/\\\/www.amstelprinting.nl\\\/de\\\/#\\\/schema\\\/logo\\\/image\\\/\",\"url\":\"https:\\\/\\\/www.amstelprinting.nl\\\/wp-content\\\/uploads\\\/amstel_printing_logo_clean.png\",\"contentUrl\":\"https:\\\/\\\/www.amstelprinting.nl\\\/wp-content\\\/uploads\\\/amstel_printing_logo_clean.png\",\"width\":324,\"height\":73,\"caption\":\"Amstel Printing\"},\"image\":{\"@id\":\"https:\\\/\\\/www.amstelprinting.nl\\\/de\\\/#\\\/schema\\\/logo\\\/image\\\/\"}}]}<\/script>\n<!-- \/ Yoast SEO plugin. -->","yoast_head_json":{"title":"Banner | Amstel Printing","robots":{"index":"index","follow":"follow","max-snippet":"max-snippet:-1","max-image-preview":"max-image-preview:large","max-video-preview":"max-video-preview:-1"},"canonical":"https:\/\/www.amstelprinting.nl\/de\/gesch\u00e4ft\/ausenwerbung\/banner\/banner-2\/","og_locale":"de_DE","og_type":"article","og_title":"Banner | Amstel Printing","og_description":"Entdecken Sie die vielf\u00e4ltigen M\u00f6glichkeiten von Bannern. Vollst\u00e4ndig personalisierbar mit gestochen scharfem Druck in einer Ausf\u00fchrung Ihrer Wahl. Perfekt f\u00fcr Veranstaltungen, Promotionen und Pr\u00e4sentationen. Unsere bedruckten Banner ziehen garantiert die Aufmerksamkeit auf Ihr Unternehmen oder Ihre Botschaft. Mit lebendigen Farben und langlebigen Materialien sorgen wir daf\u00fcr, dass Ihre Botschaft \u00fcberall und jederzeit deutlich sichtbar ist, sowohl im Innen- als auch im Au\u00dfenbereich.","og_url":"https:\/\/www.amstelprinting.nl\/de\/gesch\u00e4ft\/ausenwerbung\/banner\/banner-2\/","og_site_name":"Amstel Printing","article_modified_time":"2026-02-18T11:53:44+00:00","og_image":[{"width":900,"height":900,"url":"https:\/\/www.amstelprinting.nl\/wp-content\/uploads\/spandoek-bedrukken-3.png","type":"image\/png"}],"twitter_card":"summary_large_image","twitter_misc":{"Gesch\u00e4tzte Lesezeit":"2\u00a0Minuten"},"schema":{"@context":"https:\/\/schema.org","@graph":[{"@type":"WebPage","@id":"https:\/\/www.amstelprinting.nl\/de\/gesch\u00e4ft\/ausenwerbung\/banner\/banner-2\/","url":"https:\/\/www.amstelprinting.nl\/de\/gesch\u00e4ft\/ausenwerbung\/banner\/banner-2\/","name":"Banner | Amstel Printing","isPartOf":{"@id":"https:\/\/www.amstelprinting.nl\/de\/#website"},"primaryImageOfPage":{"@id":"https:\/\/www.amstelprinting.nl\/de\/gesch\u00e4ft\/ausenwerbung\/banner\/banner-2\/#primaryimage"},"image":{"@id":"https:\/\/www.amstelprinting.nl\/de\/gesch\u00e4ft\/ausenwerbung\/banner\/banner-2\/#primaryimage"},"thumbnailUrl":"https:\/\/www.amstelprinting.nl\/wp-content\/uploads\/spandoek-bedrukken-3.png","datePublished":"2025-01-24T10:33:37+00:00","dateModified":"2026-02-18T11:53:44+00:00","breadcrumb":{"@id":"https:\/\/www.amstelprinting.nl\/de\/gesch\u00e4ft\/ausenwerbung\/banner\/banner-2\/#breadcrumb"},"inLanguage":"de","potentialAction":[{"@type":"ReadAction","target":["https:\/\/www.amstelprinting.nl\/de\/gesch\u00e4ft\/ausenwerbung\/banner\/banner-2\/"]}]},{"@type":"ImageObject","inLanguage":"de","@id":"https:\/\/www.amstelprinting.nl\/de\/gesch\u00e4ft\/ausenwerbung\/banner\/banner-2\/#primaryimage","url":"https:\/\/www.amstelprinting.nl\/wp-content\/uploads\/spandoek-bedrukken-3.png","contentUrl":"https:\/\/www.amstelprinting.nl\/wp-content\/uploads\/spandoek-bedrukken-3.png","width":900,"height":900},{"@type":"BreadcrumbList","@id":"https:\/\/www.amstelprinting.nl\/de\/gesch\u00e4ft\/ausenwerbung\/banner\/banner-2\/#breadcrumb","itemListElement":[{"@type":"ListItem","position":1,"name":"","item":"https:\/\/www.amstelprinting.nl\/de\/"},{"@type":"ListItem","position":2,"name":"Amstel Printing","item":"https:\/\/www.amstelprinting.nl\/de\/geschaeft\/"},{"@type":"ListItem","position":3,"name":"Au\u00dfenwerbung","item":"https:\/\/www.amstelprinting.nl\/de\/kategorie\/ausenwerbung\/"},{"@type":"ListItem","position":4,"name":"Banner","item":"https:\/\/www.amstelprinting.nl\/de\/kategorie\/ausenwerbung\/banner\/"},{"@type":"ListItem","position":5,"name":"Banner"}]},{"@type":"WebSite","@id":"https:\/\/www.amstelprinting.nl\/de\/#website","url":"https:\/\/www.amstelprinting.nl\/de\/","name":"Amstel Printing","description":"Creating Exposure","publisher":{"@id":"https:\/\/www.amstelprinting.nl\/de\/#organization"},"potentialAction":[{"@type":"SearchAction","target":{"@type":"EntryPoint","urlTemplate":"https:\/\/www.amstelprinting.nl\/de\/?s={search_term_string}"},"query-input":{"@type":"PropertyValueSpecification","valueRequired":true,"valueName":"search_term_string"}}],"inLanguage":"de"},{"@type":"Organization","@id":"https:\/\/www.amstelprinting.nl\/de\/#organization","name":"Amstel Printing","url":"https:\/\/www.amstelprinting.nl\/de\/","logo":{"@type":"ImageObject","inLanguage":"de","@id":"https:\/\/www.amstelprinting.nl\/de\/#\/schema\/logo\/image\/","url":"https:\/\/www.amstelprinting.nl\/wp-content\/uploads\/amstel_printing_logo_clean.png","contentUrl":"https:\/\/www.amstelprinting.nl\/wp-content\/uploads\/amstel_printing_logo_clean.png","width":324,"height":73,"caption":"Amstel Printing"},"image":{"@id":"https:\/\/www.amstelprinting.nl\/de\/#\/schema\/logo\/image\/"}}]}},"_links":{"self":[{"href":"https:\/\/www.amstelprinting.nl\/de\/wp-json\/wp\/v2\/product\/13824","targetHints":{"allow":["GET"]}}],"collection":[{"href":"https:\/\/www.amstelprinting.nl\/de\/wp-json\/wp\/v2\/product"}],"about":[{"href":"https:\/\/www.amstelprinting.nl\/de\/wp-json\/wp\/v2\/types\/product"}],"wp:featuredmedia":[{"embeddable":true,"href":"https:\/\/www.amstelprinting.nl\/de\/wp-json\/wp\/v2\/media\/13825"}],"wp:attachment":[{"href":"https:\/\/www.amstelprinting.nl\/de\/wp-json\/wp\/v2\/media?parent=13824"}],"wp:term":[{"taxonomy":"product_brand","embeddable":true,"href":"https:\/\/www.amstelprinting.nl\/de\/wp-json\/wp\/v2\/product_brand?post=13824"},{"taxonomy":"product_cat","embeddable":true,"href":"https:\/\/www.amstelprinting.nl\/de\/wp-json\/wp\/v2\/product_cat?post=13824"},{"taxonomy":"product_tag","embeddable":true,"href":"https:\/\/www.amstelprinting.nl\/de\/wp-json\/wp\/v2\/product_tag?post=13824"}],"curies":[{"name":"wp","href":"https:\/\/api.w.org\/{rel}","templated":true}]}}