{"id":13834,"date":"2025-01-24T11:33:28","date_gmt":"2025-01-24T10:33:28","guid":{"rendered":"https:\/\/www.amstelprinting.nl\/winkel\/unkategorisiert\/xl-doek\/"},"modified":"2026-02-18T12:53:44","modified_gmt":"2026-02-18T11:53:44","slug":"xl-banner","status":"publish","type":"product","link":"https:\/\/www.amstelprinting.nl\/de\/gesch\u00e4ft\/ausenwerbung\/banner\/xl-banner\/","title":{"rendered":"XL-Banner"},"content":{"rendered":"<h3>Extra gro\u00dfe Banner bedrucken<\/h3>\n<p>Ein XL-Banner ist die L\u00f6sung bei ernsthaften (extrem gro\u00dfen) Abmessungen. Ob Fassadenverkleidung, Events oder Sportst\u00e4tten von Format: Diese gigantischen Banner ziehen mit gestochen scharfen Drucken und lebendigen Farben garantiert die Aufmerksamkeit auf sich. Das XL-Banner kann in mehr als 8 verschiedenen Materialarten in jeder gew\u00fcnschten Verarbeitung produziert werden. Das Einzigartige am XL-Banner ist, dass Sie nicht an feste Formate gebunden sind. Banner, die gr\u00f6\u00dfer als 500 cm sind, werden w\u00e4hrend der Produktion miteinander verbunden.<\/p>\n<h3>Materialien: XL-Banner f\u00fcr jede Gelegenheit<\/h3>\n<p>Bei uns bestimmen Sie selbst das Format, das am besten zu Ihrem Projekt passt, unterst\u00fctzt durch eine Auswahl aus acht verschiedenen Materialien.<\/p>\n<ul>\n<li><strong>Banner 510<\/strong>: PVC-Plane mit gl\u00e4nzendem Erscheinungsbild, geeignet f\u00fcr den Innen- und Au\u00dfeneinsatz.<\/li>\n<li><strong>Banner 610 (auch doppelseitig)<\/strong>: Block-out PVC-Plane, geeignet f\u00fcr innen und au\u00dfen.<\/li>\n<li><strong>Mesh-Banner<\/strong>: Luftdurchl\u00e4ssige PVC-Plane mit netzartiger Struktur, ideal f\u00fcr Standorte mit viel Wind.<\/li>\n<li><strong>ProPES Outdoor<\/strong>: Leichtes Polyester-Textilgewebe mit wasserabweisender Beschichtung, perfekt f\u00fcr den langfristigen Au\u00dfeneinsatz.<\/li>\n<li><strong>ProPES FR<\/strong>: Polyester-Textilgewebe mit flammenhemmender Beschichtung, sorgt f\u00fcr Sicherheit in jeder Situation.<\/li>\n<li><strong>Flag<\/strong>: Polyestergewebe mit hoher Transparenz, ideal f\u00fcr tempor\u00e4re Anwendungen mit einer Lebensdauer von bis zu vier Monaten.<\/li>\n<li><strong>Dekostoff<\/strong>: F\u00fcr eine stabile und blickdichte Darstellung.<\/li>\n<li><strong>Schwarz-Wei\u00df-Banner<\/strong>: PVC-Block-out-Plane mit schwarzer R\u00fcckseite, geeignet f\u00fcr innen und au\u00dfen.<\/li>\n<\/ul>\n<p>&nbsp;<\/p>\n<h3>W\u00e4hlen Sie die richtige Verarbeitung<\/h3>\n<p>Wir bieten eine umfangreiche Auswahl an Verarbeitungsm\u00f6glichkeiten f\u00fcr Ihr XL-Banner wie S\u00e4umen, \u00d6sen und Hohlr\u00e4ume. Damit ist Ihnen ein Produkt garantiert, das perfekt auf Ihre spezifischen Anforderungen und Anwendungen abgestimmt ist.<\/p>\n<h3>Versand<\/h3>\n<p>Ihr XL-Banner wird sorgf\u00e4ltig verpakt und geliefert, bereit, Ihre Botschaft klar und kraftvoll zu pr\u00e4sentieren. Bei Abmessungen gr\u00f6\u00dfer als 5 x 5 Meter werden die Banner in Teilen produziert. W\u00e4hrend des Produktionsprozesses werden diese wieder miteinander verbunden und gefaltet versendet. F\u00fcr ProPES Outdoor und ProPES FR gilt, dass bei Abmessungen \u00fcber 304 x 304 cm die Teile ebenfalls zusammengesetzt werden. Die maximale Breite (aus einem St\u00fcck) oder H\u00f6he betr\u00e4gt dann 600 cm.<\/p>\n<h3>H\u00e4ufig gestellte Fragen zum Druck von XL-Bannern<\/h3>\n<p><strong>Wie wird dieses Produkt verpackt?<\/strong><br \/>\nWir verpacken dieses Produkt auf Rolle bis zu 500 cm. Um das Material zu sch\u00fctzen, rollen wir es in Luftpolsterfolie und Kraftpapier ein.<\/p>\n<p><strong>Wie werden verschiedene Teile miteinander verbunden?<\/strong><br \/>\nUnsere Drucker k\u00f6nnen bis zu f\u00fcnf Meter breit drucken. Ben\u00f6tigen Sie ein gr\u00f6\u00dferes Banner? Kein Problem! Einzelteile werden mit Hitze miteinander verschwei\u00dft. Gut zu wissen: Sie bestellen einfach die gesamte Fl\u00e4che und liefern diese in einer Datei an. Wir teilen die Datei dann auf.<\/p>\n","protected":false},"excerpt":{"rendered":"<p>F\u00fcr extrem gro\u00dfe Drucke: Bringen Sie Ihre Botschaft eindrucksvoll nach au\u00dfen mit unseren XL-Bannern. Ob es um die Werbung f\u00fcr Ihr Unternehmen, die Promotion eines Events oder die Abgrenzung eines speziellen Bereichs geht, unsere XL-Banner bieten die perfekte L\u00f6sung f\u00fcr beeindruckende visuelle Kommunikation. Vollst\u00e4ndig nach Ma\u00df bestellbar. Mit gestochen scharfen Drucken in einer Verarbeitung nach Wunsch. Lieferung bereits innerhalb von 1 Werktag. Stellen Sie hier unten Ihr XL-Banner zusammen.<\/p>\n","protected":false},"featured_media":13835,"template":"","meta":{"_et_pb_use_builder":"","_et_pb_old_content":"","_et_gb_content_width":""},"product_brand":[],"product_cat":[929,924,904,899],"product_tag":[],"class_list":{"0":"post-13834","1":"product","2":"type-product","3":"status-publish","4":"has-post-thumbnail","6":"product_cat-ausenwerbung","7":"product_cat-banner","8":"product_cat-festivaltucher","9":"product_cat-messe-event","11":"first","12":"instock","13":"taxable","14":"shipping-taxable","15":"purchasable","16":"product-type-simple"},"yoast_head":"<!-- This site is optimized with the Yoast SEO plugin v27.3 - https:\/\/yoast.com\/product\/yoast-seo-wordpress\/ -->\n<title>XL-Banner f\u00fcr Festivals &amp; Events - Amstel Printing<\/title>\n<meta name=\"description\" content=\"Gestochen scharfe Drucke und lebendige Farben auf einem XL-Banner von Amstel Printing. | 8+ Materialarten f\u00fcr Events, Fassadenverkleidungen und Sportst\u00e4tten. Jetzt bestellen!\" \/>\n<meta name=\"robots\" content=\"index, follow, max-snippet:-1, max-image-preview:large, max-video-preview:-1\" \/>\n<link rel=\"canonical\" href=\"https:\/\/www.amstelprinting.nl\/de\/gesch\u00e4ft\/ausenwerbung\/banner\/xl-banner\/\" \/>\n<meta property=\"og:locale\" content=\"de_DE\" \/>\n<meta property=\"og:type\" content=\"article\" \/>\n<meta property=\"og:title\" content=\"XL-Banner f\u00fcr Festivals &amp; Events - Amstel Printing\" \/>\n<meta property=\"og:description\" content=\"Gestochen scharfe Drucke und lebendige Farben auf einem XL-Banner von Amstel Printing. | 8+ Materialarten f\u00fcr Events, Fassadenverkleidungen und Sportst\u00e4tten. Jetzt bestellen!\" \/>\n<meta property=\"og:url\" content=\"https:\/\/www.amstelprinting.nl\/de\/gesch\u00e4ft\/ausenwerbung\/banner\/xl-banner\/\" \/>\n<meta property=\"og:site_name\" content=\"Amstel Printing\" \/>\n<meta property=\"article:modified_time\" content=\"2026-02-18T11:53:44+00:00\" \/>\n<meta property=\"og:image\" content=\"https:\/\/www.amstelprinting.nl\/wp-content\/uploads\/xl-doek-bedrukken-1.png\" \/>\n\t<meta property=\"og:image:width\" content=\"900\" \/>\n\t<meta property=\"og:image:height\" content=\"900\" \/>\n\t<meta property=\"og:image:type\" content=\"image\/png\" \/>\n<meta name=\"twitter:card\" content=\"summary_large_image\" \/>\n<meta name=\"twitter:label1\" content=\"Gesch\u00e4tzte Lesezeit\" \/>\n\t<meta name=\"twitter:data1\" content=\"2\u00a0Minuten\" \/>\n<script type=\"application\/ld+json\" class=\"yoast-schema-graph\">{\"@context\":\"https:\\\/\\\/schema.org\",\"@graph\":[{\"@type\":\"WebPage\",\"@id\":\"https:\\\/\\\/www.amstelprinting.nl\\\/de\\\/gesch\u00e4ft\\\/ausenwerbung\\\/banner\\\/xl-banner\\\/\",\"url\":\"https:\\\/\\\/www.amstelprinting.nl\\\/de\\\/gesch\u00e4ft\\\/ausenwerbung\\\/banner\\\/xl-banner\\\/\",\"name\":\"XL-Banner f\u00fcr Festivals & Events - Amstel Printing\",\"isPartOf\":{\"@id\":\"https:\\\/\\\/www.amstelprinting.nl\\\/de\\\/#website\"},\"primaryImageOfPage\":{\"@id\":\"https:\\\/\\\/www.amstelprinting.nl\\\/de\\\/gesch\u00e4ft\\\/ausenwerbung\\\/banner\\\/xl-banner\\\/#primaryimage\"},\"image\":{\"@id\":\"https:\\\/\\\/www.amstelprinting.nl\\\/de\\\/gesch\u00e4ft\\\/ausenwerbung\\\/banner\\\/xl-banner\\\/#primaryimage\"},\"thumbnailUrl\":\"https:\\\/\\\/www.amstelprinting.nl\\\/wp-content\\\/uploads\\\/xl-doek-bedrukken-1.png\",\"datePublished\":\"2025-01-24T10:33:28+00:00\",\"dateModified\":\"2026-02-18T11:53:44+00:00\",\"description\":\"Gestochen scharfe Drucke und lebendige Farben auf einem XL-Banner von Amstel Printing. | 8+ Materialarten f\u00fcr Events, Fassadenverkleidungen und Sportst\u00e4tten. Jetzt bestellen!\",\"breadcrumb\":{\"@id\":\"https:\\\/\\\/www.amstelprinting.nl\\\/de\\\/gesch\u00e4ft\\\/ausenwerbung\\\/banner\\\/xl-banner\\\/#breadcrumb\"},\"inLanguage\":\"de\",\"potentialAction\":[{\"@type\":\"ReadAction\",\"target\":[\"https:\\\/\\\/www.amstelprinting.nl\\\/de\\\/gesch\u00e4ft\\\/ausenwerbung\\\/banner\\\/xl-banner\\\/\"]}]},{\"@type\":\"ImageObject\",\"inLanguage\":\"de\",\"@id\":\"https:\\\/\\\/www.amstelprinting.nl\\\/de\\\/gesch\u00e4ft\\\/ausenwerbung\\\/banner\\\/xl-banner\\\/#primaryimage\",\"url\":\"https:\\\/\\\/www.amstelprinting.nl\\\/wp-content\\\/uploads\\\/xl-doek-bedrukken-1.png\",\"contentUrl\":\"https:\\\/\\\/www.amstelprinting.nl\\\/wp-content\\\/uploads\\\/xl-doek-bedrukken-1.png\",\"width\":900,\"height\":900},{\"@type\":\"BreadcrumbList\",\"@id\":\"https:\\\/\\\/www.amstelprinting.nl\\\/de\\\/gesch\u00e4ft\\\/ausenwerbung\\\/banner\\\/xl-banner\\\/#breadcrumb\",\"itemListElement\":[{\"@type\":\"ListItem\",\"position\":1,\"name\":\"\",\"item\":\"https:\\\/\\\/www.amstelprinting.nl\\\/de\\\/\"},{\"@type\":\"ListItem\",\"position\":2,\"name\":\"Amstel Printing\",\"item\":\"https:\\\/\\\/www.amstelprinting.nl\\\/de\\\/geschaeft\\\/\"},{\"@type\":\"ListItem\",\"position\":3,\"name\":\"Au\u00dfenwerbung\",\"item\":\"https:\\\/\\\/www.amstelprinting.nl\\\/de\\\/kategorie\\\/ausenwerbung\\\/\"},{\"@type\":\"ListItem\",\"position\":4,\"name\":\"Banner\",\"item\":\"https:\\\/\\\/www.amstelprinting.nl\\\/de\\\/kategorie\\\/ausenwerbung\\\/banner\\\/\"},{\"@type\":\"ListItem\",\"position\":5,\"name\":\"XL-Banner\"}]},{\"@type\":\"WebSite\",\"@id\":\"https:\\\/\\\/www.amstelprinting.nl\\\/de\\\/#website\",\"url\":\"https:\\\/\\\/www.amstelprinting.nl\\\/de\\\/\",\"name\":\"Amstel Printing\",\"description\":\"Creating Exposure\",\"publisher\":{\"@id\":\"https:\\\/\\\/www.amstelprinting.nl\\\/de\\\/#organization\"},\"potentialAction\":[{\"@type\":\"SearchAction\",\"target\":{\"@type\":\"EntryPoint\",\"urlTemplate\":\"https:\\\/\\\/www.amstelprinting.nl\\\/de\\\/?s={search_term_string}\"},\"query-input\":{\"@type\":\"PropertyValueSpecification\",\"valueRequired\":true,\"valueName\":\"search_term_string\"}}],\"inLanguage\":\"de\"},{\"@type\":\"Organization\",\"@id\":\"https:\\\/\\\/www.amstelprinting.nl\\\/de\\\/#organization\",\"name\":\"Amstel Printing\",\"url\":\"https:\\\/\\\/www.amstelprinting.nl\\\/de\\\/\",\"logo\":{\"@type\":\"ImageObject\",\"inLanguage\":\"de\",\"@id\":\"https:\\\/\\\/www.amstelprinting.nl\\\/de\\\/#\\\/schema\\\/logo\\\/image\\\/\",\"url\":\"https:\\\/\\\/www.amstelprinting.nl\\\/wp-content\\\/uploads\\\/amstel_printing_logo_clean.png\",\"contentUrl\":\"https:\\\/\\\/www.amstelprinting.nl\\\/wp-content\\\/uploads\\\/amstel_printing_logo_clean.png\",\"width\":324,\"height\":73,\"caption\":\"Amstel Printing\"},\"image\":{\"@id\":\"https:\\\/\\\/www.amstelprinting.nl\\\/de\\\/#\\\/schema\\\/logo\\\/image\\\/\"}}]}<\/script>\n<!-- \/ Yoast SEO plugin. -->","yoast_head_json":{"title":"XL-Banner f\u00fcr Festivals & Events - Amstel Printing","description":"Gestochen scharfe Drucke und lebendige Farben auf einem XL-Banner von Amstel Printing. | 8+ Materialarten f\u00fcr Events, Fassadenverkleidungen und Sportst\u00e4tten. Jetzt bestellen!","robots":{"index":"index","follow":"follow","max-snippet":"max-snippet:-1","max-image-preview":"max-image-preview:large","max-video-preview":"max-video-preview:-1"},"canonical":"https:\/\/www.amstelprinting.nl\/de\/gesch\u00e4ft\/ausenwerbung\/banner\/xl-banner\/","og_locale":"de_DE","og_type":"article","og_title":"XL-Banner f\u00fcr Festivals & Events - Amstel Printing","og_description":"Gestochen scharfe Drucke und lebendige Farben auf einem XL-Banner von Amstel Printing. | 8+ Materialarten f\u00fcr Events, Fassadenverkleidungen und Sportst\u00e4tten. Jetzt bestellen!","og_url":"https:\/\/www.amstelprinting.nl\/de\/gesch\u00e4ft\/ausenwerbung\/banner\/xl-banner\/","og_site_name":"Amstel Printing","article_modified_time":"2026-02-18T11:53:44+00:00","og_image":[{"width":900,"height":900,"url":"https:\/\/www.amstelprinting.nl\/wp-content\/uploads\/xl-doek-bedrukken-1.png","type":"image\/png"}],"twitter_card":"summary_large_image","twitter_misc":{"Gesch\u00e4tzte Lesezeit":"2\u00a0Minuten"},"schema":{"@context":"https:\/\/schema.org","@graph":[{"@type":"WebPage","@id":"https:\/\/www.amstelprinting.nl\/de\/gesch\u00e4ft\/ausenwerbung\/banner\/xl-banner\/","url":"https:\/\/www.amstelprinting.nl\/de\/gesch\u00e4ft\/ausenwerbung\/banner\/xl-banner\/","name":"XL-Banner f\u00fcr Festivals & Events - Amstel Printing","isPartOf":{"@id":"https:\/\/www.amstelprinting.nl\/de\/#website"},"primaryImageOfPage":{"@id":"https:\/\/www.amstelprinting.nl\/de\/gesch\u00e4ft\/ausenwerbung\/banner\/xl-banner\/#primaryimage"},"image":{"@id":"https:\/\/www.amstelprinting.nl\/de\/gesch\u00e4ft\/ausenwerbung\/banner\/xl-banner\/#primaryimage"},"thumbnailUrl":"https:\/\/www.amstelprinting.nl\/wp-content\/uploads\/xl-doek-bedrukken-1.png","datePublished":"2025-01-24T10:33:28+00:00","dateModified":"2026-02-18T11:53:44+00:00","description":"Gestochen scharfe Drucke und lebendige Farben auf einem XL-Banner von Amstel Printing. | 8+ Materialarten f\u00fcr Events, Fassadenverkleidungen und Sportst\u00e4tten. Jetzt bestellen!","breadcrumb":{"@id":"https:\/\/www.amstelprinting.nl\/de\/gesch\u00e4ft\/ausenwerbung\/banner\/xl-banner\/#breadcrumb"},"inLanguage":"de","potentialAction":[{"@type":"ReadAction","target":["https:\/\/www.amstelprinting.nl\/de\/gesch\u00e4ft\/ausenwerbung\/banner\/xl-banner\/"]}]},{"@type":"ImageObject","inLanguage":"de","@id":"https:\/\/www.amstelprinting.nl\/de\/gesch\u00e4ft\/ausenwerbung\/banner\/xl-banner\/#primaryimage","url":"https:\/\/www.amstelprinting.nl\/wp-content\/uploads\/xl-doek-bedrukken-1.png","contentUrl":"https:\/\/www.amstelprinting.nl\/wp-content\/uploads\/xl-doek-bedrukken-1.png","width":900,"height":900},{"@type":"BreadcrumbList","@id":"https:\/\/www.amstelprinting.nl\/de\/gesch\u00e4ft\/ausenwerbung\/banner\/xl-banner\/#breadcrumb","itemListElement":[{"@type":"ListItem","position":1,"name":"","item":"https:\/\/www.amstelprinting.nl\/de\/"},{"@type":"ListItem","position":2,"name":"Amstel Printing","item":"https:\/\/www.amstelprinting.nl\/de\/geschaeft\/"},{"@type":"ListItem","position":3,"name":"Au\u00dfenwerbung","item":"https:\/\/www.amstelprinting.nl\/de\/kategorie\/ausenwerbung\/"},{"@type":"ListItem","position":4,"name":"Banner","item":"https:\/\/www.amstelprinting.nl\/de\/kategorie\/ausenwerbung\/banner\/"},{"@type":"ListItem","position":5,"name":"XL-Banner"}]},{"@type":"WebSite","@id":"https:\/\/www.amstelprinting.nl\/de\/#website","url":"https:\/\/www.amstelprinting.nl\/de\/","name":"Amstel Printing","description":"Creating Exposure","publisher":{"@id":"https:\/\/www.amstelprinting.nl\/de\/#organization"},"potentialAction":[{"@type":"SearchAction","target":{"@type":"EntryPoint","urlTemplate":"https:\/\/www.amstelprinting.nl\/de\/?s={search_term_string}"},"query-input":{"@type":"PropertyValueSpecification","valueRequired":true,"valueName":"search_term_string"}}],"inLanguage":"de"},{"@type":"Organization","@id":"https:\/\/www.amstelprinting.nl\/de\/#organization","name":"Amstel Printing","url":"https:\/\/www.amstelprinting.nl\/de\/","logo":{"@type":"ImageObject","inLanguage":"de","@id":"https:\/\/www.amstelprinting.nl\/de\/#\/schema\/logo\/image\/","url":"https:\/\/www.amstelprinting.nl\/wp-content\/uploads\/amstel_printing_logo_clean.png","contentUrl":"https:\/\/www.amstelprinting.nl\/wp-content\/uploads\/amstel_printing_logo_clean.png","width":324,"height":73,"caption":"Amstel Printing"},"image":{"@id":"https:\/\/www.amstelprinting.nl\/de\/#\/schema\/logo\/image\/"}}]}},"_links":{"self":[{"href":"https:\/\/www.amstelprinting.nl\/de\/wp-json\/wp\/v2\/product\/13834","targetHints":{"allow":["GET"]}}],"collection":[{"href":"https:\/\/www.amstelprinting.nl\/de\/wp-json\/wp\/v2\/product"}],"about":[{"href":"https:\/\/www.amstelprinting.nl\/de\/wp-json\/wp\/v2\/types\/product"}],"wp:featuredmedia":[{"embeddable":true,"href":"https:\/\/www.amstelprinting.nl\/de\/wp-json\/wp\/v2\/media\/13835"}],"wp:attachment":[{"href":"https:\/\/www.amstelprinting.nl\/de\/wp-json\/wp\/v2\/media?parent=13834"}],"wp:term":[{"taxonomy":"product_brand","embeddable":true,"href":"https:\/\/www.amstelprinting.nl\/de\/wp-json\/wp\/v2\/product_brand?post=13834"},{"taxonomy":"product_cat","embeddable":true,"href":"https:\/\/www.amstelprinting.nl\/de\/wp-json\/wp\/v2\/product_cat?post=13834"},{"taxonomy":"product_tag","embeddable":true,"href":"https:\/\/www.amstelprinting.nl\/de\/wp-json\/wp\/v2\/product_tag?post=13834"}],"curies":[{"name":"wp","href":"https:\/\/api.w.org\/{rel}","templated":true}]}}