{"id":13844,"date":"2025-01-24T11:33:24","date_gmt":"2025-01-24T10:33:24","guid":{"rendered":"https:\/\/www.amstelprinting.nl\/winkel\/unkategorisiert\/speakerdoek\/"},"modified":"2026-02-18T12:53:45","modified_gmt":"2026-02-18T11:53:45","slug":"lautsprecherstoff","status":"publish","type":"product","link":"https:\/\/www.amstelprinting.nl\/de\/gesch\u00e4ft\/ausenwerbung\/banner\/lautsprecherstoff\/","title":{"rendered":"Lautsprecherstoff"},"content":{"rendered":"<h3>Lautsprecherstoff kaufen<\/h3>\n<p>Kein Festival ohne Lautsprecher. Und auch diese k\u00f6nnen vollst\u00e4ndig mit einem bedruckten Tuch versehen werden. Allerdings mit speziellem Lautsprecherstoff (Soundmesh), der den Schall nicht behindert. Dieser speziell entwickelte Lautsprecherstoff deckt Soundanlagen und Equipment ab, ohne den Klang zu beeintr\u00e4chtigen. Perfekt f\u00fcr Konzerte, Events und Messen.<\/p>\n<h3>Vorteile Lautsprecherstoff<\/h3>\n<ul>\n<li>In jedem gew\u00fcnschten Format bestellbar<\/li>\n<li>Verf\u00fcgbar bis zu einer Breite von 5 Metern<\/li>\n<li>Maximaler Erhalt der Klangqualit\u00e4t<\/li>\n<li>Sicher: ausgestattet mit B1-Brandschutzzertifizierung<\/li>\n<\/ul>\n<p>&nbsp;<\/p>\n<h3>Materialien und Eigenschaften<\/h3>\n<p>Lautsprecherstoff (Soundmesh) ist ein luft- und schalldurchl\u00e4ssiges PVC-Gewebe mit einem Gewicht von 180 g\/m\u00b2. Dieses Material l\u00e4sst den Schall nicht nur effektiv durch, sondern ist auch wasserabweisend, wodurch es ideal f\u00fcr den Au\u00dfeneinsatz macht. Das Polymesh-Gewebe besteht aus Polyester und wiegt 110 g\/m\u00b2. Dieses leichte, luft- und schalldurchl\u00e4ssige Material bietet hervorragende Leistung und Flexibilit\u00e4t f\u00fcr verschiedene Anwendungen.<\/p>\n<h3>W\u00e4hlen Sie die richtige Konfektionierung<\/h3>\n<p>Um all Ihren spezifischen W\u00fcnschen gerecht zu werden, bieten wir eine Vielzahl an Konfektionierungen an. Der Polymesh-Lautsprecherstoff kann mit Gurtband und \u00d6sen, Gurtband und Haken, Gurtband und D-Ringen, Gurtband und Kordel, Hohlsaum und Klettband konfektioniert werden. Diese Optionen stellen sicher, dass Sie den Lautsprecherstoff einfach und stabil an verschiedenen Strukturen befestigen k\u00f6nnen. Das Soundmesh-Gewebe kann mit S\u00e4umen, \u00d6sen oder Hohlsaum konfektioniert werden, wodurch auch hier verschiedene Befestigungsm\u00f6glichkeiten zur Verf\u00fcgung stehen.<\/p>\n<h3>Lautsprecherstoff befestigen mit dem passenden Zubeh\u00f6r<\/h3>\n<p>Neben den verschiedenen Konfektionierungen bieten wir auch diverses Zubeh\u00f6r an, um die Installation und Nutzung unserer Lautsprecherstoffe zu optimieren. Dieses Zubeh\u00f6r wurde entwickelt, um die Funktionalit\u00e4t und Vielseitigkeit des Lautsprecherstoffs zu erh\u00f6hen, sodass Sie immer eine L\u00f6sung haben, die Ihren Anforderungen entspricht.<\/p>\n","protected":false},"excerpt":{"rendered":"<h4><span style=\"font-weight: 400;\">Das wind- und schalldurchl\u00e4ssige Tuch, bedruckt mit einem All-over-Print.<\/span><\/h4>\n<p><span style=\"font-weight: 400;\">Unser Lautsprecherstoff bietet die perfekte Kombination aus Funktionalit\u00e4t und Flexibilit\u00e4t. Das luft- und schalldurchl\u00e4ssige Design sorgt daf\u00fcr, dass die Klangqualit\u00e4t unver\u00e4ndert bleibt, w\u00e4hrend das robuste Material den Elementen standh\u00e4lt. Wir bieten eine breite Palette an Konfektionierungsoptionen und Zubeh\u00f6r an. Dadurch k\u00f6nnen Sie den Lautsprecherstoff vollst\u00e4ndig an Ihre spezifischen W\u00fcnsche anpassen. Das B1-Zertifikat garantiert ein brandsicheres Produkt, das den h\u00f6chsten Standards entspricht. Bereits innerhalb von 3 Werktagen geliefert. Stellen Sie unten Ihren Lautsprecherstoff nach Wunsch zusammen.<\/span><\/p>\n","protected":false},"featured_media":13845,"template":"","meta":{"_et_pb_use_builder":"","_et_pb_old_content":"","_et_gb_content_width":""},"product_brand":[],"product_cat":[929,924,904,899],"product_tag":[],"class_list":{"0":"post-13844","1":"product","2":"type-product","3":"status-publish","4":"has-post-thumbnail","6":"product_cat-ausenwerbung","7":"product_cat-banner","8":"product_cat-festivaltucher","9":"product_cat-messe-event","11":"first","12":"instock","13":"taxable","14":"shipping-taxable","15":"purchasable","16":"product-type-simple"},"yoast_head":"<!-- This site is optimized with the Yoast SEO plugin v27.3 - https:\/\/yoast.com\/product\/yoast-seo-wordpress\/ -->\n<title>Lautsprecher-Gaze f\u00fcr Festivals &amp; Events | Amstel Printing<\/title>\n<meta name=\"description\" content=\"Entdecken Sie die Vorteile von leichtem und luftdurchl\u00e4ssigem Polymesh- und Soundmesh-Lautsprecherstoff. F\u00fcr den Innen- und Au\u00dfenbereich mit verschiedenen Konfektionierungsoptionen.\" \/>\n<meta name=\"robots\" content=\"index, follow, max-snippet:-1, max-image-preview:large, max-video-preview:-1\" \/>\n<link rel=\"canonical\" href=\"https:\/\/www.amstelprinting.nl\/de\/gesch\u00e4ft\/ausenwerbung\/banner\/lautsprecherstoff\/\" \/>\n<meta property=\"og:locale\" content=\"de_DE\" \/>\n<meta property=\"og:type\" content=\"article\" \/>\n<meta property=\"og:title\" content=\"Lautsprecher-Gaze f\u00fcr Festivals &amp; Events | Amstel Printing\" \/>\n<meta property=\"og:description\" content=\"Entdecken Sie die Vorteile von leichtem und luftdurchl\u00e4ssigem Polymesh- und Soundmesh-Lautsprecherstoff. F\u00fcr den Innen- und Au\u00dfenbereich mit verschiedenen Konfektionierungsoptionen.\" \/>\n<meta property=\"og:url\" content=\"https:\/\/www.amstelprinting.nl\/de\/gesch\u00e4ft\/ausenwerbung\/banner\/lautsprecherstoff\/\" \/>\n<meta property=\"og:site_name\" content=\"Amstel Printing\" \/>\n<meta property=\"article:modified_time\" content=\"2026-02-18T11:53:45+00:00\" \/>\n<meta property=\"og:image\" content=\"https:\/\/www.amstelprinting.nl\/wp-content\/uploads\/speakerdoek-bedrukken-1.png\" \/>\n\t<meta property=\"og:image:width\" content=\"900\" \/>\n\t<meta property=\"og:image:height\" content=\"900\" \/>\n\t<meta property=\"og:image:type\" content=\"image\/png\" \/>\n<meta name=\"twitter:card\" content=\"summary_large_image\" \/>\n<meta name=\"twitter:label1\" content=\"Gesch\u00e4tzte Lesezeit\" \/>\n\t<meta name=\"twitter:data1\" content=\"1\u00a0Minute\" \/>\n<script type=\"application\/ld+json\" class=\"yoast-schema-graph\">{\"@context\":\"https:\\\/\\\/schema.org\",\"@graph\":[{\"@type\":\"WebPage\",\"@id\":\"https:\\\/\\\/www.amstelprinting.nl\\\/de\\\/gesch\u00e4ft\\\/ausenwerbung\\\/banner\\\/lautsprecherstoff\\\/\",\"url\":\"https:\\\/\\\/www.amstelprinting.nl\\\/de\\\/gesch\u00e4ft\\\/ausenwerbung\\\/banner\\\/lautsprecherstoff\\\/\",\"name\":\"Lautsprecher-Gaze f\u00fcr Festivals & Events | Amstel Printing\",\"isPartOf\":{\"@id\":\"https:\\\/\\\/www.amstelprinting.nl\\\/de\\\/#website\"},\"primaryImageOfPage\":{\"@id\":\"https:\\\/\\\/www.amstelprinting.nl\\\/de\\\/gesch\u00e4ft\\\/ausenwerbung\\\/banner\\\/lautsprecherstoff\\\/#primaryimage\"},\"image\":{\"@id\":\"https:\\\/\\\/www.amstelprinting.nl\\\/de\\\/gesch\u00e4ft\\\/ausenwerbung\\\/banner\\\/lautsprecherstoff\\\/#primaryimage\"},\"thumbnailUrl\":\"https:\\\/\\\/www.amstelprinting.nl\\\/wp-content\\\/uploads\\\/speakerdoek-bedrukken-1.png\",\"datePublished\":\"2025-01-24T10:33:24+00:00\",\"dateModified\":\"2026-02-18T11:53:45+00:00\",\"description\":\"Entdecken Sie die Vorteile von leichtem und luftdurchl\u00e4ssigem Polymesh- und Soundmesh-Lautsprecherstoff. F\u00fcr den Innen- und Au\u00dfenbereich mit verschiedenen Konfektionierungsoptionen.\",\"breadcrumb\":{\"@id\":\"https:\\\/\\\/www.amstelprinting.nl\\\/de\\\/gesch\u00e4ft\\\/ausenwerbung\\\/banner\\\/lautsprecherstoff\\\/#breadcrumb\"},\"inLanguage\":\"de\",\"potentialAction\":[{\"@type\":\"ReadAction\",\"target\":[\"https:\\\/\\\/www.amstelprinting.nl\\\/de\\\/gesch\u00e4ft\\\/ausenwerbung\\\/banner\\\/lautsprecherstoff\\\/\"]}]},{\"@type\":\"ImageObject\",\"inLanguage\":\"de\",\"@id\":\"https:\\\/\\\/www.amstelprinting.nl\\\/de\\\/gesch\u00e4ft\\\/ausenwerbung\\\/banner\\\/lautsprecherstoff\\\/#primaryimage\",\"url\":\"https:\\\/\\\/www.amstelprinting.nl\\\/wp-content\\\/uploads\\\/speakerdoek-bedrukken-1.png\",\"contentUrl\":\"https:\\\/\\\/www.amstelprinting.nl\\\/wp-content\\\/uploads\\\/speakerdoek-bedrukken-1.png\",\"width\":900,\"height\":900},{\"@type\":\"BreadcrumbList\",\"@id\":\"https:\\\/\\\/www.amstelprinting.nl\\\/de\\\/gesch\u00e4ft\\\/ausenwerbung\\\/banner\\\/lautsprecherstoff\\\/#breadcrumb\",\"itemListElement\":[{\"@type\":\"ListItem\",\"position\":1,\"name\":\"\",\"item\":\"https:\\\/\\\/www.amstelprinting.nl\\\/de\\\/\"},{\"@type\":\"ListItem\",\"position\":2,\"name\":\"Amstel Printing\",\"item\":\"https:\\\/\\\/www.amstelprinting.nl\\\/de\\\/geschaeft\\\/\"},{\"@type\":\"ListItem\",\"position\":3,\"name\":\"Au\u00dfenwerbung\",\"item\":\"https:\\\/\\\/www.amstelprinting.nl\\\/de\\\/kategorie\\\/ausenwerbung\\\/\"},{\"@type\":\"ListItem\",\"position\":4,\"name\":\"Banner\",\"item\":\"https:\\\/\\\/www.amstelprinting.nl\\\/de\\\/kategorie\\\/ausenwerbung\\\/banner\\\/\"},{\"@type\":\"ListItem\",\"position\":5,\"name\":\"Lautsprecherstoff\"}]},{\"@type\":\"WebSite\",\"@id\":\"https:\\\/\\\/www.amstelprinting.nl\\\/de\\\/#website\",\"url\":\"https:\\\/\\\/www.amstelprinting.nl\\\/de\\\/\",\"name\":\"Amstel Printing\",\"description\":\"Creating Exposure\",\"publisher\":{\"@id\":\"https:\\\/\\\/www.amstelprinting.nl\\\/de\\\/#organization\"},\"potentialAction\":[{\"@type\":\"SearchAction\",\"target\":{\"@type\":\"EntryPoint\",\"urlTemplate\":\"https:\\\/\\\/www.amstelprinting.nl\\\/de\\\/?s={search_term_string}\"},\"query-input\":{\"@type\":\"PropertyValueSpecification\",\"valueRequired\":true,\"valueName\":\"search_term_string\"}}],\"inLanguage\":\"de\"},{\"@type\":\"Organization\",\"@id\":\"https:\\\/\\\/www.amstelprinting.nl\\\/de\\\/#organization\",\"name\":\"Amstel Printing\",\"url\":\"https:\\\/\\\/www.amstelprinting.nl\\\/de\\\/\",\"logo\":{\"@type\":\"ImageObject\",\"inLanguage\":\"de\",\"@id\":\"https:\\\/\\\/www.amstelprinting.nl\\\/de\\\/#\\\/schema\\\/logo\\\/image\\\/\",\"url\":\"https:\\\/\\\/www.amstelprinting.nl\\\/wp-content\\\/uploads\\\/amstel_printing_logo_clean.png\",\"contentUrl\":\"https:\\\/\\\/www.amstelprinting.nl\\\/wp-content\\\/uploads\\\/amstel_printing_logo_clean.png\",\"width\":324,\"height\":73,\"caption\":\"Amstel Printing\"},\"image\":{\"@id\":\"https:\\\/\\\/www.amstelprinting.nl\\\/de\\\/#\\\/schema\\\/logo\\\/image\\\/\"}}]}<\/script>\n<!-- \/ Yoast SEO plugin. -->","yoast_head_json":{"title":"Lautsprecher-Gaze f\u00fcr Festivals & Events | Amstel Printing","description":"Entdecken Sie die Vorteile von leichtem und luftdurchl\u00e4ssigem Polymesh- und Soundmesh-Lautsprecherstoff. F\u00fcr den Innen- und Au\u00dfenbereich mit verschiedenen Konfektionierungsoptionen.","robots":{"index":"index","follow":"follow","max-snippet":"max-snippet:-1","max-image-preview":"max-image-preview:large","max-video-preview":"max-video-preview:-1"},"canonical":"https:\/\/www.amstelprinting.nl\/de\/gesch\u00e4ft\/ausenwerbung\/banner\/lautsprecherstoff\/","og_locale":"de_DE","og_type":"article","og_title":"Lautsprecher-Gaze f\u00fcr Festivals & Events | Amstel Printing","og_description":"Entdecken Sie die Vorteile von leichtem und luftdurchl\u00e4ssigem Polymesh- und Soundmesh-Lautsprecherstoff. F\u00fcr den Innen- und Au\u00dfenbereich mit verschiedenen Konfektionierungsoptionen.","og_url":"https:\/\/www.amstelprinting.nl\/de\/gesch\u00e4ft\/ausenwerbung\/banner\/lautsprecherstoff\/","og_site_name":"Amstel Printing","article_modified_time":"2026-02-18T11:53:45+00:00","og_image":[{"width":900,"height":900,"url":"https:\/\/www.amstelprinting.nl\/wp-content\/uploads\/speakerdoek-bedrukken-1.png","type":"image\/png"}],"twitter_card":"summary_large_image","twitter_misc":{"Gesch\u00e4tzte Lesezeit":"1\u00a0Minute"},"schema":{"@context":"https:\/\/schema.org","@graph":[{"@type":"WebPage","@id":"https:\/\/www.amstelprinting.nl\/de\/gesch\u00e4ft\/ausenwerbung\/banner\/lautsprecherstoff\/","url":"https:\/\/www.amstelprinting.nl\/de\/gesch\u00e4ft\/ausenwerbung\/banner\/lautsprecherstoff\/","name":"Lautsprecher-Gaze f\u00fcr Festivals & Events | Amstel Printing","isPartOf":{"@id":"https:\/\/www.amstelprinting.nl\/de\/#website"},"primaryImageOfPage":{"@id":"https:\/\/www.amstelprinting.nl\/de\/gesch\u00e4ft\/ausenwerbung\/banner\/lautsprecherstoff\/#primaryimage"},"image":{"@id":"https:\/\/www.amstelprinting.nl\/de\/gesch\u00e4ft\/ausenwerbung\/banner\/lautsprecherstoff\/#primaryimage"},"thumbnailUrl":"https:\/\/www.amstelprinting.nl\/wp-content\/uploads\/speakerdoek-bedrukken-1.png","datePublished":"2025-01-24T10:33:24+00:00","dateModified":"2026-02-18T11:53:45+00:00","description":"Entdecken Sie die Vorteile von leichtem und luftdurchl\u00e4ssigem Polymesh- und Soundmesh-Lautsprecherstoff. F\u00fcr den Innen- und Au\u00dfenbereich mit verschiedenen Konfektionierungsoptionen.","breadcrumb":{"@id":"https:\/\/www.amstelprinting.nl\/de\/gesch\u00e4ft\/ausenwerbung\/banner\/lautsprecherstoff\/#breadcrumb"},"inLanguage":"de","potentialAction":[{"@type":"ReadAction","target":["https:\/\/www.amstelprinting.nl\/de\/gesch\u00e4ft\/ausenwerbung\/banner\/lautsprecherstoff\/"]}]},{"@type":"ImageObject","inLanguage":"de","@id":"https:\/\/www.amstelprinting.nl\/de\/gesch\u00e4ft\/ausenwerbung\/banner\/lautsprecherstoff\/#primaryimage","url":"https:\/\/www.amstelprinting.nl\/wp-content\/uploads\/speakerdoek-bedrukken-1.png","contentUrl":"https:\/\/www.amstelprinting.nl\/wp-content\/uploads\/speakerdoek-bedrukken-1.png","width":900,"height":900},{"@type":"BreadcrumbList","@id":"https:\/\/www.amstelprinting.nl\/de\/gesch\u00e4ft\/ausenwerbung\/banner\/lautsprecherstoff\/#breadcrumb","itemListElement":[{"@type":"ListItem","position":1,"name":"","item":"https:\/\/www.amstelprinting.nl\/de\/"},{"@type":"ListItem","position":2,"name":"Amstel Printing","item":"https:\/\/www.amstelprinting.nl\/de\/geschaeft\/"},{"@type":"ListItem","position":3,"name":"Au\u00dfenwerbung","item":"https:\/\/www.amstelprinting.nl\/de\/kategorie\/ausenwerbung\/"},{"@type":"ListItem","position":4,"name":"Banner","item":"https:\/\/www.amstelprinting.nl\/de\/kategorie\/ausenwerbung\/banner\/"},{"@type":"ListItem","position":5,"name":"Lautsprecherstoff"}]},{"@type":"WebSite","@id":"https:\/\/www.amstelprinting.nl\/de\/#website","url":"https:\/\/www.amstelprinting.nl\/de\/","name":"Amstel Printing","description":"Creating Exposure","publisher":{"@id":"https:\/\/www.amstelprinting.nl\/de\/#organization"},"potentialAction":[{"@type":"SearchAction","target":{"@type":"EntryPoint","urlTemplate":"https:\/\/www.amstelprinting.nl\/de\/?s={search_term_string}"},"query-input":{"@type":"PropertyValueSpecification","valueRequired":true,"valueName":"search_term_string"}}],"inLanguage":"de"},{"@type":"Organization","@id":"https:\/\/www.amstelprinting.nl\/de\/#organization","name":"Amstel Printing","url":"https:\/\/www.amstelprinting.nl\/de\/","logo":{"@type":"ImageObject","inLanguage":"de","@id":"https:\/\/www.amstelprinting.nl\/de\/#\/schema\/logo\/image\/","url":"https:\/\/www.amstelprinting.nl\/wp-content\/uploads\/amstel_printing_logo_clean.png","contentUrl":"https:\/\/www.amstelprinting.nl\/wp-content\/uploads\/amstel_printing_logo_clean.png","width":324,"height":73,"caption":"Amstel Printing"},"image":{"@id":"https:\/\/www.amstelprinting.nl\/de\/#\/schema\/logo\/image\/"}}]}},"_links":{"self":[{"href":"https:\/\/www.amstelprinting.nl\/de\/wp-json\/wp\/v2\/product\/13844","targetHints":{"allow":["GET"]}}],"collection":[{"href":"https:\/\/www.amstelprinting.nl\/de\/wp-json\/wp\/v2\/product"}],"about":[{"href":"https:\/\/www.amstelprinting.nl\/de\/wp-json\/wp\/v2\/types\/product"}],"wp:featuredmedia":[{"embeddable":true,"href":"https:\/\/www.amstelprinting.nl\/de\/wp-json\/wp\/v2\/media\/13845"}],"wp:attachment":[{"href":"https:\/\/www.amstelprinting.nl\/de\/wp-json\/wp\/v2\/media?parent=13844"}],"wp:term":[{"taxonomy":"product_brand","embeddable":true,"href":"https:\/\/www.amstelprinting.nl\/de\/wp-json\/wp\/v2\/product_brand?post=13844"},{"taxonomy":"product_cat","embeddable":true,"href":"https:\/\/www.amstelprinting.nl\/de\/wp-json\/wp\/v2\/product_cat?post=13844"},{"taxonomy":"product_tag","embeddable":true,"href":"https:\/\/www.amstelprinting.nl\/de\/wp-json\/wp\/v2\/product_tag?post=13844"}],"curies":[{"name":"wp","href":"https:\/\/api.w.org\/{rel}","templated":true}]}}