{"id":13864,"date":"2025-01-24T11:32:53","date_gmt":"2025-01-24T10:32:53","guid":{"rendered":"https:\/\/www.amstelprinting.nl\/winkel\/unkategorisiert\/outdoor-textielframe\/"},"modified":"2026-02-18T12:53:46","modified_gmt":"2026-02-18T11:53:46","slug":"outdoor-textilrahmen","status":"publish","type":"product","link":"https:\/\/www.amstelprinting.nl\/de\/gesch\u00e4ft\/ausenwerbung\/bannerrahmen\/outdoor-textilrahmen\/","title":{"rendered":"Outdoor-Textilrahmen"},"content":{"rendered":"<h3>Outdoor-Textilrahmen bestellen: Wie funktioniert es?<\/h3>\n<p>Von der Vorderseite ist der Rahmen nicht sichtbar. Das Banner wird rundum mit einem Keder im Rahmen eingespannt. Dieser Textilrahmen ist f\u00fcr den Au\u00dfenbereich geeignet. Vollst\u00e4ndig in einem Format nach Wunsch bestellbar. Die Montage k\u00f6nnen Sie mit Hilfe unserer Anleitung (siehe Downloads) einfach selbst durchf\u00fchren.<\/p>\n<h3>Materialien<\/h3>\n<p>Unser Outdoor-Textilrahmen besteht aus ProPES Outdoor, einem leichtgewichtigen Polyester-Textiltuch, das mit einer wasserabweisenden Beschichtung versehen ist. Dieses Material wurde speziell f\u00fcr den Au\u00dfeneinsatz entwickelt, wodurch Ihnen eine langlebige und wetterfeste L\u00f6sung garantiert wird. Das Tuch bleibt lange sch\u00f6n und funktional, unabh\u00e4ngig von den Wetterbedingungen, wodurch Ihre Botschaft immer klar und auff\u00e4llig bleibt.<\/p>\n<h3>Zubeh\u00f6r<\/h3>\n<p>Um die Installation Ihres Outdoor-Textilrahmens so einfach wie m\u00f6glich zu gestalten, bieten wir diverses Zubeh\u00f6r an, darunter doppelseitiges Klebeband und Druckn\u00e4gel. Dieses Zubeh\u00f6r sorgt daf\u00fcr, dass das Tuch fest und ordentlich im Rahmen sitzen bleibt. Auch bei anspruchsvollen Wetterbedingungen (starker Wind).<\/p>\n<h3>H\u00e4ufig gestellte Fragen<\/h3>\n<p><strong>Was ist die erwartete Lebensdauer von ProPES Outdoor?<\/strong><br \/>\nBei Verwendung im Innenbereich k\u00f6nnen Sie mit einer jahrelangen Haltbarkeit des Materials rechnen. Bei Verwendung im Au\u00dfenbereich kann der Druck jedoch nach etwa 6 Monaten anfangen zu verblassen. Obwohl das Material selbst verschlei\u00dffest ist, k\u00f6nnen die Tinten durch Witterungseinfl\u00fcsse verblassen.<\/p>\n<p><strong>Wie entfernt man Falten aus dem Tuch?<\/strong><br \/>\nDas ist ganz einfach! Sie k\u00f6nnen das Material auf der Wollstufe b\u00fcgeln. Legen Sie jedoch ein Geschirrtuch \u00fcber den Druck, um w\u00e4hrend des B\u00fcgelns zus\u00e4tzlichen Schutz zu bieten.<\/p>\n<p><strong>Wie reinigt man das Tuch am besten?<\/strong><br \/>\nVerwenden Sie warmes Wasser und ein Fasertuch, um das Tuch zu reinigen. ProPES Outdoor kann auch bei 30 Grad in der Waschmaschine gewaschen werden.<\/p>\n<p><strong>Was ist der Unterschied zwischen wasserabweisend und wasserdicht?<\/strong><br \/>\nWasserabweisende Stoffe lassen Wasser von der Oberfl\u00e4che ablaufen, ohne es zu absorbieren. Wasserdichte Stoffe verhindern, dass Wasser in das Produkt dringt, wodurch beispielsweise Kissenf\u00fcllungen trocken bleiben.<\/p>\n<p><strong>Welche Produktionstechnik wird f\u00fcr dieses Material verwendet?<\/strong><br \/>\nF\u00fcr ProPES Outdoor wird Pigmenttinte verwendet. Diese Drucktechnik verwendet wasserbasierte Tinten, die geruchlos sind. Die Tinten werden in einem Ofen getrocknet und geh\u00e4rtet. Im Gegensatz zur Sublimation, bei der die Tinte in die Fasern des Materials einzieht, bleibt Pigmenttinte auf der Oberfl\u00e4che.<\/p>\n","protected":false},"excerpt":{"rendered":"<h3>Der elegante und unsichtbare Bannerrahmen<\/h3>\n<p>Auf der Suche nach einem eleganten und unsichtbaren Bannerrahmen, der f\u00fcr den Au\u00dfenbereich geeignet ist? W\u00e4hlen Sie dann unseren Outdoor-Textilrahmen und hinterlassen Sie einen bleibenden Eindruck. Das leichte, aber robuste Outdoor-Tuch sorgt f\u00fcr eine klare und scharfe Darstellung Ihrer Botschaft, w\u00e4hrend die wasserabweisende Beschichtung das Tuch sch\u00fctzt. Stellen Sie Ihren Outdoor-Textilrahmen unten nach Ihren W\u00fcnschen zusammen!<\/p>\n","protected":false},"featured_media":13865,"template":"","meta":{"_et_pb_use_builder":"","_et_pb_old_content":"","_et_gb_content_width":""},"product_brand":[],"product_cat":[929,923],"product_tag":[],"class_list":{"0":"post-13864","1":"product","2":"type-product","3":"status-publish","4":"has-post-thumbnail","6":"product_cat-ausenwerbung","7":"product_cat-bannerrahmen","9":"first","10":"instock","11":"taxable","12":"shipping-taxable","13":"purchasable","14":"product-type-simple"},"yoast_head":"<!-- This site is optimized with the Yoast SEO plugin v27.3 - https:\/\/yoast.com\/product\/yoast-seo-wordpress\/ -->\n<title>Outdoor-Textilrahmen | Amstel Printing<\/title>\n<meta name=\"robots\" content=\"index, follow, max-snippet:-1, max-image-preview:large, max-video-preview:-1\" \/>\n<link rel=\"canonical\" href=\"https:\/\/www.amstelprinting.nl\/de\/gesch\u00e4ft\/ausenwerbung\/bannerrahmen\/outdoor-textilrahmen\/\" \/>\n<meta property=\"og:locale\" content=\"de_DE\" \/>\n<meta property=\"og:type\" content=\"article\" \/>\n<meta property=\"og:title\" content=\"Outdoor-Textilrahmen | Amstel Printing\" \/>\n<meta property=\"og:description\" content=\"Der elegante und unsichtbare Bannerrahmen Auf der Suche nach einem eleganten und unsichtbaren Bannerrahmen, der f\u00fcr den Au\u00dfenbereich geeignet ist? W\u00e4hlen Sie dann unseren Outdoor-Textilrahmen und hinterlassen Sie einen bleibenden Eindruck. Das leichte, aber robuste Outdoor-Tuch sorgt f\u00fcr eine klare und scharfe Darstellung Ihrer Botschaft, w\u00e4hrend die wasserabweisende Beschichtung das Tuch sch\u00fctzt. Stellen Sie Ihren Outdoor-Textilrahmen unten nach Ihren W\u00fcnschen zusammen!\" \/>\n<meta property=\"og:url\" content=\"https:\/\/www.amstelprinting.nl\/de\/gesch\u00e4ft\/ausenwerbung\/bannerrahmen\/outdoor-textilrahmen\/\" \/>\n<meta property=\"og:site_name\" content=\"Amstel Printing\" \/>\n<meta property=\"article:modified_time\" content=\"2026-02-18T11:53:46+00:00\" \/>\n<meta property=\"og:image\" content=\"https:\/\/www.amstelprinting.nl\/wp-content\/uploads\/outdoor-textielframe-bedrukken.png\" \/>\n\t<meta property=\"og:image:width\" content=\"700\" \/>\n\t<meta property=\"og:image:height\" content=\"700\" \/>\n\t<meta property=\"og:image:type\" content=\"image\/png\" \/>\n<meta name=\"twitter:card\" content=\"summary_large_image\" \/>\n<meta name=\"twitter:label1\" content=\"Gesch\u00e4tzte Lesezeit\" \/>\n\t<meta name=\"twitter:data1\" content=\"2\u00a0Minuten\" \/>\n<script type=\"application\/ld+json\" class=\"yoast-schema-graph\">{\"@context\":\"https:\\\/\\\/schema.org\",\"@graph\":[{\"@type\":\"WebPage\",\"@id\":\"https:\\\/\\\/www.amstelprinting.nl\\\/de\\\/gesch\u00e4ft\\\/ausenwerbung\\\/bannerrahmen\\\/outdoor-textilrahmen\\\/\",\"url\":\"https:\\\/\\\/www.amstelprinting.nl\\\/de\\\/gesch\u00e4ft\\\/ausenwerbung\\\/bannerrahmen\\\/outdoor-textilrahmen\\\/\",\"name\":\"Outdoor-Textilrahmen | Amstel Printing\",\"isPartOf\":{\"@id\":\"https:\\\/\\\/www.amstelprinting.nl\\\/de\\\/#website\"},\"primaryImageOfPage\":{\"@id\":\"https:\\\/\\\/www.amstelprinting.nl\\\/de\\\/gesch\u00e4ft\\\/ausenwerbung\\\/bannerrahmen\\\/outdoor-textilrahmen\\\/#primaryimage\"},\"image\":{\"@id\":\"https:\\\/\\\/www.amstelprinting.nl\\\/de\\\/gesch\u00e4ft\\\/ausenwerbung\\\/bannerrahmen\\\/outdoor-textilrahmen\\\/#primaryimage\"},\"thumbnailUrl\":\"https:\\\/\\\/www.amstelprinting.nl\\\/wp-content\\\/uploads\\\/outdoor-textielframe-bedrukken.png\",\"datePublished\":\"2025-01-24T10:32:53+00:00\",\"dateModified\":\"2026-02-18T11:53:46+00:00\",\"breadcrumb\":{\"@id\":\"https:\\\/\\\/www.amstelprinting.nl\\\/de\\\/gesch\u00e4ft\\\/ausenwerbung\\\/bannerrahmen\\\/outdoor-textilrahmen\\\/#breadcrumb\"},\"inLanguage\":\"de\",\"potentialAction\":[{\"@type\":\"ReadAction\",\"target\":[\"https:\\\/\\\/www.amstelprinting.nl\\\/de\\\/gesch\u00e4ft\\\/ausenwerbung\\\/bannerrahmen\\\/outdoor-textilrahmen\\\/\"]}]},{\"@type\":\"ImageObject\",\"inLanguage\":\"de\",\"@id\":\"https:\\\/\\\/www.amstelprinting.nl\\\/de\\\/gesch\u00e4ft\\\/ausenwerbung\\\/bannerrahmen\\\/outdoor-textilrahmen\\\/#primaryimage\",\"url\":\"https:\\\/\\\/www.amstelprinting.nl\\\/wp-content\\\/uploads\\\/outdoor-textielframe-bedrukken.png\",\"contentUrl\":\"https:\\\/\\\/www.amstelprinting.nl\\\/wp-content\\\/uploads\\\/outdoor-textielframe-bedrukken.png\",\"width\":700,\"height\":700},{\"@type\":\"BreadcrumbList\",\"@id\":\"https:\\\/\\\/www.amstelprinting.nl\\\/de\\\/gesch\u00e4ft\\\/ausenwerbung\\\/bannerrahmen\\\/outdoor-textilrahmen\\\/#breadcrumb\",\"itemListElement\":[{\"@type\":\"ListItem\",\"position\":1,\"name\":\"\",\"item\":\"https:\\\/\\\/www.amstelprinting.nl\\\/de\\\/\"},{\"@type\":\"ListItem\",\"position\":2,\"name\":\"Amstel Printing\",\"item\":\"https:\\\/\\\/www.amstelprinting.nl\\\/de\\\/geschaeft\\\/\"},{\"@type\":\"ListItem\",\"position\":3,\"name\":\"Au\u00dfenwerbung\",\"item\":\"https:\\\/\\\/www.amstelprinting.nl\\\/de\\\/kategorie\\\/ausenwerbung\\\/\"},{\"@type\":\"ListItem\",\"position\":4,\"name\":\"Bannerrahmen\",\"item\":\"https:\\\/\\\/www.amstelprinting.nl\\\/de\\\/kategorie\\\/ausenwerbung\\\/bannerrahmen\\\/\"},{\"@type\":\"ListItem\",\"position\":5,\"name\":\"Outdoor-Textilrahmen\"}]},{\"@type\":\"WebSite\",\"@id\":\"https:\\\/\\\/www.amstelprinting.nl\\\/de\\\/#website\",\"url\":\"https:\\\/\\\/www.amstelprinting.nl\\\/de\\\/\",\"name\":\"Amstel Printing\",\"description\":\"Creating Exposure\",\"publisher\":{\"@id\":\"https:\\\/\\\/www.amstelprinting.nl\\\/de\\\/#organization\"},\"potentialAction\":[{\"@type\":\"SearchAction\",\"target\":{\"@type\":\"EntryPoint\",\"urlTemplate\":\"https:\\\/\\\/www.amstelprinting.nl\\\/de\\\/?s={search_term_string}\"},\"query-input\":{\"@type\":\"PropertyValueSpecification\",\"valueRequired\":true,\"valueName\":\"search_term_string\"}}],\"inLanguage\":\"de\"},{\"@type\":\"Organization\",\"@id\":\"https:\\\/\\\/www.amstelprinting.nl\\\/de\\\/#organization\",\"name\":\"Amstel Printing\",\"url\":\"https:\\\/\\\/www.amstelprinting.nl\\\/de\\\/\",\"logo\":{\"@type\":\"ImageObject\",\"inLanguage\":\"de\",\"@id\":\"https:\\\/\\\/www.amstelprinting.nl\\\/de\\\/#\\\/schema\\\/logo\\\/image\\\/\",\"url\":\"https:\\\/\\\/www.amstelprinting.nl\\\/wp-content\\\/uploads\\\/amstel_printing_logo_clean.png\",\"contentUrl\":\"https:\\\/\\\/www.amstelprinting.nl\\\/wp-content\\\/uploads\\\/amstel_printing_logo_clean.png\",\"width\":324,\"height\":73,\"caption\":\"Amstel Printing\"},\"image\":{\"@id\":\"https:\\\/\\\/www.amstelprinting.nl\\\/de\\\/#\\\/schema\\\/logo\\\/image\\\/\"}}]}<\/script>\n<!-- \/ Yoast SEO plugin. -->","yoast_head_json":{"title":"Outdoor-Textilrahmen | Amstel Printing","robots":{"index":"index","follow":"follow","max-snippet":"max-snippet:-1","max-image-preview":"max-image-preview:large","max-video-preview":"max-video-preview:-1"},"canonical":"https:\/\/www.amstelprinting.nl\/de\/gesch\u00e4ft\/ausenwerbung\/bannerrahmen\/outdoor-textilrahmen\/","og_locale":"de_DE","og_type":"article","og_title":"Outdoor-Textilrahmen | Amstel Printing","og_description":"Der elegante und unsichtbare Bannerrahmen Auf der Suche nach einem eleganten und unsichtbaren Bannerrahmen, der f\u00fcr den Au\u00dfenbereich geeignet ist? W\u00e4hlen Sie dann unseren Outdoor-Textilrahmen und hinterlassen Sie einen bleibenden Eindruck. Das leichte, aber robuste Outdoor-Tuch sorgt f\u00fcr eine klare und scharfe Darstellung Ihrer Botschaft, w\u00e4hrend die wasserabweisende Beschichtung das Tuch sch\u00fctzt. Stellen Sie Ihren Outdoor-Textilrahmen unten nach Ihren W\u00fcnschen zusammen!","og_url":"https:\/\/www.amstelprinting.nl\/de\/gesch\u00e4ft\/ausenwerbung\/bannerrahmen\/outdoor-textilrahmen\/","og_site_name":"Amstel Printing","article_modified_time":"2026-02-18T11:53:46+00:00","og_image":[{"width":700,"height":700,"url":"https:\/\/www.amstelprinting.nl\/wp-content\/uploads\/outdoor-textielframe-bedrukken.png","type":"image\/png"}],"twitter_card":"summary_large_image","twitter_misc":{"Gesch\u00e4tzte Lesezeit":"2\u00a0Minuten"},"schema":{"@context":"https:\/\/schema.org","@graph":[{"@type":"WebPage","@id":"https:\/\/www.amstelprinting.nl\/de\/gesch\u00e4ft\/ausenwerbung\/bannerrahmen\/outdoor-textilrahmen\/","url":"https:\/\/www.amstelprinting.nl\/de\/gesch\u00e4ft\/ausenwerbung\/bannerrahmen\/outdoor-textilrahmen\/","name":"Outdoor-Textilrahmen | Amstel Printing","isPartOf":{"@id":"https:\/\/www.amstelprinting.nl\/de\/#website"},"primaryImageOfPage":{"@id":"https:\/\/www.amstelprinting.nl\/de\/gesch\u00e4ft\/ausenwerbung\/bannerrahmen\/outdoor-textilrahmen\/#primaryimage"},"image":{"@id":"https:\/\/www.amstelprinting.nl\/de\/gesch\u00e4ft\/ausenwerbung\/bannerrahmen\/outdoor-textilrahmen\/#primaryimage"},"thumbnailUrl":"https:\/\/www.amstelprinting.nl\/wp-content\/uploads\/outdoor-textielframe-bedrukken.png","datePublished":"2025-01-24T10:32:53+00:00","dateModified":"2026-02-18T11:53:46+00:00","breadcrumb":{"@id":"https:\/\/www.amstelprinting.nl\/de\/gesch\u00e4ft\/ausenwerbung\/bannerrahmen\/outdoor-textilrahmen\/#breadcrumb"},"inLanguage":"de","potentialAction":[{"@type":"ReadAction","target":["https:\/\/www.amstelprinting.nl\/de\/gesch\u00e4ft\/ausenwerbung\/bannerrahmen\/outdoor-textilrahmen\/"]}]},{"@type":"ImageObject","inLanguage":"de","@id":"https:\/\/www.amstelprinting.nl\/de\/gesch\u00e4ft\/ausenwerbung\/bannerrahmen\/outdoor-textilrahmen\/#primaryimage","url":"https:\/\/www.amstelprinting.nl\/wp-content\/uploads\/outdoor-textielframe-bedrukken.png","contentUrl":"https:\/\/www.amstelprinting.nl\/wp-content\/uploads\/outdoor-textielframe-bedrukken.png","width":700,"height":700},{"@type":"BreadcrumbList","@id":"https:\/\/www.amstelprinting.nl\/de\/gesch\u00e4ft\/ausenwerbung\/bannerrahmen\/outdoor-textilrahmen\/#breadcrumb","itemListElement":[{"@type":"ListItem","position":1,"name":"","item":"https:\/\/www.amstelprinting.nl\/de\/"},{"@type":"ListItem","position":2,"name":"Amstel Printing","item":"https:\/\/www.amstelprinting.nl\/de\/geschaeft\/"},{"@type":"ListItem","position":3,"name":"Au\u00dfenwerbung","item":"https:\/\/www.amstelprinting.nl\/de\/kategorie\/ausenwerbung\/"},{"@type":"ListItem","position":4,"name":"Bannerrahmen","item":"https:\/\/www.amstelprinting.nl\/de\/kategorie\/ausenwerbung\/bannerrahmen\/"},{"@type":"ListItem","position":5,"name":"Outdoor-Textilrahmen"}]},{"@type":"WebSite","@id":"https:\/\/www.amstelprinting.nl\/de\/#website","url":"https:\/\/www.amstelprinting.nl\/de\/","name":"Amstel Printing","description":"Creating Exposure","publisher":{"@id":"https:\/\/www.amstelprinting.nl\/de\/#organization"},"potentialAction":[{"@type":"SearchAction","target":{"@type":"EntryPoint","urlTemplate":"https:\/\/www.amstelprinting.nl\/de\/?s={search_term_string}"},"query-input":{"@type":"PropertyValueSpecification","valueRequired":true,"valueName":"search_term_string"}}],"inLanguage":"de"},{"@type":"Organization","@id":"https:\/\/www.amstelprinting.nl\/de\/#organization","name":"Amstel Printing","url":"https:\/\/www.amstelprinting.nl\/de\/","logo":{"@type":"ImageObject","inLanguage":"de","@id":"https:\/\/www.amstelprinting.nl\/de\/#\/schema\/logo\/image\/","url":"https:\/\/www.amstelprinting.nl\/wp-content\/uploads\/amstel_printing_logo_clean.png","contentUrl":"https:\/\/www.amstelprinting.nl\/wp-content\/uploads\/amstel_printing_logo_clean.png","width":324,"height":73,"caption":"Amstel Printing"},"image":{"@id":"https:\/\/www.amstelprinting.nl\/de\/#\/schema\/logo\/image\/"}}]}},"_links":{"self":[{"href":"https:\/\/www.amstelprinting.nl\/de\/wp-json\/wp\/v2\/product\/13864","targetHints":{"allow":["GET"]}}],"collection":[{"href":"https:\/\/www.amstelprinting.nl\/de\/wp-json\/wp\/v2\/product"}],"about":[{"href":"https:\/\/www.amstelprinting.nl\/de\/wp-json\/wp\/v2\/types\/product"}],"wp:featuredmedia":[{"embeddable":true,"href":"https:\/\/www.amstelprinting.nl\/de\/wp-json\/wp\/v2\/media\/13865"}],"wp:attachment":[{"href":"https:\/\/www.amstelprinting.nl\/de\/wp-json\/wp\/v2\/media?parent=13864"}],"wp:term":[{"taxonomy":"product_brand","embeddable":true,"href":"https:\/\/www.amstelprinting.nl\/de\/wp-json\/wp\/v2\/product_brand?post=13864"},{"taxonomy":"product_cat","embeddable":true,"href":"https:\/\/www.amstelprinting.nl\/de\/wp-json\/wp\/v2\/product_cat?post=13864"},{"taxonomy":"product_tag","embeddable":true,"href":"https:\/\/www.amstelprinting.nl\/de\/wp-json\/wp\/v2\/product_tag?post=13864"}],"curies":[{"name":"wp","href":"https:\/\/api.w.org\/{rel}","templated":true}]}}