{"id":13874,"date":"2025-01-24T11:32:46","date_gmt":"2025-01-24T10:32:46","guid":{"rendered":"https:\/\/www.amstelprinting.nl\/winkel\/unkategorisiert\/outdoor-klopframe\/"},"modified":"2026-02-18T12:53:46","modified_gmt":"2026-02-18T11:53:46","slug":"outdoor-spannrahmen","status":"publish","type":"product","link":"https:\/\/www.amstelprinting.nl\/de\/gesch\u00e4ft\/ausenwerbung\/bannerrahmen\/outdoor-spannrahmen\/","title":{"rendered":"Outdoor-Spannrahmen"},"content":{"rendered":"<h3>Vorteile Outdoor-Spannrahmen<\/h3>\n<ul>\n<li>Einfache und schnelle Installation<\/li>\n<li>In jedem Format lieferbar<\/li>\n<li>Langlebiger Aluminiumrahmen, ideal f\u00fcr den Au\u00dfenbereich<\/li>\n<li>Ausgestattet mit einem Premium-Bannertuch von 510 Gramm<\/li>\n<li>Elegantes und modernes Design dank des smarten Profils<\/li>\n<li>Erh\u00e4ltlich als komplettes Set, nur Tuch oder nur der Rahmen<\/li>\n<li>Wahl zwischen zwei stilvollen Farben (Silber Aluminium oder Schwarz)<\/li>\n<\/ul>\n<p>&nbsp;<\/p>\n<h3>Outdoor-Spannrahmen kaufen<\/h3>\n<p>Der Outdoor-Spannrahmen bietet die perfekte Kombination aus Benutzerfreundlichkeit, Langlebigkeit und professioneller Ausstrahlung f\u00fcr all Ihre Au\u00dfenwerbung. Ob Sie sich f\u00fcr ein komplettes Paket, einen einzelnen Rahmen oder ein einzelnes Tuch entscheiden, Sie k\u00f6nnen sich auf ein Produkt verlassen, das einiges aush\u00e4lt und immer straff aussieht. Mit unseren stilvollen Aluminiumrahmen und hochwertigen Banner 510-T\u00fcchern machen Sie garantiert Eindruck.<\/p>\n<h3>Material<\/h3>\n<p>Der Rahmen besteht aus hochwertigem Aluminium, erh\u00e4ltlich in schwarzer oder silberner (Aluminium) Ausf\u00fchrung. Dies sorgt nicht nur f\u00fcr ein straffes Erscheinungsbild, sondern auch f\u00fcr Langlebigkeit und Wetterbest\u00e4ndigkeit. Das Tuch selbst ist aus Banner 510 gefertigt, einem Material, das f\u00fcr seine St\u00e4rke und Langlebigkeit bekannt ist und somit verschiedenen Wetterbedingungen standh\u00e4lt.<\/p>\n<h3>Ausf\u00fchrung<\/h3>\n<p>Um sicherzustellen, dass Ihr Tuch immer perfekt in den Rahmen passt, wird das Tuch rundherum 7,5 cm gr\u00f6\u00dfer geliefert als das angegebene Format. Dieses zus\u00e4tzliche Material sorgt daf\u00fcr, dass Sie das Tuch problemlos straff spannen k\u00f6nnen. Mit dem Outdoor-Spannrahmen ziehen Sie das Tuch dank der praktischen Streifen einfach straff in den Rahmen. So haben Sie innerhalb weniger Minuten ein perfekt gespanntes Tuch, bereit, die Aufmerksamkeit der Passanten auf sich zu ziehen.<\/p>\n","protected":false},"excerpt":{"rendered":"<h4><span style=\"font-weight: 400;\">Der wetterbest\u00e4ndige Aluminiumrahmen f\u00fcr den Au\u00dfenbereich.<\/span><\/h4>\n<p><span style=\"font-weight: 400;\">Erh\u00e4ltlich in Silber (Aluminium) oder in Schwarz. Zu bestellen als komplettes Set, loses Tuch oder Rahmen. Der Outdoor-Spannrahmen hat eine sehr hochwertige Ausf\u00fchrung. Stellen Sie Ihren Outdoor-Spannrahmen unten in einem Format und einer Farbe nach Wunsch zusammen!<\/span><\/p>\n","protected":false},"featured_media":13875,"template":"","meta":{"_et_pb_use_builder":"on","_et_pb_old_content":"<h3>Vorteile Outdoor-Spannrahmen<\/h3>\n<ul>\n  <li>Einfache und schnelle Installation<\/li>\n  <li>In jedem Format lieferbar<\/li>\n  <li>Langlebiger Aluminiumrahmen, ideal f\u00fcr den Au\u00dfenbereich<\/li>\n  <li>Ausgestattet mit einem Premium-Bannertuch von 510 Gramm<\/li>\n  <li>Elegantes und modernes Design dank des smarten Profils<\/li>\n  <li>Erh\u00e4ltlich als komplettes Set, nur Tuch oder nur der Rahmen<\/li>\n  <li>Wahl zwischen zwei stilvollen Farben (Silber Aluminium oder Schwarz)<\/li>\n<\/ul>\n\u00a0\n<h3>Outdoor-Spannrahmen kaufen<\/h3>\nDer Outdoor-Spannrahmen bietet die perfekte Kombination aus Benutzerfreundlichkeit, Langlebigkeit und professioneller Ausstrahlung f\u00fcr all Ihre Au\u00dfenwerbung. Ob Sie sich f\u00fcr ein komplettes Paket, einen einzelnen Rahmen oder ein einzelnes Tuch entscheiden, Sie k\u00f6nnen sich auf ein Produkt verlassen, das einiges aush\u00e4lt und immer straff aussieht. Mit unseren stilvollen Aluminiumrahmen und hochwertigen Banner 510-T\u00fcchern machen Sie garantiert Eindruck.\n<h3>Material<\/h3>\nDer Rahmen besteht aus hochwertigem Aluminium, erh\u00e4ltlich in schwarzer oder silberner (Aluminium) Ausf\u00fchrung. Dies sorgt nicht nur f\u00fcr ein straffes Erscheinungsbild, sondern auch f\u00fcr Langlebigkeit und Wetterbest\u00e4ndigkeit. Das Tuch selbst ist aus Banner 510 gefertigt, einem Material, das f\u00fcr seine St\u00e4rke und Langlebigkeit bekannt ist und somit verschiedenen Wetterbedingungen standh\u00e4lt.\n<h3>Ausf\u00fchrung<\/h3>\nUm sicherzustellen, dass Ihr Tuch immer perfekt in den Rahmen passt, wird das Tuch rundherum 7,5 cm gr\u00f6\u00dfer geliefert als das angegebene Format. Dieses zus\u00e4tzliche Material sorgt daf\u00fcr, dass Sie das Tuch problemlos straff spannen k\u00f6nnen. Mit dem Outdoor-Spannrahmen ziehen Sie das Tuch dank der praktischen Streifen einfach straff in den Rahmen. So haben Sie innerhalb weniger Minuten ein perfekt gespanntes Tuch, bereit, die Aufmerksamkeit der Passanten auf sich zu ziehen.","_et_gb_content_width":""},"product_brand":[],"product_cat":[929,923],"product_tag":[],"class_list":{"0":"post-13874","1":"product","2":"type-product","3":"status-publish","4":"has-post-thumbnail","6":"product_cat-ausenwerbung","7":"product_cat-bannerrahmen","9":"first","10":"instock","11":"taxable","12":"shipping-taxable","13":"purchasable","14":"product-type-simple"},"yoast_head":"<!-- This site is optimized with the Yoast SEO plugin v27.3 - https:\/\/yoast.com\/product\/yoast-seo-wordpress\/ -->\n<title>Outdoor-Spannrahmen | Amstel Printing<\/title>\n<meta name=\"robots\" content=\"index, follow, max-snippet:-1, max-image-preview:large, max-video-preview:-1\" \/>\n<link rel=\"canonical\" href=\"https:\/\/www.amstelprinting.nl\/de\/gesch\u00e4ft\/ausenwerbung\/bannerrahmen\/outdoor-spannrahmen\/\" \/>\n<meta property=\"og:locale\" content=\"de_DE\" \/>\n<meta property=\"og:type\" content=\"article\" \/>\n<meta property=\"og:title\" content=\"Outdoor-Spannrahmen | Amstel Printing\" \/>\n<meta property=\"og:description\" content=\"Der wetterbest\u00e4ndige Aluminiumrahmen f\u00fcr den Au\u00dfenbereich. Erh\u00e4ltlich in Silber (Aluminium) oder in Schwarz. Zu bestellen als komplettes Set, loses Tuch oder Rahmen. Der Outdoor-Spannrahmen hat eine sehr hochwertige Ausf\u00fchrung. Stellen Sie Ihren Outdoor-Spannrahmen unten in einem Format und einer Farbe nach Wunsch zusammen!\" \/>\n<meta property=\"og:url\" content=\"https:\/\/www.amstelprinting.nl\/de\/gesch\u00e4ft\/ausenwerbung\/bannerrahmen\/outdoor-spannrahmen\/\" \/>\n<meta property=\"og:site_name\" content=\"Amstel Printing\" \/>\n<meta property=\"article:modified_time\" content=\"2026-02-18T11:53:46+00:00\" \/>\n<meta property=\"og:image\" content=\"https:\/\/www.amstelprinting.nl\/wp-content\/uploads\/0utdoor-klopframe-bedrukken.png\" \/>\n\t<meta property=\"og:image:width\" content=\"700\" \/>\n\t<meta property=\"og:image:height\" content=\"700\" \/>\n\t<meta property=\"og:image:type\" content=\"image\/png\" \/>\n<meta name=\"twitter:card\" content=\"summary_large_image\" \/>\n<meta name=\"twitter:label1\" content=\"Gesch\u00e4tzte Lesezeit\" \/>\n\t<meta name=\"twitter:data1\" content=\"1\u00a0Minute\" \/>\n<script type=\"application\/ld+json\" class=\"yoast-schema-graph\">{\"@context\":\"https:\\\/\\\/schema.org\",\"@graph\":[{\"@type\":\"WebPage\",\"@id\":\"https:\\\/\\\/www.amstelprinting.nl\\\/de\\\/gesch\u00e4ft\\\/ausenwerbung\\\/bannerrahmen\\\/outdoor-spannrahmen\\\/\",\"url\":\"https:\\\/\\\/www.amstelprinting.nl\\\/de\\\/gesch\u00e4ft\\\/ausenwerbung\\\/bannerrahmen\\\/outdoor-spannrahmen\\\/\",\"name\":\"Outdoor-Spannrahmen | Amstel Printing\",\"isPartOf\":{\"@id\":\"https:\\\/\\\/www.amstelprinting.nl\\\/de\\\/#website\"},\"primaryImageOfPage\":{\"@id\":\"https:\\\/\\\/www.amstelprinting.nl\\\/de\\\/gesch\u00e4ft\\\/ausenwerbung\\\/bannerrahmen\\\/outdoor-spannrahmen\\\/#primaryimage\"},\"image\":{\"@id\":\"https:\\\/\\\/www.amstelprinting.nl\\\/de\\\/gesch\u00e4ft\\\/ausenwerbung\\\/bannerrahmen\\\/outdoor-spannrahmen\\\/#primaryimage\"},\"thumbnailUrl\":\"https:\\\/\\\/www.amstelprinting.nl\\\/wp-content\\\/uploads\\\/0utdoor-klopframe-bedrukken.png\",\"datePublished\":\"2025-01-24T10:32:46+00:00\",\"dateModified\":\"2026-02-18T11:53:46+00:00\",\"breadcrumb\":{\"@id\":\"https:\\\/\\\/www.amstelprinting.nl\\\/de\\\/gesch\u00e4ft\\\/ausenwerbung\\\/bannerrahmen\\\/outdoor-spannrahmen\\\/#breadcrumb\"},\"inLanguage\":\"de\",\"potentialAction\":[{\"@type\":\"ReadAction\",\"target\":[\"https:\\\/\\\/www.amstelprinting.nl\\\/de\\\/gesch\u00e4ft\\\/ausenwerbung\\\/bannerrahmen\\\/outdoor-spannrahmen\\\/\"]}]},{\"@type\":\"ImageObject\",\"inLanguage\":\"de\",\"@id\":\"https:\\\/\\\/www.amstelprinting.nl\\\/de\\\/gesch\u00e4ft\\\/ausenwerbung\\\/bannerrahmen\\\/outdoor-spannrahmen\\\/#primaryimage\",\"url\":\"https:\\\/\\\/www.amstelprinting.nl\\\/wp-content\\\/uploads\\\/0utdoor-klopframe-bedrukken.png\",\"contentUrl\":\"https:\\\/\\\/www.amstelprinting.nl\\\/wp-content\\\/uploads\\\/0utdoor-klopframe-bedrukken.png\",\"width\":700,\"height\":700},{\"@type\":\"BreadcrumbList\",\"@id\":\"https:\\\/\\\/www.amstelprinting.nl\\\/de\\\/gesch\u00e4ft\\\/ausenwerbung\\\/bannerrahmen\\\/outdoor-spannrahmen\\\/#breadcrumb\",\"itemListElement\":[{\"@type\":\"ListItem\",\"position\":1,\"name\":\"\",\"item\":\"https:\\\/\\\/www.amstelprinting.nl\\\/de\\\/\"},{\"@type\":\"ListItem\",\"position\":2,\"name\":\"Amstel Printing\",\"item\":\"https:\\\/\\\/www.amstelprinting.nl\\\/de\\\/geschaeft\\\/\"},{\"@type\":\"ListItem\",\"position\":3,\"name\":\"Au\u00dfenwerbung\",\"item\":\"https:\\\/\\\/www.amstelprinting.nl\\\/de\\\/kategorie\\\/ausenwerbung\\\/\"},{\"@type\":\"ListItem\",\"position\":4,\"name\":\"Bannerrahmen\",\"item\":\"https:\\\/\\\/www.amstelprinting.nl\\\/de\\\/kategorie\\\/ausenwerbung\\\/bannerrahmen\\\/\"},{\"@type\":\"ListItem\",\"position\":5,\"name\":\"Outdoor-Spannrahmen\"}]},{\"@type\":\"WebSite\",\"@id\":\"https:\\\/\\\/www.amstelprinting.nl\\\/de\\\/#website\",\"url\":\"https:\\\/\\\/www.amstelprinting.nl\\\/de\\\/\",\"name\":\"Amstel Printing\",\"description\":\"Creating Exposure\",\"publisher\":{\"@id\":\"https:\\\/\\\/www.amstelprinting.nl\\\/de\\\/#organization\"},\"potentialAction\":[{\"@type\":\"SearchAction\",\"target\":{\"@type\":\"EntryPoint\",\"urlTemplate\":\"https:\\\/\\\/www.amstelprinting.nl\\\/de\\\/?s={search_term_string}\"},\"query-input\":{\"@type\":\"PropertyValueSpecification\",\"valueRequired\":true,\"valueName\":\"search_term_string\"}}],\"inLanguage\":\"de\"},{\"@type\":\"Organization\",\"@id\":\"https:\\\/\\\/www.amstelprinting.nl\\\/de\\\/#organization\",\"name\":\"Amstel Printing\",\"url\":\"https:\\\/\\\/www.amstelprinting.nl\\\/de\\\/\",\"logo\":{\"@type\":\"ImageObject\",\"inLanguage\":\"de\",\"@id\":\"https:\\\/\\\/www.amstelprinting.nl\\\/de\\\/#\\\/schema\\\/logo\\\/image\\\/\",\"url\":\"https:\\\/\\\/www.amstelprinting.nl\\\/wp-content\\\/uploads\\\/amstel_printing_logo_clean.png\",\"contentUrl\":\"https:\\\/\\\/www.amstelprinting.nl\\\/wp-content\\\/uploads\\\/amstel_printing_logo_clean.png\",\"width\":324,\"height\":73,\"caption\":\"Amstel Printing\"},\"image\":{\"@id\":\"https:\\\/\\\/www.amstelprinting.nl\\\/de\\\/#\\\/schema\\\/logo\\\/image\\\/\"}}]}<\/script>\n<!-- \/ Yoast SEO plugin. -->","yoast_head_json":{"title":"Outdoor-Spannrahmen | Amstel Printing","robots":{"index":"index","follow":"follow","max-snippet":"max-snippet:-1","max-image-preview":"max-image-preview:large","max-video-preview":"max-video-preview:-1"},"canonical":"https:\/\/www.amstelprinting.nl\/de\/gesch\u00e4ft\/ausenwerbung\/bannerrahmen\/outdoor-spannrahmen\/","og_locale":"de_DE","og_type":"article","og_title":"Outdoor-Spannrahmen | Amstel Printing","og_description":"Der wetterbest\u00e4ndige Aluminiumrahmen f\u00fcr den Au\u00dfenbereich. Erh\u00e4ltlich in Silber (Aluminium) oder in Schwarz. Zu bestellen als komplettes Set, loses Tuch oder Rahmen. Der Outdoor-Spannrahmen hat eine sehr hochwertige Ausf\u00fchrung. Stellen Sie Ihren Outdoor-Spannrahmen unten in einem Format und einer Farbe nach Wunsch zusammen!","og_url":"https:\/\/www.amstelprinting.nl\/de\/gesch\u00e4ft\/ausenwerbung\/bannerrahmen\/outdoor-spannrahmen\/","og_site_name":"Amstel Printing","article_modified_time":"2026-02-18T11:53:46+00:00","og_image":[{"width":700,"height":700,"url":"https:\/\/www.amstelprinting.nl\/wp-content\/uploads\/0utdoor-klopframe-bedrukken.png","type":"image\/png"}],"twitter_card":"summary_large_image","twitter_misc":{"Gesch\u00e4tzte Lesezeit":"1\u00a0Minute"},"schema":{"@context":"https:\/\/schema.org","@graph":[{"@type":"WebPage","@id":"https:\/\/www.amstelprinting.nl\/de\/gesch\u00e4ft\/ausenwerbung\/bannerrahmen\/outdoor-spannrahmen\/","url":"https:\/\/www.amstelprinting.nl\/de\/gesch\u00e4ft\/ausenwerbung\/bannerrahmen\/outdoor-spannrahmen\/","name":"Outdoor-Spannrahmen | Amstel Printing","isPartOf":{"@id":"https:\/\/www.amstelprinting.nl\/de\/#website"},"primaryImageOfPage":{"@id":"https:\/\/www.amstelprinting.nl\/de\/gesch\u00e4ft\/ausenwerbung\/bannerrahmen\/outdoor-spannrahmen\/#primaryimage"},"image":{"@id":"https:\/\/www.amstelprinting.nl\/de\/gesch\u00e4ft\/ausenwerbung\/bannerrahmen\/outdoor-spannrahmen\/#primaryimage"},"thumbnailUrl":"https:\/\/www.amstelprinting.nl\/wp-content\/uploads\/0utdoor-klopframe-bedrukken.png","datePublished":"2025-01-24T10:32:46+00:00","dateModified":"2026-02-18T11:53:46+00:00","breadcrumb":{"@id":"https:\/\/www.amstelprinting.nl\/de\/gesch\u00e4ft\/ausenwerbung\/bannerrahmen\/outdoor-spannrahmen\/#breadcrumb"},"inLanguage":"de","potentialAction":[{"@type":"ReadAction","target":["https:\/\/www.amstelprinting.nl\/de\/gesch\u00e4ft\/ausenwerbung\/bannerrahmen\/outdoor-spannrahmen\/"]}]},{"@type":"ImageObject","inLanguage":"de","@id":"https:\/\/www.amstelprinting.nl\/de\/gesch\u00e4ft\/ausenwerbung\/bannerrahmen\/outdoor-spannrahmen\/#primaryimage","url":"https:\/\/www.amstelprinting.nl\/wp-content\/uploads\/0utdoor-klopframe-bedrukken.png","contentUrl":"https:\/\/www.amstelprinting.nl\/wp-content\/uploads\/0utdoor-klopframe-bedrukken.png","width":700,"height":700},{"@type":"BreadcrumbList","@id":"https:\/\/www.amstelprinting.nl\/de\/gesch\u00e4ft\/ausenwerbung\/bannerrahmen\/outdoor-spannrahmen\/#breadcrumb","itemListElement":[{"@type":"ListItem","position":1,"name":"","item":"https:\/\/www.amstelprinting.nl\/de\/"},{"@type":"ListItem","position":2,"name":"Amstel Printing","item":"https:\/\/www.amstelprinting.nl\/de\/geschaeft\/"},{"@type":"ListItem","position":3,"name":"Au\u00dfenwerbung","item":"https:\/\/www.amstelprinting.nl\/de\/kategorie\/ausenwerbung\/"},{"@type":"ListItem","position":4,"name":"Bannerrahmen","item":"https:\/\/www.amstelprinting.nl\/de\/kategorie\/ausenwerbung\/bannerrahmen\/"},{"@type":"ListItem","position":5,"name":"Outdoor-Spannrahmen"}]},{"@type":"WebSite","@id":"https:\/\/www.amstelprinting.nl\/de\/#website","url":"https:\/\/www.amstelprinting.nl\/de\/","name":"Amstel Printing","description":"Creating Exposure","publisher":{"@id":"https:\/\/www.amstelprinting.nl\/de\/#organization"},"potentialAction":[{"@type":"SearchAction","target":{"@type":"EntryPoint","urlTemplate":"https:\/\/www.amstelprinting.nl\/de\/?s={search_term_string}"},"query-input":{"@type":"PropertyValueSpecification","valueRequired":true,"valueName":"search_term_string"}}],"inLanguage":"de"},{"@type":"Organization","@id":"https:\/\/www.amstelprinting.nl\/de\/#organization","name":"Amstel Printing","url":"https:\/\/www.amstelprinting.nl\/de\/","logo":{"@type":"ImageObject","inLanguage":"de","@id":"https:\/\/www.amstelprinting.nl\/de\/#\/schema\/logo\/image\/","url":"https:\/\/www.amstelprinting.nl\/wp-content\/uploads\/amstel_printing_logo_clean.png","contentUrl":"https:\/\/www.amstelprinting.nl\/wp-content\/uploads\/amstel_printing_logo_clean.png","width":324,"height":73,"caption":"Amstel Printing"},"image":{"@id":"https:\/\/www.amstelprinting.nl\/de\/#\/schema\/logo\/image\/"}}]}},"_links":{"self":[{"href":"https:\/\/www.amstelprinting.nl\/de\/wp-json\/wp\/v2\/product\/13874","targetHints":{"allow":["GET"]}}],"collection":[{"href":"https:\/\/www.amstelprinting.nl\/de\/wp-json\/wp\/v2\/product"}],"about":[{"href":"https:\/\/www.amstelprinting.nl\/de\/wp-json\/wp\/v2\/types\/product"}],"wp:featuredmedia":[{"embeddable":true,"href":"https:\/\/www.amstelprinting.nl\/de\/wp-json\/wp\/v2\/media\/13875"}],"wp:attachment":[{"href":"https:\/\/www.amstelprinting.nl\/de\/wp-json\/wp\/v2\/media?parent=13874"}],"wp:term":[{"taxonomy":"product_brand","embeddable":true,"href":"https:\/\/www.amstelprinting.nl\/de\/wp-json\/wp\/v2\/product_brand?post=13874"},{"taxonomy":"product_cat","embeddable":true,"href":"https:\/\/www.amstelprinting.nl\/de\/wp-json\/wp\/v2\/product_cat?post=13874"},{"taxonomy":"product_tag","embeddable":true,"href":"https:\/\/www.amstelprinting.nl\/de\/wp-json\/wp\/v2\/product_tag?post=13874"}],"curies":[{"name":"wp","href":"https:\/\/api.w.org\/{rel}","templated":true}]}}