{"id":13884,"date":"2025-01-24T11:32:40","date_gmt":"2025-01-24T10:32:40","guid":{"rendered":"https:\/\/www.amstelprinting.nl\/winkel\/unkategorisiert\/blind-spandoekframe\/"},"modified":"2026-02-18T12:53:47","modified_gmt":"2026-02-18T11:53:47","slug":"blinder-bannerrahmen","status":"publish","type":"product","link":"https:\/\/www.amstelprinting.nl\/de\/gesch\u00e4ft\/ausenwerbung\/bannerrahmen\/blinder-bannerrahmen\/","title":{"rendered":"Blinder Bannerrahmen"},"content":{"rendered":"<h3>W\u00e4hlen Sie das richtige Material<\/h3>\n<p>Das Banner f\u00fcr diesen blinden Rahmen ist in ProPES Outdoor und Banner 510 erh\u00e4ltlich. ProPES Outdoor ist ein wetterfestes, langlebiges und leichtes Material, das allen Wetterbedingungen standh\u00e4lt. Banner 510 ist eine PVC-Plane mit gl\u00e4nzendem Finish, ideal f\u00fcr lebendige Drucke und dank der wasserabweisenden Eigenschaften f\u00fcr den Au\u00dfeneinsatz geeignet.<\/p>\n<h3>Befestigung<\/h3>\n<p>Befestigen Sie Ihren blinden Bannerrahmen einfach an Steinmauern oder Trapezblechen. Dank der zuverl\u00e4ssigen Befestigungsm\u00f6glichkeiten bleibt Ihr Tuch unabh\u00e4ngig von den Wetterbedingungen sicher an seinem Platz.<\/p>\n<h3>Zubeh\u00f6r<\/h3>\n<p>Unsere Spanner mit Karabinerhaken sorgen daf\u00fcr, dass Ihr Tuch immer perfekt straff gespannt ist. Keine Falten, keine Knitter, nur ein perfekt pr\u00e4sentierter Druck.<\/p>\n<p>Der blinde Bannerrahmen bietet die perfekte L\u00f6sung f\u00fcr eine straffe, professionelle und nahtlose Pr\u00e4sentation Ihrer Werbebotschaft. Ob im Innen- oder Au\u00dfenbereich, der blinde Bannerrahmen sorgt daf\u00fcr, dass Ihre Botschaft immer perfekt sichtbar ist.<\/p>\n","protected":false},"excerpt":{"rendered":"<h3>Sauberes Finish: Rahmen und Gummiseile sind nicht sichtbar<\/h3>\n<p>Unser blinder Bannerrahmen ist die ultimative L\u00f6sung f\u00fcr eine straffe und professionelle Pr\u00e4sentation Ihrer Werbebotschaft. Bei diesem Rahmen bleibt nur Ihr Druck sichtbar, w\u00e4hrend der Rahmen selbst dezent verborgen bleibt. Ideal f\u00fcr den Innen- und Au\u00dfenbereich bietet der blinde Bannerrahmen einen nahtlosen und eleganten Look, der die Aufmerksamkeit auf das lenkt, was wirklich z\u00e4hlt: Ihr Design!<\/p>\n","protected":false},"featured_media":13885,"template":"","meta":{"_et_pb_use_builder":"","_et_pb_old_content":"","_et_gb_content_width":""},"product_brand":[],"product_cat":[929,923],"product_tag":[],"class_list":{"0":"post-13884","1":"product","2":"type-product","3":"status-publish","4":"has-post-thumbnail","6":"product_cat-ausenwerbung","7":"product_cat-bannerrahmen","9":"first","10":"instock","11":"taxable","12":"shipping-taxable","13":"purchasable","14":"product-type-simple"},"yoast_head":"<!-- This site is optimized with the Yoast SEO plugin v27.3 - https:\/\/yoast.com\/product\/yoast-seo-wordpress\/ -->\n<title>Blinder Bannerrahmen | Amstel Printing<\/title>\n<meta name=\"robots\" content=\"index, follow, max-snippet:-1, max-image-preview:large, max-video-preview:-1\" \/>\n<link rel=\"canonical\" href=\"https:\/\/www.amstelprinting.nl\/de\/gesch\u00e4ft\/ausenwerbung\/bannerrahmen\/blinder-bannerrahmen\/\" \/>\n<meta property=\"og:locale\" content=\"de_DE\" \/>\n<meta property=\"og:type\" content=\"article\" \/>\n<meta property=\"og:title\" content=\"Blinder Bannerrahmen | Amstel Printing\" \/>\n<meta property=\"og:description\" content=\"Sauberes Finish: Rahmen und Gummiseile sind nicht sichtbar Unser blinder Bannerrahmen ist die ultimative L\u00f6sung f\u00fcr eine straffe und professionelle Pr\u00e4sentation Ihrer Werbebotschaft. Bei diesem Rahmen bleibt nur Ihr Druck sichtbar, w\u00e4hrend der Rahmen selbst dezent verborgen bleibt. Ideal f\u00fcr den Innen- und Au\u00dfenbereich bietet der blinde Bannerrahmen einen nahtlosen und eleganten Look, der die Aufmerksamkeit auf das lenkt, was wirklich z\u00e4hlt: Ihr Design!\" \/>\n<meta property=\"og:url\" content=\"https:\/\/www.amstelprinting.nl\/de\/gesch\u00e4ft\/ausenwerbung\/bannerrahmen\/blinder-bannerrahmen\/\" \/>\n<meta property=\"og:site_name\" content=\"Amstel Printing\" \/>\n<meta property=\"article:modified_time\" content=\"2026-02-18T11:53:47+00:00\" \/>\n<meta property=\"og:image\" content=\"https:\/\/www.amstelprinting.nl\/wp-content\/uploads\/blind-spandoekframe-bedrukken-.png\" \/>\n\t<meta property=\"og:image:width\" content=\"700\" \/>\n\t<meta property=\"og:image:height\" content=\"700\" \/>\n\t<meta property=\"og:image:type\" content=\"image\/png\" \/>\n<meta name=\"twitter:card\" content=\"summary_large_image\" \/>\n<meta name=\"twitter:label1\" content=\"Gesch\u00e4tzte Lesezeit\" \/>\n\t<meta name=\"twitter:data1\" content=\"1\u00a0Minute\" \/>\n<script type=\"application\/ld+json\" class=\"yoast-schema-graph\">{\"@context\":\"https:\\\/\\\/schema.org\",\"@graph\":[{\"@type\":\"WebPage\",\"@id\":\"https:\\\/\\\/www.amstelprinting.nl\\\/de\\\/gesch\u00e4ft\\\/ausenwerbung\\\/bannerrahmen\\\/blinder-bannerrahmen\\\/\",\"url\":\"https:\\\/\\\/www.amstelprinting.nl\\\/de\\\/gesch\u00e4ft\\\/ausenwerbung\\\/bannerrahmen\\\/blinder-bannerrahmen\\\/\",\"name\":\"Blinder Bannerrahmen | Amstel Printing\",\"isPartOf\":{\"@id\":\"https:\\\/\\\/www.amstelprinting.nl\\\/de\\\/#website\"},\"primaryImageOfPage\":{\"@id\":\"https:\\\/\\\/www.amstelprinting.nl\\\/de\\\/gesch\u00e4ft\\\/ausenwerbung\\\/bannerrahmen\\\/blinder-bannerrahmen\\\/#primaryimage\"},\"image\":{\"@id\":\"https:\\\/\\\/www.amstelprinting.nl\\\/de\\\/gesch\u00e4ft\\\/ausenwerbung\\\/bannerrahmen\\\/blinder-bannerrahmen\\\/#primaryimage\"},\"thumbnailUrl\":\"https:\\\/\\\/www.amstelprinting.nl\\\/wp-content\\\/uploads\\\/blind-spandoekframe-bedrukken-.png\",\"datePublished\":\"2025-01-24T10:32:40+00:00\",\"dateModified\":\"2026-02-18T11:53:47+00:00\",\"breadcrumb\":{\"@id\":\"https:\\\/\\\/www.amstelprinting.nl\\\/de\\\/gesch\u00e4ft\\\/ausenwerbung\\\/bannerrahmen\\\/blinder-bannerrahmen\\\/#breadcrumb\"},\"inLanguage\":\"de\",\"potentialAction\":[{\"@type\":\"ReadAction\",\"target\":[\"https:\\\/\\\/www.amstelprinting.nl\\\/de\\\/gesch\u00e4ft\\\/ausenwerbung\\\/bannerrahmen\\\/blinder-bannerrahmen\\\/\"]}]},{\"@type\":\"ImageObject\",\"inLanguage\":\"de\",\"@id\":\"https:\\\/\\\/www.amstelprinting.nl\\\/de\\\/gesch\u00e4ft\\\/ausenwerbung\\\/bannerrahmen\\\/blinder-bannerrahmen\\\/#primaryimage\",\"url\":\"https:\\\/\\\/www.amstelprinting.nl\\\/wp-content\\\/uploads\\\/blind-spandoekframe-bedrukken-.png\",\"contentUrl\":\"https:\\\/\\\/www.amstelprinting.nl\\\/wp-content\\\/uploads\\\/blind-spandoekframe-bedrukken-.png\",\"width\":700,\"height\":700},{\"@type\":\"BreadcrumbList\",\"@id\":\"https:\\\/\\\/www.amstelprinting.nl\\\/de\\\/gesch\u00e4ft\\\/ausenwerbung\\\/bannerrahmen\\\/blinder-bannerrahmen\\\/#breadcrumb\",\"itemListElement\":[{\"@type\":\"ListItem\",\"position\":1,\"name\":\"\",\"item\":\"https:\\\/\\\/www.amstelprinting.nl\\\/de\\\/\"},{\"@type\":\"ListItem\",\"position\":2,\"name\":\"Amstel Printing\",\"item\":\"https:\\\/\\\/www.amstelprinting.nl\\\/de\\\/geschaeft\\\/\"},{\"@type\":\"ListItem\",\"position\":3,\"name\":\"Au\u00dfenwerbung\",\"item\":\"https:\\\/\\\/www.amstelprinting.nl\\\/de\\\/kategorie\\\/ausenwerbung\\\/\"},{\"@type\":\"ListItem\",\"position\":4,\"name\":\"Bannerrahmen\",\"item\":\"https:\\\/\\\/www.amstelprinting.nl\\\/de\\\/kategorie\\\/ausenwerbung\\\/bannerrahmen\\\/\"},{\"@type\":\"ListItem\",\"position\":5,\"name\":\"Blinder Bannerrahmen\"}]},{\"@type\":\"WebSite\",\"@id\":\"https:\\\/\\\/www.amstelprinting.nl\\\/de\\\/#website\",\"url\":\"https:\\\/\\\/www.amstelprinting.nl\\\/de\\\/\",\"name\":\"Amstel Printing\",\"description\":\"Creating Exposure\",\"publisher\":{\"@id\":\"https:\\\/\\\/www.amstelprinting.nl\\\/de\\\/#organization\"},\"potentialAction\":[{\"@type\":\"SearchAction\",\"target\":{\"@type\":\"EntryPoint\",\"urlTemplate\":\"https:\\\/\\\/www.amstelprinting.nl\\\/de\\\/?s={search_term_string}\"},\"query-input\":{\"@type\":\"PropertyValueSpecification\",\"valueRequired\":true,\"valueName\":\"search_term_string\"}}],\"inLanguage\":\"de\"},{\"@type\":\"Organization\",\"@id\":\"https:\\\/\\\/www.amstelprinting.nl\\\/de\\\/#organization\",\"name\":\"Amstel Printing\",\"url\":\"https:\\\/\\\/www.amstelprinting.nl\\\/de\\\/\",\"logo\":{\"@type\":\"ImageObject\",\"inLanguage\":\"de\",\"@id\":\"https:\\\/\\\/www.amstelprinting.nl\\\/de\\\/#\\\/schema\\\/logo\\\/image\\\/\",\"url\":\"https:\\\/\\\/www.amstelprinting.nl\\\/wp-content\\\/uploads\\\/amstel_printing_logo_clean.png\",\"contentUrl\":\"https:\\\/\\\/www.amstelprinting.nl\\\/wp-content\\\/uploads\\\/amstel_printing_logo_clean.png\",\"width\":324,\"height\":73,\"caption\":\"Amstel Printing\"},\"image\":{\"@id\":\"https:\\\/\\\/www.amstelprinting.nl\\\/de\\\/#\\\/schema\\\/logo\\\/image\\\/\"}}]}<\/script>\n<!-- \/ Yoast SEO plugin. -->","yoast_head_json":{"title":"Blinder Bannerrahmen | Amstel Printing","robots":{"index":"index","follow":"follow","max-snippet":"max-snippet:-1","max-image-preview":"max-image-preview:large","max-video-preview":"max-video-preview:-1"},"canonical":"https:\/\/www.amstelprinting.nl\/de\/gesch\u00e4ft\/ausenwerbung\/bannerrahmen\/blinder-bannerrahmen\/","og_locale":"de_DE","og_type":"article","og_title":"Blinder Bannerrahmen | Amstel Printing","og_description":"Sauberes Finish: Rahmen und Gummiseile sind nicht sichtbar Unser blinder Bannerrahmen ist die ultimative L\u00f6sung f\u00fcr eine straffe und professionelle Pr\u00e4sentation Ihrer Werbebotschaft. Bei diesem Rahmen bleibt nur Ihr Druck sichtbar, w\u00e4hrend der Rahmen selbst dezent verborgen bleibt. Ideal f\u00fcr den Innen- und Au\u00dfenbereich bietet der blinde Bannerrahmen einen nahtlosen und eleganten Look, der die Aufmerksamkeit auf das lenkt, was wirklich z\u00e4hlt: Ihr Design!","og_url":"https:\/\/www.amstelprinting.nl\/de\/gesch\u00e4ft\/ausenwerbung\/bannerrahmen\/blinder-bannerrahmen\/","og_site_name":"Amstel Printing","article_modified_time":"2026-02-18T11:53:47+00:00","og_image":[{"width":700,"height":700,"url":"https:\/\/www.amstelprinting.nl\/wp-content\/uploads\/blind-spandoekframe-bedrukken-.png","type":"image\/png"}],"twitter_card":"summary_large_image","twitter_misc":{"Gesch\u00e4tzte Lesezeit":"1\u00a0Minute"},"schema":{"@context":"https:\/\/schema.org","@graph":[{"@type":"WebPage","@id":"https:\/\/www.amstelprinting.nl\/de\/gesch\u00e4ft\/ausenwerbung\/bannerrahmen\/blinder-bannerrahmen\/","url":"https:\/\/www.amstelprinting.nl\/de\/gesch\u00e4ft\/ausenwerbung\/bannerrahmen\/blinder-bannerrahmen\/","name":"Blinder Bannerrahmen | Amstel Printing","isPartOf":{"@id":"https:\/\/www.amstelprinting.nl\/de\/#website"},"primaryImageOfPage":{"@id":"https:\/\/www.amstelprinting.nl\/de\/gesch\u00e4ft\/ausenwerbung\/bannerrahmen\/blinder-bannerrahmen\/#primaryimage"},"image":{"@id":"https:\/\/www.amstelprinting.nl\/de\/gesch\u00e4ft\/ausenwerbung\/bannerrahmen\/blinder-bannerrahmen\/#primaryimage"},"thumbnailUrl":"https:\/\/www.amstelprinting.nl\/wp-content\/uploads\/blind-spandoekframe-bedrukken-.png","datePublished":"2025-01-24T10:32:40+00:00","dateModified":"2026-02-18T11:53:47+00:00","breadcrumb":{"@id":"https:\/\/www.amstelprinting.nl\/de\/gesch\u00e4ft\/ausenwerbung\/bannerrahmen\/blinder-bannerrahmen\/#breadcrumb"},"inLanguage":"de","potentialAction":[{"@type":"ReadAction","target":["https:\/\/www.amstelprinting.nl\/de\/gesch\u00e4ft\/ausenwerbung\/bannerrahmen\/blinder-bannerrahmen\/"]}]},{"@type":"ImageObject","inLanguage":"de","@id":"https:\/\/www.amstelprinting.nl\/de\/gesch\u00e4ft\/ausenwerbung\/bannerrahmen\/blinder-bannerrahmen\/#primaryimage","url":"https:\/\/www.amstelprinting.nl\/wp-content\/uploads\/blind-spandoekframe-bedrukken-.png","contentUrl":"https:\/\/www.amstelprinting.nl\/wp-content\/uploads\/blind-spandoekframe-bedrukken-.png","width":700,"height":700},{"@type":"BreadcrumbList","@id":"https:\/\/www.amstelprinting.nl\/de\/gesch\u00e4ft\/ausenwerbung\/bannerrahmen\/blinder-bannerrahmen\/#breadcrumb","itemListElement":[{"@type":"ListItem","position":1,"name":"","item":"https:\/\/www.amstelprinting.nl\/de\/"},{"@type":"ListItem","position":2,"name":"Amstel Printing","item":"https:\/\/www.amstelprinting.nl\/de\/geschaeft\/"},{"@type":"ListItem","position":3,"name":"Au\u00dfenwerbung","item":"https:\/\/www.amstelprinting.nl\/de\/kategorie\/ausenwerbung\/"},{"@type":"ListItem","position":4,"name":"Bannerrahmen","item":"https:\/\/www.amstelprinting.nl\/de\/kategorie\/ausenwerbung\/bannerrahmen\/"},{"@type":"ListItem","position":5,"name":"Blinder Bannerrahmen"}]},{"@type":"WebSite","@id":"https:\/\/www.amstelprinting.nl\/de\/#website","url":"https:\/\/www.amstelprinting.nl\/de\/","name":"Amstel Printing","description":"Creating Exposure","publisher":{"@id":"https:\/\/www.amstelprinting.nl\/de\/#organization"},"potentialAction":[{"@type":"SearchAction","target":{"@type":"EntryPoint","urlTemplate":"https:\/\/www.amstelprinting.nl\/de\/?s={search_term_string}"},"query-input":{"@type":"PropertyValueSpecification","valueRequired":true,"valueName":"search_term_string"}}],"inLanguage":"de"},{"@type":"Organization","@id":"https:\/\/www.amstelprinting.nl\/de\/#organization","name":"Amstel Printing","url":"https:\/\/www.amstelprinting.nl\/de\/","logo":{"@type":"ImageObject","inLanguage":"de","@id":"https:\/\/www.amstelprinting.nl\/de\/#\/schema\/logo\/image\/","url":"https:\/\/www.amstelprinting.nl\/wp-content\/uploads\/amstel_printing_logo_clean.png","contentUrl":"https:\/\/www.amstelprinting.nl\/wp-content\/uploads\/amstel_printing_logo_clean.png","width":324,"height":73,"caption":"Amstel Printing"},"image":{"@id":"https:\/\/www.amstelprinting.nl\/de\/#\/schema\/logo\/image\/"}}]}},"_links":{"self":[{"href":"https:\/\/www.amstelprinting.nl\/de\/wp-json\/wp\/v2\/product\/13884","targetHints":{"allow":["GET"]}}],"collection":[{"href":"https:\/\/www.amstelprinting.nl\/de\/wp-json\/wp\/v2\/product"}],"about":[{"href":"https:\/\/www.amstelprinting.nl\/de\/wp-json\/wp\/v2\/types\/product"}],"wp:featuredmedia":[{"embeddable":true,"href":"https:\/\/www.amstelprinting.nl\/de\/wp-json\/wp\/v2\/media\/13885"}],"wp:attachment":[{"href":"https:\/\/www.amstelprinting.nl\/de\/wp-json\/wp\/v2\/media?parent=13884"}],"wp:term":[{"taxonomy":"product_brand","embeddable":true,"href":"https:\/\/www.amstelprinting.nl\/de\/wp-json\/wp\/v2\/product_brand?post=13884"},{"taxonomy":"product_cat","embeddable":true,"href":"https:\/\/www.amstelprinting.nl\/de\/wp-json\/wp\/v2\/product_cat?post=13884"},{"taxonomy":"product_tag","embeddable":true,"href":"https:\/\/www.amstelprinting.nl\/de\/wp-json\/wp\/v2\/product_tag?post=13884"}],"curies":[{"name":"wp","href":"https:\/\/api.w.org\/{rel}","templated":true}]}}