{"id":13894,"date":"2025-01-24T11:32:27","date_gmt":"2025-01-24T10:32:27","guid":{"rendered":"https:\/\/www.amstelprinting.nl\/winkel\/unkategorisiert\/rond-spandoekframe\/"},"modified":"2026-02-18T12:53:48","modified_gmt":"2026-02-18T11:53:48","slug":"runder-bannerrahmen","status":"publish","type":"product","link":"https:\/\/www.amstelprinting.nl\/de\/gesch\u00e4ft\/ausenwerbung\/bannerrahmen\/runder-bannerrahmen\/","title":{"rendered":"Runder Bannerrahmen"},"content":{"rendered":"<h3>Runden Bannerrahmen bestellen<\/h3>\n<p>Der runde Bannerrahmen ist eine einzigartige und auff\u00e4llige Art, Ihre Werbebotschaft zu pr\u00e4sentieren. Mit einem eleganten runden Design zieht dieser Rahmen sofort die Aufmerksamkeit auf sich und sorgt f\u00fcr ein modernes und dynamisches Erscheinungsbild. Der runde Bannerrahmen eignet sich perfekt f\u00fcr den Innen- und Au\u00dfenbereich und bietet eine stilvolle und auff\u00e4llige M\u00f6glichkeit, Ihre Botschaft zu vermitteln. Egal, ob Sie eine kompakte Botschaft vermitteln oder ein gro\u00dfes visuelles Statement setzen m\u00f6chten, wir haben die passende Gr\u00f6\u00dfe f\u00fcr Sie.<\/p>\n<h3>Vorteile<\/h3>\n<ul>\n<li>In vier Formaten erh\u00e4ltlich<\/li>\n<li>Auff\u00e4llig durch seine runde Form<\/li>\n<li>Robust: ausgestattet mit einem Aluminium-Rohrrahmen<\/li>\n<li>Hochwertiger Druck auf einer Banner 510 Plane<\/li>\n<\/ul>\n<p>&nbsp;<\/p>\n<h3>Formate und Materialien<\/h3>\n<p>W\u00e4hlen Sie die perfekte Gr\u00f6\u00dfe f\u00fcr Ihr Projekt mit verf\u00fcgbaren Durchmessern von 100, 200, 300 oder 400 cm. Der Rahmen besteht aus hochwertigem Aluminium (Rohrrahmen). Dies sorgt f\u00fcr eine stabile und wetterfeste Konstruktion. Dies macht den Rahmen nicht nur langlebig, sondern auch leicht und einfach zu handhaben (und zu montieren). Das Banner ist aus Banner 510 gefertigt, einem robusten Material, das ideal f\u00fcr lebendige und langlebige Drucke ist. Ausgestattet mit \u00d6sen. Dadurch k\u00f6nnen Sie die Plane einfach befestigen und f\u00fcr ein perfektes Ergebnis straff spannen.<\/p>\n<h3>Zubeh\u00f6r<\/h3>\n<p>Bestellen Sie optional Schwanenhals-Spanner dazu, um Ihre Plane immer straff gespannt zu halten. Diese Spanner sorgen f\u00fcr eine einfache und effiziente Montage, damit Ihre Werbung immer perfekt aussieht. Verwandeln Sie Ihre Werbemittel mit einem runden Bannerrahmen und genie\u00dfen Sie eine moderne, auff\u00e4llige Pr\u00e4sentation, die garantiert Eindruck hinterl\u00e4sst. Bestellen Sie noch heute und machen Sie Ihre Botschaft zu einem visuell kantenlosen Spektakel!<\/p>\n","protected":false},"excerpt":{"rendered":"<h3>Einzigartiger runder Aluminiumrahmen f\u00fcr ein Banner<\/h3>\n<p>Auf der Suche nach origineller Au\u00dfenwerbung? Dann entscheiden Sie sich f\u00fcr den runden Bannerrahmen. Mit einem eleganten runden Design zieht dieser Rahmen sofort die Aufmerksamkeit auf sich. Mit einem modernen und dynamischen Erscheinungsbild als Ergebnis. Perfekt f\u00fcr den Innen- und Au\u00dfenbereich. Stellen Sie unten Ihren kreisf\u00f6rmigen Bannerrahmen (mit oder ohne Banner) ganz einfach zusammen.<\/p>\n","protected":false},"featured_media":13895,"template":"","meta":{"_et_pb_use_builder":"","_et_pb_old_content":"","_et_gb_content_width":""},"product_brand":[],"product_cat":[929,923],"product_tag":[],"class_list":{"0":"post-13894","1":"product","2":"type-product","3":"status-publish","4":"has-post-thumbnail","6":"product_cat-ausenwerbung","7":"product_cat-bannerrahmen","9":"first","10":"instock","11":"taxable","12":"shipping-taxable","13":"purchasable","14":"product-type-simple"},"yoast_head":"<!-- This site is optimized with the Yoast SEO plugin v27.3 - https:\/\/yoast.com\/product\/yoast-seo-wordpress\/ -->\n<title>Runder Bannerrahmen | Amstel Printing<\/title>\n<meta name=\"robots\" content=\"index, follow, max-snippet:-1, max-image-preview:large, max-video-preview:-1\" \/>\n<link rel=\"canonical\" href=\"https:\/\/www.amstelprinting.nl\/de\/gesch\u00e4ft\/ausenwerbung\/bannerrahmen\/runder-bannerrahmen\/\" \/>\n<meta property=\"og:locale\" content=\"de_DE\" \/>\n<meta property=\"og:type\" content=\"article\" \/>\n<meta property=\"og:title\" content=\"Runder Bannerrahmen | Amstel Printing\" \/>\n<meta property=\"og:description\" content=\"Einzigartiger runder Aluminiumrahmen f\u00fcr ein Banner Auf der Suche nach origineller Au\u00dfenwerbung? Dann entscheiden Sie sich f\u00fcr den runden Bannerrahmen. Mit einem eleganten runden Design zieht dieser Rahmen sofort die Aufmerksamkeit auf sich. Mit einem modernen und dynamischen Erscheinungsbild als Ergebnis. Perfekt f\u00fcr den Innen- und Au\u00dfenbereich. Stellen Sie unten Ihren kreisf\u00f6rmigen Bannerrahmen (mit oder ohne Banner) ganz einfach zusammen.\" \/>\n<meta property=\"og:url\" content=\"https:\/\/www.amstelprinting.nl\/de\/gesch\u00e4ft\/ausenwerbung\/bannerrahmen\/runder-bannerrahmen\/\" \/>\n<meta property=\"og:site_name\" content=\"Amstel Printing\" \/>\n<meta property=\"article:modified_time\" content=\"2026-02-18T11:53:48+00:00\" \/>\n<meta property=\"og:image\" content=\"https:\/\/www.amstelprinting.nl\/wp-content\/uploads\/rond-spandoekframebedrukken.png\" \/>\n\t<meta property=\"og:image:width\" content=\"700\" \/>\n\t<meta property=\"og:image:height\" content=\"700\" \/>\n\t<meta property=\"og:image:type\" content=\"image\/png\" \/>\n<meta name=\"twitter:card\" content=\"summary_large_image\" \/>\n<meta name=\"twitter:label1\" content=\"Gesch\u00e4tzte Lesezeit\" \/>\n\t<meta name=\"twitter:data1\" content=\"1\u00a0Minute\" \/>\n<script type=\"application\/ld+json\" class=\"yoast-schema-graph\">{\"@context\":\"https:\\\/\\\/schema.org\",\"@graph\":[{\"@type\":\"WebPage\",\"@id\":\"https:\\\/\\\/www.amstelprinting.nl\\\/de\\\/gesch\u00e4ft\\\/ausenwerbung\\\/bannerrahmen\\\/runder-bannerrahmen\\\/\",\"url\":\"https:\\\/\\\/www.amstelprinting.nl\\\/de\\\/gesch\u00e4ft\\\/ausenwerbung\\\/bannerrahmen\\\/runder-bannerrahmen\\\/\",\"name\":\"Runder Bannerrahmen | Amstel Printing\",\"isPartOf\":{\"@id\":\"https:\\\/\\\/www.amstelprinting.nl\\\/de\\\/#website\"},\"primaryImageOfPage\":{\"@id\":\"https:\\\/\\\/www.amstelprinting.nl\\\/de\\\/gesch\u00e4ft\\\/ausenwerbung\\\/bannerrahmen\\\/runder-bannerrahmen\\\/#primaryimage\"},\"image\":{\"@id\":\"https:\\\/\\\/www.amstelprinting.nl\\\/de\\\/gesch\u00e4ft\\\/ausenwerbung\\\/bannerrahmen\\\/runder-bannerrahmen\\\/#primaryimage\"},\"thumbnailUrl\":\"https:\\\/\\\/www.amstelprinting.nl\\\/wp-content\\\/uploads\\\/rond-spandoekframebedrukken.png\",\"datePublished\":\"2025-01-24T10:32:27+00:00\",\"dateModified\":\"2026-02-18T11:53:48+00:00\",\"breadcrumb\":{\"@id\":\"https:\\\/\\\/www.amstelprinting.nl\\\/de\\\/gesch\u00e4ft\\\/ausenwerbung\\\/bannerrahmen\\\/runder-bannerrahmen\\\/#breadcrumb\"},\"inLanguage\":\"de\",\"potentialAction\":[{\"@type\":\"ReadAction\",\"target\":[\"https:\\\/\\\/www.amstelprinting.nl\\\/de\\\/gesch\u00e4ft\\\/ausenwerbung\\\/bannerrahmen\\\/runder-bannerrahmen\\\/\"]}]},{\"@type\":\"ImageObject\",\"inLanguage\":\"de\",\"@id\":\"https:\\\/\\\/www.amstelprinting.nl\\\/de\\\/gesch\u00e4ft\\\/ausenwerbung\\\/bannerrahmen\\\/runder-bannerrahmen\\\/#primaryimage\",\"url\":\"https:\\\/\\\/www.amstelprinting.nl\\\/wp-content\\\/uploads\\\/rond-spandoekframebedrukken.png\",\"contentUrl\":\"https:\\\/\\\/www.amstelprinting.nl\\\/wp-content\\\/uploads\\\/rond-spandoekframebedrukken.png\",\"width\":700,\"height\":700},{\"@type\":\"BreadcrumbList\",\"@id\":\"https:\\\/\\\/www.amstelprinting.nl\\\/de\\\/gesch\u00e4ft\\\/ausenwerbung\\\/bannerrahmen\\\/runder-bannerrahmen\\\/#breadcrumb\",\"itemListElement\":[{\"@type\":\"ListItem\",\"position\":1,\"name\":\"\",\"item\":\"https:\\\/\\\/www.amstelprinting.nl\\\/de\\\/\"},{\"@type\":\"ListItem\",\"position\":2,\"name\":\"Amstel Printing\",\"item\":\"https:\\\/\\\/www.amstelprinting.nl\\\/de\\\/geschaeft\\\/\"},{\"@type\":\"ListItem\",\"position\":3,\"name\":\"Au\u00dfenwerbung\",\"item\":\"https:\\\/\\\/www.amstelprinting.nl\\\/de\\\/kategorie\\\/ausenwerbung\\\/\"},{\"@type\":\"ListItem\",\"position\":4,\"name\":\"Bannerrahmen\",\"item\":\"https:\\\/\\\/www.amstelprinting.nl\\\/de\\\/kategorie\\\/ausenwerbung\\\/bannerrahmen\\\/\"},{\"@type\":\"ListItem\",\"position\":5,\"name\":\"Runder Bannerrahmen\"}]},{\"@type\":\"WebSite\",\"@id\":\"https:\\\/\\\/www.amstelprinting.nl\\\/de\\\/#website\",\"url\":\"https:\\\/\\\/www.amstelprinting.nl\\\/de\\\/\",\"name\":\"Amstel Printing\",\"description\":\"Creating Exposure\",\"publisher\":{\"@id\":\"https:\\\/\\\/www.amstelprinting.nl\\\/de\\\/#organization\"},\"potentialAction\":[{\"@type\":\"SearchAction\",\"target\":{\"@type\":\"EntryPoint\",\"urlTemplate\":\"https:\\\/\\\/www.amstelprinting.nl\\\/de\\\/?s={search_term_string}\"},\"query-input\":{\"@type\":\"PropertyValueSpecification\",\"valueRequired\":true,\"valueName\":\"search_term_string\"}}],\"inLanguage\":\"de\"},{\"@type\":\"Organization\",\"@id\":\"https:\\\/\\\/www.amstelprinting.nl\\\/de\\\/#organization\",\"name\":\"Amstel Printing\",\"url\":\"https:\\\/\\\/www.amstelprinting.nl\\\/de\\\/\",\"logo\":{\"@type\":\"ImageObject\",\"inLanguage\":\"de\",\"@id\":\"https:\\\/\\\/www.amstelprinting.nl\\\/de\\\/#\\\/schema\\\/logo\\\/image\\\/\",\"url\":\"https:\\\/\\\/www.amstelprinting.nl\\\/wp-content\\\/uploads\\\/amstel_printing_logo_clean.png\",\"contentUrl\":\"https:\\\/\\\/www.amstelprinting.nl\\\/wp-content\\\/uploads\\\/amstel_printing_logo_clean.png\",\"width\":324,\"height\":73,\"caption\":\"Amstel Printing\"},\"image\":{\"@id\":\"https:\\\/\\\/www.amstelprinting.nl\\\/de\\\/#\\\/schema\\\/logo\\\/image\\\/\"}}]}<\/script>\n<!-- \/ Yoast SEO plugin. -->","yoast_head_json":{"title":"Runder Bannerrahmen | Amstel Printing","robots":{"index":"index","follow":"follow","max-snippet":"max-snippet:-1","max-image-preview":"max-image-preview:large","max-video-preview":"max-video-preview:-1"},"canonical":"https:\/\/www.amstelprinting.nl\/de\/gesch\u00e4ft\/ausenwerbung\/bannerrahmen\/runder-bannerrahmen\/","og_locale":"de_DE","og_type":"article","og_title":"Runder Bannerrahmen | Amstel Printing","og_description":"Einzigartiger runder Aluminiumrahmen f\u00fcr ein Banner Auf der Suche nach origineller Au\u00dfenwerbung? Dann entscheiden Sie sich f\u00fcr den runden Bannerrahmen. Mit einem eleganten runden Design zieht dieser Rahmen sofort die Aufmerksamkeit auf sich. Mit einem modernen und dynamischen Erscheinungsbild als Ergebnis. Perfekt f\u00fcr den Innen- und Au\u00dfenbereich. Stellen Sie unten Ihren kreisf\u00f6rmigen Bannerrahmen (mit oder ohne Banner) ganz einfach zusammen.","og_url":"https:\/\/www.amstelprinting.nl\/de\/gesch\u00e4ft\/ausenwerbung\/bannerrahmen\/runder-bannerrahmen\/","og_site_name":"Amstel Printing","article_modified_time":"2026-02-18T11:53:48+00:00","og_image":[{"width":700,"height":700,"url":"https:\/\/www.amstelprinting.nl\/wp-content\/uploads\/rond-spandoekframebedrukken.png","type":"image\/png"}],"twitter_card":"summary_large_image","twitter_misc":{"Gesch\u00e4tzte Lesezeit":"1\u00a0Minute"},"schema":{"@context":"https:\/\/schema.org","@graph":[{"@type":"WebPage","@id":"https:\/\/www.amstelprinting.nl\/de\/gesch\u00e4ft\/ausenwerbung\/bannerrahmen\/runder-bannerrahmen\/","url":"https:\/\/www.amstelprinting.nl\/de\/gesch\u00e4ft\/ausenwerbung\/bannerrahmen\/runder-bannerrahmen\/","name":"Runder Bannerrahmen | Amstel Printing","isPartOf":{"@id":"https:\/\/www.amstelprinting.nl\/de\/#website"},"primaryImageOfPage":{"@id":"https:\/\/www.amstelprinting.nl\/de\/gesch\u00e4ft\/ausenwerbung\/bannerrahmen\/runder-bannerrahmen\/#primaryimage"},"image":{"@id":"https:\/\/www.amstelprinting.nl\/de\/gesch\u00e4ft\/ausenwerbung\/bannerrahmen\/runder-bannerrahmen\/#primaryimage"},"thumbnailUrl":"https:\/\/www.amstelprinting.nl\/wp-content\/uploads\/rond-spandoekframebedrukken.png","datePublished":"2025-01-24T10:32:27+00:00","dateModified":"2026-02-18T11:53:48+00:00","breadcrumb":{"@id":"https:\/\/www.amstelprinting.nl\/de\/gesch\u00e4ft\/ausenwerbung\/bannerrahmen\/runder-bannerrahmen\/#breadcrumb"},"inLanguage":"de","potentialAction":[{"@type":"ReadAction","target":["https:\/\/www.amstelprinting.nl\/de\/gesch\u00e4ft\/ausenwerbung\/bannerrahmen\/runder-bannerrahmen\/"]}]},{"@type":"ImageObject","inLanguage":"de","@id":"https:\/\/www.amstelprinting.nl\/de\/gesch\u00e4ft\/ausenwerbung\/bannerrahmen\/runder-bannerrahmen\/#primaryimage","url":"https:\/\/www.amstelprinting.nl\/wp-content\/uploads\/rond-spandoekframebedrukken.png","contentUrl":"https:\/\/www.amstelprinting.nl\/wp-content\/uploads\/rond-spandoekframebedrukken.png","width":700,"height":700},{"@type":"BreadcrumbList","@id":"https:\/\/www.amstelprinting.nl\/de\/gesch\u00e4ft\/ausenwerbung\/bannerrahmen\/runder-bannerrahmen\/#breadcrumb","itemListElement":[{"@type":"ListItem","position":1,"name":"","item":"https:\/\/www.amstelprinting.nl\/de\/"},{"@type":"ListItem","position":2,"name":"Amstel Printing","item":"https:\/\/www.amstelprinting.nl\/de\/geschaeft\/"},{"@type":"ListItem","position":3,"name":"Au\u00dfenwerbung","item":"https:\/\/www.amstelprinting.nl\/de\/kategorie\/ausenwerbung\/"},{"@type":"ListItem","position":4,"name":"Bannerrahmen","item":"https:\/\/www.amstelprinting.nl\/de\/kategorie\/ausenwerbung\/bannerrahmen\/"},{"@type":"ListItem","position":5,"name":"Runder Bannerrahmen"}]},{"@type":"WebSite","@id":"https:\/\/www.amstelprinting.nl\/de\/#website","url":"https:\/\/www.amstelprinting.nl\/de\/","name":"Amstel Printing","description":"Creating Exposure","publisher":{"@id":"https:\/\/www.amstelprinting.nl\/de\/#organization"},"potentialAction":[{"@type":"SearchAction","target":{"@type":"EntryPoint","urlTemplate":"https:\/\/www.amstelprinting.nl\/de\/?s={search_term_string}"},"query-input":{"@type":"PropertyValueSpecification","valueRequired":true,"valueName":"search_term_string"}}],"inLanguage":"de"},{"@type":"Organization","@id":"https:\/\/www.amstelprinting.nl\/de\/#organization","name":"Amstel Printing","url":"https:\/\/www.amstelprinting.nl\/de\/","logo":{"@type":"ImageObject","inLanguage":"de","@id":"https:\/\/www.amstelprinting.nl\/de\/#\/schema\/logo\/image\/","url":"https:\/\/www.amstelprinting.nl\/wp-content\/uploads\/amstel_printing_logo_clean.png","contentUrl":"https:\/\/www.amstelprinting.nl\/wp-content\/uploads\/amstel_printing_logo_clean.png","width":324,"height":73,"caption":"Amstel Printing"},"image":{"@id":"https:\/\/www.amstelprinting.nl\/de\/#\/schema\/logo\/image\/"}}]}},"_links":{"self":[{"href":"https:\/\/www.amstelprinting.nl\/de\/wp-json\/wp\/v2\/product\/13894","targetHints":{"allow":["GET"]}}],"collection":[{"href":"https:\/\/www.amstelprinting.nl\/de\/wp-json\/wp\/v2\/product"}],"about":[{"href":"https:\/\/www.amstelprinting.nl\/de\/wp-json\/wp\/v2\/types\/product"}],"wp:featuredmedia":[{"embeddable":true,"href":"https:\/\/www.amstelprinting.nl\/de\/wp-json\/wp\/v2\/media\/13895"}],"wp:attachment":[{"href":"https:\/\/www.amstelprinting.nl\/de\/wp-json\/wp\/v2\/media?parent=13894"}],"wp:term":[{"taxonomy":"product_brand","embeddable":true,"href":"https:\/\/www.amstelprinting.nl\/de\/wp-json\/wp\/v2\/product_brand?post=13894"},{"taxonomy":"product_cat","embeddable":true,"href":"https:\/\/www.amstelprinting.nl\/de\/wp-json\/wp\/v2\/product_cat?post=13894"},{"taxonomy":"product_tag","embeddable":true,"href":"https:\/\/www.amstelprinting.nl\/de\/wp-json\/wp\/v2\/product_tag?post=13894"}],"curies":[{"name":"wp","href":"https:\/\/api.w.org\/{rel}","templated":true}]}}