{"id":13904,"date":"2025-01-24T11:32:23","date_gmt":"2025-01-24T10:32:23","guid":{"rendered":"https:\/\/www.amstelprinting.nl\/winkel\/unkategorisiert\/vrijstaand-spandoekframe\/"},"modified":"2026-02-18T12:53:48","modified_gmt":"2026-02-18T11:53:48","slug":"freistehender-bannerrahmen","status":"publish","type":"product","link":"https:\/\/www.amstelprinting.nl\/de\/gesch\u00e4ft\/ausenwerbung\/bannerrahmen\/freistehender-bannerrahmen\/","title":{"rendered":"Freistehender Bannerrahmen"},"content":{"rendered":"<h3>Freistehenden Bannerrahmen kaufen<\/h3>\n<p>St\u00e4rken Sie Ihre Au\u00dfenwerbung mit unserem freistehenden Bannerrahmen, konzipiert f\u00fcr maximale Wirkung und Langlebigkeit. W\u00e4hlen Sie ein komplettes Set oder bestellen Sie den Rohrrahmen einzeln.<\/p>\n<h3>Formate<\/h3>\n<p>Erh\u00e4ltlich in acht verschiedenen Formaten (in rechteckiger oder quadratischer Form). Suchen Sie ein anderes Format? Fordern Sie gerne ein ma\u00dfgeschneidertes Angebot an.<\/p>\n<h3>Materialien<\/h3>\n<p>Unser freistehender Bannerrahmen ist in vier Banner-Materialien erh\u00e4ltlich.<\/p>\n<ul>\n<li><strong>ProPES Outdoor<\/strong>: Langlebig, leicht und 100 % recycelbar, ideal f\u00fcr vielseitige Anwendungen.<\/li>\n<li><strong>Banner 510<\/strong>: Meistbestellter Bannertyp. Ein PVC-Gewebe mit gl\u00e4nzendem Finish f\u00fcr klare und lebendige Drucke.<\/li>\n<li><strong>Meshgewebe<\/strong>: Perfekt f\u00fcr windige Standorte dank der luftdurchl\u00e4ssigen Struktur. Weniger geeignet f\u00fcr detaillierte Designs.<\/li>\n<li><strong>Banner 610<\/strong>: Robustes PVC-Gewebe f\u00fcr extreme Wetterbedingungen und langfristige Nutzung.<\/li>\n<\/ul>\n<p>&nbsp;<\/p>\n<h3>Verarbeitungen<\/h3>\n<p>W\u00e4hlen Sie zwischen Saum und \u00d6sen oder Saum und \u00d6sen f\u00fcr Stormfix f\u00fcr eine stabile und professionelle Verarbeitung, die Ihr Banner sicher und straff h\u00e4lt.<\/p>\n<h3>Alternativen<\/h3>\n<p>Neben dem freistehenden Bannerrahmen sind zahlreiche Alternativen erh\u00e4ltlich (zur Befestigung an Innen- oder Au\u00dfenw\u00e4nden), beleuchtet oder unbeleuchtet. Nachfolgend erl\u00e4utern wir kurz die Eigenschaften der einzelnen Produkte.<\/p>\n<ul>\n<li><strong>Bannerrahmen<\/strong>: Standard-Bannerrahmen f\u00fcr die Wand.<\/li>\n<li><strong>Outdoor-Textilrahmen<\/strong>: Speziell f\u00fcr den Au\u00dfeneinsatz entwickelt.<\/li>\n<li><strong>Outdoor-Klopfrahmen<\/strong>: F\u00fcr die schnelle und einfache Montage im Freien.<\/li>\n<li><strong>Blinder Bannerrahmen<\/strong>: F\u00fcr ein minimalistisches Erscheinungsbild: Rahmen und Gummiseile sind nicht sichtbar.<\/li>\n<li><strong>Outdoor-LED-Rahmen<\/strong>: Ihr Design beleuchtet f\u00fcr zus\u00e4tzliche Aufmerksamkeit, auch im Dunkeln.<\/li>\n<li><strong>Runder Bannerrahmen<\/strong>: Banner in runder Form: eine originelle Alternative!<\/li>\n<\/ul>\n<p>&nbsp;<\/p>\n<h3>Zubeh\u00f6r<\/h3>\n<p>Vervollst\u00e4ndigen Sie Ihren freistehenden Bannerrahmen mit Zubeh\u00f6r wie Spannern mit Spiralhaken oder Schwanenhals-Spannern, mit denen Sie Ihr Banner einfach und effizient im freistehenden Rahmen befestigen k\u00f6nnen. Eine perfekte Pr\u00e4sentation ist damit garantiert.<\/p>\n","protected":false},"excerpt":{"rendered":"<h3>Freistehender Rohrrahmen f\u00fcr Banner<\/h3>\n<p>Ein freistehender Bannerrahmen ist ein flexibles und robustes System, mit dem Sie Ihre Botschaft \u00fcberall pr\u00e4sentieren k\u00f6nnen. F\u00fcr die Aufstellung wird keine Wand oder Decke ben\u00f6tigt, da der solide Rohrrahmen selbstst\u00e4ndig stehen kann. Ideal f\u00fcr den Innen- und Au\u00dfenbereich. Perfekt f\u00fcr Messen, Events oder Baustellen, auf denen keine feste Konstruktion m\u00f6glich ist.<\/p>\n","protected":false},"featured_media":13905,"template":"","meta":{"_et_pb_use_builder":"","_et_pb_old_content":"","_et_gb_content_width":""},"product_brand":[],"product_cat":[929,923,904,899],"product_tag":[],"class_list":{"0":"post-13904","1":"product","2":"type-product","3":"status-publish","4":"has-post-thumbnail","6":"product_cat-ausenwerbung","7":"product_cat-bannerrahmen","8":"product_cat-festivaltucher","9":"product_cat-messe-event","11":"first","12":"instock","13":"taxable","14":"shipping-taxable","15":"purchasable","16":"product-type-simple"},"yoast_head":"<!-- This site is optimized with the Yoast SEO plugin v27.3 - https:\/\/yoast.com\/product\/yoast-seo-wordpress\/ -->\n<title>Freistehender Bannerrahmen: Top-Aluminium f\u00fcr Events<\/title>\n<meta name=\"description\" content=\"Bestellen Sie einen robusten und flexiblen Bannerrahmen aus Aluminium, ideal f\u00fcr Events und Festivals. Lieferung in ganz Europa\" \/>\n<meta name=\"robots\" content=\"index, follow, max-snippet:-1, max-image-preview:large, max-video-preview:-1\" \/>\n<link rel=\"canonical\" href=\"https:\/\/www.amstelprinting.nl\/de\/gesch\u00e4ft\/ausenwerbung\/bannerrahmen\/freistehender-bannerrahmen\/\" \/>\n<meta property=\"og:locale\" content=\"de_DE\" \/>\n<meta property=\"og:type\" content=\"article\" \/>\n<meta property=\"og:title\" content=\"Freistehender Bannerrahmen: Top-Aluminium f\u00fcr Events\" \/>\n<meta property=\"og:description\" content=\"Bestellen Sie einen robusten und flexiblen Bannerrahmen aus Aluminium, ideal f\u00fcr Events und Festivals. Lieferung in ganz Europa\" \/>\n<meta property=\"og:url\" content=\"https:\/\/www.amstelprinting.nl\/de\/gesch\u00e4ft\/ausenwerbung\/bannerrahmen\/freistehender-bannerrahmen\/\" \/>\n<meta property=\"og:site_name\" content=\"Amstel Printing\" \/>\n<meta property=\"article:modified_time\" content=\"2026-02-18T11:53:48+00:00\" \/>\n<meta property=\"og:image\" content=\"https:\/\/www.amstelprinting.nl\/wp-content\/uploads\/vrijstaand-spandoekframe-bedrukken.png\" \/>\n\t<meta property=\"og:image:width\" content=\"700\" \/>\n\t<meta property=\"og:image:height\" content=\"700\" \/>\n\t<meta property=\"og:image:type\" content=\"image\/png\" \/>\n<meta name=\"twitter:card\" content=\"summary_large_image\" \/>\n<meta name=\"twitter:label1\" content=\"Gesch\u00e4tzte Lesezeit\" \/>\n\t<meta name=\"twitter:data1\" content=\"1\u00a0Minute\" \/>\n<script type=\"application\/ld+json\" class=\"yoast-schema-graph\">{\"@context\":\"https:\\\/\\\/schema.org\",\"@graph\":[{\"@type\":\"WebPage\",\"@id\":\"https:\\\/\\\/www.amstelprinting.nl\\\/de\\\/gesch\u00e4ft\\\/ausenwerbung\\\/bannerrahmen\\\/freistehender-bannerrahmen\\\/\",\"url\":\"https:\\\/\\\/www.amstelprinting.nl\\\/de\\\/gesch\u00e4ft\\\/ausenwerbung\\\/bannerrahmen\\\/freistehender-bannerrahmen\\\/\",\"name\":\"Freistehender Bannerrahmen: Top-Aluminium f\u00fcr Events\",\"isPartOf\":{\"@id\":\"https:\\\/\\\/www.amstelprinting.nl\\\/de\\\/#website\"},\"primaryImageOfPage\":{\"@id\":\"https:\\\/\\\/www.amstelprinting.nl\\\/de\\\/gesch\u00e4ft\\\/ausenwerbung\\\/bannerrahmen\\\/freistehender-bannerrahmen\\\/#primaryimage\"},\"image\":{\"@id\":\"https:\\\/\\\/www.amstelprinting.nl\\\/de\\\/gesch\u00e4ft\\\/ausenwerbung\\\/bannerrahmen\\\/freistehender-bannerrahmen\\\/#primaryimage\"},\"thumbnailUrl\":\"https:\\\/\\\/www.amstelprinting.nl\\\/wp-content\\\/uploads\\\/vrijstaand-spandoekframe-bedrukken.png\",\"datePublished\":\"2025-01-24T10:32:23+00:00\",\"dateModified\":\"2026-02-18T11:53:48+00:00\",\"description\":\"Bestellen Sie einen robusten und flexiblen Bannerrahmen aus Aluminium, ideal f\u00fcr Events und Festivals. Lieferung in ganz Europa\",\"breadcrumb\":{\"@id\":\"https:\\\/\\\/www.amstelprinting.nl\\\/de\\\/gesch\u00e4ft\\\/ausenwerbung\\\/bannerrahmen\\\/freistehender-bannerrahmen\\\/#breadcrumb\"},\"inLanguage\":\"de\",\"potentialAction\":[{\"@type\":\"ReadAction\",\"target\":[\"https:\\\/\\\/www.amstelprinting.nl\\\/de\\\/gesch\u00e4ft\\\/ausenwerbung\\\/bannerrahmen\\\/freistehender-bannerrahmen\\\/\"]}]},{\"@type\":\"ImageObject\",\"inLanguage\":\"de\",\"@id\":\"https:\\\/\\\/www.amstelprinting.nl\\\/de\\\/gesch\u00e4ft\\\/ausenwerbung\\\/bannerrahmen\\\/freistehender-bannerrahmen\\\/#primaryimage\",\"url\":\"https:\\\/\\\/www.amstelprinting.nl\\\/wp-content\\\/uploads\\\/vrijstaand-spandoekframe-bedrukken.png\",\"contentUrl\":\"https:\\\/\\\/www.amstelprinting.nl\\\/wp-content\\\/uploads\\\/vrijstaand-spandoekframe-bedrukken.png\",\"width\":700,\"height\":700},{\"@type\":\"BreadcrumbList\",\"@id\":\"https:\\\/\\\/www.amstelprinting.nl\\\/de\\\/gesch\u00e4ft\\\/ausenwerbung\\\/bannerrahmen\\\/freistehender-bannerrahmen\\\/#breadcrumb\",\"itemListElement\":[{\"@type\":\"ListItem\",\"position\":1,\"name\":\"\",\"item\":\"https:\\\/\\\/www.amstelprinting.nl\\\/de\\\/\"},{\"@type\":\"ListItem\",\"position\":2,\"name\":\"Amstel Printing\",\"item\":\"https:\\\/\\\/www.amstelprinting.nl\\\/de\\\/geschaeft\\\/\"},{\"@type\":\"ListItem\",\"position\":3,\"name\":\"Au\u00dfenwerbung\",\"item\":\"https:\\\/\\\/www.amstelprinting.nl\\\/de\\\/kategorie\\\/ausenwerbung\\\/\"},{\"@type\":\"ListItem\",\"position\":4,\"name\":\"Bannerrahmen\",\"item\":\"https:\\\/\\\/www.amstelprinting.nl\\\/de\\\/kategorie\\\/ausenwerbung\\\/bannerrahmen\\\/\"},{\"@type\":\"ListItem\",\"position\":5,\"name\":\"Freistehender Bannerrahmen\"}]},{\"@type\":\"WebSite\",\"@id\":\"https:\\\/\\\/www.amstelprinting.nl\\\/de\\\/#website\",\"url\":\"https:\\\/\\\/www.amstelprinting.nl\\\/de\\\/\",\"name\":\"Amstel Printing\",\"description\":\"Creating Exposure\",\"publisher\":{\"@id\":\"https:\\\/\\\/www.amstelprinting.nl\\\/de\\\/#organization\"},\"potentialAction\":[{\"@type\":\"SearchAction\",\"target\":{\"@type\":\"EntryPoint\",\"urlTemplate\":\"https:\\\/\\\/www.amstelprinting.nl\\\/de\\\/?s={search_term_string}\"},\"query-input\":{\"@type\":\"PropertyValueSpecification\",\"valueRequired\":true,\"valueName\":\"search_term_string\"}}],\"inLanguage\":\"de\"},{\"@type\":\"Organization\",\"@id\":\"https:\\\/\\\/www.amstelprinting.nl\\\/de\\\/#organization\",\"name\":\"Amstel Printing\",\"url\":\"https:\\\/\\\/www.amstelprinting.nl\\\/de\\\/\",\"logo\":{\"@type\":\"ImageObject\",\"inLanguage\":\"de\",\"@id\":\"https:\\\/\\\/www.amstelprinting.nl\\\/de\\\/#\\\/schema\\\/logo\\\/image\\\/\",\"url\":\"https:\\\/\\\/www.amstelprinting.nl\\\/wp-content\\\/uploads\\\/amstel_printing_logo_clean.png\",\"contentUrl\":\"https:\\\/\\\/www.amstelprinting.nl\\\/wp-content\\\/uploads\\\/amstel_printing_logo_clean.png\",\"width\":324,\"height\":73,\"caption\":\"Amstel Printing\"},\"image\":{\"@id\":\"https:\\\/\\\/www.amstelprinting.nl\\\/de\\\/#\\\/schema\\\/logo\\\/image\\\/\"}}]}<\/script>\n<!-- \/ Yoast SEO plugin. -->","yoast_head_json":{"title":"Freistehender Bannerrahmen: Top-Aluminium f\u00fcr Events","description":"Bestellen Sie einen robusten und flexiblen Bannerrahmen aus Aluminium, ideal f\u00fcr Events und Festivals. Lieferung in ganz Europa","robots":{"index":"index","follow":"follow","max-snippet":"max-snippet:-1","max-image-preview":"max-image-preview:large","max-video-preview":"max-video-preview:-1"},"canonical":"https:\/\/www.amstelprinting.nl\/de\/gesch\u00e4ft\/ausenwerbung\/bannerrahmen\/freistehender-bannerrahmen\/","og_locale":"de_DE","og_type":"article","og_title":"Freistehender Bannerrahmen: Top-Aluminium f\u00fcr Events","og_description":"Bestellen Sie einen robusten und flexiblen Bannerrahmen aus Aluminium, ideal f\u00fcr Events und Festivals. Lieferung in ganz Europa","og_url":"https:\/\/www.amstelprinting.nl\/de\/gesch\u00e4ft\/ausenwerbung\/bannerrahmen\/freistehender-bannerrahmen\/","og_site_name":"Amstel Printing","article_modified_time":"2026-02-18T11:53:48+00:00","og_image":[{"width":700,"height":700,"url":"https:\/\/www.amstelprinting.nl\/wp-content\/uploads\/vrijstaand-spandoekframe-bedrukken.png","type":"image\/png"}],"twitter_card":"summary_large_image","twitter_misc":{"Gesch\u00e4tzte Lesezeit":"1\u00a0Minute"},"schema":{"@context":"https:\/\/schema.org","@graph":[{"@type":"WebPage","@id":"https:\/\/www.amstelprinting.nl\/de\/gesch\u00e4ft\/ausenwerbung\/bannerrahmen\/freistehender-bannerrahmen\/","url":"https:\/\/www.amstelprinting.nl\/de\/gesch\u00e4ft\/ausenwerbung\/bannerrahmen\/freistehender-bannerrahmen\/","name":"Freistehender Bannerrahmen: Top-Aluminium f\u00fcr Events","isPartOf":{"@id":"https:\/\/www.amstelprinting.nl\/de\/#website"},"primaryImageOfPage":{"@id":"https:\/\/www.amstelprinting.nl\/de\/gesch\u00e4ft\/ausenwerbung\/bannerrahmen\/freistehender-bannerrahmen\/#primaryimage"},"image":{"@id":"https:\/\/www.amstelprinting.nl\/de\/gesch\u00e4ft\/ausenwerbung\/bannerrahmen\/freistehender-bannerrahmen\/#primaryimage"},"thumbnailUrl":"https:\/\/www.amstelprinting.nl\/wp-content\/uploads\/vrijstaand-spandoekframe-bedrukken.png","datePublished":"2025-01-24T10:32:23+00:00","dateModified":"2026-02-18T11:53:48+00:00","description":"Bestellen Sie einen robusten und flexiblen Bannerrahmen aus Aluminium, ideal f\u00fcr Events und Festivals. Lieferung in ganz Europa","breadcrumb":{"@id":"https:\/\/www.amstelprinting.nl\/de\/gesch\u00e4ft\/ausenwerbung\/bannerrahmen\/freistehender-bannerrahmen\/#breadcrumb"},"inLanguage":"de","potentialAction":[{"@type":"ReadAction","target":["https:\/\/www.amstelprinting.nl\/de\/gesch\u00e4ft\/ausenwerbung\/bannerrahmen\/freistehender-bannerrahmen\/"]}]},{"@type":"ImageObject","inLanguage":"de","@id":"https:\/\/www.amstelprinting.nl\/de\/gesch\u00e4ft\/ausenwerbung\/bannerrahmen\/freistehender-bannerrahmen\/#primaryimage","url":"https:\/\/www.amstelprinting.nl\/wp-content\/uploads\/vrijstaand-spandoekframe-bedrukken.png","contentUrl":"https:\/\/www.amstelprinting.nl\/wp-content\/uploads\/vrijstaand-spandoekframe-bedrukken.png","width":700,"height":700},{"@type":"BreadcrumbList","@id":"https:\/\/www.amstelprinting.nl\/de\/gesch\u00e4ft\/ausenwerbung\/bannerrahmen\/freistehender-bannerrahmen\/#breadcrumb","itemListElement":[{"@type":"ListItem","position":1,"name":"","item":"https:\/\/www.amstelprinting.nl\/de\/"},{"@type":"ListItem","position":2,"name":"Amstel Printing","item":"https:\/\/www.amstelprinting.nl\/de\/geschaeft\/"},{"@type":"ListItem","position":3,"name":"Au\u00dfenwerbung","item":"https:\/\/www.amstelprinting.nl\/de\/kategorie\/ausenwerbung\/"},{"@type":"ListItem","position":4,"name":"Bannerrahmen","item":"https:\/\/www.amstelprinting.nl\/de\/kategorie\/ausenwerbung\/bannerrahmen\/"},{"@type":"ListItem","position":5,"name":"Freistehender Bannerrahmen"}]},{"@type":"WebSite","@id":"https:\/\/www.amstelprinting.nl\/de\/#website","url":"https:\/\/www.amstelprinting.nl\/de\/","name":"Amstel Printing","description":"Creating Exposure","publisher":{"@id":"https:\/\/www.amstelprinting.nl\/de\/#organization"},"potentialAction":[{"@type":"SearchAction","target":{"@type":"EntryPoint","urlTemplate":"https:\/\/www.amstelprinting.nl\/de\/?s={search_term_string}"},"query-input":{"@type":"PropertyValueSpecification","valueRequired":true,"valueName":"search_term_string"}}],"inLanguage":"de"},{"@type":"Organization","@id":"https:\/\/www.amstelprinting.nl\/de\/#organization","name":"Amstel Printing","url":"https:\/\/www.amstelprinting.nl\/de\/","logo":{"@type":"ImageObject","inLanguage":"de","@id":"https:\/\/www.amstelprinting.nl\/de\/#\/schema\/logo\/image\/","url":"https:\/\/www.amstelprinting.nl\/wp-content\/uploads\/amstel_printing_logo_clean.png","contentUrl":"https:\/\/www.amstelprinting.nl\/wp-content\/uploads\/amstel_printing_logo_clean.png","width":324,"height":73,"caption":"Amstel Printing"},"image":{"@id":"https:\/\/www.amstelprinting.nl\/de\/#\/schema\/logo\/image\/"}}]}},"_links":{"self":[{"href":"https:\/\/www.amstelprinting.nl\/de\/wp-json\/wp\/v2\/product\/13904","targetHints":{"allow":["GET"]}}],"collection":[{"href":"https:\/\/www.amstelprinting.nl\/de\/wp-json\/wp\/v2\/product"}],"about":[{"href":"https:\/\/www.amstelprinting.nl\/de\/wp-json\/wp\/v2\/types\/product"}],"wp:featuredmedia":[{"embeddable":true,"href":"https:\/\/www.amstelprinting.nl\/de\/wp-json\/wp\/v2\/media\/13905"}],"wp:attachment":[{"href":"https:\/\/www.amstelprinting.nl\/de\/wp-json\/wp\/v2\/media?parent=13904"}],"wp:term":[{"taxonomy":"product_brand","embeddable":true,"href":"https:\/\/www.amstelprinting.nl\/de\/wp-json\/wp\/v2\/product_brand?post=13904"},{"taxonomy":"product_cat","embeddable":true,"href":"https:\/\/www.amstelprinting.nl\/de\/wp-json\/wp\/v2\/product_cat?post=13904"},{"taxonomy":"product_tag","embeddable":true,"href":"https:\/\/www.amstelprinting.nl\/de\/wp-json\/wp\/v2\/product_tag?post=13904"}],"curies":[{"name":"wp","href":"https:\/\/api.w.org\/{rel}","templated":true}]}}