{"id":13916,"date":"2025-01-24T11:32:14","date_gmt":"2025-01-24T10:32:14","guid":{"rendered":"https:\/\/www.amstelprinting.nl\/winkel\/unkategorisiert\/carwrap\/"},"modified":"2026-02-10T12:28:51","modified_gmt":"2026-02-10T11:28:51","slug":"carwrap","status":"publish","type":"product","link":"https:\/\/www.amstelprinting.nl\/de\/gesch\u00e4ft\/ausenwerbung\/fahrzeugwerbung\/carwrap\/","title":{"rendered":"Carwrap"},"content":{"rendered":"<h3>Vorteile<\/h3>\n<ul>\n<li>W\u00e4hlen Sie aus drei Materialien renommierter Marken<\/li>\n<li>Flexible Folien: ideal f\u00fcr komplexe und gew\u00f6lbte Oberfl\u00e4chen<\/li>\n<li>Blasenfreies Anbringen dank innovativer Klebetechnologie<\/li>\n<li>Gro\u00dfe Designs einfach \u00fcber unser Upload-Tool aufteilen<\/li>\n<li>Genie\u00dfen Sie scharfe und langlebige Drucke mit Eco-Solvent-Technologie<\/li>\n<li>Garantie auf eine lange Lebensdauer von mindestens 5 Jahren<\/li>\n<\/ul>\n<p>&nbsp;<\/p>\n<h3>Carwrap-Drucker<\/h3>\n<p>Wir bieten unsere Carwrap-Folien in zwei verschiedenen Qualit\u00e4ten an. Die Standardqualit\u00e4t des Carwraps wird mit einem Latexdrucker gedruckt. Zus\u00e4tzlich bieten wir eine Premium-Variante an. Dieser Carwrap weist dank unseres Eco-Solvent-Druckers eine sehr hohe Druckqualit\u00e4t auf. Der gro\u00dfe Vorteil dieses Druckers ist die Kapazit\u00e4t, neun verschiedene Tintenfarben zu verarbeiten. Das Ergebnis ist ein wesentlich gr\u00f6\u00dferer Farbraum, wodurch die Carwrap-Drucke noch lebendiger und beeindruckender aussehen.<\/p>\n<h3>Carwrap-Folien<\/h3>\n<p>Unsere Wrap-Folien bestehen aus hochwertigem Vinyl, das gegen verschiedene Witterungseinfl\u00fcsse und UV-Strahlung best\u00e4ndig ist, sodass die Farben strahlend bleiben und die Folie lange h\u00e4lt. Amstel Printing bietet Carwrap-Folien von zwei verschiedenen Marken an: 3M\u2122 und Avery Dennison. Im Folgenden erl\u00e4utern wir die Eigenschaften der einzelnen Carwrap-Folien.<\/p>\n<p><strong>3M\u2122 Print Wrap Film IJ280 Wei\u00df<\/strong><br \/>\nQualit\u00e4tsfolie mit 7 Jahren Garantie, wenn Sie sich f\u00fcr Laminat entscheiden.<br \/>\nComply\u2122 v4 Air Release und Controltac Klebeschicht f\u00fcr einfaches (Neu-)Positionieren und blasenfreies Anbringen des Carwraps.<\/p>\n<p><strong>Avery 1104<\/strong><br \/>\nFolie mit wei\u00dfer R\u00fcckseite. Erwartete Lebensdauer von 5 Jahren bei Au\u00dfenanwendung.<br \/>\nDie Avery 1104 Carwrap-Folie ist die kosteng\u00fcnstigste Wahl.<\/p>\n<p><strong>Avery 1105<\/strong><br \/>\nGegossene Folie mit einer Dehnbarkeit von bis zu 150 %.<br \/>\nDie Folie verf\u00fcgt \u00fcber eine Easy Apply\u2122 Repositionable Klebeschicht f\u00fcr einfaches (Neu-)Positionieren und blasenfreies Anbringen des Carwraps.<\/p>\n<h3>Einfaches Anbringen<\/h3>\n<p>Die Wrap-Folien lassen sich dank der Luftkan\u00e4le in der Klebeschicht einfach anbringen, was Luftblasen verhindert und f\u00fcr ein glattes, nahtloses Finish sorgt.<\/p>\n<h3>Schutzfunktion<\/h3>\n<p>Carwrap-Folien haben neben einer werbenden Funktion auch eine sch\u00fctzende Funktion gegen Steinschlag und Kratzer.<\/p>\n<h3>Einfaches Entfernen<\/h3>\n<p>Unsere Carwrap-Folien lassen sich auch einfach wieder entfernen. Sie hinterlassen n\u00e4mlich keine Kleber\u00fcckst\u00e4nde. Dadurch k\u00f6nnen Sie das Fahrzeug wieder in den Originalzustand versetzen.<\/p>\n","protected":false},"excerpt":{"rendered":"<p><span style=\"font-weight: 400;\">Verwandeln Sie Ihren (Firmen-)Wagen mit unseren hochwertigen Wrap-Folien.<\/span><\/p>\n","protected":false},"featured_media":13918,"template":"","meta":{"_et_pb_use_builder":"","_et_pb_old_content":"","_et_gb_content_width":""},"product_brand":[],"product_cat":[929,313,920,932],"product_tag":[],"class_list":{"0":"post-13916","1":"product","2":"type-product","3":"status-publish","4":"has-post-thumbnail","6":"product_cat-ausenwerbung","7":"product_cat-aufkleber-und-druck","8":"product_cat-fahrzeugwerbung","9":"product_cat-grose-aufkleber","11":"first","12":"instock","13":"taxable","14":"shipping-taxable","15":"purchasable","16":"product-type-simple"},"yoast_head":"<!-- This site is optimized with the Yoast SEO plugin v27.3 - https:\/\/yoast.com\/product\/yoast-seo-wordpress\/ -->\n<title>Carwrap | Amstel Printing<\/title>\n<meta name=\"robots\" content=\"index, follow, max-snippet:-1, max-image-preview:large, max-video-preview:-1\" \/>\n<link rel=\"canonical\" href=\"https:\/\/www.amstelprinting.nl\/de\/gesch\u00e4ft\/ausenwerbung\/fahrzeugwerbung\/carwrap\/\" \/>\n<meta property=\"og:locale\" content=\"de_DE\" \/>\n<meta property=\"og:type\" content=\"article\" \/>\n<meta property=\"og:title\" content=\"Carwrap | Amstel Printing\" \/>\n<meta property=\"og:description\" content=\"Verwandeln Sie Ihren (Firmen-)Wagen mit unseren hochwertigen Wrap-Folien.\" \/>\n<meta property=\"og:url\" content=\"https:\/\/www.amstelprinting.nl\/de\/gesch\u00e4ft\/ausenwerbung\/fahrzeugwerbung\/carwrap\/\" \/>\n<meta property=\"og:site_name\" content=\"Amstel Printing\" \/>\n<meta property=\"article:modified_time\" content=\"2026-02-10T11:28:51+00:00\" \/>\n<meta property=\"og:image\" content=\"https:\/\/www.amstelprinting.nl\/wp-content\/uploads\/autosticker-bedrukken.png\" \/>\n\t<meta property=\"og:image:width\" content=\"900\" \/>\n\t<meta property=\"og:image:height\" content=\"900\" \/>\n\t<meta property=\"og:image:type\" content=\"image\/png\" \/>\n<meta name=\"twitter:card\" content=\"summary_large_image\" \/>\n<meta name=\"twitter:label1\" content=\"Gesch\u00e4tzte Lesezeit\" \/>\n\t<meta name=\"twitter:data1\" content=\"2\u00a0Minuten\" \/>\n<script type=\"application\/ld+json\" class=\"yoast-schema-graph\">{\"@context\":\"https:\\\/\\\/schema.org\",\"@graph\":[{\"@type\":\"WebPage\",\"@id\":\"https:\\\/\\\/www.amstelprinting.nl\\\/de\\\/gesch\u00e4ft\\\/ausenwerbung\\\/fahrzeugwerbung\\\/carwrap\\\/\",\"url\":\"https:\\\/\\\/www.amstelprinting.nl\\\/de\\\/gesch\u00e4ft\\\/ausenwerbung\\\/fahrzeugwerbung\\\/carwrap\\\/\",\"name\":\"Carwrap | Amstel Printing\",\"isPartOf\":{\"@id\":\"https:\\\/\\\/www.amstelprinting.nl\\\/de\\\/#website\"},\"primaryImageOfPage\":{\"@id\":\"https:\\\/\\\/www.amstelprinting.nl\\\/de\\\/gesch\u00e4ft\\\/ausenwerbung\\\/fahrzeugwerbung\\\/carwrap\\\/#primaryimage\"},\"image\":{\"@id\":\"https:\\\/\\\/www.amstelprinting.nl\\\/de\\\/gesch\u00e4ft\\\/ausenwerbung\\\/fahrzeugwerbung\\\/carwrap\\\/#primaryimage\"},\"thumbnailUrl\":\"https:\\\/\\\/www.amstelprinting.nl\\\/wp-content\\\/uploads\\\/autosticker-bedrukken.png\",\"datePublished\":\"2025-01-24T10:32:14+00:00\",\"dateModified\":\"2026-02-10T11:28:51+00:00\",\"breadcrumb\":{\"@id\":\"https:\\\/\\\/www.amstelprinting.nl\\\/de\\\/gesch\u00e4ft\\\/ausenwerbung\\\/fahrzeugwerbung\\\/carwrap\\\/#breadcrumb\"},\"inLanguage\":\"de\",\"potentialAction\":[{\"@type\":\"ReadAction\",\"target\":[\"https:\\\/\\\/www.amstelprinting.nl\\\/de\\\/gesch\u00e4ft\\\/ausenwerbung\\\/fahrzeugwerbung\\\/carwrap\\\/\"]}]},{\"@type\":\"ImageObject\",\"inLanguage\":\"de\",\"@id\":\"https:\\\/\\\/www.amstelprinting.nl\\\/de\\\/gesch\u00e4ft\\\/ausenwerbung\\\/fahrzeugwerbung\\\/carwrap\\\/#primaryimage\",\"url\":\"https:\\\/\\\/www.amstelprinting.nl\\\/wp-content\\\/uploads\\\/autosticker-bedrukken.png\",\"contentUrl\":\"https:\\\/\\\/www.amstelprinting.nl\\\/wp-content\\\/uploads\\\/autosticker-bedrukken.png\",\"width\":900,\"height\":900},{\"@type\":\"BreadcrumbList\",\"@id\":\"https:\\\/\\\/www.amstelprinting.nl\\\/de\\\/gesch\u00e4ft\\\/ausenwerbung\\\/fahrzeugwerbung\\\/carwrap\\\/#breadcrumb\",\"itemListElement\":[{\"@type\":\"ListItem\",\"position\":1,\"name\":\"\",\"item\":\"https:\\\/\\\/www.amstelprinting.nl\\\/de\\\/\"},{\"@type\":\"ListItem\",\"position\":2,\"name\":\"Amstel Printing\",\"item\":\"https:\\\/\\\/www.amstelprinting.nl\\\/de\\\/geschaeft\\\/\"},{\"@type\":\"ListItem\",\"position\":3,\"name\":\"Au\u00dfenwerbung\",\"item\":\"https:\\\/\\\/www.amstelprinting.nl\\\/de\\\/kategorie\\\/ausenwerbung\\\/\"},{\"@type\":\"ListItem\",\"position\":4,\"name\":\"Fahrzeugwerbung\",\"item\":\"https:\\\/\\\/www.amstelprinting.nl\\\/de\\\/kategorie\\\/ausenwerbung\\\/fahrzeugwerbung\\\/\"},{\"@type\":\"ListItem\",\"position\":5,\"name\":\"Carwrap\"}]},{\"@type\":\"WebSite\",\"@id\":\"https:\\\/\\\/www.amstelprinting.nl\\\/de\\\/#website\",\"url\":\"https:\\\/\\\/www.amstelprinting.nl\\\/de\\\/\",\"name\":\"Amstel Printing\",\"description\":\"Creating Exposure\",\"publisher\":{\"@id\":\"https:\\\/\\\/www.amstelprinting.nl\\\/de\\\/#organization\"},\"potentialAction\":[{\"@type\":\"SearchAction\",\"target\":{\"@type\":\"EntryPoint\",\"urlTemplate\":\"https:\\\/\\\/www.amstelprinting.nl\\\/de\\\/?s={search_term_string}\"},\"query-input\":{\"@type\":\"PropertyValueSpecification\",\"valueRequired\":true,\"valueName\":\"search_term_string\"}}],\"inLanguage\":\"de\"},{\"@type\":\"Organization\",\"@id\":\"https:\\\/\\\/www.amstelprinting.nl\\\/de\\\/#organization\",\"name\":\"Amstel Printing\",\"url\":\"https:\\\/\\\/www.amstelprinting.nl\\\/de\\\/\",\"logo\":{\"@type\":\"ImageObject\",\"inLanguage\":\"de\",\"@id\":\"https:\\\/\\\/www.amstelprinting.nl\\\/de\\\/#\\\/schema\\\/logo\\\/image\\\/\",\"url\":\"https:\\\/\\\/www.amstelprinting.nl\\\/wp-content\\\/uploads\\\/amstel_printing_logo_clean.png\",\"contentUrl\":\"https:\\\/\\\/www.amstelprinting.nl\\\/wp-content\\\/uploads\\\/amstel_printing_logo_clean.png\",\"width\":324,\"height\":73,\"caption\":\"Amstel Printing\"},\"image\":{\"@id\":\"https:\\\/\\\/www.amstelprinting.nl\\\/de\\\/#\\\/schema\\\/logo\\\/image\\\/\"}}]}<\/script>\n<!-- \/ Yoast SEO plugin. -->","yoast_head_json":{"title":"Carwrap | Amstel Printing","robots":{"index":"index","follow":"follow","max-snippet":"max-snippet:-1","max-image-preview":"max-image-preview:large","max-video-preview":"max-video-preview:-1"},"canonical":"https:\/\/www.amstelprinting.nl\/de\/gesch\u00e4ft\/ausenwerbung\/fahrzeugwerbung\/carwrap\/","og_locale":"de_DE","og_type":"article","og_title":"Carwrap | Amstel Printing","og_description":"Verwandeln Sie Ihren (Firmen-)Wagen mit unseren hochwertigen Wrap-Folien.","og_url":"https:\/\/www.amstelprinting.nl\/de\/gesch\u00e4ft\/ausenwerbung\/fahrzeugwerbung\/carwrap\/","og_site_name":"Amstel Printing","article_modified_time":"2026-02-10T11:28:51+00:00","og_image":[{"width":900,"height":900,"url":"https:\/\/www.amstelprinting.nl\/wp-content\/uploads\/autosticker-bedrukken.png","type":"image\/png"}],"twitter_card":"summary_large_image","twitter_misc":{"Gesch\u00e4tzte Lesezeit":"2\u00a0Minuten"},"schema":{"@context":"https:\/\/schema.org","@graph":[{"@type":"WebPage","@id":"https:\/\/www.amstelprinting.nl\/de\/gesch\u00e4ft\/ausenwerbung\/fahrzeugwerbung\/carwrap\/","url":"https:\/\/www.amstelprinting.nl\/de\/gesch\u00e4ft\/ausenwerbung\/fahrzeugwerbung\/carwrap\/","name":"Carwrap | Amstel Printing","isPartOf":{"@id":"https:\/\/www.amstelprinting.nl\/de\/#website"},"primaryImageOfPage":{"@id":"https:\/\/www.amstelprinting.nl\/de\/gesch\u00e4ft\/ausenwerbung\/fahrzeugwerbung\/carwrap\/#primaryimage"},"image":{"@id":"https:\/\/www.amstelprinting.nl\/de\/gesch\u00e4ft\/ausenwerbung\/fahrzeugwerbung\/carwrap\/#primaryimage"},"thumbnailUrl":"https:\/\/www.amstelprinting.nl\/wp-content\/uploads\/autosticker-bedrukken.png","datePublished":"2025-01-24T10:32:14+00:00","dateModified":"2026-02-10T11:28:51+00:00","breadcrumb":{"@id":"https:\/\/www.amstelprinting.nl\/de\/gesch\u00e4ft\/ausenwerbung\/fahrzeugwerbung\/carwrap\/#breadcrumb"},"inLanguage":"de","potentialAction":[{"@type":"ReadAction","target":["https:\/\/www.amstelprinting.nl\/de\/gesch\u00e4ft\/ausenwerbung\/fahrzeugwerbung\/carwrap\/"]}]},{"@type":"ImageObject","inLanguage":"de","@id":"https:\/\/www.amstelprinting.nl\/de\/gesch\u00e4ft\/ausenwerbung\/fahrzeugwerbung\/carwrap\/#primaryimage","url":"https:\/\/www.amstelprinting.nl\/wp-content\/uploads\/autosticker-bedrukken.png","contentUrl":"https:\/\/www.amstelprinting.nl\/wp-content\/uploads\/autosticker-bedrukken.png","width":900,"height":900},{"@type":"BreadcrumbList","@id":"https:\/\/www.amstelprinting.nl\/de\/gesch\u00e4ft\/ausenwerbung\/fahrzeugwerbung\/carwrap\/#breadcrumb","itemListElement":[{"@type":"ListItem","position":1,"name":"","item":"https:\/\/www.amstelprinting.nl\/de\/"},{"@type":"ListItem","position":2,"name":"Amstel Printing","item":"https:\/\/www.amstelprinting.nl\/de\/geschaeft\/"},{"@type":"ListItem","position":3,"name":"Au\u00dfenwerbung","item":"https:\/\/www.amstelprinting.nl\/de\/kategorie\/ausenwerbung\/"},{"@type":"ListItem","position":4,"name":"Fahrzeugwerbung","item":"https:\/\/www.amstelprinting.nl\/de\/kategorie\/ausenwerbung\/fahrzeugwerbung\/"},{"@type":"ListItem","position":5,"name":"Carwrap"}]},{"@type":"WebSite","@id":"https:\/\/www.amstelprinting.nl\/de\/#website","url":"https:\/\/www.amstelprinting.nl\/de\/","name":"Amstel Printing","description":"Creating Exposure","publisher":{"@id":"https:\/\/www.amstelprinting.nl\/de\/#organization"},"potentialAction":[{"@type":"SearchAction","target":{"@type":"EntryPoint","urlTemplate":"https:\/\/www.amstelprinting.nl\/de\/?s={search_term_string}"},"query-input":{"@type":"PropertyValueSpecification","valueRequired":true,"valueName":"search_term_string"}}],"inLanguage":"de"},{"@type":"Organization","@id":"https:\/\/www.amstelprinting.nl\/de\/#organization","name":"Amstel Printing","url":"https:\/\/www.amstelprinting.nl\/de\/","logo":{"@type":"ImageObject","inLanguage":"de","@id":"https:\/\/www.amstelprinting.nl\/de\/#\/schema\/logo\/image\/","url":"https:\/\/www.amstelprinting.nl\/wp-content\/uploads\/amstel_printing_logo_clean.png","contentUrl":"https:\/\/www.amstelprinting.nl\/wp-content\/uploads\/amstel_printing_logo_clean.png","width":324,"height":73,"caption":"Amstel Printing"},"image":{"@id":"https:\/\/www.amstelprinting.nl\/de\/#\/schema\/logo\/image\/"}}]}},"_links":{"self":[{"href":"https:\/\/www.amstelprinting.nl\/de\/wp-json\/wp\/v2\/product\/13916","targetHints":{"allow":["GET"]}}],"collection":[{"href":"https:\/\/www.amstelprinting.nl\/de\/wp-json\/wp\/v2\/product"}],"about":[{"href":"https:\/\/www.amstelprinting.nl\/de\/wp-json\/wp\/v2\/types\/product"}],"wp:featuredmedia":[{"embeddable":true,"href":"https:\/\/www.amstelprinting.nl\/de\/wp-json\/wp\/v2\/media\/13918"}],"wp:attachment":[{"href":"https:\/\/www.amstelprinting.nl\/de\/wp-json\/wp\/v2\/media?parent=13916"}],"wp:term":[{"taxonomy":"product_brand","embeddable":true,"href":"https:\/\/www.amstelprinting.nl\/de\/wp-json\/wp\/v2\/product_brand?post=13916"},{"taxonomy":"product_cat","embeddable":true,"href":"https:\/\/www.amstelprinting.nl\/de\/wp-json\/wp\/v2\/product_cat?post=13916"},{"taxonomy":"product_tag","embeddable":true,"href":"https:\/\/www.amstelprinting.nl\/de\/wp-json\/wp\/v2\/product_tag?post=13916"}],"curies":[{"name":"wp","href":"https:\/\/api.w.org\/{rel}","templated":true}]}}