{"id":13931,"date":"2025-01-24T11:32:06","date_gmt":"2025-01-24T10:32:06","guid":{"rendered":"https:\/\/www.amstelprinting.nl\/winkel\/unkategorisiert\/autosticker\/"},"modified":"2026-02-18T12:53:49","modified_gmt":"2026-02-18T11:53:49","slug":"autoaufkleber","status":"publish","type":"product","link":"https:\/\/www.amstelprinting.nl\/de\/gesch\u00e4ft\/ausenwerbung\/fahrzeugwerbung\/autoaufkleber\/","title":{"rendered":"Autoaufkleber"},"content":{"rendered":"<h3>Autoaufkleber in Premiumqualit\u00e4t<\/h3>\n<p>Verleihen Sie Ihrem Firmenwagen ein einzigartiges Aussehen und verwandeln Sie ihn in ein mobiles Werbemittel. Geben Sie Ihrem Firmenfahrzeug eine zus\u00e4tzliche Funktion und verwandeln Sie es in ein fahrendes Werbemittel. Unsere Autoaufkleber bieten die perfekte L\u00f6sung f\u00fcr die Beklebung von Fahrzeugen mit ebenen oder leicht gew\u00f6lbten Untergr\u00fcnden.<\/p>\n<h3>Autoaufkleber: unsere Vorteile<\/h3>\n<ul>\n<li>Gro\u00dfformat bis zu 148 x 750 cm m\u00f6glich<\/li>\n<li>In 14 verschiedenen Materialien lieferbar<\/li>\n<li>F\u00fcr ebene oder gew\u00f6lbte Untergr\u00fcnde<\/li>\n<li>Matte oder gl\u00e4nzende Ausf\u00fchrung nach Wunsch<\/li>\n<li>Auch in konturgeschnittener Form bestellbar<\/li>\n<li>QuaPro-zertifiziert (flammhemmend)<\/li>\n<\/ul>\n<p>&nbsp;<\/p>\n<h3>Umfangreiche Materialauswahl<\/h3>\n<p>W\u00e4hlen Sie transparente oder wei\u00dfe Autoaufkleber von A-Marken wie QuaPro, 3M\u2122, Orajet\u00ae oder Avery-Folie. Je nach ebenem oder gew\u00f6lbtem Untergrund bieten wir verschiedene Garantien und Lebensdauern an.<\/p>\n<h3>Autoaufkleber in individueller Form<\/h3>\n<p>Neben dem standardm\u00e4\u00dfigen rechteckigen Autoaufkleber haben Sie bei uns auch die M\u00f6glichkeit, konturgeschnittene (individuelle Form) Autoaufkleber zu bestellen. Es gibt zwei Arten von Konturschnitttechniken: Through Cut oder Kisscut. Beim Through Cut wird die Autoaufkleber-Folie komplett in der Kontur durchgeschnitten (jede Schicht). Bei der Kisscut-Methode wird nur die Folie bis zum Tr\u00e4ger geschnitten. W\u00e4hlen Sie diese letzte Option, wenn Sie vorhaben, den Autoaufkleber zu entgittern und zu applizieren.<\/p>\n<h3>Anwendungshinweise &#8211; sorgen Sie f\u00fcr die richtigen Bedingungen<\/h3>\n<p>Sorgen Sie f\u00fcr einen fettfreien und sauberen Untergrund. Die richtige Verarbeitungstemperatur beim Anbringen (Verkleben) von Autoaufklebern ist entscheidend f\u00fcr ein optimales Endergebnis. Stellen Sie sicher, dass Sie Autoaufkleber bei einer Umgebungstemperatur zwischen 10 und 32 Grad Celsius verarbeiten. Bei h\u00f6heren Temperaturen kann die Klebeschicht n\u00e4mlich klebrig werden. Bei einer zu niedrigen Verarbeitungstemperatur kann die Klebeschicht k\u00f6rnig werden. Neben der Umgebungstemperatur ist es ratsam, das zu beklebende Fahrzeug rechtzeitig in einen Innenraum zu stellen. So kann der Untergrund akklimatisieren (entfeuchten). F\u00fcr ein optimales Ergebnis sollte der zu beklebende Untergrund zudem trocken sein und eine angemessene Temperatur aufweisen.<\/p>\n","protected":false},"excerpt":{"rendered":"<p>Verwandeln Sie Ihr Fahrzeug in ein mobiles Werbemittel. Autoaufkleber sind bereits ab 1 St\u00fcck erh\u00e4ltlich.<\/p>\n","protected":false},"featured_media":13933,"template":"","meta":{"_et_pb_use_builder":"","_et_pb_old_content":"","_et_gb_content_width":""},"product_brand":[],"product_cat":[929,920],"product_tag":[],"class_list":{"0":"post-13931","1":"product","2":"type-product","3":"status-publish","4":"has-post-thumbnail","6":"product_cat-ausenwerbung","7":"product_cat-fahrzeugwerbung","9":"first","10":"instock","11":"taxable","12":"shipping-taxable","13":"purchasable","14":"product-type-simple"},"yoast_head":"<!-- This site is optimized with the Yoast SEO plugin v27.3 - https:\/\/yoast.com\/product\/yoast-seo-wordpress\/ -->\n<title>Autoaufkleber | Amstel Printing<\/title>\n<meta name=\"robots\" content=\"index, follow, max-snippet:-1, max-image-preview:large, max-video-preview:-1\" \/>\n<link rel=\"canonical\" href=\"https:\/\/www.amstelprinting.nl\/de\/gesch\u00e4ft\/ausenwerbung\/fahrzeugwerbung\/autoaufkleber\/\" \/>\n<meta property=\"og:locale\" content=\"de_DE\" \/>\n<meta property=\"og:type\" content=\"article\" \/>\n<meta property=\"og:title\" content=\"Autoaufkleber | Amstel Printing\" \/>\n<meta property=\"og:description\" content=\"Verwandeln Sie Ihr Fahrzeug in ein mobiles Werbemittel. Autoaufkleber sind bereits ab 1 St\u00fcck erh\u00e4ltlich.\" \/>\n<meta property=\"og:url\" content=\"https:\/\/www.amstelprinting.nl\/de\/gesch\u00e4ft\/ausenwerbung\/fahrzeugwerbung\/autoaufkleber\/\" \/>\n<meta property=\"og:site_name\" content=\"Amstel Printing\" \/>\n<meta property=\"article:modified_time\" content=\"2026-02-18T11:53:49+00:00\" \/>\n<meta property=\"og:image\" content=\"https:\/\/www.amstelprinting.nl\/wp-content\/uploads\/Autosticker.jpg\" \/>\n\t<meta property=\"og:image:width\" content=\"700\" \/>\n\t<meta property=\"og:image:height\" content=\"700\" \/>\n\t<meta property=\"og:image:type\" content=\"image\/jpeg\" \/>\n<meta name=\"twitter:card\" content=\"summary_large_image\" \/>\n<meta name=\"twitter:label1\" content=\"Gesch\u00e4tzte Lesezeit\" \/>\n\t<meta name=\"twitter:data1\" content=\"2\u00a0Minuten\" \/>\n<script type=\"application\/ld+json\" class=\"yoast-schema-graph\">{\"@context\":\"https:\\\/\\\/schema.org\",\"@graph\":[{\"@type\":\"WebPage\",\"@id\":\"https:\\\/\\\/www.amstelprinting.nl\\\/de\\\/gesch\u00e4ft\\\/ausenwerbung\\\/fahrzeugwerbung\\\/autoaufkleber\\\/\",\"url\":\"https:\\\/\\\/www.amstelprinting.nl\\\/de\\\/gesch\u00e4ft\\\/ausenwerbung\\\/fahrzeugwerbung\\\/autoaufkleber\\\/\",\"name\":\"Autoaufkleber | Amstel Printing\",\"isPartOf\":{\"@id\":\"https:\\\/\\\/www.amstelprinting.nl\\\/de\\\/#website\"},\"primaryImageOfPage\":{\"@id\":\"https:\\\/\\\/www.amstelprinting.nl\\\/de\\\/gesch\u00e4ft\\\/ausenwerbung\\\/fahrzeugwerbung\\\/autoaufkleber\\\/#primaryimage\"},\"image\":{\"@id\":\"https:\\\/\\\/www.amstelprinting.nl\\\/de\\\/gesch\u00e4ft\\\/ausenwerbung\\\/fahrzeugwerbung\\\/autoaufkleber\\\/#primaryimage\"},\"thumbnailUrl\":\"https:\\\/\\\/www.amstelprinting.nl\\\/wp-content\\\/uploads\\\/Autosticker.jpg\",\"datePublished\":\"2025-01-24T10:32:06+00:00\",\"dateModified\":\"2026-02-18T11:53:49+00:00\",\"breadcrumb\":{\"@id\":\"https:\\\/\\\/www.amstelprinting.nl\\\/de\\\/gesch\u00e4ft\\\/ausenwerbung\\\/fahrzeugwerbung\\\/autoaufkleber\\\/#breadcrumb\"},\"inLanguage\":\"de\",\"potentialAction\":[{\"@type\":\"ReadAction\",\"target\":[\"https:\\\/\\\/www.amstelprinting.nl\\\/de\\\/gesch\u00e4ft\\\/ausenwerbung\\\/fahrzeugwerbung\\\/autoaufkleber\\\/\"]}]},{\"@type\":\"ImageObject\",\"inLanguage\":\"de\",\"@id\":\"https:\\\/\\\/www.amstelprinting.nl\\\/de\\\/gesch\u00e4ft\\\/ausenwerbung\\\/fahrzeugwerbung\\\/autoaufkleber\\\/#primaryimage\",\"url\":\"https:\\\/\\\/www.amstelprinting.nl\\\/wp-content\\\/uploads\\\/Autosticker.jpg\",\"contentUrl\":\"https:\\\/\\\/www.amstelprinting.nl\\\/wp-content\\\/uploads\\\/Autosticker.jpg\",\"width\":700,\"height\":700},{\"@type\":\"BreadcrumbList\",\"@id\":\"https:\\\/\\\/www.amstelprinting.nl\\\/de\\\/gesch\u00e4ft\\\/ausenwerbung\\\/fahrzeugwerbung\\\/autoaufkleber\\\/#breadcrumb\",\"itemListElement\":[{\"@type\":\"ListItem\",\"position\":1,\"name\":\"\",\"item\":\"https:\\\/\\\/www.amstelprinting.nl\\\/de\\\/\"},{\"@type\":\"ListItem\",\"position\":2,\"name\":\"Amstel Printing\",\"item\":\"https:\\\/\\\/www.amstelprinting.nl\\\/de\\\/geschaeft\\\/\"},{\"@type\":\"ListItem\",\"position\":3,\"name\":\"Au\u00dfenwerbung\",\"item\":\"https:\\\/\\\/www.amstelprinting.nl\\\/de\\\/kategorie\\\/ausenwerbung\\\/\"},{\"@type\":\"ListItem\",\"position\":4,\"name\":\"Fahrzeugwerbung\",\"item\":\"https:\\\/\\\/www.amstelprinting.nl\\\/de\\\/kategorie\\\/ausenwerbung\\\/fahrzeugwerbung\\\/\"},{\"@type\":\"ListItem\",\"position\":5,\"name\":\"Autoaufkleber\"}]},{\"@type\":\"WebSite\",\"@id\":\"https:\\\/\\\/www.amstelprinting.nl\\\/de\\\/#website\",\"url\":\"https:\\\/\\\/www.amstelprinting.nl\\\/de\\\/\",\"name\":\"Amstel Printing\",\"description\":\"Creating Exposure\",\"publisher\":{\"@id\":\"https:\\\/\\\/www.amstelprinting.nl\\\/de\\\/#organization\"},\"potentialAction\":[{\"@type\":\"SearchAction\",\"target\":{\"@type\":\"EntryPoint\",\"urlTemplate\":\"https:\\\/\\\/www.amstelprinting.nl\\\/de\\\/?s={search_term_string}\"},\"query-input\":{\"@type\":\"PropertyValueSpecification\",\"valueRequired\":true,\"valueName\":\"search_term_string\"}}],\"inLanguage\":\"de\"},{\"@type\":\"Organization\",\"@id\":\"https:\\\/\\\/www.amstelprinting.nl\\\/de\\\/#organization\",\"name\":\"Amstel Printing\",\"url\":\"https:\\\/\\\/www.amstelprinting.nl\\\/de\\\/\",\"logo\":{\"@type\":\"ImageObject\",\"inLanguage\":\"de\",\"@id\":\"https:\\\/\\\/www.amstelprinting.nl\\\/de\\\/#\\\/schema\\\/logo\\\/image\\\/\",\"url\":\"https:\\\/\\\/www.amstelprinting.nl\\\/wp-content\\\/uploads\\\/amstel_printing_logo_clean.png\",\"contentUrl\":\"https:\\\/\\\/www.amstelprinting.nl\\\/wp-content\\\/uploads\\\/amstel_printing_logo_clean.png\",\"width\":324,\"height\":73,\"caption\":\"Amstel Printing\"},\"image\":{\"@id\":\"https:\\\/\\\/www.amstelprinting.nl\\\/de\\\/#\\\/schema\\\/logo\\\/image\\\/\"}}]}<\/script>\n<!-- \/ Yoast SEO plugin. -->","yoast_head_json":{"title":"Autoaufkleber | Amstel Printing","robots":{"index":"index","follow":"follow","max-snippet":"max-snippet:-1","max-image-preview":"max-image-preview:large","max-video-preview":"max-video-preview:-1"},"canonical":"https:\/\/www.amstelprinting.nl\/de\/gesch\u00e4ft\/ausenwerbung\/fahrzeugwerbung\/autoaufkleber\/","og_locale":"de_DE","og_type":"article","og_title":"Autoaufkleber | Amstel Printing","og_description":"Verwandeln Sie Ihr Fahrzeug in ein mobiles Werbemittel. Autoaufkleber sind bereits ab 1 St\u00fcck erh\u00e4ltlich.","og_url":"https:\/\/www.amstelprinting.nl\/de\/gesch\u00e4ft\/ausenwerbung\/fahrzeugwerbung\/autoaufkleber\/","og_site_name":"Amstel Printing","article_modified_time":"2026-02-18T11:53:49+00:00","og_image":[{"width":700,"height":700,"url":"https:\/\/www.amstelprinting.nl\/wp-content\/uploads\/Autosticker.jpg","type":"image\/jpeg"}],"twitter_card":"summary_large_image","twitter_misc":{"Gesch\u00e4tzte Lesezeit":"2\u00a0Minuten"},"schema":{"@context":"https:\/\/schema.org","@graph":[{"@type":"WebPage","@id":"https:\/\/www.amstelprinting.nl\/de\/gesch\u00e4ft\/ausenwerbung\/fahrzeugwerbung\/autoaufkleber\/","url":"https:\/\/www.amstelprinting.nl\/de\/gesch\u00e4ft\/ausenwerbung\/fahrzeugwerbung\/autoaufkleber\/","name":"Autoaufkleber | Amstel Printing","isPartOf":{"@id":"https:\/\/www.amstelprinting.nl\/de\/#website"},"primaryImageOfPage":{"@id":"https:\/\/www.amstelprinting.nl\/de\/gesch\u00e4ft\/ausenwerbung\/fahrzeugwerbung\/autoaufkleber\/#primaryimage"},"image":{"@id":"https:\/\/www.amstelprinting.nl\/de\/gesch\u00e4ft\/ausenwerbung\/fahrzeugwerbung\/autoaufkleber\/#primaryimage"},"thumbnailUrl":"https:\/\/www.amstelprinting.nl\/wp-content\/uploads\/Autosticker.jpg","datePublished":"2025-01-24T10:32:06+00:00","dateModified":"2026-02-18T11:53:49+00:00","breadcrumb":{"@id":"https:\/\/www.amstelprinting.nl\/de\/gesch\u00e4ft\/ausenwerbung\/fahrzeugwerbung\/autoaufkleber\/#breadcrumb"},"inLanguage":"de","potentialAction":[{"@type":"ReadAction","target":["https:\/\/www.amstelprinting.nl\/de\/gesch\u00e4ft\/ausenwerbung\/fahrzeugwerbung\/autoaufkleber\/"]}]},{"@type":"ImageObject","inLanguage":"de","@id":"https:\/\/www.amstelprinting.nl\/de\/gesch\u00e4ft\/ausenwerbung\/fahrzeugwerbung\/autoaufkleber\/#primaryimage","url":"https:\/\/www.amstelprinting.nl\/wp-content\/uploads\/Autosticker.jpg","contentUrl":"https:\/\/www.amstelprinting.nl\/wp-content\/uploads\/Autosticker.jpg","width":700,"height":700},{"@type":"BreadcrumbList","@id":"https:\/\/www.amstelprinting.nl\/de\/gesch\u00e4ft\/ausenwerbung\/fahrzeugwerbung\/autoaufkleber\/#breadcrumb","itemListElement":[{"@type":"ListItem","position":1,"name":"","item":"https:\/\/www.amstelprinting.nl\/de\/"},{"@type":"ListItem","position":2,"name":"Amstel Printing","item":"https:\/\/www.amstelprinting.nl\/de\/geschaeft\/"},{"@type":"ListItem","position":3,"name":"Au\u00dfenwerbung","item":"https:\/\/www.amstelprinting.nl\/de\/kategorie\/ausenwerbung\/"},{"@type":"ListItem","position":4,"name":"Fahrzeugwerbung","item":"https:\/\/www.amstelprinting.nl\/de\/kategorie\/ausenwerbung\/fahrzeugwerbung\/"},{"@type":"ListItem","position":5,"name":"Autoaufkleber"}]},{"@type":"WebSite","@id":"https:\/\/www.amstelprinting.nl\/de\/#website","url":"https:\/\/www.amstelprinting.nl\/de\/","name":"Amstel Printing","description":"Creating Exposure","publisher":{"@id":"https:\/\/www.amstelprinting.nl\/de\/#organization"},"potentialAction":[{"@type":"SearchAction","target":{"@type":"EntryPoint","urlTemplate":"https:\/\/www.amstelprinting.nl\/de\/?s={search_term_string}"},"query-input":{"@type":"PropertyValueSpecification","valueRequired":true,"valueName":"search_term_string"}}],"inLanguage":"de"},{"@type":"Organization","@id":"https:\/\/www.amstelprinting.nl\/de\/#organization","name":"Amstel Printing","url":"https:\/\/www.amstelprinting.nl\/de\/","logo":{"@type":"ImageObject","inLanguage":"de","@id":"https:\/\/www.amstelprinting.nl\/de\/#\/schema\/logo\/image\/","url":"https:\/\/www.amstelprinting.nl\/wp-content\/uploads\/amstel_printing_logo_clean.png","contentUrl":"https:\/\/www.amstelprinting.nl\/wp-content\/uploads\/amstel_printing_logo_clean.png","width":324,"height":73,"caption":"Amstel Printing"},"image":{"@id":"https:\/\/www.amstelprinting.nl\/de\/#\/schema\/logo\/image\/"}}]}},"_links":{"self":[{"href":"https:\/\/www.amstelprinting.nl\/de\/wp-json\/wp\/v2\/product\/13931","targetHints":{"allow":["GET"]}}],"collection":[{"href":"https:\/\/www.amstelprinting.nl\/de\/wp-json\/wp\/v2\/product"}],"about":[{"href":"https:\/\/www.amstelprinting.nl\/de\/wp-json\/wp\/v2\/types\/product"}],"wp:featuredmedia":[{"embeddable":true,"href":"https:\/\/www.amstelprinting.nl\/de\/wp-json\/wp\/v2\/media\/13933"}],"wp:attachment":[{"href":"https:\/\/www.amstelprinting.nl\/de\/wp-json\/wp\/v2\/media?parent=13931"}],"wp:term":[{"taxonomy":"product_brand","embeddable":true,"href":"https:\/\/www.amstelprinting.nl\/de\/wp-json\/wp\/v2\/product_brand?post=13931"},{"taxonomy":"product_cat","embeddable":true,"href":"https:\/\/www.amstelprinting.nl\/de\/wp-json\/wp\/v2\/product_cat?post=13931"},{"taxonomy":"product_tag","embeddable":true,"href":"https:\/\/www.amstelprinting.nl\/de\/wp-json\/wp\/v2\/product_tag?post=13931"}],"curies":[{"name":"wp","href":"https:\/\/api.w.org\/{rel}","templated":true}]}}