{"id":13944,"date":"2025-01-24T11:31:59","date_gmt":"2025-01-24T10:31:59","guid":{"rendered":"https:\/\/www.amstelprinting.nl\/winkel\/unkategorisiert\/magneetbord\/"},"modified":"2026-02-18T12:53:50","modified_gmt":"2026-02-18T11:53:50","slug":"magnettafel","status":"publish","type":"product","link":"https:\/\/www.amstelprinting.nl\/de\/gesch\u00e4ft\/ausenwerbung\/fahrzeugwerbung\/magnettafel\/","title":{"rendered":"Magnettafel"},"content":{"rendered":"<h3>Vorteile<\/h3>\n<ul>\n<li>G\u00fcnstig und dennoch sehr effektiv!<\/li>\n<li>Geeignet f\u00fcr Fahrzeuge, K\u00fchlschr\u00e4nke, Whiteboards und andere Metalloberfl\u00e4chen<\/li>\n<li>Langlebig: einfach wiederverwendbar<\/li>\n<li>Ideal sowohl f\u00fcr den Innen- als auch f\u00fcr den Au\u00dfenbereich<\/li>\n<li>In jedem Format und jeder Form lieferbar!<\/li>\n<\/ul>\n<p>&nbsp;<\/p>\n<h3>Material und Verwendung<\/h3>\n<p>Unsere Magnettafel hat eine Dicke von nur 0,85 mm und eine maximale Breite von 96 cm. Sie k\u00f6nnen die Tafel im gew\u00fcnschten Format oder in den Konturen Ihres Entwurfs zuschneiden lassen, damit sie immer perfekt passt.<\/p>\n<p>Wieder entfernen? Die Magnettafel l\u00e4sst sich m\u00fchelos wieder entfernen und erneut verwenden. Unsere Magnetplatten sind aus flexibler Magnetfolie gefertigt, was sie leicht und dennoch stabil macht.<\/p>\n<p>Dieses Material ist ideal f\u00fcr die Verwendung auf Metalloberfl\u00e4chen wie Fahrzeugen, K\u00fchlschr\u00e4nken, Whiteboards und mehr. Dank der wetterfesten Eigenschaften behalten sie unter verschiedenen Wetterbedingungen ihre Qualit\u00e4t bei, was sie perfekt f\u00fcr den Einsatz im Innen- und Au\u00dfenbereich macht.<\/p>\n<p>Lassen Sie Ihrer Kreativit\u00e4t freien Lauf und entdecken Sie die endlosen M\u00f6glichkeiten unserer Magnettafel. Ob f\u00fcr tempor\u00e4re Werbeaktionen, dekorative Projekte oder praktische L\u00f6sungen f\u00fcr zu Hause und bei der Arbeit \u2013 unsere Magnettafel bietet die Vielseitigkeit und Zuverl\u00e4ssigkeit, die Sie suchen. Bestellen Sie noch heute und erleben Sie den Komfort und die Qualit\u00e4t dieser flexiblen und wiederverwendbaren L\u00f6sung.<\/p>\n<h3>Hinweise zur Verwendung<\/h3>\n<p><strong>Achtung!<\/strong> Um eine permanente Haftung zu vermeiden, empfiehlt es sich, die Magnettafel nicht l\u00e4nger als zwei aufeinanderfolgende Tage an einer Stelle zu belassen.<\/p>\n","protected":false},"excerpt":{"rendered":"<h3>F\u00fcr die Anbringung auf einem metallischen Untergrund<\/h3>\n<p>Ob Sie eine tempor\u00e4re Botschaft auf einem Fahrzeug pr\u00e4sentieren oder einen kreativen Raum gestalten m\u00f6chten \u2013 unsere Magnettafel bietet die perfekte L\u00f6sung. Die Magnettafel, auch Magnetplatte genannt, ist f\u00fcr alle Metalloberfl\u00e4chen geeignet.<\/p>\n","protected":false},"featured_media":13945,"template":"","meta":{"_et_pb_use_builder":"","_et_pb_old_content":"","_et_gb_content_width":""},"product_brand":[],"product_cat":[929,920],"product_tag":[],"class_list":{"0":"post-13944","1":"product","2":"type-product","3":"status-publish","4":"has-post-thumbnail","6":"product_cat-ausenwerbung","7":"product_cat-fahrzeugwerbung","9":"first","10":"instock","11":"taxable","12":"shipping-taxable","13":"purchasable","14":"product-type-simple"},"yoast_head":"<!-- This site is optimized with the Yoast SEO plugin v27.3 - https:\/\/yoast.com\/product\/yoast-seo-wordpress\/ -->\n<title>Magnettafel | Amstel Printing<\/title>\n<meta name=\"robots\" content=\"index, follow, max-snippet:-1, max-image-preview:large, max-video-preview:-1\" \/>\n<link rel=\"canonical\" href=\"https:\/\/www.amstelprinting.nl\/de\/gesch\u00e4ft\/ausenwerbung\/fahrzeugwerbung\/magnettafel\/\" \/>\n<meta property=\"og:locale\" content=\"de_DE\" \/>\n<meta property=\"og:type\" content=\"article\" \/>\n<meta property=\"og:title\" content=\"Magnettafel | Amstel Printing\" \/>\n<meta property=\"og:description\" content=\"F\u00fcr die Anbringung auf einem metallischen Untergrund Ob Sie eine tempor\u00e4re Botschaft auf einem Fahrzeug pr\u00e4sentieren oder einen kreativen Raum gestalten m\u00f6chten \u2013 unsere Magnettafel bietet die perfekte L\u00f6sung. Die Magnettafel, auch Magnetplatte genannt, ist f\u00fcr alle Metalloberfl\u00e4chen geeignet.\" \/>\n<meta property=\"og:url\" content=\"https:\/\/www.amstelprinting.nl\/de\/gesch\u00e4ft\/ausenwerbung\/fahrzeugwerbung\/magnettafel\/\" \/>\n<meta property=\"og:site_name\" content=\"Amstel Printing\" \/>\n<meta property=\"article:modified_time\" content=\"2026-02-18T11:53:50+00:00\" \/>\n<meta property=\"og:image\" content=\"https:\/\/www.amstelprinting.nl\/wp-content\/uploads\/Magneetbord-bedrukken.png\" \/>\n\t<meta property=\"og:image:width\" content=\"700\" \/>\n\t<meta property=\"og:image:height\" content=\"700\" \/>\n\t<meta property=\"og:image:type\" content=\"image\/png\" \/>\n<meta name=\"twitter:card\" content=\"summary_large_image\" \/>\n<meta name=\"twitter:label1\" content=\"Gesch\u00e4tzte Lesezeit\" \/>\n\t<meta name=\"twitter:data1\" content=\"1\u00a0Minute\" \/>\n<script type=\"application\/ld+json\" class=\"yoast-schema-graph\">{\"@context\":\"https:\\\/\\\/schema.org\",\"@graph\":[{\"@type\":\"WebPage\",\"@id\":\"https:\\\/\\\/www.amstelprinting.nl\\\/de\\\/gesch\u00e4ft\\\/ausenwerbung\\\/fahrzeugwerbung\\\/magnettafel\\\/\",\"url\":\"https:\\\/\\\/www.amstelprinting.nl\\\/de\\\/gesch\u00e4ft\\\/ausenwerbung\\\/fahrzeugwerbung\\\/magnettafel\\\/\",\"name\":\"Magnettafel | Amstel Printing\",\"isPartOf\":{\"@id\":\"https:\\\/\\\/www.amstelprinting.nl\\\/de\\\/#website\"},\"primaryImageOfPage\":{\"@id\":\"https:\\\/\\\/www.amstelprinting.nl\\\/de\\\/gesch\u00e4ft\\\/ausenwerbung\\\/fahrzeugwerbung\\\/magnettafel\\\/#primaryimage\"},\"image\":{\"@id\":\"https:\\\/\\\/www.amstelprinting.nl\\\/de\\\/gesch\u00e4ft\\\/ausenwerbung\\\/fahrzeugwerbung\\\/magnettafel\\\/#primaryimage\"},\"thumbnailUrl\":\"https:\\\/\\\/www.amstelprinting.nl\\\/wp-content\\\/uploads\\\/Magneetbord-bedrukken.png\",\"datePublished\":\"2025-01-24T10:31:59+00:00\",\"dateModified\":\"2026-02-18T11:53:50+00:00\",\"breadcrumb\":{\"@id\":\"https:\\\/\\\/www.amstelprinting.nl\\\/de\\\/gesch\u00e4ft\\\/ausenwerbung\\\/fahrzeugwerbung\\\/magnettafel\\\/#breadcrumb\"},\"inLanguage\":\"de\",\"potentialAction\":[{\"@type\":\"ReadAction\",\"target\":[\"https:\\\/\\\/www.amstelprinting.nl\\\/de\\\/gesch\u00e4ft\\\/ausenwerbung\\\/fahrzeugwerbung\\\/magnettafel\\\/\"]}]},{\"@type\":\"ImageObject\",\"inLanguage\":\"de\",\"@id\":\"https:\\\/\\\/www.amstelprinting.nl\\\/de\\\/gesch\u00e4ft\\\/ausenwerbung\\\/fahrzeugwerbung\\\/magnettafel\\\/#primaryimage\",\"url\":\"https:\\\/\\\/www.amstelprinting.nl\\\/wp-content\\\/uploads\\\/Magneetbord-bedrukken.png\",\"contentUrl\":\"https:\\\/\\\/www.amstelprinting.nl\\\/wp-content\\\/uploads\\\/Magneetbord-bedrukken.png\",\"width\":700,\"height\":700},{\"@type\":\"BreadcrumbList\",\"@id\":\"https:\\\/\\\/www.amstelprinting.nl\\\/de\\\/gesch\u00e4ft\\\/ausenwerbung\\\/fahrzeugwerbung\\\/magnettafel\\\/#breadcrumb\",\"itemListElement\":[{\"@type\":\"ListItem\",\"position\":1,\"name\":\"\",\"item\":\"https:\\\/\\\/www.amstelprinting.nl\\\/de\\\/\"},{\"@type\":\"ListItem\",\"position\":2,\"name\":\"Amstel Printing\",\"item\":\"https:\\\/\\\/www.amstelprinting.nl\\\/de\\\/geschaeft\\\/\"},{\"@type\":\"ListItem\",\"position\":3,\"name\":\"Au\u00dfenwerbung\",\"item\":\"https:\\\/\\\/www.amstelprinting.nl\\\/de\\\/kategorie\\\/ausenwerbung\\\/\"},{\"@type\":\"ListItem\",\"position\":4,\"name\":\"Fahrzeugwerbung\",\"item\":\"https:\\\/\\\/www.amstelprinting.nl\\\/de\\\/kategorie\\\/ausenwerbung\\\/fahrzeugwerbung\\\/\"},{\"@type\":\"ListItem\",\"position\":5,\"name\":\"Magnettafel\"}]},{\"@type\":\"WebSite\",\"@id\":\"https:\\\/\\\/www.amstelprinting.nl\\\/de\\\/#website\",\"url\":\"https:\\\/\\\/www.amstelprinting.nl\\\/de\\\/\",\"name\":\"Amstel Printing\",\"description\":\"Creating Exposure\",\"publisher\":{\"@id\":\"https:\\\/\\\/www.amstelprinting.nl\\\/de\\\/#organization\"},\"potentialAction\":[{\"@type\":\"SearchAction\",\"target\":{\"@type\":\"EntryPoint\",\"urlTemplate\":\"https:\\\/\\\/www.amstelprinting.nl\\\/de\\\/?s={search_term_string}\"},\"query-input\":{\"@type\":\"PropertyValueSpecification\",\"valueRequired\":true,\"valueName\":\"search_term_string\"}}],\"inLanguage\":\"de\"},{\"@type\":\"Organization\",\"@id\":\"https:\\\/\\\/www.amstelprinting.nl\\\/de\\\/#organization\",\"name\":\"Amstel Printing\",\"url\":\"https:\\\/\\\/www.amstelprinting.nl\\\/de\\\/\",\"logo\":{\"@type\":\"ImageObject\",\"inLanguage\":\"de\",\"@id\":\"https:\\\/\\\/www.amstelprinting.nl\\\/de\\\/#\\\/schema\\\/logo\\\/image\\\/\",\"url\":\"https:\\\/\\\/www.amstelprinting.nl\\\/wp-content\\\/uploads\\\/amstel_printing_logo_clean.png\",\"contentUrl\":\"https:\\\/\\\/www.amstelprinting.nl\\\/wp-content\\\/uploads\\\/amstel_printing_logo_clean.png\",\"width\":324,\"height\":73,\"caption\":\"Amstel Printing\"},\"image\":{\"@id\":\"https:\\\/\\\/www.amstelprinting.nl\\\/de\\\/#\\\/schema\\\/logo\\\/image\\\/\"}}]}<\/script>\n<!-- \/ Yoast SEO plugin. -->","yoast_head_json":{"title":"Magnettafel | Amstel Printing","robots":{"index":"index","follow":"follow","max-snippet":"max-snippet:-1","max-image-preview":"max-image-preview:large","max-video-preview":"max-video-preview:-1"},"canonical":"https:\/\/www.amstelprinting.nl\/de\/gesch\u00e4ft\/ausenwerbung\/fahrzeugwerbung\/magnettafel\/","og_locale":"de_DE","og_type":"article","og_title":"Magnettafel | Amstel Printing","og_description":"F\u00fcr die Anbringung auf einem metallischen Untergrund Ob Sie eine tempor\u00e4re Botschaft auf einem Fahrzeug pr\u00e4sentieren oder einen kreativen Raum gestalten m\u00f6chten \u2013 unsere Magnettafel bietet die perfekte L\u00f6sung. Die Magnettafel, auch Magnetplatte genannt, ist f\u00fcr alle Metalloberfl\u00e4chen geeignet.","og_url":"https:\/\/www.amstelprinting.nl\/de\/gesch\u00e4ft\/ausenwerbung\/fahrzeugwerbung\/magnettafel\/","og_site_name":"Amstel Printing","article_modified_time":"2026-02-18T11:53:50+00:00","og_image":[{"width":700,"height":700,"url":"https:\/\/www.amstelprinting.nl\/wp-content\/uploads\/Magneetbord-bedrukken.png","type":"image\/png"}],"twitter_card":"summary_large_image","twitter_misc":{"Gesch\u00e4tzte Lesezeit":"1\u00a0Minute"},"schema":{"@context":"https:\/\/schema.org","@graph":[{"@type":"WebPage","@id":"https:\/\/www.amstelprinting.nl\/de\/gesch\u00e4ft\/ausenwerbung\/fahrzeugwerbung\/magnettafel\/","url":"https:\/\/www.amstelprinting.nl\/de\/gesch\u00e4ft\/ausenwerbung\/fahrzeugwerbung\/magnettafel\/","name":"Magnettafel | Amstel Printing","isPartOf":{"@id":"https:\/\/www.amstelprinting.nl\/de\/#website"},"primaryImageOfPage":{"@id":"https:\/\/www.amstelprinting.nl\/de\/gesch\u00e4ft\/ausenwerbung\/fahrzeugwerbung\/magnettafel\/#primaryimage"},"image":{"@id":"https:\/\/www.amstelprinting.nl\/de\/gesch\u00e4ft\/ausenwerbung\/fahrzeugwerbung\/magnettafel\/#primaryimage"},"thumbnailUrl":"https:\/\/www.amstelprinting.nl\/wp-content\/uploads\/Magneetbord-bedrukken.png","datePublished":"2025-01-24T10:31:59+00:00","dateModified":"2026-02-18T11:53:50+00:00","breadcrumb":{"@id":"https:\/\/www.amstelprinting.nl\/de\/gesch\u00e4ft\/ausenwerbung\/fahrzeugwerbung\/magnettafel\/#breadcrumb"},"inLanguage":"de","potentialAction":[{"@type":"ReadAction","target":["https:\/\/www.amstelprinting.nl\/de\/gesch\u00e4ft\/ausenwerbung\/fahrzeugwerbung\/magnettafel\/"]}]},{"@type":"ImageObject","inLanguage":"de","@id":"https:\/\/www.amstelprinting.nl\/de\/gesch\u00e4ft\/ausenwerbung\/fahrzeugwerbung\/magnettafel\/#primaryimage","url":"https:\/\/www.amstelprinting.nl\/wp-content\/uploads\/Magneetbord-bedrukken.png","contentUrl":"https:\/\/www.amstelprinting.nl\/wp-content\/uploads\/Magneetbord-bedrukken.png","width":700,"height":700},{"@type":"BreadcrumbList","@id":"https:\/\/www.amstelprinting.nl\/de\/gesch\u00e4ft\/ausenwerbung\/fahrzeugwerbung\/magnettafel\/#breadcrumb","itemListElement":[{"@type":"ListItem","position":1,"name":"","item":"https:\/\/www.amstelprinting.nl\/de\/"},{"@type":"ListItem","position":2,"name":"Amstel Printing","item":"https:\/\/www.amstelprinting.nl\/de\/geschaeft\/"},{"@type":"ListItem","position":3,"name":"Au\u00dfenwerbung","item":"https:\/\/www.amstelprinting.nl\/de\/kategorie\/ausenwerbung\/"},{"@type":"ListItem","position":4,"name":"Fahrzeugwerbung","item":"https:\/\/www.amstelprinting.nl\/de\/kategorie\/ausenwerbung\/fahrzeugwerbung\/"},{"@type":"ListItem","position":5,"name":"Magnettafel"}]},{"@type":"WebSite","@id":"https:\/\/www.amstelprinting.nl\/de\/#website","url":"https:\/\/www.amstelprinting.nl\/de\/","name":"Amstel Printing","description":"Creating Exposure","publisher":{"@id":"https:\/\/www.amstelprinting.nl\/de\/#organization"},"potentialAction":[{"@type":"SearchAction","target":{"@type":"EntryPoint","urlTemplate":"https:\/\/www.amstelprinting.nl\/de\/?s={search_term_string}"},"query-input":{"@type":"PropertyValueSpecification","valueRequired":true,"valueName":"search_term_string"}}],"inLanguage":"de"},{"@type":"Organization","@id":"https:\/\/www.amstelprinting.nl\/de\/#organization","name":"Amstel Printing","url":"https:\/\/www.amstelprinting.nl\/de\/","logo":{"@type":"ImageObject","inLanguage":"de","@id":"https:\/\/www.amstelprinting.nl\/de\/#\/schema\/logo\/image\/","url":"https:\/\/www.amstelprinting.nl\/wp-content\/uploads\/amstel_printing_logo_clean.png","contentUrl":"https:\/\/www.amstelprinting.nl\/wp-content\/uploads\/amstel_printing_logo_clean.png","width":324,"height":73,"caption":"Amstel Printing"},"image":{"@id":"https:\/\/www.amstelprinting.nl\/de\/#\/schema\/logo\/image\/"}}]}},"_links":{"self":[{"href":"https:\/\/www.amstelprinting.nl\/de\/wp-json\/wp\/v2\/product\/13944","targetHints":{"allow":["GET"]}}],"collection":[{"href":"https:\/\/www.amstelprinting.nl\/de\/wp-json\/wp\/v2\/product"}],"about":[{"href":"https:\/\/www.amstelprinting.nl\/de\/wp-json\/wp\/v2\/types\/product"}],"wp:featuredmedia":[{"embeddable":true,"href":"https:\/\/www.amstelprinting.nl\/de\/wp-json\/wp\/v2\/media\/13945"}],"wp:attachment":[{"href":"https:\/\/www.amstelprinting.nl\/de\/wp-json\/wp\/v2\/media?parent=13944"}],"wp:term":[{"taxonomy":"product_brand","embeddable":true,"href":"https:\/\/www.amstelprinting.nl\/de\/wp-json\/wp\/v2\/product_brand?post=13944"},{"taxonomy":"product_cat","embeddable":true,"href":"https:\/\/www.amstelprinting.nl\/de\/wp-json\/wp\/v2\/product_cat?post=13944"},{"taxonomy":"product_tag","embeddable":true,"href":"https:\/\/www.amstelprinting.nl\/de\/wp-json\/wp\/v2\/product_tag?post=13944"}],"curies":[{"name":"wp","href":"https:\/\/api.w.org\/{rel}","templated":true}]}}