{"id":13976,"date":"2025-01-24T11:31:40","date_gmt":"2025-01-24T10:31:40","guid":{"rendered":"https:\/\/www.amstelprinting.nl\/winkel\/unkategorisiert\/buitenkussen\/"},"modified":"2026-02-18T12:53:51","modified_gmt":"2026-02-18T11:53:51","slug":"outdoor-kissen","status":"publish","type":"product","link":"https:\/\/www.amstelprinting.nl\/de\/gesch\u00e4ft\/innere\/ausen\/outdoor-kissen\/","title":{"rendered":"Outdoor-Kissen"},"content":{"rendered":"<h2>Outdoor-Kissen bedrucken<\/h2>\n<h3>Format und Material<\/h3>\n<p>W\u00e4hlen Sie aus sechs verschiedenen Formaten, um perfekt zu Ihren Gartenm\u00f6beln und pers\u00f6nlichen Vorlieben zu passen. Der Bezug besteht aus ProPES Outdoor, einem Material, das sowohl f\u00fcr den Innen- als auch f\u00fcr den Au\u00dfenbereich geeignet ist. Es bietet eine hervorragende Wetterbest\u00e4ndigkeit und Farbechtheit, sodass Ihre Kissen Saison f\u00fcr Saison sch\u00f6n aussehen.<\/p>\n<h3>Verarbeitung<\/h3>\n<p>Sie k\u00f6nnen Ihr Outdoor-Kissen mit oder ohne Etikett verarbeiten lassen. Im Download-Bereich finden Sie die Vorlage f\u00fcr das Outdoor-Kissen sowohl mit als auch ohne Etikett. Dar\u00fcber hinaus haben Sie die Wahl zwischen schwarzen oder wei\u00dfen Garnen und k\u00f6nnen zwischen einem wei\u00dfen, schwarzen oder goldenen Rei\u00dfverschluss w\u00e4hlen, um das Ganze auf Ihren Au\u00dfenbereich abzustimmen. Schaffen Sie eine entspannte und einladende Atmosph\u00e4re, in der Sie drau\u00dfen genie\u00dfen k\u00f6nnen, Saison f\u00fcr Saison. Vervollst\u00e4ndigen Sie noch heute Ihren Au\u00dfenbereich mit unseren Outdoor-Kissen!<\/p>\n<h3>H\u00e4ufig gestellte Fragen zu Outdoor-Kissen<\/h3>\n<p><strong>Kann das Outdoor-Kissen mit einem Etikett versehen werden?<\/strong><br \/>\nJa, Sie k\u00f6nnen ein Outdoor-Kissen auch mit einem Etikett versehen. W\u00e4hrend des Bestellvorgangs haben Sie bei bestimmten Materialien die M\u00f6glichkeit, ein Zierkissen mit Etikett zu w\u00e4hlen. Zu Ihrer Bequemlichkeit haben wir spezielle Vorlagen erstellt, die Sie im Download-Bereich finden.<\/p>\n<p><strong>Ist das Kissen vakuumverpackt?<\/strong><br \/>\nUm Falten zu vermeiden, werden die Kissen nicht vakuumverpackt.<\/p>\n<p><strong>Wie kann das Kissen gewaschen werden?<\/strong><br \/>\nDie Kissen k\u00f6nnen bei 30 Grad gewaschen werden. Sie k\u00f6nnen die F\u00fcllung mitwaschen.<\/p>\n","protected":false},"excerpt":{"rendered":"<h3>Wasserabweisende und recycelbare Outdoor-Kissen<\/h3>\n<p>Bringen Sie Komfort und Stil in Ihren Garten, auf Ihre Terrasse oder Ihren Balkon mit unseren hochwertigen bedruckten Outdoor-Kissen. Jedes Outdoor-Kissen kann als komplettes Set mit Bezug und F\u00fcllung geliefert werden, oder Sie k\u00f6nnen w\u00e4hlen, nur den Bezug (mit Druck) oder die F\u00fcllung separat zu bestellen.<\/p>\n","protected":false},"featured_media":13978,"template":"","meta":{"_et_pb_use_builder":"","_et_pb_old_content":"","_et_gb_content_width":""},"product_brand":[],"product_cat":[949,929,947,921],"product_tag":[],"class_list":{"0":"post-13976","1":"product","2":"type-product","3":"status-publish","4":"has-post-thumbnail","6":"product_cat-ausen","7":"product_cat-ausenwerbung","8":"product_cat-innere","9":"product_cat-terrasse-garten","11":"first","12":"instock","13":"taxable","14":"shipping-taxable","15":"purchasable","16":"product-type-simple"},"yoast_head":"<!-- This site is optimized with the Yoast SEO plugin v27.3 - https:\/\/yoast.com\/product\/yoast-seo-wordpress\/ -->\n<title>Outdoor-Kissen | Amstel Printing<\/title>\n<meta name=\"robots\" content=\"index, follow, max-snippet:-1, max-image-preview:large, max-video-preview:-1\" \/>\n<link rel=\"canonical\" href=\"https:\/\/www.amstelprinting.nl\/de\/gesch\u00e4ft\/innere\/ausen\/outdoor-kissen\/\" \/>\n<meta property=\"og:locale\" content=\"de_DE\" \/>\n<meta property=\"og:type\" content=\"article\" \/>\n<meta property=\"og:title\" content=\"Outdoor-Kissen | Amstel Printing\" \/>\n<meta property=\"og:description\" content=\"Wasserabweisende und recycelbare Outdoor-Kissen Bringen Sie Komfort und Stil in Ihren Garten, auf Ihre Terrasse oder Ihren Balkon mit unseren hochwertigen bedruckten Outdoor-Kissen. Jedes Outdoor-Kissen kann als komplettes Set mit Bezug und F\u00fcllung geliefert werden, oder Sie k\u00f6nnen w\u00e4hlen, nur den Bezug (mit Druck) oder die F\u00fcllung separat zu bestellen.\" \/>\n<meta property=\"og:url\" content=\"https:\/\/www.amstelprinting.nl\/de\/gesch\u00e4ft\/innere\/ausen\/outdoor-kissen\/\" \/>\n<meta property=\"og:site_name\" content=\"Amstel Printing\" \/>\n<meta property=\"article:modified_time\" content=\"2026-02-18T11:53:51+00:00\" \/>\n<meta property=\"og:image\" content=\"https:\/\/www.amstelprinting.nl\/wp-content\/uploads\/Buitenkussen7.jpg\" \/>\n\t<meta property=\"og:image:width\" content=\"700\" \/>\n\t<meta property=\"og:image:height\" content=\"700\" \/>\n\t<meta property=\"og:image:type\" content=\"image\/jpeg\" \/>\n<meta name=\"twitter:card\" content=\"summary_large_image\" \/>\n<meta name=\"twitter:label1\" content=\"Gesch\u00e4tzte Lesezeit\" \/>\n\t<meta name=\"twitter:data1\" content=\"1\u00a0Minute\" \/>\n<script type=\"application\/ld+json\" class=\"yoast-schema-graph\">{\"@context\":\"https:\\\/\\\/schema.org\",\"@graph\":[{\"@type\":\"WebPage\",\"@id\":\"https:\\\/\\\/www.amstelprinting.nl\\\/de\\\/gesch\u00e4ft\\\/innere\\\/ausen\\\/outdoor-kissen\\\/\",\"url\":\"https:\\\/\\\/www.amstelprinting.nl\\\/de\\\/gesch\u00e4ft\\\/innere\\\/ausen\\\/outdoor-kissen\\\/\",\"name\":\"Outdoor-Kissen | Amstel Printing\",\"isPartOf\":{\"@id\":\"https:\\\/\\\/www.amstelprinting.nl\\\/de\\\/#website\"},\"primaryImageOfPage\":{\"@id\":\"https:\\\/\\\/www.amstelprinting.nl\\\/de\\\/gesch\u00e4ft\\\/innere\\\/ausen\\\/outdoor-kissen\\\/#primaryimage\"},\"image\":{\"@id\":\"https:\\\/\\\/www.amstelprinting.nl\\\/de\\\/gesch\u00e4ft\\\/innere\\\/ausen\\\/outdoor-kissen\\\/#primaryimage\"},\"thumbnailUrl\":\"https:\\\/\\\/www.amstelprinting.nl\\\/wp-content\\\/uploads\\\/Buitenkussen7.jpg\",\"datePublished\":\"2025-01-24T10:31:40+00:00\",\"dateModified\":\"2026-02-18T11:53:51+00:00\",\"breadcrumb\":{\"@id\":\"https:\\\/\\\/www.amstelprinting.nl\\\/de\\\/gesch\u00e4ft\\\/innere\\\/ausen\\\/outdoor-kissen\\\/#breadcrumb\"},\"inLanguage\":\"de\",\"potentialAction\":[{\"@type\":\"ReadAction\",\"target\":[\"https:\\\/\\\/www.amstelprinting.nl\\\/de\\\/gesch\u00e4ft\\\/innere\\\/ausen\\\/outdoor-kissen\\\/\"]}]},{\"@type\":\"ImageObject\",\"inLanguage\":\"de\",\"@id\":\"https:\\\/\\\/www.amstelprinting.nl\\\/de\\\/gesch\u00e4ft\\\/innere\\\/ausen\\\/outdoor-kissen\\\/#primaryimage\",\"url\":\"https:\\\/\\\/www.amstelprinting.nl\\\/wp-content\\\/uploads\\\/Buitenkussen7.jpg\",\"contentUrl\":\"https:\\\/\\\/www.amstelprinting.nl\\\/wp-content\\\/uploads\\\/Buitenkussen7.jpg\",\"width\":700,\"height\":700},{\"@type\":\"BreadcrumbList\",\"@id\":\"https:\\\/\\\/www.amstelprinting.nl\\\/de\\\/gesch\u00e4ft\\\/innere\\\/ausen\\\/outdoor-kissen\\\/#breadcrumb\",\"itemListElement\":[{\"@type\":\"ListItem\",\"position\":1,\"name\":\"\",\"item\":\"https:\\\/\\\/www.amstelprinting.nl\\\/de\\\/\"},{\"@type\":\"ListItem\",\"position\":2,\"name\":\"Amstel Printing\",\"item\":\"https:\\\/\\\/www.amstelprinting.nl\\\/de\\\/geschaeft\\\/\"},{\"@type\":\"ListItem\",\"position\":3,\"name\":\"Au\u00dfenwerbung\",\"item\":\"https:\\\/\\\/www.amstelprinting.nl\\\/de\\\/kategorie\\\/ausenwerbung\\\/\"},{\"@type\":\"ListItem\",\"position\":4,\"name\":\"Terrasse &amp; Garten\",\"item\":\"https:\\\/\\\/www.amstelprinting.nl\\\/de\\\/kategorie\\\/ausenwerbung\\\/terrasse-garten\\\/\"},{\"@type\":\"ListItem\",\"position\":5,\"name\":\"Outdoor-Kissen\"}]},{\"@type\":\"WebSite\",\"@id\":\"https:\\\/\\\/www.amstelprinting.nl\\\/de\\\/#website\",\"url\":\"https:\\\/\\\/www.amstelprinting.nl\\\/de\\\/\",\"name\":\"Amstel Printing\",\"description\":\"Creating Exposure\",\"publisher\":{\"@id\":\"https:\\\/\\\/www.amstelprinting.nl\\\/de\\\/#organization\"},\"potentialAction\":[{\"@type\":\"SearchAction\",\"target\":{\"@type\":\"EntryPoint\",\"urlTemplate\":\"https:\\\/\\\/www.amstelprinting.nl\\\/de\\\/?s={search_term_string}\"},\"query-input\":{\"@type\":\"PropertyValueSpecification\",\"valueRequired\":true,\"valueName\":\"search_term_string\"}}],\"inLanguage\":\"de\"},{\"@type\":\"Organization\",\"@id\":\"https:\\\/\\\/www.amstelprinting.nl\\\/de\\\/#organization\",\"name\":\"Amstel Printing\",\"url\":\"https:\\\/\\\/www.amstelprinting.nl\\\/de\\\/\",\"logo\":{\"@type\":\"ImageObject\",\"inLanguage\":\"de\",\"@id\":\"https:\\\/\\\/www.amstelprinting.nl\\\/de\\\/#\\\/schema\\\/logo\\\/image\\\/\",\"url\":\"https:\\\/\\\/www.amstelprinting.nl\\\/wp-content\\\/uploads\\\/amstel_printing_logo_clean.png\",\"contentUrl\":\"https:\\\/\\\/www.amstelprinting.nl\\\/wp-content\\\/uploads\\\/amstel_printing_logo_clean.png\",\"width\":324,\"height\":73,\"caption\":\"Amstel Printing\"},\"image\":{\"@id\":\"https:\\\/\\\/www.amstelprinting.nl\\\/de\\\/#\\\/schema\\\/logo\\\/image\\\/\"}}]}<\/script>\n<!-- \/ Yoast SEO plugin. -->","yoast_head_json":{"title":"Outdoor-Kissen | Amstel Printing","robots":{"index":"index","follow":"follow","max-snippet":"max-snippet:-1","max-image-preview":"max-image-preview:large","max-video-preview":"max-video-preview:-1"},"canonical":"https:\/\/www.amstelprinting.nl\/de\/gesch\u00e4ft\/innere\/ausen\/outdoor-kissen\/","og_locale":"de_DE","og_type":"article","og_title":"Outdoor-Kissen | Amstel Printing","og_description":"Wasserabweisende und recycelbare Outdoor-Kissen Bringen Sie Komfort und Stil in Ihren Garten, auf Ihre Terrasse oder Ihren Balkon mit unseren hochwertigen bedruckten Outdoor-Kissen. Jedes Outdoor-Kissen kann als komplettes Set mit Bezug und F\u00fcllung geliefert werden, oder Sie k\u00f6nnen w\u00e4hlen, nur den Bezug (mit Druck) oder die F\u00fcllung separat zu bestellen.","og_url":"https:\/\/www.amstelprinting.nl\/de\/gesch\u00e4ft\/innere\/ausen\/outdoor-kissen\/","og_site_name":"Amstel Printing","article_modified_time":"2026-02-18T11:53:51+00:00","og_image":[{"width":700,"height":700,"url":"https:\/\/www.amstelprinting.nl\/wp-content\/uploads\/Buitenkussen7.jpg","type":"image\/jpeg"}],"twitter_card":"summary_large_image","twitter_misc":{"Gesch\u00e4tzte Lesezeit":"1\u00a0Minute"},"schema":{"@context":"https:\/\/schema.org","@graph":[{"@type":"WebPage","@id":"https:\/\/www.amstelprinting.nl\/de\/gesch\u00e4ft\/innere\/ausen\/outdoor-kissen\/","url":"https:\/\/www.amstelprinting.nl\/de\/gesch\u00e4ft\/innere\/ausen\/outdoor-kissen\/","name":"Outdoor-Kissen | Amstel Printing","isPartOf":{"@id":"https:\/\/www.amstelprinting.nl\/de\/#website"},"primaryImageOfPage":{"@id":"https:\/\/www.amstelprinting.nl\/de\/gesch\u00e4ft\/innere\/ausen\/outdoor-kissen\/#primaryimage"},"image":{"@id":"https:\/\/www.amstelprinting.nl\/de\/gesch\u00e4ft\/innere\/ausen\/outdoor-kissen\/#primaryimage"},"thumbnailUrl":"https:\/\/www.amstelprinting.nl\/wp-content\/uploads\/Buitenkussen7.jpg","datePublished":"2025-01-24T10:31:40+00:00","dateModified":"2026-02-18T11:53:51+00:00","breadcrumb":{"@id":"https:\/\/www.amstelprinting.nl\/de\/gesch\u00e4ft\/innere\/ausen\/outdoor-kissen\/#breadcrumb"},"inLanguage":"de","potentialAction":[{"@type":"ReadAction","target":["https:\/\/www.amstelprinting.nl\/de\/gesch\u00e4ft\/innere\/ausen\/outdoor-kissen\/"]}]},{"@type":"ImageObject","inLanguage":"de","@id":"https:\/\/www.amstelprinting.nl\/de\/gesch\u00e4ft\/innere\/ausen\/outdoor-kissen\/#primaryimage","url":"https:\/\/www.amstelprinting.nl\/wp-content\/uploads\/Buitenkussen7.jpg","contentUrl":"https:\/\/www.amstelprinting.nl\/wp-content\/uploads\/Buitenkussen7.jpg","width":700,"height":700},{"@type":"BreadcrumbList","@id":"https:\/\/www.amstelprinting.nl\/de\/gesch\u00e4ft\/innere\/ausen\/outdoor-kissen\/#breadcrumb","itemListElement":[{"@type":"ListItem","position":1,"name":"","item":"https:\/\/www.amstelprinting.nl\/de\/"},{"@type":"ListItem","position":2,"name":"Amstel Printing","item":"https:\/\/www.amstelprinting.nl\/de\/geschaeft\/"},{"@type":"ListItem","position":3,"name":"Au\u00dfenwerbung","item":"https:\/\/www.amstelprinting.nl\/de\/kategorie\/ausenwerbung\/"},{"@type":"ListItem","position":4,"name":"Terrasse &amp; Garten","item":"https:\/\/www.amstelprinting.nl\/de\/kategorie\/ausenwerbung\/terrasse-garten\/"},{"@type":"ListItem","position":5,"name":"Outdoor-Kissen"}]},{"@type":"WebSite","@id":"https:\/\/www.amstelprinting.nl\/de\/#website","url":"https:\/\/www.amstelprinting.nl\/de\/","name":"Amstel Printing","description":"Creating Exposure","publisher":{"@id":"https:\/\/www.amstelprinting.nl\/de\/#organization"},"potentialAction":[{"@type":"SearchAction","target":{"@type":"EntryPoint","urlTemplate":"https:\/\/www.amstelprinting.nl\/de\/?s={search_term_string}"},"query-input":{"@type":"PropertyValueSpecification","valueRequired":true,"valueName":"search_term_string"}}],"inLanguage":"de"},{"@type":"Organization","@id":"https:\/\/www.amstelprinting.nl\/de\/#organization","name":"Amstel Printing","url":"https:\/\/www.amstelprinting.nl\/de\/","logo":{"@type":"ImageObject","inLanguage":"de","@id":"https:\/\/www.amstelprinting.nl\/de\/#\/schema\/logo\/image\/","url":"https:\/\/www.amstelprinting.nl\/wp-content\/uploads\/amstel_printing_logo_clean.png","contentUrl":"https:\/\/www.amstelprinting.nl\/wp-content\/uploads\/amstel_printing_logo_clean.png","width":324,"height":73,"caption":"Amstel Printing"},"image":{"@id":"https:\/\/www.amstelprinting.nl\/de\/#\/schema\/logo\/image\/"}}]}},"_links":{"self":[{"href":"https:\/\/www.amstelprinting.nl\/de\/wp-json\/wp\/v2\/product\/13976","targetHints":{"allow":["GET"]}}],"collection":[{"href":"https:\/\/www.amstelprinting.nl\/de\/wp-json\/wp\/v2\/product"}],"about":[{"href":"https:\/\/www.amstelprinting.nl\/de\/wp-json\/wp\/v2\/types\/product"}],"wp:featuredmedia":[{"embeddable":true,"href":"https:\/\/www.amstelprinting.nl\/de\/wp-json\/wp\/v2\/media\/13978"}],"wp:attachment":[{"href":"https:\/\/www.amstelprinting.nl\/de\/wp-json\/wp\/v2\/media?parent=13976"}],"wp:term":[{"taxonomy":"product_brand","embeddable":true,"href":"https:\/\/www.amstelprinting.nl\/de\/wp-json\/wp\/v2\/product_brand?post=13976"},{"taxonomy":"product_cat","embeddable":true,"href":"https:\/\/www.amstelprinting.nl\/de\/wp-json\/wp\/v2\/product_cat?post=13976"},{"taxonomy":"product_tag","embeddable":true,"href":"https:\/\/www.amstelprinting.nl\/de\/wp-json\/wp\/v2\/product_tag?post=13976"}],"curies":[{"name":"wp","href":"https:\/\/api.w.org\/{rel}","templated":true}]}}