{"id":13989,"date":"2025-01-24T11:31:36","date_gmt":"2025-01-24T10:31:36","guid":{"rendered":"https:\/\/www.amstelprinting.nl\/winkel\/unkategorisiert\/tuinposter\/"},"modified":"2026-02-18T12:53:52","modified_gmt":"2026-02-18T11:53:52","slug":"gartenposter","status":"publish","type":"product","link":"https:\/\/www.amstelprinting.nl\/de\/gesch\u00e4ft\/innere\/ausen\/gartenposter\/","title":{"rendered":"Gartenposter"},"content":{"rendered":"<h3>Gartenposter bedrucken: W\u00e4hlen Sie das richtige Material<\/h3>\n<p>W\u00e4hlen Sie aus zwei Materialien:<\/p>\n<ul>\n<li><strong>Banner 510<\/strong>: Diese PVC-Plane bietet eine gl\u00e4nzende Optik und ist sowohl f\u00fcr den Innen- als auch f\u00fcr den Au\u00dfenbereich geeignet. Sie ist UV- und wasserbest\u00e4ndig, wodurch sie perfekt f\u00fcr alle Wetterbedingungen geeignet ist. Zudem ist sie nach B1 brandschutzzertifiziert.<\/li>\n<li><strong>ProPES outdoor<\/strong>: Leichtes Polyester-Textilgewebe mit wasserabweisender Beschichtung, ideal f\u00fcr den Au\u00dfeneinsatz. Dieses Material bietet einen klaren Druck und ist UV-best\u00e4ndig. Es ist eine ausgezeichnete Wahl f\u00fcr alle, die eine nachhaltige L\u00f6sung mit moderner Optik suchen.<\/li>\n<\/ul>\n<p>&nbsp;<\/p>\n<h3>Konfektionierung<\/h3>\n<p>F\u00fcr die Konfektionierung Ihres Gartenposters haben Sie die Wahl zwischen Schneiden oder \u00d6sen. Wenn Sie das Gartenposter mit N\u00e4geln aufh\u00e4ngen m\u00f6chten, w\u00e4hlen Sie die Option Schneiden. Wenn Sie das Poster an einem Zaun oder einer Wand befestigen m\u00f6chten, w\u00e4hlen Sie am besten \u00d6sen. Verwandeln Sie Ihren Au\u00dfenbereich oder Ihr Interieur mit unseren wundersch\u00f6nen Gartenpostern. W\u00e4hlen Sie das Material und die Konfektionierung, die am besten zu Ihren Bed\u00fcrfnissen passt, und genie\u00dfen Sie eine stimmungsvolle Umgebung, Saison f\u00fcr Saison!<\/p>\n","protected":false},"excerpt":{"rendered":"<h3>UV- und wasserbest\u00e4ndiges Gartenposter<\/h3>\n<p>Bereichern Sie Ihren Garten, Ihre Terrasse oder Ihren Innenraum mit unseren hochwertigen Gartenpostern. Gartenposter wurden speziell f\u00fcr den Einsatz unter allen Wetterbedingungen entwickelt. Ob Sie sich f\u00fcr Banner 510 mit seiner gl\u00e4nzenden Optik und Brandschutzzertifizierung entscheiden oder f\u00fcr ProPES outdoor mit seinen leichten und wasserabweisenden Eigenschaften. Unsere Gartenposter bieten Langlebigkeit und \u00c4sthetik f\u00fcr jede Umgebung. Lassen Sie Ihrer Kreativit\u00e4t freien Lauf, w\u00e4hrend Sie die Sch\u00f6nheit der Natur mit unseren vielseitigen Gartenpostern in Ihren Lebensraum bringen!<\/p>\n","protected":false},"featured_media":13990,"template":"","meta":{"_et_pb_use_builder":"","_et_pb_old_content":"","_et_gb_content_width":""},"product_brand":[],"product_cat":[949,929,947,921],"product_tag":[],"class_list":{"0":"post-13989","1":"product","2":"type-product","3":"status-publish","4":"has-post-thumbnail","6":"product_cat-ausen","7":"product_cat-ausenwerbung","8":"product_cat-innere","9":"product_cat-terrasse-garten","11":"first","12":"instock","13":"taxable","14":"shipping-taxable","15":"purchasable","16":"product-type-simple"},"yoast_head":"<!-- This site is optimized with the Yoast SEO plugin v27.3 - https:\/\/yoast.com\/product\/yoast-seo-wordpress\/ -->\n<title>Gartenposter | Amstel Printing<\/title>\n<meta name=\"robots\" content=\"index, follow, max-snippet:-1, max-image-preview:large, max-video-preview:-1\" \/>\n<link rel=\"canonical\" href=\"https:\/\/www.amstelprinting.nl\/de\/gesch\u00e4ft\/innere\/ausen\/gartenposter\/\" \/>\n<meta property=\"og:locale\" content=\"de_DE\" \/>\n<meta property=\"og:type\" content=\"article\" \/>\n<meta property=\"og:title\" content=\"Gartenposter | Amstel Printing\" \/>\n<meta property=\"og:description\" content=\"UV- und wasserbest\u00e4ndiges Gartenposter Bereichern Sie Ihren Garten, Ihre Terrasse oder Ihren Innenraum mit unseren hochwertigen Gartenpostern. Gartenposter wurden speziell f\u00fcr den Einsatz unter allen Wetterbedingungen entwickelt. Ob Sie sich f\u00fcr Banner 510 mit seiner gl\u00e4nzenden Optik und Brandschutzzertifizierung entscheiden oder f\u00fcr ProPES outdoor mit seinen leichten und wasserabweisenden Eigenschaften. Unsere Gartenposter bieten Langlebigkeit und \u00c4sthetik f\u00fcr jede Umgebung. Lassen Sie Ihrer Kreativit\u00e4t freien Lauf, w\u00e4hrend Sie die Sch\u00f6nheit der Natur mit unseren vielseitigen Gartenpostern in Ihren Lebensraum bringen!\" \/>\n<meta property=\"og:url\" content=\"https:\/\/www.amstelprinting.nl\/de\/gesch\u00e4ft\/innere\/ausen\/gartenposter\/\" \/>\n<meta property=\"og:site_name\" content=\"Amstel Printing\" \/>\n<meta property=\"article:modified_time\" content=\"2026-02-18T11:53:52+00:00\" \/>\n<meta property=\"og:image\" content=\"https:\/\/www.amstelprinting.nl\/wp-content\/uploads\/Tuinposter.jpg\" \/>\n\t<meta property=\"og:image:width\" content=\"700\" \/>\n\t<meta property=\"og:image:height\" content=\"700\" \/>\n\t<meta property=\"og:image:type\" content=\"image\/jpeg\" \/>\n<meta name=\"twitter:card\" content=\"summary_large_image\" \/>\n<meta name=\"twitter:label1\" content=\"Gesch\u00e4tzte Lesezeit\" \/>\n\t<meta name=\"twitter:data1\" content=\"1\u00a0Minute\" \/>\n<script type=\"application\/ld+json\" class=\"yoast-schema-graph\">{\"@context\":\"https:\\\/\\\/schema.org\",\"@graph\":[{\"@type\":\"WebPage\",\"@id\":\"https:\\\/\\\/www.amstelprinting.nl\\\/de\\\/gesch\u00e4ft\\\/innere\\\/ausen\\\/gartenposter\\\/\",\"url\":\"https:\\\/\\\/www.amstelprinting.nl\\\/de\\\/gesch\u00e4ft\\\/innere\\\/ausen\\\/gartenposter\\\/\",\"name\":\"Gartenposter | Amstel Printing\",\"isPartOf\":{\"@id\":\"https:\\\/\\\/www.amstelprinting.nl\\\/de\\\/#website\"},\"primaryImageOfPage\":{\"@id\":\"https:\\\/\\\/www.amstelprinting.nl\\\/de\\\/gesch\u00e4ft\\\/innere\\\/ausen\\\/gartenposter\\\/#primaryimage\"},\"image\":{\"@id\":\"https:\\\/\\\/www.amstelprinting.nl\\\/de\\\/gesch\u00e4ft\\\/innere\\\/ausen\\\/gartenposter\\\/#primaryimage\"},\"thumbnailUrl\":\"https:\\\/\\\/www.amstelprinting.nl\\\/wp-content\\\/uploads\\\/Tuinposter.jpg\",\"datePublished\":\"2025-01-24T10:31:36+00:00\",\"dateModified\":\"2026-02-18T11:53:52+00:00\",\"breadcrumb\":{\"@id\":\"https:\\\/\\\/www.amstelprinting.nl\\\/de\\\/gesch\u00e4ft\\\/innere\\\/ausen\\\/gartenposter\\\/#breadcrumb\"},\"inLanguage\":\"de\",\"potentialAction\":[{\"@type\":\"ReadAction\",\"target\":[\"https:\\\/\\\/www.amstelprinting.nl\\\/de\\\/gesch\u00e4ft\\\/innere\\\/ausen\\\/gartenposter\\\/\"]}]},{\"@type\":\"ImageObject\",\"inLanguage\":\"de\",\"@id\":\"https:\\\/\\\/www.amstelprinting.nl\\\/de\\\/gesch\u00e4ft\\\/innere\\\/ausen\\\/gartenposter\\\/#primaryimage\",\"url\":\"https:\\\/\\\/www.amstelprinting.nl\\\/wp-content\\\/uploads\\\/Tuinposter.jpg\",\"contentUrl\":\"https:\\\/\\\/www.amstelprinting.nl\\\/wp-content\\\/uploads\\\/Tuinposter.jpg\",\"width\":700,\"height\":700},{\"@type\":\"BreadcrumbList\",\"@id\":\"https:\\\/\\\/www.amstelprinting.nl\\\/de\\\/gesch\u00e4ft\\\/innere\\\/ausen\\\/gartenposter\\\/#breadcrumb\",\"itemListElement\":[{\"@type\":\"ListItem\",\"position\":1,\"name\":\"\",\"item\":\"https:\\\/\\\/www.amstelprinting.nl\\\/de\\\/\"},{\"@type\":\"ListItem\",\"position\":2,\"name\":\"Amstel Printing\",\"item\":\"https:\\\/\\\/www.amstelprinting.nl\\\/de\\\/geschaeft\\\/\"},{\"@type\":\"ListItem\",\"position\":3,\"name\":\"Au\u00dfenwerbung\",\"item\":\"https:\\\/\\\/www.amstelprinting.nl\\\/de\\\/kategorie\\\/ausenwerbung\\\/\"},{\"@type\":\"ListItem\",\"position\":4,\"name\":\"Terrasse &amp; Garten\",\"item\":\"https:\\\/\\\/www.amstelprinting.nl\\\/de\\\/kategorie\\\/ausenwerbung\\\/terrasse-garten\\\/\"},{\"@type\":\"ListItem\",\"position\":5,\"name\":\"Gartenposter\"}]},{\"@type\":\"WebSite\",\"@id\":\"https:\\\/\\\/www.amstelprinting.nl\\\/de\\\/#website\",\"url\":\"https:\\\/\\\/www.amstelprinting.nl\\\/de\\\/\",\"name\":\"Amstel Printing\",\"description\":\"Creating Exposure\",\"publisher\":{\"@id\":\"https:\\\/\\\/www.amstelprinting.nl\\\/de\\\/#organization\"},\"potentialAction\":[{\"@type\":\"SearchAction\",\"target\":{\"@type\":\"EntryPoint\",\"urlTemplate\":\"https:\\\/\\\/www.amstelprinting.nl\\\/de\\\/?s={search_term_string}\"},\"query-input\":{\"@type\":\"PropertyValueSpecification\",\"valueRequired\":true,\"valueName\":\"search_term_string\"}}],\"inLanguage\":\"de\"},{\"@type\":\"Organization\",\"@id\":\"https:\\\/\\\/www.amstelprinting.nl\\\/de\\\/#organization\",\"name\":\"Amstel Printing\",\"url\":\"https:\\\/\\\/www.amstelprinting.nl\\\/de\\\/\",\"logo\":{\"@type\":\"ImageObject\",\"inLanguage\":\"de\",\"@id\":\"https:\\\/\\\/www.amstelprinting.nl\\\/de\\\/#\\\/schema\\\/logo\\\/image\\\/\",\"url\":\"https:\\\/\\\/www.amstelprinting.nl\\\/wp-content\\\/uploads\\\/amstel_printing_logo_clean.png\",\"contentUrl\":\"https:\\\/\\\/www.amstelprinting.nl\\\/wp-content\\\/uploads\\\/amstel_printing_logo_clean.png\",\"width\":324,\"height\":73,\"caption\":\"Amstel Printing\"},\"image\":{\"@id\":\"https:\\\/\\\/www.amstelprinting.nl\\\/de\\\/#\\\/schema\\\/logo\\\/image\\\/\"}}]}<\/script>\n<!-- \/ Yoast SEO plugin. -->","yoast_head_json":{"title":"Gartenposter | Amstel Printing","robots":{"index":"index","follow":"follow","max-snippet":"max-snippet:-1","max-image-preview":"max-image-preview:large","max-video-preview":"max-video-preview:-1"},"canonical":"https:\/\/www.amstelprinting.nl\/de\/gesch\u00e4ft\/innere\/ausen\/gartenposter\/","og_locale":"de_DE","og_type":"article","og_title":"Gartenposter | Amstel Printing","og_description":"UV- und wasserbest\u00e4ndiges Gartenposter Bereichern Sie Ihren Garten, Ihre Terrasse oder Ihren Innenraum mit unseren hochwertigen Gartenpostern. Gartenposter wurden speziell f\u00fcr den Einsatz unter allen Wetterbedingungen entwickelt. Ob Sie sich f\u00fcr Banner 510 mit seiner gl\u00e4nzenden Optik und Brandschutzzertifizierung entscheiden oder f\u00fcr ProPES outdoor mit seinen leichten und wasserabweisenden Eigenschaften. Unsere Gartenposter bieten Langlebigkeit und \u00c4sthetik f\u00fcr jede Umgebung. Lassen Sie Ihrer Kreativit\u00e4t freien Lauf, w\u00e4hrend Sie die Sch\u00f6nheit der Natur mit unseren vielseitigen Gartenpostern in Ihren Lebensraum bringen!","og_url":"https:\/\/www.amstelprinting.nl\/de\/gesch\u00e4ft\/innere\/ausen\/gartenposter\/","og_site_name":"Amstel Printing","article_modified_time":"2026-02-18T11:53:52+00:00","og_image":[{"width":700,"height":700,"url":"https:\/\/www.amstelprinting.nl\/wp-content\/uploads\/Tuinposter.jpg","type":"image\/jpeg"}],"twitter_card":"summary_large_image","twitter_misc":{"Gesch\u00e4tzte Lesezeit":"1\u00a0Minute"},"schema":{"@context":"https:\/\/schema.org","@graph":[{"@type":"WebPage","@id":"https:\/\/www.amstelprinting.nl\/de\/gesch\u00e4ft\/innere\/ausen\/gartenposter\/","url":"https:\/\/www.amstelprinting.nl\/de\/gesch\u00e4ft\/innere\/ausen\/gartenposter\/","name":"Gartenposter | Amstel Printing","isPartOf":{"@id":"https:\/\/www.amstelprinting.nl\/de\/#website"},"primaryImageOfPage":{"@id":"https:\/\/www.amstelprinting.nl\/de\/gesch\u00e4ft\/innere\/ausen\/gartenposter\/#primaryimage"},"image":{"@id":"https:\/\/www.amstelprinting.nl\/de\/gesch\u00e4ft\/innere\/ausen\/gartenposter\/#primaryimage"},"thumbnailUrl":"https:\/\/www.amstelprinting.nl\/wp-content\/uploads\/Tuinposter.jpg","datePublished":"2025-01-24T10:31:36+00:00","dateModified":"2026-02-18T11:53:52+00:00","breadcrumb":{"@id":"https:\/\/www.amstelprinting.nl\/de\/gesch\u00e4ft\/innere\/ausen\/gartenposter\/#breadcrumb"},"inLanguage":"de","potentialAction":[{"@type":"ReadAction","target":["https:\/\/www.amstelprinting.nl\/de\/gesch\u00e4ft\/innere\/ausen\/gartenposter\/"]}]},{"@type":"ImageObject","inLanguage":"de","@id":"https:\/\/www.amstelprinting.nl\/de\/gesch\u00e4ft\/innere\/ausen\/gartenposter\/#primaryimage","url":"https:\/\/www.amstelprinting.nl\/wp-content\/uploads\/Tuinposter.jpg","contentUrl":"https:\/\/www.amstelprinting.nl\/wp-content\/uploads\/Tuinposter.jpg","width":700,"height":700},{"@type":"BreadcrumbList","@id":"https:\/\/www.amstelprinting.nl\/de\/gesch\u00e4ft\/innere\/ausen\/gartenposter\/#breadcrumb","itemListElement":[{"@type":"ListItem","position":1,"name":"","item":"https:\/\/www.amstelprinting.nl\/de\/"},{"@type":"ListItem","position":2,"name":"Amstel Printing","item":"https:\/\/www.amstelprinting.nl\/de\/geschaeft\/"},{"@type":"ListItem","position":3,"name":"Au\u00dfenwerbung","item":"https:\/\/www.amstelprinting.nl\/de\/kategorie\/ausenwerbung\/"},{"@type":"ListItem","position":4,"name":"Terrasse &amp; Garten","item":"https:\/\/www.amstelprinting.nl\/de\/kategorie\/ausenwerbung\/terrasse-garten\/"},{"@type":"ListItem","position":5,"name":"Gartenposter"}]},{"@type":"WebSite","@id":"https:\/\/www.amstelprinting.nl\/de\/#website","url":"https:\/\/www.amstelprinting.nl\/de\/","name":"Amstel Printing","description":"Creating Exposure","publisher":{"@id":"https:\/\/www.amstelprinting.nl\/de\/#organization"},"potentialAction":[{"@type":"SearchAction","target":{"@type":"EntryPoint","urlTemplate":"https:\/\/www.amstelprinting.nl\/de\/?s={search_term_string}"},"query-input":{"@type":"PropertyValueSpecification","valueRequired":true,"valueName":"search_term_string"}}],"inLanguage":"de"},{"@type":"Organization","@id":"https:\/\/www.amstelprinting.nl\/de\/#organization","name":"Amstel Printing","url":"https:\/\/www.amstelprinting.nl\/de\/","logo":{"@type":"ImageObject","inLanguage":"de","@id":"https:\/\/www.amstelprinting.nl\/de\/#\/schema\/logo\/image\/","url":"https:\/\/www.amstelprinting.nl\/wp-content\/uploads\/amstel_printing_logo_clean.png","contentUrl":"https:\/\/www.amstelprinting.nl\/wp-content\/uploads\/amstel_printing_logo_clean.png","width":324,"height":73,"caption":"Amstel Printing"},"image":{"@id":"https:\/\/www.amstelprinting.nl\/de\/#\/schema\/logo\/image\/"}}]}},"_links":{"self":[{"href":"https:\/\/www.amstelprinting.nl\/de\/wp-json\/wp\/v2\/product\/13989","targetHints":{"allow":["GET"]}}],"collection":[{"href":"https:\/\/www.amstelprinting.nl\/de\/wp-json\/wp\/v2\/product"}],"about":[{"href":"https:\/\/www.amstelprinting.nl\/de\/wp-json\/wp\/v2\/types\/product"}],"wp:featuredmedia":[{"embeddable":true,"href":"https:\/\/www.amstelprinting.nl\/de\/wp-json\/wp\/v2\/media\/13990"}],"wp:attachment":[{"href":"https:\/\/www.amstelprinting.nl\/de\/wp-json\/wp\/v2\/media?parent=13989"}],"wp:term":[{"taxonomy":"product_brand","embeddable":true,"href":"https:\/\/www.amstelprinting.nl\/de\/wp-json\/wp\/v2\/product_brand?post=13989"},{"taxonomy":"product_cat","embeddable":true,"href":"https:\/\/www.amstelprinting.nl\/de\/wp-json\/wp\/v2\/product_cat?post=13989"},{"taxonomy":"product_tag","embeddable":true,"href":"https:\/\/www.amstelprinting.nl\/de\/wp-json\/wp\/v2\/product_tag?post=13989"}],"curies":[{"name":"wp","href":"https:\/\/api.w.org\/{rel}","templated":true}]}}