{"id":13999,"date":"2025-01-24T11:31:31","date_gmt":"2025-01-24T10:31:31","guid":{"rendered":"https:\/\/www.amstelprinting.nl\/winkel\/unkategorisiert\/parasol\/"},"modified":"2026-02-18T12:53:52","modified_gmt":"2026-02-18T11:53:52","slug":"sonnenschirm","status":"publish","type":"product","link":"https:\/\/www.amstelprinting.nl\/de\/gesch\u00e4ft\/innere\/ausen\/sonnenschirm\/","title":{"rendered":"Sonnenschirm"},"content":{"rendered":"<h3>Sonnenschirm bedrucken: W\u00e4hlen Sie das richtige Material<\/h3>\n<p>Das Sonnenschirmtuch ist aus dem Material ProPES gefertigt. Das ProPES Outdoor-Polyestertuch sorgt nicht nur f\u00fcr lebendige und kr\u00e4ftige Farben, sondern ist auch wasserabweisend und UV-best\u00e4ndig, wodurch das Sonnenschirmtuch bei allen Wetterbedingungen lange sch\u00f6n bleibt. Das Sonnenschirmgestell aus Stahl bietet Festigkeit und Stabilit\u00e4t, selbst an Tagen mit viel Wind.<\/p>\n<h3>Ausf\u00fchrungen<\/h3>\n<p>Der Sonnenschirm wird mit einer wei\u00dfen Paspelierung und verst\u00e4rkten Ecken verarbeitet, wodurch das Gestell f\u00fcr maximale Haltbarkeit stabil platziert werden kann. Die M\u00f6glichkeit, das Tuch einfach zu wechseln, erlaubt es Ihnen, Ihren Au\u00dfenbereich regelm\u00e4\u00dfig zu erneuern, sodass Sie immer einen frischen Look genie\u00dfen k\u00f6nnen. Au\u00dferdem haben Sie die Wahl, Ihren Sonnenschirm mit wei\u00dfem oder schwarzem Garn verarbeiten zu lassen.<\/p>\n<h3>Zubeh\u00f6r<\/h3>\n<p>Um Ihren Sonnenschirm zu vervollst\u00e4ndigen, k\u00f6nnen Sie unseren Sonnenschirmst\u00e4nder w\u00e4hlen. Dieser ist in Wei\u00df und Schwarz erh\u00e4ltlich.<br \/>\nVersch\u00f6nern Sie Ihren Garten, Ihre Terrasse oder Ihren Patio mit unseren Sonnenschirmen und schaffen Sie einen komfortablen, attraktiven Au\u00dfenbereich.<\/p>\n<h3>H\u00e4ufig gestellte Fragen zum Bedrucken von Sonnenschirmen<\/h3>\n<p><strong>Welche Drucktechnik wird verwendet?<\/strong><br \/>\nWir verwenden die Sublimationsdrucktechnik! Die Tinten werden zun\u00e4chst gut getrocknet und anschlie\u00dfend bei einer hohen Temperatur von 180 bis 200 Grad Celsius erhitzt. Auf diese Weise werden die Tinten mit den Fasern des Stoffes verwoben, was zu lebendigen Farben f\u00fchrt.<\/p>\n<p><strong>Wie kann ich Falten aus dem Tuch entfernen?<\/strong><br \/>\nSie k\u00f6nnen das Sonnenschirmtuch auf der Wolleinstellung b\u00fcgeln. Achten Sie darauf, ein Geschirrtuch auf den Druck zu legen, um ihn zus\u00e4tzlich zu sch\u00fctzen.<\/p>\n<p><strong>Wie l\u00e4sst sich das Tuch am besten reinigen?<br \/>\n<\/strong>Sie k\u00f6nnen das Tuch mit warmem Wasser und einem Fasertuch reinigen. Das Tuch kann auch bei 30 Grad gewaschen werden.<\/p>\n","protected":false},"excerpt":{"rendered":"<h3>Wetterfester und wasserabweisender Sonnenschirm<\/h3>\n<p>Versch\u00f6nern Sie den Au\u00dfenbereich mit bedruckten Sonnenschirmen. Speziell entwickelt, um allen Wetterbedingungen standzuhalten. Ob Sie sich f\u00fcr ein komplettes Set mit Tuch und Gestell entscheiden oder nur das Tuch austauschen m\u00f6chten, unsere Sonnenschirme sind sehr flexibel einsetzbar. Ausgestattet mit einem gestochen scharfen Druck Ihrer Wahl.<\/p>\n","protected":false},"featured_media":14000,"template":"","meta":{"_et_pb_use_builder":"","_et_pb_old_content":"","_et_gb_content_width":""},"product_brand":[],"product_cat":[949,929,900,947,899,921],"product_tag":[],"class_list":{"0":"post-13999","1":"product","2":"type-product","3":"status-publish","4":"has-post-thumbnail","6":"product_cat-ausen","7":"product_cat-ausenwerbung","8":"product_cat-dekoration","9":"product_cat-innere","10":"product_cat-messe-event","11":"product_cat-terrasse-garten","13":"first","14":"instock","15":"taxable","16":"shipping-taxable","17":"purchasable","18":"product-type-simple"},"yoast_head":"<!-- This site is optimized with the Yoast SEO plugin v27.3 - https:\/\/yoast.com\/product\/yoast-seo-wordpress\/ -->\n<title>Sonnenschirm | Amstel Printing<\/title>\n<meta name=\"robots\" content=\"index, follow, max-snippet:-1, max-image-preview:large, max-video-preview:-1\" \/>\n<link rel=\"canonical\" href=\"https:\/\/www.amstelprinting.nl\/de\/gesch\u00e4ft\/innere\/ausen\/sonnenschirm\/\" \/>\n<meta property=\"og:locale\" content=\"de_DE\" \/>\n<meta property=\"og:type\" content=\"article\" \/>\n<meta property=\"og:title\" content=\"Sonnenschirm | Amstel Printing\" \/>\n<meta property=\"og:description\" content=\"Wetterfester und wasserabweisender Sonnenschirm Versch\u00f6nern Sie den Au\u00dfenbereich mit bedruckten Sonnenschirmen. Speziell entwickelt, um allen Wetterbedingungen standzuhalten. Ob Sie sich f\u00fcr ein komplettes Set mit Tuch und Gestell entscheiden oder nur das Tuch austauschen m\u00f6chten, unsere Sonnenschirme sind sehr flexibel einsetzbar. Ausgestattet mit einem gestochen scharfen Druck Ihrer Wahl.\" \/>\n<meta property=\"og:url\" content=\"https:\/\/www.amstelprinting.nl\/de\/gesch\u00e4ft\/innere\/ausen\/sonnenschirm\/\" \/>\n<meta property=\"og:site_name\" content=\"Amstel Printing\" \/>\n<meta property=\"article:modified_time\" content=\"2026-02-18T11:53:52+00:00\" \/>\n<meta property=\"og:image\" content=\"https:\/\/www.amstelprinting.nl\/wp-content\/uploads\/Parasol.jpg\" \/>\n\t<meta property=\"og:image:width\" content=\"700\" \/>\n\t<meta property=\"og:image:height\" content=\"700\" \/>\n\t<meta property=\"og:image:type\" content=\"image\/jpeg\" \/>\n<meta name=\"twitter:card\" content=\"summary_large_image\" \/>\n<meta name=\"twitter:label1\" content=\"Gesch\u00e4tzte Lesezeit\" \/>\n\t<meta name=\"twitter:data1\" content=\"1\u00a0Minute\" \/>\n<script type=\"application\/ld+json\" class=\"yoast-schema-graph\">{\"@context\":\"https:\\\/\\\/schema.org\",\"@graph\":[{\"@type\":\"WebPage\",\"@id\":\"https:\\\/\\\/www.amstelprinting.nl\\\/de\\\/gesch\u00e4ft\\\/innere\\\/ausen\\\/sonnenschirm\\\/\",\"url\":\"https:\\\/\\\/www.amstelprinting.nl\\\/de\\\/gesch\u00e4ft\\\/innere\\\/ausen\\\/sonnenschirm\\\/\",\"name\":\"Sonnenschirm | Amstel Printing\",\"isPartOf\":{\"@id\":\"https:\\\/\\\/www.amstelprinting.nl\\\/de\\\/#website\"},\"primaryImageOfPage\":{\"@id\":\"https:\\\/\\\/www.amstelprinting.nl\\\/de\\\/gesch\u00e4ft\\\/innere\\\/ausen\\\/sonnenschirm\\\/#primaryimage\"},\"image\":{\"@id\":\"https:\\\/\\\/www.amstelprinting.nl\\\/de\\\/gesch\u00e4ft\\\/innere\\\/ausen\\\/sonnenschirm\\\/#primaryimage\"},\"thumbnailUrl\":\"https:\\\/\\\/www.amstelprinting.nl\\\/wp-content\\\/uploads\\\/Parasol.jpg\",\"datePublished\":\"2025-01-24T10:31:31+00:00\",\"dateModified\":\"2026-02-18T11:53:52+00:00\",\"breadcrumb\":{\"@id\":\"https:\\\/\\\/www.amstelprinting.nl\\\/de\\\/gesch\u00e4ft\\\/innere\\\/ausen\\\/sonnenschirm\\\/#breadcrumb\"},\"inLanguage\":\"de\",\"potentialAction\":[{\"@type\":\"ReadAction\",\"target\":[\"https:\\\/\\\/www.amstelprinting.nl\\\/de\\\/gesch\u00e4ft\\\/innere\\\/ausen\\\/sonnenschirm\\\/\"]}]},{\"@type\":\"ImageObject\",\"inLanguage\":\"de\",\"@id\":\"https:\\\/\\\/www.amstelprinting.nl\\\/de\\\/gesch\u00e4ft\\\/innere\\\/ausen\\\/sonnenschirm\\\/#primaryimage\",\"url\":\"https:\\\/\\\/www.amstelprinting.nl\\\/wp-content\\\/uploads\\\/Parasol.jpg\",\"contentUrl\":\"https:\\\/\\\/www.amstelprinting.nl\\\/wp-content\\\/uploads\\\/Parasol.jpg\",\"width\":700,\"height\":700},{\"@type\":\"BreadcrumbList\",\"@id\":\"https:\\\/\\\/www.amstelprinting.nl\\\/de\\\/gesch\u00e4ft\\\/innere\\\/ausen\\\/sonnenschirm\\\/#breadcrumb\",\"itemListElement\":[{\"@type\":\"ListItem\",\"position\":1,\"name\":\"\",\"item\":\"https:\\\/\\\/www.amstelprinting.nl\\\/de\\\/\"},{\"@type\":\"ListItem\",\"position\":2,\"name\":\"Amstel Printing\",\"item\":\"https:\\\/\\\/www.amstelprinting.nl\\\/de\\\/geschaeft\\\/\"},{\"@type\":\"ListItem\",\"position\":3,\"name\":\"Au\u00dfenwerbung\",\"item\":\"https:\\\/\\\/www.amstelprinting.nl\\\/de\\\/kategorie\\\/ausenwerbung\\\/\"},{\"@type\":\"ListItem\",\"position\":4,\"name\":\"Terrasse &amp; Garten\",\"item\":\"https:\\\/\\\/www.amstelprinting.nl\\\/de\\\/kategorie\\\/ausenwerbung\\\/terrasse-garten\\\/\"},{\"@type\":\"ListItem\",\"position\":5,\"name\":\"Sonnenschirm\"}]},{\"@type\":\"WebSite\",\"@id\":\"https:\\\/\\\/www.amstelprinting.nl\\\/de\\\/#website\",\"url\":\"https:\\\/\\\/www.amstelprinting.nl\\\/de\\\/\",\"name\":\"Amstel Printing\",\"description\":\"Creating Exposure\",\"publisher\":{\"@id\":\"https:\\\/\\\/www.amstelprinting.nl\\\/de\\\/#organization\"},\"potentialAction\":[{\"@type\":\"SearchAction\",\"target\":{\"@type\":\"EntryPoint\",\"urlTemplate\":\"https:\\\/\\\/www.amstelprinting.nl\\\/de\\\/?s={search_term_string}\"},\"query-input\":{\"@type\":\"PropertyValueSpecification\",\"valueRequired\":true,\"valueName\":\"search_term_string\"}}],\"inLanguage\":\"de\"},{\"@type\":\"Organization\",\"@id\":\"https:\\\/\\\/www.amstelprinting.nl\\\/de\\\/#organization\",\"name\":\"Amstel Printing\",\"url\":\"https:\\\/\\\/www.amstelprinting.nl\\\/de\\\/\",\"logo\":{\"@type\":\"ImageObject\",\"inLanguage\":\"de\",\"@id\":\"https:\\\/\\\/www.amstelprinting.nl\\\/de\\\/#\\\/schema\\\/logo\\\/image\\\/\",\"url\":\"https:\\\/\\\/www.amstelprinting.nl\\\/wp-content\\\/uploads\\\/amstel_printing_logo_clean.png\",\"contentUrl\":\"https:\\\/\\\/www.amstelprinting.nl\\\/wp-content\\\/uploads\\\/amstel_printing_logo_clean.png\",\"width\":324,\"height\":73,\"caption\":\"Amstel Printing\"},\"image\":{\"@id\":\"https:\\\/\\\/www.amstelprinting.nl\\\/de\\\/#\\\/schema\\\/logo\\\/image\\\/\"}}]}<\/script>\n<!-- \/ Yoast SEO plugin. -->","yoast_head_json":{"title":"Sonnenschirm | Amstel Printing","robots":{"index":"index","follow":"follow","max-snippet":"max-snippet:-1","max-image-preview":"max-image-preview:large","max-video-preview":"max-video-preview:-1"},"canonical":"https:\/\/www.amstelprinting.nl\/de\/gesch\u00e4ft\/innere\/ausen\/sonnenschirm\/","og_locale":"de_DE","og_type":"article","og_title":"Sonnenschirm | Amstel Printing","og_description":"Wetterfester und wasserabweisender Sonnenschirm Versch\u00f6nern Sie den Au\u00dfenbereich mit bedruckten Sonnenschirmen. Speziell entwickelt, um allen Wetterbedingungen standzuhalten. Ob Sie sich f\u00fcr ein komplettes Set mit Tuch und Gestell entscheiden oder nur das Tuch austauschen m\u00f6chten, unsere Sonnenschirme sind sehr flexibel einsetzbar. Ausgestattet mit einem gestochen scharfen Druck Ihrer Wahl.","og_url":"https:\/\/www.amstelprinting.nl\/de\/gesch\u00e4ft\/innere\/ausen\/sonnenschirm\/","og_site_name":"Amstel Printing","article_modified_time":"2026-02-18T11:53:52+00:00","og_image":[{"width":700,"height":700,"url":"https:\/\/www.amstelprinting.nl\/wp-content\/uploads\/Parasol.jpg","type":"image\/jpeg"}],"twitter_card":"summary_large_image","twitter_misc":{"Gesch\u00e4tzte Lesezeit":"1\u00a0Minute"},"schema":{"@context":"https:\/\/schema.org","@graph":[{"@type":"WebPage","@id":"https:\/\/www.amstelprinting.nl\/de\/gesch\u00e4ft\/innere\/ausen\/sonnenschirm\/","url":"https:\/\/www.amstelprinting.nl\/de\/gesch\u00e4ft\/innere\/ausen\/sonnenschirm\/","name":"Sonnenschirm | Amstel Printing","isPartOf":{"@id":"https:\/\/www.amstelprinting.nl\/de\/#website"},"primaryImageOfPage":{"@id":"https:\/\/www.amstelprinting.nl\/de\/gesch\u00e4ft\/innere\/ausen\/sonnenschirm\/#primaryimage"},"image":{"@id":"https:\/\/www.amstelprinting.nl\/de\/gesch\u00e4ft\/innere\/ausen\/sonnenschirm\/#primaryimage"},"thumbnailUrl":"https:\/\/www.amstelprinting.nl\/wp-content\/uploads\/Parasol.jpg","datePublished":"2025-01-24T10:31:31+00:00","dateModified":"2026-02-18T11:53:52+00:00","breadcrumb":{"@id":"https:\/\/www.amstelprinting.nl\/de\/gesch\u00e4ft\/innere\/ausen\/sonnenschirm\/#breadcrumb"},"inLanguage":"de","potentialAction":[{"@type":"ReadAction","target":["https:\/\/www.amstelprinting.nl\/de\/gesch\u00e4ft\/innere\/ausen\/sonnenschirm\/"]}]},{"@type":"ImageObject","inLanguage":"de","@id":"https:\/\/www.amstelprinting.nl\/de\/gesch\u00e4ft\/innere\/ausen\/sonnenschirm\/#primaryimage","url":"https:\/\/www.amstelprinting.nl\/wp-content\/uploads\/Parasol.jpg","contentUrl":"https:\/\/www.amstelprinting.nl\/wp-content\/uploads\/Parasol.jpg","width":700,"height":700},{"@type":"BreadcrumbList","@id":"https:\/\/www.amstelprinting.nl\/de\/gesch\u00e4ft\/innere\/ausen\/sonnenschirm\/#breadcrumb","itemListElement":[{"@type":"ListItem","position":1,"name":"","item":"https:\/\/www.amstelprinting.nl\/de\/"},{"@type":"ListItem","position":2,"name":"Amstel Printing","item":"https:\/\/www.amstelprinting.nl\/de\/geschaeft\/"},{"@type":"ListItem","position":3,"name":"Au\u00dfenwerbung","item":"https:\/\/www.amstelprinting.nl\/de\/kategorie\/ausenwerbung\/"},{"@type":"ListItem","position":4,"name":"Terrasse &amp; Garten","item":"https:\/\/www.amstelprinting.nl\/de\/kategorie\/ausenwerbung\/terrasse-garten\/"},{"@type":"ListItem","position":5,"name":"Sonnenschirm"}]},{"@type":"WebSite","@id":"https:\/\/www.amstelprinting.nl\/de\/#website","url":"https:\/\/www.amstelprinting.nl\/de\/","name":"Amstel Printing","description":"Creating Exposure","publisher":{"@id":"https:\/\/www.amstelprinting.nl\/de\/#organization"},"potentialAction":[{"@type":"SearchAction","target":{"@type":"EntryPoint","urlTemplate":"https:\/\/www.amstelprinting.nl\/de\/?s={search_term_string}"},"query-input":{"@type":"PropertyValueSpecification","valueRequired":true,"valueName":"search_term_string"}}],"inLanguage":"de"},{"@type":"Organization","@id":"https:\/\/www.amstelprinting.nl\/de\/#organization","name":"Amstel Printing","url":"https:\/\/www.amstelprinting.nl\/de\/","logo":{"@type":"ImageObject","inLanguage":"de","@id":"https:\/\/www.amstelprinting.nl\/de\/#\/schema\/logo\/image\/","url":"https:\/\/www.amstelprinting.nl\/wp-content\/uploads\/amstel_printing_logo_clean.png","contentUrl":"https:\/\/www.amstelprinting.nl\/wp-content\/uploads\/amstel_printing_logo_clean.png","width":324,"height":73,"caption":"Amstel Printing"},"image":{"@id":"https:\/\/www.amstelprinting.nl\/de\/#\/schema\/logo\/image\/"}}]}},"_links":{"self":[{"href":"https:\/\/www.amstelprinting.nl\/de\/wp-json\/wp\/v2\/product\/13999","targetHints":{"allow":["GET"]}}],"collection":[{"href":"https:\/\/www.amstelprinting.nl\/de\/wp-json\/wp\/v2\/product"}],"about":[{"href":"https:\/\/www.amstelprinting.nl\/de\/wp-json\/wp\/v2\/types\/product"}],"wp:featuredmedia":[{"embeddable":true,"href":"https:\/\/www.amstelprinting.nl\/de\/wp-json\/wp\/v2\/media\/14000"}],"wp:attachment":[{"href":"https:\/\/www.amstelprinting.nl\/de\/wp-json\/wp\/v2\/media?parent=13999"}],"wp:term":[{"taxonomy":"product_brand","embeddable":true,"href":"https:\/\/www.amstelprinting.nl\/de\/wp-json\/wp\/v2\/product_brand?post=13999"},{"taxonomy":"product_cat","embeddable":true,"href":"https:\/\/www.amstelprinting.nl\/de\/wp-json\/wp\/v2\/product_cat?post=13999"},{"taxonomy":"product_tag","embeddable":true,"href":"https:\/\/www.amstelprinting.nl\/de\/wp-json\/wp\/v2\/product_tag?post=13999"}],"curies":[{"name":"wp","href":"https:\/\/api.w.org\/{rel}","templated":true}]}}