{"id":14029,"date":"2025-01-24T11:31:19","date_gmt":"2025-01-24T10:31:19","guid":{"rendered":"https:\/\/www.amstelprinting.nl\/winkel\/unkategorisiert\/buitenkleed\/"},"modified":"2026-02-18T12:53:54","modified_gmt":"2026-02-18T11:53:54","slug":"outdoor-teppich","status":"publish","type":"product","link":"https:\/\/www.amstelprinting.nl\/de\/gesch\u00e4ft\/innere\/ausen\/outdoor-teppich\/","title":{"rendered":"Outdoor-Teppich"},"content":{"rendered":"<h3>Material<\/h3>\n<p>Der Outdoor-Teppich wird aus dem Material ProPES Outdoor gefertigt. ProPES Outdoor ist ein Polyester-Textilgewebe, das wasserabweisend und UV-best\u00e4ndig ist. Dadurch beh\u00e4lt es seine Qualit\u00e4t unter allen Wetterbedingungen. Unser Outdoor-Teppich wird mit Pigmenttinten auf Wasserbasis bedruckt, was f\u00fcr lebendige und intensive Farben sorgt. Da das Tuch Licht absorbiert, hat es eine matte Ausstrahlung.<\/p>\n<h3>Verarbeitungen<\/h3>\n<p>F\u00fcr die Verarbeitung Ihres Outdoor-Teppichs haben Sie die Wahl zwischen wei\u00dfem oder schwarzem Garn. Zudem ist der Teppich mit einem Doppelsaum versehen, der nicht nur die Haltbarkeit erh\u00f6ht, sondern auch f\u00fcr einen sauberen Abschluss sorgt. Sie k\u00f6nnen Ihr eigenes Design einreichen oder aus einem der bestehenden Muster w\u00e4hlen.<\/p>\n<h3>H\u00e4ufig gestellte Fragen<\/h3>\n<p><strong>Kann der Outdoor-Teppich gewaschen werden?<\/strong><br \/>\nJa, unser Outdoor-Teppich kann bei 30 Grad gewaschen werden. Wir empfehlen, ihn auf links zu waschen oder in ein W\u00e4schenetz zu legen, damit der Druck gesch\u00fctzt bleibt und nicht direkt gegen die Trommel der Waschmaschine schl\u00e4gt. Dies hilft, die Qualit\u00e4t des Teppichs auch nach mehrmaligem Waschen zu erhalten.<\/p>\n","protected":false},"excerpt":{"rendered":"<h3>Leichter und 100 % recycelbarer Outdoor-Teppich<\/h3>\n<p>Suchen Sie nach einem Blickfang f\u00fcr Ihren Garten, Ihre Terrasse oder Ihren Au\u00dfenbereich? Unser Outdoor-Teppich hilft Ihnen dabei, eine bezaubernde Umgebung zu schaffen. Er ist mit einem gestochen scharfen Druck Ihres Fotos oder Designs versehen. Die Gr\u00f6\u00dfe w\u00e4hlen Sie selbst!<\/p>\n","protected":false},"featured_media":14030,"template":"","meta":{"_et_pb_use_builder":"","_et_pb_old_content":"","_et_gb_content_width":""},"product_brand":[],"product_cat":[949,929,947,921],"product_tag":[],"class_list":{"0":"post-14029","1":"product","2":"type-product","3":"status-publish","4":"has-post-thumbnail","6":"product_cat-ausen","7":"product_cat-ausenwerbung","8":"product_cat-innere","9":"product_cat-terrasse-garten","11":"first","12":"instock","13":"taxable","14":"shipping-taxable","15":"purchasable","16":"product-type-simple"},"yoast_head":"<!-- This site is optimized with the Yoast SEO plugin v27.3 - https:\/\/yoast.com\/product\/yoast-seo-wordpress\/ -->\n<title>Outdoor-Teppich | Amstel Printing<\/title>\n<meta name=\"robots\" content=\"index, follow, max-snippet:-1, max-image-preview:large, max-video-preview:-1\" \/>\n<link rel=\"canonical\" href=\"https:\/\/www.amstelprinting.nl\/de\/gesch\u00e4ft\/innere\/ausen\/outdoor-teppich\/\" \/>\n<meta property=\"og:locale\" content=\"de_DE\" \/>\n<meta property=\"og:type\" content=\"article\" \/>\n<meta property=\"og:title\" content=\"Outdoor-Teppich | Amstel Printing\" \/>\n<meta property=\"og:description\" content=\"Leichter und 100 % recycelbarer Outdoor-Teppich Suchen Sie nach einem Blickfang f\u00fcr Ihren Garten, Ihre Terrasse oder Ihren Au\u00dfenbereich? Unser Outdoor-Teppich hilft Ihnen dabei, eine bezaubernde Umgebung zu schaffen. Er ist mit einem gestochen scharfen Druck Ihres Fotos oder Designs versehen. Die Gr\u00f6\u00dfe w\u00e4hlen Sie selbst!\" \/>\n<meta property=\"og:url\" content=\"https:\/\/www.amstelprinting.nl\/de\/gesch\u00e4ft\/innere\/ausen\/outdoor-teppich\/\" \/>\n<meta property=\"og:site_name\" content=\"Amstel Printing\" \/>\n<meta property=\"article:modified_time\" content=\"2026-02-18T11:53:54+00:00\" \/>\n<meta property=\"og:image\" content=\"https:\/\/www.amstelprinting.nl\/wp-content\/uploads\/Buitenkleed.jpg\" \/>\n\t<meta property=\"og:image:width\" content=\"700\" \/>\n\t<meta property=\"og:image:height\" content=\"700\" \/>\n\t<meta property=\"og:image:type\" content=\"image\/jpeg\" \/>\n<meta name=\"twitter:card\" content=\"summary_large_image\" \/>\n<meta name=\"twitter:label1\" content=\"Gesch\u00e4tzte Lesezeit\" \/>\n\t<meta name=\"twitter:data1\" content=\"1\u00a0Minute\" \/>\n<script type=\"application\/ld+json\" class=\"yoast-schema-graph\">{\"@context\":\"https:\\\/\\\/schema.org\",\"@graph\":[{\"@type\":\"WebPage\",\"@id\":\"https:\\\/\\\/www.amstelprinting.nl\\\/de\\\/gesch\u00e4ft\\\/innere\\\/ausen\\\/outdoor-teppich\\\/\",\"url\":\"https:\\\/\\\/www.amstelprinting.nl\\\/de\\\/gesch\u00e4ft\\\/innere\\\/ausen\\\/outdoor-teppich\\\/\",\"name\":\"Outdoor-Teppich | Amstel Printing\",\"isPartOf\":{\"@id\":\"https:\\\/\\\/www.amstelprinting.nl\\\/de\\\/#website\"},\"primaryImageOfPage\":{\"@id\":\"https:\\\/\\\/www.amstelprinting.nl\\\/de\\\/gesch\u00e4ft\\\/innere\\\/ausen\\\/outdoor-teppich\\\/#primaryimage\"},\"image\":{\"@id\":\"https:\\\/\\\/www.amstelprinting.nl\\\/de\\\/gesch\u00e4ft\\\/innere\\\/ausen\\\/outdoor-teppich\\\/#primaryimage\"},\"thumbnailUrl\":\"https:\\\/\\\/www.amstelprinting.nl\\\/wp-content\\\/uploads\\\/Buitenkleed.jpg\",\"datePublished\":\"2025-01-24T10:31:19+00:00\",\"dateModified\":\"2026-02-18T11:53:54+00:00\",\"breadcrumb\":{\"@id\":\"https:\\\/\\\/www.amstelprinting.nl\\\/de\\\/gesch\u00e4ft\\\/innere\\\/ausen\\\/outdoor-teppich\\\/#breadcrumb\"},\"inLanguage\":\"de\",\"potentialAction\":[{\"@type\":\"ReadAction\",\"target\":[\"https:\\\/\\\/www.amstelprinting.nl\\\/de\\\/gesch\u00e4ft\\\/innere\\\/ausen\\\/outdoor-teppich\\\/\"]}]},{\"@type\":\"ImageObject\",\"inLanguage\":\"de\",\"@id\":\"https:\\\/\\\/www.amstelprinting.nl\\\/de\\\/gesch\u00e4ft\\\/innere\\\/ausen\\\/outdoor-teppich\\\/#primaryimage\",\"url\":\"https:\\\/\\\/www.amstelprinting.nl\\\/wp-content\\\/uploads\\\/Buitenkleed.jpg\",\"contentUrl\":\"https:\\\/\\\/www.amstelprinting.nl\\\/wp-content\\\/uploads\\\/Buitenkleed.jpg\",\"width\":700,\"height\":700},{\"@type\":\"BreadcrumbList\",\"@id\":\"https:\\\/\\\/www.amstelprinting.nl\\\/de\\\/gesch\u00e4ft\\\/innere\\\/ausen\\\/outdoor-teppich\\\/#breadcrumb\",\"itemListElement\":[{\"@type\":\"ListItem\",\"position\":1,\"name\":\"\",\"item\":\"https:\\\/\\\/www.amstelprinting.nl\\\/de\\\/\"},{\"@type\":\"ListItem\",\"position\":2,\"name\":\"Amstel Printing\",\"item\":\"https:\\\/\\\/www.amstelprinting.nl\\\/de\\\/geschaeft\\\/\"},{\"@type\":\"ListItem\",\"position\":3,\"name\":\"Au\u00dfenwerbung\",\"item\":\"https:\\\/\\\/www.amstelprinting.nl\\\/de\\\/kategorie\\\/ausenwerbung\\\/\"},{\"@type\":\"ListItem\",\"position\":4,\"name\":\"Terrasse &amp; Garten\",\"item\":\"https:\\\/\\\/www.amstelprinting.nl\\\/de\\\/kategorie\\\/ausenwerbung\\\/terrasse-garten\\\/\"},{\"@type\":\"ListItem\",\"position\":5,\"name\":\"Outdoor-Teppich\"}]},{\"@type\":\"WebSite\",\"@id\":\"https:\\\/\\\/www.amstelprinting.nl\\\/de\\\/#website\",\"url\":\"https:\\\/\\\/www.amstelprinting.nl\\\/de\\\/\",\"name\":\"Amstel Printing\",\"description\":\"Creating Exposure\",\"publisher\":{\"@id\":\"https:\\\/\\\/www.amstelprinting.nl\\\/de\\\/#organization\"},\"potentialAction\":[{\"@type\":\"SearchAction\",\"target\":{\"@type\":\"EntryPoint\",\"urlTemplate\":\"https:\\\/\\\/www.amstelprinting.nl\\\/de\\\/?s={search_term_string}\"},\"query-input\":{\"@type\":\"PropertyValueSpecification\",\"valueRequired\":true,\"valueName\":\"search_term_string\"}}],\"inLanguage\":\"de\"},{\"@type\":\"Organization\",\"@id\":\"https:\\\/\\\/www.amstelprinting.nl\\\/de\\\/#organization\",\"name\":\"Amstel Printing\",\"url\":\"https:\\\/\\\/www.amstelprinting.nl\\\/de\\\/\",\"logo\":{\"@type\":\"ImageObject\",\"inLanguage\":\"de\",\"@id\":\"https:\\\/\\\/www.amstelprinting.nl\\\/de\\\/#\\\/schema\\\/logo\\\/image\\\/\",\"url\":\"https:\\\/\\\/www.amstelprinting.nl\\\/wp-content\\\/uploads\\\/amstel_printing_logo_clean.png\",\"contentUrl\":\"https:\\\/\\\/www.amstelprinting.nl\\\/wp-content\\\/uploads\\\/amstel_printing_logo_clean.png\",\"width\":324,\"height\":73,\"caption\":\"Amstel Printing\"},\"image\":{\"@id\":\"https:\\\/\\\/www.amstelprinting.nl\\\/de\\\/#\\\/schema\\\/logo\\\/image\\\/\"}}]}<\/script>\n<!-- \/ Yoast SEO plugin. -->","yoast_head_json":{"title":"Outdoor-Teppich | Amstel Printing","robots":{"index":"index","follow":"follow","max-snippet":"max-snippet:-1","max-image-preview":"max-image-preview:large","max-video-preview":"max-video-preview:-1"},"canonical":"https:\/\/www.amstelprinting.nl\/de\/gesch\u00e4ft\/innere\/ausen\/outdoor-teppich\/","og_locale":"de_DE","og_type":"article","og_title":"Outdoor-Teppich | Amstel Printing","og_description":"Leichter und 100 % recycelbarer Outdoor-Teppich Suchen Sie nach einem Blickfang f\u00fcr Ihren Garten, Ihre Terrasse oder Ihren Au\u00dfenbereich? Unser Outdoor-Teppich hilft Ihnen dabei, eine bezaubernde Umgebung zu schaffen. Er ist mit einem gestochen scharfen Druck Ihres Fotos oder Designs versehen. Die Gr\u00f6\u00dfe w\u00e4hlen Sie selbst!","og_url":"https:\/\/www.amstelprinting.nl\/de\/gesch\u00e4ft\/innere\/ausen\/outdoor-teppich\/","og_site_name":"Amstel Printing","article_modified_time":"2026-02-18T11:53:54+00:00","og_image":[{"width":700,"height":700,"url":"https:\/\/www.amstelprinting.nl\/wp-content\/uploads\/Buitenkleed.jpg","type":"image\/jpeg"}],"twitter_card":"summary_large_image","twitter_misc":{"Gesch\u00e4tzte Lesezeit":"1\u00a0Minute"},"schema":{"@context":"https:\/\/schema.org","@graph":[{"@type":"WebPage","@id":"https:\/\/www.amstelprinting.nl\/de\/gesch\u00e4ft\/innere\/ausen\/outdoor-teppich\/","url":"https:\/\/www.amstelprinting.nl\/de\/gesch\u00e4ft\/innere\/ausen\/outdoor-teppich\/","name":"Outdoor-Teppich | Amstel Printing","isPartOf":{"@id":"https:\/\/www.amstelprinting.nl\/de\/#website"},"primaryImageOfPage":{"@id":"https:\/\/www.amstelprinting.nl\/de\/gesch\u00e4ft\/innere\/ausen\/outdoor-teppich\/#primaryimage"},"image":{"@id":"https:\/\/www.amstelprinting.nl\/de\/gesch\u00e4ft\/innere\/ausen\/outdoor-teppich\/#primaryimage"},"thumbnailUrl":"https:\/\/www.amstelprinting.nl\/wp-content\/uploads\/Buitenkleed.jpg","datePublished":"2025-01-24T10:31:19+00:00","dateModified":"2026-02-18T11:53:54+00:00","breadcrumb":{"@id":"https:\/\/www.amstelprinting.nl\/de\/gesch\u00e4ft\/innere\/ausen\/outdoor-teppich\/#breadcrumb"},"inLanguage":"de","potentialAction":[{"@type":"ReadAction","target":["https:\/\/www.amstelprinting.nl\/de\/gesch\u00e4ft\/innere\/ausen\/outdoor-teppich\/"]}]},{"@type":"ImageObject","inLanguage":"de","@id":"https:\/\/www.amstelprinting.nl\/de\/gesch\u00e4ft\/innere\/ausen\/outdoor-teppich\/#primaryimage","url":"https:\/\/www.amstelprinting.nl\/wp-content\/uploads\/Buitenkleed.jpg","contentUrl":"https:\/\/www.amstelprinting.nl\/wp-content\/uploads\/Buitenkleed.jpg","width":700,"height":700},{"@type":"BreadcrumbList","@id":"https:\/\/www.amstelprinting.nl\/de\/gesch\u00e4ft\/innere\/ausen\/outdoor-teppich\/#breadcrumb","itemListElement":[{"@type":"ListItem","position":1,"name":"","item":"https:\/\/www.amstelprinting.nl\/de\/"},{"@type":"ListItem","position":2,"name":"Amstel Printing","item":"https:\/\/www.amstelprinting.nl\/de\/geschaeft\/"},{"@type":"ListItem","position":3,"name":"Au\u00dfenwerbung","item":"https:\/\/www.amstelprinting.nl\/de\/kategorie\/ausenwerbung\/"},{"@type":"ListItem","position":4,"name":"Terrasse &amp; Garten","item":"https:\/\/www.amstelprinting.nl\/de\/kategorie\/ausenwerbung\/terrasse-garten\/"},{"@type":"ListItem","position":5,"name":"Outdoor-Teppich"}]},{"@type":"WebSite","@id":"https:\/\/www.amstelprinting.nl\/de\/#website","url":"https:\/\/www.amstelprinting.nl\/de\/","name":"Amstel Printing","description":"Creating Exposure","publisher":{"@id":"https:\/\/www.amstelprinting.nl\/de\/#organization"},"potentialAction":[{"@type":"SearchAction","target":{"@type":"EntryPoint","urlTemplate":"https:\/\/www.amstelprinting.nl\/de\/?s={search_term_string}"},"query-input":{"@type":"PropertyValueSpecification","valueRequired":true,"valueName":"search_term_string"}}],"inLanguage":"de"},{"@type":"Organization","@id":"https:\/\/www.amstelprinting.nl\/de\/#organization","name":"Amstel Printing","url":"https:\/\/www.amstelprinting.nl\/de\/","logo":{"@type":"ImageObject","inLanguage":"de","@id":"https:\/\/www.amstelprinting.nl\/de\/#\/schema\/logo\/image\/","url":"https:\/\/www.amstelprinting.nl\/wp-content\/uploads\/amstel_printing_logo_clean.png","contentUrl":"https:\/\/www.amstelprinting.nl\/wp-content\/uploads\/amstel_printing_logo_clean.png","width":324,"height":73,"caption":"Amstel Printing"},"image":{"@id":"https:\/\/www.amstelprinting.nl\/de\/#\/schema\/logo\/image\/"}}]}},"_links":{"self":[{"href":"https:\/\/www.amstelprinting.nl\/de\/wp-json\/wp\/v2\/product\/14029","targetHints":{"allow":["GET"]}}],"collection":[{"href":"https:\/\/www.amstelprinting.nl\/de\/wp-json\/wp\/v2\/product"}],"about":[{"href":"https:\/\/www.amstelprinting.nl\/de\/wp-json\/wp\/v2\/types\/product"}],"wp:featuredmedia":[{"embeddable":true,"href":"https:\/\/www.amstelprinting.nl\/de\/wp-json\/wp\/v2\/media\/14030"}],"wp:attachment":[{"href":"https:\/\/www.amstelprinting.nl\/de\/wp-json\/wp\/v2\/media?parent=14029"}],"wp:term":[{"taxonomy":"product_brand","embeddable":true,"href":"https:\/\/www.amstelprinting.nl\/de\/wp-json\/wp\/v2\/product_brand?post=14029"},{"taxonomy":"product_cat","embeddable":true,"href":"https:\/\/www.amstelprinting.nl\/de\/wp-json\/wp\/v2\/product_cat?post=14029"},{"taxonomy":"product_tag","embeddable":true,"href":"https:\/\/www.amstelprinting.nl\/de\/wp-json\/wp\/v2\/product_tag?post=14029"}],"curies":[{"name":"wp","href":"https:\/\/api.w.org\/{rel}","templated":true}]}}