{"id":14049,"date":"2025-01-24T11:31:10","date_gmt":"2025-01-24T10:31:10","guid":{"rendered":"https:\/\/www.amstelprinting.nl\/winkel\/unkategorisiert\/landenvlag\/"},"modified":"2026-02-18T12:53:55","modified_gmt":"2026-02-18T11:53:55","slug":"nationalflagge","status":"publish","type":"product","link":"https:\/\/www.amstelprinting.nl\/de\/gesch\u00e4ft\/alle-flaggen\/flaggen\/nationalflagge\/","title":{"rendered":"Nationalflagge"},"content":{"rendered":"<h3>Vorteile der Nationalflaggen<\/h3>\n<ul>\n<li>Erh\u00e4ltlich in drei Formaten<\/li>\n<li>W\u00e4hlen Sie aus verschiedenen Designs; Belgien, Niederlande, Friesland und Deutschland (andere Nationalflaggen auf Anfrage)<\/li>\n<li>Hergestellt aus langlebigem Spunpolyester und pr\u00e4zise ges\u00e4umt f\u00fcr den langfristigen Einsatz<\/li>\n<li>Komplettes Zubeh\u00f6rsortiment, um Ihre Flagge einfach und stilvoll zu befestigen.<\/li>\n<\/ul>\n<p>&nbsp;<\/p>\n<h3>Format und Material<\/h3>\n<p>Unsere Nationalflaggen sind in drei Formaten erh\u00e4ltlich: 150 cm x 100 cm, 225 cm x 150 cm und 300 cm x 250 cm. Nationalflaggen werden aus 155 g\/m\u00b2 Spunpolyester hergestellt, einem Material, das f\u00fcr seine Langlebigkeit und Wetterbest\u00e4ndigkeit bekannt ist. Dies sorgt daf\u00fcr, dass Ihre Nationalflagge auch unter schwierigsten Wetterbedingungen immer optimal aussieht. Die Nationalflagge ist ringsum mit einer Doppelnaht ges\u00e4umt. Diese robuste Verarbeitung garantiert, dass die Flagge nicht so leicht ausfranst und lange h\u00e4lt.<\/p>\n<h3>Farbechtheit garantiert<\/h3>\n<p>Die Farben unserer Nationalflaggen entsprechen den Farbwerten des Ministeriums f\u00fcr Allgemeine Angelegenheiten bzw. NEN 3055. Das bedeutet, dass die Nationalflaggen die richtigen Farbt\u00f6ne haben und authentisch aussehen, wodurch Ihr Nationalstolz auf respektvolle Weise zum Ausdruck kommt.<\/p>\n<h3>Zubeh\u00f6r<\/h3>\n<p>Wir bieten eine Reihe von Zubeh\u00f6rteilen an, um Ihre Nationalflagge zu vervollst\u00e4ndigen. W\u00e4hlen Sie aus verschiedenen Arten von Fassadenstangen oder einem Handstock, um die Nationalflagge einfach aufzuh\u00e4ngen. Lassen Sie Ihre Flagge stolz wehen und setzen Sie ein Zeichen mit unseren langlebigen und authentischen Nationalflaggen.<\/p>\n<h3>H\u00e4ufig gestellte Fragen zu Nationalflaggen<\/h3>\n<p><strong>Wie wird die Nationalflagge bedruckt?<\/strong><br \/>\nUnsere Nationalflaggen werden mittels Siebdrucktechnologie bedruckt. Dies sorgt f\u00fcr klare und langlebige Farben, die resistent gegen Verblassen sind.<\/p>\n<p><strong>Ist die Nationalflagge UV-best\u00e4ndig?<\/strong><br \/>\nJa, dank der Siebdrucktechnologie ist die Nationalflagge UV-best\u00e4ndig, sodass die Farben auch bei l\u00e4ngerer Sonneneinstrahlung brillant bleiben.<\/p>\n<p><strong>Kann ich die Nationalflagge waschen?<\/strong><br \/>\nAbsolut, die Nationalflagge ist bei 40 Grad waschbar, sodass Sie sie problemlos sauber und sch\u00f6n halten k\u00f6nnen.<\/p>\n","protected":false},"excerpt":{"rendered":"<p>Ob Sie eine Veranstaltung organisieren, einen festlichen Anlass feiern oder einfach nur Ihre Liebe zu Ihrem Land ausdr\u00fccken m\u00f6chten, unsere hochwertigen Nationalflaggen sind die perfekte Wahl. Mit Flaggen f\u00fcr Belgien, die Niederlande, Friesland, Deutschland und viele andere L\u00e4nder auf Anfrage bieten wir Nationalflaggen an, die den h\u00f6chsten Qualit\u00e4tsanspr\u00fcchen und offiziellen Farbnormen entsprechen.<\/p>\n","protected":false},"featured_media":14050,"template":"","meta":{"_et_pb_use_builder":"","_et_pb_old_content":"","_et_gb_content_width":""},"product_brand":[],"product_cat":[999,1002],"product_tag":[],"class_list":{"0":"post-14049","1":"product","2":"type-product","3":"status-publish","4":"has-post-thumbnail","6":"product_cat-alle-flaggen","7":"product_cat-flaggen","9":"first","10":"instock","11":"taxable","12":"shipping-taxable","13":"purchasable","14":"product-type-simple"},"yoast_head":"<!-- This site is optimized with the Yoast SEO plugin v27.3 - https:\/\/yoast.com\/product\/yoast-seo-wordpress\/ -->\n<title>Nationalflagge | Hochwertig | Langlebig &amp; Offiziell farbecht<\/title>\n<meta name=\"description\" content=\"Bestellen Sie jetzt eine langlebige Nationalflagge in perfekten Formaten und offiziellen Farben. UV-best\u00e4ndig und wetterfest, ideal f\u00fcr jede Veranstaltung oder den t\u00e4glichen Gebrauch.\" \/>\n<meta name=\"robots\" content=\"index, follow, max-snippet:-1, max-image-preview:large, max-video-preview:-1\" \/>\n<link rel=\"canonical\" href=\"https:\/\/www.amstelprinting.nl\/de\/gesch\u00e4ft\/alle-flaggen\/flaggen\/nationalflagge\/\" \/>\n<meta property=\"og:locale\" content=\"de_DE\" \/>\n<meta property=\"og:type\" content=\"article\" \/>\n<meta property=\"og:title\" content=\"Nationalflagge | Hochwertig | Langlebig &amp; Offiziell farbecht\" \/>\n<meta property=\"og:description\" content=\"Bestellen Sie jetzt eine langlebige Nationalflagge in perfekten Formaten und offiziellen Farben. UV-best\u00e4ndig und wetterfest, ideal f\u00fcr jede Veranstaltung oder den t\u00e4glichen Gebrauch.\" \/>\n<meta property=\"og:url\" content=\"https:\/\/www.amstelprinting.nl\/de\/gesch\u00e4ft\/alle-flaggen\/flaggen\/nationalflagge\/\" \/>\n<meta property=\"og:site_name\" content=\"Amstel Printing\" \/>\n<meta property=\"article:modified_time\" content=\"2026-02-18T11:53:55+00:00\" \/>\n<meta property=\"og:image\" content=\"https:\/\/www.amstelprinting.nl\/wp-content\/uploads\/Landenvlag.jpg\" \/>\n\t<meta property=\"og:image:width\" content=\"700\" \/>\n\t<meta property=\"og:image:height\" content=\"700\" \/>\n\t<meta property=\"og:image:type\" content=\"image\/jpeg\" \/>\n<meta name=\"twitter:card\" content=\"summary_large_image\" \/>\n<meta name=\"twitter:label1\" content=\"Gesch\u00e4tzte Lesezeit\" \/>\n\t<meta name=\"twitter:data1\" content=\"1\u00a0Minute\" \/>\n<script type=\"application\/ld+json\" class=\"yoast-schema-graph\">{\"@context\":\"https:\\\/\\\/schema.org\",\"@graph\":[{\"@type\":\"WebPage\",\"@id\":\"https:\\\/\\\/www.amstelprinting.nl\\\/de\\\/gesch\u00e4ft\\\/alle-flaggen\\\/flaggen\\\/nationalflagge\\\/\",\"url\":\"https:\\\/\\\/www.amstelprinting.nl\\\/de\\\/gesch\u00e4ft\\\/alle-flaggen\\\/flaggen\\\/nationalflagge\\\/\",\"name\":\"Nationalflagge | Hochwertig | Langlebig & Offiziell farbecht\",\"isPartOf\":{\"@id\":\"https:\\\/\\\/www.amstelprinting.nl\\\/de\\\/#website\"},\"primaryImageOfPage\":{\"@id\":\"https:\\\/\\\/www.amstelprinting.nl\\\/de\\\/gesch\u00e4ft\\\/alle-flaggen\\\/flaggen\\\/nationalflagge\\\/#primaryimage\"},\"image\":{\"@id\":\"https:\\\/\\\/www.amstelprinting.nl\\\/de\\\/gesch\u00e4ft\\\/alle-flaggen\\\/flaggen\\\/nationalflagge\\\/#primaryimage\"},\"thumbnailUrl\":\"https:\\\/\\\/www.amstelprinting.nl\\\/wp-content\\\/uploads\\\/Landenvlag.jpg\",\"datePublished\":\"2025-01-24T10:31:10+00:00\",\"dateModified\":\"2026-02-18T11:53:55+00:00\",\"description\":\"Bestellen Sie jetzt eine langlebige Nationalflagge in perfekten Formaten und offiziellen Farben. UV-best\u00e4ndig und wetterfest, ideal f\u00fcr jede Veranstaltung oder den t\u00e4glichen Gebrauch.\",\"breadcrumb\":{\"@id\":\"https:\\\/\\\/www.amstelprinting.nl\\\/de\\\/gesch\u00e4ft\\\/alle-flaggen\\\/flaggen\\\/nationalflagge\\\/#breadcrumb\"},\"inLanguage\":\"de\",\"potentialAction\":[{\"@type\":\"ReadAction\",\"target\":[\"https:\\\/\\\/www.amstelprinting.nl\\\/de\\\/gesch\u00e4ft\\\/alle-flaggen\\\/flaggen\\\/nationalflagge\\\/\"]}]},{\"@type\":\"ImageObject\",\"inLanguage\":\"de\",\"@id\":\"https:\\\/\\\/www.amstelprinting.nl\\\/de\\\/gesch\u00e4ft\\\/alle-flaggen\\\/flaggen\\\/nationalflagge\\\/#primaryimage\",\"url\":\"https:\\\/\\\/www.amstelprinting.nl\\\/wp-content\\\/uploads\\\/Landenvlag.jpg\",\"contentUrl\":\"https:\\\/\\\/www.amstelprinting.nl\\\/wp-content\\\/uploads\\\/Landenvlag.jpg\",\"width\":700,\"height\":700},{\"@type\":\"BreadcrumbList\",\"@id\":\"https:\\\/\\\/www.amstelprinting.nl\\\/de\\\/gesch\u00e4ft\\\/alle-flaggen\\\/flaggen\\\/nationalflagge\\\/#breadcrumb\",\"itemListElement\":[{\"@type\":\"ListItem\",\"position\":1,\"name\":\"\",\"item\":\"https:\\\/\\\/www.amstelprinting.nl\\\/de\\\/\"},{\"@type\":\"ListItem\",\"position\":2,\"name\":\"Amstel Printing\",\"item\":\"https:\\\/\\\/www.amstelprinting.nl\\\/de\\\/geschaeft\\\/\"},{\"@type\":\"ListItem\",\"position\":3,\"name\":\"Flaggen\",\"item\":\"https:\\\/\\\/www.amstelprinting.nl\\\/de\\\/kategorie\\\/alle-flaggen\\\/\"},{\"@type\":\"ListItem\",\"position\":4,\"name\":\"Flaggen\",\"item\":\"https:\\\/\\\/www.amstelprinting.nl\\\/de\\\/kategorie\\\/alle-flaggen\\\/flaggen\\\/\"},{\"@type\":\"ListItem\",\"position\":5,\"name\":\"Nationalflagge\"}]},{\"@type\":\"WebSite\",\"@id\":\"https:\\\/\\\/www.amstelprinting.nl\\\/de\\\/#website\",\"url\":\"https:\\\/\\\/www.amstelprinting.nl\\\/de\\\/\",\"name\":\"Amstel Printing\",\"description\":\"Creating Exposure\",\"publisher\":{\"@id\":\"https:\\\/\\\/www.amstelprinting.nl\\\/de\\\/#organization\"},\"potentialAction\":[{\"@type\":\"SearchAction\",\"target\":{\"@type\":\"EntryPoint\",\"urlTemplate\":\"https:\\\/\\\/www.amstelprinting.nl\\\/de\\\/?s={search_term_string}\"},\"query-input\":{\"@type\":\"PropertyValueSpecification\",\"valueRequired\":true,\"valueName\":\"search_term_string\"}}],\"inLanguage\":\"de\"},{\"@type\":\"Organization\",\"@id\":\"https:\\\/\\\/www.amstelprinting.nl\\\/de\\\/#organization\",\"name\":\"Amstel Printing\",\"url\":\"https:\\\/\\\/www.amstelprinting.nl\\\/de\\\/\",\"logo\":{\"@type\":\"ImageObject\",\"inLanguage\":\"de\",\"@id\":\"https:\\\/\\\/www.amstelprinting.nl\\\/de\\\/#\\\/schema\\\/logo\\\/image\\\/\",\"url\":\"https:\\\/\\\/www.amstelprinting.nl\\\/wp-content\\\/uploads\\\/amstel_printing_logo_clean.png\",\"contentUrl\":\"https:\\\/\\\/www.amstelprinting.nl\\\/wp-content\\\/uploads\\\/amstel_printing_logo_clean.png\",\"width\":324,\"height\":73,\"caption\":\"Amstel Printing\"},\"image\":{\"@id\":\"https:\\\/\\\/www.amstelprinting.nl\\\/de\\\/#\\\/schema\\\/logo\\\/image\\\/\"}}]}<\/script>\n<!-- \/ Yoast SEO plugin. -->","yoast_head_json":{"title":"Nationalflagge | Hochwertig | Langlebig & Offiziell farbecht","description":"Bestellen Sie jetzt eine langlebige Nationalflagge in perfekten Formaten und offiziellen Farben. UV-best\u00e4ndig und wetterfest, ideal f\u00fcr jede Veranstaltung oder den t\u00e4glichen Gebrauch.","robots":{"index":"index","follow":"follow","max-snippet":"max-snippet:-1","max-image-preview":"max-image-preview:large","max-video-preview":"max-video-preview:-1"},"canonical":"https:\/\/www.amstelprinting.nl\/de\/gesch\u00e4ft\/alle-flaggen\/flaggen\/nationalflagge\/","og_locale":"de_DE","og_type":"article","og_title":"Nationalflagge | Hochwertig | Langlebig & Offiziell farbecht","og_description":"Bestellen Sie jetzt eine langlebige Nationalflagge in perfekten Formaten und offiziellen Farben. UV-best\u00e4ndig und wetterfest, ideal f\u00fcr jede Veranstaltung oder den t\u00e4glichen Gebrauch.","og_url":"https:\/\/www.amstelprinting.nl\/de\/gesch\u00e4ft\/alle-flaggen\/flaggen\/nationalflagge\/","og_site_name":"Amstel Printing","article_modified_time":"2026-02-18T11:53:55+00:00","og_image":[{"width":700,"height":700,"url":"https:\/\/www.amstelprinting.nl\/wp-content\/uploads\/Landenvlag.jpg","type":"image\/jpeg"}],"twitter_card":"summary_large_image","twitter_misc":{"Gesch\u00e4tzte Lesezeit":"1\u00a0Minute"},"schema":{"@context":"https:\/\/schema.org","@graph":[{"@type":"WebPage","@id":"https:\/\/www.amstelprinting.nl\/de\/gesch\u00e4ft\/alle-flaggen\/flaggen\/nationalflagge\/","url":"https:\/\/www.amstelprinting.nl\/de\/gesch\u00e4ft\/alle-flaggen\/flaggen\/nationalflagge\/","name":"Nationalflagge | Hochwertig | Langlebig & Offiziell farbecht","isPartOf":{"@id":"https:\/\/www.amstelprinting.nl\/de\/#website"},"primaryImageOfPage":{"@id":"https:\/\/www.amstelprinting.nl\/de\/gesch\u00e4ft\/alle-flaggen\/flaggen\/nationalflagge\/#primaryimage"},"image":{"@id":"https:\/\/www.amstelprinting.nl\/de\/gesch\u00e4ft\/alle-flaggen\/flaggen\/nationalflagge\/#primaryimage"},"thumbnailUrl":"https:\/\/www.amstelprinting.nl\/wp-content\/uploads\/Landenvlag.jpg","datePublished":"2025-01-24T10:31:10+00:00","dateModified":"2026-02-18T11:53:55+00:00","description":"Bestellen Sie jetzt eine langlebige Nationalflagge in perfekten Formaten und offiziellen Farben. UV-best\u00e4ndig und wetterfest, ideal f\u00fcr jede Veranstaltung oder den t\u00e4glichen Gebrauch.","breadcrumb":{"@id":"https:\/\/www.amstelprinting.nl\/de\/gesch\u00e4ft\/alle-flaggen\/flaggen\/nationalflagge\/#breadcrumb"},"inLanguage":"de","potentialAction":[{"@type":"ReadAction","target":["https:\/\/www.amstelprinting.nl\/de\/gesch\u00e4ft\/alle-flaggen\/flaggen\/nationalflagge\/"]}]},{"@type":"ImageObject","inLanguage":"de","@id":"https:\/\/www.amstelprinting.nl\/de\/gesch\u00e4ft\/alle-flaggen\/flaggen\/nationalflagge\/#primaryimage","url":"https:\/\/www.amstelprinting.nl\/wp-content\/uploads\/Landenvlag.jpg","contentUrl":"https:\/\/www.amstelprinting.nl\/wp-content\/uploads\/Landenvlag.jpg","width":700,"height":700},{"@type":"BreadcrumbList","@id":"https:\/\/www.amstelprinting.nl\/de\/gesch\u00e4ft\/alle-flaggen\/flaggen\/nationalflagge\/#breadcrumb","itemListElement":[{"@type":"ListItem","position":1,"name":"","item":"https:\/\/www.amstelprinting.nl\/de\/"},{"@type":"ListItem","position":2,"name":"Amstel Printing","item":"https:\/\/www.amstelprinting.nl\/de\/geschaeft\/"},{"@type":"ListItem","position":3,"name":"Flaggen","item":"https:\/\/www.amstelprinting.nl\/de\/kategorie\/alle-flaggen\/"},{"@type":"ListItem","position":4,"name":"Flaggen","item":"https:\/\/www.amstelprinting.nl\/de\/kategorie\/alle-flaggen\/flaggen\/"},{"@type":"ListItem","position":5,"name":"Nationalflagge"}]},{"@type":"WebSite","@id":"https:\/\/www.amstelprinting.nl\/de\/#website","url":"https:\/\/www.amstelprinting.nl\/de\/","name":"Amstel Printing","description":"Creating Exposure","publisher":{"@id":"https:\/\/www.amstelprinting.nl\/de\/#organization"},"potentialAction":[{"@type":"SearchAction","target":{"@type":"EntryPoint","urlTemplate":"https:\/\/www.amstelprinting.nl\/de\/?s={search_term_string}"},"query-input":{"@type":"PropertyValueSpecification","valueRequired":true,"valueName":"search_term_string"}}],"inLanguage":"de"},{"@type":"Organization","@id":"https:\/\/www.amstelprinting.nl\/de\/#organization","name":"Amstel Printing","url":"https:\/\/www.amstelprinting.nl\/de\/","logo":{"@type":"ImageObject","inLanguage":"de","@id":"https:\/\/www.amstelprinting.nl\/de\/#\/schema\/logo\/image\/","url":"https:\/\/www.amstelprinting.nl\/wp-content\/uploads\/amstel_printing_logo_clean.png","contentUrl":"https:\/\/www.amstelprinting.nl\/wp-content\/uploads\/amstel_printing_logo_clean.png","width":324,"height":73,"caption":"Amstel Printing"},"image":{"@id":"https:\/\/www.amstelprinting.nl\/de\/#\/schema\/logo\/image\/"}}]}},"_links":{"self":[{"href":"https:\/\/www.amstelprinting.nl\/de\/wp-json\/wp\/v2\/product\/14049","targetHints":{"allow":["GET"]}}],"collection":[{"href":"https:\/\/www.amstelprinting.nl\/de\/wp-json\/wp\/v2\/product"}],"about":[{"href":"https:\/\/www.amstelprinting.nl\/de\/wp-json\/wp\/v2\/types\/product"}],"wp:featuredmedia":[{"embeddable":true,"href":"https:\/\/www.amstelprinting.nl\/de\/wp-json\/wp\/v2\/media\/14050"}],"wp:attachment":[{"href":"https:\/\/www.amstelprinting.nl\/de\/wp-json\/wp\/v2\/media?parent=14049"}],"wp:term":[{"taxonomy":"product_brand","embeddable":true,"href":"https:\/\/www.amstelprinting.nl\/de\/wp-json\/wp\/v2\/product_brand?post=14049"},{"taxonomy":"product_cat","embeddable":true,"href":"https:\/\/www.amstelprinting.nl\/de\/wp-json\/wp\/v2\/product_cat?post=14049"},{"taxonomy":"product_tag","embeddable":true,"href":"https:\/\/www.amstelprinting.nl\/de\/wp-json\/wp\/v2\/product_tag?post=14049"}],"curies":[{"name":"wp","href":"https:\/\/api.w.org\/{rel}","templated":true}]}}