{"id":14059,"date":"2025-01-24T11:31:07","date_gmt":"2025-01-24T10:31:07","guid":{"rendered":"https:\/\/www.amstelprinting.nl\/winkel\/unkategorisiert\/vlag-eigen-formaat\/"},"modified":"2026-02-18T12:53:56","modified_gmt":"2026-02-18T11:53:56","slug":"flagge-eigenes-format","status":"publish","type":"product","link":"https:\/\/www.amstelprinting.nl\/de\/gesch\u00e4ft\/alle-flaggen\/fassadenfahnen\/flagge-eigenes-format\/","title":{"rendered":"Flagge &#8211; eigenes Format"},"content":{"rendered":"<h3>Flaggen bedrucken<\/h3>\n<p>Mit einer bedruckten Flagge machen Sie auf Ihr Unternehmen aufmerksam. Wir bedrucken Ihr Firmenlogo oder Design gestochen scharf in Full-Color auf Flaggenstoff in einem Format Ihrer Wahl. Alle unsere Flaggen werden gebrauchsfertig zur Befestigung an Ihrem Fahnenmast geliefert.<\/p>\n<h3>Gerade oder stehende Flaggen<\/h3>\n<p>Die Flagge ist in zwei Modellen erh\u00e4ltlich: gerade oder stehend. Im Folgenden erl\u00e4utern wir kurz die Unterschiede.<\/p>\n<p><span style=\"text-decoration: underline;\">Gerade Flagge<\/span><br \/>\nDie gerade Flagge ist eine klassische Flaggenform (wie eine Nationalflagge). Die gerade Flagge eignet sich f\u00fcr einen Fahnenstock (Konfektionierung mit Schlaufe und Kordel) oder einen Fahnenmast (Konfektionierung mit Band und Haken).<\/p>\n<p><span style=\"text-decoration: underline;\">Stehende Flagge<\/span><br \/>\nDie stehende Flagge wird auch als Banner, Hochformatflagge oder vertikale Flagge bezeichnet. Die stehende Flagge ist eine schmale, hohe Flagge, die oben mit einem Hohlsaum versehen ist. Die stehende Flagge k\u00f6nnen Sie an einem daf\u00fcr vorgesehenen Banner-Fahnenmast befestigen. Dieser Fahnenmast verf\u00fcgt oben \u00fcber einen Ausleger, der durch den Hohlsaum der stehenden Flagge gleitet. Dadurch bleibt Ihre Flagge auch bei wenig Wind (im Gegensatz zur geraden Flagge) gut sichtbar.<\/p>\n<h3>W\u00e4hlen Sie das richtige Flaggenmaterial<\/h3>\n<p>W\u00e4hlen Sie aus drei verschiedenen Arten von Flaggenstoff. Jeder Stofftyp hat seine eigenen einzigartigen Eigenschaften. Ist Ihnen Nachhaltigkeit wichtig? Oder planen Sie, die Flaggen an einem Ort mit meist starkem Wind einzusetzen? Im Folgenden erl\u00e4utern wir kurz die verschiedenen Eigenschaften der Flaggenstoffe, damit Sie schnell die richtige Wahl treffen k\u00f6nnen.<\/p>\n<ul>\n<li><strong>Flag<\/strong>: Der Standardstoff f\u00fcr bedruckte Flaggen (am h\u00e4ufigsten bestellt).<\/li>\n<li><strong>Flag PET<\/strong>: Eine umweltfreundliche Wahl, hergestellt aus 100% recycelten PET-Flaschen.<\/li>\n<li><strong>Longlife<\/strong>: Dieser extra starke Stoff hat eine spezielle Struktur, die das Ausfransen reduziert. Dadurch k\u00f6nnen Sie mit einer besonders langen Lebensdauer rechnen.<\/li>\n<\/ul>\n<p>&nbsp;<\/p>\n<h3>Die Konfektionierung Ihrer Flagge<\/h3>\n<p>Nach dem Bedrucken des Flaggenstoffs erfolgt die Konfektionierung. Die Flagge kann auf verschiedene Arten konfektioniert werden. Je nach Verwendung und Ihren pers\u00f6nlichen Vorlieben k\u00f6nnen Sie Ihre Flagge bei uns ganz nach Wunsch zusammenstellen.<\/p>\n<p>Die Flagge kann mit einem wei\u00dfen Band mit Haken oder einem schwarzen Band mit Haken konfektioniert werden. Sie k\u00f6nnen also diese helle oder dunkle Ausf\u00fchrung auf das Design Ihrer bedruckten Flagge abstimmen.<br \/>\nDiese Konfektionierung kann an der linken oder rechten Seite Ihrer Flagge vorgenommen werden. Zudem k\u00f6nnen Sie einen Hohlsaum f\u00fcr den Ausleger oder keinen Hohlsaum w\u00e4hlen. Weiterhin ist verschiedenes Zubeh\u00f6r f\u00fcr Ihre Flagge erh\u00e4ltlich.<\/p>\n<h3>Welche Flaggengr\u00f6\u00dfe ist geeignet?<\/h3>\n<p>F\u00fcr das beste Ergebnis sollten Sie die richtige Flaggengr\u00f6\u00dfe bestellen. Vermeiden Sie ein falsches Verh\u00e4ltnis der bedruckten Flagge im Verh\u00e4ltnis zur H\u00f6he Ihres Fahnenmasts. Nutzen Sie die folgende \u00dcbersicht, um die richtige Flaggengr\u00f6\u00dfe zu bestellen.<\/p>\n<h3>Flaggengr\u00f6\u00dfe und H\u00f6he des Fahnenmasts<\/h3>\n<ul>\n<li>50 x 75 cm &#8211; 1 bis 1,5 Meter Fahnenstock<\/li>\n<li>100 x 70 cm &#8211; 1 bis 2 Meter Fahnenstock<\/li>\n<li>100 x 150 cm &#8211; 2 bis 3 Meter Fahnenstock<\/li>\n<li>120 x 180 cm &#8211; 3 bis 4 Meter Fahnenstock<\/li>\n<li>150 x 225 cm &#8211; 6 und 7 Meter Mast<\/li>\n<li>200 x 300 cm &#8211; 8 Meter Mast<\/li>\n<\/ul>\n<p>&nbsp;<\/p>\n<h3>Bannergr\u00f6\u00dfe und H\u00f6he des Fahnenmasts<\/h3>\n<ul>\n<li>300 x 100 cm &#8211; 6 und 7 Meter Mast<\/li>\n<li>400 x 100 cm &#8211; 8 Meter Mast<\/li>\n<li>350 x 120 cm &#8211; 7 Meter Mast<\/li>\n<li>400 x 120 cm &#8211; 8 und 9 Meter Mast<\/li>\n<li>450 x 150 cm &#8211; mindestens 9 Meter Mast<\/li>\n<li>500 x 120 cm &#8211; mindestens 9 Meter Mast<\/li>\n<\/ul>\n<p>&nbsp;<\/p>\n<h3>Wie lange halten Flaggen?<\/h3>\n<p>Flaggen unterliegen dem Verschlei\u00df und m\u00fcssen je nach einer Reihe von Faktoren irgendwann ersetzt werden. Den gr\u00f6\u00dften Einfluss auf die Lebensdauer der Flagge haben die Wetterbedingungen. Starker Wind sorgt daf\u00fcr, dass Ihre Flagge nat\u00fcrlich sch\u00f6n weht. Aber die Kombination aus starkem Wind und viel Regen verk\u00fcrzt die Lebensdauer. Starker Wind verleiht der Flagge den Charakter einer Peitsche. Der Nachteil dieser harten Schl\u00e4ge ist, dass die Enden die gesamte Energie absorbieren. Durch Regen werden Flaggen zudem schwer, was diesen Effekt noch verst\u00e4rkt. Wir konfektionieren Flaggen mit hochwertigen Garnen und versehen alle Flaggen mit einem Doppelsaum. Dadurch wird vorzeitigem Verschlei\u00df so weit wie m\u00f6glich entgegengewirkt. Dennoch ist Verschlei\u00df und der Austausch von Flaggen letztendlich unvermeidlich.<\/p>\n<h3>Faktoren, die den Verschlei\u00df beeinflussen<\/h3>\n<ul>\n<li>Die Wetterbedingungen<\/li>\n<li>Der Standort der Flagge<\/li>\n<li>Die Gr\u00f6\u00dfe der Flagge<\/li>\n<li>Gebrauch und Handhabung der Flagge<\/li>\n<\/ul>\n<p>&nbsp;<\/p>\n<h3>5 Tipps gegen den Verschlei\u00df von Flaggen<\/h3>\n<p>Um die Lebensdauer der Flagge so weit wie m\u00f6glich zu verl\u00e4ngern, geben wir die folgenden Empfehlungen und Tipps.<\/p>\n<ol>\n<li>Holen Sie die Flagge bei schlechtem Wetter (besonders ab Windst\u00e4rke 6) ein<\/li>\n<li>\u00dcberpr\u00fcfen Sie regelm\u00e4\u00dfig die N\u00e4hte ringsum und reparieren Sie lose N\u00e4hte<\/li>\n<li>Waschen Sie die Flagge regelm\u00e4\u00dfig bei 30\u00b0 mit einem Feinwaschmittel, um das Festsetzen von Schmutz zu verhindern.<\/li>\n<li>Wenn Ihre Flagge Tag und Nacht bei schlechten Wetterbedingungen drau\u00dfen h\u00e4ngt, kann sich die Lebensdauer auf drei Monate oder weniger verk\u00fcrzen.<\/li>\n<li>Verwenden Sie flexible Mastringe (Flagfix) zur Befestigung Ihrer Flagge. Mit diesem elastischen Befestigungsmaterial wird die Spannung auf den Flaggenstoff verringert.<\/li>\n<\/ol>\n<p>&nbsp;<\/p>\n<h3>Wie erhalte ich die Qualit\u00e4t der Flagge am besten?<\/h3>\n<p>F\u00fcr eine optimale Nutzung der Flaggen ist es ratsam, diese rechtzeitig einzuholen, insbesondere ab Windst\u00e4rke 6. Dies verringert das Schadensrisiko und verl\u00e4ngert die Lebensdauer der Flagge.<\/p>\n<p>Wussten Sie, dass Sie die Flaggen auch in der Waschmaschine waschen k\u00f6nnen? Es ist m\u00f6glich, die Flaggen bei maximal 30 Grad Celsius zu waschen. Verwenden Sie hierf\u00fcr ausschlie\u00dflich Feinwaschmittel.<\/p>\n<h3>Was ist der Unterschied zwischen Flag, Flag PET und Flag Longlife?<\/h3>\n<p>Flag ist die Standardflagge mit einem klassischen Saum ringsum. Flag PET ist unsere nachhaltige Variante aus 100% recycelten PET-Flaschen.<\/p>\n","protected":false},"excerpt":{"rendered":"<h3>Flaggen bedrucken in jedem gew\u00fcnschten Format<\/h3>\n<p>G\u00fcnstig Flaggen bedrucken in einem Format Ihrer Wahl? Unsere Flaggen werden standardm\u00e4\u00dfig mit einem gestochen scharfen Druck versehen. Eilig? Eine Lieferung innerhalb eines Werktages ist m\u00f6glich. Stellen Sie unten in wenigen Schritten Ihre bedruckte Flagge zusammen!<\/p>\n","protected":false},"featured_media":14060,"template":"","meta":{"_et_pb_use_builder":"","_et_pb_old_content":"","_et_gb_content_width":""},"product_brand":[],"product_cat":[1001,999],"product_tag":[],"class_list":{"0":"post-14059","1":"product","2":"type-product","3":"status-publish","4":"has-post-thumbnail","6":"product_cat-fassadenfahnen","7":"product_cat-alle-flaggen","9":"first","10":"instock","11":"taxable","12":"shipping-taxable","13":"purchasable","14":"product-type-simple"},"yoast_head":"<!-- This site is optimized with the Yoast SEO plugin v27.3 - https:\/\/yoast.com\/product\/yoast-seo-wordpress\/ -->\n<title>Flagge nach Ma\u00df - Gestochen scharfe Full-Color-Flaggen Schnelle Lieferung<\/title>\n<meta name=\"description\" content=\"Ihre eigene Flagge nach Ma\u00df in jedem Format mit gestochen scharfen Drucken. W\u00e4hlen Sie aus nachhaltigen Materialien. Perfekt f\u00fcr Unternehmen und Veranstaltungen.\" \/>\n<meta name=\"robots\" content=\"index, follow, max-snippet:-1, max-image-preview:large, max-video-preview:-1\" \/>\n<link rel=\"canonical\" href=\"https:\/\/www.amstelprinting.nl\/de\/gesch\u00e4ft\/alle-flaggen\/fassadenfahnen\/flagge-eigenes-format\/\" \/>\n<meta property=\"og:locale\" content=\"de_DE\" \/>\n<meta property=\"og:type\" content=\"article\" \/>\n<meta property=\"og:title\" content=\"Flagge nach Ma\u00df - Gestochen scharfe Full-Color-Flaggen Schnelle Lieferung\" \/>\n<meta property=\"og:description\" content=\"Ihre eigene Flagge nach Ma\u00df in jedem Format mit gestochen scharfen Drucken. W\u00e4hlen Sie aus nachhaltigen Materialien. Perfekt f\u00fcr Unternehmen und Veranstaltungen.\" \/>\n<meta property=\"og:url\" content=\"https:\/\/www.amstelprinting.nl\/de\/gesch\u00e4ft\/alle-flaggen\/fassadenfahnen\/flagge-eigenes-format\/\" \/>\n<meta property=\"og:site_name\" content=\"Amstel Printing\" \/>\n<meta property=\"article:modified_time\" content=\"2026-02-18T11:53:56+00:00\" \/>\n<meta property=\"og:image\" content=\"https:\/\/www.amstelprinting.nl\/wp-content\/uploads\/vlag-eigen-formaat-bedrukken.png\" \/>\n\t<meta property=\"og:image:width\" content=\"900\" \/>\n\t<meta property=\"og:image:height\" content=\"900\" \/>\n\t<meta property=\"og:image:type\" content=\"image\/png\" \/>\n<meta name=\"twitter:card\" content=\"summary_large_image\" \/>\n<meta name=\"twitter:label1\" content=\"Gesch\u00e4tzte Lesezeit\" \/>\n\t<meta name=\"twitter:data1\" content=\"4\u00a0Minuten\" \/>\n<script type=\"application\/ld+json\" class=\"yoast-schema-graph\">{\"@context\":\"https:\\\/\\\/schema.org\",\"@graph\":[{\"@type\":\"WebPage\",\"@id\":\"https:\\\/\\\/www.amstelprinting.nl\\\/de\\\/gesch\u00e4ft\\\/alle-flaggen\\\/fassadenfahnen\\\/flagge-eigenes-format\\\/\",\"url\":\"https:\\\/\\\/www.amstelprinting.nl\\\/de\\\/gesch\u00e4ft\\\/alle-flaggen\\\/fassadenfahnen\\\/flagge-eigenes-format\\\/\",\"name\":\"Flagge nach Ma\u00df - Gestochen scharfe Full-Color-Flaggen Schnelle Lieferung\",\"isPartOf\":{\"@id\":\"https:\\\/\\\/www.amstelprinting.nl\\\/de\\\/#website\"},\"primaryImageOfPage\":{\"@id\":\"https:\\\/\\\/www.amstelprinting.nl\\\/de\\\/gesch\u00e4ft\\\/alle-flaggen\\\/fassadenfahnen\\\/flagge-eigenes-format\\\/#primaryimage\"},\"image\":{\"@id\":\"https:\\\/\\\/www.amstelprinting.nl\\\/de\\\/gesch\u00e4ft\\\/alle-flaggen\\\/fassadenfahnen\\\/flagge-eigenes-format\\\/#primaryimage\"},\"thumbnailUrl\":\"https:\\\/\\\/www.amstelprinting.nl\\\/wp-content\\\/uploads\\\/vlag-eigen-formaat-bedrukken.png\",\"datePublished\":\"2025-01-24T10:31:07+00:00\",\"dateModified\":\"2026-02-18T11:53:56+00:00\",\"description\":\"Ihre eigene Flagge nach Ma\u00df in jedem Format mit gestochen scharfen Drucken. W\u00e4hlen Sie aus nachhaltigen Materialien. Perfekt f\u00fcr Unternehmen und Veranstaltungen.\",\"breadcrumb\":{\"@id\":\"https:\\\/\\\/www.amstelprinting.nl\\\/de\\\/gesch\u00e4ft\\\/alle-flaggen\\\/fassadenfahnen\\\/flagge-eigenes-format\\\/#breadcrumb\"},\"inLanguage\":\"de\",\"potentialAction\":[{\"@type\":\"ReadAction\",\"target\":[\"https:\\\/\\\/www.amstelprinting.nl\\\/de\\\/gesch\u00e4ft\\\/alle-flaggen\\\/fassadenfahnen\\\/flagge-eigenes-format\\\/\"]}]},{\"@type\":\"ImageObject\",\"inLanguage\":\"de\",\"@id\":\"https:\\\/\\\/www.amstelprinting.nl\\\/de\\\/gesch\u00e4ft\\\/alle-flaggen\\\/fassadenfahnen\\\/flagge-eigenes-format\\\/#primaryimage\",\"url\":\"https:\\\/\\\/www.amstelprinting.nl\\\/wp-content\\\/uploads\\\/vlag-eigen-formaat-bedrukken.png\",\"contentUrl\":\"https:\\\/\\\/www.amstelprinting.nl\\\/wp-content\\\/uploads\\\/vlag-eigen-formaat-bedrukken.png\",\"width\":900,\"height\":900},{\"@type\":\"BreadcrumbList\",\"@id\":\"https:\\\/\\\/www.amstelprinting.nl\\\/de\\\/gesch\u00e4ft\\\/alle-flaggen\\\/fassadenfahnen\\\/flagge-eigenes-format\\\/#breadcrumb\",\"itemListElement\":[{\"@type\":\"ListItem\",\"position\":1,\"name\":\"\",\"item\":\"https:\\\/\\\/www.amstelprinting.nl\\\/de\\\/\"},{\"@type\":\"ListItem\",\"position\":2,\"name\":\"Amstel Printing\",\"item\":\"https:\\\/\\\/www.amstelprinting.nl\\\/de\\\/geschaeft\\\/\"},{\"@type\":\"ListItem\",\"position\":3,\"name\":\"Flaggen\",\"item\":\"https:\\\/\\\/www.amstelprinting.nl\\\/de\\\/kategorie\\\/alle-flaggen\\\/\"},{\"@type\":\"ListItem\",\"position\":4,\"name\":\"Fassadenfahnen\",\"item\":\"https:\\\/\\\/www.amstelprinting.nl\\\/de\\\/kategorie\\\/alle-flaggen\\\/fassadenfahnen\\\/\"},{\"@type\":\"ListItem\",\"position\":5,\"name\":\"Flagge &#8211; eigenes Format\"}]},{\"@type\":\"WebSite\",\"@id\":\"https:\\\/\\\/www.amstelprinting.nl\\\/de\\\/#website\",\"url\":\"https:\\\/\\\/www.amstelprinting.nl\\\/de\\\/\",\"name\":\"Amstel Printing\",\"description\":\"Creating Exposure\",\"publisher\":{\"@id\":\"https:\\\/\\\/www.amstelprinting.nl\\\/de\\\/#organization\"},\"potentialAction\":[{\"@type\":\"SearchAction\",\"target\":{\"@type\":\"EntryPoint\",\"urlTemplate\":\"https:\\\/\\\/www.amstelprinting.nl\\\/de\\\/?s={search_term_string}\"},\"query-input\":{\"@type\":\"PropertyValueSpecification\",\"valueRequired\":true,\"valueName\":\"search_term_string\"}}],\"inLanguage\":\"de\"},{\"@type\":\"Organization\",\"@id\":\"https:\\\/\\\/www.amstelprinting.nl\\\/de\\\/#organization\",\"name\":\"Amstel Printing\",\"url\":\"https:\\\/\\\/www.amstelprinting.nl\\\/de\\\/\",\"logo\":{\"@type\":\"ImageObject\",\"inLanguage\":\"de\",\"@id\":\"https:\\\/\\\/www.amstelprinting.nl\\\/de\\\/#\\\/schema\\\/logo\\\/image\\\/\",\"url\":\"https:\\\/\\\/www.amstelprinting.nl\\\/wp-content\\\/uploads\\\/amstel_printing_logo_clean.png\",\"contentUrl\":\"https:\\\/\\\/www.amstelprinting.nl\\\/wp-content\\\/uploads\\\/amstel_printing_logo_clean.png\",\"width\":324,\"height\":73,\"caption\":\"Amstel Printing\"},\"image\":{\"@id\":\"https:\\\/\\\/www.amstelprinting.nl\\\/de\\\/#\\\/schema\\\/logo\\\/image\\\/\"}}]}<\/script>\n<!-- \/ Yoast SEO plugin. -->","yoast_head_json":{"title":"Flagge nach Ma\u00df - Gestochen scharfe Full-Color-Flaggen Schnelle Lieferung","description":"Ihre eigene Flagge nach Ma\u00df in jedem Format mit gestochen scharfen Drucken. W\u00e4hlen Sie aus nachhaltigen Materialien. Perfekt f\u00fcr Unternehmen und Veranstaltungen.","robots":{"index":"index","follow":"follow","max-snippet":"max-snippet:-1","max-image-preview":"max-image-preview:large","max-video-preview":"max-video-preview:-1"},"canonical":"https:\/\/www.amstelprinting.nl\/de\/gesch\u00e4ft\/alle-flaggen\/fassadenfahnen\/flagge-eigenes-format\/","og_locale":"de_DE","og_type":"article","og_title":"Flagge nach Ma\u00df - Gestochen scharfe Full-Color-Flaggen Schnelle Lieferung","og_description":"Ihre eigene Flagge nach Ma\u00df in jedem Format mit gestochen scharfen Drucken. W\u00e4hlen Sie aus nachhaltigen Materialien. Perfekt f\u00fcr Unternehmen und Veranstaltungen.","og_url":"https:\/\/www.amstelprinting.nl\/de\/gesch\u00e4ft\/alle-flaggen\/fassadenfahnen\/flagge-eigenes-format\/","og_site_name":"Amstel Printing","article_modified_time":"2026-02-18T11:53:56+00:00","og_image":[{"width":900,"height":900,"url":"https:\/\/www.amstelprinting.nl\/wp-content\/uploads\/vlag-eigen-formaat-bedrukken.png","type":"image\/png"}],"twitter_card":"summary_large_image","twitter_misc":{"Gesch\u00e4tzte Lesezeit":"4\u00a0Minuten"},"schema":{"@context":"https:\/\/schema.org","@graph":[{"@type":"WebPage","@id":"https:\/\/www.amstelprinting.nl\/de\/gesch\u00e4ft\/alle-flaggen\/fassadenfahnen\/flagge-eigenes-format\/","url":"https:\/\/www.amstelprinting.nl\/de\/gesch\u00e4ft\/alle-flaggen\/fassadenfahnen\/flagge-eigenes-format\/","name":"Flagge nach Ma\u00df - Gestochen scharfe Full-Color-Flaggen Schnelle Lieferung","isPartOf":{"@id":"https:\/\/www.amstelprinting.nl\/de\/#website"},"primaryImageOfPage":{"@id":"https:\/\/www.amstelprinting.nl\/de\/gesch\u00e4ft\/alle-flaggen\/fassadenfahnen\/flagge-eigenes-format\/#primaryimage"},"image":{"@id":"https:\/\/www.amstelprinting.nl\/de\/gesch\u00e4ft\/alle-flaggen\/fassadenfahnen\/flagge-eigenes-format\/#primaryimage"},"thumbnailUrl":"https:\/\/www.amstelprinting.nl\/wp-content\/uploads\/vlag-eigen-formaat-bedrukken.png","datePublished":"2025-01-24T10:31:07+00:00","dateModified":"2026-02-18T11:53:56+00:00","description":"Ihre eigene Flagge nach Ma\u00df in jedem Format mit gestochen scharfen Drucken. W\u00e4hlen Sie aus nachhaltigen Materialien. Perfekt f\u00fcr Unternehmen und Veranstaltungen.","breadcrumb":{"@id":"https:\/\/www.amstelprinting.nl\/de\/gesch\u00e4ft\/alle-flaggen\/fassadenfahnen\/flagge-eigenes-format\/#breadcrumb"},"inLanguage":"de","potentialAction":[{"@type":"ReadAction","target":["https:\/\/www.amstelprinting.nl\/de\/gesch\u00e4ft\/alle-flaggen\/fassadenfahnen\/flagge-eigenes-format\/"]}]},{"@type":"ImageObject","inLanguage":"de","@id":"https:\/\/www.amstelprinting.nl\/de\/gesch\u00e4ft\/alle-flaggen\/fassadenfahnen\/flagge-eigenes-format\/#primaryimage","url":"https:\/\/www.amstelprinting.nl\/wp-content\/uploads\/vlag-eigen-formaat-bedrukken.png","contentUrl":"https:\/\/www.amstelprinting.nl\/wp-content\/uploads\/vlag-eigen-formaat-bedrukken.png","width":900,"height":900},{"@type":"BreadcrumbList","@id":"https:\/\/www.amstelprinting.nl\/de\/gesch\u00e4ft\/alle-flaggen\/fassadenfahnen\/flagge-eigenes-format\/#breadcrumb","itemListElement":[{"@type":"ListItem","position":1,"name":"","item":"https:\/\/www.amstelprinting.nl\/de\/"},{"@type":"ListItem","position":2,"name":"Amstel Printing","item":"https:\/\/www.amstelprinting.nl\/de\/geschaeft\/"},{"@type":"ListItem","position":3,"name":"Flaggen","item":"https:\/\/www.amstelprinting.nl\/de\/kategorie\/alle-flaggen\/"},{"@type":"ListItem","position":4,"name":"Fassadenfahnen","item":"https:\/\/www.amstelprinting.nl\/de\/kategorie\/alle-flaggen\/fassadenfahnen\/"},{"@type":"ListItem","position":5,"name":"Flagge &#8211; eigenes Format"}]},{"@type":"WebSite","@id":"https:\/\/www.amstelprinting.nl\/de\/#website","url":"https:\/\/www.amstelprinting.nl\/de\/","name":"Amstel Printing","description":"Creating Exposure","publisher":{"@id":"https:\/\/www.amstelprinting.nl\/de\/#organization"},"potentialAction":[{"@type":"SearchAction","target":{"@type":"EntryPoint","urlTemplate":"https:\/\/www.amstelprinting.nl\/de\/?s={search_term_string}"},"query-input":{"@type":"PropertyValueSpecification","valueRequired":true,"valueName":"search_term_string"}}],"inLanguage":"de"},{"@type":"Organization","@id":"https:\/\/www.amstelprinting.nl\/de\/#organization","name":"Amstel Printing","url":"https:\/\/www.amstelprinting.nl\/de\/","logo":{"@type":"ImageObject","inLanguage":"de","@id":"https:\/\/www.amstelprinting.nl\/de\/#\/schema\/logo\/image\/","url":"https:\/\/www.amstelprinting.nl\/wp-content\/uploads\/amstel_printing_logo_clean.png","contentUrl":"https:\/\/www.amstelprinting.nl\/wp-content\/uploads\/amstel_printing_logo_clean.png","width":324,"height":73,"caption":"Amstel Printing"},"image":{"@id":"https:\/\/www.amstelprinting.nl\/de\/#\/schema\/logo\/image\/"}}]}},"_links":{"self":[{"href":"https:\/\/www.amstelprinting.nl\/de\/wp-json\/wp\/v2\/product\/14059","targetHints":{"allow":["GET"]}}],"collection":[{"href":"https:\/\/www.amstelprinting.nl\/de\/wp-json\/wp\/v2\/product"}],"about":[{"href":"https:\/\/www.amstelprinting.nl\/de\/wp-json\/wp\/v2\/types\/product"}],"wp:featuredmedia":[{"embeddable":true,"href":"https:\/\/www.amstelprinting.nl\/de\/wp-json\/wp\/v2\/media\/14060"}],"wp:attachment":[{"href":"https:\/\/www.amstelprinting.nl\/de\/wp-json\/wp\/v2\/media?parent=14059"}],"wp:term":[{"taxonomy":"product_brand","embeddable":true,"href":"https:\/\/www.amstelprinting.nl\/de\/wp-json\/wp\/v2\/product_brand?post=14059"},{"taxonomy":"product_cat","embeddable":true,"href":"https:\/\/www.amstelprinting.nl\/de\/wp-json\/wp\/v2\/product_cat?post=14059"},{"taxonomy":"product_tag","embeddable":true,"href":"https:\/\/www.amstelprinting.nl\/de\/wp-json\/wp\/v2\/product_tag?post=14059"}],"curies":[{"name":"wp","href":"https:\/\/api.w.org\/{rel}","templated":true}]}}