{"id":14634,"date":"2025-01-24T11:31:05","date_gmt":"2025-01-24T10:31:05","guid":{"rendered":"https:\/\/www.amstelprinting.nl\/winkel\/unkategorisiert\/baniervlag\/"},"modified":"2026-02-18T12:53:56","modified_gmt":"2026-02-18T11:53:56","slug":"bannerfahne","status":"publish","type":"product","link":"https:\/\/www.amstelprinting.nl\/de\/gesch\u00e4ft\/alle-flaggen\/fassadenfahnen\/bannerfahne\/","title":{"rendered":"Bannerfahne"},"content":{"rendered":"<h3>Bannerfahnen: auff\u00e4llig, vielseitig und effektiv<\/h3>\n<p>Bannerfahnen sind die ideale M\u00f6glichkeit, Ihre Botschaft oder Marke hervorzuheben. Dank des gro\u00dfen vertikalen Designs sind sie immer gut sichtbar, selbst bei wenig Wind! Ob f\u00fcr Firmenwerbung oder Veranstaltungen \u2013 Bannerfahnen sorgen f\u00fcr einen professionellen Auftritt. Sie sind langlebig und einfach zu personalisieren (mit einem gestochen scharfen Druck Ihres Designs). Kurz gesagt: der perfekte Eyecatcher f\u00fcr jeden Anlass!<\/p>\n<h3>Warum Banner bedrucken?<\/h3>\n<p>H\u00e4ngt niemals schlaff am Mast, wodurch Ihr Design immer gut sichtbar ist (auch bei wenig Wind)<\/p>\n<ul>\n<li>G\u00fcnstig: dank 5 Standardformaten<\/li>\n<li>Abweichende Ma\u00dfe? W\u00e4hlen Sie dann Flagge im eigenen Format<\/li>\n<li>Der Druck ist auf der R\u00fcckseite spiegelverkehrt sichtbar<\/li>\n<li>W\u00e4hlen Sie aus 3 Stoffmaterialien<\/li>\n<li>Gro\u00dfe Auswahl an Konfektionierungsm\u00f6glichkeiten<\/li>\n<li>Sicher: mit Brandschutzzertifikat ausgestattet<\/li>\n<li>Schnelle Lieferung: bereits innerhalb von 1 Werktag m\u00f6glich!<\/li>\n<\/ul>\n<p>&nbsp;<\/p>\n<h3>Materialien (3 verschiedene Stoffe)<\/h3>\n<ul>\n<li><strong>Flag<\/strong>: Der Standardstoff f\u00fcr bedruckte Banner.<\/li>\n<li><strong>Flag PET<\/strong>: Eine umweltfreundliche Wahl, hergestellt aus 100 % recycelten PET-Flaschen.<\/li>\n<li><strong>Longlife<\/strong>: Dieser extra starke Stoff hat eine spezielle Struktur, die das Ausfransen reduziert, was f\u00fcr eine l\u00e4ngere Lebensdauer sorgt.<\/li>\n<\/ul>\n<p>&nbsp;<\/p>\n<h3>Konfektionierung Ihres Banners<\/h3>\n<p>Nach dem Bedrucken des Fahnentuchs folgt die Konfektionierung. Abh\u00e4ngig vom Verwendungszweck und Ihren pers\u00f6nlichen Vorlieben w\u00e4hlen Sie eine Verarbeitung, die am besten dazu passt.<\/p>\n<h3>Farbe des Gurtbandes und der Haken<\/h3>\n<p>Sie k\u00f6nnen eine Konfektionierung mit wei\u00dfem oder schwarzem Gurtband und Haken w\u00e4hlen, wobei die Farbe auf das Design Ihrer Flagge abgestimmt werden kann.<\/p>\n<h3>Wehrichtung: Links oder rechts?<\/h3>\n<p>Das Band wird an der linken oder rechten Seite der Flagge befestigt. Wenn die Wehrichtung nach rechts ist, erfolgt die Konfektionierung auf der linken Seite (und umgekehrt).<\/p>\n<p>Zus\u00e4tzlich bieten wir die Option f\u00fcr einen Hohlsaum, ideal f\u00fcr die Verwendung mit einem Ausleger, oder eine Konfektionierung ohne Saum. Weiterhin sind verschiedene Zubeh\u00f6rteile erh\u00e4ltlich, um Ihre Bannerfahne komplett zu machen.<\/p>\n<h3>Welche Flaggengr\u00f6\u00dfe ist geeignet?<\/h3>\n<p>F\u00fcr ein optimales Ergebnis ist es wichtig, die richtige Flaggengr\u00f6\u00dfe in Kombination mit der H\u00f6he des Fahnenmastes zu w\u00e4hlen. Unten finden Sie eine \u00dcbersicht der empfohlenen Ma\u00dfe.<\/p>\n<h3>Bannerformate und entsprechende Masth\u00f6hen<\/h3>\n<ul>\n<li>300 x 100 cm \u2013 6 bis 7 Meter Mast<\/li>\n<li>400 x 100 cm \u2013 8 Meter Mast<\/li>\n<li>350 x 120 cm \u2013 7 Meter Mast<\/li>\n<li>400 x 120 cm \u2013 8 bis 9 Meter Mast<\/li>\n<li>450 x 150 cm \u2013 mindestens 9 Meter Mast<\/li>\n<li>500 x 120 cm \u2013 mindestens 9 Meter Mast<\/li>\n<\/ul>\n<p>&nbsp;<br \/>\nDie Bannerfahne ist in f\u00fcnf festen Formaten erh\u00e4ltlich. Sollten Sie ein anderes Format als hier angegeben w\u00fcnschen, k\u00f6nnen Sie dieses auf der Seite \u201eFlagge im eigenen Format\u201c bestellen.<\/p>\n<h3>Flaggenformate und entsprechende Masth\u00f6hen<\/h3>\n<ul>\n<li>50 x 75 cm \u2013 1 bis 1,5 Meter Fahnenstange<\/li>\n<li>100 x 70 cm \u2013 1 bis 2 Meter Fahnenstange<\/li>\n<li>100 x 150 cm \u2013 2 bis 3 Meter Fahnenstange<\/li>\n<li>120 x 180 cm \u2013 3 bis 4 Meter Fahnenstange<\/li>\n<li>150 x 225 cm \u2013 6 bis 7 Meter Mast<\/li>\n<li>200 x 300 cm \u2013 8 Meter Mast<\/li>\n<\/ul>\n<p>&nbsp;<\/p>\n<h3>Wie lange halten Bannerfahnen?<\/h3>\n<p>Bannerfahnen sind anf\u00e4llig f\u00fcr Verschlei\u00df und m\u00fcssen im Laufe der Zeit ersetzt werden. Der wichtigste Faktor, der die Lebensdauer eines Banners beeinflusst, sind die Wetterbedingungen. Starker Wind l\u00e4sst Ihr Banner zwar sch\u00f6n wehen, verk\u00fcrzt aber auch die Lebensdauer. Vor allem die Kombination aus starkem Wind und Regen sorgt daf\u00fcr, dass Banner schneller verschlei\u00dfen.<\/p>\n<p>Um die Lebensdauer zu verl\u00e4ngern, konfektionieren wir unsere Flaggen mit starken Garnen und versehen sie mit einem Doppelsaum. Dies verringert die Wahrscheinlichkeit eines vorzeitigen Verschlei\u00dfes. Dennoch wird ein Austausch der Banner auf Dauer unvermeidlich sein.<\/p>\n<h3>Faktoren, die die Lebensdauer beeinflussen<\/h3>\n<ul>\n<li><strong>Wetterbedingungen<\/strong> \u2013 Wind und Regen haben einen gro\u00dfen Einfluss auf das Banner.<\/li>\n<li><strong>Standort der Flagge<\/strong> \u2013 Gesch\u00fctzte Pl\u00e4tze verl\u00e4ngern die Lebensdauer.<\/li>\n<li><strong>Gr\u00f6\u00dfe der Flagge<\/strong> \u2013 Gr\u00f6\u00dfere Banner fangen mehr Wind ein, was mehr Spannung auf dem Tuch verursacht.<\/li>\n<li><strong>Gebrauch und Wartung<\/strong> \u2013 Gute Pflege verl\u00e4ngert die Lebensdauer der Bannerfahne erheblich.<\/li>\n<\/ul>\n<p>&nbsp;<\/p>\n<h3>Tipps zur Verl\u00e4ngerung der Lebensdauer Ihrer Flagge<\/h3>\n<ol>\n<li>Holen Sie die Bannerfahne bei schlechtem Wetter herein, besonders bei Windst\u00e4rke 6 oder h\u00f6her.<\/li>\n<li>\u00dcberpr\u00fcfen Sie regelm\u00e4\u00dfig die N\u00e4hte und reparieren Sie gel\u00f6ste Stiche.<\/li>\n<li>Waschen Sie die Flagge bei 30 \u00b0C mit einem Feinwaschmittel, um Schmutzansammlungen zu vermeiden.<\/li>\n<li>Wenn die Bannerfahne bei schlechten Wetterbedingungen st\u00e4ndig drau\u00dfen h\u00e4ngt, kann die Lebensdauer auf drei Monate oder k\u00fcrzer sinken.<\/li>\n<li>Verwenden Sie flexible Mastringe (wie Flagfix), um die Spannung auf dem Banner-Fahnentuch zu reduzieren.<\/li>\n<\/ol>\n<p>&nbsp;<\/p>\n<h3>Wartung f\u00fcr langanhaltende Qualit\u00e4t<\/h3>\n<p>Um die Qualit\u00e4t Ihrer Banner optimal zu erhalten, empfiehlt es sich, Ihre Bannerfahnen bei schlechten Wetterbedingungen (ab Windst\u00e4rke 6) einzuholen. Dies verringert das Risiko von Sch\u00e4den und verl\u00e4ngert die Lebensdauer.<\/p>\n<h3>Wussten Sie, dass Banner gewaschen werden k\u00f6nnen?<\/h3>\n<p>Sie k\u00f6nnen Ihre Bannerfahne ganz einfach in der Waschmaschine bei maximal 30 \u00b0C mit einem Feinwaschmittel reinigen. Dies verhindert, dass sich Schmutz im Tuch festsetzt und l\u00e4sst Ihre Bannerfahne wie neu aussehen.<\/p>\n","protected":false},"excerpt":{"rendered":"<p>Das Banner, auch Hochformatflagge oder Stehfahne genannt, f\u00e4llt durch seine gro\u00dfe Fl\u00e4che auf einen Blick auf. Das Banner wird \u00fcber einen Ausleger geschoben, wodurch es selbst ohne Wind immer gut sichtbar ist. Stellen Sie unten Ihr bedrucktes Banner nach Wunsch zusammen. Mit gestochen scharfem Druck. Eilt es? Wir k\u00f6nnen Ihr Banner bereits innerhalb von 1 Werktag liefern.<\/p>\n","protected":false},"featured_media":14635,"template":"","meta":{"_et_pb_use_builder":"","_et_pb_old_content":"","_et_gb_content_width":""},"product_brand":[],"product_cat":[1001,999],"product_tag":[],"class_list":{"0":"post-14634","1":"product","2":"type-product","3":"status-publish","4":"has-post-thumbnail","6":"product_cat-fassadenfahnen","7":"product_cat-alle-flaggen","9":"first","10":"instock","11":"taxable","12":"shipping-taxable","13":"purchasable","14":"product-type-simple"},"yoast_head":"<!-- This site is optimized with the Yoast SEO plugin v27.3 - https:\/\/yoast.com\/product\/yoast-seo-wordpress\/ -->\n<title>Bannerfahne kaufen \u2013 Bestens sichtbare Flaggen f\u00fcr Ihr Unternehmen<\/title>\n<meta name=\"description\" content=\"Bestellen Sie noch heute Ihre langlebige und gestochen scharfe Bannerfahne mit schneller Lieferung. Nachhaltige Qualit\u00e4t und schneller Versand in ganz Europa.\" \/>\n<meta name=\"robots\" content=\"index, follow, max-snippet:-1, max-image-preview:large, max-video-preview:-1\" \/>\n<link rel=\"canonical\" href=\"https:\/\/www.amstelprinting.nl\/de\/gesch\u00e4ft\/alle-flaggen\/fassadenfahnen\/bannerfahne\/\" \/>\n<meta property=\"og:locale\" content=\"de_DE\" \/>\n<meta property=\"og:type\" content=\"article\" \/>\n<meta property=\"og:title\" content=\"Bannerfahne kaufen \u2013 Bestens sichtbare Flaggen f\u00fcr Ihr Unternehmen\" \/>\n<meta property=\"og:description\" content=\"Bestellen Sie noch heute Ihre langlebige und gestochen scharfe Bannerfahne mit schneller Lieferung. Nachhaltige Qualit\u00e4t und schneller Versand in ganz Europa.\" \/>\n<meta property=\"og:url\" content=\"https:\/\/www.amstelprinting.nl\/de\/gesch\u00e4ft\/alle-flaggen\/fassadenfahnen\/bannerfahne\/\" \/>\n<meta property=\"og:site_name\" content=\"Amstel Printing\" \/>\n<meta property=\"article:modified_time\" content=\"2026-02-18T11:53:56+00:00\" \/>\n<meta property=\"og:image\" content=\"https:\/\/www.amstelprinting.nl\/wp-content\/uploads\/baniervlag-bedrukken.png\" \/>\n\t<meta property=\"og:image:width\" content=\"700\" \/>\n\t<meta property=\"og:image:height\" content=\"700\" \/>\n\t<meta property=\"og:image:type\" content=\"image\/png\" \/>\n<meta name=\"twitter:card\" content=\"summary_large_image\" \/>\n<meta name=\"twitter:label1\" content=\"Gesch\u00e4tzte Lesezeit\" \/>\n\t<meta name=\"twitter:data1\" content=\"4\u00a0Minuten\" \/>\n<script type=\"application\/ld+json\" class=\"yoast-schema-graph\">{\"@context\":\"https:\\\/\\\/schema.org\",\"@graph\":[{\"@type\":\"WebPage\",\"@id\":\"https:\\\/\\\/www.amstelprinting.nl\\\/de\\\/gesch\u00e4ft\\\/alle-flaggen\\\/fassadenfahnen\\\/bannerfahne\\\/\",\"url\":\"https:\\\/\\\/www.amstelprinting.nl\\\/de\\\/gesch\u00e4ft\\\/alle-flaggen\\\/fassadenfahnen\\\/bannerfahne\\\/\",\"name\":\"Bannerfahne kaufen \u2013 Bestens sichtbare Flaggen f\u00fcr Ihr Unternehmen\",\"isPartOf\":{\"@id\":\"https:\\\/\\\/www.amstelprinting.nl\\\/de\\\/#website\"},\"primaryImageOfPage\":{\"@id\":\"https:\\\/\\\/www.amstelprinting.nl\\\/de\\\/gesch\u00e4ft\\\/alle-flaggen\\\/fassadenfahnen\\\/bannerfahne\\\/#primaryimage\"},\"image\":{\"@id\":\"https:\\\/\\\/www.amstelprinting.nl\\\/de\\\/gesch\u00e4ft\\\/alle-flaggen\\\/fassadenfahnen\\\/bannerfahne\\\/#primaryimage\"},\"thumbnailUrl\":\"https:\\\/\\\/www.amstelprinting.nl\\\/wp-content\\\/uploads\\\/baniervlag-bedrukken.png\",\"datePublished\":\"2025-01-24T10:31:05+00:00\",\"dateModified\":\"2026-02-18T11:53:56+00:00\",\"description\":\"Bestellen Sie noch heute Ihre langlebige und gestochen scharfe Bannerfahne mit schneller Lieferung. Nachhaltige Qualit\u00e4t und schneller Versand in ganz Europa.\",\"breadcrumb\":{\"@id\":\"https:\\\/\\\/www.amstelprinting.nl\\\/de\\\/gesch\u00e4ft\\\/alle-flaggen\\\/fassadenfahnen\\\/bannerfahne\\\/#breadcrumb\"},\"inLanguage\":\"de\",\"potentialAction\":[{\"@type\":\"ReadAction\",\"target\":[\"https:\\\/\\\/www.amstelprinting.nl\\\/de\\\/gesch\u00e4ft\\\/alle-flaggen\\\/fassadenfahnen\\\/bannerfahne\\\/\"]}]},{\"@type\":\"ImageObject\",\"inLanguage\":\"de\",\"@id\":\"https:\\\/\\\/www.amstelprinting.nl\\\/de\\\/gesch\u00e4ft\\\/alle-flaggen\\\/fassadenfahnen\\\/bannerfahne\\\/#primaryimage\",\"url\":\"https:\\\/\\\/www.amstelprinting.nl\\\/wp-content\\\/uploads\\\/baniervlag-bedrukken.png\",\"contentUrl\":\"https:\\\/\\\/www.amstelprinting.nl\\\/wp-content\\\/uploads\\\/baniervlag-bedrukken.png\",\"width\":700,\"height\":700},{\"@type\":\"BreadcrumbList\",\"@id\":\"https:\\\/\\\/www.amstelprinting.nl\\\/de\\\/gesch\u00e4ft\\\/alle-flaggen\\\/fassadenfahnen\\\/bannerfahne\\\/#breadcrumb\",\"itemListElement\":[{\"@type\":\"ListItem\",\"position\":1,\"name\":\"\",\"item\":\"https:\\\/\\\/www.amstelprinting.nl\\\/de\\\/\"},{\"@type\":\"ListItem\",\"position\":2,\"name\":\"Amstel Printing\",\"item\":\"https:\\\/\\\/www.amstelprinting.nl\\\/de\\\/geschaeft\\\/\"},{\"@type\":\"ListItem\",\"position\":3,\"name\":\"Flaggen\",\"item\":\"https:\\\/\\\/www.amstelprinting.nl\\\/de\\\/kategorie\\\/alle-flaggen\\\/\"},{\"@type\":\"ListItem\",\"position\":4,\"name\":\"Fassadenfahnen\",\"item\":\"https:\\\/\\\/www.amstelprinting.nl\\\/de\\\/kategorie\\\/alle-flaggen\\\/fassadenfahnen\\\/\"},{\"@type\":\"ListItem\",\"position\":5,\"name\":\"Bannerfahne\"}]},{\"@type\":\"WebSite\",\"@id\":\"https:\\\/\\\/www.amstelprinting.nl\\\/de\\\/#website\",\"url\":\"https:\\\/\\\/www.amstelprinting.nl\\\/de\\\/\",\"name\":\"Amstel Printing\",\"description\":\"Creating Exposure\",\"publisher\":{\"@id\":\"https:\\\/\\\/www.amstelprinting.nl\\\/de\\\/#organization\"},\"potentialAction\":[{\"@type\":\"SearchAction\",\"target\":{\"@type\":\"EntryPoint\",\"urlTemplate\":\"https:\\\/\\\/www.amstelprinting.nl\\\/de\\\/?s={search_term_string}\"},\"query-input\":{\"@type\":\"PropertyValueSpecification\",\"valueRequired\":true,\"valueName\":\"search_term_string\"}}],\"inLanguage\":\"de\"},{\"@type\":\"Organization\",\"@id\":\"https:\\\/\\\/www.amstelprinting.nl\\\/de\\\/#organization\",\"name\":\"Amstel Printing\",\"url\":\"https:\\\/\\\/www.amstelprinting.nl\\\/de\\\/\",\"logo\":{\"@type\":\"ImageObject\",\"inLanguage\":\"de\",\"@id\":\"https:\\\/\\\/www.amstelprinting.nl\\\/de\\\/#\\\/schema\\\/logo\\\/image\\\/\",\"url\":\"https:\\\/\\\/www.amstelprinting.nl\\\/wp-content\\\/uploads\\\/amstel_printing_logo_clean.png\",\"contentUrl\":\"https:\\\/\\\/www.amstelprinting.nl\\\/wp-content\\\/uploads\\\/amstel_printing_logo_clean.png\",\"width\":324,\"height\":73,\"caption\":\"Amstel Printing\"},\"image\":{\"@id\":\"https:\\\/\\\/www.amstelprinting.nl\\\/de\\\/#\\\/schema\\\/logo\\\/image\\\/\"}}]}<\/script>\n<!-- \/ Yoast SEO plugin. -->","yoast_head_json":{"title":"Bannerfahne kaufen \u2013 Bestens sichtbare Flaggen f\u00fcr Ihr Unternehmen","description":"Bestellen Sie noch heute Ihre langlebige und gestochen scharfe Bannerfahne mit schneller Lieferung. Nachhaltige Qualit\u00e4t und schneller Versand in ganz Europa.","robots":{"index":"index","follow":"follow","max-snippet":"max-snippet:-1","max-image-preview":"max-image-preview:large","max-video-preview":"max-video-preview:-1"},"canonical":"https:\/\/www.amstelprinting.nl\/de\/gesch\u00e4ft\/alle-flaggen\/fassadenfahnen\/bannerfahne\/","og_locale":"de_DE","og_type":"article","og_title":"Bannerfahne kaufen \u2013 Bestens sichtbare Flaggen f\u00fcr Ihr Unternehmen","og_description":"Bestellen Sie noch heute Ihre langlebige und gestochen scharfe Bannerfahne mit schneller Lieferung. Nachhaltige Qualit\u00e4t und schneller Versand in ganz Europa.","og_url":"https:\/\/www.amstelprinting.nl\/de\/gesch\u00e4ft\/alle-flaggen\/fassadenfahnen\/bannerfahne\/","og_site_name":"Amstel Printing","article_modified_time":"2026-02-18T11:53:56+00:00","og_image":[{"width":700,"height":700,"url":"https:\/\/www.amstelprinting.nl\/wp-content\/uploads\/baniervlag-bedrukken.png","type":"image\/png"}],"twitter_card":"summary_large_image","twitter_misc":{"Gesch\u00e4tzte Lesezeit":"4\u00a0Minuten"},"schema":{"@context":"https:\/\/schema.org","@graph":[{"@type":"WebPage","@id":"https:\/\/www.amstelprinting.nl\/de\/gesch\u00e4ft\/alle-flaggen\/fassadenfahnen\/bannerfahne\/","url":"https:\/\/www.amstelprinting.nl\/de\/gesch\u00e4ft\/alle-flaggen\/fassadenfahnen\/bannerfahne\/","name":"Bannerfahne kaufen \u2013 Bestens sichtbare Flaggen f\u00fcr Ihr Unternehmen","isPartOf":{"@id":"https:\/\/www.amstelprinting.nl\/de\/#website"},"primaryImageOfPage":{"@id":"https:\/\/www.amstelprinting.nl\/de\/gesch\u00e4ft\/alle-flaggen\/fassadenfahnen\/bannerfahne\/#primaryimage"},"image":{"@id":"https:\/\/www.amstelprinting.nl\/de\/gesch\u00e4ft\/alle-flaggen\/fassadenfahnen\/bannerfahne\/#primaryimage"},"thumbnailUrl":"https:\/\/www.amstelprinting.nl\/wp-content\/uploads\/baniervlag-bedrukken.png","datePublished":"2025-01-24T10:31:05+00:00","dateModified":"2026-02-18T11:53:56+00:00","description":"Bestellen Sie noch heute Ihre langlebige und gestochen scharfe Bannerfahne mit schneller Lieferung. Nachhaltige Qualit\u00e4t und schneller Versand in ganz Europa.","breadcrumb":{"@id":"https:\/\/www.amstelprinting.nl\/de\/gesch\u00e4ft\/alle-flaggen\/fassadenfahnen\/bannerfahne\/#breadcrumb"},"inLanguage":"de","potentialAction":[{"@type":"ReadAction","target":["https:\/\/www.amstelprinting.nl\/de\/gesch\u00e4ft\/alle-flaggen\/fassadenfahnen\/bannerfahne\/"]}]},{"@type":"ImageObject","inLanguage":"de","@id":"https:\/\/www.amstelprinting.nl\/de\/gesch\u00e4ft\/alle-flaggen\/fassadenfahnen\/bannerfahne\/#primaryimage","url":"https:\/\/www.amstelprinting.nl\/wp-content\/uploads\/baniervlag-bedrukken.png","contentUrl":"https:\/\/www.amstelprinting.nl\/wp-content\/uploads\/baniervlag-bedrukken.png","width":700,"height":700},{"@type":"BreadcrumbList","@id":"https:\/\/www.amstelprinting.nl\/de\/gesch\u00e4ft\/alle-flaggen\/fassadenfahnen\/bannerfahne\/#breadcrumb","itemListElement":[{"@type":"ListItem","position":1,"name":"","item":"https:\/\/www.amstelprinting.nl\/de\/"},{"@type":"ListItem","position":2,"name":"Amstel Printing","item":"https:\/\/www.amstelprinting.nl\/de\/geschaeft\/"},{"@type":"ListItem","position":3,"name":"Flaggen","item":"https:\/\/www.amstelprinting.nl\/de\/kategorie\/alle-flaggen\/"},{"@type":"ListItem","position":4,"name":"Fassadenfahnen","item":"https:\/\/www.amstelprinting.nl\/de\/kategorie\/alle-flaggen\/fassadenfahnen\/"},{"@type":"ListItem","position":5,"name":"Bannerfahne"}]},{"@type":"WebSite","@id":"https:\/\/www.amstelprinting.nl\/de\/#website","url":"https:\/\/www.amstelprinting.nl\/de\/","name":"Amstel Printing","description":"Creating Exposure","publisher":{"@id":"https:\/\/www.amstelprinting.nl\/de\/#organization"},"potentialAction":[{"@type":"SearchAction","target":{"@type":"EntryPoint","urlTemplate":"https:\/\/www.amstelprinting.nl\/de\/?s={search_term_string}"},"query-input":{"@type":"PropertyValueSpecification","valueRequired":true,"valueName":"search_term_string"}}],"inLanguage":"de"},{"@type":"Organization","@id":"https:\/\/www.amstelprinting.nl\/de\/#organization","name":"Amstel Printing","url":"https:\/\/www.amstelprinting.nl\/de\/","logo":{"@type":"ImageObject","inLanguage":"de","@id":"https:\/\/www.amstelprinting.nl\/de\/#\/schema\/logo\/image\/","url":"https:\/\/www.amstelprinting.nl\/wp-content\/uploads\/amstel_printing_logo_clean.png","contentUrl":"https:\/\/www.amstelprinting.nl\/wp-content\/uploads\/amstel_printing_logo_clean.png","width":324,"height":73,"caption":"Amstel Printing"},"image":{"@id":"https:\/\/www.amstelprinting.nl\/de\/#\/schema\/logo\/image\/"}}]}},"_links":{"self":[{"href":"https:\/\/www.amstelprinting.nl\/de\/wp-json\/wp\/v2\/product\/14634","targetHints":{"allow":["GET"]}}],"collection":[{"href":"https:\/\/www.amstelprinting.nl\/de\/wp-json\/wp\/v2\/product"}],"about":[{"href":"https:\/\/www.amstelprinting.nl\/de\/wp-json\/wp\/v2\/types\/product"}],"wp:featuredmedia":[{"embeddable":true,"href":"https:\/\/www.amstelprinting.nl\/de\/wp-json\/wp\/v2\/media\/14635"}],"wp:attachment":[{"href":"https:\/\/www.amstelprinting.nl\/de\/wp-json\/wp\/v2\/media?parent=14634"}],"wp:term":[{"taxonomy":"product_brand","embeddable":true,"href":"https:\/\/www.amstelprinting.nl\/de\/wp-json\/wp\/v2\/product_brand?post=14634"},{"taxonomy":"product_cat","embeddable":true,"href":"https:\/\/www.amstelprinting.nl\/de\/wp-json\/wp\/v2\/product_cat?post=14634"},{"taxonomy":"product_tag","embeddable":true,"href":"https:\/\/www.amstelprinting.nl\/de\/wp-json\/wp\/v2\/product_tag?post=14634"}],"curies":[{"name":"wp","href":"https:\/\/api.w.org\/{rel}","templated":true}]}}