{"id":14644,"date":"2025-01-24T11:30:59","date_gmt":"2025-01-24T10:30:59","guid":{"rendered":"https:\/\/www.amstelprinting.nl\/winkel\/unkategorisiert\/mastvlag\/"},"modified":"2026-02-18T12:53:57","modified_gmt":"2026-02-18T11:53:57","slug":"mastflagge","status":"publish","type":"product","link":"https:\/\/www.amstelprinting.nl\/de\/gesch\u00e4ft\/alle-flaggen\/fassadenfahnen\/mastflagge\/","title":{"rendered":"Mastflagge"},"content":{"rendered":"<h3>Modelle und Formate<\/h3>\n<p>Die Mastflagge ist in zwei Modellen erh\u00e4ltlich: Querformat oder Hochformat. Das Querformat ist in sechs verschiedenen Gr\u00f6\u00dfen erh\u00e4ltlich, zus\u00e4tzlich gibt es die Hochformat-Varianten in f\u00fcnf Gr\u00f6\u00dfen.<\/p>\n<h3>Materialien<\/h3>\n<ul>\n<li><strong>Flag<\/strong>: Der Standardstoff f\u00fcr bedruckte Mastflaggen.<\/li>\n<li><strong>Flag PET<\/strong>: Eine umweltfreundliche Wahl, hergestellt aus 100 % recycelten PET-Flaschen.<\/li>\n<li><strong>Longlife<\/strong>: Dieser extra starke Stoff hat eine spezielle Struktur, die das Ausfransen reduziert, was f\u00fcr eine l\u00e4ngere Lebensdauer sorgt.<\/li>\n<\/ul>\n<p>&nbsp;<\/p>\n<h3>Verarbeitung<\/h3>\n<p>Die Mastflagge kann mit einem wei\u00dfen Besatzband mit Haken oder einem schwarzen Besatzband mit Haken konfektioniert werden. Diese Verarbeitung kann an der linken oder rechten Seite Ihrer Mastflagge erfolgen. Au\u00dferdem sind verschiedene Zubeh\u00f6rteile f\u00fcr Ihre Mastflagge erh\u00e4ltlich.<\/p>\n<h3>H\u00e4ufig gestellte Fragen<\/h3>\n<p><strong>Wie erhalte ich die Qualit\u00e4t der Flagge am besten?<br \/>\n<\/strong>F\u00fcr eine optimale Nutzung der Mastflaggen empfiehlt es sich, diese rechtzeitig einzuholen, insbesondere ab Windst\u00e4rke 6. Dies verringert die Schadensgefahr und verl\u00e4ngert die Lebensdauer der Mastflagge.<\/p>\n<p><strong>Wussten Sie, dass Sie die Mastflaggen auch in der Waschmaschine waschen k\u00f6nnen?<br \/>\n<\/strong>Es ist m\u00f6glich, die Mastflaggen bei maximal 30 Grad Celsius zu wassen. Verwenden Sie hierf\u00fcr ausschlie\u00dflich Feinwaschmittel.<\/p>\n<p><strong>Was ist der Unterschied zwischen Flag, Flag PET und Flag Longlife?<br \/>\n<\/strong>Die Flag ist die Standardflagge mit einem klassischen Saum rundherum. Flag PET ist unsere nachhaltige Variante aus 100 % recycelten PET-Flaschen. Flag Longlife franst durch seine grobe Struktur weniger schnell aus. S\u00e4umen ist daher nicht erforderlich.<\/p>\n","protected":false},"excerpt":{"rendered":"<h3>G\u00fcnstige Mastflaggen bedrucken<\/h3>\n<p>Auf der Suche nach einem Eyecatcher, damit Ihr Unternehmen, Ihre Marke oder Ihr Event sofort auff\u00e4llt? Mit unseren Mastflaggen und Ihrem eigenen einzigartigen Design ziehen Sie die Aufmerksamkeit bereits aus gro\u00dfer Entfernung auf sich! Die Mastflagge ist in verschiedenen Modellen und Formaten erh\u00e4ltlich. Versehen mit einem messerscharfen Druck Ihres Designs! Stellen Sie hierunter Ihre Mastflagge in wenigen Schritten zusammen.<\/p>\n","protected":false},"featured_media":14645,"template":"","meta":{"_et_pb_use_builder":"","_et_pb_old_content":"","_et_gb_content_width":""},"product_brand":[],"product_cat":[1001,999],"product_tag":[],"class_list":{"0":"post-14644","1":"product","2":"type-product","3":"status-publish","4":"has-post-thumbnail","6":"product_cat-fassadenfahnen","7":"product_cat-alle-flaggen","9":"first","10":"instock","11":"taxable","12":"shipping-taxable","13":"purchasable","14":"product-type-simple"},"yoast_head":"<!-- This site is optimized with the Yoast SEO plugin v27.3 - https:\/\/yoast.com\/product\/yoast-seo-wordpress\/ -->\n<title>Mastflagge nach Ma\u00df - Nachhaltig &amp; Auffallend | Schnelle Lieferung<\/title>\n<meta name=\"description\" content=\"Ma\u00dfgefertigte Mastflagge einfach bestellen und von superschneller Lieferung innerhalb von 1 Werktag profitieren. Nachhaltige Materialien und verschiedene Formate lieferbar.\" \/>\n<meta name=\"robots\" content=\"index, follow, max-snippet:-1, max-image-preview:large, max-video-preview:-1\" \/>\n<link rel=\"canonical\" href=\"https:\/\/www.amstelprinting.nl\/de\/gesch\u00e4ft\/alle-flaggen\/fassadenfahnen\/mastflagge\/\" \/>\n<meta property=\"og:locale\" content=\"de_DE\" \/>\n<meta property=\"og:type\" content=\"article\" \/>\n<meta property=\"og:title\" content=\"Mastflagge nach Ma\u00df - Nachhaltig &amp; Auffallend | Schnelle Lieferung\" \/>\n<meta property=\"og:description\" content=\"Ma\u00dfgefertigte Mastflagge einfach bestellen und von superschneller Lieferung innerhalb von 1 Werktag profitieren. Nachhaltige Materialien und verschiedene Formate lieferbar.\" \/>\n<meta property=\"og:url\" content=\"https:\/\/www.amstelprinting.nl\/de\/gesch\u00e4ft\/alle-flaggen\/fassadenfahnen\/mastflagge\/\" \/>\n<meta property=\"og:site_name\" content=\"Amstel Printing\" \/>\n<meta property=\"article:modified_time\" content=\"2026-02-18T11:53:57+00:00\" \/>\n<meta property=\"og:image\" content=\"https:\/\/www.amstelprinting.nl\/wp-content\/uploads\/mastvlag-bedrukken.png\" \/>\n\t<meta property=\"og:image:width\" content=\"900\" \/>\n\t<meta property=\"og:image:height\" content=\"900\" \/>\n\t<meta property=\"og:image:type\" content=\"image\/png\" \/>\n<meta name=\"twitter:card\" content=\"summary_large_image\" \/>\n<meta name=\"twitter:label1\" content=\"Gesch\u00e4tzte Lesezeit\" \/>\n\t<meta name=\"twitter:data1\" content=\"1\u00a0Minute\" \/>\n<script type=\"application\/ld+json\" class=\"yoast-schema-graph\">{\"@context\":\"https:\\\/\\\/schema.org\",\"@graph\":[{\"@type\":\"WebPage\",\"@id\":\"https:\\\/\\\/www.amstelprinting.nl\\\/de\\\/gesch\u00e4ft\\\/alle-flaggen\\\/fassadenfahnen\\\/mastflagge\\\/\",\"url\":\"https:\\\/\\\/www.amstelprinting.nl\\\/de\\\/gesch\u00e4ft\\\/alle-flaggen\\\/fassadenfahnen\\\/mastflagge\\\/\",\"name\":\"Mastflagge nach Ma\u00df - Nachhaltig & Auffallend | Schnelle Lieferung\",\"isPartOf\":{\"@id\":\"https:\\\/\\\/www.amstelprinting.nl\\\/de\\\/#website\"},\"primaryImageOfPage\":{\"@id\":\"https:\\\/\\\/www.amstelprinting.nl\\\/de\\\/gesch\u00e4ft\\\/alle-flaggen\\\/fassadenfahnen\\\/mastflagge\\\/#primaryimage\"},\"image\":{\"@id\":\"https:\\\/\\\/www.amstelprinting.nl\\\/de\\\/gesch\u00e4ft\\\/alle-flaggen\\\/fassadenfahnen\\\/mastflagge\\\/#primaryimage\"},\"thumbnailUrl\":\"https:\\\/\\\/www.amstelprinting.nl\\\/wp-content\\\/uploads\\\/mastvlag-bedrukken.png\",\"datePublished\":\"2025-01-24T10:30:59+00:00\",\"dateModified\":\"2026-02-18T11:53:57+00:00\",\"description\":\"Ma\u00dfgefertigte Mastflagge einfach bestellen und von superschneller Lieferung innerhalb von 1 Werktag profitieren. Nachhaltige Materialien und verschiedene Formate lieferbar.\",\"breadcrumb\":{\"@id\":\"https:\\\/\\\/www.amstelprinting.nl\\\/de\\\/gesch\u00e4ft\\\/alle-flaggen\\\/fassadenfahnen\\\/mastflagge\\\/#breadcrumb\"},\"inLanguage\":\"de\",\"potentialAction\":[{\"@type\":\"ReadAction\",\"target\":[\"https:\\\/\\\/www.amstelprinting.nl\\\/de\\\/gesch\u00e4ft\\\/alle-flaggen\\\/fassadenfahnen\\\/mastflagge\\\/\"]}]},{\"@type\":\"ImageObject\",\"inLanguage\":\"de\",\"@id\":\"https:\\\/\\\/www.amstelprinting.nl\\\/de\\\/gesch\u00e4ft\\\/alle-flaggen\\\/fassadenfahnen\\\/mastflagge\\\/#primaryimage\",\"url\":\"https:\\\/\\\/www.amstelprinting.nl\\\/wp-content\\\/uploads\\\/mastvlag-bedrukken.png\",\"contentUrl\":\"https:\\\/\\\/www.amstelprinting.nl\\\/wp-content\\\/uploads\\\/mastvlag-bedrukken.png\",\"width\":900,\"height\":900},{\"@type\":\"BreadcrumbList\",\"@id\":\"https:\\\/\\\/www.amstelprinting.nl\\\/de\\\/gesch\u00e4ft\\\/alle-flaggen\\\/fassadenfahnen\\\/mastflagge\\\/#breadcrumb\",\"itemListElement\":[{\"@type\":\"ListItem\",\"position\":1,\"name\":\"\",\"item\":\"https:\\\/\\\/www.amstelprinting.nl\\\/de\\\/\"},{\"@type\":\"ListItem\",\"position\":2,\"name\":\"Amstel Printing\",\"item\":\"https:\\\/\\\/www.amstelprinting.nl\\\/de\\\/geschaeft\\\/\"},{\"@type\":\"ListItem\",\"position\":3,\"name\":\"Flaggen\",\"item\":\"https:\\\/\\\/www.amstelprinting.nl\\\/de\\\/kategorie\\\/alle-flaggen\\\/\"},{\"@type\":\"ListItem\",\"position\":4,\"name\":\"Fassadenfahnen\",\"item\":\"https:\\\/\\\/www.amstelprinting.nl\\\/de\\\/kategorie\\\/alle-flaggen\\\/fassadenfahnen\\\/\"},{\"@type\":\"ListItem\",\"position\":5,\"name\":\"Mastflagge\"}]},{\"@type\":\"WebSite\",\"@id\":\"https:\\\/\\\/www.amstelprinting.nl\\\/de\\\/#website\",\"url\":\"https:\\\/\\\/www.amstelprinting.nl\\\/de\\\/\",\"name\":\"Amstel Printing\",\"description\":\"Creating Exposure\",\"publisher\":{\"@id\":\"https:\\\/\\\/www.amstelprinting.nl\\\/de\\\/#organization\"},\"potentialAction\":[{\"@type\":\"SearchAction\",\"target\":{\"@type\":\"EntryPoint\",\"urlTemplate\":\"https:\\\/\\\/www.amstelprinting.nl\\\/de\\\/?s={search_term_string}\"},\"query-input\":{\"@type\":\"PropertyValueSpecification\",\"valueRequired\":true,\"valueName\":\"search_term_string\"}}],\"inLanguage\":\"de\"},{\"@type\":\"Organization\",\"@id\":\"https:\\\/\\\/www.amstelprinting.nl\\\/de\\\/#organization\",\"name\":\"Amstel Printing\",\"url\":\"https:\\\/\\\/www.amstelprinting.nl\\\/de\\\/\",\"logo\":{\"@type\":\"ImageObject\",\"inLanguage\":\"de\",\"@id\":\"https:\\\/\\\/www.amstelprinting.nl\\\/de\\\/#\\\/schema\\\/logo\\\/image\\\/\",\"url\":\"https:\\\/\\\/www.amstelprinting.nl\\\/wp-content\\\/uploads\\\/amstel_printing_logo_clean.png\",\"contentUrl\":\"https:\\\/\\\/www.amstelprinting.nl\\\/wp-content\\\/uploads\\\/amstel_printing_logo_clean.png\",\"width\":324,\"height\":73,\"caption\":\"Amstel Printing\"},\"image\":{\"@id\":\"https:\\\/\\\/www.amstelprinting.nl\\\/de\\\/#\\\/schema\\\/logo\\\/image\\\/\"}}]}<\/script>\n<!-- \/ Yoast SEO plugin. -->","yoast_head_json":{"title":"Mastflagge nach Ma\u00df - Nachhaltig & Auffallend | Schnelle Lieferung","description":"Ma\u00dfgefertigte Mastflagge einfach bestellen und von superschneller Lieferung innerhalb von 1 Werktag profitieren. Nachhaltige Materialien und verschiedene Formate lieferbar.","robots":{"index":"index","follow":"follow","max-snippet":"max-snippet:-1","max-image-preview":"max-image-preview:large","max-video-preview":"max-video-preview:-1"},"canonical":"https:\/\/www.amstelprinting.nl\/de\/gesch\u00e4ft\/alle-flaggen\/fassadenfahnen\/mastflagge\/","og_locale":"de_DE","og_type":"article","og_title":"Mastflagge nach Ma\u00df - Nachhaltig & Auffallend | Schnelle Lieferung","og_description":"Ma\u00dfgefertigte Mastflagge einfach bestellen und von superschneller Lieferung innerhalb von 1 Werktag profitieren. Nachhaltige Materialien und verschiedene Formate lieferbar.","og_url":"https:\/\/www.amstelprinting.nl\/de\/gesch\u00e4ft\/alle-flaggen\/fassadenfahnen\/mastflagge\/","og_site_name":"Amstel Printing","article_modified_time":"2026-02-18T11:53:57+00:00","og_image":[{"width":900,"height":900,"url":"https:\/\/www.amstelprinting.nl\/wp-content\/uploads\/mastvlag-bedrukken.png","type":"image\/png"}],"twitter_card":"summary_large_image","twitter_misc":{"Gesch\u00e4tzte Lesezeit":"1\u00a0Minute"},"schema":{"@context":"https:\/\/schema.org","@graph":[{"@type":"WebPage","@id":"https:\/\/www.amstelprinting.nl\/de\/gesch\u00e4ft\/alle-flaggen\/fassadenfahnen\/mastflagge\/","url":"https:\/\/www.amstelprinting.nl\/de\/gesch\u00e4ft\/alle-flaggen\/fassadenfahnen\/mastflagge\/","name":"Mastflagge nach Ma\u00df - Nachhaltig & Auffallend | Schnelle Lieferung","isPartOf":{"@id":"https:\/\/www.amstelprinting.nl\/de\/#website"},"primaryImageOfPage":{"@id":"https:\/\/www.amstelprinting.nl\/de\/gesch\u00e4ft\/alle-flaggen\/fassadenfahnen\/mastflagge\/#primaryimage"},"image":{"@id":"https:\/\/www.amstelprinting.nl\/de\/gesch\u00e4ft\/alle-flaggen\/fassadenfahnen\/mastflagge\/#primaryimage"},"thumbnailUrl":"https:\/\/www.amstelprinting.nl\/wp-content\/uploads\/mastvlag-bedrukken.png","datePublished":"2025-01-24T10:30:59+00:00","dateModified":"2026-02-18T11:53:57+00:00","description":"Ma\u00dfgefertigte Mastflagge einfach bestellen und von superschneller Lieferung innerhalb von 1 Werktag profitieren. Nachhaltige Materialien und verschiedene Formate lieferbar.","breadcrumb":{"@id":"https:\/\/www.amstelprinting.nl\/de\/gesch\u00e4ft\/alle-flaggen\/fassadenfahnen\/mastflagge\/#breadcrumb"},"inLanguage":"de","potentialAction":[{"@type":"ReadAction","target":["https:\/\/www.amstelprinting.nl\/de\/gesch\u00e4ft\/alle-flaggen\/fassadenfahnen\/mastflagge\/"]}]},{"@type":"ImageObject","inLanguage":"de","@id":"https:\/\/www.amstelprinting.nl\/de\/gesch\u00e4ft\/alle-flaggen\/fassadenfahnen\/mastflagge\/#primaryimage","url":"https:\/\/www.amstelprinting.nl\/wp-content\/uploads\/mastvlag-bedrukken.png","contentUrl":"https:\/\/www.amstelprinting.nl\/wp-content\/uploads\/mastvlag-bedrukken.png","width":900,"height":900},{"@type":"BreadcrumbList","@id":"https:\/\/www.amstelprinting.nl\/de\/gesch\u00e4ft\/alle-flaggen\/fassadenfahnen\/mastflagge\/#breadcrumb","itemListElement":[{"@type":"ListItem","position":1,"name":"","item":"https:\/\/www.amstelprinting.nl\/de\/"},{"@type":"ListItem","position":2,"name":"Amstel Printing","item":"https:\/\/www.amstelprinting.nl\/de\/geschaeft\/"},{"@type":"ListItem","position":3,"name":"Flaggen","item":"https:\/\/www.amstelprinting.nl\/de\/kategorie\/alle-flaggen\/"},{"@type":"ListItem","position":4,"name":"Fassadenfahnen","item":"https:\/\/www.amstelprinting.nl\/de\/kategorie\/alle-flaggen\/fassadenfahnen\/"},{"@type":"ListItem","position":5,"name":"Mastflagge"}]},{"@type":"WebSite","@id":"https:\/\/www.amstelprinting.nl\/de\/#website","url":"https:\/\/www.amstelprinting.nl\/de\/","name":"Amstel Printing","description":"Creating Exposure","publisher":{"@id":"https:\/\/www.amstelprinting.nl\/de\/#organization"},"potentialAction":[{"@type":"SearchAction","target":{"@type":"EntryPoint","urlTemplate":"https:\/\/www.amstelprinting.nl\/de\/?s={search_term_string}"},"query-input":{"@type":"PropertyValueSpecification","valueRequired":true,"valueName":"search_term_string"}}],"inLanguage":"de"},{"@type":"Organization","@id":"https:\/\/www.amstelprinting.nl\/de\/#organization","name":"Amstel Printing","url":"https:\/\/www.amstelprinting.nl\/de\/","logo":{"@type":"ImageObject","inLanguage":"de","@id":"https:\/\/www.amstelprinting.nl\/de\/#\/schema\/logo\/image\/","url":"https:\/\/www.amstelprinting.nl\/wp-content\/uploads\/amstel_printing_logo_clean.png","contentUrl":"https:\/\/www.amstelprinting.nl\/wp-content\/uploads\/amstel_printing_logo_clean.png","width":324,"height":73,"caption":"Amstel Printing"},"image":{"@id":"https:\/\/www.amstelprinting.nl\/de\/#\/schema\/logo\/image\/"}}]}},"_links":{"self":[{"href":"https:\/\/www.amstelprinting.nl\/de\/wp-json\/wp\/v2\/product\/14644","targetHints":{"allow":["GET"]}}],"collection":[{"href":"https:\/\/www.amstelprinting.nl\/de\/wp-json\/wp\/v2\/product"}],"about":[{"href":"https:\/\/www.amstelprinting.nl\/de\/wp-json\/wp\/v2\/types\/product"}],"wp:featuredmedia":[{"embeddable":true,"href":"https:\/\/www.amstelprinting.nl\/de\/wp-json\/wp\/v2\/media\/14645"}],"wp:attachment":[{"href":"https:\/\/www.amstelprinting.nl\/de\/wp-json\/wp\/v2\/media?parent=14644"}],"wp:term":[{"taxonomy":"product_brand","embeddable":true,"href":"https:\/\/www.amstelprinting.nl\/de\/wp-json\/wp\/v2\/product_brand?post=14644"},{"taxonomy":"product_cat","embeddable":true,"href":"https:\/\/www.amstelprinting.nl\/de\/wp-json\/wp\/v2\/product_cat?post=14644"},{"taxonomy":"product_tag","embeddable":true,"href":"https:\/\/www.amstelprinting.nl\/de\/wp-json\/wp\/v2\/product_tag?post=14644"}],"curies":[{"name":"wp","href":"https:\/\/api.w.org\/{rel}","templated":true}]}}