{"id":14654,"date":"2025-01-24T11:30:57","date_gmt":"2025-01-24T10:30:57","guid":{"rendered":"https:\/\/www.amstelprinting.nl\/winkel\/unkategorisiert\/gevelvlag\/"},"modified":"2026-02-18T12:53:58","modified_gmt":"2026-02-18T11:53:58","slug":"fassadenfahne","status":"publish","type":"product","link":"https:\/\/www.amstelprinting.nl\/de\/gesch\u00e4ft\/alle-flaggen\/fassadenfahnen\/fassadenfahne\/","title":{"rendered":"Fassadenfahne"},"content":{"rendered":"<h3>Fassadenfahnen bestellen: W\u00e4hlen Sie das richtige Format<\/h3>\n<p>Unsere Fassadenfahnen sind rechteckig und in vier verschiedenen Formaten erh\u00e4ltlich. Achten Sie immer auf ein korrektes Verh\u00e4ltnis zwischen Fahnenstange \/ Fahnenmast und dem Format der Fassadenfahne. Im Folgenden empfehlen wir f\u00fcr jede Fassadenfahne die Fahnenstange oder den Fahnenmast, der sich am besten kombinieren l\u00e4sst.<\/p>\n<ul>\n<li><strong>100 x 70 cm<\/strong> &#8211; f\u00fcr 1 bis 2 Meter Fahnenstangen<\/li>\n<li><strong>150 x 100 cm<\/strong> &#8211; f\u00fcr 2 bis 3 Meter Fahnenstangen<\/li>\n<li><strong>200 x 100 cm<\/strong> &#8211; f\u00fcr 6 Meter hohe Fahnenmasten<\/li>\n<li><strong>225 x 150 cm<\/strong> &#8211; f\u00fcr 6-7 Meter hohe Fahnenmasten<\/li>\n<\/ul>\n<p>&nbsp;<\/p>\n<h3>Materialien<\/h3>\n<p>Wir bieten verschiedene Materialoptionen an, damit Sie immer die richtige Wahl treffen k\u00f6nnen:<\/p>\n<ul>\n<li><strong>Flag<\/strong>: Der Standardstoff f\u00fcr bedruckte Fahnen, perfekt f\u00fcr den allgemeinen Gebrauch.<\/li>\n<li><strong>Flag PET<\/strong>: Eine umweltfreundliche Wahl, hergestellt aus 100 % recycelten PET-Flaschen. Ideal f\u00fcr Unternehmen, die gro\u00dfen Wert auf Nachhaltigkeit legen.<\/li>\n<li><strong>Longlife<\/strong>: Dieser extra starke Stoff hat eine spezielle Struktur, die das Ausfransen reduziert, was f\u00fcr eine deutlich l\u00e4ngere Lebensdauer Ihrer Fahne sorgt.<\/li>\n<\/ul>\n<p>&nbsp;<\/p>\n<h3>Verarbeitungen<\/h3>\n<p>Sie k\u00f6nnen Ihre Fassadenfahne mit einem wei\u00dfen oder schwarzen Band, einer Kordel und einer Schlaufe an der linken oder rechten Seite konfektionieren lassen. Zudem sind verschiedene Zubeh\u00f6rteile erh\u00e4ltlich, um Ihre Fahne noch besser zur Geltung zu bringen.<\/p>\n<h3>H\u00e4ufig gestellte Fragen zu Fassadenfahnen<\/h3>\n<p><strong>Wie erhalte ich die Qualit\u00e4t der Fassadenfahne am besten?<\/strong><br \/>\nF\u00fcr eine optimale Nutzung der Fassadenfahnen empfiehlt es sich, diese rechtzeitig einzuholen, insbesondere ab Windst\u00e4rke 6. So verringert sich das Risiko von Sch\u00e4den und die Fassadenfahne h\u00e4lt l\u00e4nger.<\/p>\n<p><strong>Wussten Sie, dass Sie die Fassadenfahnen auch in der Waschmaschine waschen k\u00f6nnen?<\/strong><br \/>\nEs ist m\u00f6glich, die Fassadenfahnen bei maximal 30 Grad Celsius zu waschen. Verwenden Sie hierf\u00fcr ausschlie\u00dflich Feinwaschmittel.<\/p>\n<p><strong>Was ist der Unterschied zwischen Flag, Flag PET und Flag Longlife?<\/strong><br \/>\nFlag ist die Standardfahne mit einem klassischen Saum rundherum. Flag PET ist unsere nachhaltige Variante aus 100 % recycelten PET-Flaschen. Flag Longlife franst aufgrund seiner groben Struktur weniger schnell aus. Ein S\u00e4umen ist daher nicht erforderlich.<\/p>\n","protected":false},"excerpt":{"rendered":"<h3>Die rechteckige Fahne f\u00fcr die Fassade<\/h3>\n<p>M\u00f6chten Sie in einer belebten Einkaufsstra\u00dfe auffallen oder eine wichtige Botschaft an Passanten vermitteln? Das geht einfach und effektiv mit einer Fassadenfahne! Fassadenfahnen sind ideal f\u00fcr den Einsatz bei Sportveranstaltungen, Messen oder f\u00fcr Unternehmen, die ihre Sichtbarkeit erh\u00f6hen m\u00f6chten.<\/p>\n","protected":false},"featured_media":14655,"template":"","meta":{"_et_pb_use_builder":"","_et_pb_old_content":"","_et_gb_content_width":""},"product_brand":[],"product_cat":[313,1001,999],"product_tag":[],"class_list":{"0":"post-14654","1":"product","2":"type-product","3":"status-publish","4":"has-post-thumbnail","6":"product_cat-aufkleber-und-druck","7":"product_cat-fassadenfahnen","8":"product_cat-alle-flaggen","10":"first","11":"instock","12":"taxable","13":"shipping-taxable","14":"purchasable","15":"product-type-simple"},"yoast_head":"<!-- This site is optimized with the Yoast SEO plugin v27.3 - https:\/\/yoast.com\/product\/yoast-seo-wordpress\/ -->\n<title>Fassadenfahne kaufen - Schnelle Lieferung &amp; langlebige Qualit\u00e4t<\/title>\n<meta name=\"description\" content=\"Bestellen Sie Ihre Fassadenfahne nach Ma\u00df mit einer Auswahl an langlebigen Stoffen und Formaten. Machen Sie Ihre Botschaft an jeder Fassade sichtbar. Lieferung in ganz Europa.\" \/>\n<meta name=\"robots\" content=\"index, follow, max-snippet:-1, max-image-preview:large, max-video-preview:-1\" \/>\n<link rel=\"canonical\" href=\"https:\/\/www.amstelprinting.nl\/de\/gesch\u00e4ft\/alle-flaggen\/fassadenfahnen\/fassadenfahne\/\" \/>\n<meta property=\"og:locale\" content=\"de_DE\" \/>\n<meta property=\"og:type\" content=\"article\" \/>\n<meta property=\"og:title\" content=\"Fassadenfahne kaufen - Schnelle Lieferung &amp; langlebige Qualit\u00e4t\" \/>\n<meta property=\"og:description\" content=\"Bestellen Sie Ihre Fassadenfahne nach Ma\u00df mit einer Auswahl an langlebigen Stoffen und Formaten. Machen Sie Ihre Botschaft an jeder Fassade sichtbar. Lieferung in ganz Europa.\" \/>\n<meta property=\"og:url\" content=\"https:\/\/www.amstelprinting.nl\/de\/gesch\u00e4ft\/alle-flaggen\/fassadenfahnen\/fassadenfahne\/\" \/>\n<meta property=\"og:site_name\" content=\"Amstel Printing\" \/>\n<meta property=\"article:modified_time\" content=\"2026-02-18T11:53:58+00:00\" \/>\n<meta property=\"og:image\" content=\"https:\/\/www.amstelprinting.nl\/wp-content\/uploads\/gevelvlag-bedrukken-1.png\" \/>\n\t<meta property=\"og:image:width\" content=\"900\" \/>\n\t<meta property=\"og:image:height\" content=\"900\" \/>\n\t<meta property=\"og:image:type\" content=\"image\/png\" \/>\n<meta name=\"twitter:card\" content=\"summary_large_image\" \/>\n<meta name=\"twitter:label1\" content=\"Gesch\u00e4tzte Lesezeit\" \/>\n\t<meta name=\"twitter:data1\" content=\"2\u00a0Minuten\" \/>\n<script type=\"application\/ld+json\" class=\"yoast-schema-graph\">{\"@context\":\"https:\\\/\\\/schema.org\",\"@graph\":[{\"@type\":\"WebPage\",\"@id\":\"https:\\\/\\\/www.amstelprinting.nl\\\/de\\\/gesch\u00e4ft\\\/alle-flaggen\\\/fassadenfahnen\\\/fassadenfahne\\\/\",\"url\":\"https:\\\/\\\/www.amstelprinting.nl\\\/de\\\/gesch\u00e4ft\\\/alle-flaggen\\\/fassadenfahnen\\\/fassadenfahne\\\/\",\"name\":\"Fassadenfahne kaufen - Schnelle Lieferung & langlebige Qualit\u00e4t\",\"isPartOf\":{\"@id\":\"https:\\\/\\\/www.amstelprinting.nl\\\/de\\\/#website\"},\"primaryImageOfPage\":{\"@id\":\"https:\\\/\\\/www.amstelprinting.nl\\\/de\\\/gesch\u00e4ft\\\/alle-flaggen\\\/fassadenfahnen\\\/fassadenfahne\\\/#primaryimage\"},\"image\":{\"@id\":\"https:\\\/\\\/www.amstelprinting.nl\\\/de\\\/gesch\u00e4ft\\\/alle-flaggen\\\/fassadenfahnen\\\/fassadenfahne\\\/#primaryimage\"},\"thumbnailUrl\":\"https:\\\/\\\/www.amstelprinting.nl\\\/wp-content\\\/uploads\\\/gevelvlag-bedrukken-1.png\",\"datePublished\":\"2025-01-24T10:30:57+00:00\",\"dateModified\":\"2026-02-18T11:53:58+00:00\",\"description\":\"Bestellen Sie Ihre Fassadenfahne nach Ma\u00df mit einer Auswahl an langlebigen Stoffen und Formaten. Machen Sie Ihre Botschaft an jeder Fassade sichtbar. Lieferung in ganz Europa.\",\"breadcrumb\":{\"@id\":\"https:\\\/\\\/www.amstelprinting.nl\\\/de\\\/gesch\u00e4ft\\\/alle-flaggen\\\/fassadenfahnen\\\/fassadenfahne\\\/#breadcrumb\"},\"inLanguage\":\"de\",\"potentialAction\":[{\"@type\":\"ReadAction\",\"target\":[\"https:\\\/\\\/www.amstelprinting.nl\\\/de\\\/gesch\u00e4ft\\\/alle-flaggen\\\/fassadenfahnen\\\/fassadenfahne\\\/\"]}]},{\"@type\":\"ImageObject\",\"inLanguage\":\"de\",\"@id\":\"https:\\\/\\\/www.amstelprinting.nl\\\/de\\\/gesch\u00e4ft\\\/alle-flaggen\\\/fassadenfahnen\\\/fassadenfahne\\\/#primaryimage\",\"url\":\"https:\\\/\\\/www.amstelprinting.nl\\\/wp-content\\\/uploads\\\/gevelvlag-bedrukken-1.png\",\"contentUrl\":\"https:\\\/\\\/www.amstelprinting.nl\\\/wp-content\\\/uploads\\\/gevelvlag-bedrukken-1.png\",\"width\":900,\"height\":900},{\"@type\":\"BreadcrumbList\",\"@id\":\"https:\\\/\\\/www.amstelprinting.nl\\\/de\\\/gesch\u00e4ft\\\/alle-flaggen\\\/fassadenfahnen\\\/fassadenfahne\\\/#breadcrumb\",\"itemListElement\":[{\"@type\":\"ListItem\",\"position\":1,\"name\":\"\",\"item\":\"https:\\\/\\\/www.amstelprinting.nl\\\/de\\\/\"},{\"@type\":\"ListItem\",\"position\":2,\"name\":\"Amstel Printing\",\"item\":\"https:\\\/\\\/www.amstelprinting.nl\\\/de\\\/geschaeft\\\/\"},{\"@type\":\"ListItem\",\"position\":3,\"name\":\"Flaggen\",\"item\":\"https:\\\/\\\/www.amstelprinting.nl\\\/de\\\/kategorie\\\/alle-flaggen\\\/\"},{\"@type\":\"ListItem\",\"position\":4,\"name\":\"Fassadenfahnen\",\"item\":\"https:\\\/\\\/www.amstelprinting.nl\\\/de\\\/kategorie\\\/alle-flaggen\\\/fassadenfahnen\\\/\"},{\"@type\":\"ListItem\",\"position\":5,\"name\":\"Fassadenfahne\"}]},{\"@type\":\"WebSite\",\"@id\":\"https:\\\/\\\/www.amstelprinting.nl\\\/de\\\/#website\",\"url\":\"https:\\\/\\\/www.amstelprinting.nl\\\/de\\\/\",\"name\":\"Amstel Printing\",\"description\":\"Creating Exposure\",\"publisher\":{\"@id\":\"https:\\\/\\\/www.amstelprinting.nl\\\/de\\\/#organization\"},\"potentialAction\":[{\"@type\":\"SearchAction\",\"target\":{\"@type\":\"EntryPoint\",\"urlTemplate\":\"https:\\\/\\\/www.amstelprinting.nl\\\/de\\\/?s={search_term_string}\"},\"query-input\":{\"@type\":\"PropertyValueSpecification\",\"valueRequired\":true,\"valueName\":\"search_term_string\"}}],\"inLanguage\":\"de\"},{\"@type\":\"Organization\",\"@id\":\"https:\\\/\\\/www.amstelprinting.nl\\\/de\\\/#organization\",\"name\":\"Amstel Printing\",\"url\":\"https:\\\/\\\/www.amstelprinting.nl\\\/de\\\/\",\"logo\":{\"@type\":\"ImageObject\",\"inLanguage\":\"de\",\"@id\":\"https:\\\/\\\/www.amstelprinting.nl\\\/de\\\/#\\\/schema\\\/logo\\\/image\\\/\",\"url\":\"https:\\\/\\\/www.amstelprinting.nl\\\/wp-content\\\/uploads\\\/amstel_printing_logo_clean.png\",\"contentUrl\":\"https:\\\/\\\/www.amstelprinting.nl\\\/wp-content\\\/uploads\\\/amstel_printing_logo_clean.png\",\"width\":324,\"height\":73,\"caption\":\"Amstel Printing\"},\"image\":{\"@id\":\"https:\\\/\\\/www.amstelprinting.nl\\\/de\\\/#\\\/schema\\\/logo\\\/image\\\/\"}}]}<\/script>\n<!-- \/ Yoast SEO plugin. -->","yoast_head_json":{"title":"Fassadenfahne kaufen - Schnelle Lieferung & langlebige Qualit\u00e4t","description":"Bestellen Sie Ihre Fassadenfahne nach Ma\u00df mit einer Auswahl an langlebigen Stoffen und Formaten. Machen Sie Ihre Botschaft an jeder Fassade sichtbar. Lieferung in ganz Europa.","robots":{"index":"index","follow":"follow","max-snippet":"max-snippet:-1","max-image-preview":"max-image-preview:large","max-video-preview":"max-video-preview:-1"},"canonical":"https:\/\/www.amstelprinting.nl\/de\/gesch\u00e4ft\/alle-flaggen\/fassadenfahnen\/fassadenfahne\/","og_locale":"de_DE","og_type":"article","og_title":"Fassadenfahne kaufen - Schnelle Lieferung & langlebige Qualit\u00e4t","og_description":"Bestellen Sie Ihre Fassadenfahne nach Ma\u00df mit einer Auswahl an langlebigen Stoffen und Formaten. Machen Sie Ihre Botschaft an jeder Fassade sichtbar. Lieferung in ganz Europa.","og_url":"https:\/\/www.amstelprinting.nl\/de\/gesch\u00e4ft\/alle-flaggen\/fassadenfahnen\/fassadenfahne\/","og_site_name":"Amstel Printing","article_modified_time":"2026-02-18T11:53:58+00:00","og_image":[{"width":900,"height":900,"url":"https:\/\/www.amstelprinting.nl\/wp-content\/uploads\/gevelvlag-bedrukken-1.png","type":"image\/png"}],"twitter_card":"summary_large_image","twitter_misc":{"Gesch\u00e4tzte Lesezeit":"2\u00a0Minuten"},"schema":{"@context":"https:\/\/schema.org","@graph":[{"@type":"WebPage","@id":"https:\/\/www.amstelprinting.nl\/de\/gesch\u00e4ft\/alle-flaggen\/fassadenfahnen\/fassadenfahne\/","url":"https:\/\/www.amstelprinting.nl\/de\/gesch\u00e4ft\/alle-flaggen\/fassadenfahnen\/fassadenfahne\/","name":"Fassadenfahne kaufen - Schnelle Lieferung & langlebige Qualit\u00e4t","isPartOf":{"@id":"https:\/\/www.amstelprinting.nl\/de\/#website"},"primaryImageOfPage":{"@id":"https:\/\/www.amstelprinting.nl\/de\/gesch\u00e4ft\/alle-flaggen\/fassadenfahnen\/fassadenfahne\/#primaryimage"},"image":{"@id":"https:\/\/www.amstelprinting.nl\/de\/gesch\u00e4ft\/alle-flaggen\/fassadenfahnen\/fassadenfahne\/#primaryimage"},"thumbnailUrl":"https:\/\/www.amstelprinting.nl\/wp-content\/uploads\/gevelvlag-bedrukken-1.png","datePublished":"2025-01-24T10:30:57+00:00","dateModified":"2026-02-18T11:53:58+00:00","description":"Bestellen Sie Ihre Fassadenfahne nach Ma\u00df mit einer Auswahl an langlebigen Stoffen und Formaten. Machen Sie Ihre Botschaft an jeder Fassade sichtbar. Lieferung in ganz Europa.","breadcrumb":{"@id":"https:\/\/www.amstelprinting.nl\/de\/gesch\u00e4ft\/alle-flaggen\/fassadenfahnen\/fassadenfahne\/#breadcrumb"},"inLanguage":"de","potentialAction":[{"@type":"ReadAction","target":["https:\/\/www.amstelprinting.nl\/de\/gesch\u00e4ft\/alle-flaggen\/fassadenfahnen\/fassadenfahne\/"]}]},{"@type":"ImageObject","inLanguage":"de","@id":"https:\/\/www.amstelprinting.nl\/de\/gesch\u00e4ft\/alle-flaggen\/fassadenfahnen\/fassadenfahne\/#primaryimage","url":"https:\/\/www.amstelprinting.nl\/wp-content\/uploads\/gevelvlag-bedrukken-1.png","contentUrl":"https:\/\/www.amstelprinting.nl\/wp-content\/uploads\/gevelvlag-bedrukken-1.png","width":900,"height":900},{"@type":"BreadcrumbList","@id":"https:\/\/www.amstelprinting.nl\/de\/gesch\u00e4ft\/alle-flaggen\/fassadenfahnen\/fassadenfahne\/#breadcrumb","itemListElement":[{"@type":"ListItem","position":1,"name":"","item":"https:\/\/www.amstelprinting.nl\/de\/"},{"@type":"ListItem","position":2,"name":"Amstel Printing","item":"https:\/\/www.amstelprinting.nl\/de\/geschaeft\/"},{"@type":"ListItem","position":3,"name":"Flaggen","item":"https:\/\/www.amstelprinting.nl\/de\/kategorie\/alle-flaggen\/"},{"@type":"ListItem","position":4,"name":"Fassadenfahnen","item":"https:\/\/www.amstelprinting.nl\/de\/kategorie\/alle-flaggen\/fassadenfahnen\/"},{"@type":"ListItem","position":5,"name":"Fassadenfahne"}]},{"@type":"WebSite","@id":"https:\/\/www.amstelprinting.nl\/de\/#website","url":"https:\/\/www.amstelprinting.nl\/de\/","name":"Amstel Printing","description":"Creating Exposure","publisher":{"@id":"https:\/\/www.amstelprinting.nl\/de\/#organization"},"potentialAction":[{"@type":"SearchAction","target":{"@type":"EntryPoint","urlTemplate":"https:\/\/www.amstelprinting.nl\/de\/?s={search_term_string}"},"query-input":{"@type":"PropertyValueSpecification","valueRequired":true,"valueName":"search_term_string"}}],"inLanguage":"de"},{"@type":"Organization","@id":"https:\/\/www.amstelprinting.nl\/de\/#organization","name":"Amstel Printing","url":"https:\/\/www.amstelprinting.nl\/de\/","logo":{"@type":"ImageObject","inLanguage":"de","@id":"https:\/\/www.amstelprinting.nl\/de\/#\/schema\/logo\/image\/","url":"https:\/\/www.amstelprinting.nl\/wp-content\/uploads\/amstel_printing_logo_clean.png","contentUrl":"https:\/\/www.amstelprinting.nl\/wp-content\/uploads\/amstel_printing_logo_clean.png","width":324,"height":73,"caption":"Amstel Printing"},"image":{"@id":"https:\/\/www.amstelprinting.nl\/de\/#\/schema\/logo\/image\/"}}]}},"_links":{"self":[{"href":"https:\/\/www.amstelprinting.nl\/de\/wp-json\/wp\/v2\/product\/14654","targetHints":{"allow":["GET"]}}],"collection":[{"href":"https:\/\/www.amstelprinting.nl\/de\/wp-json\/wp\/v2\/product"}],"about":[{"href":"https:\/\/www.amstelprinting.nl\/de\/wp-json\/wp\/v2\/types\/product"}],"wp:featuredmedia":[{"embeddable":true,"href":"https:\/\/www.amstelprinting.nl\/de\/wp-json\/wp\/v2\/media\/14655"}],"wp:attachment":[{"href":"https:\/\/www.amstelprinting.nl\/de\/wp-json\/wp\/v2\/media?parent=14654"}],"wp:term":[{"taxonomy":"product_brand","embeddable":true,"href":"https:\/\/www.amstelprinting.nl\/de\/wp-json\/wp\/v2\/product_brand?post=14654"},{"taxonomy":"product_cat","embeddable":true,"href":"https:\/\/www.amstelprinting.nl\/de\/wp-json\/wp\/v2\/product_cat?post=14654"},{"taxonomy":"product_tag","embeddable":true,"href":"https:\/\/www.amstelprinting.nl\/de\/wp-json\/wp\/v2\/product_tag?post=14654"}],"curies":[{"name":"wp","href":"https:\/\/api.w.org\/{rel}","templated":true}]}}